{"id":777,"date":"2020-11-03T17:52:28","date_gmt":"2020-11-03T22:52:28","guid":{"rendered":"https:\/\/supcom.standardof.net\/?page_id=777"},"modified":"2020-11-04T20:04:44","modified_gmt":"2020-11-05T01:04:44","slug":"tech-1-aeon-naval-units","status":"publish","type":"page","link":"https:\/\/supcom.standardof.net\/cs\/supreme-commander\/aeon-2\/tech-1-aeon-namorni-jednotky\/","title":{"rendered":"Tech 1 - Aeon Naval Units"},"content":{"rendered":"<div class=\"wp-block-uagb-table-of-contents uagb-toc__align-left uagb-toc__columns-1  uagb-block-a9844605\"\n\t\t\t\t\tdata-scroll= \"1\"\n\t\t\t\t\tdata-offset= \"30\"\n\t\t\t\t\tstyle=\"\"\n\t\t\t\t>\n\t\t\t\t<div class=\"uagb-toc__wrap\">\n\t\t\t\t\t\t<div class=\"uagb-toc__title\">\n\t\t\t\t\t\t\tN\u00e1mo\u0159n\u00ed jednotky Aeon Tech 1:\t\t\t\t\t\t<\/div>\n\t\t\t\t\t\t\t\t\t\t\t\t\t\t\t\t<div class=\"uagb-toc__list-wrap\">\n\t\t\t\t\t\t<ol class=\"uagb-toc__list\"><li class=\"uagb-toc__list\"><a href=\"#shard-attack-boat\" class=\"uagb-toc-link__trigger\">SHARD - \u00daTO\u010cN\u00c1 LOD\u011a<\/a><li class=\"uagb-toc__list\"><a href=\"#sylph-attack-submarine\" class=\"uagb-toc-link__trigger\">SYLPH - \u00daTO\u010cN\u00c1 SUBMARINE<\/a><li class=\"uagb-toc__list\"><a href=\"#beacon-class-frigate\" class=\"uagb-toc-link__trigger\">FR\u00c9ZA T\u0158\u00cdDY BEACON<\/a><\/ol>\t\t\t\t\t<\/div>\n\t\t\t\t\t\t\t\t\t<\/div>\n\t\t\t\t<\/div>\n\t\t\t\n\n\n<section class=\"wp-block-uagb-columns uagb-columns__wrap uagb-columns__background-undefined uagb-columns__stack-mobile uagb-columns__valign-undefined uagb-columns__gap-10 alignundefined uagb-block-a69db314\"><div class=\"uagb-columns__overlay\"><\/div><div class=\"uagb-columns__inner-wrap uagb-columns__columns-1\">\n<div class=\"wp-block-uagb-column uagb-column__wrap uagb-column__background-undefined uagb-block-67f32a2a\"><div class=\"uagb-column__overlay\"><\/div><div class=\"uagb-column__inner-wrap\">\n<h2 class=\"wp-block-heading\"><strong>ST\u0158EP <\/strong>- \u00daTO\u010cN\u00c1 LO\u010e<\/h2>\n\n\n\n<p>Unik\u00e1tn\u00ed jednotka Aeon, Attack Boat, je rozhodn\u011b podce\u0148ov\u00e1na. Jsou levn\u00e9, nepot\u0159ebujete je, pokud v\u00e1\u0161 protivn\u00edk nem\u00e1 leteck\u00e9 jednotky, dok\u00e1\u017eou docela dob\u0159e vz\u00edt torp\u00e9da ur\u010den\u00e1 pro va\u0161e dal\u0161\u00ed lod\u011b a jsou tak\u00e9 dobr\u00fdmi skauty. Po\u010dkejte, a\u017e je budete stav\u011bt, dokud nebudete v\u011bd\u011bt, \u017ee je budete pot\u0159ebovat - va\u0161e st\u00edha\u010de by m\u011bly b\u00fdt schopny zadr\u017eet nep\u0159\u00e1telsk\u00e9 bombard\u00e9ry, dokud nevysta\u010d\u00edte a nevy\u010derp\u00e1te \u00fato\u010dn\u00e9 \u010dluny, abyste odrazili bitevn\u00ed k\u0159i\u017en\u00edky.<\/p>\n\n\n\n<div class=\"wp-block-image\"><figure class=\"aligncenter size-large\"><a href=\"https:\/\/supcom.standardof.net\/cs\/supreme-commander\/aeon-2\/tech-1-aeon-namorni-jednotky\/shard-attack-boat-supreme-commander-aeon-tech-1-naval-units\/\"><img decoding=\"async\" width=\"789\" height=\"555\" src=\"https:\/\/supcom.standardof.net\/wp-content\/uploads\/sites\/8\/2020\/11\/SHARD-ATTACK-BOAT-Supreme-Commander-Aeon-Tech-1-Naval-Units.jpg\" alt=\"The Shard Attack Boat, Aeon Tech 1 Naval Unit in Supreme Commander.\" class=\"wp-image-1027\" srcset=\"https:\/\/supcom.standardof.net\/wp-content\/uploads\/sites\/8\/2020\/11\/SHARD-ATTACK-BOAT-Supreme-Commander-Aeon-Tech-1-Naval-Units.jpg 789w, https:\/\/supcom.standardof.net\/wp-content\/uploads\/sites\/8\/2020\/11\/SHARD-ATTACK-BOAT-Supreme-Commander-Aeon-Tech-1-Naval-Units-512x360.jpg 512w, https:\/\/supcom.standardof.net\/wp-content\/uploads\/sites\/8\/2020\/11\/SHARD-ATTACK-BOAT-Supreme-Commander-Aeon-Tech-1-Naval-Units-200x141.jpg 200w, https:\/\/supcom.standardof.net\/wp-content\/uploads\/sites\/8\/2020\/11\/SHARD-ATTACK-BOAT-Supreme-Commander-Aeon-Tech-1-Naval-Units-768x540.jpg 768w, https:\/\/supcom.standardof.net\/wp-content\/uploads\/sites\/8\/2020\/11\/SHARD-ATTACK-BOAT-Supreme-Commander-Aeon-Tech-1-Naval-Units-16x12.jpg 16w\" sizes=\"(max-width: 789px) 100vw, 789px\" \/><\/a><figcaption>SHARD - \u00daTO\u010cN\u00c1 LOD\u011a<\/figcaption><\/figure><\/div>\n\n\n\n<section class=\"wp-block-uagb-columns uagb-columns__wrap uagb-columns__background-undefined uagb-columns__stack-mobile uagb-columns__valign-undefined uagb-columns__gap-10 alignundefined uagb-block-41127ed9\"><div class=\"uagb-columns__overlay\"><\/div><div class=\"uagb-columns__inner-wrap uagb-columns__columns-2\">\n<div class=\"wp-block-uagb-column uagb-column__wrap uagb-column__background-undefined uagb-block-f242b981\"><div class=\"uagb-column__overlay\"><\/div><div class=\"uagb-column__inner-wrap\">\n<h3 class=\"wp-block-heading\">Statistiky st\u0159ep\u016f<\/h3>\n\n\n\n<p>Brn\u011bn\u00ed: 750 hp<br>Schopnosti: Anti-Air<br>Cena: M120, E1200, T400<br>Intel: pohled: 32 (625 m)<br>Fyzika:<br>- maxim\u00e1ln\u00ed rychlost: 6,8 (133 m \/ s),<br>- rychlost ot\u00e1\u010den\u00ed: 50<br>Veterancy: 5, 10, 25, 50, 100 zabit\u00ed<br>- \u00farove\u0148 veter\u00e1n\u016f 2: +188 k<br>- \u00farove\u0148 veter\u00e1n\u016f 4: +188 k<br>- \u00farove\u0148 veter\u00e1n\u016f 5: oprava 3 hp \/ s<\/p>\n<\/div><\/div>\n\n\n\n<div class=\"wp-block-uagb-column uagb-column__wrap uagb-column__background-undefined uagb-block-486885b6\"><div class=\"uagb-column__overlay\"><\/div><div class=\"uagb-column__inner-wrap\">\n<h3 class=\"wp-block-heading\">St\u0159epinov\u00e9 zbran\u011b<\/h3>\n\n\n\n<p>Akustick\u00e1 pulzn\u00ed baterie (proti vzduchu):<br>18,00 dps<br>dosah: 48 (938 m)<br>st\u0159eln\u00e1 zbra\u0148: 9 po\u0161kozen\u00ed<br>rychlost st\u0159elby: 2 (ka\u017ed\u00fdch 0,5 s)<br>\u00farove\u0148 veter\u00e1n\u016f 1: +2 po\u0161kozen\u00ed<br>\u00farove\u0148 veter\u00e1n\u016f 3: +2 po\u0161kozen\u00ed<\/p>\n<\/div><\/div>\n<\/div><\/section>\n<\/div><\/div>\n<\/div><\/section>\n\n\n\n<section class=\"wp-block-uagb-columns uagb-columns__wrap uagb-columns__background-undefined uagb-columns__stack-mobile uagb-columns__valign-undefined uagb-columns__gap-10 alignundefined uagb-block-40ab6f9b\"><div class=\"uagb-columns__overlay\"><\/div><div class=\"uagb-columns__inner-wrap uagb-columns__columns-1\">\n<div class=\"wp-block-uagb-column uagb-column__wrap uagb-column__background-undefined uagb-block-165261ab\"><div class=\"uagb-column__overlay\"><\/div><div class=\"uagb-column__inner-wrap\">\n<h2 class=\"wp-block-heading\"><strong>SYLPH <\/strong>- \u00daTO\u010cN\u00c1 SUBMARINE<\/h2>\n\n\n\n<p>Sub Aeon je brut\u00e1ln\u00ed. Jeho torp\u00e9da zp\u016fsobuj\u00ed dobr\u00e9 po\u0161kozen\u00ed, jsou levn\u011bj\u0161\u00ed ne\u017e ponorky ostatn\u00edch frakc\u00ed a m\u00e1 mal\u00fd rozsah sonar\u016f, kter\u00e9 lze spustit. Samoz\u0159ejm\u011b nem\u016f\u017ee na povrch nic za\u00fato\u010dit, ale proto jste je nepostavili. Bu\u010fte \u0161\u0165astn\u00ed, \u017ee d\u00edky va\u0161\u00ed efektivit\u011b m\u00e1te vynikaj\u00edc\u00ed protiv\u00e1le\u010dn\u00e9 schopnosti.<\/p>\n\n\n\n<figure class=\"wp-block-gallery aligncenter columns-2 is-cropped wp-block-gallery-1 is-layout-flex wp-block-gallery-is-layout-flex\"><ul class=\"blocks-gallery-grid\"><li class=\"blocks-gallery-item\"><figure><a href=\"https:\/\/supcom.standardof.net\/cs\/supreme-commander\/aeon-2\/tech-1-aeon-namorni-jednotky\/sylph-attack-submarine-supreme-commander-aeon-tech-1-naval-units\/\"><img decoding=\"async\" width=\"800\" height=\"490\" src=\"https:\/\/supcom.standardof.net\/wp-content\/uploads\/sites\/8\/2020\/11\/SYLPH-ATTACK-SUBMARINE-Supreme-Commander-Aeon-Tech-1-Naval-Units-800x490.jpg\" alt=\"Sylph Attack Submarine, Aeon Tech 1 Naval Unit in Supreme Commander.\" data-id=\"1025\" data-full-url=\"https:\/\/supcom.standardof.net\/wp-content\/uploads\/sites\/8\/2020\/11\/SYLPH-ATTACK-SUBMARINE-Supreme-Commander-Aeon-Tech-1-Naval-Units.jpg\" data-link=\"https:\/\/supcom.standardof.net\/supreme-commander\/aeon\/tech-1-aeon-naval-units\/sylph-attack-submarine-supreme-commander-aeon-tech-1-naval-units\/\" class=\"wp-image-1025\" srcset=\"https:\/\/supcom.standardof.net\/wp-content\/uploads\/sites\/8\/2020\/11\/SYLPH-ATTACK-SUBMARINE-Supreme-Commander-Aeon-Tech-1-Naval-Units-800x490.jpg 800w, https:\/\/supcom.standardof.net\/wp-content\/uploads\/sites\/8\/2020\/11\/SYLPH-ATTACK-SUBMARINE-Supreme-Commander-Aeon-Tech-1-Naval-Units-512x314.jpg 512w, https:\/\/supcom.standardof.net\/wp-content\/uploads\/sites\/8\/2020\/11\/SYLPH-ATTACK-SUBMARINE-Supreme-Commander-Aeon-Tech-1-Naval-Units-200x123.jpg 200w, https:\/\/supcom.standardof.net\/wp-content\/uploads\/sites\/8\/2020\/11\/SYLPH-ATTACK-SUBMARINE-Supreme-Commander-Aeon-Tech-1-Naval-Units-768x471.jpg 768w, https:\/\/supcom.standardof.net\/wp-content\/uploads\/sites\/8\/2020\/11\/SYLPH-ATTACK-SUBMARINE-Supreme-Commander-Aeon-Tech-1-Naval-Units-16x10.jpg 16w, https:\/\/supcom.standardof.net\/wp-content\/uploads\/sites\/8\/2020\/11\/SYLPH-ATTACK-SUBMARINE-Supreme-Commander-Aeon-Tech-1-Naval-Units.jpg 891w\" sizes=\"(max-width: 800px) 100vw, 800px\" \/><\/a><figcaption class=\"blocks-gallery-item__caption\">SYLPH - \u00daTO\u010cN\u00c1 SUBMARINE<\/figcaption><\/figure><\/li><li class=\"blocks-gallery-item\"><figure><a href=\"https:\/\/supcom.standardof.net\/cs\/supreme-commander\/aeon-2\/tech-1-aeon-namorni-jednotky\/sylph-attack-submarine-submerged-supreme-commander-aeon-tech-1-naval-units\/\"><img decoding=\"async\" width=\"741\" height=\"486\" src=\"https:\/\/supcom.standardof.net\/wp-content\/uploads\/sites\/8\/2020\/11\/SYLPH-ATTACK-SUBMARINE-Submerged-Supreme-Commander-Aeon-Tech-1-Naval-Units.jpg\" alt=\"Sylph Attack Submarine (Submerged), Aeon Tech 1 Naval Unit in Supreme Commander.\" data-id=\"1028\" data-full-url=\"https:\/\/supcom.standardof.net\/wp-content\/uploads\/sites\/8\/2020\/11\/SYLPH-ATTACK-SUBMARINE-Submerged-Supreme-Commander-Aeon-Tech-1-Naval-Units.jpg\" data-link=\"https:\/\/supcom.standardof.net\/supreme-commander\/aeon\/tech-1-aeon-naval-units\/sylph-attack-submarine-submerged-supreme-commander-aeon-tech-1-naval-units\/\" class=\"wp-image-1028\" srcset=\"https:\/\/supcom.standardof.net\/wp-content\/uploads\/sites\/8\/2020\/11\/SYLPH-ATTACK-SUBMARINE-Submerged-Supreme-Commander-Aeon-Tech-1-Naval-Units.jpg 741w, https:\/\/supcom.standardof.net\/wp-content\/uploads\/sites\/8\/2020\/11\/SYLPH-ATTACK-SUBMARINE-Submerged-Supreme-Commander-Aeon-Tech-1-Naval-Units-512x336.jpg 512w, https:\/\/supcom.standardof.net\/wp-content\/uploads\/sites\/8\/2020\/11\/SYLPH-ATTACK-SUBMARINE-Submerged-Supreme-Commander-Aeon-Tech-1-Naval-Units-200x131.jpg 200w, https:\/\/supcom.standardof.net\/wp-content\/uploads\/sites\/8\/2020\/11\/SYLPH-ATTACK-SUBMARINE-Submerged-Supreme-Commander-Aeon-Tech-1-Naval-Units-16x10.jpg 16w\" sizes=\"(max-width: 741px) 100vw, 741px\" \/><\/a><figcaption class=\"blocks-gallery-item__caption\">SYLPH - \u00daTO\u010cN\u00c1 SUBMARINE (pono\u0159en\u00e1)<\/figcaption><\/figure><\/li><\/ul><\/figure>\n\n\n\n<section class=\"wp-block-uagb-columns uagb-columns__wrap uagb-columns__background-undefined uagb-columns__stack-mobile uagb-columns__valign-undefined uagb-columns__gap-10 alignundefined uagb-block-f8bc72fe\"><div class=\"uagb-columns__overlay\"><\/div><div class=\"uagb-columns__inner-wrap uagb-columns__columns-2\">\n<div class=\"wp-block-uagb-column uagb-column__wrap uagb-column__background-undefined uagb-block-4f3a1856\"><div class=\"uagb-column__overlay\"><\/div><div class=\"uagb-column__inner-wrap\">\n<h3 class=\"wp-block-heading\">Slyph Stats<\/h3>\n\n\n\n<p>Brn\u011bn\u00ed: 1000 hp<br>Schopnosti: Ponorn\u00e9<br>Cena: M560, E2500, T1000<br>Intel:<br>- pohled: 32 (625 m)<br>- sonar: 60 (1,17 km)<br>- vodn\u00ed pohled: 32 (625 m)<br>Fyzika:<br>- maxim\u00e1ln\u00ed rychlost: 4,6 (89,8 m \/ s)<br>- rychlost ot\u00e1\u010den\u00ed: 40<br>Veterancy: 5, 10, 25, 50, 100 zabit\u00ed<br>- \u00farove\u0148 veter\u00e1n\u016f 2: +250 k<br>- \u00farove\u0148 veter\u00e1n\u016f 4: +250 k<br>- \u00farove\u0148 veter\u00e1n\u016f 5: oprava 3 hp \/ s<\/p>\n<\/div><\/div>\n\n\n\n<div class=\"wp-block-uagb-column uagb-column__wrap uagb-column__background-undefined uagb-block-7c325ae2\"><div class=\"uagb-column__overlay\"><\/div><div class=\"uagb-column__inner-wrap\">\n<h3 class=\"wp-block-heading\">Slyph Weapons<\/h3>\n\n\n\n<p>Chrono Torpedo (Anti Navy):<br>97,21 dps<br>dosah: 32 (625 m)<br>st\u0159eln\u00e1 zbra\u0148: 209 po\u0161kozen\u00ed x 2 st\u0159ely = 550 po\u0161kozen\u00ed na salvu<br>rychlost st\u0159elby: 0,25 (ka\u017ed\u00e9 4 s)<br>\u00farove\u0148 veter\u00e1n\u016f 1: +69 k po\u0161kozen\u00ed<br>\u00farove\u0148 veter\u00e1n\u016f 3: +69 k po\u0161kozen\u00ed<\/p>\n<\/div><\/div>\n<\/div><\/section>\n<\/div><\/div>\n<\/div><\/section>\n\n\n\n<section class=\"wp-block-uagb-columns uagb-columns__wrap uagb-columns__background-undefined uagb-columns__stack-mobile uagb-columns__valign-undefined uagb-columns__gap-10 alignundefined uagb-block-d624efba\"><div class=\"uagb-columns__overlay\"><\/div><div class=\"uagb-columns__inner-wrap uagb-columns__columns-1\">\n<div class=\"wp-block-uagb-column uagb-column__wrap uagb-column__background-undefined uagb-block-df314e37\"><div class=\"uagb-column__overlay\"><\/div><div class=\"uagb-column__inner-wrap\">\n<h2 class=\"wp-block-heading\"><strong>MAJ\u00c1K <\/strong>T\u0158\u00cdDA FRIG\u00c1TY<\/h2>\n\n\n\n<p>Aeonsk\u00e1 fregata m\u00e1 lep\u0161\u00ed dosah proti ostatn\u00edm fregat\u00e1m, aby byla skv\u011bl\u00e1 jak proti pozemn\u00edm, tak mo\u0159sk\u00fdm c\u00edl\u016fm, zat\u00edmco jej\u00ed torp\u00e9dov\u00e1 obrana si kupuje \u010das proti ponork\u00e1m. Je to v\u0161ak docela drah\u00e9, tak\u017ee se je nepokou\u0161ejte pou\u017e\u00edt k boji s nep\u0159\u00e1telsk\u00fdmi fregatami jeden na jednoho; m\u00edsto toho maj\u00ed sm\u00ed\u0161en\u00e9 n\u00e1mo\u0159n\u00ed s\u00edly, aby je p\u0159emohly.<\/p>\n\n\n\n<div class=\"wp-block-image\"><figure class=\"aligncenter size-large\"><a href=\"https:\/\/supcom.standardof.net\/cs\/supreme-commander\/aeon-2\/tech-1-aeon-namorni-jednotky\/beacon-class-frigate-supreme-commander-aeon-tech-1-naval-units\/\"><img decoding=\"async\" width=\"800\" height=\"728\" src=\"https:\/\/supcom.standardof.net\/wp-content\/uploads\/sites\/8\/2020\/11\/BEACON-CLASS-FRIGATE-Supreme-Commander-Aeon-Tech-1-Naval-Units-800x728.jpg\" alt=\"Beacon Class Frigate, n\u00e1mo\u0159n\u00ed jednotka Aeon Tech 1 ve vrchn\u00edm veliteli.\" class=\"wp-image-1026\" srcset=\"https:\/\/supcom.standardof.net\/wp-content\/uploads\/sites\/8\/2020\/11\/BEACON-CLASS-FRIGATE-Supreme-Commander-Aeon-Tech-1-Naval-Units-800x728.jpg 800w, https:\/\/supcom.standardof.net\/wp-content\/uploads\/sites\/8\/2020\/11\/BEACON-CLASS-FRIGATE-Supreme-Commander-Aeon-Tech-1-Naval-Units-512x466.jpg 512w, https:\/\/supcom.standardof.net\/wp-content\/uploads\/sites\/8\/2020\/11\/BEACON-CLASS-FRIGATE-Supreme-Commander-Aeon-Tech-1-Naval-Units-200x182.jpg 200w, https:\/\/supcom.standardof.net\/wp-content\/uploads\/sites\/8\/2020\/11\/BEACON-CLASS-FRIGATE-Supreme-Commander-Aeon-Tech-1-Naval-Units-768x699.jpg 768w, https:\/\/supcom.standardof.net\/wp-content\/uploads\/sites\/8\/2020\/11\/BEACON-CLASS-FRIGATE-Supreme-Commander-Aeon-Tech-1-Naval-Units-13x12.jpg 13w, https:\/\/supcom.standardof.net\/wp-content\/uploads\/sites\/8\/2020\/11\/BEACON-CLASS-FRIGATE-Supreme-Commander-Aeon-Tech-1-Naval-Units.jpg 1137w\" sizes=\"(max-width: 800px) 100vw, 800px\" \/><\/a><figcaption>FR\u00c9ZA T\u0158\u00cdDY BEACON<\/figcaption><\/figure><\/div>\n\n\n\n<section class=\"wp-block-uagb-columns uagb-columns__wrap uagb-columns__background-undefined uagb-columns__stack-mobile uagb-columns__valign-undefined uagb-columns__gap-10 alignundefined uagb-block-d2305192\"><div class=\"uagb-columns__overlay\"><\/div><div class=\"uagb-columns__inner-wrap uagb-columns__columns-2\">\n<div class=\"wp-block-uagb-column uagb-column__wrap uagb-column__background-undefined uagb-block-2cb7b7fb\"><div class=\"uagb-column__overlay\"><\/div><div class=\"uagb-column__inner-wrap\">\n<h3 class=\"wp-block-heading\">Statistiky maj\u00e1k\u016f<\/h3>\n\n\n\n<p>Brn\u011bn\u00ed: 1800 hp<br>Schopnosti: Torpedo Defense, Radar, Sonar<br>Cena: M290, E2900, T725<br>Intel:<br>pohled: 32 (625m)<br>radar: 70 (1,76 km)<br>sonar: 70 (1,76 km)<br>vodn\u00ed pohled: 24 (469 m)<br>Fyzika:<br>maxim\u00e1ln\u00ed rychlost: 6,8 (133 m \/ s)<br>rychlost ot\u00e1\u010den\u00ed: 30<br>Veterancy: 5, 10, 25, 50, 100 zabit\u00ed<br>\u00farove\u0148 veter\u00e1n\u016f 2: +188 k<br>\u00farove\u0148 veter\u00e1n\u016f 4: +188 k<br>\u00farove\u0148 veter\u00e1n\u016f 5: oprava 3 hp \/ s<\/p>\n<\/div><\/div>\n\n\n\n<div class=\"wp-block-uagb-column uagb-column__wrap uagb-column__background-undefined uagb-block-bdcb8084\"><div class=\"uagb-column__overlay\"><\/div><div class=\"uagb-column__inner-wrap\">\n<h3 class=\"wp-block-heading\">Maj\u00e1kov\u00e9 zbran\u011b<\/h3>\n\n\n\n<p>2x Quantum Cannon (Direct Fire Naval):<br>28,00 dps<br>plocha: 1 (19,5 m)<br>dosah: 31 (605 m)<br>st\u0159eln\u00e1 zbra\u0148: 140 po\u0161kozen\u00ed<br>rychlost st\u0159elby: 0,2 (ka\u017ed\u00fdch 5 s)<br>\u00farove\u0148 veter\u00e1n\u016f 1: +31 po\u0161kozen\u00ed<br>\u00farove\u0148 veter\u00e1n\u016f 3: +31 po\u0161kozen\u00ed<\/p>\n\n\n\n<p>2x Quasar Anti Torpedo (obrana):<br>0,20 dps<br>dosah: 32 (625 m)<br>st\u0159eln\u00e1 zbra\u0148: 2 po\u0161kozen\u00ed<br>rychlost st\u0159elby: 0,1 (ka\u017ed\u00fdch 10 s)<\/p>\n<\/div><\/div>\n<\/div><\/section>\n<\/div><\/div>\n<\/div><\/section>","protected":false},"excerpt":{"rendered":"<p>SHARD &#8211; ATTACK BOAT The Aeon&#8217;s unique unit, the Attack Boat, is definitely underrated. They&#8217;re cheap, you don&#8217;t need them unless your opponent has air units, they can take torpedoes meant for your other ships quite well, and they&#8217;re good scouts too. Hold off on building these until you know you&#8217;ll need them &#8211; your [&hellip;]<\/p>","protected":false},"author":1,"featured_media":0,"parent":503,"menu_order":0,"comment_status":"open","ping_status":"closed","template":"","meta":{"_uag_custom_page_level_css":"","site-sidebar-layout":"default","site-content-layout":"default","ast-site-content-layout":"","site-content-style":"default","site-sidebar-style":"default","ast-global-header-display":"","ast-banner-title-visibility":"","ast-main-header-display":"","ast-hfb-above-header-display":"","ast-hfb-below-header-display":"","ast-hfb-mobile-header-display":"","site-post-title":"","ast-breadcrumbs-content":"","ast-featured-img":"","footer-sml-layout":"","theme-transparent-header-meta":"default","adv-header-id-meta":"","stick-header-meta":"","header-above-stick-meta":"","header-main-stick-meta":"","header-below-stick-meta":"","astra-migrate-meta-layouts":"default","ast-page-background-enabled":"default","ast-page-background-meta":{"desktop":{"background-color":"","background-image":"","background-repeat":"repeat","background-position":"center center","background-size":"auto","background-attachment":"scroll","background-type":"","background-media":"","overlay-type":"","overlay-color":"","overlay-gradient":""},"tablet":{"background-color":"","background-image":"","background-repeat":"repeat","background-position":"center center","background-size":"auto","background-attachment":"scroll","background-type":"","background-media":"","overlay-type":"","overlay-color":"","overlay-gradient":""},"mobile":{"background-color":"","background-image":"","background-repeat":"repeat","background-position":"center center","background-size":"auto","background-attachment":"scroll","background-type":"","background-media":"","overlay-type":"","overlay-color":"","overlay-gradient":""}},"ast-content-background-meta":{"desktop":{"background-color":"var(--ast-global-color-5)","background-image":"","background-repeat":"repeat","background-position":"center center","background-size":"auto","background-attachment":"scroll","background-type":"","background-media":"","overlay-type":"","overlay-color":"","overlay-gradient":""},"tablet":{"background-color":"var(--ast-global-color-5)","background-image":"","background-repeat":"repeat","background-position":"center center","background-size":"auto","background-attachment":"scroll","background-type":"","background-media":"","overlay-type":"","overlay-color":"","overlay-gradient":""},"mobile":{"background-color":"var(--ast-global-color-5)","background-image":"","background-repeat":"repeat","background-position":"center center","background-size":"auto","background-attachment":"scroll","background-type":"","background-media":"","overlay-type":"","overlay-color":"","overlay-gradient":""}},"footnotes":""},"uagb_featured_image_src":{"full":false,"thumbnail":false,"medium":false,"medium_large":false,"large":false,"1536x1536":false,"2048x2048":false,"trp-custom-language-flag":false},"uagb_author_info":{"display_name":"SOE","author_link":"https:\/\/supcom.standardof.net\/cs\/author\/k-tastic\/"},"uagb_comment_info":0,"uagb_excerpt":"SHARD &#8211; ATTACK BOAT The Aeon&#8217;s unique unit, the Attack Boat, is definitely underrated. They&#8217;re cheap, you don&#8217;t need them unless your opponent has air units, they can take torpedoes meant for your other ships quite well, and they&#8217;re good scouts too. Hold off on building these until you know you&#8217;ll need them &#8211; your&hellip;","_links":{"self":[{"href":"https:\/\/supcom.standardof.net\/cs\/wp-json\/wp\/v2\/pages\/777"}],"collection":[{"href":"https:\/\/supcom.standardof.net\/cs\/wp-json\/wp\/v2\/pages"}],"about":[{"href":"https:\/\/supcom.standardof.net\/cs\/wp-json\/wp\/v2\/types\/page"}],"author":[{"embeddable":true,"href":"https:\/\/supcom.standardof.net\/cs\/wp-json\/wp\/v2\/users\/1"}],"replies":[{"embeddable":true,"href":"https:\/\/supcom.standardof.net\/cs\/wp-json\/wp\/v2\/comments?post=777"}],"version-history":[{"count":0,"href":"https:\/\/supcom.standardof.net\/cs\/wp-json\/wp\/v2\/pages\/777\/revisions"}],"up":[{"embeddable":true,"href":"https:\/\/supcom.standardof.net\/cs\/wp-json\/wp\/v2\/pages\/503"}],"wp:attachment":[{"href":"https:\/\/supcom.standardof.net\/cs\/wp-json\/wp\/v2\/media?parent=777"}],"curies":[{"name":"wp","href":"https:\/\/api.w.org\/{rel}","templated":true}]}}