{"id":783,"date":"2020-11-03T19:22:36","date_gmt":"2020-11-04T00:22:36","guid":{"rendered":"https:\/\/supcom.standardof.net\/?page_id=783"},"modified":"2020-11-04T19:26:18","modified_gmt":"2020-11-05T00:26:18","slug":"tech-3-aeon-air-units","status":"publish","type":"page","link":"https:\/\/supcom.standardof.net\/cs\/supreme-commander\/aeon-2\/tech-3-aeon-air-jednotky\/","title":{"rendered":"Tech 3 - Aeon Air Units"},"content":{"rendered":"<div class=\"wp-block-uagb-table-of-contents uagb-toc__align-left uagb-toc__columns-1  uagb-block-fb6839ad\"\n\t\t\t\t\tdata-scroll= \"1\"\n\t\t\t\t\tdata-offset= \"30\"\n\t\t\t\t\tstyle=\"\"\n\t\t\t\t>\n\t\t\t\t<div class=\"uagb-toc__wrap\">\n\t\t\t\t\t\t<div class=\"uagb-toc__title\">\n\t\t\t\t\t\t\tVzduchov\u00e9 jednotky Aeon Tech 3:\t\t\t\t\t\t<\/div>\n\t\t\t\t\t\t\t\t\t\t\t\t\t\t\t\t<div class=\"uagb-toc__list-wrap\">\n\t\t\t\t\t\t<ol class=\"uagb-toc__list\"><li class=\"uagb-toc__list\"><a href=\"#seer-spy-plane\" class=\"uagb-toc-link__trigger\">SEER - SPY PLANE<\/a><li class=\"uagb-toc__list\"><a href=\"#corona-air-superiority-fighter\" class=\"uagb-toc-link__trigger\">CORONA - ZV\u00dd\u0160EN\u00dd VZDUCHOV\u00dd V\u00ddKON<\/a><li class=\"uagb-toc__list\"><a href=\"#shocker-strategic-bomber\" class=\"uagb-toc-link__trigger\">SHOCKER - STRATEGICK\u00c1 BOMBA<\/a><\/ol>\t\t\t\t\t<\/div>\n\t\t\t\t\t\t\t\t\t<\/div>\n\t\t\t\t<\/div>\n\t\t\t\n\n\n<section class=\"wp-block-uagb-columns uagb-columns__wrap uagb-columns__background-undefined uagb-columns__stack-mobile uagb-columns__valign-undefined uagb-columns__gap-10 alignundefined uagb-block-8be8da0f\"><div class=\"uagb-columns__overlay\"><\/div><div class=\"uagb-columns__inner-wrap uagb-columns__columns-1\">\n<div class=\"wp-block-uagb-column uagb-column__wrap uagb-column__background-undefined uagb-block-2e91a0bf\"><div class=\"uagb-column__overlay\"><\/div><div class=\"uagb-column__inner-wrap\">\n<h2 class=\"wp-block-heading\"><strong>SEER <\/strong>- SPY PLANE<\/h2>\n\n\n\n<p>\u0160pion\u00e1\u017en\u00ed letadlo Aeon m\u00e1 absolutn\u011b enormn\u00ed dosah, co\u017e umo\u017e\u0148uje vid\u011bt nep\u0159\u00e1telskou z\u00e1kladnu t\u00e9m\u011b\u0159 celou, ne\u017e je sest\u0159eleno m\u00edsty SAM. M\u016f\u017eete dokonce l\u00e9tat po okraj\u00edch, abyste vid\u011bli jejich obranu, ani\u017e byste ztratili sv\u00e9 \u0161pion\u00e1\u017en\u00ed letadlo. Neexistuje \u017e\u00e1dn\u00fd skute\u010dn\u00fd d\u016fvod stav\u011bt v\u00edce ne\u017e jeden, ale m\u016f\u017eete tak\u00e9 z\u00edskat ten prvn\u00ed, zejm\u00e9na proto, \u017ee je tak levn\u00fd.<\/p>\n\n\n\n<div class=\"wp-block-image\"><figure class=\"aligncenter size-large\"><a href=\"https:\/\/supcom.standardof.net\/cs\/supreme-commander\/aeon-2\/tech-3-aeon-air-jednotky\/seer-spy-plane-supreme-commander-aeon-tech-3-air-units\/\"><img decoding=\"async\" width=\"800\" height=\"606\" src=\"https:\/\/supcom.standardof.net\/wp-content\/uploads\/sites\/8\/2020\/11\/SEER-SPY-PLANE-Supreme-Commander-Aeon-Tech-3-Air-Units-800x606.jpg\" alt=\"\u0160pion\u00e1\u017en\u00ed letadlo Seer, leteck\u00e1 jednotka Aeon Tech 3 ve vrchn\u00edm veliteli.\" class=\"wp-image-1017\" srcset=\"https:\/\/supcom.standardof.net\/wp-content\/uploads\/sites\/8\/2020\/11\/SEER-SPY-PLANE-Supreme-Commander-Aeon-Tech-3-Air-Units-800x606.jpg 800w, https:\/\/supcom.standardof.net\/wp-content\/uploads\/sites\/8\/2020\/11\/SEER-SPY-PLANE-Supreme-Commander-Aeon-Tech-3-Air-Units-512x388.jpg 512w, https:\/\/supcom.standardof.net\/wp-content\/uploads\/sites\/8\/2020\/11\/SEER-SPY-PLANE-Supreme-Commander-Aeon-Tech-3-Air-Units-200x152.jpg 200w, https:\/\/supcom.standardof.net\/wp-content\/uploads\/sites\/8\/2020\/11\/SEER-SPY-PLANE-Supreme-Commander-Aeon-Tech-3-Air-Units-768x582.jpg 768w, https:\/\/supcom.standardof.net\/wp-content\/uploads\/sites\/8\/2020\/11\/SEER-SPY-PLANE-Supreme-Commander-Aeon-Tech-3-Air-Units-16x12.jpg 16w, https:\/\/supcom.standardof.net\/wp-content\/uploads\/sites\/8\/2020\/11\/SEER-SPY-PLANE-Supreme-Commander-Aeon-Tech-3-Air-Units.jpg 978w\" sizes=\"(max-width: 800px) 100vw, 800px\" \/><\/a><figcaption>SEER - SPY PLANE<\/figcaption><\/figure><\/div>\n\n\n\n<section class=\"wp-block-uagb-columns uagb-columns__wrap uagb-columns__background-undefined uagb-columns__stack-mobile uagb-columns__valign-undefined uagb-columns__gap-10 alignundefined uagb-block-8231f1df\"><div class=\"uagb-columns__overlay\"><\/div><div class=\"uagb-columns__inner-wrap uagb-columns__columns-2\">\n<div class=\"wp-block-uagb-column uagb-column__wrap uagb-column__background-undefined uagb-block-41465769\"><div class=\"uagb-column__overlay\"><\/div><div class=\"uagb-column__inner-wrap\">\n<h3 class=\"wp-block-heading\">Statistiky v\u011b\u0161tc\u016f<\/h3>\n\n\n\n<p>Brn\u011bn\u00ed: 25 hp (lehk\u00e9)<br>Schopnosti: Radar<br>Cena: M56, E2240, T420<br>Intel:<br>- pohled: 120 (2,34 km)<br>- radar: 120 (2,34 km)<br>- omni: 30 (586 m)<br>Fyzika:<br>- maxim\u00e1ln\u00ed rychlost: 21 (410 m \/ s)<br>- nadmo\u0159sk\u00e1 v\u00fd\u0161ka: 25 (488 m)<br>P\u0159epravn\u00ed t\u0159\u00edda: 3<br>- \u00farove\u0148 veter\u00e1n\u016f 2: +6 hp<br>- \u00farove\u0148 veter\u00e1n\u016f 4: +6 hp<br>- \u00farove\u0148 veter\u00e1n\u016f 5: oprava 1 hp \/ s<\/p>\n<\/div><\/div>\n\n\n\n<div class=\"wp-block-uagb-column uagb-column__wrap uagb-column__background-undefined uagb-block-fd743d19\"><div class=\"uagb-column__overlay\"><\/div><div class=\"uagb-column__inner-wrap\">\n<h3 class=\"wp-block-heading\">V\u011b\u0161teck\u00e9 zbran\u011b<\/h3>\n\n\n\n<p>Air Crash (Death): 100 po\u0161kozen\u00ed<br>plocha: 1 (19,5 m)<\/p>\n<\/div><\/div>\n<\/div><\/section>\n<\/div><\/div>\n<\/div><\/section>\n\n\n\n<section class=\"wp-block-uagb-columns uagb-columns__wrap uagb-columns__background-undefined uagb-columns__stack-mobile uagb-columns__valign-undefined uagb-columns__gap-10 alignundefined uagb-block-0405f912\"><div class=\"uagb-columns__overlay\"><\/div><div class=\"uagb-columns__inner-wrap uagb-columns__columns-1\">\n<div class=\"wp-block-uagb-column uagb-column__wrap uagb-column__background-undefined uagb-block-c8bc2fd0\"><div class=\"uagb-column__overlay\"><\/div><div class=\"uagb-column__inner-wrap\">\n<h2 class=\"wp-block-heading\"><strong>CORONA <\/strong>- LETECK\u00c1 SUPERIORITA<\/h2>\n\n\n\n<p>Corona je velmi drah\u00e1 protileteck\u00e1 jednotka, tak\u017ee byste ji m\u011bli m\u00edt, pouze pokud si mysl\u00edte, \u017ee budete muset pravideln\u011b zab\u00edjet nep\u0159\u00e1telsk\u00e9 leteck\u00e9 jednotky. L\u00e9taj\u00ed tak rychle, \u017ee nebudou poskytovat dostate\u010dn\u00e9 kryt\u00ed pro bombardov\u00e1n\u00ed, ale mohou p\u0159ij\u00edt a p\u0159epadnout nep\u0159\u00e1telsk\u00e9 st\u00edhac\u00ed s\u00edly a jsou nejlep\u0161\u00edm zp\u016fsobem, jak se vypo\u0159\u00e1dat s experiment\u00e1ln\u00edmi leteck\u00fdmi jednotkami. Jejich zbran\u011b nejsou tak \u00fa\u010dinn\u00e9 jako st\u00edha\u010dky ostatn\u00edch frakc\u00ed, ale st\u00e1le jsou va\u0161\u00ed nejlep\u0161\u00ed metodou protivzdu\u0161n\u00e9 obrany, kter\u00e1 nen\u00ed v\u011b\u017e\u00ed.<\/p>\n\n\n\n<div class=\"wp-block-image\"><figure class=\"aligncenter size-large\"><a href=\"https:\/\/supcom.standardof.net\/cs\/supreme-commander\/aeon-2\/tech-3-aeon-air-jednotky\/corona-air-superiority-fighter-supreme-commander-aeon-tech-3-air-units\/\"><img decoding=\"async\" width=\"800\" height=\"525\" src=\"https:\/\/supcom.standardof.net\/wp-content\/uploads\/sites\/8\/2020\/11\/CORONA-AIR-SUPERIORITY-FIGHTER-Supreme-Commander-Aeon-Tech-3-Air-Units-800x525.jpg\" alt=\"Corona Air Superiority Fighter, leteck\u00e1 jednotka Aeon Tech 3 ve vrchn\u00edm veliteli.\" class=\"wp-image-1016\" srcset=\"https:\/\/supcom.standardof.net\/wp-content\/uploads\/sites\/8\/2020\/11\/CORONA-AIR-SUPERIORITY-FIGHTER-Supreme-Commander-Aeon-Tech-3-Air-Units-800x525.jpg 800w, https:\/\/supcom.standardof.net\/wp-content\/uploads\/sites\/8\/2020\/11\/CORONA-AIR-SUPERIORITY-FIGHTER-Supreme-Commander-Aeon-Tech-3-Air-Units-512x336.jpg 512w, https:\/\/supcom.standardof.net\/wp-content\/uploads\/sites\/8\/2020\/11\/CORONA-AIR-SUPERIORITY-FIGHTER-Supreme-Commander-Aeon-Tech-3-Air-Units-200x131.jpg 200w, https:\/\/supcom.standardof.net\/wp-content\/uploads\/sites\/8\/2020\/11\/CORONA-AIR-SUPERIORITY-FIGHTER-Supreme-Commander-Aeon-Tech-3-Air-Units-768x504.jpg 768w, https:\/\/supcom.standardof.net\/wp-content\/uploads\/sites\/8\/2020\/11\/CORONA-AIR-SUPERIORITY-FIGHTER-Supreme-Commander-Aeon-Tech-3-Air-Units-16x12.jpg 16w, https:\/\/supcom.standardof.net\/wp-content\/uploads\/sites\/8\/2020\/11\/CORONA-AIR-SUPERIORITY-FIGHTER-Supreme-Commander-Aeon-Tech-3-Air-Units.jpg 1014w\" sizes=\"(max-width: 800px) 100vw, 800px\" \/><\/a><figcaption>CORONA - ZV\u00dd\u0160EN\u00dd VZDUCHOV\u00dd V\u00ddKON<\/figcaption><\/figure><\/div>\n\n\n\n<section class=\"wp-block-uagb-columns uagb-columns__wrap uagb-columns__background-undefined uagb-columns__stack-mobile uagb-columns__valign-undefined uagb-columns__gap-10 alignundefined uagb-block-863ebd48\"><div class=\"uagb-columns__overlay\"><\/div><div class=\"uagb-columns__inner-wrap uagb-columns__columns-2\">\n<div class=\"wp-block-uagb-column uagb-column__wrap uagb-column__background-undefined uagb-block-a34f3eda\"><div class=\"uagb-column__overlay\"><\/div><div class=\"uagb-column__inner-wrap\">\n<h3 class=\"wp-block-heading\">Statistiky Corony<\/h3>\n\n\n\n<p>Brn\u011bn\u00ed: 225 hp (lehk\u00e9)<br>Cena: M360, E24000, T3600<br>Intel: pohled: 32 (625 m)<br>Fyzika:<br>- maxim\u00e1ln\u00ed rychlost: 25 (488 m \/ s)<br>- nadmo\u0159sk\u00e1 v\u00fd\u0161ka: 20 (391 m)<br>- z\u00e1b\u011brov\u00e1 vzd\u00e1lenost: 50 (977 m)<br>P\u0159epravn\u00ed t\u0159\u00edda: 3<br>Veterancy: 5, 10, 25, 50, 100 zabit\u00ed<br>- \u00farove\u0148 veter\u00e1n\u016f 2: +56 k<br>- \u00farove\u0148 veter\u00e1n\u016f 4: +56 k<br>- \u00farove\u0148 veter\u00e1n\u016f 5: oprava 1 hp \/ s<\/p>\n<\/div><\/div>\n\n\n\n<div class=\"wp-block-uagb-column uagb-column__wrap uagb-column__background-undefined uagb-block-93354260\"><div class=\"uagb-column__overlay\"><\/div><div class=\"uagb-column__inner-wrap\">\n<h3 class=\"wp-block-heading\">Corona Weapons<\/h3>\n\n\n\n<p>Zdvihov\u00fd kan\u00f3n (Anti Air):<br>78,00 dps<br>dosah: 24 (469 m)<br>st\u0159eln\u00e1 zbra\u0148:<br>26 po\u0161kozen\u00ed x 3 st\u0159ely = 78 po\u0161kozen\u00ed na salvu<br>rychlost st\u0159elby: 1 (ka\u017ed\u00e9 1 s)<br>\u00farove\u0148 veter\u00e1n\u016f 1: +7 po\u0161kozen\u00ed<br>\u00farove\u0148 veter\u00e1n\u016f 3: +7 po\u0161kozen\u00ed<\/p>\n\n\n\n<p>Air Crash (Death):<br>200 po\u0161kozen\u00ed<br>plocha: 1 (19,5 m)<\/p>\n<\/div><\/div>\n<\/div><\/section>\n<\/div><\/div>\n<\/div><\/section>\n\n\n\n<section class=\"wp-block-uagb-columns uagb-columns__wrap uagb-columns__background-undefined uagb-columns__stack-mobile uagb-columns__valign-undefined uagb-columns__gap-10 alignundefined uagb-block-ed6ee42d\"><div class=\"uagb-columns__overlay\"><\/div><div class=\"uagb-columns__inner-wrap uagb-columns__columns-1\">\n<div class=\"wp-block-uagb-column uagb-column__wrap uagb-column__background-undefined uagb-block-b535a37a\"><div class=\"uagb-column__overlay\"><\/div><div class=\"uagb-column__inner-wrap\">\n<h2 class=\"wp-block-heading\"><strong>OSTUDA <\/strong>- STRATEGICK\u00dd BOMBER<\/h2>\n\n\n\n<p>Strategick\u00e9 bombard\u00e9ry se stav\u00ed tak pomalu, \u017ee vy\u017eaduj\u00ed velkou skupinu in\u017een\u00fdr\u016f. Slovo \u201estrategick\u00fd\u201c by se tam nem\u011blo br\u00e1t na lehkou v\u00e1hu: l\u00e9taj\u00ed tak vysoko, \u017ee zabit\u00ed m\u00edsta SAM trv\u00e1 n\u011bjakou dobu a jejich bomba je samoz\u0159ejm\u011b skv\u011bl\u00e1. Jsou promarn\u011bny nep\u0159\u00e1telsk\u00fdmi pozemn\u00edmi silami; m\u00edsto toho je nahromadit spole\u010dn\u011b s enormn\u00ed silou jin\u00fdch letadel, aby rozpt\u00fdlili nep\u0159\u00e1telskou protivzdu\u0161nou obranu a pou\u017eili je k chirurgick\u00e9mu \u00faderu na ACU, d\u011blost\u0159electvo nebo protiraketovou obranu.<\/p>\n\n\n\n<p>Protiraketov\u00e1 obrana strategick\u00e9ho bombard\u00e9ru Aeon je t\u00e9m\u011b\u0159 \u00fapln\u011b k ni\u010demu, proto\u017ee zastav\u00ed pouze jednu z p\u016fl tuctu st\u0159el, kter\u00e9 m\u00ed\u0159\u00ed na va\u0161eho protivn\u00edka. Na opl\u00e1tku je jeho bomba je\u0161t\u011b sm\u011b\u0161n\u011bj\u0161\u00ed - dv\u011b bomby zabij\u00ed velitele.<\/p>\n\n\n\n<div class=\"wp-block-image\"><figure class=\"aligncenter size-large\"><a href=\"https:\/\/supcom.standardof.net\/cs\/supreme-commander\/aeon-2\/tech-3-aeon-air-jednotky\/shocker-strategic-bomber-supreme-commander-aeon-tech-3-air-units\/\"><img decoding=\"async\" width=\"800\" height=\"490\" src=\"https:\/\/supcom.standardof.net\/wp-content\/uploads\/sites\/8\/2020\/11\/SHOCKER-STRATEGIC-BOMBER-Supreme-Commander-Aeon-Tech-3-Air-Units-800x490.jpg\" alt=\"Strategick\u00fd bombard\u00e9r Shocker, leteck\u00e1 jednotka Aeon Tech 3 ve vrchn\u00edm veliteli.\" class=\"wp-image-1015\" srcset=\"https:\/\/supcom.standardof.net\/wp-content\/uploads\/sites\/8\/2020\/11\/SHOCKER-STRATEGIC-BOMBER-Supreme-Commander-Aeon-Tech-3-Air-Units-800x490.jpg 800w, https:\/\/supcom.standardof.net\/wp-content\/uploads\/sites\/8\/2020\/11\/SHOCKER-STRATEGIC-BOMBER-Supreme-Commander-Aeon-Tech-3-Air-Units-512x314.jpg 512w, https:\/\/supcom.standardof.net\/wp-content\/uploads\/sites\/8\/2020\/11\/SHOCKER-STRATEGIC-BOMBER-Supreme-Commander-Aeon-Tech-3-Air-Units-200x122.jpg 200w, https:\/\/supcom.standardof.net\/wp-content\/uploads\/sites\/8\/2020\/11\/SHOCKER-STRATEGIC-BOMBER-Supreme-Commander-Aeon-Tech-3-Air-Units-768x470.jpg 768w, https:\/\/supcom.standardof.net\/wp-content\/uploads\/sites\/8\/2020\/11\/SHOCKER-STRATEGIC-BOMBER-Supreme-Commander-Aeon-Tech-3-Air-Units-16x10.jpg 16w, https:\/\/supcom.standardof.net\/wp-content\/uploads\/sites\/8\/2020\/11\/SHOCKER-STRATEGIC-BOMBER-Supreme-Commander-Aeon-Tech-3-Air-Units.jpg 1254w\" sizes=\"(max-width: 800px) 100vw, 800px\" \/><\/a><figcaption>SHOCKER - STRATEGICK\u00c1 BOMBA<\/figcaption><\/figure><\/div>\n\n\n\n<section class=\"wp-block-uagb-columns uagb-columns__wrap uagb-columns__background-undefined uagb-columns__stack-mobile uagb-columns__valign-undefined uagb-columns__gap-10 alignundefined uagb-block-bcdb257d\"><div class=\"uagb-columns__overlay\"><\/div><div class=\"uagb-columns__inner-wrap uagb-columns__columns-2\">\n<div class=\"wp-block-uagb-column uagb-column__wrap uagb-column__background-undefined uagb-block-5fe348d1\"><div class=\"uagb-column__overlay\"><\/div><div class=\"uagb-column__inner-wrap\">\n<h3 class=\"wp-block-heading\">Statistiky Shocker<\/h3>\n\n\n\n<p>Brn\u011bn\u00ed: 135 hp (lehk\u00e9)<br>Schopnosti: Protiraketov\u00e1 obrana - taktick\u00e9<br>Cena: M2160, E72000, T7200<br>Intel: pohled: 32 (625 m)<br>Fyzika: <br>- maxim\u00e1ln\u00ed rychlost: 15 (293 m \/ s)<br>- nadmo\u0159sk\u00e1 v\u00fd\u0161ka: 25 (488 m)<br>- z\u00e1b\u011brov\u00e1 vzd\u00e1lenost: 50 (977 m)<br>P\u0159epravn\u00ed t\u0159\u00edda: 3<br>Veterancy: 30, 60, 150, 300, 600 zabit\u00ed<br>- \u00farove\u0148 veter\u00e1n\u016f 2: +34 k<br>- \u00farove\u0148 veter\u00e1n\u016f 4: +34 k<br>- \u00farove\u0148 veter\u00e1n\u016f 5: oprava 1 hp \/ s<\/p>\n<\/div><\/div>\n\n\n\n<div class=\"wp-block-uagb-column uagb-column__wrap uagb-column__background-undefined uagb-block-255e3bc8\"><div class=\"uagb-column__overlay\"><\/div><div class=\"uagb-column__inner-wrap\">\n<h3 class=\"wp-block-heading\">Shocker Weapons<\/h3>\n\n\n\n<p>Quark bomba (bomba):<br>1 500,00 dps<br>plocha: 2,5 (48,8 m)<br>dosah: 8 (156 m)<br>st\u0159eln\u00e1 zbra\u0148: po\u0161kozen\u00ed 7500<br>rychlost st\u0159elby: 0,2 (ka\u017ed\u00fdch 5 s)<br>n\u00e1hodnost st\u0159elby: 3<br>\u00farove\u0148 veter\u00e1n\u016f 1: + 1875 po\u0161kozen\u00ed<br>\u00farove\u0148 veter\u00e1n\u016f 3: + 1875 po\u0161kozen\u00ed<\/p>\n\n\n\n<p>Will O Wisp Anti Missile (Defense):<br>0,75 dps<br>rozsah: 64 (1,25 km)<br>st\u0159eln\u00e1 zbra\u0148: 1 po\u0161kozen\u00ed<br>rychlost st\u0159elby: 0,75 (ka\u017ed\u00fdch 1,33 s)<\/p>\n\n\n\n<p>Air Crash (Death):<br>500 po\u0161kozen\u00ed<br>plocha: 1 (19,5 m)<\/p>\n<\/div><\/div>\n<\/div><\/section>\n<\/div><\/div>\n<\/div><\/section>","protected":false},"excerpt":{"rendered":"<p>SEER &#8211; SPY PLANE The Aeon spy plane has an absolutely enormous sight range, making it able to see the enemy base almost in its entirety before being shot down by SAM sites. You can even fly around the edges to see their defenses without losing your spy plane. There&#8217;s no real reason to build [&hellip;]<\/p>","protected":false},"author":1,"featured_media":0,"parent":503,"menu_order":0,"comment_status":"open","ping_status":"closed","template":"","meta":{"_uag_custom_page_level_css":"","site-sidebar-layout":"default","site-content-layout":"default","ast-site-content-layout":"","site-content-style":"default","site-sidebar-style":"default","ast-global-header-display":"","ast-banner-title-visibility":"","ast-main-header-display":"","ast-hfb-above-header-display":"","ast-hfb-below-header-display":"","ast-hfb-mobile-header-display":"","site-post-title":"","ast-breadcrumbs-content":"","ast-featured-img":"","footer-sml-layout":"","theme-transparent-header-meta":"default","adv-header-id-meta":"","stick-header-meta":"","header-above-stick-meta":"","header-main-stick-meta":"","header-below-stick-meta":"","astra-migrate-meta-layouts":"default","ast-page-background-enabled":"default","ast-page-background-meta":{"desktop":{"background-color":"","background-image":"","background-repeat":"repeat","background-position":"center center","background-size":"auto","background-attachment":"scroll","background-type":"","background-media":"","overlay-type":"","overlay-color":"","overlay-gradient":""},"tablet":{"background-color":"","background-image":"","background-repeat":"repeat","background-position":"center center","background-size":"auto","background-attachment":"scroll","background-type":"","background-media":"","overlay-type":"","overlay-color":"","overlay-gradient":""},"mobile":{"background-color":"","background-image":"","background-repeat":"repeat","background-position":"center center","background-size":"auto","background-attachment":"scroll","background-type":"","background-media":"","overlay-type":"","overlay-color":"","overlay-gradient":""}},"ast-content-background-meta":{"desktop":{"background-color":"var(--ast-global-color-5)","background-image":"","background-repeat":"repeat","background-position":"center center","background-size":"auto","background-attachment":"scroll","background-type":"","background-media":"","overlay-type":"","overlay-color":"","overlay-gradient":""},"tablet":{"background-color":"var(--ast-global-color-5)","background-image":"","background-repeat":"repeat","background-position":"center center","background-size":"auto","background-attachment":"scroll","background-type":"","background-media":"","overlay-type":"","overlay-color":"","overlay-gradient":""},"mobile":{"background-color":"var(--ast-global-color-5)","background-image":"","background-repeat":"repeat","background-position":"center center","background-size":"auto","background-attachment":"scroll","background-type":"","background-media":"","overlay-type":"","overlay-color":"","overlay-gradient":""}},"footnotes":""},"uagb_featured_image_src":{"full":false,"thumbnail":false,"medium":false,"medium_large":false,"large":false,"1536x1536":false,"2048x2048":false,"trp-custom-language-flag":false},"uagb_author_info":{"display_name":"SOE","author_link":"https:\/\/supcom.standardof.net\/cs\/author\/k-tastic\/"},"uagb_comment_info":0,"uagb_excerpt":"SEER &#8211; SPY PLANE The Aeon spy plane has an absolutely enormous sight range, making it able to see the enemy base almost in its entirety before being shot down by SAM sites. You can even fly around the edges to see their defenses without losing your spy plane. There&#8217;s no real reason to build&hellip;","_links":{"self":[{"href":"https:\/\/supcom.standardof.net\/cs\/wp-json\/wp\/v2\/pages\/783"}],"collection":[{"href":"https:\/\/supcom.standardof.net\/cs\/wp-json\/wp\/v2\/pages"}],"about":[{"href":"https:\/\/supcom.standardof.net\/cs\/wp-json\/wp\/v2\/types\/page"}],"author":[{"embeddable":true,"href":"https:\/\/supcom.standardof.net\/cs\/wp-json\/wp\/v2\/users\/1"}],"replies":[{"embeddable":true,"href":"https:\/\/supcom.standardof.net\/cs\/wp-json\/wp\/v2\/comments?post=783"}],"version-history":[{"count":0,"href":"https:\/\/supcom.standardof.net\/cs\/wp-json\/wp\/v2\/pages\/783\/revisions"}],"up":[{"embeddable":true,"href":"https:\/\/supcom.standardof.net\/cs\/wp-json\/wp\/v2\/pages\/503"}],"wp:attachment":[{"href":"https:\/\/supcom.standardof.net\/cs\/wp-json\/wp\/v2\/media?parent=783"}],"curies":[{"name":"wp","href":"https:\/\/api.w.org\/{rel}","templated":true}]}}