{"id":785,"date":"2020-11-03T19:38:32","date_gmt":"2020-11-04T00:38:32","guid":{"rendered":"https:\/\/supcom.standardof.net\/?page_id=785"},"modified":"2020-11-04T19:22:08","modified_gmt":"2020-11-05T00:22:08","slug":"tech-2-aeon-air-units","status":"publish","type":"page","link":"https:\/\/supcom.standardof.net\/cs\/supreme-commander\/aeon-2\/tech-2-aeon-air-jednotky\/","title":{"rendered":"Tech 2 - Aeon Air Units"},"content":{"rendered":"<div class=\"wp-block-uagb-table-of-contents uagb-toc__align-left uagb-toc__columns-1  uagb-block-d77138ce\"\n\t\t\t\t\tdata-scroll= \"1\"\n\t\t\t\t\tdata-offset= \"30\"\n\t\t\t\t\tstyle=\"\"\n\t\t\t\t>\n\t\t\t\t<div class=\"uagb-toc__wrap\">\n\t\t\t\t\t\t<div class=\"uagb-toc__title\">\n\t\t\t\t\t\t\tVzduchov\u00e9 jednotky Aeon Tech 2:\t\t\t\t\t\t<\/div>\n\t\t\t\t\t\t\t\t\t\t\t\t\t\t\t\t<div class=\"uagb-toc__list-wrap\">\n\t\t\t\t\t\t<ol class=\"uagb-toc__list\"><li class=\"uagb-toc__list\"><a href=\"#mercy-guided-missile\" class=\"uagb-toc-link__trigger\">MILOSRDEN\u00cd - \u0158\u00cdZEN\u00c1 ST\u0158ELA<\/a><li class=\"uagb-toc__list\"><a href=\"#skimmer-torpedo-bomber\" class=\"uagb-toc-link__trigger\">SKIMMER - TORPEDO BOMBER<\/a><li class=\"uagb-toc__list\"><a href=\"#specter-gunship\" class=\"uagb-toc-link__trigger\">SPECTRE - GUNSHIP<\/a><li class=\"uagb-toc__list\"><a href=\"#aluminar-air-transport\" class=\"uagb-toc-link__trigger\">HLIN\u00cdK - LETECK\u00c1 DOPRAVA<\/a><\/ol>\t\t\t\t\t<\/div>\n\t\t\t\t\t\t\t\t\t<\/div>\n\t\t\t\t<\/div>\n\t\t\t\n\n\n<section class=\"wp-block-uagb-columns uagb-columns__wrap uagb-columns__background-undefined uagb-columns__stack-mobile uagb-columns__valign-undefined uagb-columns__gap-10 alignundefined uagb-block-6d57fcbd\"><div class=\"uagb-columns__overlay\"><\/div><div class=\"uagb-columns__inner-wrap uagb-columns__columns-1\">\n<div class=\"wp-block-uagb-column uagb-column__wrap uagb-column__background-undefined uagb-block-2b9e1c75\"><div class=\"uagb-column__overlay\"><\/div><div class=\"uagb-column__inner-wrap\">\n<h2 class=\"wp-block-heading\"><strong>SOUCIT <\/strong>- \u0158\u00cdZEN\u00c1 ST\u0158ECHA<\/h2>\n\n\n\n<p>Milosrdenstv\u00ed je p\u0159esn\u011b to, co \u0159\u00edk\u00e1: mal\u00e1 \u0159\u00edzen\u00e1 st\u0159ela. Nem\u016f\u017ee dob\u00edjet palivo, tak\u017ee m\u00e1te jen kr\u00e1tk\u00fd \u010das na to, abyste ho hodili na nep\u0159\u00e1telsk\u00e9ho velitele, kter\u00e9ho zabije \u010dty\u0159mi v\u00fdst\u0159ely. Jsou rychlej\u0161\u00ed ne\u017e bombard\u00e9r a mnohem smrteln\u011bj\u0161\u00ed, ale neztr\u00e1cejte je ni\u010d\u00edm krom\u011b nejd\u016fle\u017eit\u011bj\u0161\u00edch c\u00edl\u016f. V boji proti \u0159\u00edzen\u00fdm st\u0159el\u00e1m bude muset v\u00e1\u0161 protivn\u00edk p\u0159em\u00fd\u0161let o protivzdu\u0161n\u00e9 obran\u011b dlouho p\u0159edt\u00edm, ne\u017e uvid\u00ed radarov\u00e9 te\u010dky m\u00ed\u0159\u00edc\u00ed jeho cestou.<\/p>\n\n\n\n<div class=\"wp-block-image\"><figure class=\"aligncenter size-large\"><a href=\"https:\/\/supcom.standardof.net\/cs\/supreme-commander\/aeon-2\/tech-2-aeon-air-jednotky\/mercy-guided-missile-supreme-commander-aeon-tech-2-air-units\/\"><img decoding=\"async\" width=\"800\" height=\"584\" src=\"https:\/\/supcom.standardof.net\/wp-content\/uploads\/sites\/8\/2020\/11\/MERCY-GUIDED-MISSILE-Supreme-Commander-Aeon-Tech-2-Air-Units-800x584.jpg\" alt=\"Mercy Guided Missile, Aeon Tech 2 Air Unit in Supreme Commander.\" class=\"wp-image-1009\" srcset=\"https:\/\/supcom.standardof.net\/wp-content\/uploads\/sites\/8\/2020\/11\/MERCY-GUIDED-MISSILE-Supreme-Commander-Aeon-Tech-2-Air-Units-800x584.jpg 800w, https:\/\/supcom.standardof.net\/wp-content\/uploads\/sites\/8\/2020\/11\/MERCY-GUIDED-MISSILE-Supreme-Commander-Aeon-Tech-2-Air-Units-512x374.jpg 512w, https:\/\/supcom.standardof.net\/wp-content\/uploads\/sites\/8\/2020\/11\/MERCY-GUIDED-MISSILE-Supreme-Commander-Aeon-Tech-2-Air-Units-200x146.jpg 200w, https:\/\/supcom.standardof.net\/wp-content\/uploads\/sites\/8\/2020\/11\/MERCY-GUIDED-MISSILE-Supreme-Commander-Aeon-Tech-2-Air-Units-768x561.jpg 768w, https:\/\/supcom.standardof.net\/wp-content\/uploads\/sites\/8\/2020\/11\/MERCY-GUIDED-MISSILE-Supreme-Commander-Aeon-Tech-2-Air-Units-16x12.jpg 16w, https:\/\/supcom.standardof.net\/wp-content\/uploads\/sites\/8\/2020\/11\/MERCY-GUIDED-MISSILE-Supreme-Commander-Aeon-Tech-2-Air-Units.jpg 867w\" sizes=\"(max-width: 800px) 100vw, 800px\" \/><\/a><figcaption>MILOSRDEN\u00cd - \u0158\u00cdZEN\u00c1 ST\u0158ELA<\/figcaption><\/figure><\/div>\n\n\n\n<section class=\"wp-block-uagb-columns uagb-columns__wrap uagb-columns__background-undefined uagb-columns__stack-mobile uagb-columns__valign-undefined uagb-columns__gap-10 alignundefined uagb-block-3b751506\"><div class=\"uagb-columns__overlay\"><\/div><div class=\"uagb-columns__inner-wrap uagb-columns__columns-2\">\n<div class=\"wp-block-uagb-column uagb-column__wrap uagb-column__background-undefined uagb-block-3ae3062e\"><div class=\"uagb-column__overlay\"><\/div><div class=\"uagb-column__inner-wrap\">\n<h3 class=\"wp-block-heading\">Statistiky milosrdenstv\u00ed<\/h3>\n\n\n\n<p>Brn\u011bn\u00ed: 10 hp (lehk\u00e9)<br>Cena: M300, E6000, T1000<br>Intel: pohled: 26 (508 m)<br>Fyzika:<br>- maxim\u00e1ln\u00ed rychlost: 16 (313 m \/ s)<br>- nadmo\u0159sk\u00e1 v\u00fd\u0161ka: 18 (352 m)<br>- \u010das na palivo: 2:00<br>- rychlost ot\u00e1\u010den\u00ed: 1.7<br>P\u0159epravn\u00ed t\u0159\u00edda: 3<\/p>\n<\/div><\/div>\n\n\n\n<div class=\"wp-block-uagb-column uagb-column__wrap uagb-column__background-undefined uagb-block-bf1e5218\"><div class=\"uagb-column__overlay\"><\/div><div class=\"uagb-column__inner-wrap\">\n<h3 class=\"wp-block-heading\">Milosrdn\u00e9 zbran\u011b<\/h3>\n\n\n\n<p>Sebevra\u017eda (norm\u00e1ln\u00ed):<br>3000 po\u0161kozen\u00ed<br>plocha: 3 (58,6 m)<\/p>\n\n\n\n<p>Air Crash (Death):<br>25 po\u0161kozen\u00ed<br>plocha: 1 (19,5 m)<\/p>\n<\/div><\/div>\n<\/div><\/section>\n<\/div><\/div>\n<\/div><\/section>\n\n\n\n<section class=\"wp-block-uagb-columns uagb-columns__wrap uagb-columns__background-undefined uagb-columns__stack-mobile uagb-columns__valign-undefined uagb-columns__gap-10 alignundefined uagb-block-351b0a23\"><div class=\"uagb-columns__overlay\"><\/div><div class=\"uagb-columns__inner-wrap uagb-columns__columns-1\">\n<div class=\"wp-block-uagb-column uagb-column__wrap uagb-column__background-undefined uagb-block-7c0cecd6\"><div class=\"uagb-column__overlay\"><\/div><div class=\"uagb-column__inner-wrap\">\n<h2 class=\"wp-block-heading\"><strong>SKIMMER <\/strong>- TORPEDO BOMBER<\/h2>\n\n\n\n<p>Torp\u00e9dov\u00e9 bombard\u00e9ry jsou t\u00e9m\u011b\u0159 nepou\u017eiteln\u00e9. Aeon m\u00e1 velk\u00e9 n\u00e1mo\u0159n\u00ed s\u00edly, tak\u017ee byste je m\u011bli skute\u010dn\u011b pot\u0159ebovat, pouze pokud jste zapomn\u011bli stav\u011bt n\u00e1mo\u0159nictvo a ponorky v\u00e1m br\u00e1n\u00ed ve vod\u011b. Jsou drah\u00e9 a zp\u016fsobuj\u00ed tak velk\u00e9 \u0161kody, \u017ee je obt\u00ed\u017en\u00e9 p\u0159im\u011bt je, aby p\u0159i prvn\u00edm pr\u016fletu zam\u011b\u0159ily dostatek nep\u0159\u00e1telsk\u00fdch lod\u00ed - proto\u017ee n\u011bkter\u00e9 z jejich v\u00fdst\u0159el\u016f budou vych\u00fdleny anti-torp\u00e9dy a jen z\u0159\u00eddka p\u0159e\u017eij\u00ed, aby provedly druh\u00fd pr\u016fchod.<\/p>\n\n\n\n<div class=\"wp-block-image\"><figure class=\"aligncenter size-large\"><a href=\"https:\/\/supcom.standardof.net\/cs\/supreme-commander\/aeon-2\/tech-2-aeon-air-jednotky\/skimmer-torpedo-bomber-supreme-commander-aeon-tech-2-air-units\/\"><img decoding=\"async\" width=\"800\" height=\"494\" src=\"https:\/\/supcom.standardof.net\/wp-content\/uploads\/sites\/8\/2020\/11\/SKIMMER-TORPEDO-BOMBER-Supreme-Commander-Aeon-Tech-2-Air-Units-800x494.jpg\" alt=\"Torp\u00e9dov\u00fd bombard\u00e9r Skimmer, leteck\u00e1 jednotka Aeon Tech 2 ve vrchn\u00edm veliteli.\" class=\"wp-image-1010\" srcset=\"https:\/\/supcom.standardof.net\/wp-content\/uploads\/sites\/8\/2020\/11\/SKIMMER-TORPEDO-BOMBER-Supreme-Commander-Aeon-Tech-2-Air-Units-800x494.jpg 800w, https:\/\/supcom.standardof.net\/wp-content\/uploads\/sites\/8\/2020\/11\/SKIMMER-TORPEDO-BOMBER-Supreme-Commander-Aeon-Tech-2-Air-Units-512x316.jpg 512w, https:\/\/supcom.standardof.net\/wp-content\/uploads\/sites\/8\/2020\/11\/SKIMMER-TORPEDO-BOMBER-Supreme-Commander-Aeon-Tech-2-Air-Units-200x124.jpg 200w, https:\/\/supcom.standardof.net\/wp-content\/uploads\/sites\/8\/2020\/11\/SKIMMER-TORPEDO-BOMBER-Supreme-Commander-Aeon-Tech-2-Air-Units-768x474.jpg 768w, https:\/\/supcom.standardof.net\/wp-content\/uploads\/sites\/8\/2020\/11\/SKIMMER-TORPEDO-BOMBER-Supreme-Commander-Aeon-Tech-2-Air-Units-16x10.jpg 16w, https:\/\/supcom.standardof.net\/wp-content\/uploads\/sites\/8\/2020\/11\/SKIMMER-TORPEDO-BOMBER-Supreme-Commander-Aeon-Tech-2-Air-Units.jpg 1263w\" sizes=\"(max-width: 800px) 100vw, 800px\" \/><\/a><figcaption>SKIMMER - TORPEDO BOMBER<\/figcaption><\/figure><\/div>\n\n\n\n<section class=\"wp-block-uagb-columns uagb-columns__wrap uagb-columns__background-undefined uagb-columns__stack-mobile uagb-columns__valign-undefined uagb-columns__gap-10 alignundefined uagb-block-c66a4b6d\"><div class=\"uagb-columns__overlay\"><\/div><div class=\"uagb-columns__inner-wrap uagb-columns__columns-2\">\n<div class=\"wp-block-uagb-column uagb-column__wrap uagb-column__background-undefined uagb-block-30f41284\"><div class=\"uagb-column__overlay\"><\/div><div class=\"uagb-column__inner-wrap\">\n<h3 class=\"wp-block-heading\">Statistiky skimmeru<\/h3>\n\n\n\n<p>Brn\u011bn\u00ed: 120 hp (lehk\u00e9)<br>Schopnosti: Sonar, Depth Charge<br>Cena: M600, E6000, T1000<br>Intel:<br>- pohled: 32 (625 m)<br>- sonar: 40 (781 m)<br>Fyzika:<br>- maxim\u00e1ln\u00ed rychlost: 15 (293 m \/ s)<br>- nadmo\u0159sk\u00e1 v\u00fd\u0161ka: 18 (352 m)<br>- vzd\u00e1lenost z\u00e1b\u011bru: 75 (1,46 km)<br>P\u0159epravn\u00ed t\u0159\u00edda: 2<br>Veterancy: 15, 30, 75, 150, 300 zabit\u00ed<br>- \u00farove\u0148 veter\u00e1n\u016f 2: +30 k<br>- \u00farove\u0148 veter\u00e1n\u016f 4: +30 k<br>- \u00farove\u0148 veter\u00e1n\u016f 5: oprava 1 hp \/ s<\/p>\n<\/div><\/div>\n\n\n\n<div class=\"wp-block-uagb-column uagb-column__wrap uagb-column__background-undefined uagb-block-b69aecaf\"><div class=\"uagb-column__overlay\"><\/div><div class=\"uagb-column__inner-wrap\">\n<h3 class=\"wp-block-heading\">Skimmer Zbran\u011b<\/h3>\n\n\n\n<p>Harmonick\u00e1 hloubka n\u00e1boje (Anti Navy):<br>130,00 dps<br>dosah: 3 (58,6 m)<br>st\u0159eln\u00e1 zbra\u0148: po\u0161kozen\u00ed 650<br>rychlost st\u0159elby: 0,2 (ka\u017ed\u00fdch 5 s)<br>\u00farove\u0148 veter\u00e1n\u016f 1: +163 po\u0161kozen\u00ed<br>\u00farove\u0148 veter\u00e1n\u016f 3: +163 po\u0161kozen\u00ed<\/p>\n\n\n\n<p>Air Crash (Death):<br>150 po\u0161kozen\u00ed<br>plocha: 1 (19,5 m)<\/p>\n<\/div><\/div>\n<\/div><\/section>\n<\/div><\/div>\n<\/div><\/section>\n\n\n\n<section class=\"wp-block-uagb-columns uagb-columns__wrap uagb-columns__background-undefined uagb-columns__stack-mobile uagb-columns__valign-undefined uagb-columns__gap-10 alignundefined uagb-block-3898dde5\"><div class=\"uagb-columns__overlay\"><\/div><div class=\"uagb-columns__inner-wrap uagb-columns__columns-1\">\n<div class=\"wp-block-uagb-column uagb-column__wrap uagb-column__background-undefined uagb-block-a7dec367\"><div class=\"uagb-column__overlay\"><\/div><div class=\"uagb-column__inner-wrap\">\n<h2 class=\"wp-block-heading\"><strong>P\u0158\u00cdZRAK <\/strong>- ST\u0158ELBA<\/h2>\n\n\n\n<p>Aeonsk\u00e9 bitevn\u00ed lod\u011b jsou docela \u00fa\u010dinn\u00e9. Jejich laser ve skute\u010dnosti ne v\u017edy zas\u00e1hne pohybuj\u00edc\u00ed se nep\u0159\u00e1telskou jednotku, ale jejich slu\u0161n\u00e9 brn\u011bn\u00ed jim umo\u017e\u0148uje p\u0159e\u017e\u00edt d\u00e9le ne\u017e va\u0161e bombard\u00e9ry a z\u00e1rove\u0148 prov\u00e1d\u011bt p\u0159esn\u00e9 n\u00e1lety. Pou\u017eijte je k zab\u00edjen\u00ed nechr\u00e1n\u011bn\u00fdch masov\u00fdch extraktor\u016f a pozemn\u00edch sil, jin\u00fdch bojov\u00fdch lod\u00ed nebo k hromad\u011b obrovsk\u00e9ho k\u0159\u00eddla a t\u00edm zabijte jejich ACU. Tito lid\u00e9 jsou d\u016fvodem k budov\u00e1n\u00ed antiraket.<\/p>\n\n\n\n<div class=\"wp-block-image\"><figure class=\"aligncenter size-large\"><a href=\"https:\/\/supcom.standardof.net\/cs\/supreme-commander\/aeon-2\/tech-2-aeon-air-jednotky\/specter-gunship-supreme-commander-aeon-tech-2-air-units\/\"><img decoding=\"async\" width=\"800\" height=\"610\" src=\"https:\/\/supcom.standardof.net\/wp-content\/uploads\/sites\/8\/2020\/11\/SPECTER-GUNSHIP-Supreme-Commander-Aeon-Tech-2-Air-Units-800x610.jpg\" alt=\"Spectre Gunship, leteck\u00e1 jednotka Aeon Tech 2 ve vrchn\u00edm veliteli.\" class=\"wp-image-1011\" srcset=\"https:\/\/supcom.standardof.net\/wp-content\/uploads\/sites\/8\/2020\/11\/SPECTER-GUNSHIP-Supreme-Commander-Aeon-Tech-2-Air-Units-800x610.jpg 800w, https:\/\/supcom.standardof.net\/wp-content\/uploads\/sites\/8\/2020\/11\/SPECTER-GUNSHIP-Supreme-Commander-Aeon-Tech-2-Air-Units-512x390.jpg 512w, https:\/\/supcom.standardof.net\/wp-content\/uploads\/sites\/8\/2020\/11\/SPECTER-GUNSHIP-Supreme-Commander-Aeon-Tech-2-Air-Units-200x152.jpg 200w, https:\/\/supcom.standardof.net\/wp-content\/uploads\/sites\/8\/2020\/11\/SPECTER-GUNSHIP-Supreme-Commander-Aeon-Tech-2-Air-Units-768x585.jpg 768w, https:\/\/supcom.standardof.net\/wp-content\/uploads\/sites\/8\/2020\/11\/SPECTER-GUNSHIP-Supreme-Commander-Aeon-Tech-2-Air-Units-16x12.jpg 16w, https:\/\/supcom.standardof.net\/wp-content\/uploads\/sites\/8\/2020\/11\/SPECTER-GUNSHIP-Supreme-Commander-Aeon-Tech-2-Air-Units.jpg 972w\" sizes=\"(max-width: 800px) 100vw, 800px\" \/><\/a><figcaption>SPECTRE - GUNSHIP<\/figcaption><\/figure><\/div>\n\n\n\n<section class=\"wp-block-uagb-columns uagb-columns__wrap uagb-columns__background-undefined uagb-columns__stack-mobile uagb-columns__valign-undefined uagb-columns__gap-10 alignundefined uagb-block-7344f32d\"><div class=\"uagb-columns__overlay\"><\/div><div class=\"uagb-columns__inner-wrap uagb-columns__columns-2\">\n<div class=\"wp-block-uagb-column uagb-column__wrap uagb-column__background-undefined uagb-block-e2a3a5f8\"><div class=\"uagb-column__overlay\"><\/div><div class=\"uagb-column__inner-wrap\">\n<h3 class=\"wp-block-heading\">Statistiky stra\u0161idel<\/h3>\n\n\n\n<p>Brn\u011bn\u00ed: 150 hp (lehk\u00e9)<br>Cena: M390, E7800, T1300<br>Intel: pohled: 32 (625 m)<br>Fyzika:<br>- maxim\u00e1ln\u00ed rychlost: 12 (234 m \/ s)<br>- nadmo\u0159sk\u00e1 v\u00fd\u0161ka: 10 (195 m)<br>P\u0159epravn\u00ed t\u0159\u00edda: 2<br>Veterancy: 15, 30, 75, 150, 300 zabit\u00ed<br>- \u00farove\u0148 veter\u00e1n\u016f 2: +38 k<br>- \u00farove\u0148 veter\u00e1n\u016f 4: +38 k<br>- \u00farove\u0148 veter\u00e1n\u016f 5: oprava 1 hp \/ s<\/p>\n<\/div><\/div>\n\n\n\n<div class=\"wp-block-uagb-column uagb-column__wrap uagb-column__background-undefined uagb-block-e039ff89\"><div class=\"uagb-column__overlay\"><\/div><div class=\"uagb-column__inner-wrap\">\n<h3 class=\"wp-block-heading\">Stra\u0161ideln\u00e9 zbran\u011b<\/h3>\n\n\n\n<p>Quad Light Laser (Direct Fire):<br>60,00 dps<br>dosah: 22 (430 m)<br>st\u0159eln\u00e1 zbra\u0148:<br>12 po\u0161kozen\u00ed x 4 st\u0159ely = 48 po\u0161kozen\u00ed na salvu<br>rychlost st\u0159elby: 1,25 (ka\u017ed\u00fdch 0,8 s)<br>\u00farove\u0148 veter\u00e1n\u016f 1: +3 po\u0161kozen\u00ed<br>\u00farove\u0148 veter\u00e1n\u016f 3: +3 po\u0161kozen\u00ed<\/p>\n\n\n\n<p>Air Crash (Death):<br>100 po\u0161kozen\u00ed<br>plocha: 1 (19,5 m)<\/p>\n<\/div><\/div>\n<\/div><\/section>\n<\/div><\/div>\n<\/div><\/section>\n\n\n\n<section class=\"wp-block-uagb-columns uagb-columns__wrap uagb-columns__background-undefined uagb-columns__stack-mobile uagb-columns__valign-undefined uagb-columns__gap-10 alignundefined uagb-block-fc3deb0c\"><div class=\"uagb-columns__overlay\"><\/div><div class=\"uagb-columns__inner-wrap uagb-columns__columns-1\">\n<div class=\"wp-block-uagb-column uagb-column__wrap uagb-column__background-undefined uagb-block-99bea828\"><div class=\"uagb-column__overlay\"><\/div><div class=\"uagb-column__inner-wrap\">\n<h2 class=\"wp-block-heading\"><strong>HLIN\u00cdK <\/strong>- LETECK\u00c1 DOPRAVA<\/h2>\n\n\n\n<p>I kdy\u017e je hezk\u00e9, \u017ee se leteck\u00e1 doprava m\u016f\u017ee br\u00e1nit, jej\u00ed hlavn\u00ed metodou obrany je jej\u00ed \u201et\u011b\u017ek\u00e9\u201c brn\u011bn\u00ed, kter\u00e9 j\u00ed umo\u017e\u0148uje po\u0159\u00eddit p\u00e1r v\u00fdst\u0159el\u016f z protivzdu\u0161n\u00e9 obrany a p\u0159esto odhodit n\u00e1klad. Nesou dvojn\u00e1sobn\u00e9 mno\u017estv\u00ed jednotek ne\u017e transport T1: 12 chlap\u016f T1, 6 chlap\u016f T2, 3 chlapi T3 nebo ACU \/ SCU. Pokud je v\u00e1\u0161 velitel transportov\u00e1n, nezem\u0159e s leteckou dopravou.<\/p>\n\n\n\n<div class=\"wp-block-image\"><figure class=\"aligncenter size-large\"><a href=\"https:\/\/supcom.standardof.net\/cs\/supreme-commander\/aeon-2\/tech-2-aeon-air-jednotky\/aluminar-air-transport-supreme-commander-aeon-tech-2-air-units\/\"><img decoding=\"async\" width=\"800\" height=\"562\" src=\"https:\/\/supcom.standardof.net\/wp-content\/uploads\/sites\/8\/2020\/11\/ALUMINAR-AIR-TRANSPORT-Supreme-Commander-Aeon-Tech-2-Air-Units-800x562.jpg\" alt=\"Aluminar Air Transport, Aeon Tech 2 Air Unit in Supreme Commander.\" class=\"wp-image-1012\" srcset=\"https:\/\/supcom.standardof.net\/wp-content\/uploads\/sites\/8\/2020\/11\/ALUMINAR-AIR-TRANSPORT-Supreme-Commander-Aeon-Tech-2-Air-Units-800x562.jpg 800w, https:\/\/supcom.standardof.net\/wp-content\/uploads\/sites\/8\/2020\/11\/ALUMINAR-AIR-TRANSPORT-Supreme-Commander-Aeon-Tech-2-Air-Units-512x360.jpg 512w, https:\/\/supcom.standardof.net\/wp-content\/uploads\/sites\/8\/2020\/11\/ALUMINAR-AIR-TRANSPORT-Supreme-Commander-Aeon-Tech-2-Air-Units-200x140.jpg 200w, https:\/\/supcom.standardof.net\/wp-content\/uploads\/sites\/8\/2020\/11\/ALUMINAR-AIR-TRANSPORT-Supreme-Commander-Aeon-Tech-2-Air-Units-768x539.jpg 768w, https:\/\/supcom.standardof.net\/wp-content\/uploads\/sites\/8\/2020\/11\/ALUMINAR-AIR-TRANSPORT-Supreme-Commander-Aeon-Tech-2-Air-Units-16x12.jpg 16w, https:\/\/supcom.standardof.net\/wp-content\/uploads\/sites\/8\/2020\/11\/ALUMINAR-AIR-TRANSPORT-Supreme-Commander-Aeon-Tech-2-Air-Units.jpg 1209w\" sizes=\"(max-width: 800px) 100vw, 800px\" \/><\/a><figcaption>HLIN\u00cdK - LETECK\u00c1 DOPRAVA<\/figcaption><\/figure><\/div>\n\n\n\n<section class=\"wp-block-uagb-columns uagb-columns__wrap uagb-columns__background-undefined uagb-columns__stack-mobile uagb-columns__valign-undefined uagb-columns__gap-10 alignundefined uagb-block-1c8edbb3\"><div class=\"uagb-columns__overlay\"><\/div><div class=\"uagb-columns__inner-wrap uagb-columns__columns-2\">\n<div class=\"wp-block-uagb-column uagb-column__wrap uagb-column__background-undefined uagb-block-58666bef\"><div class=\"uagb-column__overlay\"><\/div><div class=\"uagb-column__inner-wrap\">\n<h3 class=\"wp-block-heading\">Aluminar Stats<\/h3>\n\n\n\n<p>Brn\u011bn\u00ed: 210 hp (lehk\u00e9)<br>Schopnosti: Doprava T2: P\u0159epravuje ACU, pozemn\u00ed jednotky T1-T3<br>Cena: M320, E12800, T1600<br>Intel: pohled: 32 (625 m)<br>Fyzika:<br>- maxim\u00e1ln\u00ed rychlost: 18 (352 m \/ s)<br>- nadmo\u0159sk\u00e1 v\u00fd\u0161ka: 8 (156 m)<br>Transportn\u00ed t\u0159\u00edda: 10,<br>- velikost p\u0159ipevn\u011bn\u00ed t\u0159\u00eddy 2: 2<br>- velikost p\u0159\u00edlohy 3 t\u0159\u00eddy: 4<br>Veterancy: 15, 30, 75, 150, 300 zabit\u00ed<br>- \u00farove\u0148 veter\u00e1n\u016f 2: +53 hp<br>- \u00farove\u0148 veter\u00e1n\u016f 4: +53 hp<br>- \u00farove\u0148 veter\u00e1n\u016f 5: oprava 1 hp \/ s<\/p>\n<\/div><\/div>\n\n\n\n<div class=\"wp-block-uagb-column uagb-column__wrap uagb-column__background-undefined uagb-block-c3625354\"><div class=\"uagb-column__overlay\"><\/div><div class=\"uagb-column__inner-wrap\">\n<h3 class=\"wp-block-heading\">Hlin\u00edkov\u00e9 zbran\u011b<\/h3>\n\n\n\n<p>4x Sonic Pulse Battery (Anti Air):<br>4,00 dps<br>dosah: 20 (391 m)<br>st\u0159eln\u00e1 zbra\u0148:<br>Po\u0161kozen\u00ed 3,92 x 3 st\u0159ely = po\u0161kozen\u00ed 11,76 na salvu<br>rychlost st\u0159elby: 0,34 (ka\u017ed\u00fdch 2,94 s)<br>\u00farove\u0148 veter\u00e1n\u016f 1: +1 po\u0161kozen\u00ed<br>\u00farove\u0148 veter\u00e1n\u016f 3: po\u0161kozen\u00ed +1<\/p>\n<\/div><\/div>\n<\/div><\/section>\n<\/div><\/div>\n<\/div><\/section>","protected":false},"excerpt":{"rendered":"<p>MERCY &#8211; GUIDED MISSILE The Mercy is exactly what it says: a tiny guided missile. It can&#8217;t recharge fuel, so you have only a short time to throw it at the enemy Commander, which it will kill in four shots. They&#8217;re faster than a bomber and far more deadly, but don&#8217;t waste them on anything [&hellip;]<\/p>","protected":false},"author":1,"featured_media":0,"parent":503,"menu_order":0,"comment_status":"open","ping_status":"closed","template":"","meta":{"_uag_custom_page_level_css":"","site-sidebar-layout":"default","site-content-layout":"default","ast-site-content-layout":"","site-content-style":"default","site-sidebar-style":"default","ast-global-header-display":"","ast-banner-title-visibility":"","ast-main-header-display":"","ast-hfb-above-header-display":"","ast-hfb-below-header-display":"","ast-hfb-mobile-header-display":"","site-post-title":"","ast-breadcrumbs-content":"","ast-featured-img":"","footer-sml-layout":"","theme-transparent-header-meta":"default","adv-header-id-meta":"","stick-header-meta":"","header-above-stick-meta":"","header-main-stick-meta":"","header-below-stick-meta":"","astra-migrate-meta-layouts":"default","ast-page-background-enabled":"default","ast-page-background-meta":{"desktop":{"background-color":"","background-image":"","background-repeat":"repeat","background-position":"center center","background-size":"auto","background-attachment":"scroll","background-type":"","background-media":"","overlay-type":"","overlay-color":"","overlay-gradient":""},"tablet":{"background-color":"","background-image":"","background-repeat":"repeat","background-position":"center center","background-size":"auto","background-attachment":"scroll","background-type":"","background-media":"","overlay-type":"","overlay-color":"","overlay-gradient":""},"mobile":{"background-color":"","background-image":"","background-repeat":"repeat","background-position":"center center","background-size":"auto","background-attachment":"scroll","background-type":"","background-media":"","overlay-type":"","overlay-color":"","overlay-gradient":""}},"ast-content-background-meta":{"desktop":{"background-color":"var(--ast-global-color-5)","background-image":"","background-repeat":"repeat","background-position":"center center","background-size":"auto","background-attachment":"scroll","background-type":"","background-media":"","overlay-type":"","overlay-color":"","overlay-gradient":""},"tablet":{"background-color":"var(--ast-global-color-5)","background-image":"","background-repeat":"repeat","background-position":"center center","background-size":"auto","background-attachment":"scroll","background-type":"","background-media":"","overlay-type":"","overlay-color":"","overlay-gradient":""},"mobile":{"background-color":"var(--ast-global-color-5)","background-image":"","background-repeat":"repeat","background-position":"center center","background-size":"auto","background-attachment":"scroll","background-type":"","background-media":"","overlay-type":"","overlay-color":"","overlay-gradient":""}},"footnotes":""},"uagb_featured_image_src":{"full":false,"thumbnail":false,"medium":false,"medium_large":false,"large":false,"1536x1536":false,"2048x2048":false,"trp-custom-language-flag":false},"uagb_author_info":{"display_name":"SOE","author_link":"https:\/\/supcom.standardof.net\/cs\/author\/k-tastic\/"},"uagb_comment_info":0,"uagb_excerpt":"MERCY &#8211; GUIDED MISSILE The Mercy is exactly what it says: a tiny guided missile. It can&#8217;t recharge fuel, so you have only a short time to throw it at the enemy Commander, which it will kill in four shots. They&#8217;re faster than a bomber and far more deadly, but don&#8217;t waste them on anything&hellip;","_links":{"self":[{"href":"https:\/\/supcom.standardof.net\/cs\/wp-json\/wp\/v2\/pages\/785"}],"collection":[{"href":"https:\/\/supcom.standardof.net\/cs\/wp-json\/wp\/v2\/pages"}],"about":[{"href":"https:\/\/supcom.standardof.net\/cs\/wp-json\/wp\/v2\/types\/page"}],"author":[{"embeddable":true,"href":"https:\/\/supcom.standardof.net\/cs\/wp-json\/wp\/v2\/users\/1"}],"replies":[{"embeddable":true,"href":"https:\/\/supcom.standardof.net\/cs\/wp-json\/wp\/v2\/comments?post=785"}],"version-history":[{"count":0,"href":"https:\/\/supcom.standardof.net\/cs\/wp-json\/wp\/v2\/pages\/785\/revisions"}],"up":[{"embeddable":true,"href":"https:\/\/supcom.standardof.net\/cs\/wp-json\/wp\/v2\/pages\/503"}],"wp:attachment":[{"href":"https:\/\/supcom.standardof.net\/cs\/wp-json\/wp\/v2\/media?parent=785"}],"curies":[{"name":"wp","href":"https:\/\/api.w.org\/{rel}","templated":true}]}}