{"id":787,"date":"2020-11-03T21:32:41","date_gmt":"2020-11-04T02:32:41","guid":{"rendered":"https:\/\/supcom.standardof.net\/?page_id=787"},"modified":"2020-11-04T19:18:44","modified_gmt":"2020-11-05T00:18:44","slug":"tech-1-aeon-air-units","status":"publish","type":"page","link":"https:\/\/supcom.standardof.net\/cs\/supreme-commander\/aeon-2\/tech-1-aeon-air-jednotky\/","title":{"rendered":"Tech 1 - Aeon Air Units"},"content":{"rendered":"<div class=\"wp-block-uagb-table-of-contents uagb-toc__align-left uagb-toc__columns-1  uagb-block-789229fe\"\n\t\t\t\t\tdata-scroll= \"1\"\n\t\t\t\t\tdata-offset= \"30\"\n\t\t\t\t\tstyle=\"\"\n\t\t\t\t>\n\t\t\t\t<div class=\"uagb-toc__wrap\">\n\t\t\t\t\t\t<div class=\"uagb-toc__title\">\n\t\t\t\t\t\t\tVzduchov\u00e9 jednotky Aeon Tech 1:\t\t\t\t\t\t<\/div>\n\t\t\t\t\t\t\t\t\t\t\t\t\t\t\t\t<div class=\"uagb-toc__list-wrap\">\n\t\t\t\t\t\t<ol class=\"uagb-toc__list\"><li class=\"uagb-toc__list\"><a href=\"#mirage-air-scout\" class=\"uagb-toc-link__trigger\">MIRAGE - AIR SCOUT<\/a><li class=\"uagb-toc__list\"><a href=\"#conservator-interceptor\" class=\"uagb-toc-link__trigger\">KONZERV\u00c1TOR - INTERCEPTOR<\/a><li class=\"uagb-toc__list\"><a href=\"#shimmer-attack-bomber\" class=\"uagb-toc-link__trigger\">SHIMMER - \u00daTO\u010cN\u00c1 BOMBA<\/a><li class=\"uagb-toc__list\"><a href=\"#chariot-light-air-transport\" class=\"uagb-toc-link__trigger\">CHARIOT - LEHK\u00c1 LETECK\u00c1 DOPRAVA<\/a><\/ol>\t\t\t\t\t<\/div>\n\t\t\t\t\t\t\t\t\t<\/div>\n\t\t\t\t<\/div>\n\t\t\t\n\n\n<section class=\"wp-block-uagb-columns uagb-columns__wrap uagb-columns__background-undefined uagb-columns__stack-mobile uagb-columns__valign-undefined uagb-columns__gap-10 alignundefined uagb-block-c2a412b8\"><div class=\"uagb-columns__overlay\"><\/div><div class=\"uagb-columns__inner-wrap uagb-columns__columns-1\">\n<div class=\"wp-block-uagb-column uagb-column__wrap uagb-column__background-undefined uagb-block-b527d383\"><div class=\"uagb-column__overlay\"><\/div><div class=\"uagb-column__inner-wrap\">\n<h2 class=\"wp-block-heading\"><strong>MIRAGE <\/strong>- AIR SCOUT<\/h2>\n\n\n\n<p>Air Scout je extr\u00e9mn\u011b levn\u00fd a d\u00edky t\u00e9to ctnosti je u\u017eite\u010dn\u00fd. Zat\u00edmco interceptor se \u010dasto dostane d\u00e1l na nep\u0159\u00e1telskou z\u00e1kladnu, jedin\u00fd leteck\u00fd pr\u016fzkumn\u00edk ve va\u0161\u00ed front\u011b v\u00e1m umo\u017en\u00ed nahromadit sadu pr\u016fzkumn\u00edk\u016f, kte\u0159\u00ed mohou k\u0159i\u017eovat mapu a hledat lehce br\u00e1n\u011bnou cestu a p\u0159esn\u011b 1 hmotu za sekundu.<\/p>\n\n\n\n<div class=\"wp-block-image\"><figure class=\"aligncenter size-large\"><a href=\"https:\/\/supcom.standardof.net\/cs\/supreme-commander\/aeon-2\/tech-1-aeon-air-jednotky\/mirage-air-scout-supreme-commander-aeon-tech-1-air-units\/\"><img decoding=\"async\" width=\"800\" height=\"573\" src=\"https:\/\/supcom.standardof.net\/wp-content\/uploads\/sites\/8\/2020\/11\/MIRAGE-AIR-SCOUT-Supreme-Commander-Aeon-Tech-1-Air-Units-800x573.jpg\" alt=\"Mirage Air Scout, leteck\u00e1 jednotka Aeon Tech 1 ve vrchn\u00edm veliteli.\" class=\"wp-image-1003\" srcset=\"https:\/\/supcom.standardof.net\/wp-content\/uploads\/sites\/8\/2020\/11\/MIRAGE-AIR-SCOUT-Supreme-Commander-Aeon-Tech-1-Air-Units-800x573.jpg 800w, https:\/\/supcom.standardof.net\/wp-content\/uploads\/sites\/8\/2020\/11\/MIRAGE-AIR-SCOUT-Supreme-Commander-Aeon-Tech-1-Air-Units-512x367.jpg 512w, https:\/\/supcom.standardof.net\/wp-content\/uploads\/sites\/8\/2020\/11\/MIRAGE-AIR-SCOUT-Supreme-Commander-Aeon-Tech-1-Air-Units-200x143.jpg 200w, https:\/\/supcom.standardof.net\/wp-content\/uploads\/sites\/8\/2020\/11\/MIRAGE-AIR-SCOUT-Supreme-Commander-Aeon-Tech-1-Air-Units-768x550.jpg 768w, https:\/\/supcom.standardof.net\/wp-content\/uploads\/sites\/8\/2020\/11\/MIRAGE-AIR-SCOUT-Supreme-Commander-Aeon-Tech-1-Air-Units-16x12.jpg 16w, https:\/\/supcom.standardof.net\/wp-content\/uploads\/sites\/8\/2020\/11\/MIRAGE-AIR-SCOUT-Supreme-Commander-Aeon-Tech-1-Air-Units.jpg 834w\" sizes=\"(max-width: 800px) 100vw, 800px\" \/><\/a><figcaption>MIRAGE - AIR SCOUT<\/figcaption><\/figure><\/div>\n\n\n\n<section class=\"wp-block-uagb-columns uagb-columns__wrap uagb-columns__background-undefined uagb-columns__stack-mobile uagb-columns__valign-undefined uagb-columns__gap-10 alignundefined uagb-block-48b87f34\"><div class=\"uagb-columns__overlay\"><\/div><div class=\"uagb-columns__inner-wrap uagb-columns__columns-2\">\n<div class=\"wp-block-uagb-column uagb-column__wrap uagb-column__background-undefined uagb-block-46ed8a63\"><div class=\"uagb-column__overlay\"><\/div><div class=\"uagb-column__inner-wrap\">\n<h3 class=\"wp-block-heading\">Statistiky Mirage<\/h3>\n\n\n\n<p>Brn\u011bn\u00ed: 3 hp (lehk\u00e9)<br>Cena: M16, E640, T160<br>Intel: pohled: 70 (1,37 km)<br>Fyzika:<br>- maxim\u00e1ln\u00ed rychlost: 17 (332 m \/ s)<br>- rychlost ot\u00e1\u010den\u00ed: 100<br>- nadmo\u0159sk\u00e1 v\u00fd\u0161ka: 20 (391 m)<br>P\u0159epravn\u00ed t\u0159\u00edda: 1<br>- \u00farove\u0148 veter\u00e1n\u016f 2: +1 hp,<br>- \u00farove\u0148 veter\u00e1n\u016f 4: +1 hp,<br>- \u00farove\u0148 veter\u00e1n\u016f 5: oprava 1 hp \/ s<\/p>\n<\/div><\/div>\n\n\n\n<div class=\"wp-block-uagb-column uagb-column__wrap uagb-column__background-undefined uagb-block-7b8d7bef\"><div class=\"uagb-column__overlay\"><\/div><div class=\"uagb-column__inner-wrap\">\n<h3 class=\"wp-block-heading\">Mirage Weapons<\/h3>\n\n\n\n<p>Air Crash (Death):<br>10 po\u0161kozen\u00ed<br>plocha: 1 (19,5 m)<\/p>\n<\/div><\/div>\n<\/div><\/section>\n<\/div><\/div>\n<\/div><\/section>\n\n\n\n<section class=\"wp-block-uagb-columns uagb-columns__wrap uagb-columns__background-undefined uagb-columns__stack-mobile uagb-columns__valign-undefined uagb-columns__gap-10 alignundefined uagb-block-2f53e8f4\"><div class=\"uagb-columns__overlay\"><\/div><div class=\"uagb-columns__inner-wrap uagb-columns__columns-1\">\n<div class=\"wp-block-uagb-column uagb-column__wrap uagb-column__background-undefined uagb-block-9dbd4722\"><div class=\"uagb-column__overlay\"><\/div><div class=\"uagb-column__inner-wrap\">\n<h2 class=\"wp-block-heading\"><strong>KONZERV\u00c1TOR <\/strong>- INTERCEPTOR<\/h2>\n\n\n\n<p>Interceptory jsou chlebem a m\u00e1slem va\u0161\u00ed protivzdu\u0161n\u00e9 obrany. Jsou rychl\u00e9, efektivn\u00ed a levn\u00e9, co\u017e znamen\u00e1, \u017ee m\u016f\u017eete nastavit Engineers tak, aby stav\u011bli v\u00edce, ani\u017e byste museli pozastavovat sv\u00e9 dal\u0161\u00ed projekty. Doporu\u010duji m\u00edt jednu Air Factory nastavenou na stavbu nekone\u010dn\u00fdch interceptor\u016f pro celou hru.<\/p>\n\n\n\n<div class=\"wp-block-image\"><figure class=\"aligncenter size-large\"><a href=\"https:\/\/supcom.standardof.net\/cs\/supreme-commander\/aeon-2\/tech-1-aeon-air-jednotky\/conservator-interceptor-supreme-commander-aeon-tech-1-air-units\/\"><img decoding=\"async\" width=\"714\" height=\"429\" src=\"https:\/\/supcom.standardof.net\/wp-content\/uploads\/sites\/8\/2020\/11\/CONSERVATOR-INTERCEPTOR-Supreme-Commander-Aeon-Tech-1-Air-Units.jpg\" alt=\"Conservator Interceptor, leteck\u00e1 jednotka Aeon Tech 1 ve vrchn\u00edm veliteli.\" class=\"wp-image-1006\" srcset=\"https:\/\/supcom.standardof.net\/wp-content\/uploads\/sites\/8\/2020\/11\/CONSERVATOR-INTERCEPTOR-Supreme-Commander-Aeon-Tech-1-Air-Units.jpg 714w, https:\/\/supcom.standardof.net\/wp-content\/uploads\/sites\/8\/2020\/11\/CONSERVATOR-INTERCEPTOR-Supreme-Commander-Aeon-Tech-1-Air-Units-512x308.jpg 512w, https:\/\/supcom.standardof.net\/wp-content\/uploads\/sites\/8\/2020\/11\/CONSERVATOR-INTERCEPTOR-Supreme-Commander-Aeon-Tech-1-Air-Units-200x120.jpg 200w, https:\/\/supcom.standardof.net\/wp-content\/uploads\/sites\/8\/2020\/11\/CONSERVATOR-INTERCEPTOR-Supreme-Commander-Aeon-Tech-1-Air-Units-16x10.jpg 16w\" sizes=\"(max-width: 714px) 100vw, 714px\" \/><\/a><figcaption>KONZERV\u00c1TOR - INTERCEPTOR<\/figcaption><\/figure><\/div>\n\n\n\n<section class=\"wp-block-uagb-columns uagb-columns__wrap uagb-columns__background-undefined uagb-columns__stack-mobile uagb-columns__valign-undefined uagb-columns__gap-10 alignundefined uagb-block-760ecc45\"><div class=\"uagb-columns__overlay\"><\/div><div class=\"uagb-columns__inner-wrap uagb-columns__columns-2\">\n<div class=\"wp-block-uagb-column uagb-column__wrap uagb-column__background-undefined uagb-block-c87a93cd\"><div class=\"uagb-column__overlay\"><\/div><div class=\"uagb-column__inner-wrap\">\n<h3 class=\"wp-block-heading\">Statistiky konzerv\u00e1tora<\/h3>\n\n\n\n<p>Brn\u011bn\u00ed: 18 hp (lehk\u00e9)<br>Cena: M38, E2280, T380<br>Intel: pohled: 32 (625 m)<br>Fyzika:<br>- maxim\u00e1ln\u00ed rychlost: 19 (371 m \/ s)<br>- nadmo\u0159sk\u00e1 v\u00fd\u0161ka: 18 (352 m)<br>- z\u00e1b\u011brov\u00e1 vzd\u00e1lenost: 50 (977 m)<br>P\u0159epravn\u00ed t\u0159\u00edda: 1<br>Veterancy: 5, 10, 25, 50, 100 zabit\u00ed<br>- \u00farove\u0148 veter\u00e1n\u016f 2: +5 hp<br>- \u00farove\u0148 veter\u00e1n\u016f 4: +5 hp<br>- \u00farove\u0148 veter\u00e1n\u016f 5: oprava 1 hp \/ s<\/p>\n<\/div><\/div>\n\n\n\n<div class=\"wp-block-uagb-column uagb-column__wrap uagb-column__background-undefined uagb-block-b88dded1\"><div class=\"uagb-column__overlay\"><\/div><div class=\"uagb-column__inner-wrap\">\n<h3 class=\"wp-block-heading\">Zbran\u011b konzerv\u00e1tora<\/h3>\n\n\n\n<p>2x pulzn\u00ed baterie Sonic (Anti Air):<br>10,20 dps<br>dosah: 20 (391 m)<br>st\u0159eln\u00e1 zbra\u0148:<br>4 po\u0161kozen\u00ed x 3 st\u0159ely = 12 po\u0161kozen\u00ed na salvu<br>rychlost st\u0159elby: 0,85 (ka\u017ed\u00fdch 1,18 s)<br>\u00farove\u0148 veter\u00e1n\u016f 1: +1 po\u0161kozen\u00ed<br>\u00farove\u0148 veter\u00e1n\u016f 3: po\u0161kozen\u00ed +1<\/p>\n\n\n\n<p>Air Crash (Death):<br>25 po\u0161kozen\u00ed<br>plocha: 1 (19,5 m)<\/p>\n<\/div><\/div>\n<\/div><\/section>\n<\/div><\/div>\n<\/div><\/section>\n\n\n\n<section class=\"wp-block-uagb-columns uagb-columns__wrap uagb-columns__background-undefined uagb-columns__stack-mobile uagb-columns__valign-undefined uagb-columns__gap-10 alignundefined uagb-block-0c99dac8\"><div class=\"uagb-columns__overlay\"><\/div><div class=\"uagb-columns__inner-wrap uagb-columns__columns-1\">\n<div class=\"wp-block-uagb-column uagb-column__wrap uagb-column__background-undefined uagb-block-509135f2\"><div class=\"uagb-column__overlay\"><\/div><div class=\"uagb-column__inner-wrap\">\n<h2 class=\"wp-block-heading\"><strong>LESK <\/strong>- \u00daTO\u010cN\u00c1 BOMBA<\/h2>\n\n\n\n<p>\u00dato\u010dn\u00fd bombard\u00e9r Aeon je ve srovn\u00e1n\u00ed s ostatn\u00edmi nev\u00fdrazn\u00fd. Bomba m\u00e1 dobrou oblast \u00fa\u010dinku, ale shod\u00ed pouze jednu bombu m\u00edsto skupiny v\u00fdst\u0159el\u016f, kter\u00e9 ostatn\u00ed bombard\u00e9ry vyst\u0159el\u00ed, tak\u017ee je m\u00e9n\u011b pravd\u011bpodobn\u00e9, \u017ee zas\u00e1hne pozemn\u00ed jednotky, a celkov\u011b m\u00e9n\u011b siln\u00e1 proti velk\u00fdm struktur\u00e1m. Samoz\u0159ejm\u011b, n\u011bkolik bombard\u00e9r\u016f vyslan\u00fdch k obt\u011b\u017eov\u00e1n\u00ed nep\u0159\u00e1telsk\u00fdch vojsk d\u011bl\u00e1 velkou n\u00e1vnadu pro nep\u0159\u00e1telsk\u00e9 st\u00edha\u010de, nebo ho dokonce m\u016f\u017ee zpanika\u0159it a za\u010d\u00edt stav\u011bt p\u0159\u00edli\u0161 mnoho protileteck\u00fdch jednotek - co\u017e je p\u0159esn\u011b to, co chcete, proto\u017ee se m\u016f\u017eete l\u00e9pe soust\u0159edit v\u011bci.<\/p>\n\n\n\n<div class=\"wp-block-image\"><figure class=\"aligncenter size-large\"><a href=\"https:\/\/supcom.standardof.net\/cs\/supreme-commander\/aeon-2\/tech-1-aeon-air-jednotky\/shimmer-attack-bomber-supreme-commander-aeon-tech-1-air-units\/\"><img decoding=\"async\" width=\"800\" height=\"441\" src=\"https:\/\/supcom.standardof.net\/wp-content\/uploads\/sites\/8\/2020\/11\/SHIMMER-ATTACK-BOMBER-Supreme-Commander-Aeon-Tech-1-Air-Units-800x441.jpg\" alt=\"Shimmer Attack Bomber, leteck\u00e1 jednotka Aeon Tech 1 ve vrchn\u00edm veliteli.\" class=\"wp-image-1004\" srcset=\"https:\/\/supcom.standardof.net\/wp-content\/uploads\/sites\/8\/2020\/11\/SHIMMER-ATTACK-BOMBER-Supreme-Commander-Aeon-Tech-1-Air-Units-800x441.jpg 800w, https:\/\/supcom.standardof.net\/wp-content\/uploads\/sites\/8\/2020\/11\/SHIMMER-ATTACK-BOMBER-Supreme-Commander-Aeon-Tech-1-Air-Units-512x282.jpg 512w, https:\/\/supcom.standardof.net\/wp-content\/uploads\/sites\/8\/2020\/11\/SHIMMER-ATTACK-BOMBER-Supreme-Commander-Aeon-Tech-1-Air-Units-200x110.jpg 200w, https:\/\/supcom.standardof.net\/wp-content\/uploads\/sites\/8\/2020\/11\/SHIMMER-ATTACK-BOMBER-Supreme-Commander-Aeon-Tech-1-Air-Units-768x423.jpg 768w, https:\/\/supcom.standardof.net\/wp-content\/uploads\/sites\/8\/2020\/11\/SHIMMER-ATTACK-BOMBER-Supreme-Commander-Aeon-Tech-1-Air-Units-16x9.jpg 16w, https:\/\/supcom.standardof.net\/wp-content\/uploads\/sites\/8\/2020\/11\/SHIMMER-ATTACK-BOMBER-Supreme-Commander-Aeon-Tech-1-Air-Units.jpg 1257w\" sizes=\"(max-width: 800px) 100vw, 800px\" \/><\/a><figcaption>SHIMMER - \u00daTO\u010cN\u00c1 BOMBA<\/figcaption><\/figure><\/div>\n\n\n\n<section class=\"wp-block-uagb-columns uagb-columns__wrap uagb-columns__background-undefined uagb-columns__stack-mobile uagb-columns__valign-undefined uagb-columns__gap-10 alignundefined uagb-block-961951a9\"><div class=\"uagb-columns__overlay\"><\/div><div class=\"uagb-columns__inner-wrap uagb-columns__columns-2\">\n<div class=\"wp-block-uagb-column uagb-column__wrap uagb-column__background-undefined uagb-block-44fd905b\"><div class=\"uagb-column__overlay\"><\/div><div class=\"uagb-column__inner-wrap\">\n<h3 class=\"wp-block-heading\">T\u0159pytiv\u00e9 statistiky<\/h3>\n\n\n\n<p>Brn\u011bn\u00ed: 18 hp (lehk\u00e9)<br>Schopnosti: Stun Shot: Vyhl\u00e1\u0161ka omr\u00e1\u010d\u00ed nep\u0159\u00e1tele<br>Cena: M144, E2880, T480<br>Intel: pohled: 32 (625 m)<br>Fyzika:<br>- maxim\u00e1ln\u00ed rychlost: 12 (234 m \/ s)<br>- nadmo\u0159sk\u00e1 v\u00fd\u0161ka: 18 (352 m)<br>- z\u00e1b\u011brov\u00e1 vzd\u00e1lenost: 50 (977 m)<br>P\u0159epravn\u00ed t\u0159\u00edda: 2<br>Veterancy: 5, 10, 25, 50, 100 zabit\u00ed<br>- \u00farove\u0148 veter\u00e1n\u016f 2: +5 hp<br>- \u00farove\u0148 veter\u00e1n\u016f 4: +5 hp<br>- \u00farove\u0148 veter\u00e1n\u016f 5: oprava 1 hp \/ s<\/p>\n<\/div><\/div>\n\n\n\n<div class=\"wp-block-uagb-column uagb-column__wrap uagb-column__background-undefined uagb-block-a2c67bf7\"><div class=\"uagb-column__overlay\"><\/div><div class=\"uagb-column__inner-wrap\">\n<h3 class=\"wp-block-heading\">T\u0159pytiv\u00e9 zbran\u011b<\/h3>\n\n\n\n<p>Gravitonov\u00e1 bomba (bomba):<br>100,00 dps<br>plocha: 4 (78,1 m)<br>dosah: 2 (39,1 m)<br>st\u0159eln\u00e1 zbra\u0148: 200 po\u0161kozen\u00ed<br>rychlost st\u0159elby: 0,5 (ka\u017ed\u00e9 2 s)<br>\u00farove\u0148 veter\u00e1n\u016f 1: +50 k po\u0161kozen\u00ed<br>\u00farove\u0148 veter\u00e1n\u016f 3: +50 po\u0161kozen\u00ed<\/p>\n\n\n\n<p>Air Crash (Death):<br>100 po\u0161kozen\u00ed<br>plocha: 1 (19,5 m)<\/p>\n<\/div><\/div>\n<\/div><\/section>\n<\/div><\/div>\n<\/div><\/section>\n\n\n\n<section class=\"wp-block-uagb-columns uagb-columns__wrap uagb-columns__background-undefined uagb-columns__stack-mobile uagb-columns__valign-undefined uagb-columns__gap-10 alignundefined uagb-block-9f9f402b\"><div class=\"uagb-columns__overlay\"><\/div><div class=\"uagb-columns__inner-wrap uagb-columns__columns-1\">\n<div class=\"wp-block-uagb-column uagb-column__wrap uagb-column__background-undefined uagb-block-e203435a\"><div class=\"uagb-column__overlay\"><\/div><div class=\"uagb-column__inner-wrap\">\n<h2 class=\"wp-block-heading\"><strong>CHARIOT <\/strong>- LEHK\u00c1 LETECK\u00c1 DOPRAVA<\/h2>\n\n\n\n<p>V\u00fdhoda v\u010dasn\u00e9ho leteck\u00e9ho transportu je dvoj\u00ed: m\u016f\u017eete p\u0159epravit sv\u00e9 \u00fato\u010dn\u00e9 roboty a m\u00edt l\u00e9taj\u00edc\u00ed bojov\u00fd vrtuln\u00edk, kter\u00fd zabije nep\u0159\u00e1telsk\u00e9 s\u00edly T1, nebo m\u016f\u017eete za nep\u0159\u00e1telsk\u00fdmi liniemi vyd\u011blat v\u00edce nebezpe\u010dn\u00fdch kapek jednotek nebo in\u017een\u00fdr\u016f. Nespol\u00e9hejte se na to, \u017ee budou \u017e\u00edt d\u00e9le ne\u017e jednu kapku; jsou tam hlavn\u011b proto, aby zas\u00e1hli strach do srdc\u00ed va\u0161ich nep\u0159\u00e1tel, ne\u017e aby skute\u010dn\u011b p\u0159inesli v\u00edt\u011bzstv\u00ed. P\u0159epravuje 6 jednotek T1, 3 jednotky T2 nebo 1 jednotku T3.<\/p>\n\n\n\n<div class=\"wp-block-image\"><figure class=\"aligncenter size-large\"><a href=\"https:\/\/supcom.standardof.net\/cs\/supreme-commander\/aeon-2\/tech-1-aeon-air-jednotky\/chariot-light-air-transport-supreme-commander-aeon-tech-1-air-units\/\"><img decoding=\"async\" width=\"792\" height=\"522\" src=\"https:\/\/supcom.standardof.net\/wp-content\/uploads\/sites\/8\/2020\/11\/CHARIOT-LIGHT-AIR-TRANSPORT-Supreme-Commander-Aeon-Tech-1-Air-Units.jpg\" alt=\"Chariot Light Air Transport, Aeon Tech 1 Air Unit in Supreme Commander.\" class=\"wp-image-1005\" srcset=\"https:\/\/supcom.standardof.net\/wp-content\/uploads\/sites\/8\/2020\/11\/CHARIOT-LIGHT-AIR-TRANSPORT-Supreme-Commander-Aeon-Tech-1-Air-Units.jpg 792w, https:\/\/supcom.standardof.net\/wp-content\/uploads\/sites\/8\/2020\/11\/CHARIOT-LIGHT-AIR-TRANSPORT-Supreme-Commander-Aeon-Tech-1-Air-Units-512x337.jpg 512w, https:\/\/supcom.standardof.net\/wp-content\/uploads\/sites\/8\/2020\/11\/CHARIOT-LIGHT-AIR-TRANSPORT-Supreme-Commander-Aeon-Tech-1-Air-Units-200x132.jpg 200w, https:\/\/supcom.standardof.net\/wp-content\/uploads\/sites\/8\/2020\/11\/CHARIOT-LIGHT-AIR-TRANSPORT-Supreme-Commander-Aeon-Tech-1-Air-Units-768x506.jpg 768w, https:\/\/supcom.standardof.net\/wp-content\/uploads\/sites\/8\/2020\/11\/CHARIOT-LIGHT-AIR-TRANSPORT-Supreme-Commander-Aeon-Tech-1-Air-Units-16x12.jpg 16w\" sizes=\"(max-width: 792px) 100vw, 792px\" \/><\/a><figcaption>CHARIOT - LEHK\u00c1 LETECK\u00c1 DOPRAVA<\/figcaption><\/figure><\/div>\n\n\n\n<section class=\"wp-block-uagb-columns uagb-columns__wrap uagb-columns__background-undefined uagb-columns__stack-mobile uagb-columns__valign-undefined uagb-columns__gap-10 alignundefined uagb-block-a091402f\"><div class=\"uagb-columns__overlay\"><\/div><div class=\"uagb-columns__inner-wrap uagb-columns__columns-2\">\n<div class=\"wp-block-uagb-column uagb-column__wrap uagb-column__background-undefined uagb-block-4f987371\"><div class=\"uagb-column__overlay\"><\/div><div class=\"uagb-column__inner-wrap\">\n<h3 class=\"wp-block-heading\">Statistiky vozu<\/h3>\n\n\n\n<p>Brn\u011bn\u00ed: 90 hp (lehk\u00e9)<br>Schopnosti: P\u0159eprava T1: P\u0159epravuje pozemn\u00ed jednotky T1-T3<br>Cena: M120, E4800, T600<br>Intel: pohled: 32 (625 m)<br>Fyzika:<br>maxim\u00e1ln\u00ed rychlost: 15 (293 m \/ s)<br>nadmo\u0159sk\u00e1 v\u00fd\u0161ka: 8 (156 m)<br>P\u0159epravn\u00ed t\u0159\u00edda: 10<br>t\u0159\u00edda 2 velikost p\u0159\u00edlohy: 2<br>t\u0159\u00edda 3 velikost p\u0159\u00edlohy: 4<br>\u00farove\u0148 veter\u00e1n\u016f 2: +23 hp<br>\u00farove\u0148 veter\u00e1n\u016f 4: +23 hp<br>\u00farove\u0148 veter\u00e1n\u016f 5: oprava 1 hp \/ s<\/p>\n<\/div><\/div>\n\n\n\n<div class=\"wp-block-uagb-column uagb-column__wrap uagb-column__background-undefined uagb-block-aa97c7c2\"><div class=\"uagb-column__overlay\"><\/div><div class=\"uagb-column__inner-wrap\"><\/div><\/div>\n<\/div><\/section>\n<\/div><\/div>\n<\/div><\/section>","protected":false},"excerpt":{"rendered":"<p>MIRAGE &#8211; AIR SCOUT The Air Scout is extremely inexpensive, and it&#8217;s this virtue that makes it useful. While an interceptor will often get farther into an enemy base, a single air scout in your build queue will let you stockpile a set of scouts that can crisscross the map looking for a lightly defended [&hellip;]<\/p>","protected":false},"author":1,"featured_media":0,"parent":503,"menu_order":0,"comment_status":"open","ping_status":"closed","template":"","meta":{"_uag_custom_page_level_css":"","site-sidebar-layout":"default","site-content-layout":"default","ast-site-content-layout":"","site-content-style":"default","site-sidebar-style":"default","ast-global-header-display":"","ast-banner-title-visibility":"","ast-main-header-display":"","ast-hfb-above-header-display":"","ast-hfb-below-header-display":"","ast-hfb-mobile-header-display":"","site-post-title":"","ast-breadcrumbs-content":"","ast-featured-img":"","footer-sml-layout":"","theme-transparent-header-meta":"default","adv-header-id-meta":"","stick-header-meta":"","header-above-stick-meta":"","header-main-stick-meta":"","header-below-stick-meta":"","astra-migrate-meta-layouts":"default","ast-page-background-enabled":"default","ast-page-background-meta":{"desktop":{"background-color":"","background-image":"","background-repeat":"repeat","background-position":"center center","background-size":"auto","background-attachment":"scroll","background-type":"","background-media":"","overlay-type":"","overlay-color":"","overlay-gradient":""},"tablet":{"background-color":"","background-image":"","background-repeat":"repeat","background-position":"center center","background-size":"auto","background-attachment":"scroll","background-type":"","background-media":"","overlay-type":"","overlay-color":"","overlay-gradient":""},"mobile":{"background-color":"","background-image":"","background-repeat":"repeat","background-position":"center center","background-size":"auto","background-attachment":"scroll","background-type":"","background-media":"","overlay-type":"","overlay-color":"","overlay-gradient":""}},"ast-content-background-meta":{"desktop":{"background-color":"var(--ast-global-color-5)","background-image":"","background-repeat":"repeat","background-position":"center center","background-size":"auto","background-attachment":"scroll","background-type":"","background-media":"","overlay-type":"","overlay-color":"","overlay-gradient":""},"tablet":{"background-color":"var(--ast-global-color-5)","background-image":"","background-repeat":"repeat","background-position":"center center","background-size":"auto","background-attachment":"scroll","background-type":"","background-media":"","overlay-type":"","overlay-color":"","overlay-gradient":""},"mobile":{"background-color":"var(--ast-global-color-5)","background-image":"","background-repeat":"repeat","background-position":"center center","background-size":"auto","background-attachment":"scroll","background-type":"","background-media":"","overlay-type":"","overlay-color":"","overlay-gradient":""}},"footnotes":""},"uagb_featured_image_src":{"full":false,"thumbnail":false,"medium":false,"medium_large":false,"large":false,"1536x1536":false,"2048x2048":false,"trp-custom-language-flag":false},"uagb_author_info":{"display_name":"SOE","author_link":"https:\/\/supcom.standardof.net\/cs\/author\/k-tastic\/"},"uagb_comment_info":0,"uagb_excerpt":"MIRAGE &#8211; AIR SCOUT The Air Scout is extremely inexpensive, and it&#8217;s this virtue that makes it useful. While an interceptor will often get farther into an enemy base, a single air scout in your build queue will let you stockpile a set of scouts that can crisscross the map looking for a lightly defended&hellip;","_links":{"self":[{"href":"https:\/\/supcom.standardof.net\/cs\/wp-json\/wp\/v2\/pages\/787"}],"collection":[{"href":"https:\/\/supcom.standardof.net\/cs\/wp-json\/wp\/v2\/pages"}],"about":[{"href":"https:\/\/supcom.standardof.net\/cs\/wp-json\/wp\/v2\/types\/page"}],"author":[{"embeddable":true,"href":"https:\/\/supcom.standardof.net\/cs\/wp-json\/wp\/v2\/users\/1"}],"replies":[{"embeddable":true,"href":"https:\/\/supcom.standardof.net\/cs\/wp-json\/wp\/v2\/comments?post=787"}],"version-history":[{"count":0,"href":"https:\/\/supcom.standardof.net\/cs\/wp-json\/wp\/v2\/pages\/787\/revisions"}],"up":[{"embeddable":true,"href":"https:\/\/supcom.standardof.net\/cs\/wp-json\/wp\/v2\/pages\/503"}],"wp:attachment":[{"href":"https:\/\/supcom.standardof.net\/cs\/wp-json\/wp\/v2\/media?parent=787"}],"curies":[{"name":"wp","href":"https:\/\/api.w.org\/{rel}","templated":true}]}}