{"id":104,"date":"2020-10-31T11:51:48","date_gmt":"2020-10-31T15:51:48","guid":{"rendered":"https:\/\/supcom.standardof.net\/?page_id=104"},"modified":"2020-10-31T12:55:43","modified_gmt":"2020-10-31T16:55:43","slug":"controls","status":"publish","type":"page","link":"https:\/\/supcom.standardof.net\/de\/supreme-commander\/kontrollen\/","title":{"rendered":"Kontrollen"},"content":{"rendered":"<p>Die meisten Steuerelemente sind intuitiv und \/ oder werden im Lernprogramm behandelt. Es gibt jedoch einige Besonderheiten, die Sie beachten sollten. Beachten Sie, dass alle Modifikatoren (Umschalt, Strg, Alt usw.) frei kombiniert werden k\u00f6nnen, sofern nicht anders angegeben.<\/p>\n\n\n\n<p>Eine besonders n\u00fctzliche Verkn\u00fcpfung, die dem Handbuch fehlt, ist:<br><strong>Strg + Z:<\/strong> W\u00e4hlen Sie alle Einheiten der ausgew\u00e4hlten Typen auf der Karte aus. Wenn sich Bomber beispielsweise in Gruppe 4 befinden, k\u00f6nnen Sie durch Dr\u00fccken von 4, Strg + Z, Strg + 4 jederzeit sicherstellen, dass sich alle Bomber in Gruppe 4 befinden, damit sie zum richtigen Zeitpunkt zuschlagen k\u00f6nnen. Sie k\u00f6nnen auch verkleinern, auf einen Bomber doppelklicken und Strg + 4 dr\u00fccken.<\/p>\n\n\n\n<h3 class=\"wp-block-heading\">Steuerbefehle nach Typ<\/h3>\n\n\n\n<ul><li><strong><a href=\"https:\/\/supcom.standardof.net\/de\/supreme-commander\/kontrollen\/auswahleinheiten\/\" class=\"rank-math-link\">Einheiten ausw\u00e4hlen<\/a><\/strong><\/li><li><strong><a href=\"https:\/\/supcom.standardof.net\/de\/supreme-commander\/kontrollen\/anweisungen-geben\/\" class=\"rank-math-link\">Anweisungen geben<\/a><\/strong><\/li><li><strong><a href=\"https:\/\/supcom.standardof.net\/de\/supreme-commander\/kontrollen\/gebaude\/\" class=\"rank-math-link\">Geb\u00e4ude<\/a><\/strong><\/li><li><strong><a href=\"https:\/\/supcom.standardof.net\/de\/supreme-commander\/kontrollen\/kamera-und-schnittstelle\/\" class=\"rank-math-link\">Kamera und Schnittstelle<\/a><\/strong><\/li><\/ul>","protected":false},"excerpt":{"rendered":"<p>Most controls are intuitive and\/or covered by the tutorial, but there are a couple quirks to make note of. Note that all modifiers (Shift, Ctrl, Alt, etc.) can be freely combined, except where otherwise stated. One particularly useful shortcut the manual lacks is:Ctrl + Z: Select all units of the selected type(s) on the map. [&hellip;]<\/p>","protected":false},"author":1,"featured_media":0,"parent":14,"menu_order":0,"comment_status":"closed","ping_status":"closed","template":"","meta":{"_uag_custom_page_level_css":"","site-sidebar-layout":"default","site-content-layout":"default","ast-site-content-layout":"","site-content-style":"default","site-sidebar-style":"default","ast-global-header-display":"","ast-banner-title-visibility":"","ast-main-header-display":"","ast-hfb-above-header-display":"","ast-hfb-below-header-display":"","ast-hfb-mobile-header-display":"","site-post-title":"","ast-breadcrumbs-content":"","ast-featured-img":"","footer-sml-layout":"","theme-transparent-header-meta":"default","adv-header-id-meta":"","stick-header-meta":"","header-above-stick-meta":"","header-main-stick-meta":"","header-below-stick-meta":"","astra-migrate-meta-layouts":"default","ast-page-background-enabled":"default","ast-page-background-meta":{"desktop":{"background-color":"","background-image":"","background-repeat":"repeat","background-position":"center center","background-size":"auto","background-attachment":"scroll","background-type":"","background-media":"","overlay-type":"","overlay-color":"","overlay-gradient":""},"tablet":{"background-color":"","background-image":"","background-repeat":"repeat","background-position":"center center","background-size":"auto","background-attachment":"scroll","background-type":"","background-media":"","overlay-type":"","overlay-color":"","overlay-gradient":""},"mobile":{"background-color":"","background-image":"","background-repeat":"repeat","background-position":"center center","background-size":"auto","background-attachment":"scroll","background-type":"","background-media":"","overlay-type":"","overlay-color":"","overlay-gradient":""}},"ast-content-background-meta":{"desktop":{"background-color":"var(--ast-global-color-5)","background-image":"","background-repeat":"repeat","background-position":"center center","background-size":"auto","background-attachment":"scroll","background-type":"","background-media":"","overlay-type":"","overlay-color":"","overlay-gradient":""},"tablet":{"background-color":"var(--ast-global-color-5)","background-image":"","background-repeat":"repeat","background-position":"center center","background-size":"auto","background-attachment":"scroll","background-type":"","background-media":"","overlay-type":"","overlay-color":"","overlay-gradient":""},"mobile":{"background-color":"var(--ast-global-color-5)","background-image":"","background-repeat":"repeat","background-position":"center center","background-size":"auto","background-attachment":"scroll","background-type":"","background-media":"","overlay-type":"","overlay-color":"","overlay-gradient":""}},"footnotes":""},"uagb_featured_image_src":{"full":false,"thumbnail":false,"medium":false,"medium_large":false,"large":false,"1536x1536":false,"2048x2048":false,"trp-custom-language-flag":false},"uagb_author_info":{"display_name":"SOE","author_link":"https:\/\/supcom.standardof.net\/de\/author\/k-tastic\/"},"uagb_comment_info":0,"uagb_excerpt":"Most controls are intuitive and\/or covered by the tutorial, but there are a couple quirks to make note of. Note that all modifiers (Shift, Ctrl, Alt, etc.) can be freely combined, except where otherwise stated. One particularly useful shortcut the manual lacks is:Ctrl + Z: Select all units of the selected type(s) on the map.&hellip;","_links":{"self":[{"href":"https:\/\/supcom.standardof.net\/de\/wp-json\/wp\/v2\/pages\/104"}],"collection":[{"href":"https:\/\/supcom.standardof.net\/de\/wp-json\/wp\/v2\/pages"}],"about":[{"href":"https:\/\/supcom.standardof.net\/de\/wp-json\/wp\/v2\/types\/page"}],"author":[{"embeddable":true,"href":"https:\/\/supcom.standardof.net\/de\/wp-json\/wp\/v2\/users\/1"}],"replies":[{"embeddable":true,"href":"https:\/\/supcom.standardof.net\/de\/wp-json\/wp\/v2\/comments?post=104"}],"version-history":[{"count":0,"href":"https:\/\/supcom.standardof.net\/de\/wp-json\/wp\/v2\/pages\/104\/revisions"}],"up":[{"embeddable":true,"href":"https:\/\/supcom.standardof.net\/de\/wp-json\/wp\/v2\/pages\/14"}],"wp:attachment":[{"href":"https:\/\/supcom.standardof.net\/de\/wp-json\/wp\/v2\/media?parent=104"}],"curies":[{"name":"wp","href":"https:\/\/api.w.org\/{rel}","templated":true}]}}