{"id":112,"date":"2020-10-31T12:26:30","date_gmt":"2020-10-31T16:26:30","guid":{"rendered":"https:\/\/supcom.standardof.net\/?page_id=112"},"modified":"2020-10-31T12:52:33","modified_gmt":"2020-10-31T16:52:33","slug":"selecting-units","status":"publish","type":"page","link":"https:\/\/supcom.standardof.net\/de\/supreme-commander\/kontrollen\/auswahleinheiten\/","title":{"rendered":"Einheiten ausw\u00e4hlen"},"content":{"rendered":"<p>Bei diesen Befehlen handelt es sich um verschiedene Verkn\u00fcpfungen, die von Spielern verwendet werden k\u00f6nnen, um die Auswahl von Einheiten auf verschiedene Weise zu erleichtern.<\/p>\n\n\n\n<p><strong>Links Klick:<\/strong> Einheit ausw\u00e4hlen <br><strong>Doppelter Linksklick:<\/strong> W\u00e4hlen Sie alle Einheiten dieses Typs auf dem Bildschirm aus <br><strong>Linksklick auf nichts:<\/strong> Deaktivieren Sie alle Einheiten <br><strong>Linksklick und Ziehen:<\/strong> W\u00e4hlen Sie alle Einheiten in diesem Feld aus<br><em>&nbsp;&nbsp;&nbsp;&nbsp; * Wenn Sie haupts\u00e4chlich mobile Einheiten ausw\u00e4hlen, werden nur die mobilen Einheiten ausgew\u00e4hlt. Das Spiel wird auch erraten, welche Art von Einheit Sie gemeint haben.<\/em><\/p>\n\n\n\n<p><strong>1:<\/strong> W\u00e4hlen Sie alle Einheiten in Gruppe 1 aus <br><strong>Strg + 1:<\/strong> Stellen Sie ausgew\u00e4hlte Einheiten als Gruppe 1 ein <br><strong>Umschalt + 1:<\/strong> F\u00fcgen Sie Ihrer Auswahl Gruppe 1 hinzu <br><strong>Umschalt + Strg + 1:<\/strong> W\u00e4hlen Sie die Fabriken in Gruppe 1 aus<br><em>&nbsp;&nbsp;&nbsp;&nbsp; * Alle 10 Zifferntasten dienen zum Erstellen \/ Ausw\u00e4hlen von Gruppen.<br>&nbsp;&nbsp;&nbsp;&nbsp; * Einheiten k\u00f6nnen mehreren Gruppen angeh\u00f6ren.<br>&nbsp;&nbsp;&nbsp;&nbsp; * Ihre Gruppen werden als Symbole auf der rechten Seite des Bildschirms angezeigt.<br>&nbsp;&nbsp;&nbsp;&nbsp; * Bei der Auswahl einer Gruppe werden Fabriken standardm\u00e4\u00dfig nicht ausgew\u00e4hlt.<br>&nbsp;&nbsp;&nbsp;&nbsp; * Fabriken geben ihre Gruppennummern an Einheiten an, die sie bauen.<\/em> <br><strong>Umschalt + Klicken Sie auf das Einheitensymbol:<\/strong> F\u00fcgen Sie dieser Gruppe einen Leerlaufingenieur hinzu<\/p>\n\n\n\n<p><strong>Strg + X:<\/strong> W\u00e4hlen Sie alle Einheiten und Geb\u00e4ude aus <br><strong>Strg + A:<\/strong> W\u00e4hlen Sie alle Lufteinheiten aus <br><strong>Strg + S:<\/strong> W\u00e4hlen Sie alle Seeeinheiten aus <br><strong>Strg + L:<\/strong> W\u00e4hlen Sie alle Landeinheiten aus <br><strong>Strg + B:<\/strong> W\u00e4hlen Sie alle Ingenieure und den Commander aus <br><strong>Strg + Z:<\/strong> W\u00e4hlen Sie alle Einheiten dieses Typs auf der Karte aus<\/p>\n\n\n\n<p><strong>Strg + C:<\/strong> W\u00e4hlen Sie alle Einheiten und Geb\u00e4ude auf dem Bildschirm aus <br><strong>Strg + Punkt:<\/strong> W\u00e4hlen Sie alle Ingenieure auf dem Bildschirm aus <br><strong>Strg + H:<\/strong> W\u00e4hlen Sie alle Fabriken auf dem Bildschirm aus<\/p>\n\n\n\n<p><strong>Komma:<\/strong> Gehe zu Commander <br><strong>Alt + Komma:<\/strong> W\u00e4hlen Sie Commander<\/p>\n\n\n\n<p><strong>Zeitraum:<\/strong> Gehen Sie zum n\u00e4chsten Leerlaufingenieur <br><strong>Alt + Punkt:<\/strong> W\u00e4hlen Sie den n\u00e4chstgelegenen Leerlaufingenieur <br><strong>Umschalt + Periode:<\/strong> Fahren Sie durch unt\u00e4tige Ingenieure<\/p>\n\n\n\n<p><strong>H:<\/strong> W\u00e4hlen Sie die n\u00e4chstgelegene Fabrik <br><strong>Strg + Umschalt + L:<\/strong> W\u00e4hlen Sie die n\u00e4chstgelegene Landfabrik <br><strong>Strg + Umschalt + A:<\/strong> W\u00e4hlen Sie die n\u00e4chstgelegene Luftfabrik <br><strong>Strg + Umschalt + S:<\/strong> W\u00e4hlen Sie die n\u00e4chstgelegene Marinefabrik<\/p>","protected":false},"excerpt":{"rendered":"<p>These commands are all various shortcuts that can be used by players to facilitate the selecting of units by a variety of ways. Left Click: Select unit Double Left Click: Select all units of this type on screen Left Click on nothing: Deselect all units Left Click and drag: Select all units in this box&nbsp;&nbsp;&nbsp;&nbsp; [&hellip;]<\/p>","protected":false},"author":1,"featured_media":5,"parent":104,"menu_order":1,"comment_status":"closed","ping_status":"closed","template":"","meta":{"_uag_custom_page_level_css":"","site-sidebar-layout":"default","site-content-layout":"default","ast-site-content-layout":"","site-content-style":"default","site-sidebar-style":"default","ast-global-header-display":"","ast-banner-title-visibility":"","ast-main-header-display":"","ast-hfb-above-header-display":"","ast-hfb-below-header-display":"","ast-hfb-mobile-header-display":"","site-post-title":"","ast-breadcrumbs-content":"","ast-featured-img":"","footer-sml-layout":"","theme-transparent-header-meta":"default","adv-header-id-meta":"","stick-header-meta":"","header-above-stick-meta":"","header-main-stick-meta":"","header-below-stick-meta":"","astra-migrate-meta-layouts":"default","ast-page-background-enabled":"default","ast-page-background-meta":{"desktop":{"background-color":"","background-image":"","background-repeat":"repeat","background-position":"center center","background-size":"auto","background-attachment":"scroll","background-type":"","background-media":"","overlay-type":"","overlay-color":"","overlay-gradient":""},"tablet":{"background-color":"","background-image":"","background-repeat":"repeat","background-position":"center center","background-size":"auto","background-attachment":"scroll","background-type":"","background-media":"","overlay-type":"","overlay-color":"","overlay-gradient":""},"mobile":{"background-color":"","background-image":"","background-repeat":"repeat","background-position":"center center","background-size":"auto","background-attachment":"scroll","background-type":"","background-media":"","overlay-type":"","overlay-color":"","overlay-gradient":""}},"ast-content-background-meta":{"desktop":{"background-color":"var(--ast-global-color-5)","background-image":"","background-repeat":"repeat","background-position":"center center","background-size":"auto","background-attachment":"scroll","background-type":"","background-media":"","overlay-type":"","overlay-color":"","overlay-gradient":""},"tablet":{"background-color":"var(--ast-global-color-5)","background-image":"","background-repeat":"repeat","background-position":"center center","background-size":"auto","background-attachment":"scroll","background-type":"","background-media":"","overlay-type":"","overlay-color":"","overlay-gradient":""},"mobile":{"background-color":"var(--ast-global-color-5)","background-image":"","background-repeat":"repeat","background-position":"center center","background-size":"auto","background-attachment":"scroll","background-type":"","background-media":"","overlay-type":"","overlay-color":"","overlay-gradient":""}},"footnotes":""},"uagb_featured_image_src":{"full":["https:\/\/supcom.standardof.net\/wp-content\/uploads\/sites\/8\/2020\/10\/Supreme-Commander-Header-UEF.jpg",1600,680,false],"thumbnail":["https:\/\/supcom.standardof.net\/wp-content\/uploads\/sites\/8\/2020\/10\/Supreme-Commander-Header-UEF-200x85.jpg",200,85,true],"medium":["https:\/\/supcom.standardof.net\/wp-content\/uploads\/sites\/8\/2020\/10\/Supreme-Commander-Header-UEF-512x218.jpg",512,218,true],"medium_large":["https:\/\/supcom.standardof.net\/wp-content\/uploads\/sites\/8\/2020\/10\/Supreme-Commander-Header-UEF-768x326.jpg",768,326,true],"large":["https:\/\/supcom.standardof.net\/wp-content\/uploads\/sites\/8\/2020\/10\/Supreme-Commander-Header-UEF-800x340.jpg",800,340,true],"1536x1536":["https:\/\/supcom.standardof.net\/wp-content\/uploads\/sites\/8\/2020\/10\/Supreme-Commander-Header-UEF-1536x653.jpg",1536,653,true],"2048x2048":["https:\/\/supcom.standardof.net\/wp-content\/uploads\/sites\/8\/2020\/10\/Supreme-Commander-Header-UEF.jpg",1600,680,false],"trp-custom-language-flag":["https:\/\/supcom.standardof.net\/wp-content\/uploads\/sites\/8\/2020\/10\/Supreme-Commander-Header-UEF-16x7.jpg",16,7,true]},"uagb_author_info":{"display_name":"SOE","author_link":"https:\/\/supcom.standardof.net\/de\/author\/k-tastic\/"},"uagb_comment_info":0,"uagb_excerpt":"These commands are all various shortcuts that can be used by players to facilitate the selecting of units by a variety of ways. Left Click: Select unit Double Left Click: Select all units of this type on screen Left Click on nothing: Deselect all units Left Click and drag: Select all units in this box&nbsp;&nbsp;&nbsp;&nbsp;&hellip;","_links":{"self":[{"href":"https:\/\/supcom.standardof.net\/de\/wp-json\/wp\/v2\/pages\/112"}],"collection":[{"href":"https:\/\/supcom.standardof.net\/de\/wp-json\/wp\/v2\/pages"}],"about":[{"href":"https:\/\/supcom.standardof.net\/de\/wp-json\/wp\/v2\/types\/page"}],"author":[{"embeddable":true,"href":"https:\/\/supcom.standardof.net\/de\/wp-json\/wp\/v2\/users\/1"}],"replies":[{"embeddable":true,"href":"https:\/\/supcom.standardof.net\/de\/wp-json\/wp\/v2\/comments?post=112"}],"version-history":[{"count":0,"href":"https:\/\/supcom.standardof.net\/de\/wp-json\/wp\/v2\/pages\/112\/revisions"}],"up":[{"embeddable":true,"href":"https:\/\/supcom.standardof.net\/de\/wp-json\/wp\/v2\/pages\/104"}],"wp:featuredmedia":[{"embeddable":true,"href":"https:\/\/supcom.standardof.net\/de\/wp-json\/wp\/v2\/media\/5"}],"wp:attachment":[{"href":"https:\/\/supcom.standardof.net\/de\/wp-json\/wp\/v2\/media?parent=112"}],"curies":[{"name":"wp","href":"https:\/\/api.w.org\/{rel}","templated":true}]}}