{"id":114,"date":"2020-10-31T12:38:29","date_gmt":"2020-10-31T16:38:29","guid":{"rendered":"https:\/\/supcom.standardof.net\/?page_id=114"},"modified":"2020-10-31T12:52:29","modified_gmt":"2020-10-31T16:52:29","slug":"giving-orders","status":"publish","type":"page","link":"https:\/\/supcom.standardof.net\/de\/supreme-commander\/kontrollen\/anweisungen-geben\/","title":{"rendered":"Anweisungen geben"},"content":{"rendered":"<h2 class=\"wp-block-heading\">Anweisungen geben<\/h2>\n\n\n\n<p>Diese Befehle beziehen sich auf das Geben von Befehlen an Ihre Einheiten in Supreme Commander, was eine gro\u00dfe Vielfalt und Komplexit\u00e4t der ausgegebenen Befehle erm\u00f6glicht.<\/p>\n\n\n\n<section class=\"wp-block-uagb-columns uagb-columns__wrap uagb-columns__background-undefined uagb-columns__stack-mobile uagb-columns__valign-undefined uagb-columns__gap-10 alignundefined uagb-block-9c91d558\"><div class=\"uagb-columns__overlay\"><\/div><div class=\"uagb-columns__inner-wrap uagb-columns__columns-1\">\n<div class=\"wp-block-uagb-column uagb-column__wrap uagb-column__background-undefined uagb-block-4c9614b1\"><div class=\"uagb-column__overlay\"><\/div><div class=\"uagb-column__inner-wrap\">\n<p class=\"has-medium-font-size\"><span style=\"text-transform: uppercase;\" class=\"qubely-text-uppercase\"><strong>Rechtsklick:<\/strong> <\/span>Standardreihenfolge angeben<\/p>\n\n\n\n<ul><li><em>Im Gel\u00e4nde: Bewegen<\/em><\/li><li><em>Auf Feinde: Angriff<\/em><ul><li><em>Ingenieure werden stattdessen Feinde einfangen.<\/em><\/li><\/ul><\/li><li><em>\u00dcber Verb\u00fcndete oder Bau: Assist<\/em><ul><li><em>&nbsp;Die Ingenieure reparieren stattdessen die Konstruktion.<\/em><\/li><li><em>Transporte transportieren stattdessen verb\u00fcndete Einheiten.<\/em><\/li><\/ul><\/li><li><em>Auf Transporten: Transport<\/em><\/li><li><em>Auf F\u00e4hrpunkten: Transport<\/em><ul><li><em>Transporte werden stattdessen von diesem F\u00e4hrpunkt aus fahren.<\/em><\/li><\/ul><\/li><li><em>Wegpunkt unterwegs: Patrouille (UNDOKUMENTIERT)<\/em><\/li><li><em>Auf einem Angriffswegpunkt: Koordinierter Angriff<\/em><ul><li><em>&nbsp;Koordinierte Angriffe m\u00fcssen in umgekehrter Reihenfolge der Geschwindigkeit ausgef\u00fchrt werden: Artillerie zuerst, Flugzeug zuletzt. Alle Gruppen greifen gleichzeitig an.<\/em><\/li><\/ul><\/li><\/ul>\n<\/div><\/div>\n<\/div><\/section>\n\n\n\n<section class=\"wp-block-uagb-columns uagb-columns__wrap uagb-columns__background-undefined uagb-columns__stack-mobile uagb-columns__valign-undefined uagb-columns__gap-10 alignundefined uagb-block-b8103b7e\"><div class=\"uagb-columns__overlay\"><\/div><div class=\"uagb-columns__inner-wrap uagb-columns__columns-1\">\n<div class=\"wp-block-uagb-column uagb-column__wrap uagb-column__background-undefined uagb-block-c21123c1\"><div class=\"uagb-column__overlay\"><\/div><div class=\"uagb-column__inner-wrap\">\n<p><strong><span style=\"text-transform: uppercase;\" class=\"qubely-text-uppercase\">Rechtsklick und halten:<\/span><\/strong> Bewegen Sie sich in Formation <\/p>\n\n\n\n<p><strong><span style=\"text-transform: uppercase;\" class=\"qubely-text-uppercase\">Strg + Rechtsklick:<\/span><\/strong> In Standardformation verschieben<\/p>\n\n\n\n<ul><li><em>Halten Sie die rechte Maustaste gedr\u00fcckt und dr\u00fccken Sie die linke Maustaste, um durch Formationen zu bl\u00e4ttern.<\/em><\/li><li><em>Die Bildung hat Vorrang vor der Ankunft am Ort. Einheiten an der Vorderseite k\u00f6nnen tats\u00e4chlich r\u00fcckw\u00e4rts gehen, um dies zu erreichen.<\/em> <\/li><\/ul>\n\n\n\n<p><strong>STRG <span style=\"text-transform: uppercase;\" class=\"qubely-text-uppercase\">+ Alt + Rechtsklick:<\/span><\/strong> Angriffsbewegung <\/p>\n\n\n\n<p><strong><span style=\"text-transform: uppercase;\" class=\"qubely-text-uppercase\">Angriff + Linksklick auf den Boden:<\/span><\/strong> Angriffsbewegung<\/p>\n\n\n\n<ul><li><em>&nbsp; Attack Move weist Einheiten an, Feinde zu verfolgen, bevor sie ihre Zugreihenfolge abschlie\u00dfen. Es wird als rote Linie mit einem blauen Bewegungswegpunkt bezeichnet.<\/em><\/li><\/ul>\n\n\n\n<p><span style=\"text-transform: uppercase;\" class=\"qubely-text-uppercase\"><strong>Umschalt + Rechtsklick:<\/strong> <\/span>Stellt diesen Befehl nach dem aktuellen in die Warteschlange <\/p>\n\n\n\n<p><strong><span style=\"text-transform: uppercase;\" class=\"qubely-text-uppercase\">Umschalt + Linksklick und halten Sie einen Befehl gedr\u00fcckt:<\/span><\/strong> Verschieben Sie den Speicherort dieses Befehls<\/p>\n<\/div><\/div>\n<\/div><\/section>\n\n\n\n<section class=\"wp-block-uagb-columns uagb-columns__wrap uagb-columns__background-undefined uagb-columns__stack-mobile uagb-columns__valign-undefined uagb-columns__gap-10 alignundefined uagb-block-ce3bc6dc\"><div class=\"uagb-columns__overlay\"><\/div><div class=\"uagb-columns__inner-wrap uagb-columns__columns-4\">\n<div class=\"wp-block-uagb-column uagb-column__wrap uagb-column__background-undefined uagb-block-ef06b006\"><div class=\"uagb-column__overlay\"><\/div><div class=\"uagb-column__inner-wrap\">\n<p class=\"has-text-align-center\"><img decoding=\"async\" width=\"64\" height=\"64\" class=\"wp-image-40\" style=\"width: 64px;\" src=\"https:\/\/supcom.standardof.net\/wp-content\/uploads\/sites\/8\/2020\/10\/R.png\" alt=\"\" srcset=\"https:\/\/supcom.standardof.net\/wp-content\/uploads\/sites\/8\/2020\/10\/R.png 128w, https:\/\/supcom.standardof.net\/wp-content\/uploads\/sites\/8\/2020\/10\/R-12x12.png 12w\" sizes=\"(max-width: 64px) 100vw, 64px\" \/><\/p>\n\n\n\n<p class=\"has-text-align-center\"><strong>REPARATUR<\/strong><\/p>\n<\/div><\/div>\n\n\n\n<div class=\"wp-block-uagb-column uagb-column__wrap uagb-column__background-undefined uagb-block-832ead85\"><div class=\"uagb-column__overlay\"><\/div><div class=\"uagb-column__inner-wrap\">\n<p class=\"has-text-align-center\"><img decoding=\"async\" width=\"64\" height=\"64\" class=\"wp-image-27\" style=\"width: 64px;\" src=\"https:\/\/supcom.standardof.net\/wp-content\/uploads\/sites\/8\/2020\/10\/E.png\" alt=\"\" srcset=\"https:\/\/supcom.standardof.net\/wp-content\/uploads\/sites\/8\/2020\/10\/E.png 128w, https:\/\/supcom.standardof.net\/wp-content\/uploads\/sites\/8\/2020\/10\/E-12x12.png 12w\" sizes=\"(max-width: 64px) 100vw, 64px\" \/><\/p>\n\n\n\n<p class=\"has-text-align-center\"><strong>RECLAIM<\/strong><\/p>\n<\/div><\/div>\n\n\n\n<div class=\"wp-block-uagb-column uagb-column__wrap uagb-column__background-undefined uagb-block-e4236338\"><div class=\"uagb-column__overlay\"><\/div><div class=\"uagb-column__inner-wrap\">\n<p class=\"has-text-align-center\"><img decoding=\"async\" width=\"64\" height=\"64\" class=\"wp-image-36\" style=\"width: 64px;\" src=\"https:\/\/supcom.standardof.net\/wp-content\/uploads\/sites\/8\/2020\/10\/N.png\" alt=\"\" srcset=\"https:\/\/supcom.standardof.net\/wp-content\/uploads\/sites\/8\/2020\/10\/N.png 128w, https:\/\/supcom.standardof.net\/wp-content\/uploads\/sites\/8\/2020\/10\/N-12x12.png 12w\" sizes=\"(max-width: 64px) 100vw, 64px\" \/><\/p>\n\n\n\n<p class=\"has-text-align-center\"><strong>NUKE<\/strong><\/p>\n<\/div><\/div>\n\n\n\n<div class=\"wp-block-uagb-column uagb-column__wrap uagb-column__background-undefined uagb-block-279d7f85\"><div class=\"uagb-column__overlay\"><\/div><div class=\"uagb-column__inner-wrap\">\n<p class=\"has-text-align-center\"><img decoding=\"async\" width=\"64\" height=\"64\" class=\"wp-image-23\" style=\"width: 64px;\" src=\"https:\/\/supcom.standardof.net\/wp-content\/uploads\/sites\/8\/2020\/10\/A.png\" alt=\"\" srcset=\"https:\/\/supcom.standardof.net\/wp-content\/uploads\/sites\/8\/2020\/10\/A.png 128w, https:\/\/supcom.standardof.net\/wp-content\/uploads\/sites\/8\/2020\/10\/A-12x12.png 12w\" sizes=\"(max-width: 64px) 100vw, 64px\" \/><\/p>\n\n\n\n<p class=\"has-text-align-center\"><strong>ATTACKE<\/strong><\/p>\n<\/div><\/div>\n<\/div><\/section>\n\n\n\n<section class=\"wp-block-uagb-columns uagb-columns__wrap uagb-columns__background-undefined uagb-columns__stack-mobile uagb-columns__valign-undefined uagb-columns__gap-10 alignundefined uagb-block-2c13e632\"><div class=\"uagb-columns__overlay\"><\/div><div class=\"uagb-columns__inner-wrap uagb-columns__columns-4\">\n<div class=\"wp-block-uagb-column uagb-column__wrap uagb-column__background-undefined uagb-block-f50d7bfe\"><div class=\"uagb-column__overlay\"><\/div><div class=\"uagb-column__inner-wrap\">\n<p class=\"has-text-align-center\"><img decoding=\"async\" width=\"64\" height=\"64\" class=\"wp-image-25\" style=\"width: 64px;\" src=\"https:\/\/supcom.standardof.net\/wp-content\/uploads\/sites\/8\/2020\/10\/C.png\" alt=\"\" srcset=\"https:\/\/supcom.standardof.net\/wp-content\/uploads\/sites\/8\/2020\/10\/C.png 128w, https:\/\/supcom.standardof.net\/wp-content\/uploads\/sites\/8\/2020\/10\/C-12x12.png 12w\" sizes=\"(max-width: 64px) 100vw, 64px\" \/><\/p>\n\n\n\n<p class=\"has-text-align-center\"><strong>ERFASSUNG<\/strong><\/p>\n<\/div><\/div>\n\n\n\n<div class=\"wp-block-uagb-column uagb-column__wrap uagb-column__background-undefined uagb-block-0ef54375\"><div class=\"uagb-column__overlay\"><\/div><div class=\"uagb-column__inner-wrap\">\n<p class=\"has-text-align-center\"><img decoding=\"async\" width=\"64\" height=\"64\" class=\"wp-image-41\" style=\"width: 64px;\" src=\"https:\/\/supcom.standardof.net\/wp-content\/uploads\/sites\/8\/2020\/10\/S.png\" alt=\"\" srcset=\"https:\/\/supcom.standardof.net\/wp-content\/uploads\/sites\/8\/2020\/10\/S.png 128w, https:\/\/supcom.standardof.net\/wp-content\/uploads\/sites\/8\/2020\/10\/S-12x12.png 12w\" sizes=\"(max-width: 64px) 100vw, 64px\" \/><\/p>\n\n\n\n<p class=\"has-text-align-center\"><strong>HALT<\/strong><\/p>\n<\/div><\/div>\n\n\n\n<div class=\"wp-block-uagb-column uagb-column__wrap uagb-column__background-undefined uagb-block-39cae843\"><div class=\"uagb-column__overlay\"><\/div><div class=\"uagb-column__inner-wrap\">\n<p class=\"has-text-align-center\"><img decoding=\"async\" width=\"64\" height=\"64\" class=\"wp-image-26\" style=\"width: 64px;\" src=\"https:\/\/supcom.standardof.net\/wp-content\/uploads\/sites\/8\/2020\/10\/D.png\" alt=\"\" srcset=\"https:\/\/supcom.standardof.net\/wp-content\/uploads\/sites\/8\/2020\/10\/D.png 128w, https:\/\/supcom.standardof.net\/wp-content\/uploads\/sites\/8\/2020\/10\/D-12x12.png 12w\" sizes=\"(max-width: 64px) 100vw, 64px\" \/><\/p>\n\n\n\n<p class=\"has-text-align-center\"><strong>Tauchen \/ Oberfl\u00e4che<\/strong><\/p>\n<\/div><\/div>\n\n\n\n<div class=\"wp-block-uagb-column uagb-column__wrap uagb-column__background-undefined uagb-block-e379b4ad\"><div class=\"uagb-column__overlay\"><\/div><div class=\"uagb-column__inner-wrap\">\n<p class=\"has-text-align-center\"><img decoding=\"async\" width=\"64\" height=\"64\" class=\"wp-image-37\" style=\"width: 64px;\" src=\"https:\/\/supcom.standardof.net\/wp-content\/uploads\/sites\/8\/2020\/10\/O.png\" alt=\"\" srcset=\"https:\/\/supcom.standardof.net\/wp-content\/uploads\/sites\/8\/2020\/10\/O.png 128w, https:\/\/supcom.standardof.net\/wp-content\/uploads\/sites\/8\/2020\/10\/O-12x12.png 12w\" sizes=\"(max-width: 64px) 100vw, 64px\" \/><\/p>\n\n\n\n<p class=\"has-text-align-center\"><strong>\u00dcBERLADUNG<\/strong><\/p>\n<\/div><\/div>\n<\/div><\/section>\n\n\n\n<section class=\"wp-block-uagb-columns uagb-columns__wrap uagb-columns__background-undefined uagb-columns__stack-mobile uagb-columns__valign-undefined uagb-columns__gap-10 alignundefined uagb-block-3c85588a\"><div class=\"uagb-columns__overlay\"><\/div><div class=\"uagb-columns__inner-wrap uagb-columns__columns-4\">\n<div class=\"wp-block-uagb-column uagb-column__wrap uagb-column__background-undefined uagb-block-b0e3db15\"><div class=\"uagb-column__overlay\"><\/div><div class=\"uagb-column__inner-wrap\">\n<p class=\"has-text-align-center\"><img decoding=\"async\" width=\"64\" height=\"64\" class=\"wp-image-48\" style=\"width: 64px;\" src=\"https:\/\/supcom.standardof.net\/wp-content\/uploads\/sites\/8\/2020\/10\/Z.png\" alt=\"\" srcset=\"https:\/\/supcom.standardof.net\/wp-content\/uploads\/sites\/8\/2020\/10\/Z.png 128w, https:\/\/supcom.standardof.net\/wp-content\/uploads\/sites\/8\/2020\/10\/Z-12x12.png 12w\" sizes=\"(max-width: 64px) 100vw, 64px\" \/><\/p>\n\n\n\n<p class=\"has-text-align-center\"><strong>PAUSE KONSTRUKTION<\/strong><\/p>\n<\/div><\/div>\n\n\n\n<div class=\"wp-block-uagb-column uagb-column__wrap uagb-column__background-undefined uagb-block-a93473ac\"><div class=\"uagb-column__overlay\"><\/div><div class=\"uagb-column__inner-wrap\">\n<p class=\"has-text-align-center\"><img decoding=\"async\" width=\"64\" height=\"64\" class=\"wp-image-35\" style=\"width: 64px;\" src=\"https:\/\/supcom.standardof.net\/wp-content\/uploads\/sites\/8\/2020\/10\/M.png\" alt=\"\" srcset=\"https:\/\/supcom.standardof.net\/wp-content\/uploads\/sites\/8\/2020\/10\/M.png 128w, https:\/\/supcom.standardof.net\/wp-content\/uploads\/sites\/8\/2020\/10\/M-12x12.png 12w\" sizes=\"(max-width: 64px) 100vw, 64px\" \/><\/p>\n\n\n\n<p class=\"has-text-align-center\"><strong>BEWEGUNG<\/strong><\/p>\n<\/div><\/div>\n\n\n\n<div class=\"wp-block-uagb-column uagb-column__wrap uagb-column__background-undefined uagb-block-8cc81c49\"><div class=\"uagb-column__overlay\"><\/div><div class=\"uagb-column__inner-wrap\">\n<p class=\"has-text-align-center\"><img decoding=\"async\" width=\"64\" height=\"64\" class=\"wp-image-82\" style=\"width: 64px;\" src=\"https:\/\/supcom.standardof.net\/wp-content\/uploads\/sites\/8\/2020\/10\/ctrl.png\" alt=\"\" srcset=\"https:\/\/supcom.standardof.net\/wp-content\/uploads\/sites\/8\/2020\/10\/ctrl.png 128w, https:\/\/supcom.standardof.net\/wp-content\/uploads\/sites\/8\/2020\/10\/ctrl-12x12.png 12w\" sizes=\"(max-width: 64px) 100vw, 64px\" \/><img decoding=\"async\" width=\"64\" height=\"64\" class=\"wp-image-33\" style=\"width: 64px;\" src=\"https:\/\/supcom.standardof.net\/wp-content\/uploads\/sites\/8\/2020\/10\/K.png\" alt=\"\" srcset=\"https:\/\/supcom.standardof.net\/wp-content\/uploads\/sites\/8\/2020\/10\/K.png 128w, https:\/\/supcom.standardof.net\/wp-content\/uploads\/sites\/8\/2020\/10\/K-12x12.png 12w\" sizes=\"(max-width: 64px) 100vw, 64px\" \/><\/p>\n\n\n\n<p class=\"has-text-align-center\"><strong>KAMIKAZE<\/strong><\/p>\n<\/div><\/div>\n\n\n\n<div class=\"wp-block-uagb-column uagb-column__wrap uagb-column__background-undefined uagb-block-1ed0a259\"><div class=\"uagb-column__overlay\"><\/div><div class=\"uagb-column__inner-wrap\">\n<p class=\"has-text-align-center\"><img decoding=\"async\" width=\"64\" height=\"64\" class=\"wp-image-34\" style=\"width: 64px;\" src=\"https:\/\/supcom.standardof.net\/wp-content\/uploads\/sites\/8\/2020\/10\/L.png\" alt=\"\" srcset=\"https:\/\/supcom.standardof.net\/wp-content\/uploads\/sites\/8\/2020\/10\/L.png 128w, https:\/\/supcom.standardof.net\/wp-content\/uploads\/sites\/8\/2020\/10\/L-12x12.png 12w\" sizes=\"(max-width: 64px) 100vw, 64px\" \/><\/p>\n\n\n\n<p class=\"has-text-align-center\"><strong>TACTICAL MISSILE STARTEN<\/strong><\/p>\n<\/div><\/div>\n<\/div><\/section>\n\n\n\n<section class=\"wp-block-uagb-columns uagb-columns__wrap uagb-columns__background-undefined uagb-columns__stack-mobile uagb-columns__valign-undefined uagb-columns__gap-10 alignundefined uagb-block-489f8f02\"><div class=\"uagb-columns__overlay\"><\/div><div class=\"uagb-columns__inner-wrap uagb-columns__columns-3\">\n<div class=\"wp-block-uagb-column uagb-column__wrap uagb-column__background-undefined uagb-block-08c7c30a\"><div class=\"uagb-column__overlay\"><\/div><div class=\"uagb-column__inner-wrap\">\n<p class=\"has-text-align-center\"><img decoding=\"async\" width=\"64\" height=\"64\" class=\"wp-image-43\" style=\"width: 64px;\" src=\"https:\/\/supcom.standardof.net\/wp-content\/uploads\/sites\/8\/2020\/10\/U.png\" alt=\"\" srcset=\"https:\/\/supcom.standardof.net\/wp-content\/uploads\/sites\/8\/2020\/10\/U.png 128w, https:\/\/supcom.standardof.net\/wp-content\/uploads\/sites\/8\/2020\/10\/U-12x12.png 12w\" sizes=\"(max-width: 64px) 100vw, 64px\" \/><\/p>\n\n\n\n<p class=\"has-text-align-center\"><strong>TRANSPORT<\/strong><\/p>\n\n\n\n<p class=\"has-text-align-center\"><em>Dr\u00fccken Sie einmal zum Transportieren und erneut zum Entladen auf Transport.<\/em><\/p>\n<\/div><\/div>\n\n\n\n<div class=\"wp-block-uagb-column uagb-column__wrap uagb-column__background-undefined uagb-block-2bcd961b\"><div class=\"uagb-column__overlay\"><\/div><div class=\"uagb-column__inner-wrap\">\n<p class=\"has-text-align-center\"><img decoding=\"async\" width=\"64\" height=\"64\" class=\"wp-image-38\" style=\"width: 64px;\" src=\"https:\/\/supcom.standardof.net\/wp-content\/uploads\/sites\/8\/2020\/10\/P.png\" alt=\"\" srcset=\"https:\/\/supcom.standardof.net\/wp-content\/uploads\/sites\/8\/2020\/10\/P.png 128w, https:\/\/supcom.standardof.net\/wp-content\/uploads\/sites\/8\/2020\/10\/P-12x12.png 12w\" sizes=\"(max-width: 64px) 100vw, 64px\" \/><\/p>\n\n\n\n<p class=\"has-text-align-center\"><strong>PATROUILLIEREN<\/strong><\/p>\n\n\n\n<p class=\"has-text-align-center\"><em>Auf Patrol eingestellte Ingenieure reparieren und fordern automatisch zur\u00fcck.<\/em><\/p>\n<\/div><\/div>\n\n\n\n<div class=\"wp-block-uagb-column uagb-column__wrap uagb-column__background-undefined uagb-block-cb6c50ab\"><div class=\"uagb-column__overlay\"><\/div><div class=\"uagb-column__inner-wrap\">\n<p class=\"has-text-align-center\"><img decoding=\"async\" width=\"64\" height=\"64\" class=\"wp-image-61\" style=\"width: 64px;\" src=\"https:\/\/supcom.standardof.net\/wp-content\/uploads\/sites\/8\/2020\/10\/bracket-right.png\" alt=\"\" srcset=\"https:\/\/supcom.standardof.net\/wp-content\/uploads\/sites\/8\/2020\/10\/bracket-right.png 128w, https:\/\/supcom.standardof.net\/wp-content\/uploads\/sites\/8\/2020\/10\/bracket-right-12x12.png 12w\" sizes=\"(max-width: 64px) 100vw, 64px\" \/><\/p>\n\n\n\n<p class=\"has-text-align-center\"><strong>FEUERZUSTAND SCHALTEN<\/strong><\/p>\n\n\n\n<p class=\"has-text-align-center\"><em>Schaltet zwischen Feuer nach Belieben um, Feuer halten und Boden halten.<\/em><\/p>\n<\/div><\/div>\n<\/div><\/section>\n\n\n\n<section class=\"wp-block-uagb-columns uagb-columns__wrap uagb-columns__background-undefined uagb-columns__stack-mobile uagb-columns__valign-undefined uagb-columns__gap-10 alignundefined uagb-block-69a42b39\"><div class=\"uagb-columns__overlay\"><\/div><div class=\"uagb-columns__inner-wrap uagb-columns__columns-2\">\n<div class=\"wp-block-uagb-column uagb-column__wrap uagb-column__background-undefined uagb-block-1c71a63b\"><div class=\"uagb-column__overlay\"><\/div><div class=\"uagb-column__inner-wrap\">\n<p class=\"has-text-align-center\"><img decoding=\"async\" width=\"64\" height=\"64\" class=\"wp-image-31\" style=\"width: 64px;\" src=\"https:\/\/supcom.standardof.net\/wp-content\/uploads\/sites\/8\/2020\/10\/I.png\" alt=\"\" srcset=\"https:\/\/supcom.standardof.net\/wp-content\/uploads\/sites\/8\/2020\/10\/I.png 128w, https:\/\/supcom.standardof.net\/wp-content\/uploads\/sites\/8\/2020\/10\/I-12x12.png 12w\" sizes=\"(max-width: 64px) 100vw, 64px\" \/><\/p>\n\n\n\n<p class=\"has-text-align-center\"><strong>HELFEN<\/strong><\/p>\n\n\n\n<p class=\"has-text-align-center\"><em>Ingenieure und die Cybran Mantis reparieren die von ihnen unterst\u00fctzten Einheiten. Andere Einheiten werden in Schutzformation um die Einheit herum aufgestellt.<\/em><\/p>\n\n\n\n<p class=\"has-text-align-center\"><em>Fabriken \u00fcbernehmen die Build-Warteschlange und die Standardauftr\u00e4ge der Fabrik, die sie unterst\u00fctzen. Transporte, die eine Fabrik unterst\u00fctzen, werden transportiert, um die Standardbestellungen der Fabrik auszuf\u00fchren.<\/em><\/p>\n\n\n\n<p class=\"has-text-align-center\"><em>Lufteinheiten, die ein F\u00e4hrfeuer unterst\u00fctzen, versuchen, der F\u00e4hre zu helfen.<\/em><\/p>\n<\/div><\/div>\n\n\n\n<div class=\"wp-block-uagb-column uagb-column__wrap uagb-column__background-undefined uagb-block-0b636add\"><div class=\"uagb-column__overlay\"><\/div><div class=\"uagb-column__inner-wrap\">\n<p class=\"has-text-align-center\"><img decoding=\"async\" width=\"64\" height=\"64\" class=\"wp-image-28\" style=\"width: 64px;\" src=\"https:\/\/supcom.standardof.net\/wp-content\/uploads\/sites\/8\/2020\/10\/F.png\" alt=\"\" srcset=\"https:\/\/supcom.standardof.net\/wp-content\/uploads\/sites\/8\/2020\/10\/F.png 128w, https:\/\/supcom.standardof.net\/wp-content\/uploads\/sites\/8\/2020\/10\/F-12x12.png 12w\" sizes=\"(max-width: 64px) 100vw, 64px\" \/><\/p>\n\n\n\n<p class=\"has-text-align-center\"><strong>F\u00c4HRE<\/strong><\/p>\n\n\n\n<p class=\"has-text-align-center\"><em>Ein Transport, der an Ferry weitergeleitet wird, erstellt an seinem aktuellen Standort ein F\u00e4hrfeuer und startet die F\u00e4hreinheiten zum ausgew\u00e4hlten Ziel.<\/em><\/p>\n<\/div><\/div>\n<\/div><\/section>\n\n\n\n<section class=\"wp-block-uagb-columns uagb-columns__wrap uagb-columns__background-undefined uagb-columns__stack-mobile uagb-columns__valign-undefined uagb-columns__gap-10 alignundefined uagb-block-ddb6ee3b\"><div class=\"uagb-columns__overlay\"><\/div><div class=\"uagb-columns__inner-wrap uagb-columns__columns-1\">\n<div class=\"wp-block-uagb-column uagb-column__wrap uagb-column__background-undefined uagb-block-8514f2ae\"><div class=\"uagb-column__overlay\"><\/div><div class=\"uagb-column__inner-wrap\">\n<h2 class=\"wp-block-heading\">Nicht verf\u00fcgbare Verkn\u00fcpfungen<\/h2>\n\n\n\n<p>Es gibt keine Verkn\u00fcpfungen<em> Oberbefehlshaber<\/em> zum Aufr\u00fcsten von Einheiten, zum Ein- und Ausschalten von Tarnung und Tarnung, zum Opfern, Andocken oder Bestellen von Fabriken, um Bestellungen zu wiederholen; Sie m\u00fcssen manuell in der Benutzeroberfl\u00e4che oder im Erstellungsmodus angeklickt werden.<\/p>\n<\/div><\/div>\n<\/div><\/section>\n\n\n\n<p><\/p>","protected":false},"excerpt":{"rendered":"<p>Giving Orders These commands relate to giving commands to your units in Supreme Commander, allowing for a great variety and complexity of the commands issued. Right Click: Give default order On terrain: Move On enemies: Attack Engineers will Capture enemies instead. On allies or construction: Assist &nbsp;Engineers will Repair construction instead. Transports will Transport allied [&hellip;]<\/p>","protected":false},"author":1,"featured_media":0,"parent":104,"menu_order":2,"comment_status":"closed","ping_status":"closed","template":"","meta":{"_uag_custom_page_level_css":"","site-sidebar-layout":"default","site-content-layout":"default","ast-site-content-layout":"","site-content-style":"default","site-sidebar-style":"default","ast-global-header-display":"","ast-banner-title-visibility":"","ast-main-header-display":"","ast-hfb-above-header-display":"","ast-hfb-below-header-display":"","ast-hfb-mobile-header-display":"","site-post-title":"","ast-breadcrumbs-content":"","ast-featured-img":"","footer-sml-layout":"","theme-transparent-header-meta":"default","adv-header-id-meta":"","stick-header-meta":"","header-above-stick-meta":"","header-main-stick-meta":"","header-below-stick-meta":"","astra-migrate-meta-layouts":"default","ast-page-background-enabled":"default","ast-page-background-meta":{"desktop":{"background-color":"","background-image":"","background-repeat":"repeat","background-position":"center center","background-size":"auto","background-attachment":"scroll","background-type":"","background-media":"","overlay-type":"","overlay-color":"","overlay-gradient":""},"tablet":{"background-color":"","background-image":"","background-repeat":"repeat","background-position":"center center","background-size":"auto","background-attachment":"scroll","background-type":"","background-media":"","overlay-type":"","overlay-color":"","overlay-gradient":""},"mobile":{"background-color":"","background-image":"","background-repeat":"repeat","background-position":"center center","background-size":"auto","background-attachment":"scroll","background-type":"","background-media":"","overlay-type":"","overlay-color":"","overlay-gradient":""}},"ast-content-background-meta":{"desktop":{"background-color":"var(--ast-global-color-5)","background-image":"","background-repeat":"repeat","background-position":"center center","background-size":"auto","background-attachment":"scroll","background-type":"","background-media":"","overlay-type":"","overlay-color":"","overlay-gradient":""},"tablet":{"background-color":"var(--ast-global-color-5)","background-image":"","background-repeat":"repeat","background-position":"center center","background-size":"auto","background-attachment":"scroll","background-type":"","background-media":"","overlay-type":"","overlay-color":"","overlay-gradient":""},"mobile":{"background-color":"var(--ast-global-color-5)","background-image":"","background-repeat":"repeat","background-position":"center center","background-size":"auto","background-attachment":"scroll","background-type":"","background-media":"","overlay-type":"","overlay-color":"","overlay-gradient":""}},"footnotes":""},"uagb_featured_image_src":{"full":false,"thumbnail":false,"medium":false,"medium_large":false,"large":false,"1536x1536":false,"2048x2048":false,"trp-custom-language-flag":false},"uagb_author_info":{"display_name":"SOE","author_link":"https:\/\/supcom.standardof.net\/de\/author\/k-tastic\/"},"uagb_comment_info":0,"uagb_excerpt":"Giving Orders These commands relate to giving commands to your units in Supreme Commander, allowing for a great variety and complexity of the commands issued. Right Click: Give default order On terrain: Move On enemies: Attack Engineers will Capture enemies instead. On allies or construction: Assist &nbsp;Engineers will Repair construction instead. Transports will Transport allied&hellip;","_links":{"self":[{"href":"https:\/\/supcom.standardof.net\/de\/wp-json\/wp\/v2\/pages\/114"}],"collection":[{"href":"https:\/\/supcom.standardof.net\/de\/wp-json\/wp\/v2\/pages"}],"about":[{"href":"https:\/\/supcom.standardof.net\/de\/wp-json\/wp\/v2\/types\/page"}],"author":[{"embeddable":true,"href":"https:\/\/supcom.standardof.net\/de\/wp-json\/wp\/v2\/users\/1"}],"replies":[{"embeddable":true,"href":"https:\/\/supcom.standardof.net\/de\/wp-json\/wp\/v2\/comments?post=114"}],"version-history":[{"count":0,"href":"https:\/\/supcom.standardof.net\/de\/wp-json\/wp\/v2\/pages\/114\/revisions"}],"up":[{"embeddable":true,"href":"https:\/\/supcom.standardof.net\/de\/wp-json\/wp\/v2\/pages\/104"}],"wp:attachment":[{"href":"https:\/\/supcom.standardof.net\/de\/wp-json\/wp\/v2\/media?parent=114"}],"curies":[{"name":"wp","href":"https:\/\/api.w.org\/{rel}","templated":true}]}}