{"id":153,"date":"2020-10-31T14:02:43","date_gmt":"2020-10-31T18:02:43","guid":{"rendered":"https:\/\/supcom.standardof.net\/?page_id=153"},"modified":"2020-10-31T14:39:12","modified_gmt":"2020-10-31T18:39:12","slug":"uef-operation-metal-shark","status":"publish","type":"page","link":"https:\/\/supcom.standardof.net\/de\/supreme-commander\/kampagnen-komplettlosungen\/uef-operation-metal-shark\/","title":{"rendered":"UEF Mission 3 - Operation Metal Shark"},"content":{"rendered":"<p>Nachdem Sie eine Bef\u00f6rderung zum Kapit\u00e4n f\u00fcr Ihre fr\u00fcheren Bem\u00fchungen in Snow Blind erhalten haben, werden Sie nun in Operation Metal Shark beauftragt, mit Arnold in die Randwelt Matar zu fahren, wo die Aeon die lokale Bev\u00f6lkerung einer Gehirnw\u00e4sche unterziehen oder schlachten. Operation Metal Shark ist die erste Karte der Marine, auf der Sie in der UEF-Kampagne k\u00e4mpfen werden, und die einzige Mission, die sich ausschlie\u00dflich um Nichtlandk\u00e4mpfe dreht.<\/p>\n\n\n\n<section class=\"wp-block-uagb-columns uagb-columns__wrap uagb-columns__background-undefined uagb-columns__stack-mobile uagb-columns__valign-undefined uagb-columns__gap-10 alignundefined uagb-block-2f35daeb\"><div class=\"uagb-columns__overlay\"><\/div><div class=\"uagb-columns__inner-wrap uagb-columns__columns-1\">\n<div class=\"wp-block-uagb-column uagb-column__wrap uagb-column__background-undefined uagb-block-66b45250\"><div class=\"uagb-column__overlay\"><\/div><div class=\"uagb-column__inner-wrap\">\n<h3 class=\"wp-block-heading\">1. DEFEAT FRIGATE FORCE<\/h3>\n\n\n\n<p><a href=\"https:\/\/www.standardof.net\/wp-content\/uploads\/2011\/10\/M-uef-3-1.avi_snapshot_00.11.04_2011.10.25_04.51.50.png\" class=\"rank-math-link\" target=\"_blank\" rel=\"noopener\"><\/a>Eine Flotte von sechs Fregatten patrouilliert im S\u00fcden. Um sie zu besiegen, ben\u00f6tigen Sie eine betr\u00e4chtliche Marine. Bauen Sie also Ihre Startinsel mit viel Luft- und Seeverteidigung auf, bevor Sie dieses Ziel erreichen. Eine gemischte Streitmacht aus U-Booten und Bombern funktioniert am besten, da sie Ingenieuren, die Torpedostarter oder feindliche Fregatten bauen, das Leben schwer macht. Wenn Sie Kanonenschiffe mit den Zielen 2 und 3 freigeschaltet haben, sind diese hervorragend.<\/p>\n\n\n\n<div class=\"wp-block-image\"><figure class=\"aligncenter size-large\"><a href=\"https:\/\/supcom.standardof.net\/de\/supreme-commander\/kampagnen-komplettlosungen\/uef-operation-metal-shark\/uef-mission-3-operation-metal-shark-1\/\"><img decoding=\"async\" width=\"750\" height=\"601\" src=\"https:\/\/supcom.standardof.net\/wp-content\/uploads\/sites\/8\/2020\/10\/UEF-Mission-3-\u2013-Operation-Metal-Shark-1.jpg\" alt=\"\" class=\"wp-image-154\" srcset=\"https:\/\/supcom.standardof.net\/wp-content\/uploads\/sites\/8\/2020\/10\/UEF-Mission-3-\u2013-Operation-Metal-Shark-1.jpg 750w, https:\/\/supcom.standardof.net\/wp-content\/uploads\/sites\/8\/2020\/10\/UEF-Mission-3-\u2013-Operation-Metal-Shark-1-512x410.jpg 512w, https:\/\/supcom.standardof.net\/wp-content\/uploads\/sites\/8\/2020\/10\/UEF-Mission-3-\u2013-Operation-Metal-Shark-1-200x160.jpg 200w, https:\/\/supcom.standardof.net\/wp-content\/uploads\/sites\/8\/2020\/10\/UEF-Mission-3-\u2013-Operation-Metal-Shark-1-16x12.jpg 16w\" sizes=\"(max-width: 750px) 100vw, 750px\" \/><\/a><\/figure><\/div>\n<\/div><\/div>\n<\/div><\/section>\n\n\n\n<section class=\"wp-block-uagb-columns uagb-columns__wrap uagb-columns__background-undefined uagb-columns__stack-mobile uagb-columns__valign-undefined uagb-columns__gap-10 alignundefined uagb-block-cfe39f80\"><div class=\"uagb-columns__overlay\"><\/div><div class=\"uagb-columns__inner-wrap uagb-columns__columns-1\">\n<div class=\"wp-block-uagb-column uagb-column__wrap uagb-column__background-undefined uagb-block-00145445\"><div class=\"uagb-column__overlay\"><\/div><div class=\"uagb-column__inner-wrap\">\n<h3 class=\"wp-block-heading\">2. BAUEN SIE DIE SONARINSTALLATION AUF<\/h3>\n\n\n\n<p>Einfachstes Ziel seit \u201eBuild 3 Mass Extractors\u201c. Bauen Sie es in der N\u00e4he eines Torpedo-Werfers, damit Sie eine Vorwarnung f\u00fcr Ihre Verteidigung erhalten.<\/p>\n<\/div><\/div>\n<\/div><\/section>\n\n\n\n<section class=\"wp-block-uagb-columns uagb-columns__wrap uagb-columns__background-undefined uagb-columns__stack-mobile uagb-columns__valign-undefined uagb-columns__gap-10 alignundefined uagb-block-13f08576\"><div class=\"uagb-columns__overlay\"><\/div><div class=\"uagb-columns__inner-wrap uagb-columns__columns-1\">\n<div class=\"wp-block-uagb-column uagb-column__wrap uagb-column__background-undefined uagb-block-0b9139f6\"><div class=\"uagb-column__overlay\"><\/div><div class=\"uagb-column__inner-wrap\">\n<h3 class=\"wp-block-heading\">3. ZERST\u00d6REN SIE ALLE FEINDLICHEN U-Boot-GRUPPEN<\/h3>\n\n\n\n<p><a href=\"https:\/\/www.standardof.net\/wp-content\/uploads\/2011\/10\/M-uef-3-1.avi_snapshot_00.15.39_2011.10.25_04.54.34.png\" class=\"rank-math-link\" target=\"_blank\" rel=\"noopener\"><\/a>Der einzige wirkliche Weg, um die feindlichen U-Boote zu besiegen, besteht darin, viele eigene U-Boote zu haben. Eine einzelne Fregatte bietet Ihnen auch Sonarabdeckung f\u00fcr den entscheidenden Vorteil in Unterschlachten, da normalerweise jeder gewinnt, der zuerst feuert. Wenn Sie sie in einen Torpedo Launcher locken k\u00f6nnen, ist Ihre Arbeit einfacher, aber das ist riskant.<\/p>\n\n\n\n<div class=\"wp-block-image\"><figure class=\"aligncenter size-large\"><img decoding=\"async\" width=\"800\" height=\"583\" src=\"https:\/\/supcom.standardof.net\/wp-content\/uploads\/sites\/8\/2020\/10\/UEF-Mission-3-\u2013-Operation-Metal-Shark-2-800x583.jpg\" alt=\"\" class=\"wp-image-155\" srcset=\"https:\/\/supcom.standardof.net\/wp-content\/uploads\/sites\/8\/2020\/10\/UEF-Mission-3-\u2013-Operation-Metal-Shark-2-800x583.jpg 800w, https:\/\/supcom.standardof.net\/wp-content\/uploads\/sites\/8\/2020\/10\/UEF-Mission-3-\u2013-Operation-Metal-Shark-2-512x373.jpg 512w, https:\/\/supcom.standardof.net\/wp-content\/uploads\/sites\/8\/2020\/10\/UEF-Mission-3-\u2013-Operation-Metal-Shark-2-200x146.jpg 200w, https:\/\/supcom.standardof.net\/wp-content\/uploads\/sites\/8\/2020\/10\/UEF-Mission-3-\u2013-Operation-Metal-Shark-2-768x559.jpg 768w, https:\/\/supcom.standardof.net\/wp-content\/uploads\/sites\/8\/2020\/10\/UEF-Mission-3-\u2013-Operation-Metal-Shark-2-16x12.jpg 16w, https:\/\/supcom.standardof.net\/wp-content\/uploads\/sites\/8\/2020\/10\/UEF-Mission-3-\u2013-Operation-Metal-Shark-2.jpg 810w\" sizes=\"(max-width: 800px) 100vw, 800px\" \/><\/figure><\/div>\n<\/div><\/div>\n<\/div><\/section>\n\n\n\n<section class=\"wp-block-uagb-columns uagb-columns__wrap uagb-columns__background-undefined uagb-columns__stack-mobile uagb-columns__valign-undefined uagb-columns__gap-10 alignundefined uagb-block-52e3d529\"><div class=\"uagb-columns__overlay\"><\/div><div class=\"uagb-columns__inner-wrap uagb-columns__columns-1\">\n<div class=\"wp-block-uagb-column uagb-column__wrap uagb-column__background-undefined uagb-block-2871396f\"><div class=\"uagb-column__overlay\"><\/div><div class=\"uagb-column__inner-wrap\">\n<h3 class=\"wp-block-heading\">4. DEEATIEREN SIE DEN AEON COUNTERATTACK<\/h3>\n\n\n\n<p><em><a href=\"https:\/\/www.standardof.net\/wp-content\/uploads\/2011\/10\/M-uef-3-1.avi_snapshot_00.36.52_2011.10.25_04.56.58.png\" class=\"rank-math-link\" target=\"_blank\" rel=\"noopener\"><\/a>Karte erweitert sich nach S\u00fcden<br>Zu diesem Punkt hinzugef\u00fcgte Schaltpl\u00e4ne: Gunship, Torpedo Bomber<\/em><br>Wenn Sie eine anst\u00e4ndige Marine- und Luftwaffe haben, sollte der Gegenangriff kein Problem sein - stellen Sie einfach sicher, dass Ihre K\u00e4mpfer die Ann\u00e4herungen an Ihre Basis abdecken. In der N\u00e4he befindet sich eine kleine Aeon-Insel mit einer Kohlenwasserstoffanlage. Versende es mit Schiffen (tauche auf, um Bodenziele anzugreifen).<\/p>\n\n\n\n<div class=\"wp-block-image\"><figure class=\"aligncenter size-large\"><img decoding=\"async\" width=\"800\" height=\"570\" src=\"https:\/\/supcom.standardof.net\/wp-content\/uploads\/sites\/8\/2020\/10\/UEF-Mission-3-\u2013-Operation-Metal-Shark-3-800x570.jpg\" alt=\"\" class=\"wp-image-156\" srcset=\"https:\/\/supcom.standardof.net\/wp-content\/uploads\/sites\/8\/2020\/10\/UEF-Mission-3-\u2013-Operation-Metal-Shark-3-800x570.jpg 800w, https:\/\/supcom.standardof.net\/wp-content\/uploads\/sites\/8\/2020\/10\/UEF-Mission-3-\u2013-Operation-Metal-Shark-3-512x365.jpg 512w, https:\/\/supcom.standardof.net\/wp-content\/uploads\/sites\/8\/2020\/10\/UEF-Mission-3-\u2013-Operation-Metal-Shark-3-200x143.jpg 200w, https:\/\/supcom.standardof.net\/wp-content\/uploads\/sites\/8\/2020\/10\/UEF-Mission-3-\u2013-Operation-Metal-Shark-3-768x547.jpg 768w, https:\/\/supcom.standardof.net\/wp-content\/uploads\/sites\/8\/2020\/10\/UEF-Mission-3-\u2013-Operation-Metal-Shark-3-16x12.jpg 16w, https:\/\/supcom.standardof.net\/wp-content\/uploads\/sites\/8\/2020\/10\/UEF-Mission-3-\u2013-Operation-Metal-Shark-3.jpg 870w\" sizes=\"(max-width: 800px) 100vw, 800px\" \/><\/figure><\/div>\n<\/div><\/div>\n<\/div><\/section>\n\n\n\n<section class=\"wp-block-uagb-columns uagb-columns__wrap uagb-columns__background-undefined uagb-columns__stack-mobile uagb-columns__valign-undefined uagb-columns__gap-10 alignundefined uagb-block-05d617f2\"><div class=\"uagb-columns__overlay\"><\/div><div class=\"uagb-columns__inner-wrap uagb-columns__columns-1\">\n<div class=\"wp-block-uagb-column uagb-column__wrap uagb-column__background-undefined uagb-block-8c74e31e\"><div class=\"uagb-column__overlay\"><\/div><div class=\"uagb-column__inner-wrap\">\n<h3 class=\"wp-block-heading\">5. RECLAIM ARNOLD&#039;S BLACK BOX<\/h3>\n\n\n\n<p><em><a href=\"https:\/\/www.standardof.net\/wp-content\/uploads\/2011\/10\/M-uef-3-1.avi_snapshot_00.54.12_2011.10.25_04.59.57.png\" class=\"rank-math-link\" target=\"_blank\" rel=\"noopener\"><\/a>Schaltpl\u00e4ne hinzugef\u00fcgt: Resource Allocation System - ACU-Upgrade<\/em><br>Inzwischen sollten Sie Ihre Produktion von Flugzeugen gesteigert haben, damit Sie viele Kanonenschiffe und J\u00e4ger bereit haben, mit Bomber- \/ Torpedobomber-Unterst\u00fctzung f\u00fcr Ihre Seeflotte. Versuchen Sie, fr\u00fchzeitig die Kontrolle \u00fcber die Marine zu \u00fcbernehmen, damit Sie keine Torpedobomber mehr bauen und sich auf Lufteinheiten konzentrieren k\u00f6nnen. Stellen Sie sicher, dass Sie nach Osten patrouillieren, da feindliche Angriffe in der Regel aus dieser Richtung erfolgen. Expansion auf die s\u00fcdlichen Inseln - T2-Punkt-Verteidigungen an der K\u00fcste eignen sich recht gut, um Aeon-Schiffe abzuwehren. Wenn Sie bereit sind, auf Arnolds Insel einzuziehen, schicken Sie Ihr Flugzeug zuerst, um die Torpedostarter zu zerst\u00f6ren, und bringen Sie dann Ihre Schiffe zum Aufr\u00e4umen.<\/p>\n\n\n\n<div class=\"wp-block-image\"><figure class=\"aligncenter size-large\"><a href=\"https:\/\/supcom.standardof.net\/de\/supreme-commander\/kampagnen-komplettlosungen\/uef-operation-metal-shark\/uef-mission-3-operation-metal-shark-4\/\"><img decoding=\"async\" width=\"800\" height=\"493\" src=\"https:\/\/supcom.standardof.net\/wp-content\/uploads\/sites\/8\/2020\/10\/UEF-Mission-3-\u2013-Operation-Metal-Shark-4.jpg\" alt=\"\" class=\"wp-image-157\" srcset=\"https:\/\/supcom.standardof.net\/wp-content\/uploads\/sites\/8\/2020\/10\/UEF-Mission-3-\u2013-Operation-Metal-Shark-4.jpg 800w, https:\/\/supcom.standardof.net\/wp-content\/uploads\/sites\/8\/2020\/10\/UEF-Mission-3-\u2013-Operation-Metal-Shark-4-512x316.jpg 512w, https:\/\/supcom.standardof.net\/wp-content\/uploads\/sites\/8\/2020\/10\/UEF-Mission-3-\u2013-Operation-Metal-Shark-4-200x123.jpg 200w, https:\/\/supcom.standardof.net\/wp-content\/uploads\/sites\/8\/2020\/10\/UEF-Mission-3-\u2013-Operation-Metal-Shark-4-768x473.jpg 768w, https:\/\/supcom.standardof.net\/wp-content\/uploads\/sites\/8\/2020\/10\/UEF-Mission-3-\u2013-Operation-Metal-Shark-4-16x10.jpg 16w\" sizes=\"(max-width: 800px) 100vw, 800px\" \/><\/a><\/figure><\/div>\n<\/div><\/div>\n<\/div><\/section>\n\n\n\n<section class=\"wp-block-uagb-columns uagb-columns__wrap uagb-columns__background-undefined uagb-columns__stack-mobile uagb-columns__valign-undefined uagb-columns__gap-10 alignundefined uagb-block-798d6de4\"><div class=\"uagb-columns__overlay\"><\/div><div class=\"uagb-columns__inner-wrap uagb-columns__columns-1\">\n<div class=\"wp-block-uagb-column uagb-column__wrap uagb-column__background-undefined uagb-block-00c53d5e\"><div class=\"uagb-column__overlay\"><\/div><div class=\"uagb-column__inner-wrap\">\n<h3 class=\"wp-block-heading\">6. T\u00d6TEN ODER ERFASSEN SIE DIE AEON-PRINZESSIN<\/h3>\n\n\n\n<p><em>Karte erweitert sich nach Osten<\/em><br><em>Schaltpl\u00e4ne hinzugef\u00fcgt: T2 Naval Factory<\/em><br>Sie k\u00f6nnen dieses Ziel nicht erreichen, egal wie Sie es versuchen. Nehmen Sie stattdessen Eris, den Aeon-Kommandeur, ins Visier.<\/p>\n<\/div><\/div>\n<\/div><\/section>\n\n\n\n<section class=\"wp-block-uagb-columns uagb-columns__wrap uagb-columns__background-undefined uagb-columns__stack-mobile uagb-columns__valign-undefined uagb-columns__gap-10 alignundefined uagb-block-501ebdee\"><div class=\"uagb-columns__overlay\"><\/div><div class=\"uagb-columns__inner-wrap uagb-columns__columns-1\">\n<div class=\"wp-block-uagb-column uagb-column__wrap uagb-column__background-undefined uagb-block-52b99413\"><div class=\"uagb-column__overlay\"><\/div><div class=\"uagb-column__inner-wrap\">\n<h3 class=\"wp-block-heading\">7. ZERST\u00d6REN SIE DIE HAUPTBASIS DES AEON-KOMMANDANTEN<\/h3>\n\n\n\n<p><a href=\"https:\/\/www.standardof.net\/wp-content\/uploads\/2011\/10\/M-uef-3-1.avi_snapshot_01.49.05_2011.10.25_05.03.53.png\" class=\"rank-math-link\" target=\"_blank\" rel=\"noopener\"><\/a>Die Aeon-Basis ist gro\u00df und gut verteidigt. Bauen Sie eine Armee von Zerst\u00f6rern und U-Booten auf und r\u00e4umen Sie damit zuerst die kleine Insel n\u00f6rdlich der Basis und dann die Luftabwehr an der S\u00fcdspitze der Insel, damit Ihre Kanonenschiffe einr\u00fccken k\u00f6nnen, um einen Br\u00fcckenkopf zu errichten. Sobald Sie die Kontrolle \u00fcber die Marine haben, h\u00f6ren Sie auf, Schiffe zu bauen, nachdem Sie ein paar Kreuzer haben, um die K\u00fcste zu zerst\u00f6ren, und wandeln Sie Ihre Produktion in eine T2 Land Factory um, die schwere Panzer baut, die Sie im S\u00fcden abwerfen k\u00f6nnen. Bewegen Sie Ihre Panzer nach Norden und konzentrieren Sie das Feuer auf die Luftabwehr-T\u00fcrme. Wenn die ACU nach Ihren Panzern kommt, schicken Sie wie \u00fcblich die Kanonenschiffe und alle Bomber, die Sie f\u00fcr den Kill \u00fcbrig haben.<\/p>\n\n\n\n<div class=\"wp-block-image\"><figure class=\"aligncenter size-large\"><img decoding=\"async\" width=\"800\" height=\"432\" src=\"https:\/\/supcom.standardof.net\/wp-content\/uploads\/sites\/8\/2020\/10\/UEF-Mission-3-\u2013-Operation-Metal-Shark-5.jpg\" alt=\"\" class=\"wp-image-158\" srcset=\"https:\/\/supcom.standardof.net\/wp-content\/uploads\/sites\/8\/2020\/10\/UEF-Mission-3-\u2013-Operation-Metal-Shark-5.jpg 800w, https:\/\/supcom.standardof.net\/wp-content\/uploads\/sites\/8\/2020\/10\/UEF-Mission-3-\u2013-Operation-Metal-Shark-5-512x276.jpg 512w, https:\/\/supcom.standardof.net\/wp-content\/uploads\/sites\/8\/2020\/10\/UEF-Mission-3-\u2013-Operation-Metal-Shark-5-200x108.jpg 200w, https:\/\/supcom.standardof.net\/wp-content\/uploads\/sites\/8\/2020\/10\/UEF-Mission-3-\u2013-Operation-Metal-Shark-5-768x415.jpg 768w, https:\/\/supcom.standardof.net\/wp-content\/uploads\/sites\/8\/2020\/10\/UEF-Mission-3-\u2013-Operation-Metal-Shark-5-16x9.jpg 16w\" sizes=\"(max-width: 800px) 100vw, 800px\" \/><\/figure><\/div>\n<\/div><\/div>\n<\/div><\/section>\n\n\n\n<h3 class=\"has-text-align-center wp-block-heading\">Mission 3 - Operation Metal Shark - Videoanleitung<\/h3>\n\n\n\n<figure class=\"wp-block-embed-youtube wp-block-embed is-type-video is-provider-youtube wp-embed-aspect-16-9 wp-has-aspect-ratio\"><div class=\"wp-block-embed__wrapper\">\n<div class=\"ast-oembed-container\" style=\"height: 100%;\"><iframe title=\"Operation Metal Shark - Oberbefehlshaber UEF-Kampagne auf hart\" width=\"500\" height=\"281\" src=\"https:\/\/www.youtube.com\/embed\/dCYqt1LRzpo?feature=oembed\" frameborder=\"0\" allow=\"accelerometer; autoplay; clipboard-write; encrypted-media; gyroscope; picture-in-picture; web-share\" referrerpolicy=\"strict-origin-when-cross-origin\" allowfullscreen><\/iframe><\/div>\n<\/div><\/figure>","protected":false},"excerpt":{"rendered":"<p>After receiving a promotion to captain for your previous efforts in Snow Blind, you are now tasked in Operation Metal Shark with heading with Arnold to the rim-world Matar, where the Aeon are brainwashing or slaughtering the local populace. Operation Metal Shark will be the first primarily naval map you will be fighting on in [&hellip;]<\/p>","protected":false},"author":1,"featured_media":156,"parent":122,"menu_order":1,"comment_status":"closed","ping_status":"closed","template":"","meta":{"_uag_custom_page_level_css":"","site-sidebar-layout":"default","site-content-layout":"default","ast-site-content-layout":"","site-content-style":"default","site-sidebar-style":"default","ast-global-header-display":"","ast-banner-title-visibility":"","ast-main-header-display":"","ast-hfb-above-header-display":"","ast-hfb-below-header-display":"","ast-hfb-mobile-header-display":"","site-post-title":"","ast-breadcrumbs-content":"","ast-featured-img":"","footer-sml-layout":"","theme-transparent-header-meta":"default","adv-header-id-meta":"","stick-header-meta":"","header-above-stick-meta":"","header-main-stick-meta":"","header-below-stick-meta":"","astra-migrate-meta-layouts":"default","ast-page-background-enabled":"default","ast-page-background-meta":{"desktop":{"background-color":"","background-image":"","background-repeat":"repeat","background-position":"center center","background-size":"auto","background-attachment":"scroll","background-type":"","background-media":"","overlay-type":"","overlay-color":"","overlay-gradient":""},"tablet":{"background-color":"","background-image":"","background-repeat":"repeat","background-position":"center center","background-size":"auto","background-attachment":"scroll","background-type":"","background-media":"","overlay-type":"","overlay-color":"","overlay-gradient":""},"mobile":{"background-color":"","background-image":"","background-repeat":"repeat","background-position":"center center","background-size":"auto","background-attachment":"scroll","background-type":"","background-media":"","overlay-type":"","overlay-color":"","overlay-gradient":""}},"ast-content-background-meta":{"desktop":{"background-color":"var(--ast-global-color-5)","background-image":"","background-repeat":"repeat","background-position":"center center","background-size":"auto","background-attachment":"scroll","background-type":"","background-media":"","overlay-type":"","overlay-color":"","overlay-gradient":""},"tablet":{"background-color":"var(--ast-global-color-5)","background-image":"","background-repeat":"repeat","background-position":"center center","background-size":"auto","background-attachment":"scroll","background-type":"","background-media":"","overlay-type":"","overlay-color":"","overlay-gradient":""},"mobile":{"background-color":"var(--ast-global-color-5)","background-image":"","background-repeat":"repeat","background-position":"center center","background-size":"auto","background-attachment":"scroll","background-type":"","background-media":"","overlay-type":"","overlay-color":"","overlay-gradient":""}},"footnotes":""},"uagb_featured_image_src":{"full":["https:\/\/supcom.standardof.net\/wp-content\/uploads\/sites\/8\/2020\/10\/UEF-Mission-3-\u2013-Operation-Metal-Shark-3.jpg",870,620,false],"thumbnail":["https:\/\/supcom.standardof.net\/wp-content\/uploads\/sites\/8\/2020\/10\/UEF-Mission-3-\u2013-Operation-Metal-Shark-3-200x143.jpg",200,143,true],"medium":["https:\/\/supcom.standardof.net\/wp-content\/uploads\/sites\/8\/2020\/10\/UEF-Mission-3-\u2013-Operation-Metal-Shark-3-512x365.jpg",512,365,true],"medium_large":["https:\/\/supcom.standardof.net\/wp-content\/uploads\/sites\/8\/2020\/10\/UEF-Mission-3-\u2013-Operation-Metal-Shark-3-768x547.jpg",768,547,true],"large":["https:\/\/supcom.standardof.net\/wp-content\/uploads\/sites\/8\/2020\/10\/UEF-Mission-3-\u2013-Operation-Metal-Shark-3-800x570.jpg",800,570,true],"1536x1536":["https:\/\/supcom.standardof.net\/wp-content\/uploads\/sites\/8\/2020\/10\/UEF-Mission-3-\u2013-Operation-Metal-Shark-3.jpg",870,620,false],"2048x2048":["https:\/\/supcom.standardof.net\/wp-content\/uploads\/sites\/8\/2020\/10\/UEF-Mission-3-\u2013-Operation-Metal-Shark-3.jpg",870,620,false],"trp-custom-language-flag":["https:\/\/supcom.standardof.net\/wp-content\/uploads\/sites\/8\/2020\/10\/UEF-Mission-3-\u2013-Operation-Metal-Shark-3-16x12.jpg",16,12,true]},"uagb_author_info":{"display_name":"SOE","author_link":"https:\/\/supcom.standardof.net\/de\/author\/k-tastic\/"},"uagb_comment_info":0,"uagb_excerpt":"After receiving a promotion to captain for your previous efforts in Snow Blind, you are now tasked in Operation Metal Shark with heading with Arnold to the rim-world Matar, where the Aeon are brainwashing or slaughtering the local populace. Operation Metal Shark will be the first primarily naval map you will be fighting on in&hellip;","_links":{"self":[{"href":"https:\/\/supcom.standardof.net\/de\/wp-json\/wp\/v2\/pages\/153"}],"collection":[{"href":"https:\/\/supcom.standardof.net\/de\/wp-json\/wp\/v2\/pages"}],"about":[{"href":"https:\/\/supcom.standardof.net\/de\/wp-json\/wp\/v2\/types\/page"}],"author":[{"embeddable":true,"href":"https:\/\/supcom.standardof.net\/de\/wp-json\/wp\/v2\/users\/1"}],"replies":[{"embeddable":true,"href":"https:\/\/supcom.standardof.net\/de\/wp-json\/wp\/v2\/comments?post=153"}],"version-history":[{"count":0,"href":"https:\/\/supcom.standardof.net\/de\/wp-json\/wp\/v2\/pages\/153\/revisions"}],"up":[{"embeddable":true,"href":"https:\/\/supcom.standardof.net\/de\/wp-json\/wp\/v2\/pages\/122"}],"wp:featuredmedia":[{"embeddable":true,"href":"https:\/\/supcom.standardof.net\/de\/wp-json\/wp\/v2\/media\/156"}],"wp:attachment":[{"href":"https:\/\/supcom.standardof.net\/de\/wp-json\/wp\/v2\/media?parent=153"}],"curies":[{"name":"wp","href":"https:\/\/api.w.org\/{rel}","templated":true}]}}