{"id":172,"date":"2020-10-31T14:30:29","date_gmt":"2020-10-31T18:30:29","guid":{"rendered":"https:\/\/supcom.standardof.net\/?page_id=172"},"modified":"2020-10-31T14:40:16","modified_gmt":"2020-10-31T18:40:16","slug":"uef-operation-forge","status":"publish","type":"page","link":"https:\/\/supcom.standardof.net\/de\/supreme-commander\/kampagnen-komplettlosungen\/uef-operation-forge\/","title":{"rendered":"UEF Mission 5 - Operation Forge"},"content":{"rendered":"<p>Leider haben wir zu Beginn von Operation Forge erfahren, dass die Informationen aus Ihrer vorherigen Operation nicht ausreichten, um das Problem mit den Quantum Gates zu l\u00f6sen. Die UEF muss die Superwaffe Black Sun einsetzen, wenn sie \u00fcberleben soll. Dazu m\u00fcssen Sie die Verteidigung anderer wichtiger Einrichtungen \u00fcberwachen, w\u00e4hrend die letzten Ressourcen an Sol \u00fcbertragen werden.<\/p>\n\n\n\n<section class=\"wp-block-uagb-columns uagb-columns__wrap uagb-columns__background-undefined uagb-columns__stack-mobile uagb-columns__valign-undefined uagb-columns__gap-10 alignundefined uagb-block-6ffcacb0\"><div class=\"uagb-columns__overlay\"><\/div><div class=\"uagb-columns__inner-wrap uagb-columns__columns-1\">\n<div class=\"wp-block-uagb-column uagb-column__wrap uagb-column__background-undefined uagb-block-3fa983aa\"><div class=\"uagb-column__overlay\"><\/div><div class=\"uagb-column__inner-wrap\">\n<h3 class=\"wp-block-heading\">1. - 2. VERTEIDIGEN SIE 90% DER STADT UND SCH\u00dcTZEN SIE 2 FORSCHUNGSM\u00d6GLICHKEITEN<\/h3>\n\n\n\n<p><a href=\"https:\/\/www.standardof.net\/wp-content\/uploads\/2011\/10\/11.jpg\" class=\"rank-math-link\" target=\"_blank\" rel=\"noopener\"><\/a>Bauen Sie sofort mit Ihren T3-Ingenieuren Heavy Shield-Generatoren \u00fcber den Black Sun-Forschungseinrichtungen und machen Sie sich dann an die Arbeit, um mehr Ingenieure aus Ihren Fabriken herauszuholen. Setzen Sie Ingenieure auf Patrouille um die zivilen Geb\u00e4ude und andere bauen mehr T2-Punkt- und T3-Luftabwehrsysteme. Die meisten Angriffe erfolgen auf dem Luftweg f\u00fcr die ersten Teile der Mission. Bis dahin sollten Sie an jeder Ihrer Basen Gruppen von T3-Belagerungsbots und T2-Flak-Kanonen mit Feuerunterst\u00fctzung durch T2-Schildgeneratoren angeh\u00e4uft haben (es wird Landangriffe und Transporttropfen von au\u00dferhalb Ihrer Basen geben). Der Feind wird auch versuchen, Luft\u00fcberlegenheit mit st\u00e4ndigen Sperrfeuer von T3-K\u00e4mpfern herzustellen; Bauen Sie Ihre eigenen und sobald Ihre SAM-Standorte eingerichtet sind, bauen Sie T3-Kanonenschiffe, um wichtige Dinge wie die feindliche T3-Artillerie auszuschalten.<\/p>\n\n\n\n<div class=\"wp-block-image\"><figure class=\"aligncenter size-large\"><a href=\"https:\/\/supcom.standardof.net\/de\/supreme-commander\/kampagnen-komplettlosungen\/uef-operation-forge\/uef-mission-5-operation-forge-1\/\"><img decoding=\"async\" width=\"800\" height=\"430\" src=\"https:\/\/supcom.standardof.net\/wp-content\/uploads\/sites\/8\/2020\/10\/UEF-Mission-5-\u2013-Operation-Forge-1-800x430.jpg\" alt=\"\" class=\"wp-image-174\" srcset=\"https:\/\/supcom.standardof.net\/wp-content\/uploads\/sites\/8\/2020\/10\/UEF-Mission-5-\u2013-Operation-Forge-1-800x430.jpg 800w, https:\/\/supcom.standardof.net\/wp-content\/uploads\/sites\/8\/2020\/10\/UEF-Mission-5-\u2013-Operation-Forge-1-512x275.jpg 512w, https:\/\/supcom.standardof.net\/wp-content\/uploads\/sites\/8\/2020\/10\/UEF-Mission-5-\u2013-Operation-Forge-1-200x107.jpg 200w, https:\/\/supcom.standardof.net\/wp-content\/uploads\/sites\/8\/2020\/10\/UEF-Mission-5-\u2013-Operation-Forge-1-768x413.jpg 768w, https:\/\/supcom.standardof.net\/wp-content\/uploads\/sites\/8\/2020\/10\/UEF-Mission-5-\u2013-Operation-Forge-1-16x9.jpg 16w, https:\/\/supcom.standardof.net\/wp-content\/uploads\/sites\/8\/2020\/10\/UEF-Mission-5-\u2013-Operation-Forge-1.jpg 1024w\" sizes=\"(max-width: 800px) 100vw, 800px\" \/><\/a><\/figure><\/div>\n<\/div><\/div>\n<\/div><\/section>\n\n\n\n<section class=\"wp-block-uagb-columns uagb-columns__wrap uagb-columns__background-undefined uagb-columns__stack-mobile uagb-columns__valign-undefined uagb-columns__gap-10 alignundefined uagb-block-8b6e1070\"><div class=\"uagb-columns__overlay\"><\/div><div class=\"uagb-columns__inner-wrap uagb-columns__columns-1\">\n<div class=\"wp-block-uagb-column uagb-column__wrap uagb-column__background-undefined uagb-block-5eb29137\"><div class=\"uagb-column__overlay\"><\/div><div class=\"uagb-column__inner-wrap\">\n<h3 class=\"wp-block-heading\">3. 3 STRATEGISCHE MISSILE-VERTEIDIGUNGEN VERWENDEN<\/h3>\n\n\n\n<p><a href=\"https:\/\/www.standardof.net\/wp-content\/uploads\/2011\/10\/21.jpg\" class=\"rank-math-link\" target=\"_blank\" rel=\"noopener\"><\/a><em>Schema hinzugef\u00fcgt: Strategische Raketenabwehr<\/em><br>Der Feind startet fr\u00fchzeitig eine Nuklearwaffe, die jedoch automatisch abgeschossen wird. Erstellen Sie zu diesem Zeitpunkt an den angegebenen Stellen eine strategische Raketenabwehr (stellen Sie sicher, dass jeweils mehr als 10 Ingenieure vorhanden sind). Der Feind wird schnell mehr Atomwaffen senden, also unterst\u00fctzen Sie die Verteidigung, w\u00e4hrend sie ihre Raketen bauen. Eine der Basen kann sterben, aber wenn dies passiert, verlieren Sie sehr wahrscheinlich aufgrund des Ziels \u201eVerteidige die Stadt\u201c.<\/p>\n\n\n\n<div class=\"wp-block-image\"><figure class=\"aligncenter size-large\"><a href=\"https:\/\/supcom.standardof.net\/de\/supreme-commander\/kampagnen-komplettlosungen\/uef-operation-forge\/uef-mission-5-operation-forge-2\/\"><img decoding=\"async\" width=\"788\" height=\"602\" src=\"https:\/\/supcom.standardof.net\/wp-content\/uploads\/sites\/8\/2020\/10\/UEF-Mission-5-\u2013-Operation-Forge-2.jpg\" alt=\"\" class=\"wp-image-175\" srcset=\"https:\/\/supcom.standardof.net\/wp-content\/uploads\/sites\/8\/2020\/10\/UEF-Mission-5-\u2013-Operation-Forge-2.jpg 788w, https:\/\/supcom.standardof.net\/wp-content\/uploads\/sites\/8\/2020\/10\/UEF-Mission-5-\u2013-Operation-Forge-2-512x391.jpg 512w, https:\/\/supcom.standardof.net\/wp-content\/uploads\/sites\/8\/2020\/10\/UEF-Mission-5-\u2013-Operation-Forge-2-200x153.jpg 200w, https:\/\/supcom.standardof.net\/wp-content\/uploads\/sites\/8\/2020\/10\/UEF-Mission-5-\u2013-Operation-Forge-2-768x587.jpg 768w, https:\/\/supcom.standardof.net\/wp-content\/uploads\/sites\/8\/2020\/10\/UEF-Mission-5-\u2013-Operation-Forge-2-16x12.jpg 16w\" sizes=\"(max-width: 788px) 100vw, 788px\" \/><\/a><\/figure><\/div>\n<\/div><\/div>\n<\/div><\/section>\n\n\n\n<section class=\"wp-block-uagb-columns uagb-columns__wrap uagb-columns__background-undefined uagb-columns__stack-mobile uagb-columns__valign-undefined uagb-columns__gap-10 alignundefined uagb-block-a4b33446\"><div class=\"uagb-columns__overlay\"><\/div><div class=\"uagb-columns__inner-wrap uagb-columns__columns-1\">\n<div class=\"wp-block-uagb-column uagb-column__wrap uagb-column__background-undefined uagb-block-0e3e539a\"><div class=\"uagb-column__overlay\"><\/div><div class=\"uagb-column__inner-wrap\">\n<h3 class=\"wp-block-heading\">4. ZERST\u00d6REN SIE DIE STRATEGISCHEN MISSILE LAUNCHERS VON ARNOLD<\/h3>\n\n\n\n<p><a href=\"https:\/\/www.standardof.net\/wp-content\/uploads\/2011\/10\/31.jpg\" class=\"rank-math-link\" target=\"_blank\" rel=\"noopener\"><\/a>Nach dem zweiten Nuklearangriff werden Arnolds Nuklearwerfer enth\u00fcllt. Bewegen Sie alle Ihre Streitkr\u00e4fte in einer riesigen Masse ganz nach Osten direkt \u00fcber der s\u00fcd\u00f6stlichen feindlichen Basis. Mit gen\u00fcgend Truppen k\u00f6nnen Sie Gegenangriffe sehen und zerst\u00f6ren, bevor sie stattfinden. Gehen Sie in eine Formation in der s\u00fcd\u00f6stlichen Ecke und st\u00fcrmen Sie durch die Hintert\u00fcr, um in k\u00fcrzester Zeit maximalen Schaden zu verursachen. Danach begeben Sie sich zur nord\u00f6stlichen Basis f\u00fcr den 2. Launcher. Die Reihenfolge ist eigentlich nicht sehr wichtig; Sie k\u00f6nnen sich genauso gut von Norden nach S\u00fcden bewegen. Wenn Sie schnell genug sind, m\u00fcssen Sie nie wieder eine Nuklearabwehrrakete bauen, da die anderen Basen selbst keine Atomwaffen haben.<\/p>\n\n\n\n<div class=\"wp-block-image\"><figure class=\"aligncenter size-large\"><a href=\"https:\/\/supcom.standardof.net\/de\/supreme-commander\/kampagnen-komplettlosungen\/uef-operation-forge\/uef-mission-5-operation-forge-3\/\"><img decoding=\"async\" width=\"578\" height=\"444\" src=\"https:\/\/supcom.standardof.net\/wp-content\/uploads\/sites\/8\/2020\/10\/UEF-Mission-5-\u2013-Operation-Forge-3.jpg\" alt=\"\" class=\"wp-image-176\" srcset=\"https:\/\/supcom.standardof.net\/wp-content\/uploads\/sites\/8\/2020\/10\/UEF-Mission-5-\u2013-Operation-Forge-3.jpg 578w, https:\/\/supcom.standardof.net\/wp-content\/uploads\/sites\/8\/2020\/10\/UEF-Mission-5-\u2013-Operation-Forge-3-512x393.jpg 512w, https:\/\/supcom.standardof.net\/wp-content\/uploads\/sites\/8\/2020\/10\/UEF-Mission-5-\u2013-Operation-Forge-3-200x154.jpg 200w, https:\/\/supcom.standardof.net\/wp-content\/uploads\/sites\/8\/2020\/10\/UEF-Mission-5-\u2013-Operation-Forge-3-16x12.jpg 16w\" sizes=\"(max-width: 578px) 100vw, 578px\" \/><\/a><\/figure><\/div>\n<\/div><\/div>\n<\/div><\/section>\n\n\n\n<section class=\"wp-block-uagb-columns uagb-columns__wrap uagb-columns__background-undefined uagb-columns__stack-mobile uagb-columns__valign-undefined uagb-columns__gap-10 alignundefined uagb-block-4cc5bcef\"><div class=\"uagb-columns__overlay\"><\/div><div class=\"uagb-columns__inner-wrap uagb-columns__columns-1\">\n<div class=\"wp-block-uagb-column uagb-column__wrap uagb-column__background-undefined uagb-block-a699a1c7\"><div class=\"uagb-column__overlay\"><\/div><div class=\"uagb-column__inner-wrap\">\n<h3 class=\"wp-block-heading\">5. ZERST\u00d6REN SIE DIE SCHWERE ARTILLERIE DER CYBRANS MIT LANGER REICHWEITE<\/h3>\n\n\n\n<p><a href=\"https:\/\/www.standardof.net\/wp-content\/uploads\/2011\/10\/m-UEF-5-1.avi_snapshot_00.53.56_2011.10.26_03.30.12.png\" class=\"rank-math-link\" target=\"_blank\" rel=\"noopener\"><\/a>Stellen Sie sicher, dass alle Ihre Schilde f\u00fcr dieses Ziel bereit sind. Die Artillerie befindet sich in kleinen St\u00fctzpunkten im Nordosten und S\u00fcdwesten. Verwenden Sie Kanonenschiffe und Bomber, um die Artillerie auszul\u00f6schen, und lassen Sie den Rest der Basis sp\u00e4ter erledigen. Die Artillerie im Norden kann auch durch die Kraft von T3-Bots zerst\u00f6rt werden, die Sie zu diesem Zeitpunkt in dieser Basis haben.<\/p>\n\n\n\n<div class=\"wp-block-image\"><figure class=\"aligncenter size-large\"><a href=\"https:\/\/supcom.standardof.net\/de\/supreme-commander\/kampagnen-komplettlosungen\/uef-operation-forge\/uef-mission-5-operation-forge-4\/\"><img decoding=\"async\" width=\"704\" height=\"656\" src=\"https:\/\/supcom.standardof.net\/wp-content\/uploads\/sites\/8\/2020\/10\/UEF-Mission-5-\u2013-Operation-Forge-4.jpg\" alt=\"\" class=\"wp-image-177\" srcset=\"https:\/\/supcom.standardof.net\/wp-content\/uploads\/sites\/8\/2020\/10\/UEF-Mission-5-\u2013-Operation-Forge-4.jpg 704w, https:\/\/supcom.standardof.net\/wp-content\/uploads\/sites\/8\/2020\/10\/UEF-Mission-5-\u2013-Operation-Forge-4-512x477.jpg 512w, https:\/\/supcom.standardof.net\/wp-content\/uploads\/sites\/8\/2020\/10\/UEF-Mission-5-\u2013-Operation-Forge-4-200x186.jpg 200w, https:\/\/supcom.standardof.net\/wp-content\/uploads\/sites\/8\/2020\/10\/UEF-Mission-5-\u2013-Operation-Forge-4-13x12.jpg 13w\" sizes=\"(max-width: 704px) 100vw, 704px\" \/><\/a><\/figure><\/div>\n<\/div><\/div>\n<\/div><\/section>\n\n\n\n<section class=\"wp-block-uagb-columns uagb-columns__wrap uagb-columns__background-undefined uagb-columns__stack-mobile uagb-columns__valign-undefined uagb-columns__gap-10 alignundefined uagb-block-944e16b1\"><div class=\"uagb-columns__overlay\"><\/div><div class=\"uagb-columns__inner-wrap uagb-columns__columns-1\">\n<div class=\"wp-block-uagb-column uagb-column__wrap uagb-column__background-undefined uagb-block-a74739ba\"><div class=\"uagb-column__overlay\"><\/div><div class=\"uagb-column__inner-wrap\">\n<h3 class=\"wp-block-heading\">6. ESCORT BLACK SUN COMPONENT TRUCKS ZUM QUANTUM GATE<\/h3>\n\n\n\n<p><em><a href=\"https:\/\/www.standardof.net\/wp-content\/uploads\/2011\/10\/51.jpg\" class=\"rank-math-link\" target=\"_blank\" rel=\"noopener\"><\/a>Schema hinzugef\u00fcgt: Strategic Missile Launcher<\/em><br>Black Sun Trucks erscheinen zuf\u00e4llig in einer \u00fcberlebenden Forschungsbasis. Sie m\u00fcssen sie zum Quantentor Ihrer Hauptbasis eskortieren, aber auf schwere Luftangriffe achten. Lassen Sie Ihre Bodentruppen die Route der Lastwagen patrouillieren. Bewegen Sie die Lastwagen direkt nach einem Luftangriff. Es erscheinen zwei Gruppen von Lastwagen. Nachdem Sie die Lastwagen sicher eingefahren haben, kann Ihre ACU ihnen folgen oder Sie k\u00f6nnen mehr Spa\u00df mit Ihren neuen Nuklearwerfern haben.<\/p>\n\n\n\n<div class=\"wp-block-image\"><figure class=\"aligncenter size-large\"><a href=\"https:\/\/supcom.standardof.net\/de\/supreme-commander\/kampagnen-komplettlosungen\/uef-operation-forge\/uef-mission-5-operation-forge-5\/\"><img decoding=\"async\" width=\"800\" height=\"377\" src=\"https:\/\/supcom.standardof.net\/wp-content\/uploads\/sites\/8\/2020\/10\/UEF-Mission-5-\u2013-Operation-Forge-5-800x377.jpg\" alt=\"\" class=\"wp-image-178\" srcset=\"https:\/\/supcom.standardof.net\/wp-content\/uploads\/sites\/8\/2020\/10\/UEF-Mission-5-\u2013-Operation-Forge-5-800x377.jpg 800w, https:\/\/supcom.standardof.net\/wp-content\/uploads\/sites\/8\/2020\/10\/UEF-Mission-5-\u2013-Operation-Forge-5-512x242.jpg 512w, https:\/\/supcom.standardof.net\/wp-content\/uploads\/sites\/8\/2020\/10\/UEF-Mission-5-\u2013-Operation-Forge-5-200x94.jpg 200w, https:\/\/supcom.standardof.net\/wp-content\/uploads\/sites\/8\/2020\/10\/UEF-Mission-5-\u2013-Operation-Forge-5-768x362.jpg 768w, https:\/\/supcom.standardof.net\/wp-content\/uploads\/sites\/8\/2020\/10\/UEF-Mission-5-\u2013-Operation-Forge-5-16x8.jpg 16w, https:\/\/supcom.standardof.net\/wp-content\/uploads\/sites\/8\/2020\/10\/UEF-Mission-5-\u2013-Operation-Forge-5.jpg 1024w\" sizes=\"(max-width: 800px) 100vw, 800px\" \/><\/a><\/figure><\/div>\n<\/div><\/div>\n<\/div><\/section>\n\n\n\n<section class=\"wp-block-uagb-columns uagb-columns__wrap uagb-columns__background-undefined uagb-columns__stack-mobile uagb-columns__valign-undefined uagb-columns__gap-10 alignundefined uagb-block-b2de4b61\"><div class=\"uagb-columns__overlay\"><\/div><div class=\"uagb-columns__inner-wrap uagb-columns__columns-1\">\n<div class=\"wp-block-uagb-column uagb-column__wrap uagb-column__background-undefined uagb-block-fd841de6\"><div class=\"uagb-column__overlay\"><\/div><div class=\"uagb-column__inner-wrap\">\n<h3 class=\"wp-block-heading\">7. ZERST\u00d6REN SIE ALLE 5 CYBRAN-BASEN (OPTIONAL)<\/h3>\n\n\n\n<p><a href=\"https:\/\/www.standardof.net\/wp-content\/uploads\/2011\/10\/61.jpg\" class=\"rank-math-link\" target=\"_blank\" rel=\"noopener\"><\/a>Die St\u00fctzpunkte im Norden haben keine strategische Raketenabwehr, daher werden sie durch eine einzige Nuklearwaffe ausgel\u00f6scht. Die s\u00fcdwestliche Basis hat eine einzige Nuklearverteidigung; Sende einen massiven Luftangriff, um ihn herauszunehmen und dann die Basis zu zerst\u00f6ren. Die s\u00fcdliche Basis ist gut verteidigt und wird den Rest Ihrer Truppen zur Zerst\u00f6rung bringen. Alternativ werden zwei Nuklearwerfer die strategische Verteidigung \u00fcberw\u00e4ltigen.<\/p>\n\n\n\n<div class=\"wp-block-image\"><figure class=\"aligncenter size-large\"><a href=\"https:\/\/supcom.standardof.net\/de\/supreme-commander\/kampagnen-komplettlosungen\/uef-operation-forge\/uef-mission-5-operation-forge-6\/\"><img decoding=\"async\" width=\"800\" height=\"545\" src=\"https:\/\/supcom.standardof.net\/wp-content\/uploads\/sites\/8\/2020\/10\/UEF-Mission-5-\u2013-Operation-Forge-6-800x545.jpg\" alt=\"\" class=\"wp-image-179\" srcset=\"https:\/\/supcom.standardof.net\/wp-content\/uploads\/sites\/8\/2020\/10\/UEF-Mission-5-\u2013-Operation-Forge-6-800x545.jpg 800w, https:\/\/supcom.standardof.net\/wp-content\/uploads\/sites\/8\/2020\/10\/UEF-Mission-5-\u2013-Operation-Forge-6-512x349.jpg 512w, https:\/\/supcom.standardof.net\/wp-content\/uploads\/sites\/8\/2020\/10\/UEF-Mission-5-\u2013-Operation-Forge-6-200x136.jpg 200w, https:\/\/supcom.standardof.net\/wp-content\/uploads\/sites\/8\/2020\/10\/UEF-Mission-5-\u2013-Operation-Forge-6-768x523.jpg 768w, https:\/\/supcom.standardof.net\/wp-content\/uploads\/sites\/8\/2020\/10\/UEF-Mission-5-\u2013-Operation-Forge-6-16x12.jpg 16w, https:\/\/supcom.standardof.net\/wp-content\/uploads\/sites\/8\/2020\/10\/UEF-Mission-5-\u2013-Operation-Forge-6.jpg 1024w\" sizes=\"(max-width: 800px) 100vw, 800px\" \/><\/a><\/figure><\/div>\n<\/div><\/div>\n<\/div><\/section>\n\n\n\n<h3 class=\"has-text-align-center wp-block-heading\">Mission 5 - Operation Forge - Videoanleitung<\/h3>\n\n\n\n<figure class=\"wp-block-embed-youtube wp-block-embed is-type-video is-provider-youtube wp-embed-aspect-16-9 wp-has-aspect-ratio\"><div class=\"wp-block-embed__wrapper\">\n<div class=\"ast-oembed-container\" style=\"height: 100%;\"><iframe title=\"Operation Forge - UEF-Kampagne des Oberbefehlshabers auf hart\" width=\"500\" height=\"281\" src=\"https:\/\/www.youtube.com\/embed\/dDjgLQAhi4Q?feature=oembed\" frameborder=\"0\" allow=\"accelerometer; autoplay; clipboard-write; encrypted-media; gyroscope; picture-in-picture; web-share\" referrerpolicy=\"strict-origin-when-cross-origin\" allowfullscreen><\/iframe><\/div>\n<\/div><\/figure>","protected":false},"excerpt":{"rendered":"<p>Unfortunately, with the beginning of Operation Forge we learn the information gathered from your previous op was not enough to solve the problem with the Quantum Gates. The UEF will have to deploy the Black Sun super weapon if it is going to survive and in order to do so you will need to oversee [&hellip;]<\/p>","protected":false},"author":1,"featured_media":178,"parent":122,"menu_order":1,"comment_status":"closed","ping_status":"closed","template":"","meta":{"_uag_custom_page_level_css":"","site-sidebar-layout":"default","site-content-layout":"default","ast-site-content-layout":"","site-content-style":"default","site-sidebar-style":"default","ast-global-header-display":"","ast-banner-title-visibility":"","ast-main-header-display":"","ast-hfb-above-header-display":"","ast-hfb-below-header-display":"","ast-hfb-mobile-header-display":"","site-post-title":"","ast-breadcrumbs-content":"","ast-featured-img":"","footer-sml-layout":"","theme-transparent-header-meta":"default","adv-header-id-meta":"","stick-header-meta":"","header-above-stick-meta":"","header-main-stick-meta":"","header-below-stick-meta":"","astra-migrate-meta-layouts":"default","ast-page-background-enabled":"default","ast-page-background-meta":{"desktop":{"background-color":"","background-image":"","background-repeat":"repeat","background-position":"center center","background-size":"auto","background-attachment":"scroll","background-type":"","background-media":"","overlay-type":"","overlay-color":"","overlay-gradient":""},"tablet":{"background-color":"","background-image":"","background-repeat":"repeat","background-position":"center center","background-size":"auto","background-attachment":"scroll","background-type":"","background-media":"","overlay-type":"","overlay-color":"","overlay-gradient":""},"mobile":{"background-color":"","background-image":"","background-repeat":"repeat","background-position":"center center","background-size":"auto","background-attachment":"scroll","background-type":"","background-media":"","overlay-type":"","overlay-color":"","overlay-gradient":""}},"ast-content-background-meta":{"desktop":{"background-color":"var(--ast-global-color-5)","background-image":"","background-repeat":"repeat","background-position":"center center","background-size":"auto","background-attachment":"scroll","background-type":"","background-media":"","overlay-type":"","overlay-color":"","overlay-gradient":""},"tablet":{"background-color":"var(--ast-global-color-5)","background-image":"","background-repeat":"repeat","background-position":"center center","background-size":"auto","background-attachment":"scroll","background-type":"","background-media":"","overlay-type":"","overlay-color":"","overlay-gradient":""},"mobile":{"background-color":"var(--ast-global-color-5)","background-image":"","background-repeat":"repeat","background-position":"center center","background-size":"auto","background-attachment":"scroll","background-type":"","background-media":"","overlay-type":"","overlay-color":"","overlay-gradient":""}},"footnotes":""},"uagb_featured_image_src":{"full":["https:\/\/supcom.standardof.net\/wp-content\/uploads\/sites\/8\/2020\/10\/UEF-Mission-5-\u2013-Operation-Forge-5.jpg",1024,483,false],"thumbnail":["https:\/\/supcom.standardof.net\/wp-content\/uploads\/sites\/8\/2020\/10\/UEF-Mission-5-\u2013-Operation-Forge-5-200x94.jpg",200,94,true],"medium":["https:\/\/supcom.standardof.net\/wp-content\/uploads\/sites\/8\/2020\/10\/UEF-Mission-5-\u2013-Operation-Forge-5-512x242.jpg",512,242,true],"medium_large":["https:\/\/supcom.standardof.net\/wp-content\/uploads\/sites\/8\/2020\/10\/UEF-Mission-5-\u2013-Operation-Forge-5-768x362.jpg",768,362,true],"large":["https:\/\/supcom.standardof.net\/wp-content\/uploads\/sites\/8\/2020\/10\/UEF-Mission-5-\u2013-Operation-Forge-5-800x377.jpg",800,377,true],"1536x1536":["https:\/\/supcom.standardof.net\/wp-content\/uploads\/sites\/8\/2020\/10\/UEF-Mission-5-\u2013-Operation-Forge-5.jpg",1024,483,false],"2048x2048":["https:\/\/supcom.standardof.net\/wp-content\/uploads\/sites\/8\/2020\/10\/UEF-Mission-5-\u2013-Operation-Forge-5.jpg",1024,483,false],"trp-custom-language-flag":["https:\/\/supcom.standardof.net\/wp-content\/uploads\/sites\/8\/2020\/10\/UEF-Mission-5-\u2013-Operation-Forge-5-16x8.jpg",16,8,true]},"uagb_author_info":{"display_name":"SOE","author_link":"https:\/\/supcom.standardof.net\/de\/author\/k-tastic\/"},"uagb_comment_info":0,"uagb_excerpt":"Unfortunately, with the beginning of Operation Forge we learn the information gathered from your previous op was not enough to solve the problem with the Quantum Gates. The UEF will have to deploy the Black Sun super weapon if it is going to survive and in order to do so you will need to oversee&hellip;","_links":{"self":[{"href":"https:\/\/supcom.standardof.net\/de\/wp-json\/wp\/v2\/pages\/172"}],"collection":[{"href":"https:\/\/supcom.standardof.net\/de\/wp-json\/wp\/v2\/pages"}],"about":[{"href":"https:\/\/supcom.standardof.net\/de\/wp-json\/wp\/v2\/types\/page"}],"author":[{"embeddable":true,"href":"https:\/\/supcom.standardof.net\/de\/wp-json\/wp\/v2\/users\/1"}],"replies":[{"embeddable":true,"href":"https:\/\/supcom.standardof.net\/de\/wp-json\/wp\/v2\/comments?post=172"}],"version-history":[{"count":0,"href":"https:\/\/supcom.standardof.net\/de\/wp-json\/wp\/v2\/pages\/172\/revisions"}],"up":[{"embeddable":true,"href":"https:\/\/supcom.standardof.net\/de\/wp-json\/wp\/v2\/pages\/122"}],"wp:featuredmedia":[{"embeddable":true,"href":"https:\/\/supcom.standardof.net\/de\/wp-json\/wp\/v2\/media\/178"}],"wp:attachment":[{"href":"https:\/\/supcom.standardof.net\/de\/wp-json\/wp\/v2\/media?parent=172"}],"curies":[{"name":"wp","href":"https:\/\/api.w.org\/{rel}","templated":true}]}}