{"id":204,"date":"2020-10-31T15:01:28","date_gmt":"2020-10-31T19:01:28","guid":{"rendered":"https:\/\/supcom.standardof.net\/?page_id=204"},"modified":"2020-10-31T15:09:42","modified_gmt":"2020-10-31T19:09:42","slug":"cybran-operation-liberation","status":"publish","type":"page","link":"https:\/\/supcom.standardof.net\/de\/supreme-commander\/kampagnen-komplettlosungen\/cybran-operation-befreiung\/","title":{"rendered":"Cybran Mission 1 - Operation Befreiung"},"content":{"rendered":"<h3 class=\"wp-block-heading\">1. BAUEN SIE 3 MASSENEXTRAKTOREN<\/h3>\n\n\n\n<p><em>Schema hinzugef\u00fcgt: T1 Mass Extractor<br><\/em>Um dies so schnell wie m\u00f6glich zu tun, halten Sie die Umschalttaste gedr\u00fcckt, um alle 3 Massenextraktoren in die Warteschlange zu stellen. Wenn sie relativ weit voneinander entfernt sind, stellen Sie einen Verschiebungsbefehl in die Warteschlange, damit Ihre ACU nicht so weit laufen muss. Wenn Sie ihm nur sagen, dass er bauen soll, geht er direkt neben den Massenextraktor, bevor er ihn baut.<\/p>\n\n\n\n<h3 class=\"wp-block-heading\">2. BAUEN SIE 3 LEISTUNGSGENERATOREN<\/h3>\n\n\n\n<p><em>Schaltplan hinzugef\u00fcgt: T1 Power Generator<\/em><br>Stellen Sie die 3 Stromerzeuger nebeneinander ab, weg von den Extraktoren, damit Sie die Fabrik (Ziel 3) f\u00fcr ihren Nachbarschaftsbonus neben sich platzieren k\u00f6nnen. Im Allgemeinen sollten Ihre ersten Fabriken von einer Reihe von Stromerzeugern begleitet werden, damit Ihnen nicht die Energie ausgeht - eine Luftfabrik kann mit dieser Methode fast kostenlos Abfangj\u00e4ger produzieren.<\/p>\n\n\n\n<h3 class=\"wp-block-heading\">3. BAUEN SIE EINE LUFTFABRIK<\/h3>\n\n\n\n<p><em>Schaltpl\u00e4ne hinzugef\u00fcgt: Air Factory<\/em><br>Stellen Sie das Werk neben die Stromerzeuger. Lassen Sie Ihre ACU weiterhin Massenextraktoren und Stromerzeuger bauen. Wenn Sie mehr verdienen, als Sie ausgeben k\u00f6nnen, bauen Sie eine weitere Luftfabrik. Normalerweise k\u00f6nnen Sie w\u00e4hrend des Baus von Fabriken Bestellungen f\u00fcr diese in die Warteschlange stellen. In dieser Mission m\u00fcssen Sie auf das n\u00e4chste Ziel warten, bevor Sie dies tun.<\/p>\n\n\n\n<h3 class=\"wp-block-heading\">4. BAUEN SIE 5 BOMBER<\/h3>\n\n\n\n<p><em>Schaltpl\u00e4ne hinzugef\u00fcgt: T1 Engineer, Air Scout, Attack Bomber<\/em><br>Nachdem Sie Ihren ersten Air Scout gebaut haben, um au\u00dferhalb Ihrer Basis zu patrouillieren, bauen Sie Ingenieure und Bomber. Lassen Sie die Ingenieure Ihre Wirtschaft mit Massenextraktoren und Stromerzeugern entwickeln, w\u00e4hrend ein Ingenieur auf umliegenden B\u00e4umen oder Felsen patrouilliert, um ihre Ressourcen zu sammeln. Wenn Sie \u00fcber zus\u00e4tzliche Ressourcen verf\u00fcgen, k\u00f6nnen Ihre Ingenieure Ihre Fabrik bei der Produktion unterst\u00fctzen, ebenso wie Ihre ACU, die so schnell wie 2 Ingenieure baut.<\/p>\n\n\n\n<h3 class=\"wp-block-heading\">5. DEFEATEN SIE DIE UEF-PATROLS<\/h3>\n\n\n\n<p>Richten Sie eine Angriffswarteschlange ein, indem Sie die Umschalttaste gedr\u00fcckt halten und auf die feindlichen Einheiten klicken. Ihre Bomber sollten kurze Arbeit mit den feindlichen Landeinheiten leisten; Wenn es Luftabwehrfahrzeuge gibt, zielen Sie zuerst auf diese, um den Verlust von Bombern zu vermeiden. Wenn Ihr Flugzeug zu lange in der Luft ist, geht ihm der Treibstoff aus (das Messger\u00e4t direkt unter der Gesundheitsanzeige). Lassen Sie sie landen und tanken Sie langsam auf. In sp\u00e4teren Missionen k\u00f6nnen Sie Air Staging-Einrichtungen oder einige Marineeinheiten verwenden, um schneller zu reparieren und zu tanken.<\/p>\n\n\n\n<h3 class=\"wp-block-heading\">6. ERFASSEN SIE DAS UEF-RADAR<\/h3>\n\n\n\n<p>Bringen Sie einen Ihrer Ingenieure zur Radaranlage, um sie zu erfassen. Sobald es Ihnen geh\u00f6rt, schlie\u00dft sich auch der Rest der kleinen Basis Ihren Kr\u00e4ften an.<\/p>\n\n\n\n<h3 class=\"wp-block-heading\">7. ZERST\u00d6REN SIE DIE UEF-MASSENVEREDELUNGEN<\/h3>\n\n\n\n<p><em>Karte erweitert sich nach Norden<br>Schema hinzugef\u00fcgt: Interceptor<br><\/em>F\u00fcgen Sie Ihrer Build-Warteschlange Interceptors hinzu. Finden Sie eine gute Mischung aus Bombern und J\u00e4gern und dr\u00fccken Sie die Wiederholungstaste der Fabrik, um sie auf unbestimmte Zeit fortzusetzen. Lassen Sie Ihre anderen Luftfabriken den Ersten helfen, der bei der Warteschlange hilft. Wenn Sie den anderen Fabriken neue Bauauftr\u00e4ge erteilen (z. B. wenn Sie mehr Ingenieure oder einige Luftscouts ben\u00f6tigen), werden sie wieder zur Unterst\u00fctzung zur\u00fcckkehren, nachdem sie mit diesen fertig sind. Stellen Sie Ihre Abfangj\u00e4ger auf eine Patrouillenroute um Ihre Basis - Sie m\u00f6chten 5-10 davon, bevor Sie sie nach Norden schicken, um gegen die UEF-Abfangj\u00e4ger zu k\u00e4mpfen. Bewegen Sie sich mit diesen Toten in Ihre Bomber und zerst\u00f6ren Sie die Massenextraktoren.<\/p>\n\n\n\n<h3 class=\"wp-block-heading\">8. DEFEATEN SIE DIE UEF-PATROLS<\/h3>\n\n\n\n<p><em>Karte erweitert sich nach Osten<br>Schaltpl\u00e4ne hinzugef\u00fcgt: Land Factory, T1 Point Defense, Anti-Air Turret<\/em><br>Baue mehrere Landfabriken zusammen mit Stromerzeugern daneben, damit dir nicht die Energie ausgeht. Lassen Sie sie ein paar Land Scouts f\u00fcr die Radarabdeckung bauen und dann eine kontinuierliche Mischung (stellen Sie die Warteschlange auf Wiederholung) von Landeinheiten. Stellen Sie die Standardbefehle der Prim\u00e4rfabrik so ein, dass sie \u00f6stlich Ihrer Basis patrouillieren. Sie k\u00f6nnen jetzt eine \u00fcberw\u00e4ltigende Streitmacht aufbauen, Ihre Basis mit T\u00fcrmen sch\u00fctzen, Fabriken mit Ihrer ACU und zus\u00e4tzlichen Ingenieuren unterst\u00fctzen und einziehen, wenn Sie das Gef\u00fchl haben, bereit zu sein, alle Gegner zu vernichten. Der Feind greift nur aus der Luft an, bis Sie einziehen, um die Patrouillen zu besiegen.<\/p>\n\n\n\n<h3 class=\"wp-block-heading\">9. DEFEAT UEF OUTER DEFENSES<\/h3>\n\n\n\n<p>Sie ben\u00f6tigen haupts\u00e4chlich Bodeneinheiten, um die beiden Verteidigungsposten im Norden und S\u00fcden zu besiegen. Der mittlere Verteidigungsposten kann mit einem Schlag zerst\u00f6rt werden, wenn Sie gen\u00fcgend Bomber haben: Zielen Sie einfach auf den \u00f6stlichsten Luftabwehr-Turm, und die Bomber zerst\u00f6ren alle Luftabwehrkr\u00e4fte beim ersten Durchgang und den Rest beim zweiten Durchgang. Lass deine Bomber nicht nach Norden oder S\u00fcden verirren. Sie ben\u00f6tigen sie f\u00fcr das n\u00e4chste Ziel.<\/p>\n\n\n\n<h3 class=\"wp-block-heading\">10. DEFEAT SYMBIONT GUARDS<\/h3>\n\n\n\n<p><em>Karte erweitert sich nach Osten<\/em><br>Zu diesem Zeitpunkt sollten Sie sich nahe an der Einheitengrenze befinden. Versuchen Sie, Ihre Wirtschaft so nahe wie m\u00f6glich an +0 Masse zu halten - wenn Sie zus\u00e4tzliche haben, bauen Sie mehr Fabriken und bauen Sie immer Massenextraktoren, wo immer Sie k\u00f6nnen. Wenn Sie zu wenig haben, k\u00f6nnen Sie einige Ingenieure anhalten, indem Sie Z dr\u00fccken. Die neue UEF-Basis wird von vielen Abfangj\u00e4gern bewacht. Bringen Sie Ihre eigene Luftwaffe mit, um sie zu zerst\u00f6ren, und bringen Sie gleichzeitig Ihre eigenen Bodentruppen aus dem S\u00fcden ein. Sie sollten direkt durch die feindliche Basis gehen, die die Symbionten umgibt, die Sie befreien m\u00fcssen. Sobald die Abfangj\u00e4ger zerst\u00f6rt sind, k\u00f6nnen Sie Ihre Bomber einsetzen, um die Bodentruppen zu unterst\u00fctzen, insbesondere um problematische Punktverteidigungen zu beseitigen.<\/p>\n\n\n\n<h3 class=\"wp-block-heading\">11. ZERST\u00d6REN SIE DIE UEF-BASIS<\/h3>\n\n\n\n<p>Bewegen Sie sich mit Ihren Landstreitkr\u00e4ften von den Symbionten nach Norden. Wenn Sie die Luftabwehr-T\u00fcrme entfernt haben, k\u00f6nnen Sie Ihre Bomber einsetzen, um die verbleibenden Geb\u00e4ude kurz zu bearbeiten. Lassen Sie Ihre K\u00e4mpfer au\u00dferhalb Ihrer Basis patrouillieren und lassen Sie sie eintauchen, wenn feindliche K\u00e4mpfer auftauchen.<\/p>\n\n\n\n<h3 class=\"wp-block-heading\">12. DEFEAT THE AEON COMMANDER<\/h3>\n\n\n\n<p><em>Karte erweitert sich nach S\u00fcden<br>Schema hinzugef\u00fcgt: T1 Air Transport<\/em><br>Bauen Sie mehrere Transporte und lassen Sie sie eine F\u00e4hre von Ihrer Basis zur Frontlinie aufstellen. (Weitere Informationen zum F\u00e4hren finden Sie in Teil 1 dieses Handbuchs.) Sie sollten eine enorme Landstreitmacht aufbauen, die haupts\u00e4chlich aus Mantis-Angriffsbots mit Unterst\u00fctzung der anderen Bodeneinheiten besteht (plus einem getarnten Scout f\u00fcr die Radarabdeckung). Ihre riesige Streitmacht sollte direkt nach S\u00fcden in die Mitte der feindlichen Basis gehen und den feindlichen Kommandanten anziehen. Wenn sie herauskommt, schicken Sie alle Ihre Lufteinheiten, um sie anzugreifen, und die K\u00e4mpfer kommen herein, um die feindliche Luftabwehr zu verwirren. Die Kombination sollte sie schnell erledigen.<\/p>\n\n\n\n<h3 class=\"has-text-align-center wp-block-heading\">Mission 1 - Operation Liberation - Video Guide<\/h3>\n\n\n\n<figure class=\"wp-block-embed-youtube wp-block-embed is-type-video is-provider-youtube wp-embed-aspect-4-3 wp-has-aspect-ratio\"><div class=\"wp-block-embed__wrapper\">\n<div class=\"ast-oembed-container\" style=\"height: 100%;\"><iframe title=\"Operation Liberation - M1 Cybran Campaign Hard - Oberbefehlshaber\" width=\"500\" height=\"375\" src=\"https:\/\/www.youtube.com\/embed\/eowH2Xm44Xw?feature=oembed\" frameborder=\"0\" allow=\"accelerometer; autoplay; clipboard-write; encrypted-media; gyroscope; picture-in-picture; web-share\" referrerpolicy=\"strict-origin-when-cross-origin\" allowfullscreen><\/iframe><\/div>\n<\/div><\/figure>","protected":false},"excerpt":{"rendered":"<p>1. BUILD 3 MASS EXTRACTORS Schematics added: T1 Mass ExtractorTo do this as fast as possible, hold Shift to queue up all 3 Mass Extractors. If they are relatively far apart, queue up a Move command between each one so that your ACU won&#8217;t have to walk as far; if you just tell him to [&hellip;]<\/p>","protected":false},"author":1,"featured_media":0,"parent":122,"menu_order":2,"comment_status":"closed","ping_status":"closed","template":"","meta":{"_uag_custom_page_level_css":"","site-sidebar-layout":"default","site-content-layout":"default","ast-site-content-layout":"","site-content-style":"default","site-sidebar-style":"default","ast-global-header-display":"","ast-banner-title-visibility":"","ast-main-header-display":"","ast-hfb-above-header-display":"","ast-hfb-below-header-display":"","ast-hfb-mobile-header-display":"","site-post-title":"","ast-breadcrumbs-content":"","ast-featured-img":"","footer-sml-layout":"","theme-transparent-header-meta":"default","adv-header-id-meta":"","stick-header-meta":"","header-above-stick-meta":"","header-main-stick-meta":"","header-below-stick-meta":"","astra-migrate-meta-layouts":"default","ast-page-background-enabled":"default","ast-page-background-meta":{"desktop":{"background-color":"","background-image":"","background-repeat":"repeat","background-position":"center center","background-size":"auto","background-attachment":"scroll","background-type":"","background-media":"","overlay-type":"","overlay-color":"","overlay-gradient":""},"tablet":{"background-color":"","background-image":"","background-repeat":"repeat","background-position":"center center","background-size":"auto","background-attachment":"scroll","background-type":"","background-media":"","overlay-type":"","overlay-color":"","overlay-gradient":""},"mobile":{"background-color":"","background-image":"","background-repeat":"repeat","background-position":"center center","background-size":"auto","background-attachment":"scroll","background-type":"","background-media":"","overlay-type":"","overlay-color":"","overlay-gradient":""}},"ast-content-background-meta":{"desktop":{"background-color":"var(--ast-global-color-5)","background-image":"","background-repeat":"repeat","background-position":"center center","background-size":"auto","background-attachment":"scroll","background-type":"","background-media":"","overlay-type":"","overlay-color":"","overlay-gradient":""},"tablet":{"background-color":"var(--ast-global-color-5)","background-image":"","background-repeat":"repeat","background-position":"center center","background-size":"auto","background-attachment":"scroll","background-type":"","background-media":"","overlay-type":"","overlay-color":"","overlay-gradient":""},"mobile":{"background-color":"var(--ast-global-color-5)","background-image":"","background-repeat":"repeat","background-position":"center center","background-size":"auto","background-attachment":"scroll","background-type":"","background-media":"","overlay-type":"","overlay-color":"","overlay-gradient":""}},"footnotes":""},"uagb_featured_image_src":{"full":false,"thumbnail":false,"medium":false,"medium_large":false,"large":false,"1536x1536":false,"2048x2048":false,"trp-custom-language-flag":false},"uagb_author_info":{"display_name":"SOE","author_link":"https:\/\/supcom.standardof.net\/de\/author\/k-tastic\/"},"uagb_comment_info":0,"uagb_excerpt":"1. BUILD 3 MASS EXTRACTORS Schematics added: T1 Mass ExtractorTo do this as fast as possible, hold Shift to queue up all 3 Mass Extractors. If they are relatively far apart, queue up a Move command between each one so that your ACU won&#8217;t have to walk as far; if you just tell him to&hellip;","_links":{"self":[{"href":"https:\/\/supcom.standardof.net\/de\/wp-json\/wp\/v2\/pages\/204"}],"collection":[{"href":"https:\/\/supcom.standardof.net\/de\/wp-json\/wp\/v2\/pages"}],"about":[{"href":"https:\/\/supcom.standardof.net\/de\/wp-json\/wp\/v2\/types\/page"}],"author":[{"embeddable":true,"href":"https:\/\/supcom.standardof.net\/de\/wp-json\/wp\/v2\/users\/1"}],"replies":[{"embeddable":true,"href":"https:\/\/supcom.standardof.net\/de\/wp-json\/wp\/v2\/comments?post=204"}],"version-history":[{"count":0,"href":"https:\/\/supcom.standardof.net\/de\/wp-json\/wp\/v2\/pages\/204\/revisions"}],"up":[{"embeddable":true,"href":"https:\/\/supcom.standardof.net\/de\/wp-json\/wp\/v2\/pages\/122"}],"wp:attachment":[{"href":"https:\/\/supcom.standardof.net\/de\/wp-json\/wp\/v2\/media?parent=204"}],"curies":[{"name":"wp","href":"https:\/\/api.w.org\/{rel}","templated":true}]}}