{"id":206,"date":"2020-10-31T15:03:14","date_gmt":"2020-10-31T19:03:14","guid":{"rendered":"https:\/\/supcom.standardof.net\/?page_id=206"},"modified":"2020-10-31T15:09:53","modified_gmt":"2020-10-31T19:09:53","slug":"cybran-operation-artifact","status":"publish","type":"page","link":"https:\/\/supcom.standardof.net\/de\/supreme-commander\/kampagnen-komplettlosungen\/cybran-operation-artefakt\/","title":{"rendered":"Cybran Mission 2 - Operationsartefakt"},"content":{"rendered":"<p>Von hier aus gehe ich davon aus, dass Sie wissen, wie das Spiel funktioniert, und ich werde Sie nicht mehr daran erinnern, Massenextraktoren zu bauen, Bestellungen in die Warteschlange zu stellen, Fabriken zu wiederholen usw. Diese Mission ist eigentlich ziemlich schwierig. Stellen Sie sicher, dass Sie eine gro\u00dfe Streitmacht aufbauen, anstatt die fr\u00fchen Ziele so schnell wie m\u00f6glich zu erreichen.<\/p>\n\n\n\n<h3 class=\"wp-block-heading\">1. KLARES DORF VON AEON-EINHEITEN<\/h3>\n\n\n\n<p>Bauen Sie zuerst Landfabriken, ohne die Luftfabriken zu vernachl\u00e4ssigen (da Luftangriffe fr\u00fch und h\u00e4ufig auftreten), und stellen Sie eine Streitmacht von Landeinheiten auf. Sie k\u00f6nnen die Kr\u00e4fte relativ schnell aus dem ersten Tempel entfernen, aber zerst\u00f6ren Sie den Tempel selbst nicht, bevor Sie eine betr\u00e4chtliche Basis haben, denn wenn der Tempel zerst\u00f6rt wird, l\u00f6st er einen Gegenangriff von T1-Einheiten aus.<\/p>\n\n\n\n<h3 class=\"wp-block-heading\">2. ZERST\u00d6REN SIE DEN TEMPEL, UM TECH ZU FINDEN<\/h3>\n\n\n\n<p>Greife den Tempel manuell an, sobald du mit einer gut verteidigten Basis, einer florierenden Wirtschaft und ein paar Torpedowerfern im Wasser fertig bist, bevor du eine Marinefabrik baust (um zu vermeiden, dass feindliche Fregatten angezogen werden, die in deine Basis und Landeinheiten eindringen). . Stellen Sie sicher, dass alle Aeon-Einheiten in der Umgebung entfernt sind, bevor Sie mit dem n\u00e4chsten Ziel fortfahren.<\/p>\n\n\n\n<h3 class=\"wp-block-heading\">3. SCH\u00dcTZEN SIE DAS ERSTE ST\u00dcCK SERAPHIM TECH<\/h3>\n\n\n\n<p>Dies sollte kein Problem sein - halten Sie einfach Ihre Streitkr\u00e4fte im Tempel, bis ein Ingenieur kommt, um den Techniker zu holen.<\/p>\n\n\n\n<h3 class=\"wp-block-heading\">4. SUCHEN SIE UMGEBUNGSTEMPEL F\u00dcR MEHR TECH<\/h3>\n\n\n\n<p><em>Karte erweitert sich nach Norden und S\u00fcden (glaube ich)<br><\/em>Der Tech befindet sich im s\u00fcd\u00f6stlichen Tempel, aber Sie sollten zuerst die Einheiten zerst\u00f6ren, die die anderen Tempel verteidigen, um \u00dcberraschungsangriffe zu verhindern.<\/p>\n\n\n\n<h3 class=\"wp-block-heading\">5. DEEATAT AEON VERST\u00c4RKUNGEN<\/h3>\n\n\n\n<p>Die Aeon schicken jetzt T2-Einheiten, um ihre Tempel zu verteidigen. Seien Sie also bereit mit Ihren eigenen Bodentruppen und Ihrer ACU, falls dies unbedingt erforderlich ist. Halten Sie Ihre Einheiten auf Patrouille, aber konzentrieren Sie sich auf den S\u00fcden. Baue Marineeinheiten, meistens U-Boote, um dich gegen feindliche Marineangriffe zu verteidigen. Versuchen Sie, sie dazu zu bringen, in Ihre Torpedo-Werfer zu rennen.<\/p>\n\n\n\n<h3 class=\"wp-block-heading\">6. SCH\u00dcTZEN SIE DAS 2. ST\u00dcCK SERAPHIM TECH<\/h3>\n\n\n\n<p>Die Aeon ignorieren den Techniker, wenn sie den Bereich zur\u00fcckerobern. Dies entspricht einfach \u201eSichern des Bereichs\u201c.<\/p>\n\n\n\n<h3 class=\"wp-block-heading\">7. ZERST\u00d6REN SIE DIE NAVAL BASE VON SOUTHERN AEON<\/h3>\n\n\n\n<p><em>Die Karte wird nach S\u00fcden und Osten erweitert<\/em><br>Schicken Sie Ihre Marineeinheiten nach S\u00fcden, zerst\u00f6ren Sie zuerst die Bedrohungen der Marine und bewegen Sie sich dann, um die feindlichen Fregatten und Fabriken zu zerst\u00f6ren. Die Luftverteidigung ist leicht, sobald Sie die Angriffsboote zerst\u00f6rt haben. Bringen Sie also Ihre Bomber mit. Bewegen Sie Ihre Marineeinheiten entlang des Flusses, nachdem Sie fertig sind, und bauen Sie mehr Fregatten als U-Boote.<\/p>\n\n\n\n<h3 class=\"wp-block-heading\">8. ZERST\u00d6REN SIE EASTERN AEON BASE UND WIEDERHERSTELLEN SIE IHR TECH<\/h3>\n\n\n\n<p>Schicken Sie Ihre Marineeinheiten gleichzeitig mit dem Einzug mit einer enormen T2-Bodentruppe den Fluss hinauf. Bauen Sie mit Ihren zus\u00e4tzlichen Ressourcen T2-Verteidigungen entlang der neuen Kanten Ihrer Basis auf. Versuchen Sie, feindliche Bodentruppen zu ihnen zur\u00fcckzulocken, wenn Sie Hilfe ben\u00f6tigen.<\/p>\n\n\n\n<h3 class=\"wp-block-heading\">9. SCH\u00dcTZEN SIE DAS 3. ST\u00dcCK SERAPHIM TECH<\/h3>\n\n\n\n<p>W\u00e4hrend Ihre Armee dies erreicht (was Ihre Seestreitkr\u00e4fte gut machen sollten), lassen Sie einige Ingenieure die Massenpunkte der s\u00fcdlichen und \u00f6stlichen St\u00fctzpunkte erobern. Behalten Sie jederzeit die Luft\u00fcberlegenheit \u00fcber Ihr Territorium bei, da der Feind sowohl mit Bombern als auch mit Lufttransportern voller Bodeneinheiten angreift.<\/p>\n\n\n\n<h3 class=\"wp-block-heading\">10. DEFEAT MACH<\/h3>\n\n\n\n<p><em>Karte erweitert sich nach Osten<\/em><br>Baue mehrere Lufttransporter und transportiere damit deine Bodentruppen in den S\u00fcden der Karte (fliege nicht \u00fcber Machs Basis im S\u00fcdosten), \u00f6stlich der s\u00fcdlichen Aeon-Basis, die du zerst\u00f6rt hast. Eine gemischte Einheit von Einheiten mit Schilden und Gottesanbeterinnen zum Schutz funktioniert am besten. Bewegen Sie sich nach Norden und zerst\u00f6ren Sie die Stromerzeuger, um seine Produktion zu unterbrechen. Fegen Sie dann durch die Verteidigungst\u00fcrme. Sobald Sie seine Luftabwehrf\u00e4higkeit abgeschaltet haben, bringen Sie Bomber in die s\u00fcd\u00f6stliche Ecke der Karte, damit Sie Mach zerst\u00f6ren k\u00f6nnen, wenn er erscheint, ohne \u00fcber Luftabwehr in der nord\u00f6stlichen Basis zu fliegen.<\/p>\n\n\n\n<h3 class=\"wp-block-heading\">11. NIEDERLASSEN DES AEON-BEFEHLERS<\/h3>\n\n\n\n<p>Der Aeon Commander kommt normalerweise sehr schnell heraus, wenn Sie Mach t\u00f6ten. Ihre Bodentruppen k\u00f6nnen sie umgeben und zerst\u00f6ren, besonders wenn Sie sie jetzt zu Machs Basis bringen. Inzwischen:<\/p>\n\n\n\n<h3 class=\"wp-block-heading\">12. Bewegen Sie Ihren Kommandanten zum Tor<\/h3>\n\n\n\n<p>Gehen Sie in die Mitte des Quantentors, um die Mission zu beenden.<\/p>\n\n\n\n<h3 class=\"wp-block-heading\">Mission 2 - Operationsartefakt - Videoanleitung<\/h3>\n\n\n\n<figure class=\"wp-block-embed-youtube wp-block-embed is-type-video is-provider-youtube wp-embed-aspect-16-9 wp-has-aspect-ratio\"><div class=\"wp-block-embed__wrapper\">\n<div class=\"ast-oembed-container\" style=\"height: 100%;\"><iframe title=\"Operation Artefakt - M2 Cybran Kampagne schwer - Oberbefehlshaber\" width=\"500\" height=\"281\" src=\"https:\/\/www.youtube.com\/embed\/SvhtzUIR37Y?feature=oembed\" frameborder=\"0\" allow=\"accelerometer; autoplay; clipboard-write; encrypted-media; gyroscope; picture-in-picture; web-share\" referrerpolicy=\"strict-origin-when-cross-origin\" allowfullscreen><\/iframe><\/div>\n<\/div><\/figure>","protected":false},"excerpt":{"rendered":"<p>From here, I&#8217;ll assume you know how the game works and I&#8217;ll stop reminding you to build Mass Extractors, queue up orders, put factories on repeat, etc. This mission is actually rather difficult; be sure to build up a large force instead of accomplishing early objectives as fast as possible. 1. CLEAR VILLAGE OF AEON [&hellip;]<\/p>","protected":false},"author":1,"featured_media":0,"parent":122,"menu_order":2,"comment_status":"closed","ping_status":"closed","template":"","meta":{"_uag_custom_page_level_css":"","site-sidebar-layout":"default","site-content-layout":"default","ast-site-content-layout":"","site-content-style":"default","site-sidebar-style":"default","ast-global-header-display":"","ast-banner-title-visibility":"","ast-main-header-display":"","ast-hfb-above-header-display":"","ast-hfb-below-header-display":"","ast-hfb-mobile-header-display":"","site-post-title":"","ast-breadcrumbs-content":"","ast-featured-img":"","footer-sml-layout":"","theme-transparent-header-meta":"default","adv-header-id-meta":"","stick-header-meta":"","header-above-stick-meta":"","header-main-stick-meta":"","header-below-stick-meta":"","astra-migrate-meta-layouts":"default","ast-page-background-enabled":"default","ast-page-background-meta":{"desktop":{"background-color":"","background-image":"","background-repeat":"repeat","background-position":"center center","background-size":"auto","background-attachment":"scroll","background-type":"","background-media":"","overlay-type":"","overlay-color":"","overlay-gradient":""},"tablet":{"background-color":"","background-image":"","background-repeat":"repeat","background-position":"center center","background-size":"auto","background-attachment":"scroll","background-type":"","background-media":"","overlay-type":"","overlay-color":"","overlay-gradient":""},"mobile":{"background-color":"","background-image":"","background-repeat":"repeat","background-position":"center center","background-size":"auto","background-attachment":"scroll","background-type":"","background-media":"","overlay-type":"","overlay-color":"","overlay-gradient":""}},"ast-content-background-meta":{"desktop":{"background-color":"var(--ast-global-color-5)","background-image":"","background-repeat":"repeat","background-position":"center center","background-size":"auto","background-attachment":"scroll","background-type":"","background-media":"","overlay-type":"","overlay-color":"","overlay-gradient":""},"tablet":{"background-color":"var(--ast-global-color-5)","background-image":"","background-repeat":"repeat","background-position":"center center","background-size":"auto","background-attachment":"scroll","background-type":"","background-media":"","overlay-type":"","overlay-color":"","overlay-gradient":""},"mobile":{"background-color":"var(--ast-global-color-5)","background-image":"","background-repeat":"repeat","background-position":"center center","background-size":"auto","background-attachment":"scroll","background-type":"","background-media":"","overlay-type":"","overlay-color":"","overlay-gradient":""}},"footnotes":""},"uagb_featured_image_src":{"full":false,"thumbnail":false,"medium":false,"medium_large":false,"large":false,"1536x1536":false,"2048x2048":false,"trp-custom-language-flag":false},"uagb_author_info":{"display_name":"SOE","author_link":"https:\/\/supcom.standardof.net\/de\/author\/k-tastic\/"},"uagb_comment_info":0,"uagb_excerpt":"From here, I&#8217;ll assume you know how the game works and I&#8217;ll stop reminding you to build Mass Extractors, queue up orders, put factories on repeat, etc. This mission is actually rather difficult; be sure to build up a large force instead of accomplishing early objectives as fast as possible. 1. CLEAR VILLAGE OF AEON&hellip;","_links":{"self":[{"href":"https:\/\/supcom.standardof.net\/de\/wp-json\/wp\/v2\/pages\/206"}],"collection":[{"href":"https:\/\/supcom.standardof.net\/de\/wp-json\/wp\/v2\/pages"}],"about":[{"href":"https:\/\/supcom.standardof.net\/de\/wp-json\/wp\/v2\/types\/page"}],"author":[{"embeddable":true,"href":"https:\/\/supcom.standardof.net\/de\/wp-json\/wp\/v2\/users\/1"}],"replies":[{"embeddable":true,"href":"https:\/\/supcom.standardof.net\/de\/wp-json\/wp\/v2\/comments?post=206"}],"version-history":[{"count":0,"href":"https:\/\/supcom.standardof.net\/de\/wp-json\/wp\/v2\/pages\/206\/revisions"}],"up":[{"embeddable":true,"href":"https:\/\/supcom.standardof.net\/de\/wp-json\/wp\/v2\/pages\/122"}],"wp:attachment":[{"href":"https:\/\/supcom.standardof.net\/de\/wp-json\/wp\/v2\/media?parent=206"}],"curies":[{"name":"wp","href":"https:\/\/api.w.org\/{rel}","templated":true}]}}