{"id":208,"date":"2020-10-31T15:04:51","date_gmt":"2020-10-31T19:04:51","guid":{"rendered":"https:\/\/supcom.standardof.net\/?page_id=208"},"modified":"2020-10-31T15:10:06","modified_gmt":"2020-10-31T19:10:06","slug":"cybran-operation-defrag","status":"publish","type":"page","link":"https:\/\/supcom.standardof.net\/de\/supreme-commander\/kampagnen-komplettlosungen\/cybran-operation-defragmentierung\/","title":{"rendered":"Cybran Mission 3 - Operation Defrag"},"content":{"rendered":"<h3 class=\"wp-block-heading\">1. VERTEIDIGEN SIE YORK18 UND DAS QUANTENTOR<\/h3>\n\n\n\n<p>Zu Beginn dieser Mission haben Sie nur sehr wenige Ressourcen. Setzen Sie Ihre Starteinheiten also mit Bedacht ein. Lassen Sie Ihre Bomber die Panzer westlich von York zerst\u00f6ren18, aber lassen Sie sie nicht \u00fcber die West- oder Nordwestbasen fliegen. Sobald York in Sicherheit ist, ziehen Sie Ihre Bomber zur\u00fcck zu Ihrer Basis. Sie werden fr\u00fchzeitig von Land und Luft angegriffen. Baue am Westufer in der N\u00e4he des Quantentors einige Luftabwehr-T\u00fcrme und schicke einen Ingenieur zu York, um ihn mit T\u00fcrmen zu verteidigen. Baue zuerst eine Luftfabrik, um die Luftverteidigung zu unterst\u00fctzen und deinen Bombervorrat aufzuf\u00fcllen.<\/p>\n\n\n\n<h3 class=\"wp-block-heading\">2. DEFEAT THE NORTHEASTERN BASE<\/h3>\n\n\n\n<p>Besiege diese Basis zuerst, um die Kontrolle \u00fcber die Ostseite des Flusses zu erlangen. Sie k\u00f6nnen T2-Landstreitkr\u00e4fte und Medusen (leichte T1-Artillerie) verwenden, um diese Basis auszuschalten und dann mit dem Bau von Wagner-Amphibienpanzern zu beginnen. Sie k\u00f6nnen die Landfabrik erobern, um Zeit zu sparen, wenn Sie dies beendet haben. Sobald der Osten des Flusses unter Ihrer Kontrolle ist, bauen Sie Luftabwehr-T\u00fcrme entlang der K\u00fcste und einige weitere Verteidigungsanlagen f\u00fcr Ihre neue n\u00f6rdliche Basis. Zu diesem Zeitpunkt sollten Sie eine zweite Luftfabrik und eine Marinefabrik haben, und Ihre Ingenieure sollten im Osten Farmen f\u00fcr Stromerzeuger und Massenhersteller bauen. Verwenden Sie Ihre T2-Ingenieure (aus dem Landfabrikgeb\u00e4ude Wagners), um Yorks Verteidigung auf T2 zu verbessern. Diese Waffen k\u00f6nnen die R\u00e4nder der beiden anderen Basen erreichen. Sie k\u00f6nnen sie auch mit T2-Punktabwehr \u00fcber den Fluss oder Ihre eigenen Fregatten bombardieren.<\/p>\n\n\n\n<h3 class=\"wp-block-heading\">3. DEFEAT THE WESTERN BASE<\/h3>\n\n\n\n<p>Verwenden Sie Lufttransporte, um Ihre T2-Landeinheiten und Medusen s\u00fcdlich der westlichen Basis zu bef\u00f6rdern. Bewegen Sie sie langsam n\u00e4her, w\u00e4hrend Ihre Artillerie sie weicher macht. Ihre Wagners und Bomber k\u00f6nnen f\u00fcr den Kill einziehen, sobald die Artillerie zu arbeiten beginnt.<\/p>\n\n\n\n<h3 class=\"wp-block-heading\">4. DEFEAT THE NORTHWESTERN BASE<\/h3>\n\n\n\n<p>Bauen Sie in den Ruinen der westlichen Basis eine T2-Punktverteidigung auf, damit diese die nordwestliche Basis erreichen kann. Sobald es an den R\u00e4ndern fertig ist, ziehen Sie Ihre Truppen ein, die die westliche Basis eingenommen haben.<\/p>\n\n\n\n<h3 class=\"wp-block-heading\">5. DEFEAT 2 UEF-ARTILLERIE-POSITIONEN<\/h3>\n\n\n\n<p><em>Karte erweitert sich nach Osten<\/em><br>Dr. Brackmans Bunker startet unter Beschuss von der UEF-Artillerieposition in seinem Nordwesten. Schicken Sie Ihre Landstreitkr\u00e4fte zur\u00fcck (Wagners helfen hier, da sie nicht auf Transporte warten m\u00fcssen), um sie schnell auszuschalten. Bomber t\u00f6ten die Artillerie selbst, sobald die Landstreitkr\u00e4fte die Luftabwehr-T\u00fcrme t\u00f6ten. Die zweite Position befindet sich auf der anderen Seite des Flusses und Sie ben\u00f6tigen mehr Wagners und Bomber, um sie zu t\u00f6ten, aber der Kreuzer steht Ihnen im Weg.<\/p>\n\n\n\n<h3 class=\"wp-block-heading\">6. Den UEF-Kreuzfahrer besiegen<\/h3>\n\n\n\n<p>Der Cruiser startet n\u00f6rdlich von Brackmans Bunker. Bewegen Sie Ihre Panzer und Artillerie an die K\u00fcste und sie sollten in der Lage sein, sie zu treffen, wobei Ihre verbleibenden Bomber sie schnell zerst\u00f6ren. Danach f\u00fcr eine Weile wieder aufbauen und dann die zweite Artillerieposition mit gemischten Kr\u00e4ften angreifen.<\/p>\n\n\n\n<h3 class=\"wp-block-heading\">7. ESCORT BRACKMAN&#039;S CONVOY<\/h3>\n\n\n\n<p>Der Konvoi erscheint langsam, aber lassen Sie die Zivilisten unter Brackmans Schild sammeln, bis Sie sicher sind, dass der Weg sicher ist. Feindliche Luftpatrouillen erscheinen aus dem Norden, aber Ihre K\u00e4mpfer sollten kurze Arbeit mit ihnen leisten, wenn Sie auf dem Weg patrouillieren, den der Konvoi nehmen wird. Der Feind wird auch versuchen, Transporte auf Sie fallen zu lassen. Lassen Sie also Ihre Landeinheiten die Basis von Brackman bewachen, bis der Konvoi eintrifft und mit ihm zum Tor f\u00e4hrt. Bewegen Sie alle Lastwagen f\u00fcr das n\u00e4chste Ziel direkt in das Tor.<\/p>\n\n\n\n<h3 class=\"wp-block-heading\">8. ZERST\u00d6REN SIE DEN UEF-KOMMANDANTEN<\/h3>\n\n\n\n<p><em>Karte erweitert sich nach Norden<\/em><br>Beginnen Sie hier mit dem Bau von T2-Lufteinheiten. Erweitern Sie Ihre Luft- und Bodenpatrouillen auf Ihre gesamte Hauptinsel. Bewegen Sie Ihre Marineeinheiten zum n\u00f6rdlichen Fluss, um zu verhindern, dass sich feindliche Marineeinheiten entlang der \u00f6stlichen und westlichen Fl\u00fcsse schleichen. Bauen Sie entlang der Nordk\u00fcste T2-Verteidigungsanlagen auf, um amphibische Angriffe zu verhindern, w\u00e4hrend Ihre eigenen Wagners und Artillerie (Transport abgeworfen, nachdem die Wagners eine kleine Landezone ger\u00e4umt haben) die Basis zerst\u00f6ren. Sobald die \u00e4u\u00dferen Verteidigungen durch Ihre Medusen und Vipern zerst\u00f6rt sind, bewegen Sie die Wagners hinein, um die ACU zu finden, und verwenden Sie Luftangriffe, um ihn zu erledigen, wenn er erscheint. Im Gegensatz zu den meisten Missionen k\u00f6nnen Sie die ACU in die Enge treiben, anstatt ihn aus seiner Basis zu locken.<\/p>\n\n\n\n<h3 class=\"has-text-align-center wp-block-heading\">Mission 3 - Operation Defragmentieren - Video Guide<\/h3>\n\n\n\n<figure class=\"wp-block-embed-youtube wp-block-embed is-type-video is-provider-youtube wp-embed-aspect-4-3 wp-has-aspect-ratio\"><div class=\"wp-block-embed__wrapper\">\n<div class=\"ast-oembed-container\" style=\"height: 100%;\"><iframe title=\"Operation Defrag - M3 Cybran Campaign Hard - Oberbefehlshaber\" width=\"500\" height=\"375\" src=\"https:\/\/www.youtube.com\/embed\/V9zF49Oc0kI?feature=oembed\" frameborder=\"0\" allow=\"accelerometer; autoplay; clipboard-write; encrypted-media; gyroscope; picture-in-picture; web-share\" referrerpolicy=\"strict-origin-when-cross-origin\" allowfullscreen><\/iframe><\/div>\n<\/div><\/figure>","protected":false},"excerpt":{"rendered":"<p>1. DEFEND YORK18 AND THE QUANTUM GATE You have very few resources at the start of this mission, so use your starting units wisely. Have your Bombers destroy the tanks to the west of York18, but don&#8217;t let them fly over the west or northwest bases. Once York is safe, pull your bombers back to [&hellip;]<\/p>","protected":false},"author":1,"featured_media":0,"parent":122,"menu_order":2,"comment_status":"open","ping_status":"closed","template":"","meta":{"_uag_custom_page_level_css":"","site-sidebar-layout":"default","site-content-layout":"default","ast-site-content-layout":"","site-content-style":"default","site-sidebar-style":"default","ast-global-header-display":"","ast-banner-title-visibility":"","ast-main-header-display":"","ast-hfb-above-header-display":"","ast-hfb-below-header-display":"","ast-hfb-mobile-header-display":"","site-post-title":"","ast-breadcrumbs-content":"","ast-featured-img":"","footer-sml-layout":"","theme-transparent-header-meta":"default","adv-header-id-meta":"","stick-header-meta":"","header-above-stick-meta":"","header-main-stick-meta":"","header-below-stick-meta":"","astra-migrate-meta-layouts":"default","ast-page-background-enabled":"default","ast-page-background-meta":{"desktop":{"background-color":"","background-image":"","background-repeat":"repeat","background-position":"center center","background-size":"auto","background-attachment":"scroll","background-type":"","background-media":"","overlay-type":"","overlay-color":"","overlay-gradient":""},"tablet":{"background-color":"","background-image":"","background-repeat":"repeat","background-position":"center center","background-size":"auto","background-attachment":"scroll","background-type":"","background-media":"","overlay-type":"","overlay-color":"","overlay-gradient":""},"mobile":{"background-color":"","background-image":"","background-repeat":"repeat","background-position":"center center","background-size":"auto","background-attachment":"scroll","background-type":"","background-media":"","overlay-type":"","overlay-color":"","overlay-gradient":""}},"ast-content-background-meta":{"desktop":{"background-color":"var(--ast-global-color-5)","background-image":"","background-repeat":"repeat","background-position":"center center","background-size":"auto","background-attachment":"scroll","background-type":"","background-media":"","overlay-type":"","overlay-color":"","overlay-gradient":""},"tablet":{"background-color":"var(--ast-global-color-5)","background-image":"","background-repeat":"repeat","background-position":"center center","background-size":"auto","background-attachment":"scroll","background-type":"","background-media":"","overlay-type":"","overlay-color":"","overlay-gradient":""},"mobile":{"background-color":"var(--ast-global-color-5)","background-image":"","background-repeat":"repeat","background-position":"center center","background-size":"auto","background-attachment":"scroll","background-type":"","background-media":"","overlay-type":"","overlay-color":"","overlay-gradient":""}},"footnotes":""},"uagb_featured_image_src":{"full":false,"thumbnail":false,"medium":false,"medium_large":false,"large":false,"1536x1536":false,"2048x2048":false,"trp-custom-language-flag":false},"uagb_author_info":{"display_name":"SOE","author_link":"https:\/\/supcom.standardof.net\/de\/author\/k-tastic\/"},"uagb_comment_info":0,"uagb_excerpt":"1. DEFEND YORK18 AND THE QUANTUM GATE You have very few resources at the start of this mission, so use your starting units wisely. Have your Bombers destroy the tanks to the west of York18, but don&#8217;t let them fly over the west or northwest bases. Once York is safe, pull your bombers back to&hellip;","_links":{"self":[{"href":"https:\/\/supcom.standardof.net\/de\/wp-json\/wp\/v2\/pages\/208"}],"collection":[{"href":"https:\/\/supcom.standardof.net\/de\/wp-json\/wp\/v2\/pages"}],"about":[{"href":"https:\/\/supcom.standardof.net\/de\/wp-json\/wp\/v2\/types\/page"}],"author":[{"embeddable":true,"href":"https:\/\/supcom.standardof.net\/de\/wp-json\/wp\/v2\/users\/1"}],"replies":[{"embeddable":true,"href":"https:\/\/supcom.standardof.net\/de\/wp-json\/wp\/v2\/comments?post=208"}],"version-history":[{"count":0,"href":"https:\/\/supcom.standardof.net\/de\/wp-json\/wp\/v2\/pages\/208\/revisions"}],"up":[{"embeddable":true,"href":"https:\/\/supcom.standardof.net\/de\/wp-json\/wp\/v2\/pages\/122"}],"wp:attachment":[{"href":"https:\/\/supcom.standardof.net\/de\/wp-json\/wp\/v2\/media?parent=208"}],"curies":[{"name":"wp","href":"https:\/\/api.w.org\/{rel}","templated":true}]}}