{"id":210,"date":"2020-10-31T15:06:12","date_gmt":"2020-10-31T19:06:12","guid":{"rendered":"https:\/\/supcom.standardof.net\/?page_id=210"},"modified":"2020-10-31T15:10:18","modified_gmt":"2020-10-31T19:10:18","slug":"cybran-operation-mainframe-tango","status":"publish","type":"page","link":"https:\/\/supcom.standardof.net\/de\/supreme-commander\/kampagnen-komplettlosungen\/cybran-operation-mainframe-tango\/","title":{"rendered":"Cybran Mission 4 - Operation Mainframe Tango"},"content":{"rendered":"<h3 class=\"wp-block-heading\">1. DEFEATEN SIE DEN AEON-KOMMANDANTEN<\/h3>\n\n\n\n<p>Es gibt kein Zeitlimit f\u00fcr die erste Aufgabe, aber Sie werden st\u00e4ndig angegriffen. Bauen Sie also auf Ihrer Westseite Verteidigungen auf. Der Aeon Commander befindet sich im S\u00fcdwesten. Bauen Sie eine gro\u00dfe Marine- und Wagner-Truppe auf (sie haben Torpedos, damit sie beim \u00dcberqueren der Bucht nicht wehrlos sind), mit Lufttransportern, um Vipern und Nash\u00f6rner f\u00fcr die schweren Basisangriffe zu holen. Ihre wandelnden Zerst\u00f6rer sind hier der Schl\u00fcssel, da sie alles tun k\u00f6nnen, was Sie brauchen. Erkunde die s\u00fcdwestliche Basis, bis du einen guten Ort findest, an dem du deine Streitkr\u00e4fte abwerfen kannst. Bauen Sie vor dem Einzug eine anst\u00e4ndige Streitmacht auf und schicken Sie Ihre Zerst\u00f6rer so, dass sie aus dem Wasser auftauchen, sodass die feindlichen Verteidigungen sie anstelle Ihrer Landeinheiten anvisieren. Wenn der Aeon Commander auftaucht, greifen Sie mit allem an, einschlie\u00dflich Bomber und Kanonenschiffe. Sie wird sich weg teleportieren, aber f\u00fcr das Ziel #2 ben\u00f6tigen Sie dort trotzdem Streitkr\u00e4fte.<\/p>\n\n\n\n<h3 class=\"wp-block-heading\">2. ERHALTEN SIE DEN NETZWERKKNOTEN<\/h3>\n\n\n\n<p>Der Knoten befindet sich in der Mitte der Basis, die Sie angreifen. Nehmen Sie es mit einem Ingenieur auf, sobald Sie die Basis geebnet haben. Lassen Sie Ihre Seestreitkr\u00e4fte (nicht nur Ihre Zerst\u00f6rer) die Seeseite der Aeon-Basis dort zerst\u00f6ren.<\/p>\n\n\n\n<h3 class=\"wp-block-heading\">3. SPEICHERN SIE DEN NETZWERKKNOTEN UND DIE ZIVILEN GEB\u00c4UDE<\/h3>\n\n\n\n<p><em>Karte erweitert sich nach Westen<\/em><br>Das zivile Dorf hat bereits Schilde, aber Sie sollten Ihre Landeinheiten dort zur Verteidigung fliegen lassen, w\u00e4hrend Sie eine Verteidigungsposition errichten. Baue dort eine Landfabrik, damit du mobile Abwehrkr\u00e4fte haben kannst, und baue auch etwas Luftabwehr.<\/p>\n\n\n\n<h3 class=\"wp-block-heading\">4. VERTEIDIGEN SIE DEN NODE GEGEN AEON-ANGRIFFE<\/h3>\n\n\n\n<p>Der Knoten wird allen Arten von Angriffen ausgesetzt sein - Ihre Landfabrik, die T2-Flak und schwere Panzer herstellt, ist praktisch als Allzweckverteidigung. Bewegen Sie Ihre Seestreitkr\u00e4fte in den Norden des Dorfes, um den Seeangriff zu finden, bevor er stattfindet, und zerst\u00f6ren Sie ihn.<\/p>\n\n\n\n<h3 class=\"wp-block-heading\">5. ERFASSEN SIE DEN NORDOSTKNOTEN<\/h3>\n\n\n\n<p><em>Karte erweitert sich nach Norden<\/em><br>Ihre urspr\u00fcngliche Basis ist jetzt anf\u00e4llig f\u00fcr Angriffe aus dem Norden. Bauen Sie dort also eine gewisse Verteidigung auf. Sie k\u00f6nnen entweder mit einer gro\u00dfen Streitmacht einziehen, um ihre mobilen Schilde zu \u00fcberw\u00e4ltigen, oder einen mobilen Stealth-Generator und einen Ingenieur mit Ihrem Lufttransport schicken (nachdem Sie ihre Flugwege erkundet haben), um sie zu erfassen.<\/p>\n\n\n\n<h3 class=\"wp-block-heading\">6. ERFASSEN SIE DEN NORDWESTKNOTEN<\/h3>\n\n\n\n<p>Dies ist relativ einfach: Bewegen Sie einfach Ihre Seestreitkr\u00e4fte an die K\u00fcste und sie werden die Basis in Vergessenheit geraten lassen. Bevor Sie den Knoten erobern, bewegen Sie Ihre gesamte Armee in einer riesigen Formation direkt au\u00dferhalb der Hauptbasis von Aeon. Sie haben ein Zeitlimit f\u00fcr das n\u00e4chste Ziel, erfassen Sie also nur, wenn Sie bereit sind.<\/p>\n\n\n\n<h3 class=\"wp-block-heading\">7. Den AEON-Kommandanten besiegen<\/h3>\n\n\n\n<p>30 Sekunden nach Erreichen der Ziele 5 und 6 geht in der Mitte der Aeon-Basis eine EMP-Bombe los. Dies gibt Ihnen Zeit, die Basis mit allem zu \u00fcberfallen, den Kommandanten zu finden und sie mit Kanonenschiffen und Bombern zu t\u00f6ten, bevor ihre Luftverteidigung wieder aktiviert wird.<\/p>\n\n\n\n<h3 class=\"has-text-align-center wp-block-heading\">Mission 4 - Operation Mainframe Tango - Videoanleitung<\/h3>\n\n\n\n<figure class=\"wp-block-embed-youtube wp-block-embed is-type-video is-provider-youtube wp-embed-aspect-4-3 wp-has-aspect-ratio\"><div class=\"wp-block-embed__wrapper\">\n<div class=\"ast-oembed-container\" style=\"height: 100%;\"><iframe title=\"Operation Mainframe Tango - M4 Cybran Kampagne Hard - Oberbefehlshaber\" width=\"500\" height=\"375\" src=\"https:\/\/www.youtube.com\/embed\/Zf6C4dMeps4?feature=oembed\" frameborder=\"0\" allow=\"accelerometer; autoplay; clipboard-write; encrypted-media; gyroscope; picture-in-picture; web-share\" referrerpolicy=\"strict-origin-when-cross-origin\" allowfullscreen><\/iframe><\/div>\n<\/div><\/figure>","protected":false},"excerpt":{"rendered":"<p>1. DEFEAT THE AEON COMMANDER There&#8217;s no time limit for the first task, but you&#8217;ll be continually assaulted, so build up defenses on your western side. The Aeon Commander is to the southwest. Build up a large navy and Wagner force (they have torpedoes so they won&#8217;t be defenseless while crossing the bay), with air [&hellip;]<\/p>","protected":false},"author":1,"featured_media":0,"parent":122,"menu_order":2,"comment_status":"open","ping_status":"closed","template":"","meta":{"_uag_custom_page_level_css":"","site-sidebar-layout":"default","site-content-layout":"default","ast-site-content-layout":"","site-content-style":"default","site-sidebar-style":"default","ast-global-header-display":"","ast-banner-title-visibility":"","ast-main-header-display":"","ast-hfb-above-header-display":"","ast-hfb-below-header-display":"","ast-hfb-mobile-header-display":"","site-post-title":"","ast-breadcrumbs-content":"","ast-featured-img":"","footer-sml-layout":"","theme-transparent-header-meta":"default","adv-header-id-meta":"","stick-header-meta":"","header-above-stick-meta":"","header-main-stick-meta":"","header-below-stick-meta":"","astra-migrate-meta-layouts":"default","ast-page-background-enabled":"default","ast-page-background-meta":{"desktop":{"background-color":"","background-image":"","background-repeat":"repeat","background-position":"center center","background-size":"auto","background-attachment":"scroll","background-type":"","background-media":"","overlay-type":"","overlay-color":"","overlay-gradient":""},"tablet":{"background-color":"","background-image":"","background-repeat":"repeat","background-position":"center center","background-size":"auto","background-attachment":"scroll","background-type":"","background-media":"","overlay-type":"","overlay-color":"","overlay-gradient":""},"mobile":{"background-color":"","background-image":"","background-repeat":"repeat","background-position":"center center","background-size":"auto","background-attachment":"scroll","background-type":"","background-media":"","overlay-type":"","overlay-color":"","overlay-gradient":""}},"ast-content-background-meta":{"desktop":{"background-color":"var(--ast-global-color-5)","background-image":"","background-repeat":"repeat","background-position":"center center","background-size":"auto","background-attachment":"scroll","background-type":"","background-media":"","overlay-type":"","overlay-color":"","overlay-gradient":""},"tablet":{"background-color":"var(--ast-global-color-5)","background-image":"","background-repeat":"repeat","background-position":"center center","background-size":"auto","background-attachment":"scroll","background-type":"","background-media":"","overlay-type":"","overlay-color":"","overlay-gradient":""},"mobile":{"background-color":"var(--ast-global-color-5)","background-image":"","background-repeat":"repeat","background-position":"center center","background-size":"auto","background-attachment":"scroll","background-type":"","background-media":"","overlay-type":"","overlay-color":"","overlay-gradient":""}},"footnotes":""},"uagb_featured_image_src":{"full":false,"thumbnail":false,"medium":false,"medium_large":false,"large":false,"1536x1536":false,"2048x2048":false,"trp-custom-language-flag":false},"uagb_author_info":{"display_name":"SOE","author_link":"https:\/\/supcom.standardof.net\/de\/author\/k-tastic\/"},"uagb_comment_info":0,"uagb_excerpt":"1. DEFEAT THE AEON COMMANDER There&#8217;s no time limit for the first task, but you&#8217;ll be continually assaulted, so build up defenses on your western side. The Aeon Commander is to the southwest. Build up a large navy and Wagner force (they have torpedoes so they won&#8217;t be defenseless while crossing the bay), with air&hellip;","_links":{"self":[{"href":"https:\/\/supcom.standardof.net\/de\/wp-json\/wp\/v2\/pages\/210"}],"collection":[{"href":"https:\/\/supcom.standardof.net\/de\/wp-json\/wp\/v2\/pages"}],"about":[{"href":"https:\/\/supcom.standardof.net\/de\/wp-json\/wp\/v2\/types\/page"}],"author":[{"embeddable":true,"href":"https:\/\/supcom.standardof.net\/de\/wp-json\/wp\/v2\/users\/1"}],"replies":[{"embeddable":true,"href":"https:\/\/supcom.standardof.net\/de\/wp-json\/wp\/v2\/comments?post=210"}],"version-history":[{"count":0,"href":"https:\/\/supcom.standardof.net\/de\/wp-json\/wp\/v2\/pages\/210\/revisions"}],"up":[{"embeddable":true,"href":"https:\/\/supcom.standardof.net\/de\/wp-json\/wp\/v2\/pages\/122"}],"wp:attachment":[{"href":"https:\/\/supcom.standardof.net\/de\/wp-json\/wp\/v2\/media?parent=210"}],"curies":[{"name":"wp","href":"https:\/\/api.w.org\/{rel}","templated":true}]}}