{"id":212,"date":"2020-10-31T15:08:11","date_gmt":"2020-10-31T19:08:11","guid":{"rendered":"https:\/\/supcom.standardof.net\/?page_id=212"},"modified":"2020-10-31T15:08:12","modified_gmt":"2020-10-31T19:08:12","slug":"cybran-operation-unlock","status":"publish","type":"page","link":"https:\/\/supcom.standardof.net\/de\/supreme-commander\/kampagnen-komplettlosungen\/cybran-operation-unlock\/","title":{"rendered":"Cybran Mission 5 - Operation freischalten"},"content":{"rendered":"<h3 class=\"wp-block-heading\">1. ZERST\u00d6REN SIE 6 UEF-LEISTUNGSGENERATOREN<\/h3>\n\n\n\n<p>Im S\u00fcden gibt es eine gro\u00dfe UEF-Basis; Baue eine Mauer zwischen euch beiden, sobald ihr die Kontrolle \u00fcber 10 oder 11 Massenablagerungen \u00fcbernommen habt. Provozieren Sie die UEF erst, wenn Sie bereit sind zu k\u00e4mpfen, und bauen Sie keine Marinefabrik, bis Ihre Landstreitkr\u00e4fte sicher und technisch auf T2 eingestellt sind, da die UEF-Marine gro\u00df und aggressiv ist. Baue deine Mass Fabricator-Farmen nord\u00f6stlich der Karte, weit weg von feindlichen Luftpatrouillen. Baue entlang deiner S\u00fcdwand eine komplette T2-Verteidigung mit Schilden und Artillerie und ein paar patrouillierenden Ingenieuren. Sobald Sie bereit sind, auf T3 zu aktualisieren, bauen Sie einige Marinefabriken und unterst\u00fctzen Sie sie, w\u00e4hrend Sie eine Landstreitmacht produzieren, die Ihre mobile T3-Artillerie sch\u00fctzen soll. Lassen Sie sich von den feindlichen Streitkr\u00e4ften angreifen und verschwenden Sie ihre mobilen Einheiten, bevor Sie angreifen. Schleichen Sie Ihre Streitkr\u00e4fte am \u00f6stlichen Rand der Karte hinter die Berge, damit sie die Stromerzeuger zerst\u00f6ren und ihre Schilde fallen lassen k\u00f6nnen. Denken Sie daran, sich mit Formationen oder Strg-Alt-Klick mit hoher Artillerie-Geschwindigkeit zu bewegen.<\/p>\n\n\n\n<h3 class=\"wp-block-heading\">2. &amp; 3. ZERST\u00d6REN SIE 3 OMNI-SENSOREN UND ZERST\u00d6REN SIE DIE UEF NAVAL BASE<\/h3>\n\n\n\n<p><em>Karte erweitert sich nach Westen<br><\/em>Zerst\u00f6re den ersten Omni-Posten mit der gleichen hinterh\u00e4ltigen Artillerie-Methode und lass deine Artillerie langsam mehr Territorium kontrollieren. Wenn Sie die Kontrolle erlangen, erweitern Sie die Luftpatrouillenrouten, um Ihre sicheren Bereiche abzudecken, damit sich feindliche Patrouillen nicht anschleichen. Verwenden Sie Marineeinheiten, um die Westk\u00fcste zu entfernen und den Marinest\u00fctzpunkt zu zerst\u00f6ren. Ihre Kreuzer und Zerst\u00f6rer k\u00f6nnen auch helfen, die Verteidigung am Strand zu beseitigen. Die Zerst\u00f6rung des Marinest\u00fctzpunkts erleichtert das Anvisieren des Omni-Sensors auf dem Westberg erheblich. Wenn Ihre Artillerie- und Unterst\u00fctzungseinheiten sterben, ersetzen Sie sie durch Luft, die mehr Einheiten hineinwirft. Die Marinebasis befindet sich am s\u00fcdlichen Ende des Flusses. Schalten Sie den Land \/ Luft-Schalter Ihrer Kreuzer auf &quot;Landen&quot; und ziehen Sie bei Ihren Seestreitkr\u00e4ften ein (aber nicht bei den Luftstreitkr\u00e4ften, da die Luftabwehr vollst\u00e4ndig abgeschirmt ist), w\u00e4hrend Ihre Artillerie die Schilde zerst\u00f6rt. Zielen Sie zuerst auf Ingenieure, da diese versuchen werden, die Verteidigung zu reparieren. Alternativ k\u00f6nnen Sie Ingenieure an der Basis aus der Luft fallen lassen, und eine T2-Artillerie oder ein taktischer Raketenwerfer zerst\u00f6ren sie leicht und werden von Ihren Landeinheiten verteidigt. Die Basis des s\u00fcdwestlichen Omni-Sensors befindet sich in Reichweite aller Ihrer Einheiten. Lassen Sie also alle Ihre Kr\u00e4fte darauf einschlagen. Der westliche Omni-Sensor befindet sich auf einem Berg und ist daher gut verteidigt. Zerst\u00f6rer sind langsam, aber hier sind sie die beste Wahl. Lassen Sie Ihre Artillerieeinheit hinter sich und sch\u00fctzen Sie sie mit Ihrem Flugzeug.<\/p>\n\n\n\n<h3 class=\"wp-block-heading\">4. ERREICHEN SIE HEX5 MIT IHREM KOMMANDANTEN<\/h3>\n\n\n\n<p>Transportiere deine ACU zum Zielgebiet und halte deine K\u00e4mpfer zur\u00fcck an deiner Hauptbasis, da der Himmel nach diesem Ziel sehr unfreundlich wird. Wenn Sie fertig sind, transportieren Sie Ihre ACU schnell zur\u00fcck zu den Schilden in Ihrer Hauptbasis.<\/p>\n\n\n\n<h3 class=\"wp-block-heading\">5. DEFEAT UEF GUNSHIP ASSAULT<\/h3>\n\n\n\n<p>Dies ist kein Problem, wenn Sie genug Luftverteidigung von den fr\u00fchen Zielen und genug K\u00e4mpfer hatten, um die Kanonenschiffe abzuwehren.<\/p>\n\n\n\n<h3 class=\"wp-block-heading\">6. INFECT UEF AIR STAGING FACILITY<\/h3>\n\n\n\n<p><em>Karte erweitert sich nach S\u00fcden<br><\/em>Diese Basis ist gut verteidigt, daher m\u00fcssen Sie Ihren Artillerie-Trupp einsetzen. Versuchen Sie, Einheiten von einer Seite der Basis zu entfernen, w\u00e4hrend Sie Einheiten bei einem Selbstmordanschlag auf die andere Seite fallen lassen, und bewegen Sie dann Ingenieure durch das Loch, um eine der Einrichtungen zu erobern. Sie m\u00fcssen nicht zuerst die gesamte Basis ausl\u00f6schen.<\/p>\n\n\n\n<h3 class=\"wp-block-heading\">7. DEFEAT UEF COMMANDER<\/h3>\n\n\n\n<p>Bewegen Sie alle Ihre Streitkr\u00e4fte in die s\u00fcdwestliche Ecke - die Marineeinheiten zum Fluss \u00f6stlich der Basis, wobei die Lufteinheiten das Meer bedecken, aber nicht zu weit in die Luftabwehr der Basis abweichen. Wenn Sie den \u00e4u\u00dferen Turmring get\u00f6tet haben, zielen Sie auf die Schilde und bewegen Sie Ihre Zerst\u00f6rer an die K\u00fcste, um die ACU aus dem Versteck zu locken. Wenn er sich zur\u00fcckzieht, bevor er stirbt, beschie\u00dfe seine Basis, bis er nirgendwo mehr rennen kann. Sobald Sie einen klaren Schuss haben, schicken Sie Ihre Luftstreitkr\u00e4fte und Zerst\u00f6rer, um den Job zu beenden.<\/p>\n\n\n\n<h3 class=\"wp-block-heading\">Mission 5 - Operation Unlock - Videoanleitung<\/h3>\n\n\n\n<figure class=\"wp-block-embed-youtube wp-block-embed is-type-video is-provider-youtube wp-embed-aspect-16-9 wp-has-aspect-ratio\"><div class=\"wp-block-embed__wrapper\">\n<div class=\"ast-oembed-container\" style=\"height: 100%;\"><iframe title=\"Operation Unlock - M5 Cybran Campaign Hard - Oberbefehlshaber\" width=\"500\" height=\"281\" src=\"https:\/\/www.youtube.com\/embed\/WcXek0vEAW0?feature=oembed\" frameborder=\"0\" allow=\"accelerometer; autoplay; clipboard-write; encrypted-media; gyroscope; picture-in-picture; web-share\" referrerpolicy=\"strict-origin-when-cross-origin\" allowfullscreen><\/iframe><\/div>\n<\/div><\/figure>","protected":false},"excerpt":{"rendered":"<p>1. DESTROY 6 UEF POWER GENERATORS To the south there is a large UEF base; build a wall between the two of you once you&#8217;ve taken control of 10 or 11 mass deposits. Don&#8217;t provoke the UEF until you&#8217;re ready to fight, and don&#8217;t build a Naval Factory until your land forces are secure and [&hellip;]<\/p>","protected":false},"author":1,"featured_media":0,"parent":122,"menu_order":2,"comment_status":"open","ping_status":"closed","template":"","meta":{"_uag_custom_page_level_css":"","site-sidebar-layout":"default","site-content-layout":"default","ast-site-content-layout":"","site-content-style":"default","site-sidebar-style":"default","ast-global-header-display":"","ast-banner-title-visibility":"","ast-main-header-display":"","ast-hfb-above-header-display":"","ast-hfb-below-header-display":"","ast-hfb-mobile-header-display":"","site-post-title":"","ast-breadcrumbs-content":"","ast-featured-img":"","footer-sml-layout":"","theme-transparent-header-meta":"default","adv-header-id-meta":"","stick-header-meta":"","header-above-stick-meta":"","header-main-stick-meta":"","header-below-stick-meta":"","astra-migrate-meta-layouts":"default","ast-page-background-enabled":"default","ast-page-background-meta":{"desktop":{"background-color":"","background-image":"","background-repeat":"repeat","background-position":"center center","background-size":"auto","background-attachment":"scroll","background-type":"","background-media":"","overlay-type":"","overlay-color":"","overlay-gradient":""},"tablet":{"background-color":"","background-image":"","background-repeat":"repeat","background-position":"center center","background-size":"auto","background-attachment":"scroll","background-type":"","background-media":"","overlay-type":"","overlay-color":"","overlay-gradient":""},"mobile":{"background-color":"","background-image":"","background-repeat":"repeat","background-position":"center center","background-size":"auto","background-attachment":"scroll","background-type":"","background-media":"","overlay-type":"","overlay-color":"","overlay-gradient":""}},"ast-content-background-meta":{"desktop":{"background-color":"var(--ast-global-color-5)","background-image":"","background-repeat":"repeat","background-position":"center center","background-size":"auto","background-attachment":"scroll","background-type":"","background-media":"","overlay-type":"","overlay-color":"","overlay-gradient":""},"tablet":{"background-color":"var(--ast-global-color-5)","background-image":"","background-repeat":"repeat","background-position":"center center","background-size":"auto","background-attachment":"scroll","background-type":"","background-media":"","overlay-type":"","overlay-color":"","overlay-gradient":""},"mobile":{"background-color":"var(--ast-global-color-5)","background-image":"","background-repeat":"repeat","background-position":"center center","background-size":"auto","background-attachment":"scroll","background-type":"","background-media":"","overlay-type":"","overlay-color":"","overlay-gradient":""}},"footnotes":""},"uagb_featured_image_src":{"full":false,"thumbnail":false,"medium":false,"medium_large":false,"large":false,"1536x1536":false,"2048x2048":false,"trp-custom-language-flag":false},"uagb_author_info":{"display_name":"SOE","author_link":"https:\/\/supcom.standardof.net\/de\/author\/k-tastic\/"},"uagb_comment_info":0,"uagb_excerpt":"1. DESTROY 6 UEF POWER GENERATORS To the south there is a large UEF base; build a wall between the two of you once you&#8217;ve taken control of 10 or 11 mass deposits. Don&#8217;t provoke the UEF until you&#8217;re ready to fight, and don&#8217;t build a Naval Factory until your land forces are secure and&hellip;","_links":{"self":[{"href":"https:\/\/supcom.standardof.net\/de\/wp-json\/wp\/v2\/pages\/212"}],"collection":[{"href":"https:\/\/supcom.standardof.net\/de\/wp-json\/wp\/v2\/pages"}],"about":[{"href":"https:\/\/supcom.standardof.net\/de\/wp-json\/wp\/v2\/types\/page"}],"author":[{"embeddable":true,"href":"https:\/\/supcom.standardof.net\/de\/wp-json\/wp\/v2\/users\/1"}],"replies":[{"embeddable":true,"href":"https:\/\/supcom.standardof.net\/de\/wp-json\/wp\/v2\/comments?post=212"}],"version-history":[{"count":0,"href":"https:\/\/supcom.standardof.net\/de\/wp-json\/wp\/v2\/pages\/212\/revisions"}],"up":[{"embeddable":true,"href":"https:\/\/supcom.standardof.net\/de\/wp-json\/wp\/v2\/pages\/122"}],"wp:attachment":[{"href":"https:\/\/supcom.standardof.net\/de\/wp-json\/wp\/v2\/media?parent=212"}],"curies":[{"name":"wp","href":"https:\/\/api.w.org\/{rel}","templated":true}]}}