{"id":215,"date":"2020-10-31T15:11:47","date_gmt":"2020-10-31T19:11:47","guid":{"rendered":"https:\/\/supcom.standardof.net\/?page_id=215"},"modified":"2020-10-31T15:11:48","modified_gmt":"2020-10-31T19:11:48","slug":"cybran-operation-freedom","status":"publish","type":"page","link":"https:\/\/supcom.standardof.net\/de\/supreme-commander\/kampagnen-komplettlosungen\/cybran-betriebsfreiheit\/","title":{"rendered":"Cybran Mission 6 - Operation Freiheit"},"content":{"rendered":"<h3 class=\"wp-block-heading\">0. BAUEN SIE IHRE BASIS<\/h3>\n\n\n\n<p>Ihre Mission ist es nicht, Zeit mit der \u00fcblichen Technik hier oben zu verschwenden, sondern genug Wirtschaftlichkeit zu haben, um viele experimentelle Einheiten zu produzieren, bis hin zu einem Scathis, um sicher hinter Ihrer Basisverteidigung anzugreifen. Sie haben 12 Minuten Zeit, um Ihre Basis aufzubauen, bevor der Zar eintrifft. Arbeiten Sie also schnell. Bauen Sie gemischte Landstreitkr\u00e4fte (T3-Belagerungsbots, Artillerie, T2-Luftabwehr und einige mobile T2-Schildgeneratoren) und schicken Sie sie nach S\u00fcden als Deckung f\u00fcr die Verteidigungsmauer, die Sie bauen. Baue in deinen Luftfabriken viele T1- und T3-J\u00e4ger und -Bomber, um dich auf die Zareninvasion vorzubereiten. Sie ben\u00f6tigen eine gro\u00dfe gemischte Flotte (au\u00dfer Fluggesellschaften, da Sie bereits \u00fcber Air Staging-Einrichtungen verf\u00fcgen) und viele T3-Ingenieure, um Ihre Kriegsmaschine zu finanzieren, insbesondere, weil Sie die Schilde auf Ihre s\u00fcdliche Linie aufr\u00fcsten und einsetzen m\u00f6chten T3 Heavy Artillery Installations, um die Experimente zu stoppen, die auf Sie zukommen werden. Sie m\u00f6chten auch eine T3-Luftverteidigung entlang der Westk\u00fcste und mehr T2-Torpedostarter in einem \u00e4u\u00dferen Ring, der \u00fcber die bereits vorhandenen hinausgeht. Sp\u00e4ter ben\u00f6tigen Sie eine T2-Punktverteidigung auf beiden Seiten Ihrer Basis, um Angriffe abzuwehren. Der Schl\u00fcssel, um feindliche Experimente aus dem Land zu stoppen, ist Ihre schwere Artillerie, und der Schl\u00fcssel, um feindliche Experimente aus dem Meer zu t\u00f6ten, ist Ihr Soul Ripper-Experimentiergesch\u00fctz. Dies ist Ihr gr\u00f6\u00dftes Bauprojekt, da sie den Zaren ausschalten m\u00fcssen, bevor er das Kontrollzentrum der Schwarzen Sonne ausl\u00f6scht. In der Zwischenzeit k\u00f6nnen Ihre ACU und Jericho die Verteidigungsmauer unterst\u00fctzen. Sie m\u00f6chten mehrere Schichten physischer Mauern, um zu verhindern, dass Bodeneinheiten Sie erreichen, bevor ihre Experimente die Mauern zerst\u00f6ren k\u00f6nnen, sowie die \u00fcblichen Verteidigungsma\u00dfnahmen. Alternativ kann Ihre ACU die Baugeb\u00fchr f\u00fcr Soul Ripper leiten. Es ist schwierig, T3-Artillerie und einen Seelenrei\u00dfer gleichzeitig zu bauen. W\u00e4hlen Sie also eine aus: Sobald Sie eine einzige Artillerie haben, k\u00f6nnen Sie alle Ihre Ingenieure auf T3-Luft und Experimente setzen.<\/p>\n\n\n\n<h3 class=\"wp-block-heading\">1. ZERST\u00d6REN SIE DEN ZAR<\/h3>\n\n\n\n<p>Lassen Sie alle Ihre Lufteinheiten - Seelenrei\u00dfer, Luft\u00fcberlegenheitsk\u00e4mpfer, sogar Ihre Kanonenschiffe - helfen, die Trefferpunkte des Zaren zu beseitigen, bevor er die UEF-Basis erreicht. Die UEF wird Ihnen etwas helfen, aber sie k\u00f6nnen es nicht alleine tun, und Sie m\u00fcssen es sterben, bevor es das Kontrollzentrum (s\u00fcdlich Ihrer Basis) erreicht. Nachdem Sie ein paar Seelenrei\u00dfer gebaut haben, stellen Sie einige Monkeylords in die Warteschlange und bauen Sie dann f\u00fcr immer Experimente auf. Anstelle von T3-Artillerie und Monkeylords k\u00f6nnen Sie einen Scathis verwenden, der die gesamte Insel, auf der Sie sich befinden, ausschaltet, wenn Sie ihn in Ihre Verteidigungslinie setzen. Die Artillerie hat den Vorteil, dass sie auch die Aeon-Basis treffen kann.<\/p>\n\n\n\n<h3 class=\"wp-block-heading\">2. BAUEN SIE EIN QUANTUMTOR<\/h3>\n\n\n\n<p>Bewegen Sie Ihre Seelenrei\u00dfer zur\u00fcck zu Ihrer Basis und streifen Sie nach Westen, um den Koloss zu entdecken, der nach Osten zu Ihnen f\u00fchrt. Die UEF wird dich auch angreifen und sie werden helfen, den Koloss zu t\u00f6ten, wenn du ihn brauchst. Der Koloss sollte im Mittelpunkt Ihrer Aufmerksamkeit mit Kanonenschiffen, Seelenrei\u00dfern und T3-Bombern sowie Ihrer gesamten Marineflotte stehen (da er seine Schwerkraftkanonen nicht unter Wasser einsetzen kann). Wenn es Ihre Basis erreicht, sollte die westliche Verteidigung es t\u00f6ten, bevor es zu viel Schaden anrichtet. Die UEF-Streitkr\u00e4fte k\u00f6nnen warten, bis sie zerst\u00f6rt sind. Ihre Mauern sollten sie lange genug halten, damit Ihre Verteidigung und Bodentruppen eine Verteidigung aufbauen k\u00f6nnen. Bauen Sie hier ein Quantentor und betreten Sie es mit Ihrer ACU, die sich an dieser Stelle sicher hinter Schilden verstecken sollte. Sie k\u00f6nnen jetzt mit dem Resource Collection-Upgrade mit der Massenproduktion von SCUs beginnen, wenn Sie nicht mehr gen\u00fcgend Platz f\u00fcr T3-Stromversorgungs- und Herstellerfarmen haben. Dies sollte jedoch kein Problem sein. Pumpen Sie stattdessen einfach normale SCUs aus, um Ihre Bauprojekte zu unterst\u00fctzen, und f\u00fcgen Sie einen Ingenieur zu Ihrer Landbau-Warteschlange hinzu, um den Bau von Verteidigungsanlagen immer weiter s\u00fcdlich zu unterst\u00fctzen. Die UEF greift mit mobiler schwerer Artillerie an, die Ihre Verteidigung ausschalten kann. Bewegen Sie sich dazu in einem Soul Ripper, um s\u00fcdlich der Mauern zu patrouillieren und sie zu entdecken, w\u00e4hrend Ihre eigene Artillerie sich um sie k\u00fcmmert. Lassen Sie die UEF keine eigenen Punktverteidigungen bauen!<\/p>\n\n\n\n<h3 class=\"wp-block-heading\">3. SCHWARZES SONNENKONTROLLZENTRUM ERFASSEN<\/h3>\n\n\n\n<p><em>Die Karte wird nach S\u00fcden und Osten erweitert<br><\/em>Dies ist kein zeitgesteuertes Ziel. Nachdem Sie die UEF- und Aeon-Invasion abgewehrt haben, nehmen Sie sich etwas Zeit, um Ihre Streitkr\u00e4fte wieder aufzubauen, und bringen Sie dann Ihre verbleibenden experimentellen Einheiten zum Kontrollzentrum. Ihre Artillerie sollte den gr\u00f6\u00dften Teil dieser Basis bereits entfernt haben. Die UEF kann es immer noch mit einem Fatboy verteidigen, weshalb Sie die Spiderbots mitgebracht haben. Gehen oder transportieren Sie Ihre ACU zu Black Sun und stellen Sie sicher, dass seine Schilde verbessert sind und dass Support Commanders ihn im Gefahrenfall unterst\u00fctzen. Sobald sich Ihre ACU dem Kontrollzentrum n\u00e4hert, erscheint direkt daneben eine T3-Landstreitmacht aus dem S\u00fcden. Ihre Experimente sollten in der Lage sein, sie abzuhalten, aber wenn nicht, bereiten Sie sich rechtzeitig mit Schildgeneratoren und Abwehrmechanismen vor, die vor dem Eintreffen Ihrer ACU aufgebaut wurden. Wenn Sie nicht auf der Schwierigkeitsstufe &quot;Schwer&quot; spielen, kann jeder alte Ingenieur das Control Center und Black Sun selbst erfassen. Dies erleichtert die Arbeit erheblich, da Sie einige Ingenieure unter dem Deckmantel Ihrer Streitkr\u00e4fte entsenden k\u00f6nnen, ohne sich Sorgen machen zu m\u00fcssen, dass sie durch den UEF-Gegenangriff ausgel\u00f6scht werden.<\/p>\n\n\n\n<h3 class=\"wp-block-heading\">4. SCHWARZE SONNE ERFASSEN<\/h3>\n\n\n\n<p><em>Karte erweitert sich nach S\u00fcden<br><\/em>Geschwindigkeit ist hier der Schl\u00fcssel; Fegen Sie mit Ihren Experimenten ein und bewegen Sie Ihre Scathis hinter sich her. Die Scathis sollten Ziele mit hoher Priorit\u00e4t wie die beiden Strategic Missile Launchers zerst\u00f6ren (eines in der Mitte der Basis, eines im Westen). Gl\u00fccklicherweise ist ihr erster Schuss auf der Insel Aeon; Stellen Sie sicher, dass Sie sie zerst\u00f6ren, bevor sie Schuss #2 auf Ihre ACU abfeuern k\u00f6nnen. Wenn Sie keinen Scathis gebaut haben, lassen Sie Ihre T3-Artillerie auf den \u00f6stlichen Nuklearwerfer zielen und Ihre Seelenrei\u00dfer den westlichen ausschalten (es liegt in der N\u00e4he von Black Sun). Bewegen Sie Ihre Experimente nach dem Tod der Tr\u00e4gerraketen, um den UEF-Kommandanten zu t\u00f6ten. Ihre Explosion wird den gr\u00f6\u00dften Teil der Arbeit f\u00fcr Sie erledigen, und es f\u00e4llt ihr schwer, einen Soul Ripper-Angriff zu \u00fcberleben, wenn Ihre Monkeylords die feindlichen Einheiten ordnungsgem\u00e4\u00df besch\u00e4ftigt haben. Lassen Sie Ihre Ingenieure nach der Zerst\u00f6rung der Basis Black Sun einfangen.<\/p>\n\n\n\n<h3 class=\"wp-block-heading\">5. FEUER SCHWARZE SONNE<\/h3>\n\n\n\n<p>W\u00e4hlen Sie Black Sun (ja, es ist eine Einheit) und dr\u00fccken Sie die Feuertaste. Der Tooltip \u201eEnd the Infinite War\u201c sagt alles. Genie\u00dfe deinen Sieg!<\/p>\n\n\n\n<h3 class=\"has-text-align-center wp-block-heading\">Mission 6 - Operation Freedom - Videoanleitung<\/h3>\n\n\n\n<figure class=\"wp-block-embed-youtube wp-block-embed is-type-video is-provider-youtube wp-embed-aspect-4-3 wp-has-aspect-ratio\"><div class=\"wp-block-embed__wrapper\">\n<div class=\"ast-oembed-container\" style=\"height: 100%;\"><iframe title=\"Operation Freiheit - M6 Cybran Kampagne schwer - Oberbefehlshaber\" width=\"500\" height=\"375\" src=\"https:\/\/www.youtube.com\/embed\/WS4ZPEFTRWc?feature=oembed\" frameborder=\"0\" allow=\"accelerometer; autoplay; clipboard-write; encrypted-media; gyroscope; picture-in-picture; web-share\" referrerpolicy=\"strict-origin-when-cross-origin\" allowfullscreen><\/iframe><\/div>\n<\/div><\/figure>","protected":false},"excerpt":{"rendered":"<p>0. BUILD YOUR BASE Your mission is not to waste time with the usual teching up here, but to have enough economy to produce lots of experimental units, all the way up to a Scathis to attack safely from behind your base defenses. You have 12 minutes to build up your base before the Czar [&hellip;]<\/p>","protected":false},"author":1,"featured_media":0,"parent":122,"menu_order":2,"comment_status":"open","ping_status":"closed","template":"","meta":{"_uag_custom_page_level_css":"","site-sidebar-layout":"default","site-content-layout":"default","ast-site-content-layout":"","site-content-style":"default","site-sidebar-style":"default","ast-global-header-display":"","ast-banner-title-visibility":"","ast-main-header-display":"","ast-hfb-above-header-display":"","ast-hfb-below-header-display":"","ast-hfb-mobile-header-display":"","site-post-title":"","ast-breadcrumbs-content":"","ast-featured-img":"","footer-sml-layout":"","theme-transparent-header-meta":"default","adv-header-id-meta":"","stick-header-meta":"","header-above-stick-meta":"","header-main-stick-meta":"","header-below-stick-meta":"","astra-migrate-meta-layouts":"default","ast-page-background-enabled":"default","ast-page-background-meta":{"desktop":{"background-color":"","background-image":"","background-repeat":"repeat","background-position":"center center","background-size":"auto","background-attachment":"scroll","background-type":"","background-media":"","overlay-type":"","overlay-color":"","overlay-gradient":""},"tablet":{"background-color":"","background-image":"","background-repeat":"repeat","background-position":"center center","background-size":"auto","background-attachment":"scroll","background-type":"","background-media":"","overlay-type":"","overlay-color":"","overlay-gradient":""},"mobile":{"background-color":"","background-image":"","background-repeat":"repeat","background-position":"center center","background-size":"auto","background-attachment":"scroll","background-type":"","background-media":"","overlay-type":"","overlay-color":"","overlay-gradient":""}},"ast-content-background-meta":{"desktop":{"background-color":"var(--ast-global-color-5)","background-image":"","background-repeat":"repeat","background-position":"center center","background-size":"auto","background-attachment":"scroll","background-type":"","background-media":"","overlay-type":"","overlay-color":"","overlay-gradient":""},"tablet":{"background-color":"var(--ast-global-color-5)","background-image":"","background-repeat":"repeat","background-position":"center center","background-size":"auto","background-attachment":"scroll","background-type":"","background-media":"","overlay-type":"","overlay-color":"","overlay-gradient":""},"mobile":{"background-color":"var(--ast-global-color-5)","background-image":"","background-repeat":"repeat","background-position":"center center","background-size":"auto","background-attachment":"scroll","background-type":"","background-media":"","overlay-type":"","overlay-color":"","overlay-gradient":""}},"footnotes":""},"uagb_featured_image_src":{"full":false,"thumbnail":false,"medium":false,"medium_large":false,"large":false,"1536x1536":false,"2048x2048":false,"trp-custom-language-flag":false},"uagb_author_info":{"display_name":"SOE","author_link":"https:\/\/supcom.standardof.net\/de\/author\/k-tastic\/"},"uagb_comment_info":0,"uagb_excerpt":"0. BUILD YOUR BASE Your mission is not to waste time with the usual teching up here, but to have enough economy to produce lots of experimental units, all the way up to a Scathis to attack safely from behind your base defenses. You have 12 minutes to build up your base before the Czar&hellip;","_links":{"self":[{"href":"https:\/\/supcom.standardof.net\/de\/wp-json\/wp\/v2\/pages\/215"}],"collection":[{"href":"https:\/\/supcom.standardof.net\/de\/wp-json\/wp\/v2\/pages"}],"about":[{"href":"https:\/\/supcom.standardof.net\/de\/wp-json\/wp\/v2\/types\/page"}],"author":[{"embeddable":true,"href":"https:\/\/supcom.standardof.net\/de\/wp-json\/wp\/v2\/users\/1"}],"replies":[{"embeddable":true,"href":"https:\/\/supcom.standardof.net\/de\/wp-json\/wp\/v2\/comments?post=215"}],"version-history":[{"count":0,"href":"https:\/\/supcom.standardof.net\/de\/wp-json\/wp\/v2\/pages\/215\/revisions"}],"up":[{"embeddable":true,"href":"https:\/\/supcom.standardof.net\/de\/wp-json\/wp\/v2\/pages\/122"}],"wp:attachment":[{"href":"https:\/\/supcom.standardof.net\/de\/wp-json\/wp\/v2\/media?parent=215"}],"curies":[{"name":"wp","href":"https:\/\/api.w.org\/{rel}","templated":true}]}}