{"id":218,"date":"2020-10-31T15:15:10","date_gmt":"2020-10-31T19:15:10","guid":{"rendered":"https:\/\/supcom.standardof.net\/?page_id=218"},"modified":"2020-10-31T15:15:10","modified_gmt":"2020-10-31T19:15:10","slug":"aeon-operation-joust","status":"publish","type":"page","link":"https:\/\/supcom.standardof.net\/de\/supreme-commander\/kampagnen-komplettlosungen\/aon-operation-turnier\/","title":{"rendered":"Aeon Mission 1 - Operation Joust"},"content":{"rendered":"<h3 class=\"wp-block-heading\">1. BAUEN SIE 3 MASSENEXTRAKTOREN<\/h3>\n\n\n\n<p><em>Schema hinzugef\u00fcgt: T1 Mass Extractor<\/em><br>Um dies so schnell wie m\u00f6glich zu tun, halten Sie die Umschalttaste gedr\u00fcckt, um alle 3 Massenextraktoren in die Warteschlange zu stellen. Wenn sie relativ weit voneinander entfernt sind, stellen Sie einen Verschiebungsbefehl in die Warteschlange, damit Ihre ACU nicht so weit laufen muss. Wenn Sie ihm nur sagen, dass er bauen soll, geht er direkt neben den Massenextraktor, bevor er ihn baut.<\/p>\n\n\n\n<h3 class=\"wp-block-heading\">2. BAUEN SIE 3 LEISTUNGSGENERATOREN<\/h3>\n\n\n\n<p><em>Schaltplan hinzugef\u00fcgt: T1 Power Generator<\/em><br>Machen Sie sich keine Sorgen dar\u00fcber, wo die Stromerzeuger platziert werden sollen, solange sie sich nicht neben den Massenextraktoren befinden. Sie werden f\u00fcr eine Weile keine Luft- oder Landfabriken bauen.<\/p>\n\n\n\n<h3 class=\"wp-block-heading\">3. BAUEN SIE EINE NAVALFABRIK<\/h3>\n\n\n\n<p><em>Schaltpl\u00e4ne hinzugef\u00fcgt: Naval Factory<\/em><br>Bauen Sie die Fabrik direkt vor der K\u00fcste von Ihrer Insel aus. Stellen Sie die verbleibenden Massenextraktoren bei Ihrer ACU in die Warteschlange.<\/p>\n\n\n\n<h3 class=\"wp-block-heading\">4. BAUEN SIE 3 ANGRIFFSBOOTE<\/h3>\n\n\n\n<p>Baue mehrere Ingenieure und ein betr\u00e4chtliches Kontingent an Angriffsbooten (3 werden f\u00fcr den Rest der Mission definitiv nicht ausreichen). Die Ingenieure sollten eine weitere Marinefabrik bauen, dann Ihre Wirtschaft weiter aufbauen und Ihre Fabriken unterst\u00fctzen.<\/p>\n\n\n\n<h3 class=\"wp-block-heading\">5. ZERST\u00d6REN SIE 7 UEF-LUFTPATROLEN<\/h3>\n\n\n\n<p>Ordnen Sie Ihre Angriffsboote einer Gruppe zu, indem Sie sie (mit Doppelklick, Strg + Z oder Strg + S) und Strg + 1 (oder eine andere Zahl) ausw\u00e4hlen. In Zukunft k\u00f6nnen Sie jetzt auf Ihre Seeflotte zugreifen, indem Sie einfach 1 dr\u00fccken. Patrouillieren Sie sie um den Rest des sichtbaren Bereichs der Karte. Sie sollten UEF-Flugzeugen begegnen und sie ohne Ihre Aufsicht t\u00f6ten.<\/p>\n\n\n\n<h3 class=\"wp-block-heading\">6. BAUEN SIE 3 ANGRIFFS-U-Boote<\/h3>\n\n\n\n<p><em>Schaltplan hinzugef\u00fcgt: Attack Submarine<\/em><br>Bauen Sie mehrere davon. Sie sind teurer als Ihre Angriffsboote, aber sie sind die beste Einheit, die Sie haben, um Seeschlachten zu gewinnen. Wenn Ihre U-Boote aus irgendeinem Grund auftauchen, w\u00e4hlen Sie sie aus und dr\u00fccken Sie D, damit sie wieder nach unten tauchen. Im Gegensatz zu UEF- und Cybran-U-Booten haben Aeon-U-Boote keine Deckgesch\u00fctze, daher sollten sie immer unter Wasser bleiben.<\/p>\n\n\n\n<h3 class=\"wp-block-heading\">7. ZERST\u00d6REN SIE 4 UEF-BLOCKADEN<\/h3>\n\n\n\n<p><em>Schaltplan hinzugef\u00fcgt: Torpedo Launcher<\/em><br>Warten Sie, bis Sie mehr als 3 Subs haben, bevor Sie die UEF-Subs suchen. Je mehr Sie haben, desto weniger verlieren Sie, wenn Ihr Jagdrucksack ihnen nachgeht. Lassen Sie Ihre Ingenieure einige Torpedostarter bauen, um Ihre Fabriken zu sch\u00fctzen, w\u00e4hrend Ihre Truppen in der Offensive sind. Es dauert viel l\u00e4nger, bis Schiffe zur\u00fcckkehren, um Ihre Basis zu verteidigen, als Boden- oder Lufteinheiten. Bauen Sie also mehr Verteidigungsanlagen auf, als wenn Sie an Land k\u00e4mpfen w\u00fcrden.<\/p>\n\n\n\n<h3 class=\"wp-block-heading\">8. ZERST\u00d6REN SIE ALLE 3 UEF-LEISTUNGSGENERATOREN UND -FABRIKEN<\/h3>\n\n\n\n<p><em>Karte erweitert sich nach Osten<br>Schaltpl\u00e4ne hinzugef\u00fcgt: Fregatte, Luftabwehr, T1-Punktabwehr<\/em><br>Bauen Sie eine gro\u00dfe gemischte Kraft aller Ihrer Seeeinheiten auf und f\u00fcgen Sie sie einer Gruppe hinzu, um einen einfachen Zugang zu erhalten. Bewegen Sie sie alle nach Osten und zielen Sie zuerst auf U-Boote und Torpedowerfer. Bewegen Sie sich dann um die Insel, damit Ihre Fregatten die Geb\u00e4ude auf der Insel selbst verw\u00fcsten k\u00f6nnen. Ihre Angriffsboote sollten kurze Arbeit mit Lufteinheiten leisten und feindliche Torpedostarter von Ihren teuren U-Booten ablenken. Sch\u00fctzen Sie Ihre Basis mit Luftabwehrgesch\u00fctzen, vorzugsweise entlang der K\u00fcste, damit feindliche Schiffe Ihre Torpedowerfer passieren m\u00fcssen, bevor sie Ihre Luftverteidigung angreifen k\u00f6nnen. Sobald die Basis zerst\u00f6rt wurde, bewegen Sie Ihre ACU, um eine neue Basis auf den Ruinen zu errichten. Wenn Sie sich besonders heldenhaft f\u00fchlen, entfernen Sie Ihre Seeflotte, bevor Sie die letzte Fabrik zerst\u00f6ren, und lassen Sie sie stattdessen von Ihrer ACU erobern, um Zugriff auf UEF-Einheiten zu erhalten.<\/p>\n\n\n\n<h3 class=\"wp-block-heading\">9. ZERST\u00d6REN SIE DIE NORDWESTLUFTBASIS<\/h3>\n\n\n\n<p><em>Karte erweitert sich nach Norden<br>Schaltpl\u00e4ne hinzugef\u00fcgt: T1 Air Factory, Air Scout, Interceptor, Angriffsbomber<\/em><br>Die letzten Ziele erscheinen alle auf einmal, aber die nordwestliche Basis ist viel einfacher zuerst zu erreichen, und es wird den Druck, den die feindlichen Bomber auf Sie aus\u00fcben, etwas verringern. Sie m\u00f6chten in erster Linie, dass Ihre Lufteinheiten (unterst\u00fctzt von Ihren zus\u00e4tzlichen Ingenieuren) diese Basis zerst\u00f6ren, wobei Sie zuerst auf Luftabwehr achten und dann nach Belieben Torpedowerfer und Fabriken zerst\u00f6ren.<\/p>\n\n\n\n<h3 class=\"wp-block-heading\">10. ZERST\u00d6REN SIE EASTERN NAVAL BASE<\/h3>\n\n\n\n<p>W\u00e4hrend Ihre Luftwaffe die nordwestliche Basis ausschaltet, kann Ihre Seeflotte in die \u00f6stliche Basis einziehen und diese zerst\u00f6ren. Verwenden Sie die gleiche Taktik wie beim letzten Mal, stellen Sie sicher, dass Sie die gr\u00f6\u00dften Bedrohungen (U-Boote und Torpedostarter) zerst\u00f6ren, und lassen Sie dann Ihre Fregatten ihre Landeinheiten zerst\u00f6ren. Wenn sich UEF-Lufteinheiten aus dem Norden revanchieren, haben Sie wahrscheinlich viele Angriffsboote durch die K\u00e4mpfe verloren. Ziehen Sie also Ihre K\u00e4mpfer ein, um Ihre Flotte zu sch\u00fctzen.<\/p>\n\n\n\n<h3 class=\"wp-block-heading\">11. DEFEAT UEF JUNIOR COMMANDER<\/h3>\n\n\n\n<p>Auf der n\u00e4chsten Insel im Norden befindet sich ein UEF-Kommandant. Bauen Sie Ihre Streitkr\u00e4fte aus den vorherigen Schlachten auf, stellen Sie sicher, dass Ihre Fabriken Pumpeinheiten halten, und senden Sie Ihre ACU erneut, um Massenextraktoren und ein oder zwei weitere Fabriken auf der Insel zu bauen, die Sie gerade erobert haben. Halten Sie Ihre Lufteinheiten von dieser Basis fern, da die T2-Flak-T\u00fcrme sie ausl\u00f6schen. Verwenden Sie sie stattdessen, um sich zu sch\u00fctzen, w\u00e4hrend Ihre Fregatten und U-Boote die Basis angreifen. Die ACU wird sehr schnell zum Spielen herauskommen, da Ihre U-Boote die Verteidigung der Marine kurz erledigen und ihn dann mit allem angreifen sollten, was Sie haben. Marineeinheiten haben viel mehr Feuerkraft als Landeinheiten, daher sollte die ACU sehr schnell sinken.<\/p>\n\n\n\n<h3 class=\"wp-block-heading\">12. ZERST\u00d6REN SIE DIE ANTI-AIR-INSTALLATIONEN<\/h3>\n\n\n\n<p>Die einzige verbleibende Aufgabe besteht darin, mehr Fregatten zu bauen und alle Luftabwehrstellungen auf der Insel zerst\u00f6ren zu lassen. Dies soll den Weg f\u00fcr den Zaren frei machen, der sich von S\u00fcden her n\u00e4hert und den Sie in K\u00fcrze in Aktion sehen werden.<\/p>\n\n\n\n<h3 class=\"wp-block-heading\">13. Unterst\u00fctzen Sie den Zaren<\/h3>\n\n\n\n<p>Das ist sehr einfach: Sagen Sie einfach allen Ihren Einheiten, sie sollen dem Zaren helfen. Inzwischen sollten Sie genug Kr\u00e4fte haben, um sich zur\u00fcckzulehnen und zu beobachten, wie es die UEF zerst\u00f6rt.<\/p>\n\n\n\n<h3 class=\"has-text-align-center wp-block-heading\">Mission 1 - Operation Joust - Videoanleitung<\/h3>\n\n\n\n<figure class=\"wp-block-embed-youtube wp-block-embed is-type-video is-provider-youtube wp-embed-aspect-4-3 wp-has-aspect-ratio\"><div class=\"wp-block-embed__wrapper\">\n<div class=\"ast-oembed-container\" style=\"height: 100%;\"><iframe title=\"Operation Joust - M1 Aeon Kampagne Hard - Oberbefehlshaber\" width=\"500\" height=\"375\" src=\"https:\/\/www.youtube.com\/embed\/HR0t2-cO9IE?list=PL065F8D7C29112F51\" frameborder=\"0\" allow=\"accelerometer; autoplay; clipboard-write; encrypted-media; gyroscope; picture-in-picture; web-share\" referrerpolicy=\"strict-origin-when-cross-origin\" allowfullscreen><\/iframe><\/div>\n<\/div><\/figure>","protected":false},"excerpt":{"rendered":"<p>1. BUILD 3 MASS EXTRACTORS Schematics added: T1 Mass ExtractorTo do this as fast as possible, hold Shift to queue up all 3 Mass Extractors. If they are relatively far apart, queue up a Move command between each one so that your ACU won&#8217;t have to walk as far; if you just tell him to [&hellip;]<\/p>","protected":false},"author":1,"featured_media":0,"parent":122,"menu_order":3,"comment_status":"open","ping_status":"closed","template":"","meta":{"_uag_custom_page_level_css":"","site-sidebar-layout":"default","site-content-layout":"default","ast-site-content-layout":"","site-content-style":"default","site-sidebar-style":"default","ast-global-header-display":"","ast-banner-title-visibility":"","ast-main-header-display":"","ast-hfb-above-header-display":"","ast-hfb-below-header-display":"","ast-hfb-mobile-header-display":"","site-post-title":"","ast-breadcrumbs-content":"","ast-featured-img":"","footer-sml-layout":"","theme-transparent-header-meta":"default","adv-header-id-meta":"","stick-header-meta":"","header-above-stick-meta":"","header-main-stick-meta":"","header-below-stick-meta":"","astra-migrate-meta-layouts":"default","ast-page-background-enabled":"default","ast-page-background-meta":{"desktop":{"background-color":"","background-image":"","background-repeat":"repeat","background-position":"center center","background-size":"auto","background-attachment":"scroll","background-type":"","background-media":"","overlay-type":"","overlay-color":"","overlay-gradient":""},"tablet":{"background-color":"","background-image":"","background-repeat":"repeat","background-position":"center center","background-size":"auto","background-attachment":"scroll","background-type":"","background-media":"","overlay-type":"","overlay-color":"","overlay-gradient":""},"mobile":{"background-color":"","background-image":"","background-repeat":"repeat","background-position":"center center","background-size":"auto","background-attachment":"scroll","background-type":"","background-media":"","overlay-type":"","overlay-color":"","overlay-gradient":""}},"ast-content-background-meta":{"desktop":{"background-color":"var(--ast-global-color-5)","background-image":"","background-repeat":"repeat","background-position":"center center","background-size":"auto","background-attachment":"scroll","background-type":"","background-media":"","overlay-type":"","overlay-color":"","overlay-gradient":""},"tablet":{"background-color":"var(--ast-global-color-5)","background-image":"","background-repeat":"repeat","background-position":"center center","background-size":"auto","background-attachment":"scroll","background-type":"","background-media":"","overlay-type":"","overlay-color":"","overlay-gradient":""},"mobile":{"background-color":"var(--ast-global-color-5)","background-image":"","background-repeat":"repeat","background-position":"center center","background-size":"auto","background-attachment":"scroll","background-type":"","background-media":"","overlay-type":"","overlay-color":"","overlay-gradient":""}},"footnotes":""},"uagb_featured_image_src":{"full":false,"thumbnail":false,"medium":false,"medium_large":false,"large":false,"1536x1536":false,"2048x2048":false,"trp-custom-language-flag":false},"uagb_author_info":{"display_name":"SOE","author_link":"https:\/\/supcom.standardof.net\/de\/author\/k-tastic\/"},"uagb_comment_info":0,"uagb_excerpt":"1. BUILD 3 MASS EXTRACTORS Schematics added: T1 Mass ExtractorTo do this as fast as possible, hold Shift to queue up all 3 Mass Extractors. If they are relatively far apart, queue up a Move command between each one so that your ACU won&#8217;t have to walk as far; if you just tell him to&hellip;","_links":{"self":[{"href":"https:\/\/supcom.standardof.net\/de\/wp-json\/wp\/v2\/pages\/218"}],"collection":[{"href":"https:\/\/supcom.standardof.net\/de\/wp-json\/wp\/v2\/pages"}],"about":[{"href":"https:\/\/supcom.standardof.net\/de\/wp-json\/wp\/v2\/types\/page"}],"author":[{"embeddable":true,"href":"https:\/\/supcom.standardof.net\/de\/wp-json\/wp\/v2\/users\/1"}],"replies":[{"embeddable":true,"href":"https:\/\/supcom.standardof.net\/de\/wp-json\/wp\/v2\/comments?post=218"}],"version-history":[{"count":0,"href":"https:\/\/supcom.standardof.net\/de\/wp-json\/wp\/v2\/pages\/218\/revisions"}],"up":[{"embeddable":true,"href":"https:\/\/supcom.standardof.net\/de\/wp-json\/wp\/v2\/pages\/122"}],"wp:attachment":[{"href":"https:\/\/supcom.standardof.net\/de\/wp-json\/wp\/v2\/media?parent=218"}],"curies":[{"name":"wp","href":"https:\/\/api.w.org\/{rel}","templated":true}]}}