{"id":220,"date":"2020-10-31T15:16:28","date_gmt":"2020-10-31T19:16:28","guid":{"rendered":"https:\/\/supcom.standardof.net\/?page_id=220"},"modified":"2020-10-31T15:16:28","modified_gmt":"2020-10-31T19:16:28","slug":"aeon-operation-machine-purge","status":"publish","type":"page","link":"https:\/\/supcom.standardof.net\/de\/supreme-commander\/kampagnen-komplettlosungen\/aeon-operation-machine-purge\/","title":{"rendered":"Aeon Mission 2 - Operation Machine Purge"},"content":{"rendered":"<p>Von hier aus gehe ich davon aus, dass Sie wissen, wie das Spiel funktioniert, und ich werde Sie nicht mehr daran erinnern, Massenextraktoren zu bauen, Bestellungen in die Warteschlange zu stellen, Fabriken zu wiederholen usw.<\/p>\n\n\n\n<h3 class=\"wp-block-heading\">1. REINIGEN SIE 80% NEUEN KATALONS<\/h3>\n\n\n\n<p>Bevor Sie nach Norden ziehen, um die Cybrans zu zerst\u00f6ren, bauen Sie eine anst\u00e4ndige Streitmacht mit einer Marinefabrik und mehreren Luft- und Landfabriken auf. Konzentrieren Sie sich auf Cybrans und zerst\u00f6ren Sie nach Belieben zivile Einrichtungen.<\/p>\n\n\n\n<h3 class=\"wp-block-heading\">2. REPEL CYBRAN COUNTERATTACK<\/h3>\n\n\n\n<p>Bei 15% New Catalon zerst\u00f6rt, werden die Cybrans einen Angriff starten. Stellen Sie sicher, dass Sie ausreichend Luftschutz haben und es Ihnen gut gehen sollte.<\/p>\n\n\n\n<h3 class=\"wp-block-heading\">3. ZERST\u00d6REN SIE DIE CYBRAN-BASIS<\/h3>\n\n\n\n<p><em>Die Karte wird nach Norden und Osten erweitert<\/em><br>Viele Marineeinheiten sind f\u00fcr diese in Ordnung. Zerst\u00f6ren Sie den Au\u00dfenposten der Marine im Osten, bevor Sie zur Cybran-Basis im Nordosten ziehen. Sie m\u00fcssen viel Inselh\u00fcpfen machen, also stellen Sie die \u00dcberlegenheit der Marine und der Luft fest, bevor Sie sich in Auroren bewegen, die amphibisch sind und durch feindliche Schwachstellen schw\u00e4rmen k\u00f6nnen. Wenn Sie sp\u00e4ter T2-Landstreitkr\u00e4fte einsetzen m\u00f6chten, ben\u00f6tigen Sie Lufttransporte, um zu bef\u00f6rdern. Alternativ k\u00f6nnen Sie Ihren Commander f\u00fcr den Kampf aufr\u00fcsten (Personal Shield, Heat Sinks und Crysalis Beam) und Ihre Marineeinheiten als Deckung verwenden, um ihn den Fluss \u00fcberqueren zu lassen. Sobald er an Land ist, kann er die Basis und dann die geheime Basis nur mit Luft- und Torpedobomberunterst\u00fctzung zerst\u00f6ren, um sicherzustellen, dass er nicht von Bombern oder Zerst\u00f6rern abgeschossen wird.<\/p>\n\n\n\n<h3 class=\"wp-block-heading\">4. ZERST\u00d6REN SIE DIE CYBRAN SECRET BASE<\/h3>\n\n\n\n<p><em>Karte erweitert sich nach Osten<\/em><br>Den Cybran-Marineeinheiten im Osten fehlt es an Luftverteidigung, so dass ein kombinierter Angriff mit Seestreitkr\u00e4ften und Bombern gut funktioniert. R\u00e4umen Sie die Luftabwehr am s\u00fcdlichen Ende der Basis auf und laden Sie die Transporte mit Landeinheiten auf. Lass sie in den S\u00fcden fallen und bewege dich nach Norden, w\u00e4hrend du deine Marineeinheiten verwendest, um die R\u00e4nder des Meeres frei zu halten.<\/p>\n\n\n\n<h3 class=\"wp-block-heading\">5. SCH\u00dcTZEN SIE 80% DER MENSCHLICHEN ABRECHNUNG<\/h3>\n\n\n\n<p>Lassen Sie Ihre Truppen an der S\u00fcdspitze der Nordostinsel fallen (oder schicken Sie die Auroren zuerst, um einen Br\u00fcckenkopf zu bauen). Bewegen Sie sich durch die zivilen Strukturen nach Norden und zerst\u00f6ren Sie dort die zybrischen Streitkr\u00e4fte.<\/p>\n\n\n\n<h3 class=\"wp-block-heading\">6. \u00dcBERLEBEN SIE DEN CYBRAN-ANGRIFF<\/h3>\n\n\n\n<p><em>Karte erweitert sich nach Norden<br>Schaltpl\u00e4ne hinzugef\u00fcgt: T2 Air Factory, T2 Verteidigung<\/em><br>Sobald Sie die Cybran-Basis zerst\u00f6ren, greifen die Cybrans von Norden aus an. Verwenden Sie Ihre neuen T2-Ingenieure, um den n\u00f6rdlichen Rand Ihrer Basis mit T2-Luftverteidigung zu sch\u00fctzen, und es sollte Ihnen gut gehen. Wenn es ihnen gelingt, Einheiten in Ihrer Basis abzulassen, verwenden Sie Ihre Auroren und Bomber, um sie auszuschalten.<\/p>\n\n\n\n<h3 class=\"wp-block-heading\">7. DEFEAT CYBRAN COMMANDER<\/h3>\n\n\n\n<p>Der Commander ist widerspenstig und befindet sich im Nordwesten. Bewegen Sie Ihre Seestreitkr\u00e4fte aus, um die Insel anzugreifen, und wenn er herauskommt, um gegen Sie zu k\u00e4mpfen, schlagen Sie ihn mit Bombern und Auroren. H\u00f6chstwahrscheinlich wird er versuchen, im Wasser zu fliehen, was der einfachste Weg ist, ihn zu t\u00f6ten: Verwenden Sie Ihre Luftwaffe, um Torpedostarter auszuschalten, Ihre Landstreitkr\u00e4fte, um den Commander unter Wasser zu treiben, und Ihre Unterflotte, um ihn sehr schnell zu t\u00f6ten.<\/p>\n\n\n\n<h3 class=\"wp-block-heading\">8. ZERST\u00d6REN SIE DIE WESTERN CYBRAN BASE<\/h3>\n\n\n\n<p>Diese Insel ist zu gro\u00df f\u00fcr die Explosion des Kommandanten, um sie zu zerst\u00f6ren. Verwenden Sie Ihre verbleibenden Truppen, um die Basis zu wischen, oder wenden Sie sich zuerst der \u00f6stlichen Basis zu, wenn der Kommandant im Wasser get\u00f6tet wurde.<\/p>\n\n\n\n<h3 class=\"wp-block-heading\">9. ZERST\u00d6REN ODER ERFASSEN 2 CYBRAN-ARTILLERIE-POSITIONEN (optional)<\/h3>\n\n\n\n<p>Die Luft l\u00e4sst Ihre Truppen am Westufer dieser Insel fallen und bewegt sich nach Osten, bis Sie den Fluss erreichen, der die Hauptbasis von Cybran von der Nordinsel trennt. Konzentrieren Sie Ihre Produktion auf T2-Flugzeuge, Fregatten und Auroren. Senden Sie ein paar Ingenieure ein, um die Artillerie auf dieser Nordinsel zu erobern. Es wird dann auf die \u00f6stliche Basis feuern, um es f\u00fcr Sie aufzuweichen. Wenn Sie einen k\u00e4mpfenden Kommandanten haben, kann er diese selbst erobern und dann einige Verteidigungen f\u00fcr sie aufbauen, w\u00e4hrend er selbst die feindlichen Fregatten zur\u00fcckh\u00e4lt.<\/p>\n\n\n\n<h3 class=\"wp-block-heading\">10. ZERST\u00d6REN SIE DIE OST-CYBRAN-BASIS<\/h3>\n\n\n\n<p>Bewegen Sie alle Ihre Kr\u00e4fte f\u00fcr einen kombinierten Angriff. Ziemliech direkt. Ziel 9 hilft hier sehr.<\/p>\n\n\n\n<h3 class=\"has-text-align-center wp-block-heading\">Mission 2 - Operation Machine Purge - Videoanleitung<\/h3>\n\n\n\n<figure class=\"wp-block-embed-youtube wp-block-embed is-type-video is-provider-youtube wp-embed-aspect-4-3 wp-has-aspect-ratio\"><div class=\"wp-block-embed__wrapper\">\n<div class=\"ast-oembed-container\" style=\"height: 100%;\"><iframe title=\"Operation Machine Purge - M2 Aeon Kampagne schwer - Oberbefehlshaber\" width=\"500\" height=\"375\" src=\"https:\/\/www.youtube.com\/embed\/SOX0YuIJnmc?list=PL065F8D7C29112F51\" frameborder=\"0\" allow=\"accelerometer; autoplay; clipboard-write; encrypted-media; gyroscope; picture-in-picture; web-share\" referrerpolicy=\"strict-origin-when-cross-origin\" allowfullscreen><\/iframe><\/div>\n<\/div><\/figure>","protected":false},"excerpt":{"rendered":"<p>From here, I&#8217;ll assume you know how the game works and I&#8217;ll stop reminding you to build Mass Extractors, queue up orders, put factories on repeat, etc. 1. CLEANSE 80% OF NEW CATALON Before moving north to destroy the Cybrans, build up a decent-sized force, with a Naval Factory and multiple Air and Land Factories. [&hellip;]<\/p>","protected":false},"author":1,"featured_media":0,"parent":122,"menu_order":3,"comment_status":"open","ping_status":"closed","template":"","meta":{"_uag_custom_page_level_css":"","site-sidebar-layout":"default","site-content-layout":"default","ast-site-content-layout":"","site-content-style":"default","site-sidebar-style":"default","ast-global-header-display":"","ast-banner-title-visibility":"","ast-main-header-display":"","ast-hfb-above-header-display":"","ast-hfb-below-header-display":"","ast-hfb-mobile-header-display":"","site-post-title":"","ast-breadcrumbs-content":"","ast-featured-img":"","footer-sml-layout":"","theme-transparent-header-meta":"default","adv-header-id-meta":"","stick-header-meta":"","header-above-stick-meta":"","header-main-stick-meta":"","header-below-stick-meta":"","astra-migrate-meta-layouts":"default","ast-page-background-enabled":"default","ast-page-background-meta":{"desktop":{"background-color":"","background-image":"","background-repeat":"repeat","background-position":"center center","background-size":"auto","background-attachment":"scroll","background-type":"","background-media":"","overlay-type":"","overlay-color":"","overlay-gradient":""},"tablet":{"background-color":"","background-image":"","background-repeat":"repeat","background-position":"center center","background-size":"auto","background-attachment":"scroll","background-type":"","background-media":"","overlay-type":"","overlay-color":"","overlay-gradient":""},"mobile":{"background-color":"","background-image":"","background-repeat":"repeat","background-position":"center center","background-size":"auto","background-attachment":"scroll","background-type":"","background-media":"","overlay-type":"","overlay-color":"","overlay-gradient":""}},"ast-content-background-meta":{"desktop":{"background-color":"var(--ast-global-color-5)","background-image":"","background-repeat":"repeat","background-position":"center center","background-size":"auto","background-attachment":"scroll","background-type":"","background-media":"","overlay-type":"","overlay-color":"","overlay-gradient":""},"tablet":{"background-color":"var(--ast-global-color-5)","background-image":"","background-repeat":"repeat","background-position":"center center","background-size":"auto","background-attachment":"scroll","background-type":"","background-media":"","overlay-type":"","overlay-color":"","overlay-gradient":""},"mobile":{"background-color":"var(--ast-global-color-5)","background-image":"","background-repeat":"repeat","background-position":"center center","background-size":"auto","background-attachment":"scroll","background-type":"","background-media":"","overlay-type":"","overlay-color":"","overlay-gradient":""}},"footnotes":""},"uagb_featured_image_src":{"full":false,"thumbnail":false,"medium":false,"medium_large":false,"large":false,"1536x1536":false,"2048x2048":false,"trp-custom-language-flag":false},"uagb_author_info":{"display_name":"SOE","author_link":"https:\/\/supcom.standardof.net\/de\/author\/k-tastic\/"},"uagb_comment_info":0,"uagb_excerpt":"From here, I&#8217;ll assume you know how the game works and I&#8217;ll stop reminding you to build Mass Extractors, queue up orders, put factories on repeat, etc. 1. CLEANSE 80% OF NEW CATALON Before moving north to destroy the Cybrans, build up a decent-sized force, with a Naval Factory and multiple Air and Land Factories.&hellip;","_links":{"self":[{"href":"https:\/\/supcom.standardof.net\/de\/wp-json\/wp\/v2\/pages\/220"}],"collection":[{"href":"https:\/\/supcom.standardof.net\/de\/wp-json\/wp\/v2\/pages"}],"about":[{"href":"https:\/\/supcom.standardof.net\/de\/wp-json\/wp\/v2\/types\/page"}],"author":[{"embeddable":true,"href":"https:\/\/supcom.standardof.net\/de\/wp-json\/wp\/v2\/users\/1"}],"replies":[{"embeddable":true,"href":"https:\/\/supcom.standardof.net\/de\/wp-json\/wp\/v2\/comments?post=220"}],"version-history":[{"count":0,"href":"https:\/\/supcom.standardof.net\/de\/wp-json\/wp\/v2\/pages\/220\/revisions"}],"up":[{"embeddable":true,"href":"https:\/\/supcom.standardof.net\/de\/wp-json\/wp\/v2\/pages\/122"}],"wp:attachment":[{"href":"https:\/\/supcom.standardof.net\/de\/wp-json\/wp\/v2\/media?parent=220"}],"curies":[{"name":"wp","href":"https:\/\/api.w.org\/{rel}","templated":true}]}}