{"id":224,"date":"2020-10-31T15:19:51","date_gmt":"2020-10-31T19:19:51","guid":{"rendered":"https:\/\/supcom.standardof.net\/?page_id=224"},"modified":"2020-10-31T15:19:51","modified_gmt":"2020-10-31T19:19:51","slug":"aeon-operation-entity","status":"publish","type":"page","link":"https:\/\/supcom.standardof.net\/de\/supreme-commander\/kampagnen-komplettlosungen\/aeon-operation-entity\/","title":{"rendered":"Aeon Mission 4 - Operationseinheit"},"content":{"rendered":"<h3 class=\"wp-block-heading\">1. PACIFY NEXUS<\/h3>\n\n\n\n<p>Nexus scheint mit nur einigen T1-Verteidigungen und einem Tactical Missile Launcher leicht verteidigt zu sein, aber die Mission ist schwieriger als es scheint. An der Nordspitze des Kaps wartet tats\u00e4chlich T2-Artillerie auf Sie, die Sie daran hindert, eine Marinefabrik zu errichten. Ihr Startgebiet ist ressourcenschonend. Bauen Sie also im Osten und Westen Verteidigungsanlagen auf, w\u00e4hrend Sie im S\u00fcden eine T1-Fabrik bauen. Es gibt keine zeitliche Begrenzung, so dass Sie alle Ihre Extraktoren und Fabriken ausr\u00fcsten und genug Bomberkr\u00e4fte aufbauen k\u00f6nnen, um den Tactical Missile Launcher zu t\u00f6ten, sobald Ihre Bodentruppen einsatzbereit sind. Ihre ersten Angriffe erfolgen also aus der Luft Stellen Sie sicher, dass Sie zu Beginn der Mission eine mobile T1-Luftabwehr abpumpen - sie werden sowohl Bomberschl\u00e4ge als auch Transporttropfen versuchen. Luftabwehr sollte vor allem im Osten und Westen eingesetzt werden, aber auch einige T\u00fcrme am Nordrand Ihrer Basis platzieren. Sobald Sie Tech 2 erreicht haben, bauen Sie entlang dieser W\u00e4nde T2-Verteidigungen und -Schilde. \u00dcbernehmen Sie zuerst die Cybran-Geb\u00e4ude westlich der Karte (neben dem Marinest\u00fctzpunkt), um weitere Massenablagerungen zu erhalten, platzieren Sie dann Luftabwehr-T\u00fcrme dort und bringen Sie Ihre Landstreitkr\u00e4fte zur\u00fcck, um Nexus im Osten auszuschalten. Der einfachste Weg, die Artillerie-Stellungen loszuwerden, besteht darin, einen taktischen Raketenwerfer zu bauen, der gerade ihre Reichweite erreicht. Wenn Sie Ihre Position nicht verraten, k\u00f6nnen Sie Ihre erste Rakete abwerfen, bevor sich die Artillerie revanchiert - taktische Raketen und T2-Artillerie haben die gleiche Reichweite. Die n\u00e4chste Tac-Rakete kann die \u00f6stliche Verteidigung der Cybrans zerst\u00f6ren, w\u00e4hrend Ihre Boden- und Lufteinheiten einziehen, um ihren eigenen Tactical Missile Launcher und den anderen Widerstand zu entfernen.<\/p>\n\n\n\n<h3 class=\"wp-block-heading\">2. ZERST\u00d6REN SIE DIE CYBRAN NAVAL BASE<\/h3>\n\n\n\n<p>Sobald Sie die Kontrolle \u00fcber die S\u00fcdostk\u00fcste haben, k\u00f6nnen Sie eine Marinefabrik bauen und mit Ihren zus\u00e4tzlichen Ingenieuren eine Reihe von Schiffen abpumpen. Schicken Sie sie zusammen mit Kanonenschiffen und Auroren, um den Marinest\u00fctzpunkt zu beseitigen.<\/p>\n\n\n\n<h3 class=\"wp-block-heading\">3. Nimm den Knoten ein<\/h3>\n\n\n\n<p>Die gleiche Kraft, mit der Sie den Marinest\u00fctzpunkt get\u00f6tet haben, kann dazu beitragen, die n\u00f6rdlichen Verteidigungsanlagen rund um den Knoten abzubauen, w\u00e4hrend Ihre Kanonenschiffe die Artillerie-Anlagen ausschalten k\u00f6nnen. Sie k\u00f6nnen sogar T2-Landstreitkr\u00e4fte, die durch mobile Schilde am Rand der K\u00fcste gesch\u00fctzt sind, aus der Luft fallen lassen, w\u00e4hrend die Artillerie besch\u00e4ftigt ist. Sobald Sie den Knoten erfasst haben, wird die Karte erweitert. Seien Sie also bereit.<\/p>\n\n\n\n<h3 class=\"wp-block-heading\">4. ERFASSEN UND VERTEIDIGEN SIE ALLE 3 NODEN<\/h3>\n\n\n\n<p><em>Die Karte wird nach Osten und Norden erweitert<br><\/em>Der erste Knoten ist der, den Sie gerade erfasst haben. Der zweite befindet sich im Nordwesten, der dritte im S\u00fcdosten. Sie m\u00fcssen bis zum Ende der Mission sicher bleiben. Senden Sie Bodentruppen ein, um den S\u00fcdostknoten zu erobern, und verwenden Sie Ihre See- und Luftstreitkr\u00e4fte, um einen Platz freizumachen, an dem Sie mehr T2-Landstreitkr\u00e4fte abwerfen k\u00f6nnen, um den Nordwestknoten zu erobern. Stellen Sie sicher, dass Sie T2-Ingenieure hinzuziehen, um die Knoten zu erfassen, da Sie Schilde und T2-Abwehrkr\u00e4fte ben\u00f6tigen, um sie sicher zu halten. Sie k\u00f6nnen einen Knoten verlieren und trotzdem die Mission abschlie\u00dfen, aber es ist am besten, kein Risiko einzugehen.<\/p>\n\n\n\n<h3 class=\"wp-block-heading\">5. ERFASSEN SIE DEN HAUPTRAHMEN<\/h3>\n\n\n\n<p>Der Mainframe befindet sich ganz im Norden auf der Mittelinsel. Die Insel hat nicht zu viele Torpedostarter, daher kann eine von Kanonenschiffen und Angriffsbooten unterst\u00fctzte T2-Seestreitmacht die Verteidigung am S\u00fcdufer ausschalten (stellen Sie sicher, dass Sie die feindliche Artillerie schnell t\u00f6ten), damit Ihre Transporte einen F\u00e4hrpunkt f\u00fcr einrichten k\u00f6nnen T2-Landstreitkr\u00e4fte ziehen ein. Wenn Sie alle Cybrans ausger\u00e4umt haben, senden Sie Ihre T2-Ingenieure, um sie zu erobern und mit dem Aufbau von Verteidigungsanlagen zu beginnen.<\/p>\n\n\n\n<h3 class=\"wp-block-heading\">6. VERTEIDIGEN SIE DEN HAUPTRAHMEN (15 Minuten Zeitlimit)<\/h3>\n\n\n\n<p>Sie m\u00fcssen die Knoten und den Mainframe 15 Minuten lang verteidigen, um die Cybran-Angriffe zu verst\u00e4rken. Bauen Sie viele Kanonenschiffe, da diese auf jeden Angriff reagieren k\u00f6nnen, und T2-Luftabwehr, um Transportabf\u00e4lle zu verhindern. Lassen Sie Ihre Torpedobomber zum \u00f6stlichen See patrouillieren, um Zerst\u00f6rerangriffe auf den Mainframe und den Ostknoten zu verhindern. Die Cybrans greifen auch Ihre Hauptbasis an, um Ihre ACU zu t\u00f6ten. Stellen Sie sicher, dass er sich unter einem Schild mit viel T2-Luftabwehr versteckt, und stellen Sie sicher, dass Ihre Stromerzeuger gut gesch\u00fctzt sind.<\/p>\n\n\n\n<h3 class=\"has-text-align-center wp-block-heading\">Mission 4 - Operation Entity - Videoanleitung<\/h3>\n\n\n\n<figure class=\"wp-block-embed-youtube wp-block-embed is-type-video is-provider-youtube wp-embed-aspect-4-3 wp-has-aspect-ratio\"><div class=\"wp-block-embed__wrapper\">\n<div class=\"ast-oembed-container\" style=\"height: 100%;\"><iframe title=\"Operation Entity - M4 Aeon Campaign Hard - Oberbefehlshaber\" width=\"500\" height=\"375\" src=\"https:\/\/www.youtube.com\/embed\/oA-nQKDNBcA?feature=oembed\" frameborder=\"0\" allow=\"accelerometer; autoplay; clipboard-write; encrypted-media; gyroscope; picture-in-picture; web-share\" referrerpolicy=\"strict-origin-when-cross-origin\" allowfullscreen><\/iframe><\/div>\n<\/div><\/figure>","protected":false},"excerpt":{"rendered":"<p>1. PACIFY NEXUS Nexus appears to be lightly defended with only some T1 defenses and a Tactical Missile Launcher, but the mission is more difficult than it appears. There are actually T2 artillery lying in wait for you on the northern tip of the cape, preventing you from building a Naval Factory. Your starting area [&hellip;]<\/p>","protected":false},"author":1,"featured_media":0,"parent":122,"menu_order":3,"comment_status":"open","ping_status":"closed","template":"","meta":{"_uag_custom_page_level_css":"","site-sidebar-layout":"default","site-content-layout":"default","ast-site-content-layout":"","site-content-style":"default","site-sidebar-style":"default","ast-global-header-display":"","ast-banner-title-visibility":"","ast-main-header-display":"","ast-hfb-above-header-display":"","ast-hfb-below-header-display":"","ast-hfb-mobile-header-display":"","site-post-title":"","ast-breadcrumbs-content":"","ast-featured-img":"","footer-sml-layout":"","theme-transparent-header-meta":"default","adv-header-id-meta":"","stick-header-meta":"","header-above-stick-meta":"","header-main-stick-meta":"","header-below-stick-meta":"","astra-migrate-meta-layouts":"default","ast-page-background-enabled":"default","ast-page-background-meta":{"desktop":{"background-color":"","background-image":"","background-repeat":"repeat","background-position":"center center","background-size":"auto","background-attachment":"scroll","background-type":"","background-media":"","overlay-type":"","overlay-color":"","overlay-gradient":""},"tablet":{"background-color":"","background-image":"","background-repeat":"repeat","background-position":"center center","background-size":"auto","background-attachment":"scroll","background-type":"","background-media":"","overlay-type":"","overlay-color":"","overlay-gradient":""},"mobile":{"background-color":"","background-image":"","background-repeat":"repeat","background-position":"center center","background-size":"auto","background-attachment":"scroll","background-type":"","background-media":"","overlay-type":"","overlay-color":"","overlay-gradient":""}},"ast-content-background-meta":{"desktop":{"background-color":"var(--ast-global-color-5)","background-image":"","background-repeat":"repeat","background-position":"center center","background-size":"auto","background-attachment":"scroll","background-type":"","background-media":"","overlay-type":"","overlay-color":"","overlay-gradient":""},"tablet":{"background-color":"var(--ast-global-color-5)","background-image":"","background-repeat":"repeat","background-position":"center center","background-size":"auto","background-attachment":"scroll","background-type":"","background-media":"","overlay-type":"","overlay-color":"","overlay-gradient":""},"mobile":{"background-color":"var(--ast-global-color-5)","background-image":"","background-repeat":"repeat","background-position":"center center","background-size":"auto","background-attachment":"scroll","background-type":"","background-media":"","overlay-type":"","overlay-color":"","overlay-gradient":""}},"footnotes":""},"uagb_featured_image_src":{"full":false,"thumbnail":false,"medium":false,"medium_large":false,"large":false,"1536x1536":false,"2048x2048":false,"trp-custom-language-flag":false},"uagb_author_info":{"display_name":"SOE","author_link":"https:\/\/supcom.standardof.net\/de\/author\/k-tastic\/"},"uagb_comment_info":0,"uagb_excerpt":"1. PACIFY NEXUS Nexus appears to be lightly defended with only some T1 defenses and a Tactical Missile Launcher, but the mission is more difficult than it appears. There are actually T2 artillery lying in wait for you on the northern tip of the cape, preventing you from building a Naval Factory. Your starting area&hellip;","_links":{"self":[{"href":"https:\/\/supcom.standardof.net\/de\/wp-json\/wp\/v2\/pages\/224"}],"collection":[{"href":"https:\/\/supcom.standardof.net\/de\/wp-json\/wp\/v2\/pages"}],"about":[{"href":"https:\/\/supcom.standardof.net\/de\/wp-json\/wp\/v2\/types\/page"}],"author":[{"embeddable":true,"href":"https:\/\/supcom.standardof.net\/de\/wp-json\/wp\/v2\/users\/1"}],"replies":[{"embeddable":true,"href":"https:\/\/supcom.standardof.net\/de\/wp-json\/wp\/v2\/comments?post=224"}],"version-history":[{"count":0,"href":"https:\/\/supcom.standardof.net\/de\/wp-json\/wp\/v2\/pages\/224\/revisions"}],"up":[{"embeddable":true,"href":"https:\/\/supcom.standardof.net\/de\/wp-json\/wp\/v2\/pages\/122"}],"wp:attachment":[{"href":"https:\/\/supcom.standardof.net\/de\/wp-json\/wp\/v2\/media?parent=224"}],"curies":[{"name":"wp","href":"https:\/\/api.w.org\/{rel}","templated":true}]}}