{"id":228,"date":"2020-10-31T15:22:18","date_gmt":"2020-10-31T19:22:18","guid":{"rendered":"https:\/\/supcom.standardof.net\/?page_id=228"},"modified":"2020-10-31T15:22:18","modified_gmt":"2020-10-31T19:22:18","slug":"aeon-operation-beginnings","status":"publish","type":"page","link":"https:\/\/supcom.standardof.net\/de\/supreme-commander\/kampagnen-komplettlosungen\/aon-operation-anfange\/","title":{"rendered":"Aeon Mission 6 - Beginn der Operation"},"content":{"rendered":"<h3 class=\"wp-block-heading\">1. SCHWARZES SONNENKONTROLLZENTRUM ERFASSEN<\/h3>\n\n\n\n<p>Bauen Sie sofort Luftverteidigungen um Ihre Insel und Ihre T2-Torpedostarter auf - eine Mischung aus T2 und T3 funktioniert am besten, damit Sie schnell Deckung erhalten, aber eventuell ein Upgrade durchf\u00fchren k\u00f6nnen. Die meisten ersten Angriffe kommen aus dem S\u00fcdosten. Bauen Sie also dort Ihre Seestreitkr\u00e4fte auf und holen Sie sich Schilde \u00fcber Ihre Basis, bevor Sie einziehen, um das Kontrollzentrum zu erobern. Obwohl Transporttropfen selten sind und leicht bek\u00e4mpft werden k\u00f6nnen, ben\u00f6tigen Sie Belagerungsbots und ihre Unterst\u00fctzungseinheiten, damit Sie Ihre eigenen Transporttropfen erstellen k\u00f6nnen, um das Kontrollzentrum zu \u00fcbernehmen. Luftangriffe kommen aus dem Norden. Stellen Sie daher sicher, dass Sie dort \u00fcber T3-Luftverteidigung verf\u00fcgen und Ihre T3-Generator- \/ Herstellerfarmen gut abgeschirmt sind. Wenn Sie sicher sind, dass nichts Ihre Basis ber\u00fchren kann (stellen Sie sicher, dass entlang der Patrouillenroute Ihrer K\u00e4mpfer eine Air Staging-Einrichtung vorhanden ist, um sie mit Kraftstoff zu versorgen), aktualisieren Sie Ihre ACU mit Advanced Resource Allocation, um einen weiteren Ressourcenschub zu erzielen, und bauen Sie strategische Raketenabwehr- und Tr\u00e4gerraketen auf . Nuke die Mitte der Insel n\u00f6rdlich des Kontrollzentrums, um innere Verteidigungen zu beseitigen, w\u00e4hrend deine Seeflotte die Verteidigungen entlang der K\u00fcste zerst\u00f6rt. Sobald Sie eine Route f\u00fcr Ihre Transporte freigegeben haben, ziehen Sie eine Landstreitmacht ein. Wenn Sie Probleme haben, die schweren Schilde und Belagerungsbots im Kontrollzentrum abzubauen, m\u00fcssen Sie an den R\u00e4ndern der Basis nuklearisieren, damit die Kontrolle nicht get\u00f6tet wird Zentrieren Sie aber die Belagerungsbots. Bewegen Sie Ihre eigenen Landstreitkr\u00e4fte, um das Gebiet zu sichern. Dieser n\u00e4chste Teil ist ziemlich schwierig. Speichern Sie das Spiel, bevor Sie das Control Center erfassen. Der Feind greift von Norden und S\u00fcden mit zunehmender Wildheit an, aber es ist wichtig, starke Abwehrkr\u00e4fte zu haben. Setzen Sie Ihre Marineeinheiten auf Patrouille, um den Flugweg Ihrer Transporte abzudecken, und verwenden Sie Lufteinheiten, um feindliche Gegenangriffe auszuf\u00fchren, bevor sie Sie treffen. Stellen Sie sicher, dass Sie das Einheitenlimit nicht erreichen, bevor Sie ein paar T3-Schilde um das Kontrollzentrum mit T3-Luftverteidigung im Inneren erhalten. Bewegen Sie alle Ihre Landstreitkr\u00e4fte hierher, um sie zu sch\u00fctzen, und mindestens 20 T3-Ingenieure f\u00fcr das, was als n\u00e4chstes kommt.<\/p>\n\n\n\n<h3 class=\"wp-block-heading\">2. VERTEIDIGEN SIE DAS BLACK SUN CONTROL CENTER<\/h3>\n\n\n\n<p><em>Karte erweitert sich nach Norden<\/em><br>Die Cybran-Basis wird enth\u00fcllt und es gibt viele Spiderbots und Belagerungsbots. Gl\u00fccklicherweise haben Sie Atomwaffen und Ihr Nuke Launcher sollte vor feindlichen Truppen zielen, damit er dort landet, wo sich die Armee befindet. Auf diese Weise k\u00f6nnen Sie den gr\u00f6\u00dften Teil der Angriffstruppe ausschalten. Lassen Sie im \u00dcbrigen unmittelbar nach dem Erweitern der Karte alle Ihre Ingenieure mit der Arbeit an einem Koloss beginnen, der Spiderbots zum Mittagessen frisst - solange Sie ihn rechtzeitig fertigstellen k\u00f6nnen. Alternativ k\u00f6nnen Sie eine Linie aus T2-Punktverteidigung und Artillerie mit schweren Schilden bauen, wenn Sie keine Zeit haben. Auf der Schwierigkeitsstufe &quot;Normal&quot; hat die Invasionsarmee aus dem Norden keine Spiderbots, nur T3-Landeinheiten, sodass 2 Atomwaffen ihre gesamten Streitkr\u00e4fte kostenlos zerst\u00f6ren.<\/p>\n\n\n\n<h3 class=\"wp-block-heading\">3. Den CYBRAN COMMANDER DEFEATEN<\/h3>\n\n\n\n<p>In der Zwischenzeit sollte sich Ihre Flotte an die K\u00fcste der Cybran-Basis bewegen. Wenn die Cybrans nicht schnell zerst\u00f6rt werden, bauen sie Soul Rippers, was f\u00fcr Sie ein gro\u00dfes Problem darstellt. Wenn Sie zu diesem Zeitpunkt zwei Nuklearwerfer haben, k\u00f6nnen Sie deren einzelne strategische Raketenabwehr mit Atomwaffen \u00fcberw\u00e4ltigen. Sie k\u00f6nnen Ihre Luftwaffe auch verwenden, um ihre Verteidigung auszuschalten und ein paar Mal zu nuklearisieren, oder einfach immer mehr Schiffe abpumpen, und sie werden normalerweise den Cybran-Kommandanten selbst ausschalten. Stellen Sie sicher, dass Sie nach der Zerst\u00f6rung \u00fcberfliegen, um zu best\u00e4tigen, dass die Basis get\u00f6tet wurde. Sie ben\u00f6tigen keine Schleichangriffe, wenn Sie mit Marxon besch\u00e4ftigt sind. Der einfachste, aber langsamste Weg ist eine \u00fcberw\u00e4ltigende Seestreitmacht, die auch f\u00fcr das n\u00e4chste Ziel hilft. Schlachtschiffe sind in dieser Mission jeden Cent ihrer Kosten wert, da sie den gr\u00f6\u00dften Teil der Cybran-Basis und Marxons T2-Artillerie-Verteidigung zerst\u00f6ren k\u00f6nnen.<\/p>\n\n\n\n<h3 class=\"wp-block-heading\">4. ZERST\u00d6REN SIE MARXON<\/h3>\n\n\n\n<p><em>Karte erweitert sich nach S\u00fcden<\/em><br>Black Sun liegt an der S\u00fcdk\u00fcste der Insel. Sobald sich die Karte erweitert, bewegt sich eine riesige Flotte von S\u00fcden in Richtung Ihrer Basis. Bewegen Sie Ihre Marine- und Lufteinheiten, um sie so schnell wie m\u00f6glich abzufangen. Artillerie beginnt auf das Kontrollzentrum zu schie\u00dfen, also baue mehr Schilde, w\u00e4hrend du mehrere Kolosse und ein oder zwei Zaren baust. Sobald Sie Ihre experimentelle Streitmacht bereit haben, schicken Sie sie nach S\u00fcden, w\u00e4hrend Ihre Flotte Marxons Marine und seine Marinefabriken ausschaltet. Marxon baut auch Kolosse, aber Ihre \u00fcberlegenen Zahlen und Zaren sollten gut gegen diese arbeiten. Wenn Sie das Gl\u00fcck haben, Marxon zu sehen, bevor Ihre Kolosse zu seinen zahlreichen Verteidigungsanlagen zur\u00fcckkehren, zielen Sie auf ihn, um ihn schnell zu t\u00f6ten. Andernfalls zielen Sie auf seine strategische Raketenabwehr, eine im Westen und eine im Osten. Sobald sie weg sind, k\u00f6nnen Sie seine Basis zerst\u00f6ren. Kolosse sind nicht unbedingt notwendig; T3-Artillerie auf Ihrer Insel kann Marxon sehr langsam beschie\u00dfen, Ihre Schlachtschiffe k\u00f6nnen den gr\u00f6\u00dften Teil seiner Verteidigung ausschalten. Wenn Sie eine seiner beiden Nuklearverteidigungspositionen zerst\u00f6ren, k\u00f6nnen Sie seine Nuklearverteidigung \u00fcberw\u00e4ltigen, indem Sie 2 oder 3 Nuklearwerfer gleichzeitig abfeuern.<\/p>\n\n\n\n<h3 class=\"has-text-align-center wp-block-heading\">Mission 6 - Beginn der Operation - Videoanleitung<\/h3>\n\n\n\n<figure class=\"wp-block-embed-youtube wp-block-embed is-type-video is-provider-youtube wp-embed-aspect-4-3 wp-has-aspect-ratio\"><div class=\"wp-block-embed__wrapper\">\n<div class=\"ast-oembed-container\" style=\"height: 100%;\"><iframe title=\"Operation Beginnings - M6 Aeon Campaign Hard - Oberbefehlshaber\" width=\"500\" height=\"375\" src=\"https:\/\/www.youtube.com\/embed\/NTJCeTaFQhU?feature=oembed\" frameborder=\"0\" allow=\"accelerometer; autoplay; clipboard-write; encrypted-media; gyroscope; picture-in-picture; web-share\" referrerpolicy=\"strict-origin-when-cross-origin\" allowfullscreen><\/iframe><\/div>\n<\/div><\/figure>","protected":false},"excerpt":{"rendered":"<p>1. CAPTURE BLACK SUN CONTROL CENTER Immediately build air defenses around your island and your T2 torpedo launchers &#8211; a mix of T2 and T3 works best so that you can get coverage quickly but upgrade eventually. Most initial attacks are from the southeast, so build up your naval forces there and get shields over [&hellip;]<\/p>","protected":false},"author":1,"featured_media":0,"parent":122,"menu_order":3,"comment_status":"open","ping_status":"closed","template":"","meta":{"_uag_custom_page_level_css":"","site-sidebar-layout":"default","site-content-layout":"default","ast-site-content-layout":"","site-content-style":"default","site-sidebar-style":"default","ast-global-header-display":"","ast-banner-title-visibility":"","ast-main-header-display":"","ast-hfb-above-header-display":"","ast-hfb-below-header-display":"","ast-hfb-mobile-header-display":"","site-post-title":"","ast-breadcrumbs-content":"","ast-featured-img":"","footer-sml-layout":"","theme-transparent-header-meta":"default","adv-header-id-meta":"","stick-header-meta":"","header-above-stick-meta":"","header-main-stick-meta":"","header-below-stick-meta":"","astra-migrate-meta-layouts":"default","ast-page-background-enabled":"default","ast-page-background-meta":{"desktop":{"background-color":"","background-image":"","background-repeat":"repeat","background-position":"center center","background-size":"auto","background-attachment":"scroll","background-type":"","background-media":"","overlay-type":"","overlay-color":"","overlay-gradient":""},"tablet":{"background-color":"","background-image":"","background-repeat":"repeat","background-position":"center center","background-size":"auto","background-attachment":"scroll","background-type":"","background-media":"","overlay-type":"","overlay-color":"","overlay-gradient":""},"mobile":{"background-color":"","background-image":"","background-repeat":"repeat","background-position":"center center","background-size":"auto","background-attachment":"scroll","background-type":"","background-media":"","overlay-type":"","overlay-color":"","overlay-gradient":""}},"ast-content-background-meta":{"desktop":{"background-color":"var(--ast-global-color-5)","background-image":"","background-repeat":"repeat","background-position":"center center","background-size":"auto","background-attachment":"scroll","background-type":"","background-media":"","overlay-type":"","overlay-color":"","overlay-gradient":""},"tablet":{"background-color":"var(--ast-global-color-5)","background-image":"","background-repeat":"repeat","background-position":"center center","background-size":"auto","background-attachment":"scroll","background-type":"","background-media":"","overlay-type":"","overlay-color":"","overlay-gradient":""},"mobile":{"background-color":"var(--ast-global-color-5)","background-image":"","background-repeat":"repeat","background-position":"center center","background-size":"auto","background-attachment":"scroll","background-type":"","background-media":"","overlay-type":"","overlay-color":"","overlay-gradient":""}},"footnotes":""},"uagb_featured_image_src":{"full":false,"thumbnail":false,"medium":false,"medium_large":false,"large":false,"1536x1536":false,"2048x2048":false,"trp-custom-language-flag":false},"uagb_author_info":{"display_name":"SOE","author_link":"https:\/\/supcom.standardof.net\/de\/author\/k-tastic\/"},"uagb_comment_info":0,"uagb_excerpt":"1. CAPTURE BLACK SUN CONTROL CENTER Immediately build air defenses around your island and your T2 torpedo launchers &#8211; a mix of T2 and T3 works best so that you can get coverage quickly but upgrade eventually. Most initial attacks are from the southeast, so build up your naval forces there and get shields over&hellip;","_links":{"self":[{"href":"https:\/\/supcom.standardof.net\/de\/wp-json\/wp\/v2\/pages\/228"}],"collection":[{"href":"https:\/\/supcom.standardof.net\/de\/wp-json\/wp\/v2\/pages"}],"about":[{"href":"https:\/\/supcom.standardof.net\/de\/wp-json\/wp\/v2\/types\/page"}],"author":[{"embeddable":true,"href":"https:\/\/supcom.standardof.net\/de\/wp-json\/wp\/v2\/users\/1"}],"replies":[{"embeddable":true,"href":"https:\/\/supcom.standardof.net\/de\/wp-json\/wp\/v2\/comments?post=228"}],"version-history":[{"count":0,"href":"https:\/\/supcom.standardof.net\/de\/wp-json\/wp\/v2\/pages\/228\/revisions"}],"up":[{"embeddable":true,"href":"https:\/\/supcom.standardof.net\/de\/wp-json\/wp\/v2\/pages\/122"}],"wp:attachment":[{"href":"https:\/\/supcom.standardof.net\/de\/wp-json\/wp\/v2\/media?parent=228"}],"curies":[{"name":"wp","href":"https:\/\/api.w.org\/{rel}","templated":true}]}}