{"id":231,"date":"2020-10-31T15:37:30","date_gmt":"2020-10-31T19:37:30","guid":{"rendered":"https:\/\/supcom.standardof.net\/?page_id=231"},"modified":"2020-11-04T22:29:43","modified_gmt":"2020-11-05T03:29:43","slug":"uef","status":"publish","type":"page","link":"https:\/\/supcom.standardof.net\/de\/supreme-commander\/uef\/","title":{"rendered":"UEF"},"content":{"rendered":"<h2 class=\"has-text-align-center wp-block-heading\">UEF-EINHEITEN<\/h2>\n\n\n\n<div class=\"wp-block-image\"><figure class=\"aligncenter size-large\"><a href=\"https:\/\/supcom.standardof.net\/de\/sup-com-uef-commander-promo\/\"><img decoding=\"async\" width=\"600\" height=\"564\" src=\"https:\/\/supcom.standardof.net\/wp-content\/uploads\/sites\/8\/2020\/10\/Sup-Com-UEF-Commander-Promo.jpg\" alt=\"\" class=\"wp-image-254\" srcset=\"https:\/\/supcom.standardof.net\/wp-content\/uploads\/sites\/8\/2020\/10\/Sup-Com-UEF-Commander-Promo.jpg 600w, https:\/\/supcom.standardof.net\/wp-content\/uploads\/sites\/8\/2020\/10\/Sup-Com-UEF-Commander-Promo-512x481.jpg 512w, https:\/\/supcom.standardof.net\/wp-content\/uploads\/sites\/8\/2020\/10\/Sup-Com-UEF-Commander-Promo-200x188.jpg 200w, https:\/\/supcom.standardof.net\/wp-content\/uploads\/sites\/8\/2020\/10\/Sup-Com-UEF-Commander-Promo-13x12.jpg 13w\" sizes=\"(max-width: 600px) 100vw, 600px\" \/><\/a><\/figure><\/div>\n\n\n\n<p><a href=\"https:\/\/www.standardof.net\/wp-content\/uploads\/2011\/10\/SupremeCommander-2011-10-15-05-27-16-21.png\" class=\"rank-math-link\" target=\"_blank\" rel=\"noopener\"><\/a>Die einzigartigen Einheiten der UEF sind die 3 Experimente und das T3 Air Heavy Gunship. UEF-Standardwaffen sind traditionelle Granaten und Kanonen. Sie haben tendenziell mehr R\u00fcstung und weniger Geschwindigkeit als die entsprechenden Einheiten anderer Fraktionen. Die UEF kann eine gute Mischung von Landeinheiten verwenden, um die Schw\u00e4rme einzelner Einheiten anderer Rassen fr\u00fchzeitig zu bek\u00e4mpfen, und sich dann mit ihren T3-Belagerungsbots und dem Heavy Gunship einen Vorteil verschaffen. Ihnen fehlt ein T3-Tr\u00e4ger, weil ihre T4-Seeeinheit sowieso ein Tr\u00e4ger ist. Die UEF ACU verf\u00fcgt \u00fcber eine Vielzahl von Verteidigungsverbesserungen, von Schilden \u00fcber Raketen bis hin zu verbesserten Regenerationsf\u00e4higkeiten.<\/p>\n\n\n\n<section class=\"wp-block-uagb-columns uagb-columns__wrap uagb-columns__background-undefined uagb-columns__stack-mobile uagb-columns__valign-undefined uagb-columns__gap-10 alignundefined uagb-block-65130051\"><div class=\"uagb-columns__overlay\"><\/div><div class=\"uagb-columns__inner-wrap uagb-columns__columns-1\">\n<div class=\"wp-block-uagb-column uagb-column__wrap uagb-column__background-undefined uagb-block-54269797\"><div class=\"uagb-column__overlay\"><\/div><div class=\"uagb-column__inner-wrap\">\n<h3 class=\"wp-block-heading\">UEF-Kommandanten<\/h3>\n\n\n\n<ul><li><a href=\"https:\/\/supcom.standardof.net\/de\/supreme-commander\/uef\/uef-kommandant\/\" class=\"rank-math-link\">Kommandant (ACU)<\/a><\/li><li><a href=\"https:\/\/supcom.standardof.net\/de\/supreme-commander\/uef\/uef-subkommandant\/\" class=\"rank-math-link\">Subcommander (SCU)<\/a><\/li><\/ul>\n<\/div><\/div>\n<\/div><\/section>\n\n\n\n<section class=\"wp-block-uagb-columns uagb-columns__wrap uagb-columns__background-undefined uagb-columns__stack-mobile uagb-columns__valign-undefined uagb-columns__gap-10 alignundefined uagb-block-e1b80797\"><div class=\"uagb-columns__overlay\"><\/div><div class=\"uagb-columns__inner-wrap uagb-columns__columns-1\">\n<div class=\"wp-block-uagb-column uagb-column__wrap uagb-column__background-undefined uagb-block-6334f213\"><div class=\"uagb-column__overlay\"><\/div><div class=\"uagb-column__inner-wrap\">\n<h3 class=\"wp-block-heading\">Landeinheiten<\/h3>\n<\/div><\/div>\n<\/div><\/section>\n\n\n\n<section class=\"wp-block-uagb-columns uagb-columns__wrap uagb-columns__background-undefined uagb-columns__stack-mobile uagb-columns__valign-undefined uagb-columns__gap-10 alignundefined uagb-block-a943ea14\"><div class=\"uagb-columns__overlay\"><\/div><div class=\"uagb-columns__inner-wrap uagb-columns__columns-3\">\n<div class=\"wp-block-uagb-column uagb-column__wrap uagb-column__background-undefined uagb-block-6e264444\"><div class=\"uagb-column__overlay\"><\/div><div class=\"uagb-column__inner-wrap\">\n<h4 class=\"wp-block-heading\"><a href=\"https:\/\/supcom.standardof.net\/de\/supreme-commander\/uef\/tech-1-uef-land-einheiten\/\" class=\"rank-math-link\">Tier 1 Land<\/a><\/h4>\n\n\n\n<ul><li><a href=\"https:\/\/supcom.standardof.net\/de\/supreme-commander\/uef\/tech-1-uef-land-einheiten\/#engineer-t1-constructor\" class=\"rank-math-link\">INGENIEUR<\/a> <br><sup>T1 BAUER<\/sup><\/li><li><a href=\"https:\/\/supcom.standardof.net\/de\/supreme-commander\/uef\/tech-1-uef-land-einheiten\/#ma12-striker-medium-tank\" class=\"rank-math-link\">MA12 STRIKER<\/a> <br><sup>MITTLERER TANK<\/sup><\/li><li><a href=\"https:\/\/supcom.standardof.net\/de\/supreme-commander\/uef\/tech-1-uef-land-einheiten\/#lobo-mobile-light-artillery\" class=\"rank-math-link\">LOBO<\/a><br><sup>MOBILE LICHTARTILLERIE<\/sup><\/li><li><a href=\"https:\/\/supcom.standardof.net\/de\/supreme-commander\/uef\/tech-1-uef-land-einheiten\/#archer-mobile-anti-air-gun\" class=\"rank-math-link\">BOGENSCH\u00dcTZE<\/a><br><sup>MOBILE ANTI-AIR-GEWEHR<\/sup><\/li><\/ul>\n<\/div><\/div>\n\n\n\n<div class=\"wp-block-uagb-column uagb-column__wrap uagb-column__background-undefined uagb-block-c303681c\"><div class=\"uagb-column__overlay\"><\/div><div class=\"uagb-column__inner-wrap\">\n<h4 class=\"wp-block-heading\"><a href=\"https:\/\/supcom.standardof.net\/de\/supreme-commander\/uef\/tech-2-uef-land-einheiten\/\" class=\"rank-math-link\">Tier 2 Land<\/a><\/h4>\n\n\n\n<ul><li><a href=\"https:\/\/supcom.standardof.net\/de\/supreme-commander\/uef\/tech-2-uef-land-einheiten\/#t2-uef-engineer\" class=\"rank-math-link\">T2 ENGINEER<\/a><br><sup>T2 BAUER<\/sup><\/li><li><a href=\"https:\/\/supcom.standardof.net\/de\/supreme-commander\/uef\/tech-2-uef-land-einheiten\/#pillar-heavy-tank\" class=\"rank-math-link\">S\u00c4ULE<\/a><br><sup>SCHWERER PANZER<\/sup><\/li><li><a href=\"https:\/\/supcom.standardof.net\/de\/supreme-commander\/uef\/tech-2-uef-land-einheiten\/#sky-boxer-mobile-aa-flak-artillery\" class=\"rank-math-link\">SKY BOXER<\/a> <br><sup>MOBILE AA FLAK ARTILLERIE<\/sup><\/li><li><a href=\"https:\/\/supcom.standardof.net\/de\/supreme-commander\/uef\/tech-2-uef-land-einheiten\/#flapjack-mobile-missile-launcher\" class=\"rank-math-link\">FLAPJACK<\/a><br><sup>MOBILE MISSILE LAUNCHER<\/sup><\/li><li><a href=\"https:\/\/supcom.standardof.net\/de\/supreme-commander\/uef\/tech-2-uef-land-einheiten\/#riptide-amphibious-tank\" class=\"rank-math-link\">SPRINGFLUT<\/a> <br><sup>AMPHIBIOUS TANK<\/sup><\/li><li><a href=\"https:\/\/supcom.standardof.net\/de\/supreme-commander\/uef\/tech-2-uef-land-einheiten\/#parashield-mobile-shield-generator\" class=\"rank-math-link\">PARASHIELD<\/a><br><sup>MOBILE SHIELD GENERATOR<\/sup><\/li><\/ul>\n<\/div><\/div>\n\n\n\n<div class=\"wp-block-uagb-column uagb-column__wrap uagb-column__background-undefined uagb-block-8c972844\"><div class=\"uagb-column__overlay\"><\/div><div class=\"uagb-column__inner-wrap\">\n<h4 class=\"wp-block-heading\"><a href=\"https:\/\/supcom.standardof.net\/de\/supreme-commander\/uef\/tech-2-uef-land-einheiten\/\" class=\"rank-math-link\">Tier 3 Land<\/a><\/h4>\n\n\n\n<ul><li><a href=\"https:\/\/supcom.standardof.net\/de\/supreme-commander\/uef\/tech-3-uef-land-einheiten\/#t3-uef-engineer\" class=\"rank-math-link\">T3 ENGINEER<\/a><br><sup>T3 BAUER<\/sup><\/li><li><a href=\"https:\/\/supcom.standardof.net\/de\/supreme-commander\/uef\/tech-3-uef-land-einheiten\/#titan-siege-assault-bot\" class=\"rank-math-link\">TITAN<\/a> <br><sup>SIEGE ASSAULT BOT<\/sup><\/li><li><a href=\"https:\/\/supcom.standardof.net\/de\/supreme-commander\/uef\/tech-3-uef-land-einheiten\/#demolisher-mobile-heavy-artillery\" class=\"rank-math-link\">Zerst\u00f6rer<\/a><br><sup>MOBILE SCHWERE ARTILLERIE<\/sup><\/li><\/ul>\n<\/div><\/div>\n<\/div><\/section>\n\n\n\n<section class=\"wp-block-uagb-columns uagb-columns__wrap uagb-columns__background-undefined uagb-columns__stack-mobile uagb-columns__valign-undefined uagb-columns__gap-10 alignundefined uagb-block-5b2438e4\"><div class=\"uagb-columns__overlay\"><\/div><div class=\"uagb-columns__inner-wrap uagb-columns__columns-1\">\n<div class=\"wp-block-uagb-column uagb-column__wrap uagb-column__background-undefined uagb-block-66fec082\"><div class=\"uagb-column__overlay\"><\/div><div class=\"uagb-column__inner-wrap\">\n<h3 class=\"wp-block-heading\" id=\"Air-Units\">Lufteinheiten<\/h3>\n<\/div><\/div>\n<\/div><\/section>\n\n\n\n<section class=\"wp-block-uagb-columns uagb-columns__wrap uagb-columns__background-undefined uagb-columns__stack-mobile uagb-columns__valign-undefined uagb-columns__gap-10 alignundefined uagb-block-f8a53e60\"><div class=\"uagb-columns__overlay\"><\/div><div class=\"uagb-columns__inner-wrap uagb-columns__columns-3\">\n<div class=\"wp-block-uagb-column uagb-column__wrap uagb-column__background-undefined uagb-block-1a25d205\"><div class=\"uagb-column__overlay\"><\/div><div class=\"uagb-column__inner-wrap\">\n<h4 class=\"wp-block-heading\"><a href=\"https:\/\/supcom.standardof.net\/de\/supreme-commander\/uef\/tech-1-uef-air-einheiten\/\">Tier 1 Air<\/a><\/h4>\n\n\n\n<ul><li><a href=\"https:\/\/supcom.standardof.net\/de\/supreme-commander\/uef\/tech-1-uef-air-einheiten\/#hummingbird-air-scout\" class=\"rank-math-link\">KOLIBRI <\/a><br><sup>AIR SCOUT<\/sup><\/li><li><a href=\"https:\/\/supcom.standardof.net\/de\/supreme-commander\/uef\/tech-1-uef-air-einheiten\/#cyclone-interceptor\" class=\"rank-math-link\">ZYKLON<\/a> <br><sup>INTERCEPTOR<\/sup><\/li><li><a href=\"https:\/\/supcom.standardof.net\/de\/supreme-commander\/uef\/tech-1-uef-air-einheiten\/#scorcher-attack-bomber\" class=\"rank-math-link\">SCORCHER<\/a><br><sup>BOMBER ANGRIFFEN<\/sup><\/li><li><a href=\"https:\/\/supcom.standardof.net\/de\/supreme-commander\/uef\/tech-1-uef-air-einheiten\/#c-6-courier-light-air-transport\" class=\"rank-math-link\">C-6 KURIER<\/a><br><sup>LICHTLUFTTRANSPOR<a href=\"https:\/\/supcom.standardof.net\/de\/supreme-commander\/uef\/tech-1-uef-air-einheiten\/#c-6-courier-light-air-transport\" class=\"rank-math-link\">T.<\/a><\/sup><\/li><\/ul>\n<\/div><\/div>\n\n\n\n<div class=\"wp-block-uagb-column uagb-column__wrap uagb-column__background-undefined uagb-block-0217f676\"><div class=\"uagb-column__overlay\"><\/div><div class=\"uagb-column__inner-wrap\">\n<h4 class=\"wp-block-heading\"><a href=\"https:\/\/supcom.standardof.net\/de\/supreme-commander\/uef\/tech-2-uef-air-einheiten\/\">Tier 2 Air<\/a><\/h4>\n\n\n\n<ul><li><a href=\"https:\/\/supcom.standardof.net\/de\/supreme-commander\/uef\/tech-2-uef-air-einheiten\/#janus-bomber\" class=\"rank-math-link\">JANUS<\/a> <br><sup>BOMBER<\/sup><\/li><li><a href=\"https:\/\/supcom.standardof.net\/de\/supreme-commander\/uef\/tech-2-uef-air-einheiten\/#stork-torpedo-bomber\" class=\"rank-math-link\">STORCH<\/a> <br><sup>TORPEDO BOMBER<\/sup><\/li><li><a href=\"https:\/\/supcom.standardof.net\/de\/supreme-commander\/uef\/tech-2-uef-air-einheiten\/#stinger-gunship\" class=\"rank-math-link\">STINGER<\/a> <br><sup>GUNSHIP<\/sup><\/li><li><a href=\"https:\/\/supcom.standardof.net\/de\/supreme-commander\/uef\/tech-2-uef-air-einheiten\/#c14-star-lifter-air-transport\" class=\"rank-math-link\">C14 STAR LIFTER<\/a><br><sup>LUFTTRANSPORT<\/sup><\/li><\/ul>\n<\/div><\/div>\n\n\n\n<div class=\"wp-block-uagb-column uagb-column__wrap uagb-column__background-undefined uagb-block-519a1644\"><div class=\"uagb-column__overlay\"><\/div><div class=\"uagb-column__inner-wrap\">\n<h4 class=\"wp-block-heading\"><a href=\"https:\/\/supcom.standardof.net\/de\/supreme-commander\/uef\/tech-3-uef-air-einheiten\/\">Tier 3 Air<\/a><\/h4>\n\n\n\n<ul><li><a href=\"https:\/\/supcom.standardof.net\/de\/supreme-commander\/uef\/tech-3-uef-air-einheiten\/#sr90-blackbird-spy-plane\" class=\"rank-math-link\">SR90 BLACKBIRD<\/a> <br><sup>Spionageflugzeug<\/sup><\/li><li><a href=\"https:\/\/supcom.standardof.net\/de\/supreme-commander\/uef\/tech-3-uef-air-einheiten\/#wasp-air-superiority-fighter\" class=\"rank-math-link\">WESPE<\/a><br><sup>LUFT\u00dcBERWACHUNGSK\u00c4MPFER<\/sup><\/li><li><a href=\"https:\/\/supcom.standardof.net\/de\/supreme-commander\/uef\/tech-3-uef-air-einheiten\/#ambassador-strategic-bomber\" class=\"rank-math-link\">BOTSCHAFTER<\/a> <br><sup>STRATEGISCHE BOMBER<\/sup><\/li><li><a href=\"https:\/\/supcom.standardof.net\/de\/supreme-commander\/uef\/tech-3-uef-air-einheiten\/#broadsword-heavy-gunship\" class=\"rank-math-link\">BREITWORT<\/a> <br><sup>SCHWERE GUNSHIP<\/sup><\/li><\/ul>\n<\/div><\/div>\n<\/div><\/section>\n\n\n\n<section class=\"wp-block-uagb-columns uagb-columns__wrap uagb-columns__background-undefined uagb-columns__stack-mobile uagb-columns__valign-undefined uagb-columns__gap-10 alignundefined uagb-block-eabbe2df\"><div class=\"uagb-columns__overlay\"><\/div><div class=\"uagb-columns__inner-wrap uagb-columns__columns-1\">\n<div class=\"wp-block-uagb-column uagb-column__wrap uagb-column__background-undefined uagb-block-4e728aeb\"><div class=\"uagb-column__overlay\"><\/div><div class=\"uagb-column__inner-wrap\">\n<h3 class=\"wp-block-heading\" id=\"Air-Units\">Marineeinheiten<\/h3>\n<\/div><\/div>\n<\/div><\/section>\n\n\n\n<section class=\"wp-block-uagb-columns uagb-columns__wrap uagb-columns__background-undefined uagb-columns__stack-mobile uagb-columns__valign-undefined uagb-columns__gap-10 alignundefined uagb-block-3f7c6314\"><div class=\"uagb-columns__overlay\"><\/div><div class=\"uagb-columns__inner-wrap uagb-columns__columns-3\">\n<div class=\"wp-block-uagb-column uagb-column__wrap uagb-column__background-undefined uagb-block-a13f7fd6\"><div class=\"uagb-column__overlay\"><\/div><div class=\"uagb-column__inner-wrap\">\n<h4 class=\"wp-block-heading\"><a href=\"https:\/\/supcom.standardof.net\/de\/supreme-commander\/uef\/tech-1-uef-marine-einheiten\/\">Tier 1 Naval<\/a><\/h4>\n\n\n\n<ul><li><a href=\"https:\/\/supcom.standardof.net\/de\/supreme-commander\/uef\/tech-1-uef-marine-einheiten\/#tigershark-attack-submarine\" class=\"rank-math-link\">TIGERSHARK <\/a><br><sup>U-Boot angreifen<\/sup><\/li><li><a href=\"https:\/\/supcom.standardof.net\/de\/supreme-commander\/uef\/tech-1-uef-marine-einheiten\/#thunderhead-class-frigate\" class=\"rank-math-link\">THUNDERHEAD<\/a><br><sup>FREGATTE<\/sup> <sup>KLASSE<\/sup><\/li><\/ul>\n<\/div><\/div>\n\n\n\n<div class=\"wp-block-uagb-column uagb-column__wrap uagb-column__background-undefined uagb-block-968c6699\"><div class=\"uagb-column__overlay\"><\/div><div class=\"uagb-column__inner-wrap\">\n<h4 class=\"wp-block-heading\"><a href=\"https:\/\/supcom.standardof.net\/de\/supreme-commander\/uef\/tech-2-uef-marine-einheiten\/\">Tier 2 Naval<\/a><\/h4>\n\n\n\n<ul><li><a href=\"https:\/\/supcom.standardof.net\/de\/supreme-commander\/uef\/tech-2-uef-marine-einheiten\/#governor-class-cruiser\" class=\"rank-math-link\">GOUVERNEUR <\/a><br><sup>CRUISER-KLASSE<\/sup><\/li><li><a href=\"https:\/\/supcom.standardof.net\/de\/supreme-commander\/uef\/tech-2-uef-marine-einheiten\/#valiant-class-destroyer\" class=\"rank-math-link\">TAPFER <\/a><br><sup>ZERST\u00d6RERKLASSE<\/sup><\/li><\/ul>\n<\/div><\/div>\n\n\n\n<div class=\"wp-block-uagb-column uagb-column__wrap uagb-column__background-undefined uagb-block-61cc8635\"><div class=\"uagb-column__overlay\"><\/div><div class=\"uagb-column__inner-wrap\">\n<h4 class=\"wp-block-heading\"><a href=\"https:\/\/supcom.standardof.net\/de\/supreme-commander\/uef\/tech-3-uef-marine-einheiten\/\" class=\"rank-math-link\">Tier 3 Naval<\/a><\/h4>\n\n\n\n<ul><li><a href=\"https:\/\/supcom.standardof.net\/de\/supreme-commander\/uef\/tech-3-uef-marine-einheiten\/#summit-class-battleship\" class=\"rank-math-link\">GIPFEL <\/a><br><sup>SCHLACHTKLASSE<\/sup><\/li><li><a href=\"https:\/\/supcom.standardof.net\/de\/supreme-commander\/uef\/tech-3-uef-marine-einheiten\/#ace-strategic-missile-submarine\" class=\"rank-math-link\">AS <\/a><br><sup>STRATEGISCHE MISSILE U-Boot<\/sup><\/li><\/ul>\n<\/div><\/div>\n<\/div><\/section>\n\n\n\n<section class=\"wp-block-uagb-columns uagb-columns__wrap uagb-columns__background-undefined uagb-columns__stack-mobile uagb-columns__valign-undefined uagb-columns__gap-10 alignundefined uagb-block-e662c212\"><div class=\"uagb-columns__overlay\"><\/div><div class=\"uagb-columns__inner-wrap uagb-columns__columns-2\">\n<div class=\"wp-block-uagb-column uagb-column__wrap uagb-column__background-undefined uagb-block-c826c08a\"><div class=\"uagb-column__overlay\"><\/div><div class=\"uagb-column__inner-wrap\">\n<h3 class=\"wp-block-heading\" id=\"Defenses\">Verteidigung<\/h3>\n\n\n\n<ul><li><a href=\"https:\/\/supcom.standardof.net\/de\/supreme-commander\/uef\/tech-1-uef-verteidigung\/\" class=\"rank-math-link\">Tier 1 Verteidigung<\/a><\/li><li><a href=\"https:\/\/supcom.standardof.net\/de\/supreme-commander\/uef\/tech-2-uef-verteidigung\/\" class=\"rank-math-link\">Tier 2 Verteidigung<\/a><\/li><li><a href=\"https:\/\/supcom.standardof.net\/de\/supreme-commander\/uef\/tech-3-uef-verteidigung\/\" class=\"rank-math-link\">Tier 3 Verteidigung<\/a><\/li><\/ul>\n<\/div><\/div>\n\n\n\n<div class=\"wp-block-uagb-column uagb-column__wrap uagb-column__background-undefined uagb-block-796c4d70\"><div class=\"uagb-column__overlay\"><\/div><div class=\"uagb-column__inner-wrap\">\n<h3 class=\"wp-block-heading\" id=\"Economy\">Wirtschaft<\/h3>\n\n\n\n<ul><li><a href=\"https:\/\/supcom.standardof.net\/de\/supreme-commander\/uef\/tech-1-uef-economy-gebaude\/\" class=\"rank-math-link\">Tier 1 Wirtschaft<\/a><\/li><li><a href=\"https:\/\/supcom.standardof.net\/de\/supreme-commander\/uef\/tech-2-uef-economy-gebaude\/\" class=\"rank-math-link\">Tier 2 Wirtschaft<\/a><\/li><li><a href=\"https:\/\/supcom.standardof.net\/de\/supreme-commander\/uef\/tech-3-uef-economy-gebaude\/\" class=\"rank-math-link\">Tier 3 Wirtschaft<\/a><\/li><\/ul>\n<\/div><\/div>\n<\/div><\/section>\n\n\n\n<section class=\"wp-block-uagb-columns uagb-columns__wrap uagb-columns__background-undefined uagb-columns__stack-mobile uagb-columns__valign-undefined uagb-columns__gap-10 alignundefined uagb-block-4757a3b7\"><div class=\"uagb-columns__overlay\"><\/div><div class=\"uagb-columns__inner-wrap uagb-columns__columns-1\">\n<div class=\"wp-block-uagb-column uagb-column__wrap uagb-column__background-undefined uagb-block-44688738\"><div class=\"uagb-column__overlay\"><\/div><div class=\"uagb-column__inner-wrap\">\n<h3 class=\"wp-block-heading\"><a href=\"https:\/\/supcom.standardof.net\/de\/supreme-commander\/uef\/uef-experimentelle-einheiten\/\" class=\"rank-math-link\">Experimentelle Einheiten<\/a><\/h3>\n<\/div><\/div>\n<\/div><\/section>","protected":false},"excerpt":{"rendered":"<p>UEF UNITS The UEF&#8217;s unique units are the 3 experimentals and the T3 air Heavy Gunship. UEF standard armaments are traditional shells and guns. They tend to have more armor and less speed than other factions&#8217; equivalent units. UEF can use a good mix of land units to combat other races&#8217; single unit swarms early [&hellip;]<\/p>","protected":false},"author":1,"featured_media":0,"parent":14,"menu_order":0,"comment_status":"closed","ping_status":"closed","template":"","meta":{"_uag_custom_page_level_css":"","site-sidebar-layout":"default","site-content-layout":"default","ast-site-content-layout":"","site-content-style":"default","site-sidebar-style":"default","ast-global-header-display":"","ast-banner-title-visibility":"","ast-main-header-display":"","ast-hfb-above-header-display":"","ast-hfb-below-header-display":"","ast-hfb-mobile-header-display":"","site-post-title":"","ast-breadcrumbs-content":"","ast-featured-img":"","footer-sml-layout":"","theme-transparent-header-meta":"default","adv-header-id-meta":"","stick-header-meta":"","header-above-stick-meta":"","header-main-stick-meta":"","header-below-stick-meta":"","astra-migrate-meta-layouts":"default","ast-page-background-enabled":"default","ast-page-background-meta":{"desktop":{"background-color":"","background-image":"","background-repeat":"repeat","background-position":"center center","background-size":"auto","background-attachment":"scroll","background-type":"","background-media":"","overlay-type":"","overlay-color":"","overlay-gradient":""},"tablet":{"background-color":"","background-image":"","background-repeat":"repeat","background-position":"center center","background-size":"auto","background-attachment":"scroll","background-type":"","background-media":"","overlay-type":"","overlay-color":"","overlay-gradient":""},"mobile":{"background-color":"","background-image":"","background-repeat":"repeat","background-position":"center center","background-size":"auto","background-attachment":"scroll","background-type":"","background-media":"","overlay-type":"","overlay-color":"","overlay-gradient":""}},"ast-content-background-meta":{"desktop":{"background-color":"var(--ast-global-color-5)","background-image":"","background-repeat":"repeat","background-position":"center center","background-size":"auto","background-attachment":"scroll","background-type":"","background-media":"","overlay-type":"","overlay-color":"","overlay-gradient":""},"tablet":{"background-color":"var(--ast-global-color-5)","background-image":"","background-repeat":"repeat","background-position":"center center","background-size":"auto","background-attachment":"scroll","background-type":"","background-media":"","overlay-type":"","overlay-color":"","overlay-gradient":""},"mobile":{"background-color":"var(--ast-global-color-5)","background-image":"","background-repeat":"repeat","background-position":"center center","background-size":"auto","background-attachment":"scroll","background-type":"","background-media":"","overlay-type":"","overlay-color":"","overlay-gradient":""}},"footnotes":""},"uagb_featured_image_src":{"full":false,"thumbnail":false,"medium":false,"medium_large":false,"large":false,"1536x1536":false,"2048x2048":false,"trp-custom-language-flag":false},"uagb_author_info":{"display_name":"SOE","author_link":"https:\/\/supcom.standardof.net\/de\/author\/k-tastic\/"},"uagb_comment_info":0,"uagb_excerpt":"UEF UNITS The UEF&#8217;s unique units are the 3 experimentals and the T3 air Heavy Gunship. UEF standard armaments are traditional shells and guns. They tend to have more armor and less speed than other factions&#8217; equivalent units. UEF can use a good mix of land units to combat other races&#8217; single unit swarms early&hellip;","_links":{"self":[{"href":"https:\/\/supcom.standardof.net\/de\/wp-json\/wp\/v2\/pages\/231"}],"collection":[{"href":"https:\/\/supcom.standardof.net\/de\/wp-json\/wp\/v2\/pages"}],"about":[{"href":"https:\/\/supcom.standardof.net\/de\/wp-json\/wp\/v2\/types\/page"}],"author":[{"embeddable":true,"href":"https:\/\/supcom.standardof.net\/de\/wp-json\/wp\/v2\/users\/1"}],"replies":[{"embeddable":true,"href":"https:\/\/supcom.standardof.net\/de\/wp-json\/wp\/v2\/comments?post=231"}],"version-history":[{"count":0,"href":"https:\/\/supcom.standardof.net\/de\/wp-json\/wp\/v2\/pages\/231\/revisions"}],"up":[{"embeddable":true,"href":"https:\/\/supcom.standardof.net\/de\/wp-json\/wp\/v2\/pages\/14"}],"wp:attachment":[{"href":"https:\/\/supcom.standardof.net\/de\/wp-json\/wp\/v2\/media?parent=231"}],"curies":[{"name":"wp","href":"https:\/\/api.w.org\/{rel}","templated":true}]}}