{"id":340,"date":"2020-11-01T11:47:46","date_gmt":"2020-11-01T16:47:46","guid":{"rendered":"https:\/\/supcom.standardof.net\/?page_id=340"},"modified":"2020-11-03T23:05:42","modified_gmt":"2020-11-04T04:05:42","slug":"tech-3-uef-land-units","status":"publish","type":"page","link":"https:\/\/supcom.standardof.net\/de\/supreme-commander\/uef\/tech-3-uef-land-einheiten\/","title":{"rendered":"Tech 3 - UEF-Landeinheiten"},"content":{"rendered":"<div class=\"wp-block-uagb-table-of-contents uagb-toc__align-left uagb-toc__columns-1  uagb-block-d7273619\"\n\t\t\t\t\tdata-scroll= \"1\"\n\t\t\t\t\tdata-offset= \"30\"\n\t\t\t\t\tstyle=\"\"\n\t\t\t\t>\n\t\t\t\t<div class=\"uagb-toc__wrap\">\n\t\t\t\t\t\t<div class=\"uagb-toc__title\">\n\t\t\t\t\t\t\tUEF Tech 3 Landeinheiten:\t\t\t\t\t\t<\/div>\n\t\t\t\t\t\t\t\t\t\t\t\t\t\t\t\t<div class=\"uagb-toc__list-wrap\">\n\t\t\t\t\t\t<ol class=\"uagb-toc__list\"><li class=\"uagb-toc__list\"><a href=\"#t3-uef-engineer\" class=\"uagb-toc-link__trigger\">T3 UEF ENGINEER<\/a><li class=\"uagb-toc__list\"><a href=\"#titan-siege-assault-bot\" class=\"uagb-toc-link__trigger\">TITAN - SIEGE ASSAULT BOT<\/a><li class=\"uagb-toc__list\"><a href=\"#demolisher-mobile-heavy-artillery\" class=\"uagb-toc-link__trigger\">DEMOLISHER - MOBILE SCHWERE ARTILLERIE<\/a><\/ol>\t\t\t\t\t<\/div>\n\t\t\t\t\t\t\t\t\t<\/div>\n\t\t\t\t<\/div>\n\t\t\t\n\n\n<section class=\"wp-block-uagb-columns uagb-columns__wrap uagb-columns__background-undefined uagb-columns__stack-mobile uagb-columns__valign-undefined uagb-columns__gap-10 alignundefined uagb-block-de4cfbd8\"><div class=\"uagb-columns__overlay\"><\/div><div class=\"uagb-columns__inner-wrap uagb-columns__columns-1\">\n<div class=\"wp-block-uagb-column uagb-column__wrap uagb-column__background-undefined uagb-block-e9dab9d8\"><div class=\"uagb-column__overlay\"><\/div><div class=\"uagb-column__inner-wrap\">\n<h2 class=\"wp-block-heading\">T3 UEF ENGINEER<\/h2>\n\n\n\n<p><a href=\"https:\/\/www.standardof.net\/wp-content\/uploads\/2011\/10\/SupremeCommander-2011-10-15-08-58-38-95.png\" class=\"rank-math-link\" target=\"_blank\" rel=\"noopener\"><\/a>Der T3-Ingenieur taucht viel h\u00e4ufiger auf als die anderen Ingenieure. man sollte immer das erste sein, was aus der Fabrik kommt. Sie k\u00f6nnen Ihre Wirtschaft ankurbeln, Fabriken zu einem n\u00fctzlichen Preis unterst\u00fctzen und Sie ins Endspiel bringen. Es ist nie schlecht, zu viele Ingenieure zu haben. Wenn sie zum Aufbau von Verteidigungsanlagen oder zur Reparatur eines wichtigen Ziels eingesetzt werden, halten sie unter feindlichem Beschuss viel l\u00e4nger. Leider sind diese Jungs sehr langsam - halb so schnell wie T2-Support-Einheiten.<\/p>\n\n\n\n<div class=\"wp-block-image\"><figure class=\"aligncenter size-large\"><a href=\"https:\/\/supcom.standardof.net\/de\/supreme-commander\/uef\/tech-3-uef-land-einheiten\/supreme-commander-uef-land-units-t3-t3-land-engineer\/\"><img decoding=\"async\" width=\"357\" height=\"276\" src=\"https:\/\/supcom.standardof.net\/wp-content\/uploads\/sites\/8\/2020\/11\/Supreme-Commander-UEF-Land-Units-T3-T3-Land-Engineer.jpg\" alt=\"Der T3-Ingenieur, UEF Tech 3-Einheit in Supreme Commander.\" class=\"wp-image-344\" srcset=\"https:\/\/supcom.standardof.net\/wp-content\/uploads\/sites\/8\/2020\/11\/Supreme-Commander-UEF-Land-Units-T3-T3-Land-Engineer.jpg 357w, https:\/\/supcom.standardof.net\/wp-content\/uploads\/sites\/8\/2020\/11\/Supreme-Commander-UEF-Land-Units-T3-T3-Land-Engineer-200x155.jpg 200w, https:\/\/supcom.standardof.net\/wp-content\/uploads\/sites\/8\/2020\/11\/Supreme-Commander-UEF-Land-Units-T3-T3-Land-Engineer-16x12.jpg 16w\" sizes=\"(max-width: 357px) 100vw, 357px\" \/><\/a><figcaption>T3 ENGINEER<\/figcaption><\/figure><\/div>\n\n\n\n<section class=\"wp-block-uagb-columns uagb-columns__wrap uagb-columns__background-undefined uagb-columns__stack-mobile uagb-columns__valign-undefined uagb-columns__gap-10 alignundefined uagb-block-c264e380\"><div class=\"uagb-columns__overlay\"><\/div><div class=\"uagb-columns__inner-wrap uagb-columns__columns-1\">\n<div class=\"wp-block-uagb-column uagb-column__wrap uagb-column__background-undefined uagb-block-bafeb27f\"><div class=\"uagb-column__overlay\"><\/div><div class=\"uagb-column__inner-wrap\">\n<h3 class=\"wp-block-heading\"><strong>T3 UEF Engineer Stats<\/strong><\/h3>\n\n\n\n<p><strong>R\u00fcstung:<\/strong> 1.500 PS<\/p>\n\n\n\n<p><strong>F\u00e4higkeiten:<\/strong> Engineering Suite, Amphibien<\/p>\n\n\n\n<p><strong>Kosten:<\/strong> M490 (Lagerung: 20), E3150 (Lagerung: 200), T1050<br>Baurate: 15<\/p>\n\n\n\n<p><strong>Intel:<\/strong> Sicht: 26 (508 m)<\/p>\n\n\n\n<p><strong>Physik:<\/strong><br>H\u00f6chstgeschwindigkeit: 1,4 (27,3 m \/ s)<br>Wendegeschwindigkeit: 70<\/p>\n\n\n\n<p><strong>Transportklasse:<\/strong> 3<br><em>* Veteranenstufe 2: +375 PS<br>* Veteranenstufe 4: +375 PS<br>* Veteranenstufe 5: Reparatur von 2 PS \/ s<\/em><\/p>\n<\/div><\/div>\n<\/div><\/section>\n<\/div><\/div>\n<\/div><\/section>\n\n\n\n<section class=\"wp-block-uagb-columns uagb-columns__wrap uagb-columns__background-undefined uagb-columns__stack-mobile uagb-columns__valign-undefined uagb-columns__gap-10 alignundefined uagb-block-848aff33\"><div class=\"uagb-columns__overlay\"><\/div><div class=\"uagb-columns__inner-wrap uagb-columns__columns-1\">\n<div class=\"wp-block-uagb-column uagb-column__wrap uagb-column__background-undefined uagb-block-375821ab\"><div class=\"uagb-column__overlay\"><\/div><div class=\"uagb-column__inner-wrap\">\n<h2 class=\"wp-block-heading\">TITAN - SIEGE ASSAULT BOT<\/h2>\n\n\n\n<p><a href=\"https:\/\/www.standardof.net\/wp-content\/uploads\/2011\/10\/Heavy-Assault-Bot-Titan.png\" class=\"rank-math-link\" target=\"_blank\" rel=\"noopener\"><\/a>Die Waffe des Titanen ist eigentlich nicht sehr m\u00e4chtig; Seine Hauptst\u00e4rke liegt in seinem Schild, der es ihm erm\u00f6glicht, einseitige Konflikte zu \u00fcberleben, ohne jegliche Gesundheit zu verlieren. Belagerungsbots sind Commander-Killer, hei\u00dft es im Tutorial, und das stimmt - solange Sie sie an ihrer Verteidigung und ihren eigenen Landstreitkr\u00e4ften vorbei bringen k\u00f6nnen. Sie gewinnen nicht automatisch Kriege f\u00fcr Sie, aber Sie k\u00f6nnen sich sicher f\u00fchlen, wenn Sie sie in gro\u00dfen Mengen bauen, unabh\u00e4ngig von Ihrer Mission.<\/p>\n\n\n\n<div class=\"wp-block-image\"><figure class=\"aligncenter size-large\"><a href=\"https:\/\/supcom.standardof.net\/de\/supreme-commander\/uef\/tech-3-uef-land-einheiten\/supreme-commander-uef-land-units-t3-heavy-assault-bot-titan\/\"><img decoding=\"async\" width=\"400\" height=\"329\" src=\"https:\/\/supcom.standardof.net\/wp-content\/uploads\/sites\/8\/2020\/11\/Supreme-Commander-UEF-Land-Units-T3-Heavy-Assault-Bot-Titan.jpg\" alt=\"Der Titan Siege Assault Bot, UEF Tech 3-Einheit im Supreme Commander.\" class=\"wp-image-342\" srcset=\"https:\/\/supcom.standardof.net\/wp-content\/uploads\/sites\/8\/2020\/11\/Supreme-Commander-UEF-Land-Units-T3-Heavy-Assault-Bot-Titan.jpg 400w, https:\/\/supcom.standardof.net\/wp-content\/uploads\/sites\/8\/2020\/11\/Supreme-Commander-UEF-Land-Units-T3-Heavy-Assault-Bot-Titan-200x165.jpg 200w, https:\/\/supcom.standardof.net\/wp-content\/uploads\/sites\/8\/2020\/11\/Supreme-Commander-UEF-Land-Units-T3-Heavy-Assault-Bot-Titan-16x12.jpg 16w\" sizes=\"(max-width: 400px) 100vw, 400px\" \/><\/a><figcaption>TITAN - SIEGE ASSAULT BOT<\/figcaption><\/figure><\/div>\n\n\n\n<section class=\"wp-block-uagb-columns uagb-columns__wrap uagb-columns__background-undefined uagb-columns__stack-mobile uagb-columns__valign-undefined uagb-columns__gap-10 alignundefined uagb-block-c3a40dcc\"><div class=\"uagb-columns__overlay\"><\/div><div class=\"uagb-columns__inner-wrap uagb-columns__columns-2\">\n<div class=\"wp-block-uagb-column uagb-column__wrap uagb-column__background-undefined uagb-block-b86d4b78\"><div class=\"uagb-column__overlay\"><\/div><div class=\"uagb-column__inner-wrap\">\n<h3 class=\"wp-block-heading\"><strong><strong>Titan Statistik<\/strong><\/strong><\/h3>\n\n\n\n<p><strong>R\u00fcstung:<\/strong> 2200 PS<\/p>\n\n\n\n<p><strong>Schild:<\/strong> 2500 PS<br>     Gr\u00f6\u00dfe: 2,5 (48,8 m)<br>     Regenerationsrate: 167<br>     Startzeit der Regeneration: 45<br>     Ladezeit: 60<\/p>\n\n\n\n<p><strong>F\u00e4higkeiten:<\/strong> Schild<\/p>\n\n\n\n<p><strong>Kosten:<\/strong> M480, E3840 (-25), T1200<\/p>\n\n\n\n<p><strong>Intel:<\/strong> Sicht: 25 (488 m)<\/p>\n\n\n\n<p><strong>Physik:<\/strong><br>     H\u00f6chstgeschwindigkeit: 2,9 (56,6 m \/ s)<br>     Wendegeschwindigkeit: 146<\/p>\n\n\n\n<p><strong>Transportklasse:<\/strong> 3<\/p>\n\n\n\n<p><strong>Veterin\u00e4rwesen:<\/strong> 30, 60, 150, 300, 600 Kills<br><em>* Veteranenstufe 2: +550 PS<br>* Veteranenstufe 4: +550 PS<br>* Veteranenstufe 5: Reparatur von 2 PS \/ s<\/em><\/p>\n<\/div><\/div>\n\n\n\n<div class=\"wp-block-uagb-column uagb-column__wrap uagb-column__background-undefined uagb-block-131fd178\"><div class=\"uagb-column__overlay\"><\/div><div class=\"uagb-column__inner-wrap\">\n<h3 class=\"wp-block-heading\"><strong>Titanwaffen<\/strong><\/h3>\n\n\n\n<p><strong>Schwere Plasmakanone<\/strong><br><em>(Direktes Feuer)<\/em><br>100,00 dps<br><strong>Reichweite:<\/strong> 25 (488 m)<br><strong>Projektilwaffe:<\/strong> 50 Schaden<br><strong>Feuerrate:<\/strong> 2 (alle 0,5 s)<br><em>* Veteranenstufe 1: +13 Schaden<br>* Veteranenstufe 3: +13 Schaden<\/em><\/p>\n<\/div><\/div>\n<\/div><\/section>\n<\/div><\/div>\n<\/div><\/section>\n\n\n\n<section class=\"wp-block-uagb-columns uagb-columns__wrap uagb-columns__background-undefined uagb-columns__stack-mobile uagb-columns__valign-undefined uagb-columns__gap-10 alignundefined uagb-block-c14ccc1c\"><div class=\"uagb-columns__overlay\"><\/div><div class=\"uagb-columns__inner-wrap uagb-columns__columns-1\">\n<div class=\"wp-block-uagb-column uagb-column__wrap uagb-column__background-undefined uagb-block-31afc75f\"><div class=\"uagb-column__overlay\"><\/div><div class=\"uagb-column__inner-wrap\">\n<h2 class=\"wp-block-heading\">DEMOLISHER - MOBILE SCHWERE ARTILLERIE<\/h2>\n\n\n\n<p><a href=\"https:\/\/www.standardof.net\/wp-content\/uploads\/2011\/10\/Mobile-Heavy-Artillery-Demolisher.jpg\" class=\"rank-math-link\" target=\"_blank\" rel=\"noopener\"><\/a>Mobile schwere Artillerie ist nur f\u00fcr eines gut: eine gut verteidigte Basis zu knacken. Sie \u00fcbertreffen die T2-Punktabwehr, aber nicht die T2-Artillerie. Zielen Sie also zuerst auf diese. Sie sind v\u00f6llig hilflos gegen feindliche Land- oder Lufteinheiten, obwohl sie genug Gesundheit haben, dass sie nicht alle sterben, wenn Sie genug Belagerungsbots haben, um sie zu sch\u00fctzen. Wenn Sie eine Gruppe aufbauen m\u00f6chten, denken Sie Folgendes: &quot;Was h\u00e4tte ich lieber: 5 Artilleriegesch\u00fctze oder 10 Belagerungsbots?&quot; Wenn Sie glauben, dass Sie auf Beinen, die schneller als ein Koloss sind, auf Widerstand sto\u00dfen k\u00f6nnten, sollte die Antwort \u201e10 Belagerungsbots\u201c lauten.<\/p>\n\n\n\n<div class=\"wp-block-image\"><figure class=\"aligncenter size-large is-resized\"><a href=\"https:\/\/supcom.standardof.net\/de\/supreme-commander\/uef\/tech-3-uef-land-einheiten\/supreme-commander-uef-land-units-t3-mobile-heavy-artillery-demolisher\/\"><img decoding=\"async\" src=\"https:\/\/supcom.standardof.net\/wp-content\/uploads\/sites\/8\/2020\/11\/Supreme-Commander-UEF-Land-Units-T3-Mobile-Heavy-Artillery-Demolisher.jpg\" alt=\"Die Demolisher Mobile Heavy Artillery, UEF Tech 3-Einheit im Supreme Commander.\" class=\"wp-image-343\" width=\"400\" height=\"312\" srcset=\"https:\/\/supcom.standardof.net\/wp-content\/uploads\/sites\/8\/2020\/11\/Supreme-Commander-UEF-Land-Units-T3-Mobile-Heavy-Artillery-Demolisher.jpg 400w, https:\/\/supcom.standardof.net\/wp-content\/uploads\/sites\/8\/2020\/11\/Supreme-Commander-UEF-Land-Units-T3-Mobile-Heavy-Artillery-Demolisher-200x156.jpg 200w, https:\/\/supcom.standardof.net\/wp-content\/uploads\/sites\/8\/2020\/11\/Supreme-Commander-UEF-Land-Units-T3-Mobile-Heavy-Artillery-Demolisher-16x12.jpg 16w\" sizes=\"(max-width: 400px) 100vw, 400px\" \/><\/a><figcaption>DEMOLISHER - MOBILE SCHWERE ARTILLERIE<\/figcaption><\/figure><\/div>\n\n\n\n<section class=\"wp-block-uagb-columns uagb-columns__wrap uagb-columns__background-undefined uagb-columns__stack-mobile uagb-columns__valign-undefined uagb-columns__gap-10 alignundefined uagb-block-1f8571f0\"><div class=\"uagb-columns__overlay\"><\/div><div class=\"uagb-columns__inner-wrap uagb-columns__columns-2\">\n<div class=\"wp-block-uagb-column uagb-column__wrap uagb-column__background-undefined uagb-block-a510e1a3\"><div class=\"uagb-column__overlay\"><\/div><div class=\"uagb-column__inner-wrap\">\n<h3 class=\"wp-block-heading\"><strong>Abbruchstatistik<\/strong><\/h3>\n\n\n\n<p><strong>R\u00fcstung:<\/strong> 945 PS<\/p>\n\n\n\n<p><strong>F\u00e4higkeiten:<\/strong> Einsatz: Unbeweglich beim Schie\u00dfen<\/p>\n\n\n\n<p><strong>Kosten:<\/strong> M800, E8000, T2400<\/p>\n\n\n\n<p><strong>Intel:<\/strong> Sicht: 26 (508 m)<\/p>\n\n\n\n<p><strong>Physik:<\/strong><br>H\u00f6chstgeschwindigkeit: 2,6 (50,8 m \/ s)<br>Wendegeschwindigkeit: 20<\/p>\n\n\n\n<p><strong>Transportklasse:<\/strong> 3<\/p>\n\n\n\n<p><strong>Veterin\u00e4rwesen:<\/strong> 30, 60, 150, 300, 600 Kills<br><em>* Veteranenstufe 2: +236 PS<br>* Veteranenstufe 4: +236 PS<br>* Veteranenstufe 5: Reparatur von 2 PS \/ s<\/em><\/p>\n<\/div><\/div>\n\n\n\n<div class=\"wp-block-uagb-column uagb-column__wrap uagb-column__background-undefined uagb-block-f33fff70\"><div class=\"uagb-column__overlay\"><\/div><div class=\"uagb-column__inner-wrap\">\n<h3 class=\"wp-block-heading\"><strong>Zerst\u00f6rerwaffen<\/strong><\/h3>\n\n\n\n<p><strong>Anti-Materie-Artillerie<\/strong><br>70,00 dps <em>(Artillerie)<\/em><br><strong>Bereich:<\/strong> 3,5 (68,4 m),<br><strong>Reichweite:<\/strong> 25 (488 m) - 70 (1,37 km)<br><strong>Projektilwaffe:<\/strong> 1400 Schaden<br><strong>Feuerrate:<\/strong> 0,05 (alle 20 s)<br><em>* Veteranenstufe 1: +350 Schaden<br>* Veteranenstufe 3: +350 Schaden<\/em><\/p>\n<\/div><\/div>\n<\/div><\/section>\n<\/div><\/div>\n<\/div><\/section>","protected":false},"excerpt":{"rendered":"<p>T3 UEF ENGINEER The T3 Engineer shows up much more frequently than the other engineers; one should always be the first thing out of your factory. They can jumpstart your economy, assist factories at a useful rate, and get you into the endgame. It&#8217;s never bad to have too many engineers. Plus, if they&#8217;re sent [&hellip;]<\/p>","protected":false},"author":1,"featured_media":0,"parent":231,"menu_order":0,"comment_status":"open","ping_status":"closed","template":"","meta":{"_uag_custom_page_level_css":"","site-sidebar-layout":"default","site-content-layout":"default","ast-site-content-layout":"","site-content-style":"default","site-sidebar-style":"default","ast-global-header-display":"","ast-banner-title-visibility":"","ast-main-header-display":"","ast-hfb-above-header-display":"","ast-hfb-below-header-display":"","ast-hfb-mobile-header-display":"","site-post-title":"","ast-breadcrumbs-content":"","ast-featured-img":"","footer-sml-layout":"","theme-transparent-header-meta":"default","adv-header-id-meta":"","stick-header-meta":"","header-above-stick-meta":"","header-main-stick-meta":"","header-below-stick-meta":"","astra-migrate-meta-layouts":"default","ast-page-background-enabled":"default","ast-page-background-meta":{"desktop":{"background-color":"","background-image":"","background-repeat":"repeat","background-position":"center center","background-size":"auto","background-attachment":"scroll","background-type":"","background-media":"","overlay-type":"","overlay-color":"","overlay-gradient":""},"tablet":{"background-color":"","background-image":"","background-repeat":"repeat","background-position":"center center","background-size":"auto","background-attachment":"scroll","background-type":"","background-media":"","overlay-type":"","overlay-color":"","overlay-gradient":""},"mobile":{"background-color":"","background-image":"","background-repeat":"repeat","background-position":"center center","background-size":"auto","background-attachment":"scroll","background-type":"","background-media":"","overlay-type":"","overlay-color":"","overlay-gradient":""}},"ast-content-background-meta":{"desktop":{"background-color":"var(--ast-global-color-5)","background-image":"","background-repeat":"repeat","background-position":"center center","background-size":"auto","background-attachment":"scroll","background-type":"","background-media":"","overlay-type":"","overlay-color":"","overlay-gradient":""},"tablet":{"background-color":"var(--ast-global-color-5)","background-image":"","background-repeat":"repeat","background-position":"center center","background-size":"auto","background-attachment":"scroll","background-type":"","background-media":"","overlay-type":"","overlay-color":"","overlay-gradient":""},"mobile":{"background-color":"var(--ast-global-color-5)","background-image":"","background-repeat":"repeat","background-position":"center center","background-size":"auto","background-attachment":"scroll","background-type":"","background-media":"","overlay-type":"","overlay-color":"","overlay-gradient":""}},"footnotes":""},"uagb_featured_image_src":{"full":false,"thumbnail":false,"medium":false,"medium_large":false,"large":false,"1536x1536":false,"2048x2048":false,"trp-custom-language-flag":false},"uagb_author_info":{"display_name":"SOE","author_link":"https:\/\/supcom.standardof.net\/de\/author\/k-tastic\/"},"uagb_comment_info":0,"uagb_excerpt":"T3 UEF ENGINEER The T3 Engineer shows up much more frequently than the other engineers; one should always be the first thing out of your factory. They can jumpstart your economy, assist factories at a useful rate, and get you into the endgame. It&#8217;s never bad to have too many engineers. Plus, if they&#8217;re sent&hellip;","_links":{"self":[{"href":"https:\/\/supcom.standardof.net\/de\/wp-json\/wp\/v2\/pages\/340"}],"collection":[{"href":"https:\/\/supcom.standardof.net\/de\/wp-json\/wp\/v2\/pages"}],"about":[{"href":"https:\/\/supcom.standardof.net\/de\/wp-json\/wp\/v2\/types\/page"}],"author":[{"embeddable":true,"href":"https:\/\/supcom.standardof.net\/de\/wp-json\/wp\/v2\/users\/1"}],"replies":[{"embeddable":true,"href":"https:\/\/supcom.standardof.net\/de\/wp-json\/wp\/v2\/comments?post=340"}],"version-history":[{"count":0,"href":"https:\/\/supcom.standardof.net\/de\/wp-json\/wp\/v2\/pages\/340\/revisions"}],"up":[{"embeddable":true,"href":"https:\/\/supcom.standardof.net\/de\/wp-json\/wp\/v2\/pages\/231"}],"wp:attachment":[{"href":"https:\/\/supcom.standardof.net\/de\/wp-json\/wp\/v2\/media?parent=340"}],"curies":[{"name":"wp","href":"https:\/\/api.w.org\/{rel}","templated":true}]}}