{"id":361,"date":"2020-11-01T13:18:52","date_gmt":"2020-11-01T18:18:52","guid":{"rendered":"https:\/\/supcom.standardof.net\/?page_id=361"},"modified":"2020-11-03T23:06:38","modified_gmt":"2020-11-04T04:06:38","slug":"tech-2-uef-air-units","status":"publish","type":"page","link":"https:\/\/supcom.standardof.net\/de\/supreme-commander\/uef\/tech-2-uef-air-einheiten\/","title":{"rendered":"Tech 2 - UEF-Lufteinheiten"},"content":{"rendered":"<div class=\"wp-block-uagb-table-of-contents uagb-toc__align-left uagb-toc__columns-1  uagb-block-6abf06a5\"\n\t\t\t\t\tdata-scroll= \"1\"\n\t\t\t\t\tdata-offset= \"30\"\n\t\t\t\t\tstyle=\"\"\n\t\t\t\t>\n\t\t\t\t<div class=\"uagb-toc__wrap\">\n\t\t\t\t\t\t<div class=\"uagb-toc__title\">\n\t\t\t\t\t\t\tUEF Tech 2 Air Units:\t\t\t\t\t\t<\/div>\n\t\t\t\t\t\t\t\t\t\t\t\t\t\t\t\t<div class=\"uagb-toc__list-wrap\">\n\t\t\t\t\t\t<ol class=\"uagb-toc__list\"><li class=\"uagb-toc__list\"><a href=\"#janus-bomber\" class=\"uagb-toc-link__trigger\">JANUS - BOMBER<\/a><li class=\"uagb-toc__list\"><a href=\"#stork-torpedo-bomber\" class=\"uagb-toc-link__trigger\">STORK - TORPEDO BOMBER<\/a><li class=\"uagb-toc__list\"><a href=\"#stinger-gunship\" class=\"uagb-toc-link__trigger\">STINGER - GUNSHIP<\/a><li class=\"uagb-toc__list\"><a href=\"#c14-star-lifter-air-transport\" class=\"uagb-toc-link__trigger\">C14 STAR LIFTER - LUFTTRANSPORT<\/a><\/ol>\t\t\t\t\t<\/div>\n\t\t\t\t\t\t\t\t\t<\/div>\n\t\t\t\t<\/div>\n\t\t\t\n\n\n<section class=\"wp-block-uagb-columns uagb-columns__wrap uagb-columns__background-undefined uagb-columns__stack-mobile uagb-columns__valign-undefined uagb-columns__gap-10 alignundefined uagb-block-d240b4ac\"><div class=\"uagb-columns__overlay\"><\/div><div class=\"uagb-columns__inner-wrap uagb-columns__columns-1\">\n<div class=\"wp-block-uagb-column uagb-column__wrap uagb-column__background-undefined uagb-block-abd247f3\"><div class=\"uagb-column__overlay\"><\/div><div class=\"uagb-column__inner-wrap\">\n<h2 class=\"wp-block-heading\"><strong>JANUS<\/strong> - BOMBER<\/h2>\n\n\n\n<p><a href=\"https:\/\/www.standardof.net\/wp-content\/uploads\/2011\/10\/SupremeCommander-2011-10-15-14-16-50-12.png\" class=\"rank-math-link\" target=\"_blank\" rel=\"noopener\"><\/a>Der Janus f\u00fcllt eine sehr kleine Nische: Verwenden Sie Ihre Luft\u00fcberlegenheit, um Bodeneinheiten zu t\u00f6ten, wenn Sie noch keine strategischen T3-Bomber ben\u00f6tigen. Sie sind m\u00e4chtiger als Kanonenschiffe, aber ihr breiter Bogen nach dem Abfeuern ihres Napalms bedeutet, dass sie wie T1-Bomber von der Luftverteidigung zerkaut werden. Wenn Ihr Gegner seine Abfangj\u00e4ger nicht in der Luft halten kann, bauen Sie einige davon, bis er mehr K\u00e4mpfer baut.<br><em>* Dieses Ger\u00e4t wurde in einem Patch hinzugef\u00fcgt *<\/em><\/p>\n\n\n\n<div class=\"wp-block-image\"><figure class=\"aligncenter size-large\"><a href=\"https:\/\/supcom.standardof.net\/de\/supreme-commander\/uef\/tech-2-uef-air-einheiten\/janus-bomber-supreme-commander-uef-air-units-t2\/\"><img decoding=\"async\" width=\"492\" height=\"447\" src=\"https:\/\/supcom.standardof.net\/wp-content\/uploads\/sites\/8\/2020\/11\/JANUS-BOMBER-Supreme-Commander-UEF-Air-Units-T2.jpg\" alt=\"Der Janus Bomber, UEF Tech 2 Lufteinheit im Supreme Commander.\" class=\"wp-image-365\" srcset=\"https:\/\/supcom.standardof.net\/wp-content\/uploads\/sites\/8\/2020\/11\/JANUS-BOMBER-Supreme-Commander-UEF-Air-Units-T2.jpg 492w, https:\/\/supcom.standardof.net\/wp-content\/uploads\/sites\/8\/2020\/11\/JANUS-BOMBER-Supreme-Commander-UEF-Air-Units-T2-200x182.jpg 200w, https:\/\/supcom.standardof.net\/wp-content\/uploads\/sites\/8\/2020\/11\/JANUS-BOMBER-Supreme-Commander-UEF-Air-Units-T2-13x12.jpg 13w\" sizes=\"(max-width: 492px) 100vw, 492px\" \/><\/a><figcaption>JANUS - BOMBER<\/figcaption><\/figure><\/div>\n\n\n\n<section class=\"wp-block-uagb-columns uagb-columns__wrap uagb-columns__background-undefined uagb-columns__stack-mobile uagb-columns__valign-undefined uagb-columns__gap-10 alignundefined uagb-block-d06f575f\"><div class=\"uagb-columns__overlay\"><\/div><div class=\"uagb-columns__inner-wrap uagb-columns__columns-2\">\n<div class=\"wp-block-uagb-column uagb-column__wrap uagb-column__background-undefined uagb-block-374152b0\"><div class=\"uagb-column__overlay\"><\/div><div class=\"uagb-column__inner-wrap\">\n<h3 class=\"wp-block-heading\">Janus Stats<\/h3>\n\n\n\n<p><strong>R\u00fcstung:<\/strong> 75 PS (Licht)<br><strong>Kosten:<\/strong> M432, E8640, T1440<br><strong>Intel:<\/strong> Sicht: 32 (625 m)<br><strong>Physik<\/strong><br>H\u00f6chstgeschwindigkeit: 12 (234 m \/ s)<br>H\u00f6he: 18 (352 m)<br>Eingriffsentfernung: 50 (977 m)<br>Drehgeschwindigkeit: 0,6<br><strong>Transportklasse:<\/strong> 3<br><strong>Veterin\u00e4rwesen:<\/strong> 5, 10, 25, 50, 100 Kills<br><em>* Veteranenstufe 2: +19 PS<br>* Veteranenlevel 4: +19 PS<br>* Veteranenstufe 5: Reparatur von 1 PS \/ s<\/em><\/p>\n<\/div><\/div>\n\n\n\n<div class=\"wp-block-uagb-column uagb-column__wrap uagb-column__background-undefined uagb-block-285df0be\"><div class=\"uagb-column__overlay\"><\/div><div class=\"uagb-column__inner-wrap\">\n<h3 class=\"wp-block-heading\">Janus Waffen<\/h3>\n\n\n\n<p><strong>Napalm Teppichbombe<\/strong><br><em>(Normal)<\/em><br>480,00 dps,<br><strong>Bereich:<\/strong> 2,5 (48,8 m)<br><strong>Reichweite:<\/strong> 40 (781 m)<br><strong>Projektilwaffe:<\/strong> 15 \u00d7 8 Schaden \u00fcber 1s x 8 Projektile = 960 Schaden<br><strong>Feuerrate:<\/strong> 0,5 (alle 2 s)<br><em>* Veteranenstufe 1: +30 Schaden<br>* Veteranenstufe 3: +30 Schaden<\/em><\/p>\n\n\n\n<p><strong>Flugzeugunfall<br><\/strong><em>(Tod)<\/em><br>200 Schaden<br><strong>Bereich:<\/strong> 1 (19,5 m)<\/p>\n<\/div><\/div>\n<\/div><\/section>\n<\/div><\/div>\n<\/div><\/section>\n\n\n\n<section class=\"wp-block-uagb-columns uagb-columns__wrap uagb-columns__background-undefined uagb-columns__stack-mobile uagb-columns__valign-undefined uagb-columns__gap-10 alignundefined uagb-block-e495a760\"><div class=\"uagb-columns__overlay\"><\/div><div class=\"uagb-columns__inner-wrap uagb-columns__columns-1\">\n<div class=\"wp-block-uagb-column uagb-column__wrap uagb-column__background-undefined uagb-block-bb0800dc\"><div class=\"uagb-column__overlay\"><\/div><div class=\"uagb-column__inner-wrap\">\n<h2 class=\"wp-block-heading\"><strong>STORCH <\/strong>- TORPEDO BOMBER<\/h2>\n\n\n\n<p><a href=\"https:\/\/www.standardof.net\/wp-content\/uploads\/2011\/10\/SupremeCommander-2011-10-15-14-16-04-48.png\" class=\"rank-math-link\" target=\"_blank\" rel=\"noopener\"><\/a>Torpedobomber sind so gut wie nutzlos. Sie kosten eine Menge Masse f\u00fcr eine Einheit, die ohnehin eine Selbstmordmission durchf\u00fchrt (da die meisten Schiffe \u00fcber eine angemessene Luftverteidigung verf\u00fcgen), ihr Torpedo kann von feindlichen Schiffen abgeschossen werden, und ihre bomberartige Flugbahn erh\u00f6ht die Wahrscheinlichkeit, dass sie sich verirren die feindliche Basis als ein Kanonenschiff. Wenn Sie nicht auf dem Meer Fu\u00df fassen k\u00f6nnen und die Subjagd-Packs r\u00e4umen m\u00fcssen, bauen Sie ein Dutzend davon. Andernfalls bleiben Sie bei Kanonenschiffen.<\/p>\n\n\n\n<div class=\"wp-block-image\"><figure class=\"aligncenter size-large\"><a href=\"https:\/\/supcom.standardof.net\/de\/supreme-commander\/uef\/tech-2-uef-air-einheiten\/stork-torpedo-bomber-supreme-commander-uef-air-units-t2\/\"><img decoding=\"async\" width=\"519\" height=\"285\" src=\"https:\/\/supcom.standardof.net\/wp-content\/uploads\/sites\/8\/2020\/11\/STORK-TORPEDO-BOMBER-Supreme-Commander-UEF-Air-Units-T2.jpg\" alt=\"Der Storch-Torpedobomber, UEF Tech 2-Lufteinheit im Oberbefehlshaber.\" class=\"wp-image-363\" srcset=\"https:\/\/supcom.standardof.net\/wp-content\/uploads\/sites\/8\/2020\/11\/STORK-TORPEDO-BOMBER-Supreme-Commander-UEF-Air-Units-T2.jpg 519w, https:\/\/supcom.standardof.net\/wp-content\/uploads\/sites\/8\/2020\/11\/STORK-TORPEDO-BOMBER-Supreme-Commander-UEF-Air-Units-T2-512x281.jpg 512w, https:\/\/supcom.standardof.net\/wp-content\/uploads\/sites\/8\/2020\/11\/STORK-TORPEDO-BOMBER-Supreme-Commander-UEF-Air-Units-T2-200x110.jpg 200w, https:\/\/supcom.standardof.net\/wp-content\/uploads\/sites\/8\/2020\/11\/STORK-TORPEDO-BOMBER-Supreme-Commander-UEF-Air-Units-T2-16x9.jpg 16w\" sizes=\"(max-width: 519px) 100vw, 519px\" \/><\/a><figcaption>STORK - TORPEDO BOMBER<\/figcaption><\/figure><\/div>\n\n\n\n<section class=\"wp-block-uagb-columns uagb-columns__wrap uagb-columns__background-undefined uagb-columns__stack-mobile uagb-columns__valign-undefined uagb-columns__gap-10 alignundefined uagb-block-f799f4cf\"><div class=\"uagb-columns__overlay\"><\/div><div class=\"uagb-columns__inner-wrap uagb-columns__columns-2\">\n<div class=\"wp-block-uagb-column uagb-column__wrap uagb-column__background-undefined uagb-block-b7e3d7a8\"><div class=\"uagb-column__overlay\"><\/div><div class=\"uagb-column__inner-wrap\">\n<h3 class=\"wp-block-heading\">Storch Statistik<\/h3>\n\n\n\n<p><strong>R\u00fcstung:<\/strong> 130 PS (Licht)<br><strong>F\u00e4higkeiten:<\/strong> Sonar<br><strong>Kosten:<\/strong> M600, E6300, T1000<br><strong>Intel:<\/strong> Sicht: 32 (625 m)<br>Sonar: 40 (781 m)<br><strong>Physik<\/strong><br>H\u00f6chstgeschwindigkeit: 15 (293 m \/ s)<br>H\u00f6he: 18 (352 m)<br>Eingriffsentfernung: 75 (1,46 km)<br><strong>Transportklasse:<\/strong> 2<br><strong>Veterin\u00e4rwesen:<\/strong> 15, 30, 75, 150, 300 Kills<br><em>* Veteranenstufe 2: +33 PS<br>* Veteranenlevel 4: +33 PS<br>* Veteranenstufe 5: Reparatur von 1 PS \/ s<\/em><\/p>\n<\/div><\/div>\n\n\n\n<div class=\"wp-block-uagb-column uagb-column__wrap uagb-column__background-undefined uagb-block-1b2144b2\"><div class=\"uagb-column__overlay\"><\/div><div class=\"uagb-column__inner-wrap\">\n<h3 class=\"wp-block-heading\">Storchwaffen<\/h3>\n\n\n\n<p><strong>Angler Torpedo<\/strong><br><em>(Anti Navy)<\/em><br>130,00 dps<br><strong>Reichweite:<\/strong> 4 (78,1 m) - 19 (371 m)<br><strong>Projektilwaffe:<\/strong> 650 Schaden<br><strong>Feuerrate:<\/strong> 0,2 (alle 5 s),<br><strong>Schuss Zuf\u00e4lligkeit:<\/strong> 3<br><em>* Veteranenstufe 1: +163 Schaden<br>* Veteranenstufe 3: +163 Schaden<\/em><\/p>\n\n\n\n<p><strong>Flugzeugunfall<\/strong><br><em>(Tod)<br><\/em>&nbsp;&nbsp;&nbsp;&nbsp;&nbsp; 150 Schaden<br><strong>Bereich:<\/strong> 1 (19,5 m)<\/p>\n<\/div><\/div>\n<\/div><\/section>\n<\/div><\/div>\n<\/div><\/section>\n\n\n\n<section class=\"wp-block-uagb-columns uagb-columns__wrap uagb-columns__background-undefined uagb-columns__stack-mobile uagb-columns__valign-undefined uagb-columns__gap-10 alignundefined uagb-block-43f283a2\"><div class=\"uagb-columns__overlay\"><\/div><div class=\"uagb-columns__inner-wrap uagb-columns__columns-1\">\n<div class=\"wp-block-uagb-column uagb-column__wrap uagb-column__background-undefined uagb-block-d65d52a0\"><div class=\"uagb-column__overlay\"><\/div><div class=\"uagb-column__inner-wrap\">\n<h2 class=\"wp-block-heading\"><strong>STINGER <\/strong>- GUNSHIP<\/h2>\n\n\n\n<p><a href=\"https:\/\/www.standardof.net\/wp-content\/uploads\/2011\/10\/SupremeCommander-2011-10-15-14-16-26-92.png\" class=\"rank-math-link\" target=\"_blank\" rel=\"noopener\"><\/a>UEF-Kanonenschiffe haben Probleme, auf andere \u201eniedrig fliegende\u201c Lufteinheiten wie Kanonenschiffe zu schie\u00dfen. Im Gegenzug k\u00f6nnen sie jedoch anstelle von Lufttransportern verwendet werden, wenn Sie nur ein paar Leute aufheben und \u00fcber einen Fluss setzen m\u00fcssen oder wenn Sie es brauchen mehr Transporte und Sie haben nicht die Zeit, sie zu bauen. Und dies erw\u00e4hnt nicht einmal die Tatsache, dass sie Angst vor unvorbereiteten Gegnern haben, die in der Lage sind, die T1-Luftverteidigung zu durchkauen und die ACU im Inneren zu t\u00f6ten. Sie sind der Hauptgrund, Abfangj\u00e4ger zu bauen - damit Ihre Kanonenschiffe herumlaufen k\u00f6nnen und der Gegner gezwungen ist, um jedes Massenfeld zu k\u00e4mpfen.<\/p>\n\n\n\n<div class=\"wp-block-image\"><figure class=\"aligncenter size-large\"><a href=\"https:\/\/supcom.standardof.net\/de\/supreme-commander\/uef\/tech-2-uef-air-einheiten\/stinger-gunship-supreme-commander-uef-air-units-t2\/\"><img decoding=\"async\" width=\"435\" height=\"357\" src=\"https:\/\/supcom.standardof.net\/wp-content\/uploads\/sites\/8\/2020\/11\/STINGER-GUNSHIP-Supreme-Commander-UEF-Air-Units-T2.jpg\" alt=\"Das Stinger Gunship, UEF Tech 2 Lufteinheit im Supreme Commander.\" class=\"wp-image-366\" srcset=\"https:\/\/supcom.standardof.net\/wp-content\/uploads\/sites\/8\/2020\/11\/STINGER-GUNSHIP-Supreme-Commander-UEF-Air-Units-T2.jpg 435w, https:\/\/supcom.standardof.net\/wp-content\/uploads\/sites\/8\/2020\/11\/STINGER-GUNSHIP-Supreme-Commander-UEF-Air-Units-T2-200x164.jpg 200w, https:\/\/supcom.standardof.net\/wp-content\/uploads\/sites\/8\/2020\/11\/STINGER-GUNSHIP-Supreme-Commander-UEF-Air-Units-T2-16x12.jpg 16w\" sizes=\"(max-width: 435px) 100vw, 435px\" \/><\/a><figcaption>STINGER - GUNSHIP<\/figcaption><\/figure><\/div>\n\n\n\n<section class=\"wp-block-uagb-columns uagb-columns__wrap uagb-columns__background-undefined uagb-columns__stack-mobile uagb-columns__valign-undefined uagb-columns__gap-10 alignundefined uagb-block-bea3076c\"><div class=\"uagb-columns__overlay\"><\/div><div class=\"uagb-columns__inner-wrap uagb-columns__columns-2\">\n<div class=\"wp-block-uagb-column uagb-column__wrap uagb-column__background-undefined uagb-block-f3303a61\"><div class=\"uagb-column__overlay\"><\/div><div class=\"uagb-column__inner-wrap\">\n<h3 class=\"wp-block-heading\">Stinger-Statistiken<\/h3>\n\n\n\n<p><strong>R\u00fcstung:<\/strong> 120 PS (Licht)<br><strong>F\u00e4higkeiten:<\/strong> Transporthaken (tr\u00e4gt eine T1- oder T2-Landeinheit)<br><strong>Kosten:<\/strong> M432, E8640, T1440<br><strong>Intel:<\/strong> Sicht: 32 (625 m)<br><strong>Physik<\/strong><br>H\u00f6chstgeschwindigkeit: 12 (234 m \/ s)<br>H\u00f6he: 10 (195 m)<br><strong>Transportklasse:<\/strong> 2<br><strong>Veterin\u00e4rwesen:<\/strong> 15, 30, 75, 150, 300 Kills<br><em>* Veteranenstufe 2: +30 PS,<br>* Veteranenstufe 4: +30 PS,<br>* Veteranenstufe 5: Reparatur von 1 PS \/ s<\/em><\/p>\n<\/div><\/div>\n\n\n\n<div class=\"wp-block-uagb-column uagb-column__wrap uagb-column__background-undefined uagb-block-dd17fee9\"><div class=\"uagb-column__overlay\"><\/div><div class=\"uagb-column__inner-wrap\">\n<h3 class=\"wp-block-heading\">Stingerwaffen<\/h3>\n\n\n\n<p><strong>Hells Fury Riot Gun<br><\/strong><em>(Direktes Feuer)<br><\/em>&nbsp;&nbsp;&nbsp;&nbsp; 72,00 dps<br><strong>Reichweite:<\/strong> 22 (430 m)<br><strong>Projektilwaffe:<\/strong> 24 Schaden<br><strong>Feuerrate:<\/strong> 3 (alle 0,33 s)<br><em>* Veteranenstufe 1: +6 Schaden<br>* Veteranenstufe 3: +6 Schaden<br><\/em><br><strong>Flugzeugunfall<\/strong><br><em>(Tod)<\/em><br>100 Schaden<br><strong>Bereich:<\/strong> 1 (19,5 m)<\/p>\n<\/div><\/div>\n<\/div><\/section>\n<\/div><\/div>\n<\/div><\/section>\n\n\n\n<section class=\"wp-block-uagb-columns uagb-columns__wrap uagb-columns__background-undefined uagb-columns__stack-mobile uagb-columns__valign-undefined uagb-columns__gap-10 alignundefined uagb-block-b0e6c92f\"><div class=\"uagb-columns__overlay\"><\/div><div class=\"uagb-columns__inner-wrap uagb-columns__columns-1\">\n<div class=\"wp-block-uagb-column uagb-column__wrap uagb-column__background-undefined uagb-block-f309ff6f\"><div class=\"uagb-column__overlay\"><\/div><div class=\"uagb-column__inner-wrap\">\n<h2 class=\"wp-block-heading\"><strong>C14 STAR LIFTER<\/strong> - LUFTTRANSPORT<\/h2>\n\n\n\n<p><a href=\"https:\/\/www.standardof.net\/wp-content\/uploads\/2011\/10\/SupremeCommander-2011-10-15-14-17-18-27.png\" class=\"rank-math-link\" target=\"_blank\" rel=\"noopener\"><\/a>W\u00e4hrend es sch\u00f6n ist, dass der Lufttransport sich selbst verteidigen kann, ist seine Hauptverteidigungsmethode seine \u201eschwere\u201c Panzerung, die es ihm erm\u00f6glicht, ein paar Sch\u00fcsse aus der Luftverteidigung zu machen und trotzdem seine Fracht fallen zu lassen. Sie tragen doppelt so viele Einheiten wie ein T1-Transport: 12 T1-Typen, 6 T2-Typen, 3 T3-Typen oder eine ACU \/ SCU. Wenn Ihr Kommandant transportiert wird, stirbt er nicht mit dem Lufttransport.<\/p>\n\n\n\n<div class=\"wp-block-image\"><figure class=\"aligncenter size-large\"><a href=\"https:\/\/supcom.standardof.net\/de\/supreme-commander\/uef\/tech-2-uef-air-einheiten\/c14-star-lifter-air-transport-supreme-commander-uef-air-units-t2\/\"><img decoding=\"async\" width=\"630\" height=\"435\" src=\"https:\/\/supcom.standardof.net\/wp-content\/uploads\/sites\/8\/2020\/11\/C14-STAR-LIFTER-AIR-TRANSPORT-Supreme-Commander-UEF-Air-Units-T2.jpg\" alt=\"Die C14 Star Lifter Lufttransport, UEF Tech 2 Lufteinheit im Supreme Commander.\" class=\"wp-image-364\" srcset=\"https:\/\/supcom.standardof.net\/wp-content\/uploads\/sites\/8\/2020\/11\/C14-STAR-LIFTER-AIR-TRANSPORT-Supreme-Commander-UEF-Air-Units-T2.jpg 630w, https:\/\/supcom.standardof.net\/wp-content\/uploads\/sites\/8\/2020\/11\/C14-STAR-LIFTER-AIR-TRANSPORT-Supreme-Commander-UEF-Air-Units-T2-512x354.jpg 512w, https:\/\/supcom.standardof.net\/wp-content\/uploads\/sites\/8\/2020\/11\/C14-STAR-LIFTER-AIR-TRANSPORT-Supreme-Commander-UEF-Air-Units-T2-200x138.jpg 200w, https:\/\/supcom.standardof.net\/wp-content\/uploads\/sites\/8\/2020\/11\/C14-STAR-LIFTER-AIR-TRANSPORT-Supreme-Commander-UEF-Air-Units-T2-16x12.jpg 16w\" sizes=\"(max-width: 630px) 100vw, 630px\" \/><\/a><figcaption>C14 STAR LIFTER - LUFTTRANSPORT<\/figcaption><\/figure><\/div>\n\n\n\n<section class=\"wp-block-uagb-columns uagb-columns__wrap uagb-columns__background-undefined uagb-columns__stack-mobile uagb-columns__valign-undefined uagb-columns__gap-10 alignundefined uagb-block-be21d7df\"><div class=\"uagb-columns__overlay\"><\/div><div class=\"uagb-columns__inner-wrap uagb-columns__columns-2\">\n<div class=\"wp-block-uagb-column uagb-column__wrap uagb-column__background-undefined uagb-block-195f6658\"><div class=\"uagb-column__overlay\"><\/div><div class=\"uagb-column__inner-wrap\">\n<h3 class=\"wp-block-heading\">C14 Star Lifter Statistik<\/h3>\n\n\n\n<p><strong>R\u00fcstung:<\/strong> 210 PS (Licht)<br><strong>F\u00e4higkeiten:<\/strong> T2-Transport: Bef\u00f6rdert ACUs, T1-T3-Landeinheiten<br><strong>Kosten:<\/strong> M320, E12800, T1600<br><strong>Intel:<\/strong> Sicht: 32 (625 m)<br><strong>Physik<\/strong><br>H\u00f6chstgeschwindigkeit: 18 (352 m \/ s)<br>H\u00f6he: 10 (195 m)<br><strong>Transportklasse:<\/strong> 10<br>Klasse 2 Anhang Gr\u00f6\u00dfe: 2<br>Klasse 3 Anhang Gr\u00f6\u00dfe: 4<br><strong>Veterin\u00e4rwesen:<\/strong> 15, 30, 75, 150, 300 Kills<br><em>* Veteranenstufe 2: +53 PS<br>* Veteranenstufe 4: +53 PS<br>* Veteranenstufe 5: Reparatur von 1 PS \/ s<\/em><\/p>\n<\/div><\/div>\n\n\n\n<div class=\"wp-block-uagb-column uagb-column__wrap uagb-column__background-undefined uagb-block-eb025a83\"><div class=\"uagb-column__overlay\"><\/div><div class=\"uagb-column__inner-wrap\">\n<h3 class=\"wp-block-heading\">C14 Star Lifter Waffen<\/h3>\n\n\n\n<p>2x <strong>Hells Fury Riot Gun<\/strong><br><em>(Direktes Feuer)<\/em><br>6,00 dps<br><strong>Reichweite:<\/strong> 22 (430 m)<br><strong>Projektilwaffe:<\/strong> 2 Schaden<br><strong>Feuerrate:<\/strong> 3 (alle 0,33 s)<br><em>* Veteranenstufe 1: +1 Schaden<br>* Veteranenstufe 3: +1 Schaden<\/em><\/p>\n\n\n\n<p>2x <strong>Verkn\u00fcpfte Railgun<\/strong><br><em>(Flugabwehr)<\/em><br>16.00 dps<br><strong>Reichweite:<\/strong> 20 (391 m)<br><strong>Projektilwaffe:<\/strong> 8 Schaden x 2 Projektile = 16 Schaden pro Salve<br><strong>Feuerrate:<\/strong> 1 (alle 1s)<br><em>* Veteranenstufe 1: +2 Schaden<br>* Veteranenstufe 3: +2 Schaden<br><\/em><br><strong>Flugzeugunfall<\/strong><br><em>(Tod)<\/em><br>25 Schaden<br><strong>Bereich:<\/strong> 1 (19,5 m)<\/p>\n<\/div><\/div>\n<\/div><\/section>\n<\/div><\/div>\n<\/div><\/section>\n\n\n\n<p><\/p>","protected":false},"excerpt":{"rendered":"<p>JANUS \u2013 BOMBER The Janus fills a very small niche: using your air superiority to kill ground units when you don&#8217;t yet need T3 strategic bombers. They&#8217;re more powerful than gunships, but their wide arc after firing their napalm means that they&#8217;ll get chewed up by air defense just like T1 bombers. If your opponent [&hellip;]<\/p>","protected":false},"author":1,"featured_media":0,"parent":231,"menu_order":0,"comment_status":"open","ping_status":"closed","template":"","meta":{"_uag_custom_page_level_css":"","site-sidebar-layout":"default","site-content-layout":"default","ast-site-content-layout":"","site-content-style":"default","site-sidebar-style":"default","ast-global-header-display":"","ast-banner-title-visibility":"","ast-main-header-display":"","ast-hfb-above-header-display":"","ast-hfb-below-header-display":"","ast-hfb-mobile-header-display":"","site-post-title":"","ast-breadcrumbs-content":"","ast-featured-img":"","footer-sml-layout":"","theme-transparent-header-meta":"default","adv-header-id-meta":"","stick-header-meta":"","header-above-stick-meta":"","header-main-stick-meta":"","header-below-stick-meta":"","astra-migrate-meta-layouts":"default","ast-page-background-enabled":"default","ast-page-background-meta":{"desktop":{"background-color":"","background-image":"","background-repeat":"repeat","background-position":"center center","background-size":"auto","background-attachment":"scroll","background-type":"","background-media":"","overlay-type":"","overlay-color":"","overlay-gradient":""},"tablet":{"background-color":"","background-image":"","background-repeat":"repeat","background-position":"center center","background-size":"auto","background-attachment":"scroll","background-type":"","background-media":"","overlay-type":"","overlay-color":"","overlay-gradient":""},"mobile":{"background-color":"","background-image":"","background-repeat":"repeat","background-position":"center center","background-size":"auto","background-attachment":"scroll","background-type":"","background-media":"","overlay-type":"","overlay-color":"","overlay-gradient":""}},"ast-content-background-meta":{"desktop":{"background-color":"var(--ast-global-color-5)","background-image":"","background-repeat":"repeat","background-position":"center center","background-size":"auto","background-attachment":"scroll","background-type":"","background-media":"","overlay-type":"","overlay-color":"","overlay-gradient":""},"tablet":{"background-color":"var(--ast-global-color-5)","background-image":"","background-repeat":"repeat","background-position":"center center","background-size":"auto","background-attachment":"scroll","background-type":"","background-media":"","overlay-type":"","overlay-color":"","overlay-gradient":""},"mobile":{"background-color":"var(--ast-global-color-5)","background-image":"","background-repeat":"repeat","background-position":"center center","background-size":"auto","background-attachment":"scroll","background-type":"","background-media":"","overlay-type":"","overlay-color":"","overlay-gradient":""}},"footnotes":""},"uagb_featured_image_src":{"full":false,"thumbnail":false,"medium":false,"medium_large":false,"large":false,"1536x1536":false,"2048x2048":false,"trp-custom-language-flag":false},"uagb_author_info":{"display_name":"SOE","author_link":"https:\/\/supcom.standardof.net\/de\/author\/k-tastic\/"},"uagb_comment_info":0,"uagb_excerpt":"JANUS \u2013 BOMBER The Janus fills a very small niche: using your air superiority to kill ground units when you don&#8217;t yet need T3 strategic bombers. They&#8217;re more powerful than gunships, but their wide arc after firing their napalm means that they&#8217;ll get chewed up by air defense just like T1 bombers. If your opponent&hellip;","_links":{"self":[{"href":"https:\/\/supcom.standardof.net\/de\/wp-json\/wp\/v2\/pages\/361"}],"collection":[{"href":"https:\/\/supcom.standardof.net\/de\/wp-json\/wp\/v2\/pages"}],"about":[{"href":"https:\/\/supcom.standardof.net\/de\/wp-json\/wp\/v2\/types\/page"}],"author":[{"embeddable":true,"href":"https:\/\/supcom.standardof.net\/de\/wp-json\/wp\/v2\/users\/1"}],"replies":[{"embeddable":true,"href":"https:\/\/supcom.standardof.net\/de\/wp-json\/wp\/v2\/comments?post=361"}],"version-history":[{"count":0,"href":"https:\/\/supcom.standardof.net\/de\/wp-json\/wp\/v2\/pages\/361\/revisions"}],"up":[{"embeddable":true,"href":"https:\/\/supcom.standardof.net\/de\/wp-json\/wp\/v2\/pages\/231"}],"wp:attachment":[{"href":"https:\/\/supcom.standardof.net\/de\/wp-json\/wp\/v2\/media?parent=361"}],"curies":[{"name":"wp","href":"https:\/\/api.w.org\/{rel}","templated":true}]}}