{"id":369,"date":"2020-11-01T13:42:58","date_gmt":"2020-11-01T18:42:58","guid":{"rendered":"https:\/\/supcom.standardof.net\/?page_id=369"},"modified":"2020-11-03T23:06:44","modified_gmt":"2020-11-04T04:06:44","slug":"tech-3-uef-air-units","status":"publish","type":"page","link":"https:\/\/supcom.standardof.net\/de\/supreme-commander\/uef\/tech-3-uef-air-einheiten\/","title":{"rendered":"Tech 3 - UEF-Lufteinheiten"},"content":{"rendered":"<div class=\"wp-block-uagb-table-of-contents uagb-toc__align-left uagb-toc__columns-1  uagb-block-15adfd84\"\n\t\t\t\t\tdata-scroll= \"1\"\n\t\t\t\t\tdata-offset= \"30\"\n\t\t\t\t\tstyle=\"\"\n\t\t\t\t>\n\t\t\t\t<div class=\"uagb-toc__wrap\">\n\t\t\t\t\t\t<div class=\"uagb-toc__title\">\n\t\t\t\t\t\t\tUEF Tech 3 Air Units:\t\t\t\t\t\t<\/div>\n\t\t\t\t\t\t\t\t\t\t\t\t\t\t\t\t<div class=\"uagb-toc__list-wrap\">\n\t\t\t\t\t\t<ol class=\"uagb-toc__list\"><li class=\"uagb-toc__list\"><a href=\"#sr90-blackbird-spy-plane\" class=\"uagb-toc-link__trigger\">SR90 BLACKBIRD - SPY FLUGZEUG<\/a><li class=\"uagb-toc__list\"><a href=\"#wasp-air-superiority-fighter\" class=\"uagb-toc-link__trigger\">WASP - AIR SUPERIORITY FIGHTER<\/a><li class=\"uagb-toc__list\"><a href=\"#ambassador-strategic-bomber\" class=\"uagb-toc-link__trigger\">BOTSCHAFTER - STRATEGISCHE BOMBER<\/a><li class=\"uagb-toc__list\"><a href=\"#broadsword-heavy-gunship\" class=\"uagb-toc-link__trigger\">BREITWORT - SCHWERE GUNSHIP<\/a><\/ol>\t\t\t\t\t<\/div>\n\t\t\t\t\t\t\t\t\t<\/div>\n\t\t\t\t<\/div>\n\t\t\t\n\n\n<section class=\"wp-block-uagb-columns uagb-columns__wrap uagb-columns__background-undefined uagb-columns__stack-mobile uagb-columns__valign-undefined uagb-columns__gap-10 alignundefined uagb-block-000d1369\"><div class=\"uagb-columns__overlay\"><\/div><div class=\"uagb-columns__inner-wrap uagb-columns__columns-1\">\n<div class=\"wp-block-uagb-column uagb-column__wrap uagb-column__background-undefined uagb-block-9d9abfd9\"><div class=\"uagb-column__overlay\"><\/div><div class=\"uagb-column__inner-wrap\">\n<h2 class=\"wp-block-heading\"><strong>SR90 BLACKBIRD<\/strong> - Spionageflugzeug<\/h2>\n\n\n\n<p><a href=\"https:\/\/www.standardof.net\/wp-content\/uploads\/2011\/10\/SupremeCommander-2011-10-15-15-02-28-03.png\" class=\"rank-math-link\" target=\"_blank\" rel=\"noopener\"><\/a>Der Bau des Spionageflugzeugs dauert eine Weile, ist aber immer noch sehr kosteng\u00fcnstig. Sie brauchen wirklich nur ein Spionageflugzeug, da Sie mit seiner Sichtweite die R\u00e4nder der feindlichen Basis sehen k\u00f6nnen, ohne abgeschossen zu werden. Sofern sie keine T3-Luftverteidigung haben, sollten Sie in der Lage sein, den gesamten Weg durch die feindliche Basis zu schaffen, bevor sie Sie einholen. Auf Patrouille h\u00e4tte ich lieber Abfangj\u00e4ger, aber um Sie einfach auf dem Laufenden zu halten, ist ein Spionageflugzeug kosteng\u00fcnstiger, als Ihre Abfangj\u00e4ger auf eine Todesmission zu schicken.<\/p>\n\n\n\n<div class=\"wp-block-image\"><figure class=\"aligncenter size-large\"><a href=\"https:\/\/supcom.standardof.net\/de\/supreme-commander\/uef\/tech-3-uef-air-einheiten\/sr90-blackbird-spy-plane-supreme-commander-uef-air-units-t3\/\"><img decoding=\"async\" width=\"528\" height=\"396\" src=\"https:\/\/supcom.standardof.net\/wp-content\/uploads\/sites\/8\/2020\/11\/SR90-BLACKBIRD-SPY-PLANE-Supreme-Commander-UEF-Air-Units-T3.jpg\" alt=\"Das SR90 Blackbird Spy Plane, UEF Tech 3-Lufteinheit im Supreme Commander.\" class=\"wp-image-374\" srcset=\"https:\/\/supcom.standardof.net\/wp-content\/uploads\/sites\/8\/2020\/11\/SR90-BLACKBIRD-SPY-PLANE-Supreme-Commander-UEF-Air-Units-T3.jpg 528w, https:\/\/supcom.standardof.net\/wp-content\/uploads\/sites\/8\/2020\/11\/SR90-BLACKBIRD-SPY-PLANE-Supreme-Commander-UEF-Air-Units-T3-512x384.jpg 512w, https:\/\/supcom.standardof.net\/wp-content\/uploads\/sites\/8\/2020\/11\/SR90-BLACKBIRD-SPY-PLANE-Supreme-Commander-UEF-Air-Units-T3-200x150.jpg 200w, https:\/\/supcom.standardof.net\/wp-content\/uploads\/sites\/8\/2020\/11\/SR90-BLACKBIRD-SPY-PLANE-Supreme-Commander-UEF-Air-Units-T3-16x12.jpg 16w\" sizes=\"(max-width: 528px) 100vw, 528px\" \/><\/a><figcaption>SR90 BLACKBIRD - SPY FLUGZEUG<\/figcaption><\/figure><\/div>\n\n\n\n<section class=\"wp-block-uagb-columns uagb-columns__wrap uagb-columns__background-undefined uagb-columns__stack-mobile uagb-columns__valign-undefined uagb-columns__gap-10 alignundefined uagb-block-644edc08\"><div class=\"uagb-columns__overlay\"><\/div><div class=\"uagb-columns__inner-wrap uagb-columns__columns-2\">\n<div class=\"wp-block-uagb-column uagb-column__wrap uagb-column__background-undefined uagb-block-31c36f02\"><div class=\"uagb-column__overlay\"><\/div><div class=\"uagb-column__inner-wrap\">\n<h3 class=\"wp-block-heading\">SR90 Blackbird Stats<\/h3>\n\n\n\n<p><strong>R\u00fcstung:<\/strong> 30 PS (Licht)<br><strong>F\u00e4higkeiten:<\/strong> Radar<br><strong>Kosten:<\/strong> M56, E2240, T420<br><strong>Intel:<\/strong> Sicht: 96 (1,88 km)<br>Radar: 96 (1,88 km)<br>omni: 30 (586 m)<br><strong>Physik<\/strong><br>H\u00f6chstgeschwindigkeit: 21 (410 m \/ s)<br>H\u00f6he: 25 (488 m)<br><strong>Transportklasse:<\/strong> 3<br><em>* Veteranenstufe 2: +8 PS<br>* Veteranenlevel 4: +8 PS<br>* Veteranenstufe 5: Reparatur von 1 PS \/ s<\/em><\/p>\n<\/div><\/div>\n\n\n\n<div class=\"wp-block-uagb-column uagb-column__wrap uagb-column__background-undefined uagb-block-d5c752a2\"><div class=\"uagb-column__overlay\"><\/div><div class=\"uagb-column__inner-wrap\">\n<h3 class=\"wp-block-heading\">SR90 Amselwaffen<\/h3>\n\n\n\n<p><strong>Flugzeugunfall<\/strong><br><em>(Tod)<\/em><br>100 Schaden<br><strong>Bereich:<\/strong> 1 (19,5 m)<\/p>\n<\/div><\/div>\n<\/div><\/section>\n<\/div><\/div>\n<\/div><\/section>\n\n\n\n<section class=\"wp-block-uagb-columns uagb-columns__wrap uagb-columns__background-undefined uagb-columns__stack-mobile uagb-columns__valign-undefined uagb-columns__gap-10 alignundefined uagb-block-e4ac00c1\"><div class=\"uagb-columns__overlay\"><\/div><div class=\"uagb-columns__inner-wrap uagb-columns__columns-1\">\n<div class=\"wp-block-uagb-column uagb-column__wrap uagb-column__background-undefined uagb-block-9aedbfb3\"><div class=\"uagb-column__overlay\"><\/div><div class=\"uagb-column__inner-wrap\">\n<h2 class=\"wp-block-heading\"><strong>WESPE <\/strong>- LUFT\u00dcBERWACHUNGSK\u00c4MPFER<\/h2>\n\n\n\n<p><a href=\"https:\/\/www.standardof.net\/wp-content\/uploads\/2011\/10\/SupremeCommander-2011-10-15-15-02-13-87.png\" class=\"rank-math-link\" target=\"_blank\" rel=\"noopener\"><\/a>Die Wespe ist eine sehr teure Luftabwehreinheit, daher sollten Sie sie nur bauen, wenn Sie glauben, dass Sie regelm\u00e4\u00dfig feindliche Lufteinheiten t\u00f6ten m\u00fcssen. Sie fliegen so schnell, dass sie keinen angemessenen Schutz f\u00fcr einen Bombenangriff bieten, aber sie k\u00f6nnen hereinkommen und die feindliche Abfangtruppe \u00fcberfallen, und sie sind der beste Weg, um mit experimentellen Lufteinheiten umzugehen.<\/p>\n\n\n\n<div class=\"wp-block-image\"><figure class=\"aligncenter size-large\"><a href=\"https:\/\/supcom.standardof.net\/de\/supreme-commander\/uef\/tech-3-uef-air-einheiten\/wasp-air-superiority-fighter-supreme-commander-uef-air-units-t3\/\"><img decoding=\"async\" width=\"489\" height=\"345\" src=\"https:\/\/supcom.standardof.net\/wp-content\/uploads\/sites\/8\/2020\/11\/WASP-AIR-SUPERIORITY-FIGHTER-Supreme-Commander-UEF-Air-Units-T3.jpg\" alt=\"Der Wasp Air Superiority Fighter, UEF Tech 3-Lufteinheit im Supreme Commander.\" class=\"wp-image-371\" srcset=\"https:\/\/supcom.standardof.net\/wp-content\/uploads\/sites\/8\/2020\/11\/WASP-AIR-SUPERIORITY-FIGHTER-Supreme-Commander-UEF-Air-Units-T3.jpg 489w, https:\/\/supcom.standardof.net\/wp-content\/uploads\/sites\/8\/2020\/11\/WASP-AIR-SUPERIORITY-FIGHTER-Supreme-Commander-UEF-Air-Units-T3-200x141.jpg 200w, https:\/\/supcom.standardof.net\/wp-content\/uploads\/sites\/8\/2020\/11\/WASP-AIR-SUPERIORITY-FIGHTER-Supreme-Commander-UEF-Air-Units-T3-16x12.jpg 16w\" sizes=\"(max-width: 489px) 100vw, 489px\" \/><\/a><figcaption>WASP - AIR SUPERIORITY FIGHTER<\/figcaption><\/figure><\/div>\n\n\n\n<section class=\"wp-block-uagb-columns uagb-columns__wrap uagb-columns__background-undefined uagb-columns__stack-mobile uagb-columns__valign-undefined uagb-columns__gap-10 alignundefined uagb-block-73f10c69\"><div class=\"uagb-columns__overlay\"><\/div><div class=\"uagb-columns__inner-wrap uagb-columns__columns-2\">\n<div class=\"wp-block-uagb-column uagb-column__wrap uagb-column__background-undefined uagb-block-43d953d5\"><div class=\"uagb-column__overlay\"><\/div><div class=\"uagb-column__inner-wrap\">\n<h3 class=\"wp-block-heading\">Wespenstatistik<\/h3>\n\n\n\n<p><strong>R\u00fcstung:<\/strong> 250 PS (leicht)<br><strong>Kosten:<\/strong> M360, E24000, T3600<br><strong>Intel:<\/strong> Sicht: 32 (625 m)<br><strong>Physik<\/strong><br>H\u00f6chstgeschwindigkeit: 25 (488 m \/ s),<br>H\u00f6he: 20 (391 m),<br>Eingriffsentfernung: 50 (977 m)<br><strong>Transportklasse:<\/strong> 3<br><strong>Veterin\u00e4rwesen:<\/strong> 5, 10, 25, 50, 100 Kills<br><em>* Veteranenstufe 2: +63 PS,<br>* Veteranenstufe 4: +63 PS,<br>* Veteranenstufe 5: Reparatur von 1 PS \/ s<\/em><\/p>\n<\/div><\/div>\n\n\n\n<div class=\"wp-block-uagb-column uagb-column__wrap uagb-column__background-undefined uagb-block-df4ab5d0\"><div class=\"uagb-column__overlay\"><\/div><div class=\"uagb-column__inner-wrap\">\n<h3 class=\"wp-block-heading\">Wespenwaffen<\/h3>\n\n\n\n<p>2x <strong>Ginsu-Impulsstrahl<\/strong><br><em>(Flugabwehr)<\/em><br>40,00 dps,<br><strong>Bereich:<\/strong> 1 (19,5 m)<br><strong>Reichweite:<\/strong> 24 (469 m)<br><strong>Projektilwaffe:<\/strong> 40 Schaden<br><strong>Feuerrate:<\/strong> 1 (alle 1s)<br><em>* Veteranenstufe 1: +10 Schaden<br>* Veteranenstufe 3: +10 Schaden<\/em><\/p>\n\n\n\n<p><strong>Flugzeugunfall<br><\/strong><em>(Tod)<\/em><br>200 Schaden<br><strong>Bereich:<\/strong> 1 (19,5 m)<\/p>\n<\/div><\/div>\n<\/div><\/section>\n<\/div><\/div>\n<\/div><\/section>\n\n\n\n<section class=\"wp-block-uagb-columns uagb-columns__wrap uagb-columns__background-undefined uagb-columns__stack-mobile uagb-columns__valign-undefined uagb-columns__gap-10 alignundefined uagb-block-b503a93c\"><div class=\"uagb-columns__overlay\"><\/div><div class=\"uagb-columns__inner-wrap uagb-columns__columns-1\">\n<div class=\"wp-block-uagb-column uagb-column__wrap uagb-column__background-undefined uagb-block-a3916b69\"><div class=\"uagb-column__overlay\"><\/div><div class=\"uagb-column__inner-wrap\">\n<h2 class=\"wp-block-heading\"><strong>BOTSCHAFTER <\/strong>- STRATEGISCHE BOMBER<\/h2>\n\n\n\n<p><a href=\"https:\/\/www.standardof.net\/wp-content\/uploads\/2011\/10\/SupremeCommander-2011-10-15-15-02-41-13.png\" class=\"rank-math-link\" target=\"_blank\" rel=\"noopener\"><\/a>Strategische Bomber bauen so langsam, dass sie eine gro\u00dfe Gruppe von Ingenieuren ben\u00f6tigen. Das Wort \u201estrategisch\u201c sollte dort nicht leicht genommen werden: Sie k\u00f6nnen tats\u00e4chlich Abfangj\u00e4ger mit ihren Luftabwehrkanonen t\u00f6ten, sie fliegen hoch genug, dass es eine Weile dauert, bis eine SAM-Stelle sie t\u00f6tet, und nat\u00fcrlich ist ihre Bombe furchterregend. Diese Dinge werden an feindliche Landstreitkr\u00e4fte verschwendet, da sie aufgrund ihrer Ungenauigkeit genauso wahrscheinlich sind, Ihre Jungs auszuschalten wie ihre; Lagern Sie sie stattdessen zusammen mit einer enormen Kraft anderer Flugzeuge, um die feindliche Luftverteidigung abzulenken, und verwenden Sie sie f\u00fcr einen chirurgischen Angriff auf eine ACU, ein Artilleriegesch\u00fctz oder eine Nuklearraketenabwehr.<\/p>\n\n\n\n<div class=\"wp-block-image\"><figure class=\"aligncenter size-large\"><a href=\"https:\/\/supcom.standardof.net\/de\/supreme-commander\/uef\/tech-3-uef-air-einheiten\/ambassador-strategic-bomber-supreme-commander-uef-air-units-t3\/\"><img decoding=\"async\" width=\"612\" height=\"399\" src=\"https:\/\/supcom.standardof.net\/wp-content\/uploads\/sites\/8\/2020\/11\/AMBASSADOR-STRATEGIC-BOMBER-Supreme-Commander-UEF-Air-Units-T3.jpg\" alt=\"Der Ambassador Strategic Bomber, UEF Tech 3-Lufteinheit im Supreme Commander.\" class=\"wp-image-372\" srcset=\"https:\/\/supcom.standardof.net\/wp-content\/uploads\/sites\/8\/2020\/11\/AMBASSADOR-STRATEGIC-BOMBER-Supreme-Commander-UEF-Air-Units-T3.jpg 612w, https:\/\/supcom.standardof.net\/wp-content\/uploads\/sites\/8\/2020\/11\/AMBASSADOR-STRATEGIC-BOMBER-Supreme-Commander-UEF-Air-Units-T3-512x334.jpg 512w, https:\/\/supcom.standardof.net\/wp-content\/uploads\/sites\/8\/2020\/11\/AMBASSADOR-STRATEGIC-BOMBER-Supreme-Commander-UEF-Air-Units-T3-200x130.jpg 200w, https:\/\/supcom.standardof.net\/wp-content\/uploads\/sites\/8\/2020\/11\/AMBASSADOR-STRATEGIC-BOMBER-Supreme-Commander-UEF-Air-Units-T3-16x10.jpg 16w\" sizes=\"(max-width: 612px) 100vw, 612px\" \/><\/a><figcaption>AMBASSADOR - STRATEGISCHE BOMBER<\/figcaption><\/figure><\/div>\n\n\n\n<section class=\"wp-block-uagb-columns uagb-columns__wrap uagb-columns__background-undefined uagb-columns__stack-mobile uagb-columns__valign-undefined uagb-columns__gap-10 alignundefined uagb-block-5d4f54c0\"><div class=\"uagb-columns__overlay\"><\/div><div class=\"uagb-columns__inner-wrap uagb-columns__columns-2\">\n<div class=\"wp-block-uagb-column uagb-column__wrap uagb-column__background-undefined uagb-block-56a1084a\"><div class=\"uagb-column__overlay\"><\/div><div class=\"uagb-column__inner-wrap\">\n<h3 class=\"wp-block-heading\">Ambassador Stats<\/h3>\n\n\n\n<p><strong>R\u00fcstung:<\/strong> 150 PS (Licht)<br><strong>F\u00e4higkeiten:<\/strong> Flugabwehr<br><strong>Kosten:<\/strong> M2160, E72000, T7200<br><strong>Intel:<\/strong> Sicht: 32 (625 m)<br><strong>Physik:<\/strong><br>H\u00f6chstgeschwindigkeit: 15 (293 m \/ s)<br>H\u00f6he: 25 (488 m)<br>Eingriffsentfernung: 50 (977 m)<br><strong>Transportklasse:<\/strong> 3<br><strong>Veterin\u00e4rwesen:<\/strong> 30, 60, 150, 300, 600 Kills<br><em>* Veteranenstufe 2: +38 PS<br>* Veteranenstufe 4: +38 PS<br>* Veteranenstufe 5: Reparatur von 1 PS \/ s<\/em><\/p>\n<\/div><\/div>\n\n\n\n<div class=\"wp-block-uagb-column uagb-column__wrap uagb-column__background-undefined uagb-block-437a8368\"><div class=\"uagb-column__overlay\"><\/div><div class=\"uagb-column__inner-wrap\">\n<h3 class=\"wp-block-heading\">Botschafterwaffen<\/h3>\n\n\n\n<p><strong>Atombombe mit kleiner Ausbeute<\/strong><br><em>(Bombe)<\/em><br>1300,00 dps,<br><strong>Bereich:<\/strong> 4,5 (87,9 m)<br><strong>Reichweite:<\/strong> 5 (97,7 m)<br><strong>Projektilwaffe:<\/strong> 6500 Schaden<br><strong>Feuerrate:<\/strong> 0,2 (alle 5 s)<br><strong>Schuss Zuf\u00e4lligkeit:<\/strong> 3<br><em>* Veteranenstufe 1: +1625 Schaden<br>* Veteranenstufe 3: +1625 Schaden<\/em><\/p>\n\n\n\n<p><strong>Verkn\u00fcpfte Railgun<br><\/strong><em>(Flugabwehr)<br><\/em>&nbsp;&nbsp;&nbsp;&nbsp; 120,00 dps<br><strong>Reichweite:<\/strong> 44 (859 m)<br><strong>Projektilwaffe:<\/strong> 20 Schaden x 2 Projektile = 40 Schaden pro Salve<br><strong>Feuerrate:<\/strong> 3 (alle 0,33 s)<\/p>\n\n\n\n<p><strong>Flugzeugunfall<\/strong><br><em>(Tod)<br><\/em>&nbsp;&nbsp;&nbsp;&nbsp; 500 Schaden<br><strong>Bereich:<\/strong> 1 (19,5 m)<\/p>\n<\/div><\/div>\n<\/div><\/section>\n<\/div><\/div>\n<\/div><\/section>\n\n\n\n<section class=\"wp-block-uagb-columns uagb-columns__wrap uagb-columns__background-undefined uagb-columns__stack-mobile uagb-columns__valign-undefined uagb-columns__gap-10 alignundefined uagb-block-8ff6c23d\"><div class=\"uagb-columns__overlay\"><\/div><div class=\"uagb-columns__inner-wrap uagb-columns__columns-1\">\n<div class=\"wp-block-uagb-column uagb-column__wrap uagb-column__background-undefined uagb-block-bf2c4717\"><div class=\"uagb-column__overlay\"><\/div><div class=\"uagb-column__inner-wrap\">\n<h2 class=\"wp-block-heading\"><strong>BREITWORT <\/strong>- SCHWERE GEWEHR<\/h2>\n\n\n\n<p><a href=\"https:\/\/www.standardof.net\/wp-content\/uploads\/2011\/10\/SupremeCommander-2011-10-15-15-02-58-40.png\" class=\"rank-math-link\" target=\"_blank\" rel=\"noopener\"><\/a>Die einzigartige Einheit der UEF, die Haupttugend des Heavy Gunship, ist seine schwere Panzerung. Es ist ein Kanonenschiff, daher ist es anf\u00e4llig f\u00fcr Angriffe anderer Kanonenschiffe sowie f\u00fcr T2-Flak-Luftabwehr, aber die schiere Menge an Feuerkraft, die es austeilen kann, macht es zu einer beeindruckenden Waffe. Ein schwerer Kanonenschlag kann eine angreifende Bodentruppe zum Fr\u00fchst\u00fcck auffressen und sich dann in eine Air Staging-Einrichtung zur\u00fcckziehen, w\u00e4hrend die feindlichen K\u00e4mpfer gegen Ihre Luftverteidigungsmauer rennen.<\/p>\n\n\n\n<div class=\"wp-block-image\"><figure class=\"aligncenter size-large\"><a href=\"https:\/\/supcom.standardof.net\/de\/supreme-commander\/uef\/tech-3-uef-air-einheiten\/broadsword-heavy-gunship-supreme-commander-uef-air-units-t3\/\"><img decoding=\"async\" width=\"453\" height=\"381\" src=\"https:\/\/supcom.standardof.net\/wp-content\/uploads\/sites\/8\/2020\/11\/BROADSWORD-HEAVY-GUNSHIP-Supreme-Commander-UEF-Air-Units-T3.jpg\" alt=\"Das Broadsword Heavy Gunship, UEF Tech 3-Lufteinheit im Supreme Commander.\" class=\"wp-image-373\" srcset=\"https:\/\/supcom.standardof.net\/wp-content\/uploads\/sites\/8\/2020\/11\/BROADSWORD-HEAVY-GUNSHIP-Supreme-Commander-UEF-Air-Units-T3.jpg 453w, https:\/\/supcom.standardof.net\/wp-content\/uploads\/sites\/8\/2020\/11\/BROADSWORD-HEAVY-GUNSHIP-Supreme-Commander-UEF-Air-Units-T3-200x168.jpg 200w, https:\/\/supcom.standardof.net\/wp-content\/uploads\/sites\/8\/2020\/11\/BROADSWORD-HEAVY-GUNSHIP-Supreme-Commander-UEF-Air-Units-T3-14x12.jpg 14w\" sizes=\"(max-width: 453px) 100vw, 453px\" \/><\/a><figcaption>BREITWORT - SCHWERE GUNSHIP<\/figcaption><\/figure><\/div>\n\n\n\n<section class=\"wp-block-uagb-columns uagb-columns__wrap uagb-columns__background-undefined uagb-columns__stack-mobile uagb-columns__valign-undefined uagb-columns__gap-10 alignundefined uagb-block-f217dd58\"><div class=\"uagb-columns__overlay\"><\/div><div class=\"uagb-columns__inner-wrap uagb-columns__columns-2\">\n<div class=\"wp-block-uagb-column uagb-column__wrap uagb-column__background-undefined uagb-block-368076df\"><div class=\"uagb-column__overlay\"><\/div><div class=\"uagb-column__inner-wrap\">\n<h3 class=\"wp-block-heading\">Breitschwert-Statistik<\/h3>\n\n\n\n<p><strong>R\u00fcstung:<\/strong> 475 PS (leicht)<br><strong>F\u00e4higkeiten:<\/strong> Flugabwehr<br><strong>Kosten:<\/strong> M2100, E22500, T4500<br><strong>Intel:<\/strong> Sicht: 32 (625 m)<br><strong>Physik<\/strong><br>H\u00f6chstgeschwindigkeit: 10 (195 m \/ s)<br>Wendegeschwindigkeit: 100<br>H\u00f6he: 10 (195 m)<br><strong>Transportklasse:<\/strong> 3<br><strong>Veterin\u00e4rwesen:<\/strong> 30, 60, 150, 300, 600 Kills<br><em>* Veteranenstufe 2: +119 PS<br>* Veteranenlevel 4: +119 PS<br>* Veteranenstufe 5: Reparatur von 1 PS \/ s<\/em><\/p>\n<\/div><\/div>\n\n\n\n<div class=\"wp-block-uagb-column uagb-column__wrap uagb-column__background-undefined uagb-block-b226e275\"><div class=\"uagb-column__overlay\"><\/div><div class=\"uagb-column__inner-wrap\">\n<h3 class=\"wp-block-heading\">Breitschwertwaffen<\/h3>\n\n\n\n<p><strong>Schwere Plasmakanone<\/strong><br><em>(Direktes Feuer)<\/em><br>242,00 dps<br><strong>Reichweite:<\/strong> 25 (488 m)<br><strong>Projektilwaffe:<\/strong> 110 Schaden<br><strong>Feuerrate:<\/strong> 2,2 (alle 0,45 s)<br><em>* Veteranenstufe 1: +28 Schaden<br>* Veteranenstufe 3: +28 Schaden<\/em><\/p>\n\n\n\n<p><strong>Schwere Plasmakanone<\/strong><br><em>(Direktes Feuer)<br><\/em>&nbsp;&nbsp;&nbsp;&nbsp; 180,40 dps<br><strong>Reichweite:<\/strong> 25 (488 m)<br><strong>Projektilwaffe:<\/strong> 82 Schaden<br><strong>Feuerrate:<\/strong> 2,2 (alle 0,45 s)<\/p>\n\n\n\n<p><strong>Verkn\u00fcpfte Railgun<br><\/strong><em>(Flugabwehr)<\/em><br>28,00 dps,<br><strong>Reichweite:<\/strong> 44 (859 m)<br><strong>Projektilwaffe:<\/strong> 7 Schaden x 2 Projektile = 14 Schaden pro Salve<br><strong>Feuerrate:<\/strong> 2 (alle 0,5 s)<\/p>\n\n\n\n<p><strong>Flugzeugunfall<\/strong><br><em>(Tod)<\/em><br>300 Schaden<br><strong>Bereich:<\/strong> 1 (19,5 m)<\/p>\n<\/div><\/div>\n<\/div><\/section>\n<\/div><\/div>\n<\/div><\/section>","protected":false},"excerpt":{"rendered":"<p>SR90 BLACKBIRD &#8211; SPY PLANE The Spy Plane takes a while to build, but it&#8217;s still very inexpensive. You&#8217;ll only really need one spy plane, because its sight range allows you to see the edges of the enemy base without being shot down. Unless they have T3 air defenses, you should be able to make [&hellip;]<\/p>","protected":false},"author":1,"featured_media":0,"parent":231,"menu_order":0,"comment_status":"open","ping_status":"closed","template":"","meta":{"_uag_custom_page_level_css":"","site-sidebar-layout":"default","site-content-layout":"default","ast-site-content-layout":"","site-content-style":"default","site-sidebar-style":"default","ast-global-header-display":"","ast-banner-title-visibility":"","ast-main-header-display":"","ast-hfb-above-header-display":"","ast-hfb-below-header-display":"","ast-hfb-mobile-header-display":"","site-post-title":"","ast-breadcrumbs-content":"","ast-featured-img":"","footer-sml-layout":"","theme-transparent-header-meta":"default","adv-header-id-meta":"","stick-header-meta":"","header-above-stick-meta":"","header-main-stick-meta":"","header-below-stick-meta":"","astra-migrate-meta-layouts":"default","ast-page-background-enabled":"default","ast-page-background-meta":{"desktop":{"background-color":"","background-image":"","background-repeat":"repeat","background-position":"center center","background-size":"auto","background-attachment":"scroll","background-type":"","background-media":"","overlay-type":"","overlay-color":"","overlay-gradient":""},"tablet":{"background-color":"","background-image":"","background-repeat":"repeat","background-position":"center center","background-size":"auto","background-attachment":"scroll","background-type":"","background-media":"","overlay-type":"","overlay-color":"","overlay-gradient":""},"mobile":{"background-color":"","background-image":"","background-repeat":"repeat","background-position":"center center","background-size":"auto","background-attachment":"scroll","background-type":"","background-media":"","overlay-type":"","overlay-color":"","overlay-gradient":""}},"ast-content-background-meta":{"desktop":{"background-color":"var(--ast-global-color-5)","background-image":"","background-repeat":"repeat","background-position":"center center","background-size":"auto","background-attachment":"scroll","background-type":"","background-media":"","overlay-type":"","overlay-color":"","overlay-gradient":""},"tablet":{"background-color":"var(--ast-global-color-5)","background-image":"","background-repeat":"repeat","background-position":"center center","background-size":"auto","background-attachment":"scroll","background-type":"","background-media":"","overlay-type":"","overlay-color":"","overlay-gradient":""},"mobile":{"background-color":"var(--ast-global-color-5)","background-image":"","background-repeat":"repeat","background-position":"center center","background-size":"auto","background-attachment":"scroll","background-type":"","background-media":"","overlay-type":"","overlay-color":"","overlay-gradient":""}},"footnotes":""},"uagb_featured_image_src":{"full":false,"thumbnail":false,"medium":false,"medium_large":false,"large":false,"1536x1536":false,"2048x2048":false,"trp-custom-language-flag":false},"uagb_author_info":{"display_name":"SOE","author_link":"https:\/\/supcom.standardof.net\/de\/author\/k-tastic\/"},"uagb_comment_info":0,"uagb_excerpt":"SR90 BLACKBIRD &#8211; SPY PLANE The Spy Plane takes a while to build, but it&#8217;s still very inexpensive. You&#8217;ll only really need one spy plane, because its sight range allows you to see the edges of the enemy base without being shot down. Unless they have T3 air defenses, you should be able to make&hellip;","_links":{"self":[{"href":"https:\/\/supcom.standardof.net\/de\/wp-json\/wp\/v2\/pages\/369"}],"collection":[{"href":"https:\/\/supcom.standardof.net\/de\/wp-json\/wp\/v2\/pages"}],"about":[{"href":"https:\/\/supcom.standardof.net\/de\/wp-json\/wp\/v2\/types\/page"}],"author":[{"embeddable":true,"href":"https:\/\/supcom.standardof.net\/de\/wp-json\/wp\/v2\/users\/1"}],"replies":[{"embeddable":true,"href":"https:\/\/supcom.standardof.net\/de\/wp-json\/wp\/v2\/comments?post=369"}],"version-history":[{"count":0,"href":"https:\/\/supcom.standardof.net\/de\/wp-json\/wp\/v2\/pages\/369\/revisions"}],"up":[{"embeddable":true,"href":"https:\/\/supcom.standardof.net\/de\/wp-json\/wp\/v2\/pages\/231"}],"wp:attachment":[{"href":"https:\/\/supcom.standardof.net\/de\/wp-json\/wp\/v2\/media?parent=369"}],"curies":[{"name":"wp","href":"https:\/\/api.w.org\/{rel}","templated":true}]}}