{"id":387,"date":"2020-11-01T14:07:11","date_gmt":"2020-11-01T19:07:11","guid":{"rendered":"https:\/\/supcom.standardof.net\/?page_id=387"},"modified":"2020-11-03T23:07:53","modified_gmt":"2020-11-04T04:07:53","slug":"tech-1-uef-naval-units","status":"publish","type":"page","link":"https:\/\/supcom.standardof.net\/de\/supreme-commander\/uef\/tech-1-uef-marine-einheiten\/","title":{"rendered":"Tech 1 - UEF Naval Units"},"content":{"rendered":"<div class=\"wp-block-uagb-table-of-contents uagb-toc__align-left uagb-toc__columns-1  uagb-block-56b2f7e6\"\n\t\t\t\t\tdata-scroll= \"1\"\n\t\t\t\t\tdata-offset= \"30\"\n\t\t\t\t\tstyle=\"\"\n\t\t\t\t>\n\t\t\t\t<div class=\"uagb-toc__wrap\">\n\t\t\t\t\t\t<div class=\"uagb-toc__title\">\n\t\t\t\t\t\t\tUEF Tech 1 Marineeinheiten:\t\t\t\t\t\t<\/div>\n\t\t\t\t\t\t\t\t\t\t\t\t\t\t\t\t<div class=\"uagb-toc__list-wrap\">\n\t\t\t\t\t\t<ol class=\"uagb-toc__list\"><li class=\"uagb-toc__list\"><a href=\"#tigershark-attack-submarine\" class=\"uagb-toc-link__trigger\">TIGERSHARK - U-Boot angreifen<\/a><li class=\"uagb-toc__list\"><a href=\"#thunderhead-class-frigate\" class=\"uagb-toc-link__trigger\">THUNDERHEAD CLASS FRIGATE<\/a><\/ol>\t\t\t\t\t<\/div>\n\t\t\t\t\t\t\t\t\t<\/div>\n\t\t\t\t<\/div>\n\t\t\t\n\n\n<section class=\"wp-block-uagb-columns uagb-columns__wrap uagb-columns__background-undefined uagb-columns__stack-mobile uagb-columns__valign-undefined uagb-columns__gap-10 alignundefined uagb-block-21ae726d\"><div class=\"uagb-columns__overlay\"><\/div><div class=\"uagb-columns__inner-wrap uagb-columns__columns-1\">\n<div class=\"wp-block-uagb-column uagb-column__wrap uagb-column__background-undefined uagb-block-ca1131e8\"><div class=\"uagb-column__overlay\"><\/div><div class=\"uagb-column__inner-wrap\">\n<h2 class=\"wp-block-heading\"><strong>TIGERSHARK <\/strong>- U-Boot angreifen<\/h2>\n\n\n\n<p><a href=\"https:\/\/www.standardof.net\/wp-content\/uploads\/2011\/10\/Attack-Submarine-Tigershark.jpg\" class=\"rank-math-link\" target=\"_blank\" rel=\"noopener\"><\/a>Obwohl das UEF-U-Boot gegen\u00fcber dem Aeon-U-Boot leicht \u00fcbertroffen ist, hat es einen einl\u00f6senden Faktor: Sie k\u00f6nnen es an die Oberfl\u00e4che bringen (durch Dr\u00fccken von \u201eDive\u201c oder \u201eD\u201c) und es f\u00fcgt seinen Decklaser zur Gleichung hinzu. Dies ist normalerweise eine spektakul\u00e4r schlechte Idee, da Sie dadurch anf\u00e4llig f\u00fcr Landfeuer werden und den R\u00fcstungsvorteil der UEF opfern, aber es kann schwebende Ingenieure t\u00f6ten, wenn es n\u00f6tig ist, was sehr sch\u00f6n ist.<\/p>\n\n\n\n<div class=\"wp-block-image\"><figure class=\"aligncenter size-large\"><a href=\"https:\/\/supcom.standardof.net\/de\/supreme-commander\/uef\/tech-1-uef-marine-einheiten\/attack-submarine-tigershark-supreme-commander-uef-navy-units-t1\/\"><img decoding=\"async\" width=\"580\" height=\"384\" src=\"https:\/\/supcom.standardof.net\/wp-content\/uploads\/sites\/8\/2020\/11\/Attack-Submarine-Tigershark-Supreme-Commander-UEF-Navy-Units-T1.jpg\" alt=\"Das Tigershark Attack Submarine, UEF Tech 1 Marineeinheit im Supreme Commander.\" class=\"wp-image-390\" srcset=\"https:\/\/supcom.standardof.net\/wp-content\/uploads\/sites\/8\/2020\/11\/Attack-Submarine-Tigershark-Supreme-Commander-UEF-Navy-Units-T1.jpg 580w, https:\/\/supcom.standardof.net\/wp-content\/uploads\/sites\/8\/2020\/11\/Attack-Submarine-Tigershark-Supreme-Commander-UEF-Navy-Units-T1-512x339.jpg 512w, https:\/\/supcom.standardof.net\/wp-content\/uploads\/sites\/8\/2020\/11\/Attack-Submarine-Tigershark-Supreme-Commander-UEF-Navy-Units-T1-200x132.jpg 200w, https:\/\/supcom.standardof.net\/wp-content\/uploads\/sites\/8\/2020\/11\/Attack-Submarine-Tigershark-Supreme-Commander-UEF-Navy-Units-T1-16x12.jpg 16w\" sizes=\"(max-width: 580px) 100vw, 580px\" \/><\/a><figcaption>TIGERSHARK - U-Boot angreifen<\/figcaption><\/figure><\/div>\n\n\n\n<section class=\"wp-block-uagb-columns uagb-columns__wrap uagb-columns__background-undefined uagb-columns__stack-mobile uagb-columns__valign-undefined uagb-columns__gap-10 alignundefined uagb-block-1d37dfd1\"><div class=\"uagb-columns__overlay\"><\/div><div class=\"uagb-columns__inner-wrap uagb-columns__columns-2\">\n<div class=\"wp-block-uagb-column uagb-column__wrap uagb-column__background-undefined uagb-block-32885194\"><div class=\"uagb-column__overlay\"><\/div><div class=\"uagb-column__inner-wrap\">\n<h3 class=\"wp-block-heading\">Tigerhai-Statistiken<\/h3>\n\n\n\n<p><strong>R\u00fcstung:<\/strong> 1250 PS<br><strong>F\u00e4higkeiten:<\/strong> Tauchboot<br>Sonar<br><strong>Kosten:<\/strong> M600, E2000, T1000<br><strong>Intel:<\/strong> Sicht: 32 (625 m)<br>Sonar: 40 (781 m)<br>Wassersicht: 32 (625 m)<br><strong>Physik<\/strong><br>H\u00f6chstgeschwindigkeit: 4,675 (91,3 m \/ s)<br>Wendegeschwindigkeit: 40<br><strong>Veterin\u00e4rwesen:<\/strong> 5, 10, 25, 50, 100 Kills<br><em>* Veteranenstufe 2: +313 PS<br>* Veteranenstufe 4: +313 PS<br>* Veteranenstufe 5: Reparatur von 3 PS \/ s<\/em><\/p>\n<\/div><\/div>\n\n\n\n<div class=\"wp-block-uagb-column uagb-column__wrap uagb-column__background-undefined uagb-block-32e2669c\"><div class=\"uagb-column__overlay\"><\/div><div class=\"uagb-column__inner-wrap\">\n<h3 class=\"wp-block-heading\">Tigerhai-Waffen<\/h3>\n\n\n\n<p><strong>Angler Torpedo<\/strong><br><em>(Anti Navy)<br><\/em>&nbsp;&nbsp;&nbsp; 93,75 dps<br>Reichweite: 32 (625 m)<br>Projektilwaffe: 375 Schaden<br>Feuerrate: 0,25 (alle 4s)<br><em>* Veteranenstufe 1: +94 Schaden<br>* Veteranenstufe 3: +94 Schaden<\/em><\/p>\n\n\n\n<p><strong>Leichte Plasmakanone<br><\/strong><em>(Direktes Feuer)<\/em><br>24,00 dps<br><strong>Reichweite:<\/strong> 30 (586 m)<br><strong>Projektilwaffe:<\/strong> 24 Schaden<br><strong>Feuerrate:<\/strong> 1 (alle 1s)<br><em>* Veteranenstufe 1: +6 Schaden<br>* Veteranenstufe 3: +6 Schaden<\/em><\/p>\n<\/div><\/div>\n<\/div><\/section>\n<\/div><\/div>\n<\/div><\/section>\n\n\n\n<section class=\"wp-block-uagb-columns uagb-columns__wrap uagb-columns__background-undefined uagb-columns__stack-mobile uagb-columns__valign-undefined uagb-columns__gap-10 alignundefined uagb-block-17e552d9\"><div class=\"uagb-columns__overlay\"><\/div><div class=\"uagb-columns__inner-wrap uagb-columns__columns-1\">\n<div class=\"wp-block-uagb-column uagb-column__wrap uagb-column__background-undefined uagb-block-88848e13\"><div class=\"uagb-column__overlay\"><\/div><div class=\"uagb-column__inner-wrap\">\n<h2 class=\"wp-block-heading\"><strong>THUNDERHEAD <\/strong>KLASSENFREGATE<\/h2>\n\n\n\n<p><a href=\"https:\/\/www.standardof.net\/wp-content\/uploads\/2011\/10\/Frigate-Thunderhead-Class.jpg\" class=\"rank-math-link\" target=\"_blank\" rel=\"noopener\"><\/a>Die UEF-Fregatte ist nicht nur f\u00fcr Angriffe der Marine gedacht (ihre Panzerung erschwert das T\u00f6ten, au\u00dfer mit U-Booten oder gr\u00f6\u00dferen Schiffen), sondern auch f\u00fcr die Intelligenz der Marine. Es verf\u00fcgt \u00fcber Radar und Sonar, und die St\u00f6rung macht es unm\u00f6glich, UEF-Schiffe per Radar anzugreifen. Die Luftabwehr dient nur zur Schau, aber mindestens ein einziger Bomber kann Ihre Schiffe nicht zerst\u00f6ren.<\/p>\n\n\n\n<div class=\"wp-block-image\"><figure class=\"aligncenter size-large\"><a href=\"https:\/\/supcom.standardof.net\/de\/supreme-commander\/uef\/tech-1-uef-marine-einheiten\/frigate-thunderhead-class-supreme-commander-uef-navy-units-t1\/\"><img decoding=\"async\" width=\"600\" height=\"347\" src=\"https:\/\/supcom.standardof.net\/wp-content\/uploads\/sites\/8\/2020\/11\/Frigate-Thunderhead-Class-Supreme-Commander-UEF-Navy-Units-T1.jpg\" alt=\"Die Thunderhead Class Fregatte, UEF Tech 1 Marineeinheit in Supreme Commander.\" class=\"wp-image-389\" srcset=\"https:\/\/supcom.standardof.net\/wp-content\/uploads\/sites\/8\/2020\/11\/Frigate-Thunderhead-Class-Supreme-Commander-UEF-Navy-Units-T1.jpg 600w, https:\/\/supcom.standardof.net\/wp-content\/uploads\/sites\/8\/2020\/11\/Frigate-Thunderhead-Class-Supreme-Commander-UEF-Navy-Units-T1-512x296.jpg 512w, https:\/\/supcom.standardof.net\/wp-content\/uploads\/sites\/8\/2020\/11\/Frigate-Thunderhead-Class-Supreme-Commander-UEF-Navy-Units-T1-200x116.jpg 200w, https:\/\/supcom.standardof.net\/wp-content\/uploads\/sites\/8\/2020\/11\/Frigate-Thunderhead-Class-Supreme-Commander-UEF-Navy-Units-T1-16x9.jpg 16w\" sizes=\"(max-width: 600px) 100vw, 600px\" \/><\/a><figcaption>THUNDERHEAD CLASS FRIGATE<\/figcaption><\/figure><\/div>\n\n\n\n<section class=\"wp-block-uagb-columns uagb-columns__wrap uagb-columns__background-undefined uagb-columns__stack-mobile uagb-columns__valign-undefined uagb-columns__gap-10 alignundefined uagb-block-4aa57f7a\"><div class=\"uagb-columns__overlay\"><\/div><div class=\"uagb-columns__inner-wrap uagb-columns__columns-2\">\n<div class=\"wp-block-uagb-column uagb-column__wrap uagb-column__background-undefined uagb-block-34ea23f9\"><div class=\"uagb-column__overlay\"><\/div><div class=\"uagb-column__inner-wrap\">\n<h3 class=\"wp-block-heading\">Thunderhead Stats<\/h3>\n\n\n\n<p><strong>R\u00fcstung:<\/strong> 2120 PS<br><strong>F\u00e4higkeiten:<\/strong> Radar-St\u00f6rsender<br>Radar<br>Sonar<br><strong>Kosten:<\/strong> M280, E2800, T700<br><strong>Intel:<\/strong> Sicht: 32 (625 m),<br>Radar: 75 (1,46 km)<br>Sonar: 75 (1,46 km)<br>Wassersicht: 24 (469 m)<br><strong>Physik:<\/strong> H\u00f6chstgeschwindigkeit: 6,8 (133 m \/ s)<br>Wendegeschwindigkeit: 30<br><strong>Veterin\u00e4rwesen:<\/strong> 5, 10, 25, 50, 100 Kills<br><em>* Veteranenstufe 2: +188 PS<br>* Veteranenstufe 4: +188 PS<br>* Veteranenstufe 5: Reparatur von 3 PS \/ s<\/em><\/p>\n<\/div><\/div>\n\n\n\n<div class=\"wp-block-uagb-column uagb-column__wrap uagb-column__background-undefined uagb-block-f935860c\"><div class=\"uagb-column__overlay\"><\/div><div class=\"uagb-column__inner-wrap\">\n<h3 class=\"wp-block-heading\">Thunderhead-Waffen<\/h3>\n\n\n\n<p><strong>Gau\u00dfkanone<\/strong><br><em>(Direct Fire Naval)<\/em><br>48,28 dps<br><strong>Bereich:<\/strong> 1 (19,5 m),<br><strong>Reichweite:<\/strong> 28 (547 m)<br><strong>Projektilwaffe:<\/strong> 140 Schaden<br><strong>Feuerrate:<\/strong> 0,34 (alle 2,9 s)<br><em>* Veteranenstufe 1: +35 Schaden<br>* Veteranenstufe 3: +35 Schaden<br><\/em><br><strong>Verkn\u00fcpfte Railgun<br><\/strong><em>(Flugabwehr)<\/em><br>4,00 dps<br><strong>Reichweite:<\/strong> 48 (938 m)<br><strong>Projektilwaffe:<\/strong> 2 Schaden<br><strong>Feuerrate:<\/strong> 2 (alle 0,5 s)<br><em>* Veteranenstufe 1: +1 Schaden<br>* Veteranenstufe 3: +1 Schaden<\/em><\/p>\n<\/div><\/div>\n<\/div><\/section>\n<\/div><\/div>\n<\/div><\/section>\n\n\n\n<p><\/p>","protected":false},"excerpt":{"rendered":"<p>TIGERSHARK &#8211; ATTACK SUBMARINE Although the UEF sub is slightly outmatched against the Aeon sub, it has one redeeming factor: you can order it to surface (by pressing &#8220;Dive&#8221; or &#8220;D&#8221;) and it will add its deck laser to the equation. This is usually a spectacularly bad idea, as it makes you vulnerable to land [&hellip;]<\/p>","protected":false},"author":1,"featured_media":0,"parent":231,"menu_order":0,"comment_status":"open","ping_status":"closed","template":"","meta":{"_uag_custom_page_level_css":"","site-sidebar-layout":"default","site-content-layout":"default","ast-site-content-layout":"","site-content-style":"default","site-sidebar-style":"default","ast-global-header-display":"","ast-banner-title-visibility":"","ast-main-header-display":"","ast-hfb-above-header-display":"","ast-hfb-below-header-display":"","ast-hfb-mobile-header-display":"","site-post-title":"","ast-breadcrumbs-content":"","ast-featured-img":"","footer-sml-layout":"","theme-transparent-header-meta":"default","adv-header-id-meta":"","stick-header-meta":"","header-above-stick-meta":"","header-main-stick-meta":"","header-below-stick-meta":"","astra-migrate-meta-layouts":"default","ast-page-background-enabled":"default","ast-page-background-meta":{"desktop":{"background-color":"","background-image":"","background-repeat":"repeat","background-position":"center center","background-size":"auto","background-attachment":"scroll","background-type":"","background-media":"","overlay-type":"","overlay-color":"","overlay-gradient":""},"tablet":{"background-color":"","background-image":"","background-repeat":"repeat","background-position":"center center","background-size":"auto","background-attachment":"scroll","background-type":"","background-media":"","overlay-type":"","overlay-color":"","overlay-gradient":""},"mobile":{"background-color":"","background-image":"","background-repeat":"repeat","background-position":"center center","background-size":"auto","background-attachment":"scroll","background-type":"","background-media":"","overlay-type":"","overlay-color":"","overlay-gradient":""}},"ast-content-background-meta":{"desktop":{"background-color":"var(--ast-global-color-5)","background-image":"","background-repeat":"repeat","background-position":"center center","background-size":"auto","background-attachment":"scroll","background-type":"","background-media":"","overlay-type":"","overlay-color":"","overlay-gradient":""},"tablet":{"background-color":"var(--ast-global-color-5)","background-image":"","background-repeat":"repeat","background-position":"center center","background-size":"auto","background-attachment":"scroll","background-type":"","background-media":"","overlay-type":"","overlay-color":"","overlay-gradient":""},"mobile":{"background-color":"var(--ast-global-color-5)","background-image":"","background-repeat":"repeat","background-position":"center center","background-size":"auto","background-attachment":"scroll","background-type":"","background-media":"","overlay-type":"","overlay-color":"","overlay-gradient":""}},"footnotes":""},"uagb_featured_image_src":{"full":false,"thumbnail":false,"medium":false,"medium_large":false,"large":false,"1536x1536":false,"2048x2048":false,"trp-custom-language-flag":false},"uagb_author_info":{"display_name":"SOE","author_link":"https:\/\/supcom.standardof.net\/de\/author\/k-tastic\/"},"uagb_comment_info":0,"uagb_excerpt":"TIGERSHARK &#8211; ATTACK SUBMARINE Although the UEF sub is slightly outmatched against the Aeon sub, it has one redeeming factor: you can order it to surface (by pressing &#8220;Dive&#8221; or &#8220;D&#8221;) and it will add its deck laser to the equation. This is usually a spectacularly bad idea, as it makes you vulnerable to land&hellip;","_links":{"self":[{"href":"https:\/\/supcom.standardof.net\/de\/wp-json\/wp\/v2\/pages\/387"}],"collection":[{"href":"https:\/\/supcom.standardof.net\/de\/wp-json\/wp\/v2\/pages"}],"about":[{"href":"https:\/\/supcom.standardof.net\/de\/wp-json\/wp\/v2\/types\/page"}],"author":[{"embeddable":true,"href":"https:\/\/supcom.standardof.net\/de\/wp-json\/wp\/v2\/users\/1"}],"replies":[{"embeddable":true,"href":"https:\/\/supcom.standardof.net\/de\/wp-json\/wp\/v2\/comments?post=387"}],"version-history":[{"count":0,"href":"https:\/\/supcom.standardof.net\/de\/wp-json\/wp\/v2\/pages\/387\/revisions"}],"up":[{"embeddable":true,"href":"https:\/\/supcom.standardof.net\/de\/wp-json\/wp\/v2\/pages\/231"}],"wp:attachment":[{"href":"https:\/\/supcom.standardof.net\/de\/wp-json\/wp\/v2\/media?parent=387"}],"curies":[{"name":"wp","href":"https:\/\/api.w.org\/{rel}","templated":true}]}}