{"id":393,"date":"2020-11-01T14:13:39","date_gmt":"2020-11-01T19:13:39","guid":{"rendered":"https:\/\/supcom.standardof.net\/?page_id=393"},"modified":"2020-11-03T23:08:04","modified_gmt":"2020-11-04T04:08:04","slug":"tech-2-uef-naval-units","status":"publish","type":"page","link":"https:\/\/supcom.standardof.net\/de\/supreme-commander\/uef\/tech-2-uef-marine-einheiten\/","title":{"rendered":"Tech 2 - UEF Naval Units"},"content":{"rendered":"<div class=\"wp-block-uagb-table-of-contents uagb-toc__align-left uagb-toc__columns-1  uagb-block-7c409714\"\n\t\t\t\t\tdata-scroll= \"1\"\n\t\t\t\t\tdata-offset= \"30\"\n\t\t\t\t\tstyle=\"\"\n\t\t\t\t>\n\t\t\t\t<div class=\"uagb-toc__wrap\">\n\t\t\t\t\t\t<div class=\"uagb-toc__title\">\n\t\t\t\t\t\t\tUEF Tech 2 Naval Units:\t\t\t\t\t\t<\/div>\n\t\t\t\t\t\t\t\t\t\t\t\t\t\t\t\t<div class=\"uagb-toc__list-wrap\">\n\t\t\t\t\t\t<ol class=\"uagb-toc__list\"><li class=\"uagb-toc__list\"><a href=\"#governor-class-cruiser\" class=\"uagb-toc-link__trigger\">GOVERNOR CLASS CRUISER<\/a><li class=\"uagb-toc__list\"><a href=\"#valiant-class-destroyer\" class=\"uagb-toc-link__trigger\">VALIANT CLASS DESTROYER<\/a><\/ol>\t\t\t\t\t<\/div>\n\t\t\t\t\t\t\t\t\t<\/div>\n\t\t\t\t<\/div>\n\t\t\t\n\n\n<section class=\"wp-block-uagb-columns uagb-columns__wrap uagb-columns__background-undefined uagb-columns__stack-mobile uagb-columns__valign-undefined uagb-columns__gap-10 alignundefined uagb-block-790cd2b2\"><div class=\"uagb-columns__overlay\"><\/div><div class=\"uagb-columns__inner-wrap uagb-columns__columns-1\">\n<div class=\"wp-block-uagb-column uagb-column__wrap uagb-column__background-undefined uagb-block-c96474af\"><div class=\"uagb-column__overlay\"><\/div><div class=\"uagb-column__inner-wrap\">\n<h2 class=\"wp-block-heading\"><strong>GOUVERNEUR <\/strong>KLASSENKREUZFAHRER<\/h2>\n\n\n\n<p><a href=\"https:\/\/www.standardof.net\/wp-content\/uploads\/2011\/10\/Cruiser-Governor-Class.jpg\" class=\"rank-math-link\" target=\"_blank\" rel=\"noopener\"><\/a>Auf dem Kreuzer strahlt die Philosophie der UEF aus, Brute-Force-Kanonen auf eine schwer gepanzerte Plattform zu werfen. Kreuzer sind keine \u201enur gro\u00dfe Luftabwehrboote\u201c, sondern haben taktische Raketen mit einer Reichweite, die sich einem echten taktischen Raketenwerfer n\u00e4hert. SAM-Raketen, die nicht den Schaden einer echten SAM-Site verursachen, aber genauso gut gegen T1- oder T2-Flugzeuge funktionieren das wird sowieso innerhalb der ersten Salve tot sein, und eine Deckkanone, die einen gewissen Schutz gegen amphibische Einheiten bietet, die sie ebenfalls \u00fcberfallen. Nat\u00fcrlich verf\u00fcgen feindliche Kreuzer auch \u00fcber taktische Raketenabwehrsysteme, sodass Sie Ihre Marschflugk\u00f6rper nicht auf sie einsetzen k\u00f6nnen. Gegen K\u00fcstenziele bietet sich jedoch eine praktikable Option, um sich gegen T2-Artillerie zu wehren.<\/p>\n\n\n\n<div class=\"wp-block-image\"><figure class=\"aligncenter size-large\"><a href=\"https:\/\/supcom.standardof.net\/de\/supreme-commander\/uef\/tech-2-uef-marine-einheiten\/cruiser-governor-class-supreme-commander-uef-navy-units-t2\/\"><img decoding=\"async\" width=\"600\" height=\"427\" src=\"https:\/\/supcom.standardof.net\/wp-content\/uploads\/sites\/8\/2020\/11\/Cruiser-Governor-Class-Supreme-Commander-UEF-Navy-Units-T2.jpg\" alt=\"Der Govenor Class Cruiser, UEF Tech 2 Marineeinheit im Supreme Commander.\" class=\"wp-image-399\" srcset=\"https:\/\/supcom.standardof.net\/wp-content\/uploads\/sites\/8\/2020\/11\/Cruiser-Governor-Class-Supreme-Commander-UEF-Navy-Units-T2.jpg 600w, https:\/\/supcom.standardof.net\/wp-content\/uploads\/sites\/8\/2020\/11\/Cruiser-Governor-Class-Supreme-Commander-UEF-Navy-Units-T2-512x364.jpg 512w, https:\/\/supcom.standardof.net\/wp-content\/uploads\/sites\/8\/2020\/11\/Cruiser-Governor-Class-Supreme-Commander-UEF-Navy-Units-T2-200x142.jpg 200w, https:\/\/supcom.standardof.net\/wp-content\/uploads\/sites\/8\/2020\/11\/Cruiser-Governor-Class-Supreme-Commander-UEF-Navy-Units-T2-16x12.jpg 16w\" sizes=\"(max-width: 600px) 100vw, 600px\" \/><\/a><figcaption>GOVERNOR CLASS CRUISER<\/figcaption><\/figure><\/div>\n\n\n\n<section class=\"wp-block-uagb-columns uagb-columns__wrap uagb-columns__background-undefined uagb-columns__stack-mobile uagb-columns__valign-undefined uagb-columns__gap-10 alignundefined uagb-block-d0286eee\"><div class=\"uagb-columns__overlay\"><\/div><div class=\"uagb-columns__inner-wrap uagb-columns__columns-2\">\n<div class=\"wp-block-uagb-column uagb-column__wrap uagb-column__background-undefined uagb-block-58a33528\"><div class=\"uagb-column__overlay\"><\/div><div class=\"uagb-column__inner-wrap\">\n<h3 class=\"wp-block-heading\">Gouverneursstatistiken<\/h3>\n\n\n\n<p><strong>R\u00fcstung:<\/strong> 3500 PS<br><strong>F\u00e4higkeiten:<\/strong> Taktische Rakete, Raketenabwehr - Taktisch<br><strong>Kosten:<\/strong> M2000, E18000, T4000<br><strong>Intel:<\/strong> Sicht: 60 (1,17 km)<br>&nbsp;&nbsp;&nbsp; Radar: 80 (1,56 km)<br>&nbsp;&nbsp;&nbsp; Sonar: 20 (391 m)<br>&nbsp;&nbsp;&nbsp; Wassersicht: 45 (879 m)<br><strong>Physik:<\/strong><br>&nbsp;&nbsp;&nbsp; H\u00f6chstgeschwindigkeit: 4,25 (83,0 m \/ s)<br>&nbsp;&nbsp;&nbsp; Wendegeschwindigkeit: 20<br><strong>Veterin\u00e4rwesen:<\/strong> 30, 60, 150, 300, 600 Kills<br>* <em>Veteranenlevel 2: +875 PS<br>* Veteranenlevel 4: +875 PS<br>* Veteranenstufe 5: Reparatur von 3 PS \/ s<\/em><\/p>\n<\/div><\/div>\n\n\n\n<div class=\"wp-block-uagb-column uagb-column__wrap uagb-column__background-undefined uagb-block-92245e31\"><div class=\"uagb-column__overlay\"><\/div><div class=\"uagb-column__inner-wrap\">\n<h3 class=\"wp-block-heading\">Gouverneur Waffen<\/h3>\n\n\n\n<p><strong>Gau\u00dfkanone<\/strong><br><em>(Direct Fire Naval)<\/em> 33,33 dps <strong>Bereich:<\/strong> 1 (19,5 m)<br><strong>Reichweite:<\/strong> 64 (1,25 km)<br><strong>Projektilwaffe:<\/strong> 200 Schaden<br><strong>Feuerrate:<\/strong> 0,166667 (alle 6 s)<br><em>* Veteranenstufe 1: +50 Schaden<br>* Veteranenstufe 3: +50 Schaden<\/em><\/p>\n\n\n\n<p><strong>Flayer SAM Launcher<\/strong><br><em>(Flugabwehr)<\/em> 32,00 dps<br><strong>Bereich:<\/strong> 1 (19,5 m)<br><strong>Reichweite:<\/strong> 72 (1,41 km)<br><strong>Projektilwaffe:<\/strong> 16 Schaden x 4 Projektile = 64 Schaden pro Salve<br><strong>Feuerrate:<\/strong> 0,5 (alle 2 s)<br>* <em>Veteranenlevel 1: +4 Schaden<br>* Veteranenstufe 3: +4 Schaden<\/em><\/p>\n\n\n\n<p><strong>Langstrecken-Marschflugk\u00f6rper<\/strong><br><em>(Rakete)<\/em> 75,00 dps<br><strong>Bereich:<\/strong> 3 (58,6 m)<br><strong>Reichweite:<\/strong> 12,5 (244 m) - 100 (1,95 km)<br><strong>Projektilwaffe:<\/strong> 2500 Schaden<br><strong>Feuerrate:<\/strong> 0,03 (alle 33,33 s)<br><em>* Veteranenstufe 1: +625 Schaden<br>* Veteranenstufe 3: +625 Schaden<\/em><\/p>\n\n\n\n<p><strong>Phalanx Anti Missile<\/strong><br><em>(Verteidigung)<\/em> 4,50 dps<br><strong>Reichweite:<\/strong> 32 (625 m)<br><strong>Strahlwaffe:<\/strong> 1 Schaden x 1 Strahl alle 0,25 s f\u00fcr 0,5 s = 3 pro Salve<br><strong>Feuerrate:<\/strong> 3 (alle 0,33 s)<\/p>\n<\/div><\/div>\n<\/div><\/section>\n<\/div><\/div>\n<\/div><\/section>\n\n\n\n<section class=\"wp-block-uagb-columns uagb-columns__wrap uagb-columns__background-undefined uagb-columns__stack-mobile uagb-columns__valign-undefined uagb-columns__gap-10 alignundefined uagb-block-f11fae25\"><div class=\"uagb-columns__overlay\"><\/div><div class=\"uagb-columns__inner-wrap uagb-columns__columns-1\">\n<div class=\"wp-block-uagb-column uagb-column__wrap uagb-column__background-undefined uagb-block-397d2cf3\"><div class=\"uagb-column__overlay\"><\/div><div class=\"uagb-column__inner-wrap\">\n<h2 class=\"wp-block-heading\"><strong>TAPFER <\/strong>KLASSENZERST\u00d6RER<\/h2>\n\n\n\n<p><a href=\"https:\/\/www.standardof.net\/wp-content\/uploads\/2011\/10\/Destroyer-Valiant-Class.jpg\" class=\"rank-math-link\" target=\"_blank\" rel=\"noopener\"><\/a>Der UEF-Zerst\u00f6rer hat eine Reihe zus\u00e4tzlicher Waffen im Einsatz - einen Torpedo und eine Torpedoabwehr f\u00fcr U-Boote, einen sehr schwachen Luftabwehr-Turm, damit Sie sich bei den \u00fcber Ihnen fliegenden Einheiten besser f\u00fchlen -, aber seine Hauptkraft liegt in seinen beiden Kanonen. eine vorne und eine hinten, die es ihm erm\u00f6glichen, feindlichen Schiffen, insbesondere T1-Schiffen, mit gr\u00f6\u00dferer Genauigkeit und gleichwertiger Feuerkraft wie dem Aeon-Zerst\u00f6rer eine Perle zu verleihen, w\u00e4hrend sie dem feindlichen Fernfeuer mit seiner hohen H\u00f6chstgeschwindigkeit dennoch ausweichen. Es ist nicht der beste Zerst\u00f6rer auf See, aber es wird alles andere als gegnerische Zerst\u00f6rer durchbrechen, und es hat eine Chance gegen den langsameren und schw\u00e4cheren Zerst\u00f6rer von Cybran, wenn er sich weiter bewegt. Gut genug f\u00fcr die Regierungsarbeit.<\/p>\n\n\n\n<div class=\"wp-block-image\"><figure class=\"aligncenter size-large\"><a href=\"https:\/\/supcom.standardof.net\/de\/supreme-commander\/uef\/tech-2-uef-marine-einheiten\/destroyer-valiant-class-supreme-commander-uef-navy-units-t2\/\"><img decoding=\"async\" width=\"600\" height=\"347\" src=\"https:\/\/supcom.standardof.net\/wp-content\/uploads\/sites\/8\/2020\/11\/Destroyer-Valiant-Class-Supreme-Commander-UEF-Navy-Units-T2.jpg\" alt=\"Der Zerst\u00f6rer der Valiant-Klasse, UEF Tech 2-Marineeinheit im Oberbefehlshaber.\" class=\"wp-image-400\" srcset=\"https:\/\/supcom.standardof.net\/wp-content\/uploads\/sites\/8\/2020\/11\/Destroyer-Valiant-Class-Supreme-Commander-UEF-Navy-Units-T2.jpg 600w, https:\/\/supcom.standardof.net\/wp-content\/uploads\/sites\/8\/2020\/11\/Destroyer-Valiant-Class-Supreme-Commander-UEF-Navy-Units-T2-512x296.jpg 512w, https:\/\/supcom.standardof.net\/wp-content\/uploads\/sites\/8\/2020\/11\/Destroyer-Valiant-Class-Supreme-Commander-UEF-Navy-Units-T2-200x116.jpg 200w, https:\/\/supcom.standardof.net\/wp-content\/uploads\/sites\/8\/2020\/11\/Destroyer-Valiant-Class-Supreme-Commander-UEF-Navy-Units-T2-16x9.jpg 16w\" sizes=\"(max-width: 600px) 100vw, 600px\" \/><\/a><figcaption>VALIANT CLASS DESTROYER<\/figcaption><\/figure><\/div>\n\n\n\n<section class=\"wp-block-uagb-columns uagb-columns__wrap uagb-columns__background-undefined uagb-columns__stack-mobile uagb-columns__valign-undefined uagb-columns__gap-10 alignundefined uagb-block-52c23fac\"><div class=\"uagb-columns__overlay\"><\/div><div class=\"uagb-columns__inner-wrap uagb-columns__columns-2\">\n<div class=\"wp-block-uagb-column uagb-column__wrap uagb-column__background-undefined uagb-block-f767a8b1\"><div class=\"uagb-column__overlay\"><\/div><div class=\"uagb-column__inner-wrap\">\n<h3 class=\"wp-block-heading\">Tapfere Statistiken<\/h3>\n\n\n\n<p><strong>R\u00fcstung:<\/strong> 7200 PS<br><strong>F\u00e4higkeiten:<\/strong> Torpedo-Verteidigung<br><strong>Kosten:<\/strong> M2250, E15000, T5000<br><strong>Intel:<\/strong> Sicht: 55 (1,07 km)<br>&nbsp;&nbsp;&nbsp; Radar: 60 (1,17 km)<br>&nbsp;&nbsp;&nbsp; Sonar: 40 (781 m)<br>&nbsp;&nbsp;&nbsp; Wassersicht: 42 (820 m)<br><strong>Physik:<br><\/strong>&nbsp;&nbsp;&nbsp; H\u00f6chstgeschwindigkeit: 6 (117 m \/ s)<br>&nbsp;&nbsp;&nbsp; Wendegeschwindigkeit: 25<br><strong>Veterin\u00e4rwesen:<\/strong> 30, 60, 150, 300, 600 Kills<br><em>* Veteranenstufe 2: +1800 PS<br>* Veteranenstufe 4: +1800 PS<br>* Veteranenstufe 5: Reparatur von 3 PS \/ s<\/em><\/p>\n<\/div><\/div>\n\n\n\n<div class=\"wp-block-uagb-column uagb-column__wrap uagb-column__background-undefined uagb-block-b3c38516\"><div class=\"uagb-column__overlay\"><\/div><div class=\"uagb-column__inner-wrap\">\n<h3 class=\"wp-block-heading\">Tapfere Waffen<\/h3>\n\n\n\n<p><strong>2x Gau\u00dfkanone<\/strong><br><em>(Direct Fire Naval)<\/em> 100,00 dps<br><strong>Bereich:<\/strong> 1 (19,5 m)<br><strong>Reichweite:<\/strong> 80 (1,56 km)<br><strong>Projektilwaffe:<\/strong> 300 Schaden x 2 Projektile = 600 Schaden pro Salve<br><strong>Feuerrate:<\/strong> 1\/6 (alle 6s)<br><em>* Veteranenstufe 1: +75 Schaden<br>* Veteranenstufe 3: +75 Schaden<br><\/em><br><strong>Verkn\u00fcpfte Railgun<\/strong><br><em>(Flugabwehr)<\/em> 9.00 dps<br><strong>Reichweite:<\/strong> 66 (1,29 km)<br><strong>Projektilwaffe:<\/strong> 3 Schaden x 2 Projektile = 6 Schaden pro Salve<br><strong>Feuerrate:<\/strong> 1,5 (alle 0,67 s)<br><em>* Veteranenstufe 1: +1 Schaden<br>* Veteranenstufe 3: +1 Schaden<\/em><\/p>\n\n\n\n<p><strong>Angler Torpedo<\/strong><br><em>(Anti Navy)<\/em> 37,50 dps<br><strong>Reichweite:<\/strong> 32 (625 m)<br><strong>Projektilwaffe:<\/strong> 150 Schaden<br><strong>Feuerrate:<\/strong> 0,25 (alle 4 s)<br><em>* Veteranenstufe 1: +38 Schaden<br>* Veteranenstufe 3: +38 Schaden<br><\/em><br><strong>Smart Charge AntiTorpedo<\/strong><br><em>(Verteidigung)<\/em> 0,20 dps<br><strong>Reichweite:<\/strong> 25 (488 m)<br><strong>Projektilwaffe:<\/strong> 1 Schaden<br><strong>Feuerrate:<\/strong> 0,1 (alle 10 s)<\/p>\n<\/div><\/div>\n<\/div><\/section>\n<\/div><\/div>\n<\/div><\/section>","protected":false},"excerpt":{"rendered":"<p>GOVERNOR CLASS CRUISER The cruiser is where the UEF&#8217;s philosophy of throwing brute force guns onto a heavily armored platform shines. Cruisers, far from being &#8220;just big anti-air boats&#8221;, have tactical missiles with range approaching a real tactical missile launcher, SAM missiles that don&#8217;t do the damage of a real SAM site but work just [&hellip;]<\/p>","protected":false},"author":1,"featured_media":0,"parent":231,"menu_order":0,"comment_status":"open","ping_status":"closed","template":"","meta":{"_uag_custom_page_level_css":"","site-sidebar-layout":"default","site-content-layout":"default","ast-site-content-layout":"","site-content-style":"default","site-sidebar-style":"default","ast-global-header-display":"","ast-banner-title-visibility":"","ast-main-header-display":"","ast-hfb-above-header-display":"","ast-hfb-below-header-display":"","ast-hfb-mobile-header-display":"","site-post-title":"","ast-breadcrumbs-content":"","ast-featured-img":"","footer-sml-layout":"","theme-transparent-header-meta":"default","adv-header-id-meta":"","stick-header-meta":"","header-above-stick-meta":"","header-main-stick-meta":"","header-below-stick-meta":"","astra-migrate-meta-layouts":"default","ast-page-background-enabled":"default","ast-page-background-meta":{"desktop":{"background-color":"","background-image":"","background-repeat":"repeat","background-position":"center center","background-size":"auto","background-attachment":"scroll","background-type":"","background-media":"","overlay-type":"","overlay-color":"","overlay-gradient":""},"tablet":{"background-color":"","background-image":"","background-repeat":"repeat","background-position":"center center","background-size":"auto","background-attachment":"scroll","background-type":"","background-media":"","overlay-type":"","overlay-color":"","overlay-gradient":""},"mobile":{"background-color":"","background-image":"","background-repeat":"repeat","background-position":"center center","background-size":"auto","background-attachment":"scroll","background-type":"","background-media":"","overlay-type":"","overlay-color":"","overlay-gradient":""}},"ast-content-background-meta":{"desktop":{"background-color":"var(--ast-global-color-5)","background-image":"","background-repeat":"repeat","background-position":"center center","background-size":"auto","background-attachment":"scroll","background-type":"","background-media":"","overlay-type":"","overlay-color":"","overlay-gradient":""},"tablet":{"background-color":"var(--ast-global-color-5)","background-image":"","background-repeat":"repeat","background-position":"center center","background-size":"auto","background-attachment":"scroll","background-type":"","background-media":"","overlay-type":"","overlay-color":"","overlay-gradient":""},"mobile":{"background-color":"var(--ast-global-color-5)","background-image":"","background-repeat":"repeat","background-position":"center center","background-size":"auto","background-attachment":"scroll","background-type":"","background-media":"","overlay-type":"","overlay-color":"","overlay-gradient":""}},"footnotes":""},"uagb_featured_image_src":{"full":false,"thumbnail":false,"medium":false,"medium_large":false,"large":false,"1536x1536":false,"2048x2048":false,"trp-custom-language-flag":false},"uagb_author_info":{"display_name":"SOE","author_link":"https:\/\/supcom.standardof.net\/de\/author\/k-tastic\/"},"uagb_comment_info":0,"uagb_excerpt":"GOVERNOR CLASS CRUISER The cruiser is where the UEF&#8217;s philosophy of throwing brute force guns onto a heavily armored platform shines. Cruisers, far from being &#8220;just big anti-air boats&#8221;, have tactical missiles with range approaching a real tactical missile launcher, SAM missiles that don&#8217;t do the damage of a real SAM site but work just&hellip;","_links":{"self":[{"href":"https:\/\/supcom.standardof.net\/de\/wp-json\/wp\/v2\/pages\/393"}],"collection":[{"href":"https:\/\/supcom.standardof.net\/de\/wp-json\/wp\/v2\/pages"}],"about":[{"href":"https:\/\/supcom.standardof.net\/de\/wp-json\/wp\/v2\/types\/page"}],"author":[{"embeddable":true,"href":"https:\/\/supcom.standardof.net\/de\/wp-json\/wp\/v2\/users\/1"}],"replies":[{"embeddable":true,"href":"https:\/\/supcom.standardof.net\/de\/wp-json\/wp\/v2\/comments?post=393"}],"version-history":[{"count":0,"href":"https:\/\/supcom.standardof.net\/de\/wp-json\/wp\/v2\/pages\/393\/revisions"}],"up":[{"embeddable":true,"href":"https:\/\/supcom.standardof.net\/de\/wp-json\/wp\/v2\/pages\/231"}],"wp:attachment":[{"href":"https:\/\/supcom.standardof.net\/de\/wp-json\/wp\/v2\/media?parent=393"}],"curies":[{"name":"wp","href":"https:\/\/api.w.org\/{rel}","templated":true}]}}