{"id":459,"date":"2020-11-01T16:36:20","date_gmt":"2020-11-01T21:36:20","guid":{"rendered":"https:\/\/supcom.standardof.net\/?page_id=459"},"modified":"2020-11-03T23:11:17","modified_gmt":"2020-11-04T04:11:17","slug":"tech-2-uef-economy-buildings","status":"publish","type":"page","link":"https:\/\/supcom.standardof.net\/de\/supreme-commander\/uef\/tech-2-uef-economy-gebaude\/","title":{"rendered":"Tech 2 - UEF-Wirtschaftsgeb\u00e4ude"},"content":{"rendered":"<div class=\"wp-block-uagb-table-of-contents uagb-toc__align-left uagb-toc__columns-1  uagb-block-6da7b412\"\n\t\t\t\t\tdata-scroll= \"1\"\n\t\t\t\t\tdata-offset= \"30\"\n\t\t\t\t\tstyle=\"\"\n\t\t\t\t>\n\t\t\t\t<div class=\"uagb-toc__wrap\">\n\t\t\t\t\t\t<div class=\"uagb-toc__title\">\n\t\t\t\t\t\t\tUEF Tech 2 Economy-Geb\u00e4ude:\t\t\t\t\t\t<\/div>\n\t\t\t\t\t\t\t\t\t\t\t\t\t\t\t\t<div class=\"uagb-toc__list-wrap\">\n\t\t\t\t\t\t<ol class=\"uagb-toc__list\"><li class=\"uagb-toc__list\"><a href=\"#tech-2-uef-land-factory\" class=\"uagb-toc-link__trigger\">TECH 2 UEF LAND FACTORY<\/a><li class=\"uagb-toc__list\"><a href=\"#tech-2-uef-air-factory\" class=\"uagb-toc-link__trigger\">TECH 2 UEF AIR FACTORY<\/a><li class=\"uagb-toc__list\"><a href=\"#tech-2-uef-naval-factory\" class=\"uagb-toc-link__trigger\">TECH 2 UEF NAVAL FACTORY<\/a><li class=\"uagb-toc__list\"><a href=\"#mass-pump-t2-mass-extractor\" class=\"uagb-toc-link__trigger\">MASSENPUMPE - T2 MASSENEXTRAKTOR<\/a><li class=\"uagb-toc__list\"><a href=\"#eg-200-fusion-reactor-t2-power-generator\" class=\"uagb-toc-link__trigger\">EG-200 FUSION REACTOR - T2 POWER GENERATOR<\/a><\/ol>\t\t\t\t\t<\/div>\n\t\t\t\t\t\t\t\t\t<\/div>\n\t\t\t\t<\/div>\n\t\t\t\n\n\n<section class=\"wp-block-uagb-columns uagb-columns__wrap uagb-columns__background-undefined uagb-columns__stack-mobile uagb-columns__valign-undefined uagb-columns__gap-10 alignundefined uagb-block-51325417\"><div class=\"uagb-columns__overlay\"><\/div><div class=\"uagb-columns__inner-wrap uagb-columns__columns-1\">\n<div class=\"wp-block-uagb-column uagb-column__wrap uagb-column__background-undefined uagb-block-529d6a7b\"><div class=\"uagb-column__overlay\"><\/div><div class=\"uagb-column__inner-wrap\">\n<h2 class=\"wp-block-heading\"><strong>TECH 2 UEF LAND FACTORY<\/strong><\/h2>\n\n\n\n<p><a href=\"https:\/\/www.standardof.net\/wp-content\/uploads\/2012\/12\/TECH-2-UEF-LAND-FACTORY.png\" class=\"rank-math-link\" target=\"_blank\" rel=\"noopener\"><\/a>In der T2-Stufe ist Ihre Fabrik nicht anf\u00e4llig f\u00fcr \u00dcberraschungsangriffe und normalerweise das letzte Geb\u00e4ude, das stirbt. Es ist immer noch doppelt so schnell wie Ihr Ingenieur auf dem gleichen Niveau.<\/p>\n\n\n\n<div class=\"wp-block-image\"><figure class=\"aligncenter size-large\"><a href=\"https:\/\/supcom.standardof.net\/de\/supreme-commander\/uef\/tech-2-uef-economy-gebaude\/land-factory-supreme-commander-uef-economy-buildings-t2\/\"><img decoding=\"async\" width=\"536\" height=\"466\" src=\"https:\/\/supcom.standardof.net\/wp-content\/uploads\/sites\/8\/2020\/11\/LAND-FACTORY-Supreme-Commander-UEF-Economy-Buildings-T2.jpg\" alt=\"Die T2 Land Factory, Wirtschaftsgeb\u00e4ude der UEF Tech 2 in Supreme Commander.\" class=\"wp-image-463\" srcset=\"https:\/\/supcom.standardof.net\/wp-content\/uploads\/sites\/8\/2020\/11\/LAND-FACTORY-Supreme-Commander-UEF-Economy-Buildings-T2.jpg 536w, https:\/\/supcom.standardof.net\/wp-content\/uploads\/sites\/8\/2020\/11\/LAND-FACTORY-Supreme-Commander-UEF-Economy-Buildings-T2-512x445.jpg 512w, https:\/\/supcom.standardof.net\/wp-content\/uploads\/sites\/8\/2020\/11\/LAND-FACTORY-Supreme-Commander-UEF-Economy-Buildings-T2-200x174.jpg 200w, https:\/\/supcom.standardof.net\/wp-content\/uploads\/sites\/8\/2020\/11\/LAND-FACTORY-Supreme-Commander-UEF-Economy-Buildings-T2-14x12.jpg 14w\" sizes=\"(max-width: 536px) 100vw, 536px\" \/><\/a><figcaption>TECH 2 UEF LAND FACTORY<\/figcaption><\/figure><\/div>\n\n\n\n<section class=\"wp-block-uagb-columns uagb-columns__wrap uagb-columns__background-undefined uagb-columns__stack-mobile uagb-columns__valign-undefined uagb-columns__gap-10 alignundefined uagb-block-fa8ad340\"><div class=\"uagb-columns__overlay\"><\/div><div class=\"uagb-columns__inner-wrap uagb-columns__columns-2\">\n<div class=\"wp-block-uagb-column uagb-column__wrap uagb-column__background-undefined uagb-block-359732ab\"><div class=\"uagb-column__overlay\"><\/div><div class=\"uagb-column__inner-wrap\">\n<h3 class=\"wp-block-heading\">T2 Land Factory Statistiken<\/h3>\n\n\n\n<p><strong>R\u00fcstung:<\/strong> 9000 PS<br><strong>F\u00e4higkeiten: <\/strong>Aufr\u00fcstbar<br><strong>Kosten:<\/strong> M900, E7200, T1800<br>Baurate: 20<br>&nbsp;&nbsp;&nbsp;&nbsp; Lagerung: M160, E800<br><strong>Intel<\/strong><br>Sicht: 20 (391 m)<br><strong>Physik<\/strong><br>Gr\u00f6\u00dfe f\u00fcr die Nachbarschaft: 16<\/p>\n<\/div><\/div>\n\n\n\n<div class=\"wp-block-uagb-column uagb-column__wrap uagb-column__background-undefined uagb-block-2b8d0d16\"><div class=\"uagb-column__overlay\"><\/div><div class=\"uagb-column__inner-wrap\"><\/div><\/div>\n<\/div><\/section>\n<\/div><\/div>\n<\/div><\/section>\n\n\n\n<section class=\"wp-block-uagb-columns uagb-columns__wrap uagb-columns__background-undefined uagb-columns__stack-mobile uagb-columns__valign-undefined uagb-columns__gap-10 alignundefined uagb-block-06adabfb\"><div class=\"uagb-columns__overlay\"><\/div><div class=\"uagb-columns__inner-wrap uagb-columns__columns-1\">\n<div class=\"wp-block-uagb-column uagb-column__wrap uagb-column__background-undefined uagb-block-6f94bcfe\"><div class=\"uagb-column__overlay\"><\/div><div class=\"uagb-column__inner-wrap\">\n<h2 class=\"wp-block-heading\"><strong>TECH 2 UEF AIR FACTORY<\/strong><\/h2>\n\n\n\n<p><a href=\"https:\/\/www.standardof.net\/wp-content\/uploads\/2012\/12\/TECH-2-UEF-AIR-FACTORY.png\" class=\"rank-math-link\" target=\"_blank\" rel=\"noopener\"><\/a>Das Upgrade der T2-Luftfabrik ist langsamer als das Upgrade der T2-Landfabrik. Wenn es also Zeit f\u00fcr technische Verbesserungen ist und Sie nur Ingenieure ben\u00f6tigen, f\u00fchren Sie dies sp\u00e4ter durch.<\/p>\n\n\n\n<div class=\"wp-block-image\"><figure class=\"aligncenter size-large\"><a href=\"https:\/\/supcom.standardof.net\/de\/supreme-commander\/uef\/tech-2-uef-economy-gebaude\/air-factory-supreme-commander-uef-economy-buildings-t2\/\"><img decoding=\"async\" width=\"486\" height=\"455\" src=\"https:\/\/supcom.standardof.net\/wp-content\/uploads\/sites\/8\/2020\/11\/AIR-FACTORY-Supreme-Commander-UEF-Economy-Buildings-T2.jpg\" alt=\"Die T2 Air Factory, Wirtschaftsgeb\u00e4ude der UEF Tech 2 in Supreme Commander.\" class=\"wp-image-461\" srcset=\"https:\/\/supcom.standardof.net\/wp-content\/uploads\/sites\/8\/2020\/11\/AIR-FACTORY-Supreme-Commander-UEF-Economy-Buildings-T2.jpg 486w, https:\/\/supcom.standardof.net\/wp-content\/uploads\/sites\/8\/2020\/11\/AIR-FACTORY-Supreme-Commander-UEF-Economy-Buildings-T2-200x187.jpg 200w, https:\/\/supcom.standardof.net\/wp-content\/uploads\/sites\/8\/2020\/11\/AIR-FACTORY-Supreme-Commander-UEF-Economy-Buildings-T2-13x12.jpg 13w\" sizes=\"(max-width: 486px) 100vw, 486px\" \/><\/a><figcaption>TECH 2 UEF AIR FACTORY<\/figcaption><\/figure><\/div>\n\n\n\n<section class=\"wp-block-uagb-columns uagb-columns__wrap uagb-columns__background-undefined uagb-columns__stack-mobile uagb-columns__valign-undefined uagb-columns__gap-10 alignundefined uagb-block-ee2b3b71\"><div class=\"uagb-columns__overlay\"><\/div><div class=\"uagb-columns__inner-wrap uagb-columns__columns-2\">\n<div class=\"wp-block-uagb-column uagb-column__wrap uagb-column__background-undefined uagb-block-b571f53c\"><div class=\"uagb-column__overlay\"><\/div><div class=\"uagb-column__inner-wrap\">\n<h3 class=\"wp-block-heading\">T2 Air Factory Statistik<\/h3>\n\n\n\n<p><strong>R\u00fcstung:<\/strong> 9000 PS<br><strong>F\u00e4higkeiten: <\/strong>Aufr\u00fcstbar<br><strong>Kosten:<\/strong> M900, E13500, T2250<br>Baurate: 20<br>&nbsp;&nbsp;&nbsp;&nbsp; Lagerung: M160, E800<br><strong>Intel<\/strong><br>&nbsp;&nbsp;&nbsp;&nbsp; Sicht: 20 (391 m)<br><strong>Physik<\/strong><br>&nbsp;&nbsp;&nbsp;&nbsp; Gr\u00f6\u00dfe f\u00fcr die Nachbarschaft: 16<\/p>\n<\/div><\/div>\n\n\n\n<div class=\"wp-block-uagb-column uagb-column__wrap uagb-column__background-undefined uagb-block-295606cd\"><div class=\"uagb-column__overlay\"><\/div><div class=\"uagb-column__inner-wrap\"><\/div><\/div>\n<\/div><\/section>\n<\/div><\/div>\n<\/div><\/section>\n\n\n\n<section class=\"wp-block-uagb-columns uagb-columns__wrap uagb-columns__background-undefined uagb-columns__stack-mobile uagb-columns__valign-undefined uagb-columns__gap-10 alignundefined uagb-block-33323537\"><div class=\"uagb-columns__overlay\"><\/div><div class=\"uagb-columns__inner-wrap uagb-columns__columns-1\">\n<div class=\"wp-block-uagb-column uagb-column__wrap uagb-column__background-undefined uagb-block-db73fec1\"><div class=\"uagb-column__overlay\"><\/div><div class=\"uagb-column__inner-wrap\">\n<h2 class=\"wp-block-heading\"><strong>TECH 2 UEF NAVAL FACTORY<\/strong><\/h2>\n\n\n\n<p><a href=\"https:\/\/www.standardof.net\/wp-content\/uploads\/2012\/12\/TECH-2-UEF-NAVAL-FACTORY.png\" class=\"rank-math-link\" target=\"_blank\" rel=\"noopener\"><\/a>Die T2 Naval Factory hat jetzt eine Menge Gesundheit, ohne viel teurer zu sein als die anderen Upgrades. Angesichts der Tatsache, dass die UEF T1-Marine so schlecht ist, haben Sie jetzt noch mehr Gr\u00fcnde, fr\u00fchzeitig zu arbeiten (auch wenn es nur darum geht, U-Boote doppelt so schnell zu machen).<\/p>\n\n\n\n<div class=\"wp-block-image\"><figure class=\"aligncenter size-large\"><a href=\"https:\/\/supcom.standardof.net\/de\/supreme-commander\/uef\/tech-2-uef-economy-gebaude\/naval-factory-supreme-commander-uef-economy-buildings-t2\/\"><img decoding=\"async\" width=\"578\" height=\"517\" src=\"https:\/\/supcom.standardof.net\/wp-content\/uploads\/sites\/8\/2020\/11\/NAVAL-FACTORY-Supreme-Commander-UEF-Economy-Buildings-T2.jpg\" alt=\"Die T2 Navy Factory, UEF Tech 2 Wirtschaftsgeb\u00e4ude in Supreme Commander.\" class=\"wp-image-465\" srcset=\"https:\/\/supcom.standardof.net\/wp-content\/uploads\/sites\/8\/2020\/11\/NAVAL-FACTORY-Supreme-Commander-UEF-Economy-Buildings-T2.jpg 578w, https:\/\/supcom.standardof.net\/wp-content\/uploads\/sites\/8\/2020\/11\/NAVAL-FACTORY-Supreme-Commander-UEF-Economy-Buildings-T2-512x458.jpg 512w, https:\/\/supcom.standardof.net\/wp-content\/uploads\/sites\/8\/2020\/11\/NAVAL-FACTORY-Supreme-Commander-UEF-Economy-Buildings-T2-200x179.jpg 200w, https:\/\/supcom.standardof.net\/wp-content\/uploads\/sites\/8\/2020\/11\/NAVAL-FACTORY-Supreme-Commander-UEF-Economy-Buildings-T2-13x12.jpg 13w\" sizes=\"(max-width: 578px) 100vw, 578px\" \/><\/a><figcaption>TECH 2 UEF NAVAL FACTORY<\/figcaption><\/figure><\/div>\n\n\n\n<section class=\"wp-block-uagb-columns uagb-columns__wrap uagb-columns__background-undefined uagb-columns__stack-mobile uagb-columns__valign-undefined uagb-columns__gap-10 alignundefined uagb-block-14be9d79\"><div class=\"uagb-columns__overlay\"><\/div><div class=\"uagb-columns__inner-wrap uagb-columns__columns-2\">\n<div class=\"wp-block-uagb-column uagb-column__wrap uagb-column__background-undefined uagb-block-79986533\"><div class=\"uagb-column__overlay\"><\/div><div class=\"uagb-column__inner-wrap\">\n<h3 class=\"wp-block-heading\">T2 Naval Factory Stats<\/h3>\n\n\n\n<p><strong>R\u00fcstung:<\/strong> 18000 PS<br><strong>F\u00e4higkeiten: <\/strong>Aufr\u00fcstbar<br><strong>Kosten:<\/strong> M1080, E7200, T1800<br>Baurate: 20<br>&nbsp;&nbsp;&nbsp;&nbsp; Lagerung: M160, E800<br><strong>Intel<br><\/strong>&nbsp;&nbsp;&nbsp;&nbsp; Sicht: 20 (391 m)<br><strong>Physik<br><\/strong>&nbsp;&nbsp;&nbsp;&nbsp; Gr\u00f6\u00dfe f\u00fcr die Nachbarschaft: 16<\/p>\n<\/div><\/div>\n\n\n\n<div class=\"wp-block-uagb-column uagb-column__wrap uagb-column__background-undefined uagb-block-efda394c\"><div class=\"uagb-column__overlay\"><\/div><div class=\"uagb-column__inner-wrap\"><\/div><\/div>\n<\/div><\/section>\n<\/div><\/div>\n<\/div><\/section>\n\n\n\n<section class=\"wp-block-uagb-columns uagb-columns__wrap uagb-columns__background-undefined uagb-columns__stack-mobile uagb-columns__valign-undefined uagb-columns__gap-10 alignundefined uagb-block-4e74f178\"><div class=\"uagb-columns__overlay\"><\/div><div class=\"uagb-columns__inner-wrap uagb-columns__columns-1\">\n<div class=\"wp-block-uagb-column uagb-column__wrap uagb-column__background-undefined uagb-block-fa74ddfd\"><div class=\"uagb-column__overlay\"><\/div><div class=\"uagb-column__inner-wrap\">\n<h2 class=\"wp-block-heading\"><strong>MASSENPUMPE<\/strong> - T2 MASS EXTRACTOR<\/h2>\n\n\n\n<p><a href=\"https:\/\/www.standardof.net\/wp-content\/uploads\/2012\/12\/MASS-PUMP-T2-MASS-EXTRACTOR.png\" class=\"rank-math-link\" target=\"_blank\" rel=\"noopener\"><\/a>Auf T2-Ebene haben Sie Ihr gesamtes Ausma\u00df erweitert und es ist jetzt an der Zeit, Ihre Massenextraktoren zu aktualisieren. Seien Sie vorsichtig, wenn Sie ihnen helfen - sie werden nach Abschluss des Upgrades nicht mehr als inaktiv angezeigt.<\/p>\n\n\n\n<div class=\"wp-block-image\"><figure class=\"aligncenter size-large\"><a href=\"https:\/\/supcom.standardof.net\/de\/supreme-commander\/uef\/tech-2-uef-economy-gebaude\/mass-pump-t2-mass-extractor-supreme-commander-uef-economy-buildings-t2\/\"><img decoding=\"async\" width=\"398\" height=\"364\" src=\"https:\/\/supcom.standardof.net\/wp-content\/uploads\/sites\/8\/2020\/11\/MASS-PUMP-T2-MASS-EXTRACTOR-Supreme-Commander-UEF-Economy-Buildings-T2.jpg\" alt=\"Der Massenpumpen-T2-Massenextraktor, UEF Tech 2-Wirtschaftsgeb\u00e4ude in Supreme Commander.\" class=\"wp-image-464\" srcset=\"https:\/\/supcom.standardof.net\/wp-content\/uploads\/sites\/8\/2020\/11\/MASS-PUMP-T2-MASS-EXTRACTOR-Supreme-Commander-UEF-Economy-Buildings-T2.jpg 398w, https:\/\/supcom.standardof.net\/wp-content\/uploads\/sites\/8\/2020\/11\/MASS-PUMP-T2-MASS-EXTRACTOR-Supreme-Commander-UEF-Economy-Buildings-T2-200x183.jpg 200w, https:\/\/supcom.standardof.net\/wp-content\/uploads\/sites\/8\/2020\/11\/MASS-PUMP-T2-MASS-EXTRACTOR-Supreme-Commander-UEF-Economy-Buildings-T2-13x12.jpg 13w\" sizes=\"(max-width: 398px) 100vw, 398px\" \/><\/a><figcaption>MASSENPUMPE - T2 MASSENEXTRAKTOR<\/figcaption><\/figure><\/div>\n\n\n\n<section class=\"wp-block-uagb-columns uagb-columns__wrap uagb-columns__background-undefined uagb-columns__stack-mobile uagb-columns__valign-undefined uagb-columns__gap-10 alignundefined uagb-block-86645653\"><div class=\"uagb-columns__overlay\"><\/div><div class=\"uagb-columns__inner-wrap uagb-columns__columns-2\">\n<div class=\"wp-block-uagb-column uagb-column__wrap uagb-column__background-undefined uagb-block-f3f81852\"><div class=\"uagb-column__overlay\"><\/div><div class=\"uagb-column__inner-wrap\">\n<h3 class=\"wp-block-heading\">Massenpumpenstatistik<\/h3>\n\n\n\n<p><strong>R\u00fcstung:<\/strong> 2160 PS<br><strong>F\u00e4higkeiten: <\/strong>Aufr\u00fcstbar<br><strong>Kosten:<\/strong> M900, E5400, T900<br>Einkommen: M +6, E \u20139<br>Baurate: 15<br><strong>Physik<br><\/strong>&nbsp;&nbsp;&nbsp;&nbsp; Gr\u00f6\u00dfe f\u00fcr die Nachbarschaft: 4<\/p>\n<\/div><\/div>\n\n\n\n<div class=\"wp-block-uagb-column uagb-column__wrap uagb-column__background-undefined uagb-block-10453338\"><div class=\"uagb-column__overlay\"><\/div><div class=\"uagb-column__inner-wrap\">\n<h3 class=\"wp-block-heading\">Adjazenzboni<\/h3>\n\n\n\n<p>angrenzende Geb\u00e4udegr\u00f6\u00dfe:<br>4, 8, 12, 16, 20<br>Reduzierung des Massenabflusses (Fabriken):<br>15.00%, 7.50%, 5.00%, 3.75%, 3.00%<\/p>\n<\/div><\/div>\n<\/div><\/section>\n<\/div><\/div>\n<\/div><\/section>\n\n\n\n<section class=\"wp-block-uagb-columns uagb-columns__wrap uagb-columns__background-undefined uagb-columns__stack-mobile uagb-columns__valign-undefined uagb-columns__gap-10 alignundefined uagb-block-dbb072f0\"><div class=\"uagb-columns__overlay\"><\/div><div class=\"uagb-columns__inner-wrap uagb-columns__columns-1\">\n<div class=\"wp-block-uagb-column uagb-column__wrap uagb-column__background-undefined uagb-block-979d5055\"><div class=\"uagb-column__overlay\"><\/div><div class=\"uagb-column__inner-wrap\">\n<h2 class=\"wp-block-heading\"><strong>EG-200 FUSION REACTOR<\/strong> - T2 POWER GENERATOR<\/h2>\n\n\n\n<p><a href=\"https:\/\/www.standardof.net\/wp-content\/uploads\/2012\/12\/EG-200-FUSION-REACTOR-T2-POWER-GENERATOR.png\" class=\"rank-math-link\" target=\"_blank\" rel=\"noopener\"><\/a>Der T2-Stromgenerator ist ein Schl\u00fcsselelement Ihrer Wirtschaft. Er bietet den Schub, der verhindert, dass Sie an die winzigen Energiedosen von T1-Strom gefesselt werden, und gew\u00e4hrt gleichzeitig einen gro\u00dfz\u00fcgigen Adjazenzbonus, wenn Sie einen Schild oder eine T2-Artillerie darum legen m\u00f6chten.<\/p>\n\n\n\n<div class=\"wp-block-image\"><figure class=\"aligncenter size-large\"><a href=\"https:\/\/supcom.standardof.net\/de\/supreme-commander\/uef\/tech-2-uef-economy-gebaude\/eg-200-fusion-reactor-t2-power-generator-supreme-commander-uef-economy-buildings-t2\/\"><img decoding=\"async\" width=\"545\" height=\"473\" src=\"https:\/\/supcom.standardof.net\/wp-content\/uploads\/sites\/8\/2020\/11\/EG-200-FUSION-REACTOR-T2-POWER-GENERATOR-Supreme-Commander-UEF-Economy-Buildings-T2.jpg\" alt=\"Der EG-200 Fusionsreaktor T2 Power Generator, UEF Tech 2 Wirtschaftsgeb\u00e4ude in Supreme Commander.\" class=\"wp-image-462\" srcset=\"https:\/\/supcom.standardof.net\/wp-content\/uploads\/sites\/8\/2020\/11\/EG-200-FUSION-REACTOR-T2-POWER-GENERATOR-Supreme-Commander-UEF-Economy-Buildings-T2.jpg 545w, https:\/\/supcom.standardof.net\/wp-content\/uploads\/sites\/8\/2020\/11\/EG-200-FUSION-REACTOR-T2-POWER-GENERATOR-Supreme-Commander-UEF-Economy-Buildings-T2-512x444.jpg 512w, https:\/\/supcom.standardof.net\/wp-content\/uploads\/sites\/8\/2020\/11\/EG-200-FUSION-REACTOR-T2-POWER-GENERATOR-Supreme-Commander-UEF-Economy-Buildings-T2-200x174.jpg 200w, https:\/\/supcom.standardof.net\/wp-content\/uploads\/sites\/8\/2020\/11\/EG-200-FUSION-REACTOR-T2-POWER-GENERATOR-Supreme-Commander-UEF-Economy-Buildings-T2-14x12.jpg 14w\" sizes=\"(max-width: 545px) 100vw, 545px\" \/><\/a><figcaption>EG-200 FUSION REACTOR - T2 POWER GENERATOR<\/figcaption><\/figure><\/div>\n\n\n\n<section class=\"wp-block-uagb-columns uagb-columns__wrap uagb-columns__background-undefined uagb-columns__stack-mobile uagb-columns__valign-undefined uagb-columns__gap-10 alignundefined uagb-block-2621a557\"><div class=\"uagb-columns__overlay\"><\/div><div class=\"uagb-columns__inner-wrap uagb-columns__columns-2\">\n<div class=\"wp-block-uagb-column uagb-column__wrap uagb-column__background-undefined uagb-block-833b53e7\"><div class=\"uagb-column__overlay\"><\/div><div class=\"uagb-column__inner-wrap\">\n<h3 class=\"wp-block-heading\">EG-200 Statistik<\/h3>\n\n\n\n<p><strong>R\u00fcstung:<\/strong> 2160 PS<br><strong>Kosten:<\/strong> M1200, E12000, T2000<br>Einkommen: E +500<br><strong>Physik<\/strong><br>&nbsp;&nbsp;&nbsp;&nbsp; Gr\u00f6\u00dfe f\u00fcr die Nachbarschaft: 12<br><strong>Todeswaffe<\/strong><br>500 Schaden<br>Fl\u00e4che: 5 (97,7 m)<\/p>\n<\/div><\/div>\n\n\n\n<div class=\"wp-block-uagb-column uagb-column__wrap uagb-column__background-undefined uagb-block-df1c9edb\"><div class=\"uagb-column__overlay\"><\/div><div class=\"uagb-column__inner-wrap\">\n<h3 class=\"wp-block-heading\">Adjazenzboni<\/h3>\n\n\n\n<p>angrenzende Geb\u00e4udegr\u00f6\u00dfe<br>4, 8, 12, 16, 20<br><strong>Reduzierung des Energieverbrauchs<\/strong> <strong>(Instandhaltung):<\/strong><br>7.50%, 7.50%, 7.50%, 5.63%, 4.50%<br><strong>Reduzierung des Energieverbrauchs<\/strong> <strong>(Fabriken):<\/strong><br>7.50%, 7.50%, 7.50%, 5.63%, 4.50%<br><strong>Reduzierung der Energiewaffenentleerungszeit:<br><\/strong>&nbsp;&nbsp;&nbsp;&nbsp; 7.50%, 7.50%, 7.50%, 5.63%, 4.50%<\/p>\n<\/div><\/div>\n<\/div><\/section>\n<\/div><\/div>\n<\/div><\/section>","protected":false},"excerpt":{"rendered":"<p>TECH 2 UEF LAND FACTORY By the T2 level, your factory is not vulnerable to surprise strikes, and is usually the last building to die. It&#8217;s still twice as fast as your engineer of the same level. T2 Land Factory Stats Armor: 9000hpAbilities: UpgradeableCost: M900, E7200, T1800build rate: 20&nbsp;&nbsp;&nbsp;&nbsp; storage: M160, E800Intelsight: 20 (391m)Physicssize for [&hellip;]<\/p>","protected":false},"author":1,"featured_media":0,"parent":231,"menu_order":0,"comment_status":"open","ping_status":"closed","template":"","meta":{"_uag_custom_page_level_css":"","site-sidebar-layout":"default","site-content-layout":"default","ast-site-content-layout":"","site-content-style":"default","site-sidebar-style":"default","ast-global-header-display":"","ast-banner-title-visibility":"","ast-main-header-display":"","ast-hfb-above-header-display":"","ast-hfb-below-header-display":"","ast-hfb-mobile-header-display":"","site-post-title":"","ast-breadcrumbs-content":"","ast-featured-img":"","footer-sml-layout":"","theme-transparent-header-meta":"default","adv-header-id-meta":"","stick-header-meta":"","header-above-stick-meta":"","header-main-stick-meta":"","header-below-stick-meta":"","astra-migrate-meta-layouts":"default","ast-page-background-enabled":"default","ast-page-background-meta":{"desktop":{"background-color":"","background-image":"","background-repeat":"repeat","background-position":"center center","background-size":"auto","background-attachment":"scroll","background-type":"","background-media":"","overlay-type":"","overlay-color":"","overlay-gradient":""},"tablet":{"background-color":"","background-image":"","background-repeat":"repeat","background-position":"center center","background-size":"auto","background-attachment":"scroll","background-type":"","background-media":"","overlay-type":"","overlay-color":"","overlay-gradient":""},"mobile":{"background-color":"","background-image":"","background-repeat":"repeat","background-position":"center center","background-size":"auto","background-attachment":"scroll","background-type":"","background-media":"","overlay-type":"","overlay-color":"","overlay-gradient":""}},"ast-content-background-meta":{"desktop":{"background-color":"var(--ast-global-color-5)","background-image":"","background-repeat":"repeat","background-position":"center center","background-size":"auto","background-attachment":"scroll","background-type":"","background-media":"","overlay-type":"","overlay-color":"","overlay-gradient":""},"tablet":{"background-color":"var(--ast-global-color-5)","background-image":"","background-repeat":"repeat","background-position":"center center","background-size":"auto","background-attachment":"scroll","background-type":"","background-media":"","overlay-type":"","overlay-color":"","overlay-gradient":""},"mobile":{"background-color":"var(--ast-global-color-5)","background-image":"","background-repeat":"repeat","background-position":"center center","background-size":"auto","background-attachment":"scroll","background-type":"","background-media":"","overlay-type":"","overlay-color":"","overlay-gradient":""}},"footnotes":""},"uagb_featured_image_src":{"full":false,"thumbnail":false,"medium":false,"medium_large":false,"large":false,"1536x1536":false,"2048x2048":false,"trp-custom-language-flag":false},"uagb_author_info":{"display_name":"SOE","author_link":"https:\/\/supcom.standardof.net\/de\/author\/k-tastic\/"},"uagb_comment_info":0,"uagb_excerpt":"TECH 2 UEF LAND FACTORY By the T2 level, your factory is not vulnerable to surprise strikes, and is usually the last building to die. It&#8217;s still twice as fast as your engineer of the same level. T2 Land Factory Stats Armor: 9000hpAbilities: UpgradeableCost: M900, E7200, T1800build rate: 20&nbsp;&nbsp;&nbsp;&nbsp; storage: M160, E800Intelsight: 20 (391m)Physicssize for&hellip;","_links":{"self":[{"href":"https:\/\/supcom.standardof.net\/de\/wp-json\/wp\/v2\/pages\/459"}],"collection":[{"href":"https:\/\/supcom.standardof.net\/de\/wp-json\/wp\/v2\/pages"}],"about":[{"href":"https:\/\/supcom.standardof.net\/de\/wp-json\/wp\/v2\/types\/page"}],"author":[{"embeddable":true,"href":"https:\/\/supcom.standardof.net\/de\/wp-json\/wp\/v2\/users\/1"}],"replies":[{"embeddable":true,"href":"https:\/\/supcom.standardof.net\/de\/wp-json\/wp\/v2\/comments?post=459"}],"version-history":[{"count":0,"href":"https:\/\/supcom.standardof.net\/de\/wp-json\/wp\/v2\/pages\/459\/revisions"}],"up":[{"embeddable":true,"href":"https:\/\/supcom.standardof.net\/de\/wp-json\/wp\/v2\/pages\/231"}],"wp:attachment":[{"href":"https:\/\/supcom.standardof.net\/de\/wp-json\/wp\/v2\/media?parent=459"}],"curies":[{"name":"wp","href":"https:\/\/api.w.org\/{rel}","templated":true}]}}