{"id":479,"date":"2020-11-01T16:59:09","date_gmt":"2020-11-01T21:59:09","guid":{"rendered":"https:\/\/supcom.standardof.net\/?page_id=479"},"modified":"2020-11-03T23:12:38","modified_gmt":"2020-11-04T04:12:38","slug":"uef-experimental-units","status":"publish","type":"page","link":"https:\/\/supcom.standardof.net\/de\/supreme-commander\/uef\/uef-experimentelle-einheiten\/","title":{"rendered":"UEF-Versuchseinheiten"},"content":{"rendered":"<div class=\"wp-block-uagb-table-of-contents uagb-toc__align-left uagb-toc__columns-1  uagb-block-411e1d3b\"\n\t\t\t\t\tdata-scroll= \"1\"\n\t\t\t\t\tdata-offset= \"30\"\n\t\t\t\t\tstyle=\"\"\n\t\t\t\t>\n\t\t\t\t<div class=\"uagb-toc__wrap\">\n\t\t\t\t\t\t<div class=\"uagb-toc__title\">\n\t\t\t\t\t\t\tUEF-Versuchseinheiten:\t\t\t\t\t\t<\/div>\n\t\t\t\t\t\t\t\t\t\t\t\t\t\t\t\t<div class=\"uagb-toc__list-wrap\">\n\t\t\t\t\t\t<ol class=\"uagb-toc__list\"><li class=\"uagb-toc__list\"><a href=\"#fatboy-mobile-factory\" class=\"uagb-toc-link__trigger\">FATBOY - MOBILE FABRIK<\/a><li class=\"uagb-toc__list\"><a href=\"#atlantis-submersible-aircraft-carrier\" class=\"uagb-toc-link__trigger\">ATLANTIS - SUBMERSIBLE FLUGZEUGTR\u00c4GER<\/a><li class=\"uagb-toc__list\"><a href=\"#mavor-strategic-artillery\" class=\"uagb-toc-link__trigger\">MAVOR - STRATEGISCHE ARTILLERIE<\/a><\/ol>\t\t\t\t\t<\/div>\n\t\t\t\t\t\t\t\t\t<\/div>\n\t\t\t\t<\/div>\n\t\t\t\n\n\n<section class=\"wp-block-uagb-columns uagb-columns__wrap uagb-columns__background-undefined uagb-columns__stack-mobile uagb-columns__valign-undefined uagb-columns__gap-10 alignundefined uagb-block-c763995d\"><div class=\"uagb-columns__overlay\"><\/div><div class=\"uagb-columns__inner-wrap uagb-columns__columns-1\">\n<div class=\"wp-block-uagb-column uagb-column__wrap uagb-column__background-undefined uagb-block-3daeca37\"><div class=\"uagb-column__overlay\"><\/div><div class=\"uagb-column__inner-wrap\">\n<h2 class=\"wp-block-heading\"><strong>FETTER JUNGE <\/strong>- MOBILE FABRIK<\/h2>\n\n\n\n<p><a href=\"https:\/\/www.standardof.net\/wp-content\/uploads\/2012\/12\/FATBOY-MOBILE-FACTORY.png\" class=\"rank-math-link\" target=\"_blank\" rel=\"noopener\"><\/a>Der Fatboy ist vielleicht die beste experimentelle Einheit des Spiels. &quot;Mobile Factory&quot; ist keine sehr gute Beschreibung; Vielmehr handelt es sich um ein \u201eAmphibien-Schlachtschiff\u201c mit einem Minimum an Luftabwehrunterst\u00fctzung, angemessenem U-Boot-Schutz und Schilden, mit denen die Gesundheit \u201eregeneriert\u201c werden kann, wenn der Angriff darauf fehlschl\u00e4gt, ganz zu schweigen von der F\u00e4higkeit, bauen und einsetzen zu k\u00f6nnen T3-Ingenieure sind zwar abgeschirmt, k\u00f6nnen T3-SAM-Standorte erstellen oder reparieren oder was auch immer erforderlich ist. Nat\u00fcrlich extrem langsam, aber auch extrem gef\u00e4hrlich.<\/p>\n\n\n\n<div class=\"wp-block-image\"><figure class=\"aligncenter size-large\"><a href=\"https:\/\/supcom.standardof.net\/de\/supreme-commander\/uef\/uef-experimentelle-einheiten\/fatboy-mobile-factory-supreme-commander-uef-experimental-units\/\"><img decoding=\"async\" width=\"687\" height=\"485\" src=\"https:\/\/supcom.standardof.net\/wp-content\/uploads\/sites\/8\/2020\/11\/FATBOY-MOBILE-FACTORY-Supreme-Commander-UEF-Experimental-Units.jpg\" alt=\"Die Fatboy Mobile Factory, UEF-Versuchseinheit im Oberbefehlshaber.\" class=\"wp-image-483\" srcset=\"https:\/\/supcom.standardof.net\/wp-content\/uploads\/sites\/8\/2020\/11\/FATBOY-MOBILE-FACTORY-Supreme-Commander-UEF-Experimental-Units.jpg 687w, https:\/\/supcom.standardof.net\/wp-content\/uploads\/sites\/8\/2020\/11\/FATBOY-MOBILE-FACTORY-Supreme-Commander-UEF-Experimental-Units-512x361.jpg 512w, https:\/\/supcom.standardof.net\/wp-content\/uploads\/sites\/8\/2020\/11\/FATBOY-MOBILE-FACTORY-Supreme-Commander-UEF-Experimental-Units-200x141.jpg 200w, https:\/\/supcom.standardof.net\/wp-content\/uploads\/sites\/8\/2020\/11\/FATBOY-MOBILE-FACTORY-Supreme-Commander-UEF-Experimental-Units-16x12.jpg 16w\" sizes=\"(max-width: 687px) 100vw, 687px\" \/><\/a><figcaption>FATBOY - MOBILE FABRIK<\/figcaption><\/figure><\/div>\n\n\n\n<section class=\"wp-block-uagb-columns uagb-columns__wrap uagb-columns__background-undefined uagb-columns__stack-mobile uagb-columns__valign-undefined uagb-columns__gap-10 alignundefined uagb-block-54be2121\"><div class=\"uagb-columns__overlay\"><\/div><div class=\"uagb-columns__inner-wrap uagb-columns__columns-2\">\n<div class=\"wp-block-uagb-column uagb-column__wrap uagb-column__background-undefined uagb-block-ab466834\"><div class=\"uagb-column__overlay\"><\/div><div class=\"uagb-column__inner-wrap\">\n<h3 class=\"wp-block-heading\">Fatboy-Statistiken<\/h3>\n\n\n\n<p><strong>R\u00fcstung:<\/strong> 25000 PS<br>Regenerationsrate: 5<br><strong>Schild:<\/strong> 25000 PS<br>Gr\u00f6\u00dfe: 20 (391 m)<br>Regenerationsrate: 156<br>Regenerationsstartzeit: 120<br>Ladezeit: 160)<br>Abfluss: E-500<br><strong>F\u00e4higkeiten:<\/strong> Torpedos, Bau (T2 Land Factory + T3 Engineer)<br><strong>Kosten:<\/strong> M56400, E608400 T18000<br>Lagerung: M200, E1000<br>Baurate: 60<br><strong>Intel<\/strong><br>Sicht: 32 (625 m)<br><strong>Physik<\/strong><br>H\u00f6chstgeschwindigkeit: 1 (19,5 m \/ s)<br>Wendegeschwindigkeit: 16<br><strong>Transport<\/strong><br>Klasse 10<br>Klasse 2 Anhang Gr\u00f6\u00dfe: 2<br>Klasse 3 Anhang Gr\u00f6\u00dfe: 4<br><strong>Veterin\u00e4rwesen:<\/strong> 100, 200, 500, 1000, 2000 Kills<br><em>* Veteranenstufe 2: +6250 PS<br>* Veteranenstufe 4: +6250 PS<br>* Veteranenstufe 5: Reparatur von 2 PS \/ s<\/em><\/p>\n<\/div><\/div>\n\n\n\n<div class=\"wp-block-uagb-column uagb-column__wrap uagb-column__background-undefined uagb-block-08ef36c7\"><div class=\"uagb-column__overlay\"><\/div><div class=\"uagb-column__inner-wrap\">\n<h3 class=\"wp-block-heading\">Fatboy-Waffen<\/h3>\n\n\n\n<p>4x <strong>Gau\u00dfkanone<\/strong> (Direktes Feuer)<br>1500,00 dps,<br>Reichweite: 100 (1,95 km)<br>Projektilwaffe: 500 Schaden<br>x 3 Projektile = 1500 pro Salve<br>Feuerrate: 1 (alle 1s)<br><em>* Veteranenstufe 1: +125 Schaden<br>* Veteranenstufe 3: +125 Schaden<\/em><\/p>\n\n\n\n<p>2x <strong>Hells Fury Riot Gun<\/strong> (Direktes Feuer)<br>225,00 dps<br>Reichweite: 40 (781 m)<br>Projektilwaffe: 75 Schaden<br>Feuerrate: 3 (alle 0,33 s)<br><em>&nbsp;&nbsp;&nbsp;&nbsp; * Veteranenstufe 1: +19 Schaden<br>* Veteranenstufe 3: +19 Schaden<\/em><\/p>\n\n\n\n<p>2x <strong>Verkn\u00fcpfte Railgun<\/strong> (Flugabwehr)<br>18.00 dps,<br>Reichweite: 44 (859 m)<br>Projektilwaffe: 6 Schaden<br>x 2 Projektile = 12 pro Salve<br>Feuerrate: 1,5 (alle 0,67 s)<br><em>&nbsp;&nbsp;&nbsp;&nbsp; * Veteranenstufe 1: +2 Schaden<br>* Veteranenstufe 3: +2 Schaden<\/em><\/p>\n\n\n\n<p><strong>Angler Torpedo<\/strong> (Anti Navy)<br>187,50 dps<br>Reichweite: 32 (625 m)<br>Projektilwaffe: 750 Schaden<br>Feuerrate: 0,25 (alle 4s)<br><em>* Veteranenstufe 1: +188 Schaden<br>* Veteranenstufe 3: +188 Schaden<\/em><\/p>\n<\/div><\/div>\n<\/div><\/section>\n<\/div><\/div>\n<\/div><\/section>\n\n\n\n<section class=\"wp-block-uagb-columns uagb-columns__wrap uagb-columns__background-undefined uagb-columns__stack-mobile uagb-columns__valign-undefined uagb-columns__gap-10 alignundefined uagb-block-0f7bfde8\"><div class=\"uagb-columns__overlay\"><\/div><div class=\"uagb-columns__inner-wrap uagb-columns__columns-1\">\n<div class=\"wp-block-uagb-column uagb-column__wrap uagb-column__background-undefined uagb-block-cca83957\"><div class=\"uagb-column__overlay\"><\/div><div class=\"uagb-column__inner-wrap\">\n<h2 class=\"wp-block-heading\"><strong>ATLANTIS <\/strong>- SUBMERSIBLE FLUGZEUGTR\u00c4GER<\/h2>\n\n\n\n<p><a href=\"https:\/\/www.standardof.net\/wp-content\/uploads\/2012\/12\/ATLANTIS-SUBMERSIBLE-AIRCRAFT-CARRIER.png\" class=\"rank-math-link\" target=\"_blank\" rel=\"noopener\"><\/a>Die Atlantis ist eine Fluggesellschaft, die so teuer wie ein Schlachtschiff und unter den richtigen Umst\u00e4nden genauso be\u00e4ngstigend ist. Es hat nat\u00fcrlich Probleme, sich umzudrehen, aber es ist fast unverwundbar, wenn es superm\u00e4chtige Torpedos abfeuert, und kann dann auftauchen, um sein Flugzeug zu starten und seine AA-Raketen herauszuholen. Auf Seekarten ist dies sogar noch furchterregender, da Ihre T3-Marinefabrik w\u00e4hrend des Baus einige Minuten lang nicht gebunden wird. Tats\u00e4chlich handelt es sich um eine schwimmende T3-Luftfabrik mit der doppelten Panzerung. Dieses Super-U-Boot kann Ihnen im Kampf oder au\u00dferhalb einen Vorteil verschaffen.<\/p>\n\n\n\n<div class=\"wp-block-image\"><figure class=\"aligncenter size-large\"><a href=\"https:\/\/supcom.standardof.net\/de\/supreme-commander\/uef\/uef-experimentelle-einheiten\/atlantis-submersible-aircraft-carrier-supreme-commander-uef-experimental-units\/\"><img decoding=\"async\" width=\"758\" height=\"554\" src=\"https:\/\/supcom.standardof.net\/wp-content\/uploads\/sites\/8\/2020\/11\/ATLANTIS-SUBMERSIBLE-AIRCRAFT-CARRIER-Supreme-Commander-UEF-Experimental-Units.jpg\" alt=\"Der Atlantis Tauchflugzeugtr\u00e4ger, UEF Experimental Unit in Supreme Commander.\" class=\"wp-image-482\" srcset=\"https:\/\/supcom.standardof.net\/wp-content\/uploads\/sites\/8\/2020\/11\/ATLANTIS-SUBMERSIBLE-AIRCRAFT-CARRIER-Supreme-Commander-UEF-Experimental-Units.jpg 758w, https:\/\/supcom.standardof.net\/wp-content\/uploads\/sites\/8\/2020\/11\/ATLANTIS-SUBMERSIBLE-AIRCRAFT-CARRIER-Supreme-Commander-UEF-Experimental-Units-512x374.jpg 512w, https:\/\/supcom.standardof.net\/wp-content\/uploads\/sites\/8\/2020\/11\/ATLANTIS-SUBMERSIBLE-AIRCRAFT-CARRIER-Supreme-Commander-UEF-Experimental-Units-200x146.jpg 200w, https:\/\/supcom.standardof.net\/wp-content\/uploads\/sites\/8\/2020\/11\/ATLANTIS-SUBMERSIBLE-AIRCRAFT-CARRIER-Supreme-Commander-UEF-Experimental-Units-16x12.jpg 16w\" sizes=\"(max-width: 758px) 100vw, 758px\" \/><\/a><figcaption>ATLANTIS - SUBMERSIBLE FLUGZEUGTR\u00c4GER<\/figcaption><\/figure><\/div>\n\n\n\n<section class=\"wp-block-uagb-columns uagb-columns__wrap uagb-columns__background-undefined uagb-columns__stack-mobile uagb-columns__valign-undefined uagb-columns__gap-10 alignundefined uagb-block-77abd80e\"><div class=\"uagb-columns__overlay\"><\/div><div class=\"uagb-columns__inner-wrap uagb-columns__columns-2\">\n<div class=\"wp-block-uagb-column uagb-column__wrap uagb-column__background-undefined uagb-block-526ffed6\"><div class=\"uagb-column__overlay\"><\/div><div class=\"uagb-column__inner-wrap\">\n<h3 class=\"wp-block-heading\">Atlantis Statistik<\/h3>\n\n\n\n<p><strong>R\u00fcstung:<\/strong> 40000 PS<br><strong>F\u00e4higkeiten:<\/strong> Tauchboot, Air Staging, Bau, Radar<br><strong>Kosten:<\/strong> M15120, E189000, T22680,<br>Baurate: 40<br><strong>Intel<\/strong><br>Sicht: 32 (625 m)<br>Sonar: 150 (2,93 km)<br>Wassersicht: 40 (781 m)<br><strong>Physik<\/strong><br>H\u00f6chstgeschwindigkeit: 2,975 (58,1 m \/ s)<br>Wendegeschwindigkeit: 6<br><strong>Transport<\/strong><br>Klasse 10<br><strong>Veterin\u00e4rwesen:<\/strong> 100, 200, 500, 1000, 2000 Kills<br><em>* Veteranenstufe 2: +15000 PS<br>* Veteranenstufe 4: +15000 PS<br>* Veteranenstufe 5: Reparatur von 3 PS \/ s<\/em><\/p>\n<\/div><\/div>\n\n\n\n<div class=\"wp-block-uagb-column uagb-column__wrap uagb-column__background-undefined uagb-block-12e3eb0b\"><div class=\"uagb-column__overlay\"><\/div><div class=\"uagb-column__inner-wrap\">\n<h3 class=\"wp-block-heading\">Atlantis Waffen<\/h3>\n\n\n\n<p>4x <strong>Angler Torpedo<\/strong> (Anti Navy)<br>307,69 dps,<br>Reichweite: 42 (820 m)<br>Projektilwaffe: 800 Schaden<br>Feuerrate: 0,38 (alle 2,6 s)<br><em>&nbsp;&nbsp;&nbsp;&nbsp; * Veteranenstufe 1: +200 Schaden<br>* Veteranenstufe 3: +200 Schaden<\/em><\/p>\n\n\n\n<p>4x <strong>Flayer SAM Launcher<\/strong> (Flugabwehr):<br>33,00 dps, Reichweite: 60 (1,17 km)<br>Projektilwaffe: 33 Schaden<br>Feuerrate: 1 (alle 1s)<br><em>&nbsp;&nbsp;&nbsp; * Veteranenstufe 1: +8 Schaden<br>* Veteranenstufe 3: +8 Schaden<\/em><\/p>\n<\/div><\/div>\n<\/div><\/section>\n<\/div><\/div>\n<\/div><\/section>\n\n\n\n<section class=\"wp-block-uagb-columns uagb-columns__wrap uagb-columns__background-undefined uagb-columns__stack-mobile uagb-columns__valign-undefined uagb-columns__gap-10 alignundefined uagb-block-52dc3770\"><div class=\"uagb-columns__overlay\"><\/div><div class=\"uagb-columns__inner-wrap uagb-columns__columns-1\">\n<div class=\"wp-block-uagb-column uagb-column__wrap uagb-column__background-undefined uagb-block-11fc74e3\"><div class=\"uagb-column__overlay\"><\/div><div class=\"uagb-column__inner-wrap\">\n<h2 class=\"wp-block-heading\"><strong>MAVOR <\/strong>- STRATEGISCHE ARTILLERIE<\/h2>\n\n\n\n<p><a href=\"https:\/\/www.standardof.net\/wp-content\/uploads\/2012\/12\/MAVOR-STRATEGIC-ARTILLERY.png\" class=\"rank-math-link\" target=\"_blank\" rel=\"noopener\"><\/a>Der Mavor ist im Supreme Commander einer ultimativen Waffe am n\u00e4chsten. Es feuert punktgenaue Artillerie ab, die einen schweren Schild mit einem Schuss bricht, keine maximale Reichweite hat und nur ein paar Stromgeneratoren ben\u00f6tigt, um weiterzulaufen, im Gegensatz zu Atomwaffen und auch im Gegensatz zu Atomwaffen gibt es keine M\u00f6glichkeit, seine Granaten abzuschie\u00dfen. Der Nachteil? Es ist auch letztendlich teuer und so schwach, dass Sie st\u00e4ndig wachsam sein m\u00fcssen, von T3-Bomberl\u00e4ufen bis hin zu getarnten Cybrans.<\/p>\n\n\n\n<figure class=\"wp-block-gallery columns-2 is-cropped wp-block-gallery-1 is-layout-flex wp-block-gallery-is-layout-flex\"><ul class=\"blocks-gallery-grid\"><li class=\"blocks-gallery-item\"><figure><a href=\"https:\/\/supcom.standardof.net\/de\/supreme-commander\/uef\/uef-experimentelle-einheiten\/mavor-strategic-artillery-supreme-commander-uef-experimental-units\/\"><img decoding=\"async\" width=\"630\" height=\"426\" src=\"https:\/\/supcom.standardof.net\/wp-content\/uploads\/sites\/8\/2020\/11\/MAVOR-STRATEGIC-ARTILLERY-Supreme-Commander-UEF-Experimental-Units.jpg\" alt=\"Die Mavor Strategic Artillery, UEF Experimental Unit im Oberbefehlshaber.\" data-id=\"481\" data-full-url=\"https:\/\/supcom.standardof.net\/wp-content\/uploads\/sites\/8\/2020\/11\/MAVOR-STRATEGIC-ARTILLERY-Supreme-Commander-UEF-Experimental-Units.jpg\" data-link=\"https:\/\/supcom.standardof.net\/supreme-commander\/uef\/uef-experimental-units\/mavor-strategic-artillery-supreme-commander-uef-experimental-units\/\" class=\"wp-image-481\" srcset=\"https:\/\/supcom.standardof.net\/wp-content\/uploads\/sites\/8\/2020\/11\/MAVOR-STRATEGIC-ARTILLERY-Supreme-Commander-UEF-Experimental-Units.jpg 630w, https:\/\/supcom.standardof.net\/wp-content\/uploads\/sites\/8\/2020\/11\/MAVOR-STRATEGIC-ARTILLERY-Supreme-Commander-UEF-Experimental-Units-512x346.jpg 512w, https:\/\/supcom.standardof.net\/wp-content\/uploads\/sites\/8\/2020\/11\/MAVOR-STRATEGIC-ARTILLERY-Supreme-Commander-UEF-Experimental-Units-200x135.jpg 200w, https:\/\/supcom.standardof.net\/wp-content\/uploads\/sites\/8\/2020\/11\/MAVOR-STRATEGIC-ARTILLERY-Supreme-Commander-UEF-Experimental-Units-16x12.jpg 16w\" sizes=\"(max-width: 630px) 100vw, 630px\" \/><\/a><figcaption class=\"blocks-gallery-item__caption\">MAVOR - STRATEGISCHE ARTILLERIE<\/figcaption><\/figure><\/li><li class=\"blocks-gallery-item\"><figure><a href=\"https:\/\/supcom.standardof.net\/de\/supreme-commander\/uef\/uef-experimentelle-einheiten\/mavor-deployed-supreme-commander-uef-experimental-units\/\"><img decoding=\"async\" width=\"481\" height=\"454\" src=\"https:\/\/supcom.standardof.net\/wp-content\/uploads\/sites\/8\/2020\/11\/Mavor-deployed-Supreme-Commander-UEF-Experimental-Units.jpg\" alt=\"Die Mavor Strategic Artillery, in ihrem im Feuermodus eingesetzten UEF Experimental Unit im Supreme Commander.\" data-id=\"484\" data-full-url=\"https:\/\/supcom.standardof.net\/wp-content\/uploads\/sites\/8\/2020\/11\/Mavor-deployed-Supreme-Commander-UEF-Experimental-Units.jpg\" data-link=\"https:\/\/supcom.standardof.net\/supreme-commander\/uef\/uef-experimental-units\/mavor-deployed-supreme-commander-uef-experimental-units\/\" class=\"wp-image-484\" srcset=\"https:\/\/supcom.standardof.net\/wp-content\/uploads\/sites\/8\/2020\/11\/Mavor-deployed-Supreme-Commander-UEF-Experimental-Units.jpg 481w, https:\/\/supcom.standardof.net\/wp-content\/uploads\/sites\/8\/2020\/11\/Mavor-deployed-Supreme-Commander-UEF-Experimental-Units-200x189.jpg 200w, https:\/\/supcom.standardof.net\/wp-content\/uploads\/sites\/8\/2020\/11\/Mavor-deployed-Supreme-Commander-UEF-Experimental-Units-13x12.jpg 13w\" sizes=\"(max-width: 481px) 100vw, 481px\" \/><\/a><figcaption class=\"blocks-gallery-item__caption\">Der MAVOR im bereitgestellten station\u00e4ren Modus.<\/figcaption><\/figure><\/li><\/ul><\/figure>\n\n\n\n<section class=\"wp-block-uagb-columns uagb-columns__wrap uagb-columns__background-undefined uagb-columns__stack-mobile uagb-columns__valign-undefined uagb-columns__gap-10 alignundefined uagb-block-7f61e58d\"><div class=\"uagb-columns__overlay\"><\/div><div class=\"uagb-columns__inner-wrap uagb-columns__columns-2\">\n<div class=\"wp-block-uagb-column uagb-column__wrap uagb-column__background-undefined uagb-block-457365aa\"><div class=\"uagb-column__overlay\"><\/div><div class=\"uagb-column__inner-wrap\">\n<h3 class=\"wp-block-heading\">Mavor Stats<\/h3>\n\n\n\n<p><strong>R\u00fcstung:<\/strong> 8000 PS<br><strong>Kosten:<\/strong> M302400, E9000000, T216000<br><strong>Intel<\/strong><br>Sicht: 28 (547 m)<br><strong>Physik<\/strong><br>Gr\u00f6\u00dfe f\u00fcr die Nachbarschaft: 16<br><strong>Veterin\u00e4rwesen:<\/strong> 100, 200, 500, 1000, 2000 Kills<\/p>\n<\/div><\/div>\n\n\n\n<div class=\"wp-block-uagb-column uagb-column__wrap uagb-column__background-undefined uagb-block-677fbb91\"><div class=\"uagb-column__overlay\"><\/div><div class=\"uagb-column__inner-wrap\">\n<h3 class=\"wp-block-heading\">Waffen genie\u00dfen<\/h3>\n\n\n\n<p><strong>Anti-Materie-Artillerie<\/strong> (Artillerie)<br>2750,00 dps,<br>Fl\u00e4che: 7 (137 m),<br>Reichweite: 128 (2,50 km) - 4000 (78,1 km)<br>Projektilwaffe: 22000 Schaden<br>Schuss Zuf\u00e4lligkeit: 0,18<br>Feuerrate: 0,125 (alle 8 s)<br>Energiebedarf: 20000<br>(-5000 f\u00fcr 4 Sekunden)<\/p>\n<\/div><\/div>\n<\/div><\/section>\n<\/div><\/div>\n<\/div><\/section>","protected":false},"excerpt":{"rendered":"<p>FATBOY &#8211; MOBILE FACTORY The Fatboy is perhaps the game&#8217;s best experimental unit. &#8220;Mobile Factory&#8221; is not a very good description; rather, it is an &#8220;Amphibious Battleship&#8221; with a modicum of anti-air support, decent sub protection, and shields that let it &#8220;regenerate&#8221; health if the assault against it is a failure, to say nothing of [&hellip;]<\/p>","protected":false},"author":1,"featured_media":0,"parent":231,"menu_order":0,"comment_status":"open","ping_status":"closed","template":"","meta":{"_uag_custom_page_level_css":"","site-sidebar-layout":"default","site-content-layout":"default","ast-site-content-layout":"","site-content-style":"default","site-sidebar-style":"default","ast-global-header-display":"","ast-banner-title-visibility":"","ast-main-header-display":"","ast-hfb-above-header-display":"","ast-hfb-below-header-display":"","ast-hfb-mobile-header-display":"","site-post-title":"","ast-breadcrumbs-content":"","ast-featured-img":"","footer-sml-layout":"","theme-transparent-header-meta":"default","adv-header-id-meta":"","stick-header-meta":"","header-above-stick-meta":"","header-main-stick-meta":"","header-below-stick-meta":"","astra-migrate-meta-layouts":"default","ast-page-background-enabled":"default","ast-page-background-meta":{"desktop":{"background-color":"","background-image":"","background-repeat":"repeat","background-position":"center center","background-size":"auto","background-attachment":"scroll","background-type":"","background-media":"","overlay-type":"","overlay-color":"","overlay-gradient":""},"tablet":{"background-color":"","background-image":"","background-repeat":"repeat","background-position":"center center","background-size":"auto","background-attachment":"scroll","background-type":"","background-media":"","overlay-type":"","overlay-color":"","overlay-gradient":""},"mobile":{"background-color":"","background-image":"","background-repeat":"repeat","background-position":"center center","background-size":"auto","background-attachment":"scroll","background-type":"","background-media":"","overlay-type":"","overlay-color":"","overlay-gradient":""}},"ast-content-background-meta":{"desktop":{"background-color":"var(--ast-global-color-5)","background-image":"","background-repeat":"repeat","background-position":"center center","background-size":"auto","background-attachment":"scroll","background-type":"","background-media":"","overlay-type":"","overlay-color":"","overlay-gradient":""},"tablet":{"background-color":"var(--ast-global-color-5)","background-image":"","background-repeat":"repeat","background-position":"center center","background-size":"auto","background-attachment":"scroll","background-type":"","background-media":"","overlay-type":"","overlay-color":"","overlay-gradient":""},"mobile":{"background-color":"var(--ast-global-color-5)","background-image":"","background-repeat":"repeat","background-position":"center center","background-size":"auto","background-attachment":"scroll","background-type":"","background-media":"","overlay-type":"","overlay-color":"","overlay-gradient":""}},"footnotes":""},"uagb_featured_image_src":{"full":false,"thumbnail":false,"medium":false,"medium_large":false,"large":false,"1536x1536":false,"2048x2048":false,"trp-custom-language-flag":false},"uagb_author_info":{"display_name":"SOE","author_link":"https:\/\/supcom.standardof.net\/de\/author\/k-tastic\/"},"uagb_comment_info":0,"uagb_excerpt":"FATBOY &#8211; MOBILE FACTORY The Fatboy is perhaps the game&#8217;s best experimental unit. &#8220;Mobile Factory&#8221; is not a very good description; rather, it is an &#8220;Amphibious Battleship&#8221; with a modicum of anti-air support, decent sub protection, and shields that let it &#8220;regenerate&#8221; health if the assault against it is a failure, to say nothing of&hellip;","_links":{"self":[{"href":"https:\/\/supcom.standardof.net\/de\/wp-json\/wp\/v2\/pages\/479"}],"collection":[{"href":"https:\/\/supcom.standardof.net\/de\/wp-json\/wp\/v2\/pages"}],"about":[{"href":"https:\/\/supcom.standardof.net\/de\/wp-json\/wp\/v2\/types\/page"}],"author":[{"embeddable":true,"href":"https:\/\/supcom.standardof.net\/de\/wp-json\/wp\/v2\/users\/1"}],"replies":[{"embeddable":true,"href":"https:\/\/supcom.standardof.net\/de\/wp-json\/wp\/v2\/comments?post=479"}],"version-history":[{"count":0,"href":"https:\/\/supcom.standardof.net\/de\/wp-json\/wp\/v2\/pages\/479\/revisions"}],"up":[{"embeddable":true,"href":"https:\/\/supcom.standardof.net\/de\/wp-json\/wp\/v2\/pages\/231"}],"wp:attachment":[{"href":"https:\/\/supcom.standardof.net\/de\/wp-json\/wp\/v2\/media?parent=479"}],"curies":[{"name":"wp","href":"https:\/\/api.w.org\/{rel}","templated":true}]}}