{"id":503,"date":"2020-11-01T18:06:48","date_gmt":"2020-11-01T23:06:48","guid":{"rendered":"https:\/\/supcom.standardof.net\/?page_id=503"},"modified":"2020-11-03T21:40:35","modified_gmt":"2020-11-04T02:40:35","slug":"aeon","status":"publish","type":"page","link":"https:\/\/supcom.standardof.net\/de\/supreme-commander\/aon\/","title":{"rendered":"\u00c4ON"},"content":{"rendered":"<h2 class=\"has-text-align-center wp-block-heading\">AEON EINHEITEN<\/h2>\n\n\n\n<div class=\"wp-block-image\"><figure class=\"aligncenter size-large\"><a href=\"https:\/\/supcom.standardof.net\/de\/supreme-commander\/aon\/sup-com-aeon-commander-promo\/\"><img decoding=\"async\" width=\"600\" height=\"635\" src=\"https:\/\/supcom.standardof.net\/wp-content\/uploads\/sites\/8\/2020\/11\/Sup-Com-Aeon-Commander-Promo.jpg\" alt=\"\" class=\"wp-image-505\" srcset=\"https:\/\/supcom.standardof.net\/wp-content\/uploads\/sites\/8\/2020\/11\/Sup-Com-Aeon-Commander-Promo.jpg 600w, https:\/\/supcom.standardof.net\/wp-content\/uploads\/sites\/8\/2020\/11\/Sup-Com-Aeon-Commander-Promo-484x512.jpg 484w, https:\/\/supcom.standardof.net\/wp-content\/uploads\/sites\/8\/2020\/11\/Sup-Com-Aeon-Commander-Promo-189x200.jpg 189w, https:\/\/supcom.standardof.net\/wp-content\/uploads\/sites\/8\/2020\/11\/Sup-Com-Aeon-Commander-Promo-11x12.jpg 11w\" sizes=\"(max-width: 600px) 100vw, 600px\" \/><\/a><\/figure><\/div>\n\n\n\n<p>Die einzigartigen Einheiten des Aeon sind die 3 Experimente und das T1-Angriffsboot. Aeon-Einheiten sind alle auf einen einzigen Zweck ausgerichtet, oft mit nur einer Waffe. Sie neigen dazu, weniger Gesundheit zu haben, machen dies aber in der Man\u00f6vrierf\u00e4higkeit wieder wett. <\/p>\n\n\n\n<p>Die Aeon verf\u00fcgt \u00fcber eine leistungsstarke Marine, insbesondere wenn Sie das Luftkissenfahrzeug Aurora T1 verwenden. <\/p>\n\n\n\n<p>Aeon-Ingenieure k\u00f6nnen sich selbst opfern, um einen Teil ihrer Kosten f\u00fcr ein Bauprojekt hinzuzuf\u00fcgen. Dies kann zur Not hilfreich sein, wenn Sie eine wichtige Einheit fertigstellen oder das Einheitenlimit wieder \u00fcberschreiten m\u00fcssen. <\/p>\n\n\n\n<p>Ihr T3-Belagerungsbot ist besonders n\u00fctzlich, da er seine Freunde reparieren und viel Schaden \u00fcberleben kann. <\/p>\n\n\n\n<p>Die Aeon ACU kann mit dem Upgrade der erweiterten Ressourcenzuweisung zu einem beeindruckenden K\u00e4mpfer mit Waffen- und Schild-Upgrades oder zu einem wirtschaftlichen Kraftpaket werden. Es hat jedoch weniger Gesundheit als die ACUs der anderen Fraktionen.<\/p>\n\n\n\n<section class=\"wp-block-uagb-columns uagb-columns__wrap uagb-columns__background-undefined uagb-columns__stack-mobile uagb-columns__valign-undefined uagb-columns__gap-10 alignundefined uagb-block-992c4446\"><div class=\"uagb-columns__overlay\"><\/div><div class=\"uagb-columns__inner-wrap uagb-columns__columns-1\">\n<div class=\"wp-block-uagb-column uagb-column__wrap uagb-column__background-undefined uagb-block-58a6a7d3\"><div class=\"uagb-column__overlay\"><\/div><div class=\"uagb-column__inner-wrap\">\n<h3 class=\"wp-block-heading\">Aeon-Kommandanten<\/h3>\n\n\n\n<ul><li><a href=\"https:\/\/supcom.standardof.net\/de\/supreme-commander\/aon\/aon-kommandant\/\" class=\"rank-math-link\">Kommandant (ACU)<\/a><\/li><li><a href=\"https:\/\/supcom.standardof.net\/de\/supreme-commander\/aon\/aon-subkommandant\/\" class=\"rank-math-link\">Subcommander (SCU)<\/a><\/li><\/ul>\n<\/div><\/div>\n<\/div><\/section>\n\n\n\n<section class=\"wp-block-uagb-columns uagb-columns__wrap uagb-columns__background-undefined uagb-columns__stack-mobile uagb-columns__valign-undefined uagb-columns__gap-10 alignundefined uagb-block-e67cf774\"><div class=\"uagb-columns__overlay\"><\/div><div class=\"uagb-columns__inner-wrap uagb-columns__columns-3\">\n<div class=\"wp-block-uagb-column uagb-column__wrap uagb-column__background-undefined uagb-block-0fef7ff6\"><div class=\"uagb-column__overlay\"><\/div><div class=\"uagb-column__inner-wrap\">\n<h3 class=\"wp-block-heading\" id=\"Land-Units\">Landeinheiten<\/h3>\n\n\n\n<ul><li><a href=\"https:\/\/supcom.standardof.net\/de\/supreme-commander\/aon\/tech-1-aon-landeinheiten\/\" class=\"rank-math-link\">Tier 1 Land<\/a><\/li><li><a href=\"https:\/\/supcom.standardof.net\/de\/supreme-commander\/aon\/tech-2-aon-landeinheiten\/\" class=\"rank-math-link\">Tier 2 Land<\/a><\/li><li><a href=\"https:\/\/supcom.standardof.net\/de\/supreme-commander\/aon\/tech-3-aon-landeinheiten\/\" class=\"rank-math-link\">Tier 3 Land<\/a><\/li><\/ul>\n<\/div><\/div>\n\n\n\n<div class=\"wp-block-uagb-column uagb-column__wrap uagb-column__background-undefined uagb-block-4581dca4\"><div class=\"uagb-column__overlay\"><\/div><div class=\"uagb-column__inner-wrap\">\n<h3 class=\"wp-block-heading\" id=\"Air-Units\">Lufteinheiten<\/h3>\n\n\n\n<ul><li><a href=\"https:\/\/supcom.standardof.net\/de\/supreme-commander\/aon\/tech-1-aon-luft-einheiten\/\" class=\"rank-math-link\">Tier 1 Air<\/a><\/li><li><a href=\"https:\/\/supcom.standardof.net\/de\/supreme-commander\/aon\/tech-2-aon-luft-einheiten\/\" class=\"rank-math-link\">Tier 2 Air<\/a><\/li><li><a href=\"https:\/\/supcom.standardof.net\/de\/supreme-commander\/aon\/tech-3-aon-luft-einheiten\/\" class=\"rank-math-link\">Tier 3 Air<\/a><\/li><\/ul>\n<\/div><\/div>\n\n\n\n<div class=\"wp-block-uagb-column uagb-column__wrap uagb-column__background-undefined uagb-block-d2cba97a\"><div class=\"uagb-column__overlay\"><\/div><div class=\"uagb-column__inner-wrap\">\n<h3 class=\"wp-block-heading\" id=\"Naval-Units\">Marineeinheiten<\/h3>\n\n\n\n<ul><li><a href=\"https:\/\/supcom.standardof.net\/de\/supreme-commander\/aon\/tech-1-aon-marine-einheiten\/\" class=\"rank-math-link\">Tier 1 Naval<\/a><\/li><li><a href=\"https:\/\/supcom.standardof.net\/de\/supreme-commander\/aon\/tech-2-aon-marine-einheiten\/\" class=\"rank-math-link\">Tier 2 Naval<\/a><\/li><li><a href=\"https:\/\/supcom.standardof.net\/de\/supreme-commander\/aon\/tech-3-aon-marine-einheiten\/\" class=\"rank-math-link\">Tier 3 Naval<\/a><\/li><\/ul>\n<\/div><\/div>\n<\/div><\/section>\n\n\n\n<section class=\"wp-block-uagb-columns uagb-columns__wrap uagb-columns__background-undefined uagb-columns__stack-mobile uagb-columns__valign-undefined uagb-columns__gap-10 alignundefined uagb-block-9a9cb927\"><div class=\"uagb-columns__overlay\"><\/div><div class=\"uagb-columns__inner-wrap uagb-columns__columns-2\">\n<div class=\"wp-block-uagb-column uagb-column__wrap uagb-column__background-undefined uagb-block-4ac07b24\"><div class=\"uagb-column__overlay\"><\/div><div class=\"uagb-column__inner-wrap\">\n<h3 class=\"wp-block-heading\" id=\"Defenses\">Verteidigung<\/h3>\n\n\n\n<ul><li><a href=\"https:\/\/supcom.standardof.net\/de\/supreme-commander\/aon\/tech-1-aon-verteidigung\/\" class=\"rank-math-link\">Tier 1 Verteidigung<\/a><\/li><li><a href=\"https:\/\/supcom.standardof.net\/de\/supreme-commander\/aon\/tech-2-aon-verteidigung\/\" class=\"rank-math-link\">Tier 2 Verteidigung<\/a><\/li><li><a href=\"https:\/\/supcom.standardof.net\/de\/supreme-commander\/aon\/tech-3-aon-verteidigung\/\" class=\"rank-math-link\">Tier 3 Verteidigung<\/a><\/li><\/ul>\n<\/div><\/div>\n\n\n\n<div class=\"wp-block-uagb-column uagb-column__wrap uagb-column__background-undefined uagb-block-5c128fb3\"><div class=\"uagb-column__overlay\"><\/div><div class=\"uagb-column__inner-wrap\">\n<h3 class=\"wp-block-heading\" id=\"Economy\">Wirtschaft<\/h3>\n\n\n\n<ul><li><a href=\"https:\/\/supcom.standardof.net\/de\/supreme-commander\/aon\/tech-1-aon-wirtschaft-gebaude\/\" class=\"rank-math-link\">Tier 1 Wirtschaft<\/a><\/li><li><a href=\"https:\/\/supcom.standardof.net\/de\/supreme-commander\/aon\/tech-2-aon-wirtschaft-gebaude\/\" class=\"rank-math-link\">Tier 2 Wirtschaft<\/a><\/li><li><a href=\"https:\/\/supcom.standardof.net\/de\/supreme-commander\/aon\/tech-3-aon-wirtschaft-gebaude\/\" class=\"rank-math-link\">Tier 3 Wirtschaft<\/a><\/li><\/ul>\n<\/div><\/div>\n<\/div><\/section>\n\n\n\n<section class=\"wp-block-uagb-columns uagb-columns__wrap uagb-columns__background-undefined uagb-columns__stack-mobile uagb-columns__valign-undefined uagb-columns__gap-10 alignundefined uagb-block-b41b05e2\"><div class=\"uagb-columns__overlay\"><\/div><div class=\"uagb-columns__inner-wrap uagb-columns__columns-1\">\n<div class=\"wp-block-uagb-column uagb-column__wrap uagb-column__background-undefined uagb-block-e7776ae9\"><div class=\"uagb-column__overlay\"><\/div><div class=\"uagb-column__inner-wrap\">\n<h3 class=\"wp-block-heading\"><a href=\"https:\/\/supcom.standardof.net\/de\/supreme-commander\/aon\/aon-experimentelle-einheiten\/\" class=\"rank-math-link\">Experimentelle Einheiten<\/a><\/h3>\n<\/div><\/div>\n<\/div><\/section>","protected":false},"excerpt":{"rendered":"<p>AEON UNITS The Aeon&#8217;s unique units are the 3 experimentals and the T1 Attack Boat. Aeon units are all focused towards a single purpose, often with only one gun. They tend to have less health, but make up for it in maneuverability. The Aeon has a powerful navy, especially if you include the Aurora T1 [&hellip;]<\/p>","protected":false},"author":1,"featured_media":0,"parent":14,"menu_order":0,"comment_status":"open","ping_status":"closed","template":"","meta":{"_uag_custom_page_level_css":"","site-sidebar-layout":"default","site-content-layout":"default","ast-site-content-layout":"","site-content-style":"default","site-sidebar-style":"default","ast-global-header-display":"","ast-banner-title-visibility":"","ast-main-header-display":"","ast-hfb-above-header-display":"","ast-hfb-below-header-display":"","ast-hfb-mobile-header-display":"","site-post-title":"","ast-breadcrumbs-content":"","ast-featured-img":"","footer-sml-layout":"","theme-transparent-header-meta":"default","adv-header-id-meta":"","stick-header-meta":"","header-above-stick-meta":"","header-main-stick-meta":"","header-below-stick-meta":"","astra-migrate-meta-layouts":"default","ast-page-background-enabled":"default","ast-page-background-meta":{"desktop":{"background-color":"","background-image":"","background-repeat":"repeat","background-position":"center center","background-size":"auto","background-attachment":"scroll","background-type":"","background-media":"","overlay-type":"","overlay-color":"","overlay-gradient":""},"tablet":{"background-color":"","background-image":"","background-repeat":"repeat","background-position":"center center","background-size":"auto","background-attachment":"scroll","background-type":"","background-media":"","overlay-type":"","overlay-color":"","overlay-gradient":""},"mobile":{"background-color":"","background-image":"","background-repeat":"repeat","background-position":"center center","background-size":"auto","background-attachment":"scroll","background-type":"","background-media":"","overlay-type":"","overlay-color":"","overlay-gradient":""}},"ast-content-background-meta":{"desktop":{"background-color":"var(--ast-global-color-5)","background-image":"","background-repeat":"repeat","background-position":"center center","background-size":"auto","background-attachment":"scroll","background-type":"","background-media":"","overlay-type":"","overlay-color":"","overlay-gradient":""},"tablet":{"background-color":"var(--ast-global-color-5)","background-image":"","background-repeat":"repeat","background-position":"center center","background-size":"auto","background-attachment":"scroll","background-type":"","background-media":"","overlay-type":"","overlay-color":"","overlay-gradient":""},"mobile":{"background-color":"var(--ast-global-color-5)","background-image":"","background-repeat":"repeat","background-position":"center center","background-size":"auto","background-attachment":"scroll","background-type":"","background-media":"","overlay-type":"","overlay-color":"","overlay-gradient":""}},"footnotes":""},"uagb_featured_image_src":{"full":false,"thumbnail":false,"medium":false,"medium_large":false,"large":false,"1536x1536":false,"2048x2048":false,"trp-custom-language-flag":false},"uagb_author_info":{"display_name":"SOE","author_link":"https:\/\/supcom.standardof.net\/de\/author\/k-tastic\/"},"uagb_comment_info":0,"uagb_excerpt":"AEON UNITS The Aeon&#8217;s unique units are the 3 experimentals and the T1 Attack Boat. Aeon units are all focused towards a single purpose, often with only one gun. They tend to have less health, but make up for it in maneuverability. The Aeon has a powerful navy, especially if you include the Aurora T1&hellip;","_links":{"self":[{"href":"https:\/\/supcom.standardof.net\/de\/wp-json\/wp\/v2\/pages\/503"}],"collection":[{"href":"https:\/\/supcom.standardof.net\/de\/wp-json\/wp\/v2\/pages"}],"about":[{"href":"https:\/\/supcom.standardof.net\/de\/wp-json\/wp\/v2\/types\/page"}],"author":[{"embeddable":true,"href":"https:\/\/supcom.standardof.net\/de\/wp-json\/wp\/v2\/users\/1"}],"replies":[{"embeddable":true,"href":"https:\/\/supcom.standardof.net\/de\/wp-json\/wp\/v2\/comments?post=503"}],"version-history":[{"count":0,"href":"https:\/\/supcom.standardof.net\/de\/wp-json\/wp\/v2\/pages\/503\/revisions"}],"up":[{"embeddable":true,"href":"https:\/\/supcom.standardof.net\/de\/wp-json\/wp\/v2\/pages\/14"}],"wp:attachment":[{"href":"https:\/\/supcom.standardof.net\/de\/wp-json\/wp\/v2\/media?parent=503"}],"curies":[{"name":"wp","href":"https:\/\/api.w.org\/{rel}","templated":true}]}}