{"id":538,"date":"2020-11-01T19:02:30","date_gmt":"2020-11-02T00:02:30","guid":{"rendered":"https:\/\/supcom.standardof.net\/?page_id=538"},"modified":"2020-11-03T00:12:07","modified_gmt":"2020-11-03T05:12:07","slug":"cybran","status":"publish","type":"page","link":"https:\/\/supcom.standardof.net\/de\/supreme-commander\/cybran\/","title":{"rendered":"CYBRAN"},"content":{"rendered":"<h2 class=\"has-text-align-center wp-block-heading\">CYBRAN-EINHEITEN<\/h2>\n\n\n\n<div class=\"wp-block-image\"><figure class=\"aligncenter size-large\"><a href=\"https:\/\/supcom.standardof.net\/de\/supreme-commander\/cybran\/sup-com-cybran-commander-promo\/\"><img decoding=\"async\" width=\"600\" height=\"637\" src=\"https:\/\/supcom.standardof.net\/wp-content\/uploads\/sites\/8\/2020\/11\/Sup-Com-Cybran-Commander-Promo.jpg\" alt=\"\" class=\"wp-image-541\" srcset=\"https:\/\/supcom.standardof.net\/wp-content\/uploads\/sites\/8\/2020\/11\/Sup-Com-Cybran-Commander-Promo.jpg 600w, https:\/\/supcom.standardof.net\/wp-content\/uploads\/sites\/8\/2020\/11\/Sup-Com-Cybran-Commander-Promo-482x512.jpg 482w, https:\/\/supcom.standardof.net\/wp-content\/uploads\/sites\/8\/2020\/11\/Sup-Com-Cybran-Commander-Promo-188x200.jpg 188w, https:\/\/supcom.standardof.net\/wp-content\/uploads\/sites\/8\/2020\/11\/Sup-Com-Cybran-Commander-Promo-11x12.jpg 11w\" sizes=\"(max-width: 600px) 100vw, 600px\" \/><\/a><\/figure><\/div>\n\n\n\n<p>Die einzigartigen Einheiten von Cybran sind die 3 Experimente und der mobile Radarst\u00f6rsender T2. Viele Cybran-Einheiten unterscheiden sich auch erheblich von ihren UEF- und Aeon-Gegenst\u00fccken - wandelnde Zerst\u00f6rer, getarnte Landsp\u00e4her, aufr\u00fcstbare Schilde, U-Boote mit Deckgesch\u00fctzen, tats\u00e4chlich amphibische Panzer und der Mantis-Bot. Cybran-Einheiten neigen dazu, seltsame \u201ezus\u00e4tzliche\u201c Dinge sowie ihren Hauptzweck zu tun. Cybrans haben keinen mobilen Schildgenerator oder schweren Schildgenerator. Ihre Schilde m\u00fcssen manuell aufger\u00fcstet werden, um eine maximale Abdeckung zu erreichen. Sie sind immer noch viel schw\u00e4cher als die schweren Schilde der anderen Fraktionen. Die Cybran ACU kann entweder zu einer sehr riskanten Offensivkraft oder zu einem praktisch unsichtbaren Ass im Loch aufger\u00fcstet werden.<\/p>\n\n\n\n<section class=\"wp-block-uagb-columns uagb-columns__wrap uagb-columns__background-undefined uagb-columns__stack-mobile uagb-columns__valign-undefined uagb-columns__gap-10 alignundefined uagb-block-7847c660\"><div class=\"uagb-columns__overlay\"><\/div><div class=\"uagb-columns__inner-wrap uagb-columns__columns-1\">\n<div class=\"wp-block-uagb-column uagb-column__wrap uagb-column__background-undefined uagb-block-13352c1e\"><div class=\"uagb-column__overlay\"><\/div><div class=\"uagb-column__inner-wrap\">\n<h3 class=\"wp-block-heading\">Cybran-Kommandanten<\/h3>\n\n\n\n<ul><li><a href=\"https:\/\/supcom.standardof.net\/de\/supreme-commander\/cybran\/cybran-kommandant\/\" class=\"rank-math-link\">Kommandant (ACU)<\/a><\/li><li><a href=\"https:\/\/supcom.standardof.net\/de\/supreme-commander\/cybran\/cybran-subkommandant\/\" class=\"rank-math-link\">Subcommander (SCU)<\/a><\/li><\/ul>\n<\/div><\/div>\n<\/div><\/section>\n\n\n\n<section class=\"wp-block-uagb-columns uagb-columns__wrap uagb-columns__background-undefined uagb-columns__stack-mobile uagb-columns__valign-undefined uagb-columns__gap-10 alignundefined uagb-block-aa685df0\"><div class=\"uagb-columns__overlay\"><\/div><div class=\"uagb-columns__inner-wrap uagb-columns__columns-3\">\n<div class=\"wp-block-uagb-column uagb-column__wrap uagb-column__background-undefined uagb-block-3f6f3761\"><div class=\"uagb-column__overlay\"><\/div><div class=\"uagb-column__inner-wrap\">\n<h3 class=\"wp-block-heading\" id=\"Land-Units\">Landeinheiten<\/h3>\n\n\n\n<ul><li><a href=\"https:\/\/supcom.standardof.net\/de\/supreme-commander\/cybran\/cybran-tech-1-landeinheiten\/\" class=\"rank-math-link\">Tier 1 Land<\/a><\/li><li><a href=\"https:\/\/supcom.standardof.net\/de\/supreme-commander\/cybran\/cybran-tech-2-landeinheiten\/\" class=\"rank-math-link\">Tier 2 Land<\/a><\/li><li><a href=\"https:\/\/supcom.standardof.net\/de\/supreme-commander\/cybran\/cybran-tech-3-landeinheiten\/\" class=\"rank-math-link\">Tier 3 Land<\/a><\/li><\/ul>\n<\/div><\/div>\n\n\n\n<div class=\"wp-block-uagb-column uagb-column__wrap uagb-column__background-undefined uagb-block-690fadf3\"><div class=\"uagb-column__overlay\"><\/div><div class=\"uagb-column__inner-wrap\">\n<h3 class=\"wp-block-heading\" id=\"Air-Units\">Lufteinheiten<\/h3>\n\n\n\n<ul><li><a href=\"https:\/\/supcom.standardof.net\/de\/supreme-commander\/cybran\/cybran-tech-1-air-einheiten\/\" class=\"rank-math-link\">Tier 1 Air<\/a><\/li><li><a href=\"https:\/\/supcom.standardof.net\/de\/supreme-commander\/cybran\/cybran-tech-2-luft-einheiten\/\" class=\"rank-math-link\">Tier 2 Air<\/a><\/li><li><a href=\"https:\/\/supcom.standardof.net\/de\/supreme-commander\/cybran\/cybran-tech-3-luft-einheiten\/\" class=\"rank-math-link\">Tier 3 Air<\/a><\/li><\/ul>\n<\/div><\/div>\n\n\n\n<div class=\"wp-block-uagb-column uagb-column__wrap uagb-column__background-undefined uagb-block-5d438d60\"><div class=\"uagb-column__overlay\"><\/div><div class=\"uagb-column__inner-wrap\">\n<h3 class=\"wp-block-heading\" id=\"Naval-Units\">Marineeinheiten<\/h3>\n\n\n\n<ul><li><a href=\"https:\/\/supcom.standardof.net\/de\/supreme-commander\/cybran\/cybran-tech-1-marine-einheiten\/\" class=\"rank-math-link\">Tier 1 Naval<\/a><\/li><li><a href=\"https:\/\/supcom.standardof.net\/de\/supreme-commander\/cybran\/cybran-tech-2-marine-einheiten\/\" class=\"rank-math-link\">Tier 2 Naval<\/a><\/li><li><a href=\"https:\/\/supcom.standardof.net\/de\/supreme-commander\/cybran\/cybran-tech-3-marine-einheiten\/\" class=\"rank-math-link\">Tier 3 Naval<\/a><\/li><\/ul>\n<\/div><\/div>\n<\/div><\/section>\n\n\n\n<section class=\"wp-block-uagb-columns uagb-columns__wrap uagb-columns__background-undefined uagb-columns__stack-mobile uagb-columns__valign-undefined uagb-columns__gap-10 alignundefined uagb-block-fde9a700\"><div class=\"uagb-columns__overlay\"><\/div><div class=\"uagb-columns__inner-wrap uagb-columns__columns-2\">\n<div class=\"wp-block-uagb-column uagb-column__wrap uagb-column__background-undefined uagb-block-415beb25\"><div class=\"uagb-column__overlay\"><\/div><div class=\"uagb-column__inner-wrap\">\n<h3 class=\"wp-block-heading\" id=\"Defenses\">Verteidigung<\/h3>\n\n\n\n<ul><li><a href=\"https:\/\/supcom.standardof.net\/de\/supreme-commander\/cybran\/cybran-tech-1-abwehr\/\" class=\"rank-math-link\">Tier 1 Verteidigung<\/a><\/li><li><a href=\"https:\/\/supcom.standardof.net\/de\/supreme-commander\/cybran\/cybran-tech-2-abwehr\/\" class=\"rank-math-link\">Tier 2 Verteidigung<\/a><\/li><li><a href=\"https:\/\/supcom.standardof.net\/de\/supreme-commander\/cybran\/cybran-tech-3-abwehr\/\" class=\"rank-math-link\">Tier 3 Verteidigung<\/a><\/li><\/ul>\n<\/div><\/div>\n\n\n\n<div class=\"wp-block-uagb-column uagb-column__wrap uagb-column__background-undefined uagb-block-c2c7f2da\"><div class=\"uagb-column__overlay\"><\/div><div class=\"uagb-column__inner-wrap\">\n<h3 class=\"wp-block-heading\" id=\"Economy\">Wirtschaft<\/h3>\n\n\n\n<ul><li><a href=\"https:\/\/supcom.standardof.net\/de\/supreme-commander\/cybran\/cybran-tech-1-wirtschaft\/\" class=\"rank-math-link\">Tier 1 Wirtschaft<\/a><\/li><li><a href=\"https:\/\/supcom.standardof.net\/de\/supreme-commander\/cybran\/cybran-tech-2-wirtschaft\/\" class=\"rank-math-link\">Tier 2 Wirtschaft<\/a><\/li><li><a href=\"https:\/\/supcom.standardof.net\/de\/supreme-commander\/cybran\/cybran-tech-3-wirtschaft\/\" class=\"rank-math-link\">Tier 3 Wirtschaft<\/a><\/li><\/ul>\n\n\n\n<p><\/p>\n<\/div><\/div>\n<\/div><\/section>\n\n\n\n<section class=\"wp-block-uagb-columns uagb-columns__wrap uagb-columns__background-undefined uagb-columns__stack-mobile uagb-columns__valign-undefined uagb-columns__gap-10 alignundefined uagb-block-c39f3e34\"><div class=\"uagb-columns__overlay\"><\/div><div class=\"uagb-columns__inner-wrap uagb-columns__columns-1\">\n<div class=\"wp-block-uagb-column uagb-column__wrap uagb-column__background-undefined uagb-block-6200630e\"><div class=\"uagb-column__overlay\"><\/div><div class=\"uagb-column__inner-wrap\">\n<h3 class=\"wp-block-heading\"><a href=\"https:\/\/supcom.standardof.net\/de\/supreme-commander\/cybran\/cybran-versuchseinheiten\/\" class=\"rank-math-link\">Experimentelle Einheiten<\/a><\/h3>\n<\/div><\/div>\n<\/div><\/section>","protected":false},"excerpt":{"rendered":"<p>CYBRAN UNITS The Cybran unique units are the 3 experimentals and the T2 mobile radar jammer. Many Cybran units also have significant differences from their UEF and Aeon counterparts &#8211; walking destroyers, cloaking land scouts, upgradeable shields, subs with deck guns, actually amphibious tanks, and the Mantis bot. Cybran units tend to do odd &#8220;extra&#8221; [&hellip;]<\/p>","protected":false},"author":1,"featured_media":0,"parent":14,"menu_order":0,"comment_status":"open","ping_status":"closed","template":"","meta":{"_uag_custom_page_level_css":"","site-sidebar-layout":"default","site-content-layout":"default","ast-site-content-layout":"","site-content-style":"default","site-sidebar-style":"default","ast-global-header-display":"","ast-banner-title-visibility":"","ast-main-header-display":"","ast-hfb-above-header-display":"","ast-hfb-below-header-display":"","ast-hfb-mobile-header-display":"","site-post-title":"","ast-breadcrumbs-content":"","ast-featured-img":"","footer-sml-layout":"","theme-transparent-header-meta":"default","adv-header-id-meta":"","stick-header-meta":"","header-above-stick-meta":"","header-main-stick-meta":"","header-below-stick-meta":"","astra-migrate-meta-layouts":"default","ast-page-background-enabled":"default","ast-page-background-meta":{"desktop":{"background-color":"","background-image":"","background-repeat":"repeat","background-position":"center center","background-size":"auto","background-attachment":"scroll","background-type":"","background-media":"","overlay-type":"","overlay-color":"","overlay-gradient":""},"tablet":{"background-color":"","background-image":"","background-repeat":"repeat","background-position":"center center","background-size":"auto","background-attachment":"scroll","background-type":"","background-media":"","overlay-type":"","overlay-color":"","overlay-gradient":""},"mobile":{"background-color":"","background-image":"","background-repeat":"repeat","background-position":"center center","background-size":"auto","background-attachment":"scroll","background-type":"","background-media":"","overlay-type":"","overlay-color":"","overlay-gradient":""}},"ast-content-background-meta":{"desktop":{"background-color":"var(--ast-global-color-5)","background-image":"","background-repeat":"repeat","background-position":"center center","background-size":"auto","background-attachment":"scroll","background-type":"","background-media":"","overlay-type":"","overlay-color":"","overlay-gradient":""},"tablet":{"background-color":"var(--ast-global-color-5)","background-image":"","background-repeat":"repeat","background-position":"center center","background-size":"auto","background-attachment":"scroll","background-type":"","background-media":"","overlay-type":"","overlay-color":"","overlay-gradient":""},"mobile":{"background-color":"var(--ast-global-color-5)","background-image":"","background-repeat":"repeat","background-position":"center center","background-size":"auto","background-attachment":"scroll","background-type":"","background-media":"","overlay-type":"","overlay-color":"","overlay-gradient":""}},"footnotes":""},"uagb_featured_image_src":{"full":false,"thumbnail":false,"medium":false,"medium_large":false,"large":false,"1536x1536":false,"2048x2048":false,"trp-custom-language-flag":false},"uagb_author_info":{"display_name":"SOE","author_link":"https:\/\/supcom.standardof.net\/de\/author\/k-tastic\/"},"uagb_comment_info":0,"uagb_excerpt":"CYBRAN UNITS The Cybran unique units are the 3 experimentals and the T2 mobile radar jammer. Many Cybran units also have significant differences from their UEF and Aeon counterparts &#8211; walking destroyers, cloaking land scouts, upgradeable shields, subs with deck guns, actually amphibious tanks, and the Mantis bot. Cybran units tend to do odd &#8220;extra&#8221;&hellip;","_links":{"self":[{"href":"https:\/\/supcom.standardof.net\/de\/wp-json\/wp\/v2\/pages\/538"}],"collection":[{"href":"https:\/\/supcom.standardof.net\/de\/wp-json\/wp\/v2\/pages"}],"about":[{"href":"https:\/\/supcom.standardof.net\/de\/wp-json\/wp\/v2\/types\/page"}],"author":[{"embeddable":true,"href":"https:\/\/supcom.standardof.net\/de\/wp-json\/wp\/v2\/users\/1"}],"replies":[{"embeddable":true,"href":"https:\/\/supcom.standardof.net\/de\/wp-json\/wp\/v2\/comments?post=538"}],"version-history":[{"count":0,"href":"https:\/\/supcom.standardof.net\/de\/wp-json\/wp\/v2\/pages\/538\/revisions"}],"up":[{"embeddable":true,"href":"https:\/\/supcom.standardof.net\/de\/wp-json\/wp\/v2\/pages\/14"}],"wp:attachment":[{"href":"https:\/\/supcom.standardof.net\/de\/wp-json\/wp\/v2\/media?parent=538"}],"curies":[{"name":"wp","href":"https:\/\/api.w.org\/{rel}","templated":true}]}}