{"id":549,"date":"2020-11-01T19:32:26","date_gmt":"2020-11-02T00:32:26","guid":{"rendered":"https:\/\/supcom.standardof.net\/?page_id=549"},"modified":"2020-11-04T12:06:00","modified_gmt":"2020-11-04T17:06:00","slug":"cybran-commander","status":"publish","type":"page","link":"https:\/\/supcom.standardof.net\/de\/supreme-commander\/cybran\/cybran-kommandant\/","title":{"rendered":"Cybran Commander"},"content":{"rendered":"<section class=\"wp-block-uagb-columns uagb-columns__wrap uagb-columns__background-undefined uagb-columns__stack-mobile uagb-columns__valign-undefined uagb-columns__gap-10 alignundefined uagb-block-248e45dc\"><div class=\"uagb-columns__overlay\"><\/div><div class=\"uagb-columns__inner-wrap uagb-columns__columns-1\">\n<div class=\"wp-block-uagb-column uagb-column__wrap uagb-column__background-undefined uagb-block-67cc22c3\"><div class=\"uagb-column__overlay\"><\/div><div class=\"uagb-column__inner-wrap\">\n<h2 class=\"wp-block-heading\"><strong>GEPANZERTE BEFEHLSEINHEIT<\/strong> - CYBRAN ACU<\/h2>\n\n\n\n<p>Ihr Commander sieht einsch\u00fcchternd aus, aber das liegt nur daran, dass er so vielseitig ist. Denken Sie daran, wenn Sie in Schwierigkeiten sind, k\u00f6nnen Sie durch Dr\u00fccken von O \u00fcberladen.<\/p>\n\n\n\n<div class=\"wp-block-image\"><figure class=\"aligncenter size-large\"><a href=\"https:\/\/supcom.standardof.net\/de\/supreme-commander\/cybran\/cybran-kommandant\/supreme-commander-armored-command-unit-cybran-acu\/\"><img decoding=\"async\" width=\"800\" height=\"553\" src=\"https:\/\/supcom.standardof.net\/wp-content\/uploads\/sites\/8\/2020\/11\/Supreme-Commander-ARMORED-COMMAND-UNIT-\u2013-CYBRAN-ACU-800x553.jpg\" alt=\"Die gepanzerte Cybran-Befehlseinheit im Oberbefehlshaber.\" class=\"wp-image-890\" srcset=\"https:\/\/supcom.standardof.net\/wp-content\/uploads\/sites\/8\/2020\/11\/Supreme-Commander-ARMORED-COMMAND-UNIT-\u2013-CYBRAN-ACU-800x553.jpg 800w, https:\/\/supcom.standardof.net\/wp-content\/uploads\/sites\/8\/2020\/11\/Supreme-Commander-ARMORED-COMMAND-UNIT-\u2013-CYBRAN-ACU-512x354.jpg 512w, https:\/\/supcom.standardof.net\/wp-content\/uploads\/sites\/8\/2020\/11\/Supreme-Commander-ARMORED-COMMAND-UNIT-\u2013-CYBRAN-ACU-200x138.jpg 200w, https:\/\/supcom.standardof.net\/wp-content\/uploads\/sites\/8\/2020\/11\/Supreme-Commander-ARMORED-COMMAND-UNIT-\u2013-CYBRAN-ACU-768x531.jpg 768w, https:\/\/supcom.standardof.net\/wp-content\/uploads\/sites\/8\/2020\/11\/Supreme-Commander-ARMORED-COMMAND-UNIT-\u2013-CYBRAN-ACU-16x12.jpg 16w, https:\/\/supcom.standardof.net\/wp-content\/uploads\/sites\/8\/2020\/11\/Supreme-Commander-ARMORED-COMMAND-UNIT-\u2013-CYBRAN-ACU.jpg 1426w\" sizes=\"(max-width: 800px) 100vw, 800px\" \/><\/a><figcaption>CYBRAN ACU<\/figcaption><\/figure><\/div>\n\n\n\n<section class=\"wp-block-uagb-columns uagb-columns__wrap uagb-columns__background-undefined uagb-columns__stack-mobile uagb-columns__valign-undefined uagb-columns__gap-10 alignundefined uagb-block-cb23705a\"><div class=\"uagb-columns__overlay\"><\/div><div class=\"uagb-columns__inner-wrap uagb-columns__columns-2\">\n<div class=\"wp-block-uagb-column uagb-column__wrap uagb-column__background-undefined uagb-block-6c162137\"><div class=\"uagb-column__overlay\"><\/div><div class=\"uagb-column__inner-wrap\">\n<h3 class=\"wp-block-heading\">ACU-Statistiken<\/h3>\n\n\n\n<p><strong>R\u00fcstung:<\/strong> 10.000 PS<br>&nbsp;&nbsp;&nbsp; Regenerationsrate: 15<br>&nbsp;&nbsp;&nbsp; R\u00fcstungstyp: Kommandant<br><strong>F\u00e4higkeiten<\/strong><br>&nbsp;&nbsp;&nbsp; Anpassbar<br>&nbsp;&nbsp;&nbsp; \u00dcberladung<br>&nbsp;&nbsp;&nbsp; Omni Sensor<br>&nbsp;&nbsp;&nbsp; Engineering Suite<br><strong>Kosten<\/strong><br>&nbsp;&nbsp;&nbsp; M 60.000 (+1, Speicher: 400)<br>&nbsp;&nbsp;&nbsp; E 5.000.000 (+10, Speicher: 2500)<br>&nbsp;&nbsp;&nbsp; T 18.000<br><strong>Build Rate:<\/strong> 10<br><strong>Intel<\/strong><br>&nbsp;&nbsp;&nbsp; Sicht: 26 (508 m)<br>&nbsp;&nbsp;&nbsp; Omni: 26 (508 m)<br><strong>Physik<\/strong><br>&nbsp;&nbsp;&nbsp; H\u00f6chstgeschwindigkeit: 1,7 (33,2 m \/ s)<br>&nbsp;&nbsp;&nbsp; Wendegeschwindigkeit: 90<br><strong>Transportklasse:<\/strong> 3<br><strong>Veterin\u00e4rwesen:<\/strong> 100, 200, 500, 1000, 2000 Kills<br><em>* Veteranenstufe 2: +2.500 PS<br>* Veteranenstufe 4: +2.500 PS<br>* Veteranenstufe 5: Reparatur von 30 PS \/ s<\/em><\/p>\n<\/div><\/div>\n\n\n\n<div class=\"wp-block-uagb-column uagb-column__wrap uagb-column__background-undefined uagb-block-2ad04f62\"><div class=\"uagb-column__overlay\"><\/div><div class=\"uagb-column__inner-wrap\">\n<h3 class=\"wp-block-heading\">ACU-Waffen<\/h3>\n\n\n\n<p><strong>Molecular Ripper Cannon<\/strong> (Direktes Feuer)<br>&nbsp;&nbsp;&nbsp; 100,00 dps<br><strong>Reichweite:<\/strong> 2 (39,1 m) - 22 (430 m)<br><strong>Projektilwaffe:<\/strong> 80 Schaden<br><strong>Feuerrate:<\/strong> 1,2 (alle 0,8 s)<br><em>* Veteranenstufe 1: +25 Schaden<br>* Veteranenstufe 3: +25 Schaden<\/em><\/p>\n\n\n\n<p><strong>Kanone \u00fcberladen<\/strong> (Direktes Feuer)<br>&nbsp;&nbsp;&nbsp; 35.000,00 dps<br><strong>Bereich:<\/strong> 2 (39,1 m)<br><strong>Reichweite:<\/strong> 10 (195 m)<br><strong>Projektilwaffe:<\/strong> 70.000 Schaden<br><strong>Feuerrate:<\/strong> 0,5 (alle 2 s)<br><strong>Energiebedarf:<\/strong> 3.000 (-3.000)<br><em>* Veteranenstufe 1: +17.500 Schaden<br>* Veteranenstufe 3: +17.500 Schaden<\/em><\/p>\n\n\n\n<p><strong>Tod Nuke<\/strong> (Direktes Feuer)<br>Innenringschaden: 3.500<br>Innenringradius: 30 (586 m)<br>Au\u00dfenringschaden: 500<br>Au\u00dfenringradius: 40 (781 m)<\/p>\n<\/div><\/div>\n<\/div><\/section>\n<\/div><\/div>\n<\/div><\/section>\n\n\n\n<section class=\"wp-block-uagb-columns uagb-columns__wrap uagb-columns__background-undefined uagb-columns__stack-mobile uagb-columns__valign-undefined uagb-columns__gap-10 alignundefined uagb-block-5b344dab\"><div class=\"uagb-columns__overlay\"><\/div><div class=\"uagb-columns__inner-wrap uagb-columns__columns-1\">\n<div class=\"wp-block-uagb-column uagb-column__wrap uagb-column__background-undefined uagb-block-69dfcfb5\"><div class=\"uagb-column__overlay\"><\/div><div class=\"uagb-column__inner-wrap\">\t\t\t\t<div class=\"wp-block-uagb-table-of-contents uagb-toc__align-left uagb-toc__columns-1  uagb-block-7009dc12\"\n\t\t\t\t\tdata-scroll= \"1\"\n\t\t\t\t\tdata-offset= \"30\"\n\t\t\t\t\tstyle=\"\"\n\t\t\t\t>\n\t\t\t\t<div class=\"uagb-toc__wrap\">\n\t\t\t\t\t\t<div class=\"uagb-toc__title\">\n\t\t\t\t\t\t\tCybran ACU-Upgrades\t\t\t\t\t\t<\/div>\n\t\t\t\t\t\t\t\t\t\t\t\t\t\t\t\t<div class=\"uagb-toc__list-wrap\">\n\t\t\t\t\t\t<ol class=\"uagb-toc__list\"><li class=\"uagb-toc__list\"><a href=\"#right-arm\" class=\"uagb-toc-link__trigger\">Rechter Arm<\/a><ul class=\"uagb-toc__list\"><li class=\"uagb-toc__list\"><a href=\"#microwave-laser-generator\" class=\"uagb-toc-link__trigger\">Mikrowellenlasergenerator<\/a><li class=\"uagb-toc__list\"><li class=\"uagb-toc__list\"><a href=\"#nanite-torpedo-tube\" class=\"uagb-toc-link__trigger\">Nanite Torpedorohr<\/a><\/li><\/ul><\/li><li class=\"uagb-toc__list\"><a href=\"#back\" class=\"uagb-toc-link__trigger\">Zur\u00fcck<\/a><ul class=\"uagb-toc__list\"><li class=\"uagb-toc__list\"><a href=\"#personal-teleporter\" class=\"uagb-toc-link__trigger\">Pers\u00f6nlicher Teleporter<\/a><li class=\"uagb-toc__list\"><li class=\"uagb-toc__list\"><a href=\"#personal-cloaking-generator\" class=\"uagb-toc-link__trigger\">Pers\u00f6nlicher Tarngenerator<\/a><li class=\"uagb-toc__list\"><li class=\"uagb-toc__list\"><a href=\"#personal-stealth-generator\" class=\"uagb-toc-link__trigger\">Pers\u00f6nlicher Stealth-Generator<\/a><li class=\"uagb-toc__list\"><li class=\"uagb-toc__list\"><a href=\"#resource-allocation-system\" class=\"uagb-toc-link__trigger\">Ressourcenzuweisungssystem<\/a><\/li><\/ul><\/li><\/ul><\/li><li class=\"uagb-toc__list\"><a href=\"#left-arm\" class=\"uagb-toc-link__trigger\">Linker Arm<\/a><ul class=\"uagb-toc__list\"><li class=\"uagb-toc__list\"><a href=\"#tech-2-engineering-suite\" class=\"uagb-toc-link__trigger\">Tech 2 Engineering Suite<\/a><li class=\"uagb-toc__list\"><li class=\"uagb-toc__list\"><a href=\"#tech-3-engineering-suite\" class=\"uagb-toc-link__trigger\">Tech 3 Engineering Suite<\/a><li class=\"uagb-toc__list\"><li class=\"uagb-toc__list\"><a href=\"#advanced-cooling-upgrade\" class=\"uagb-toc-link__trigger\">Erweitertes K\u00fchlungs-Upgrade<\/a><\/ul><\/ul><\/ul><\/ol>\t\t\t\t\t<\/div>\n\t\t\t\t\t\t\t\t\t<\/div>\n\t\t\t\t<\/div>\n\t\t\t<\/div><\/div>\n<\/div><\/section>\n\n\n\n<section class=\"wp-block-uagb-columns uagb-columns__wrap uagb-columns__background-undefined uagb-columns__stack-mobile uagb-columns__valign-undefined uagb-columns__gap-10 alignundefined uagb-block-43fdd530\"><div class=\"uagb-columns__overlay\"><\/div><div class=\"uagb-columns__inner-wrap uagb-columns__columns-1\">\n<div class=\"wp-block-uagb-column uagb-column__wrap uagb-column__background-undefined uagb-block-8eadcab3\"><div class=\"uagb-column__overlay\"><\/div><div class=\"uagb-column__inner-wrap\">\n<h4 class=\"wp-block-heading\">Rechter Arm<\/h4>\n\n\n\n<section class=\"wp-block-uagb-columns uagb-columns__wrap uagb-columns__background-undefined uagb-columns__stack-mobile uagb-columns__valign-undefined uagb-columns__gap-10 alignundefined uagb-block-3121bddb\"><div class=\"uagb-columns__overlay\"><\/div><div class=\"uagb-columns__inner-wrap uagb-columns__columns-1\">\n<div class=\"wp-block-uagb-column uagb-column__wrap uagb-column__background-undefined uagb-block-2731e6e4\"><div class=\"uagb-column__overlay\"><\/div><div class=\"uagb-column__inner-wrap\">\n<h5 class=\"wp-block-heading\">Mikrowellenlasergenerator<\/h5>\n\n\n\n<p>Verleiht der ACU einen zus\u00e4tzlichen Monkeylord-\u00e4hnlichen Laser, der sie vor nicht experimentellen Bodenkr\u00e4ften sch\u00fctzen kann.<\/p>\n\n\n\n<p><strong>Kosten<\/strong>: M 6.750 - E 900.000 - T 2.250<strong><br>Schwerer Mikrowellenlaser<\/strong><br>&nbsp;&nbsp;&nbsp; 5.000,00 dps<br><strong>Reichweite:<\/strong> 22 (430 m)<br><strong>Dauerstrahlwaffe<br>Kosten zu feuern:<\/strong> E (-2000)<br><em>* Veteranenstufe 1: +250 Schaden<br>* Veteranenstufe 3: +250 Schaden<\/em><\/p>\n<\/div><\/div>\n<\/div><\/section>\n\n\n\n<section class=\"wp-block-uagb-columns uagb-columns__wrap uagb-columns__background-undefined uagb-columns__stack-mobile uagb-columns__valign-undefined uagb-columns__gap-10 alignundefined uagb-block-c2484c11\"><div class=\"uagb-columns__overlay\"><\/div><div class=\"uagb-columns__inner-wrap uagb-columns__columns-1\">\n<div class=\"wp-block-uagb-column uagb-column__wrap uagb-column__background-undefined uagb-block-0f571ff6\"><div class=\"uagb-column__overlay\"><\/div><div class=\"uagb-column__inner-wrap\">\n<h5 class=\"wp-block-heading\">Nanite Torpedorohr<\/h5>\n\n\n\n<p>Gibt Commander-Torpedos f\u00fcr Unterwassermissionen.<\/p>\n\n\n\n<p><strong>Kosten<\/strong>: M 1.500 - E 37.500 - T 1.500<br><strong>Nanite Torpedo<\/strong> (Anti Navy)<br>&nbsp;&nbsp;&nbsp; 250,00 dps<br><strong>Reichweite:<\/strong> 32 (625 m)<br><strong>Projektilwaffe:<\/strong> 500 Schaden<br>Feuerrate: 0,5 (alle 2s)<br><em>* Veteranenstufe 1: +125 Schaden<br>* Veteranenstufe 3: +125 Schaden<\/em><\/p>\n<\/div><\/div>\n<\/div><\/section>\n<\/div><\/div>\n<\/div><\/section>\n\n\n\n<section class=\"wp-block-uagb-columns uagb-columns__wrap uagb-columns__background-undefined uagb-columns__stack-mobile uagb-columns__valign-undefined uagb-columns__gap-10 alignundefined uagb-block-059257dd\"><div class=\"uagb-columns__overlay\"><\/div><div class=\"uagb-columns__inner-wrap uagb-columns__columns-1\">\n<div class=\"wp-block-uagb-column uagb-column__wrap uagb-column__background-undefined uagb-block-da4ced61\"><div class=\"uagb-column__overlay\"><\/div><div class=\"uagb-column__inner-wrap\">\n<h4 class=\"wp-block-heading\">Zur\u00fcck<\/h4>\n\n\n\n<section class=\"wp-block-uagb-columns uagb-columns__wrap uagb-columns__background-undefined uagb-columns__stack-mobile uagb-columns__valign-undefined uagb-columns__gap-10 alignundefined uagb-block-16528b25\"><div class=\"uagb-columns__overlay\"><\/div><div class=\"uagb-columns__inner-wrap uagb-columns__columns-1\">\n<div class=\"wp-block-uagb-column uagb-column__wrap uagb-column__background-undefined uagb-block-02096a09\"><div class=\"uagb-column__overlay\"><\/div><div class=\"uagb-column__inner-wrap\">\n<h5 class=\"wp-block-heading\">Pers\u00f6nlicher Teleporter<\/h5>\n\n\n\n<p>Erm\u00f6glicht die Teleportation an eine beliebige Stelle auf der Karte.<\/p>\n\n\n\n<p><strong>Kosten<\/strong>: M 60.000 - E 6.000.000 - T 6.000<br><strong>Nutzungskosten<\/strong><br>&nbsp;&nbsp;&nbsp; E (-20.000)<br>&nbsp;&nbsp;&nbsp; T 60<\/p>\n<\/div><\/div>\n<\/div><\/section>\n\n\n\n<section class=\"wp-block-uagb-columns uagb-columns__wrap uagb-columns__background-undefined uagb-columns__stack-mobile uagb-columns__valign-undefined uagb-columns__gap-10 alignundefined uagb-block-18e9bd13\"><div class=\"uagb-columns__overlay\"><\/div><div class=\"uagb-columns__inner-wrap uagb-columns__columns-1\">\n<div class=\"wp-block-uagb-column uagb-column__wrap uagb-column__background-undefined uagb-block-f5730908\"><div class=\"uagb-column__overlay\"><\/div><div class=\"uagb-column__inner-wrap\">\n<h5 class=\"wp-block-heading\">Pers\u00f6nlicher Tarngenerator<\/h5>\n\n\n\n<p>Erm\u00f6glicht der ACU das Umh\u00fcllen (unsichtbar f\u00fcr das Sehen). Omni-Sensoren k\u00f6nnen die Tarnung durchbrechen.<\/p>\n\n\n\n<p><strong>Kosten<\/strong>: M 3.000 - E 112.500 (-500) - T 1.500<\/p>\n<\/div><\/div>\n<\/div><\/section>\n\n\n\n<section class=\"wp-block-uagb-columns uagb-columns__wrap uagb-columns__background-undefined uagb-columns__stack-mobile uagb-columns__valign-undefined uagb-columns__gap-10 alignundefined uagb-block-a0813071\"><div class=\"uagb-columns__overlay\"><\/div><div class=\"uagb-columns__inner-wrap uagb-columns__columns-1\">\n<div class=\"wp-block-uagb-column uagb-column__wrap uagb-column__background-undefined uagb-block-02f732f1\"><div class=\"uagb-column__overlay\"><\/div><div class=\"uagb-column__inner-wrap\">\n<h5 class=\"wp-block-heading\">Pers\u00f6nlicher Stealth-Generator<\/h5>\n\n\n\n<p>F\u00fcgt Stealth (f\u00fcr Radar unsichtbar) ohne zus\u00e4tzliche Energiekosten hinzu. Nur Omni-Sensoren oder ACU \/ SCUs k\u00f6nnen die ACU jetzt sehen.<\/p>\n\n\n\n<p><strong>Ben\u00f6tigt Personal Cloaking Generator<\/strong><\/p>\n\n\n\n<p><strong>Kosten<\/strong>: M 9.000 - E 1.200.000 (-500) - T 3.000<\/p>\n<\/div><\/div>\n<\/div><\/section>\n\n\n\n<section class=\"wp-block-uagb-columns uagb-columns__wrap uagb-columns__background-undefined uagb-columns__stack-mobile uagb-columns__valign-undefined uagb-columns__gap-10 alignundefined uagb-block-4e2b0421\"><div class=\"uagb-columns__overlay\"><\/div><div class=\"uagb-columns__inner-wrap uagb-columns__columns-1\">\n<div class=\"wp-block-uagb-column uagb-column__wrap uagb-column__background-undefined uagb-block-3e7af63f\"><div class=\"uagb-column__overlay\"><\/div><div class=\"uagb-column__inner-wrap\">\n<h5 class=\"wp-block-heading\">Ressourcenzuweisungssystem<\/h5>\n\n\n\n<p>Produziert zus\u00e4tzliche Ressourcen<\/p>\n\n\n\n<p><strong>Kosten<\/strong>: M 6.000 (+12) - E 300.000 (+3500) - T 1.500<\/p>\n<\/div><\/div>\n<\/div><\/section>\n<\/div><\/div>\n<\/div><\/section>\n\n\n\n<section class=\"wp-block-uagb-columns uagb-columns__wrap uagb-columns__background-undefined uagb-columns__stack-mobile uagb-columns__valign-undefined uagb-columns__gap-10 alignundefined uagb-block-2ce9faac\"><div class=\"uagb-columns__overlay\"><\/div><div class=\"uagb-columns__inner-wrap uagb-columns__columns-1\">\n<div class=\"wp-block-uagb-column uagb-column__wrap uagb-column__background-undefined uagb-block-234aa003\"><div class=\"uagb-column__overlay\"><\/div><div class=\"uagb-column__inner-wrap\">\n<h4 class=\"wp-block-heading\">Linker Arm<\/h4>\n\n\n\n<section class=\"wp-block-uagb-columns uagb-columns__wrap uagb-columns__background-undefined uagb-columns__stack-mobile uagb-columns__valign-undefined uagb-columns__gap-10 alignundefined uagb-block-2b6938dd\"><div class=\"uagb-columns__overlay\"><\/div><div class=\"uagb-columns__inner-wrap uagb-columns__columns-1\">\n<div class=\"wp-block-uagb-column uagb-column__wrap uagb-column__background-undefined uagb-block-12406c9b\"><div class=\"uagb-column__overlay\"><\/div><div class=\"uagb-column__inner-wrap\">\n<h5 class=\"wp-block-heading\">Tech 2 Engineering Suite<\/h5>\n\n\n\n<p>Gibt ACU Tech 1,2 B\u00e4ume bauen. Erh\u00f6ht die Build-Geschwindigkeit auf 30.<\/p>\n\n\n\n<p><strong>Kosten<\/strong>: M 2.000 - E 50.000 - T 2.000<\/p>\n<\/div><\/div>\n<\/div><\/section>\n\n\n\n<section class=\"wp-block-uagb-columns uagb-columns__wrap uagb-columns__background-undefined uagb-columns__stack-mobile uagb-columns__valign-undefined uagb-columns__gap-10 alignundefined uagb-block-c0a3ef8c\"><div class=\"uagb-columns__overlay\"><\/div><div class=\"uagb-columns__inner-wrap uagb-columns__columns-1\">\n<div class=\"wp-block-uagb-column uagb-column__wrap uagb-column__background-undefined uagb-block-9b25f1fe\"><div class=\"uagb-column__overlay\"><\/div><div class=\"uagb-column__inner-wrap\">\n<h5 class=\"wp-block-heading\">Tech 3 Engineering Suite<\/h5>\n\n\n\n<p>Gibt ACU Tech 3,4 B\u00e4ume bauen. Erh\u00f6ht die Build-Geschwindigkeit auf 90.<\/p>\n\n\n\n<p><strong>Kosten<\/strong>: M 6.750 - E 900.000 - T 2.250<\/p>\n<\/div><\/div>\n<\/div><\/section>\n\n\n\n<section class=\"wp-block-uagb-columns uagb-columns__wrap uagb-columns__background-undefined uagb-columns__stack-mobile uagb-columns__valign-undefined uagb-columns__gap-10 alignundefined uagb-block-d3d4b250\"><div class=\"uagb-columns__overlay\"><\/div><div class=\"uagb-columns__inner-wrap uagb-columns__columns-1\">\n<div class=\"wp-block-uagb-column uagb-column__wrap uagb-column__background-undefined uagb-block-4f6bd876\"><div class=\"uagb-column__overlay\"><\/div><div class=\"uagb-column__inner-wrap\">\n<h5 class=\"wp-block-heading\">Erweitertes K\u00fchlungs-Upgrade<\/h5>\n\n\n\n<p>Die Hauptwaffe feuert jetzt sechsmal schneller. (Ich denke)<\/p>\n\n\n\n<p><strong>Kosten<\/strong>: M 4.500 - E 112.500 - T 1.500<\/p>\n<\/div><\/div>\n<\/div><\/section>\n<\/div><\/div>\n<\/div><\/section>","protected":false},"excerpt":{"rendered":"<p>ARMORED COMMAND UNIT &#8211; CYBRAN ACU Your Commander looks intimidating, but that&#8217;s just because he&#8217;s so versatile. Remember, if you&#8217;re in trouble, you can overcharge by pressing O. ACU Stats Armor: 10,000 hp&nbsp;&nbsp;&nbsp; regen rate: 15&nbsp;&nbsp;&nbsp; armor type: CommanderAbilities&nbsp;&nbsp;&nbsp; Customizable&nbsp;&nbsp;&nbsp; Overcharge&nbsp;&nbsp;&nbsp; Omni Sensor&nbsp;&nbsp;&nbsp; Engineering SuiteCost&nbsp;&nbsp;&nbsp; M 60,000 (+1, storage: 400)&nbsp;&nbsp;&nbsp; E 5,000,000 (+10, storage: 2500)&nbsp;&nbsp;&nbsp; [&hellip;]<\/p>","protected":false},"author":1,"featured_media":0,"parent":538,"menu_order":0,"comment_status":"open","ping_status":"closed","template":"","meta":{"_uag_custom_page_level_css":"","site-sidebar-layout":"default","site-content-layout":"default","ast-site-content-layout":"","site-content-style":"default","site-sidebar-style":"default","ast-global-header-display":"","ast-banner-title-visibility":"","ast-main-header-display":"","ast-hfb-above-header-display":"","ast-hfb-below-header-display":"","ast-hfb-mobile-header-display":"","site-post-title":"","ast-breadcrumbs-content":"","ast-featured-img":"","footer-sml-layout":"","theme-transparent-header-meta":"default","adv-header-id-meta":"","stick-header-meta":"","header-above-stick-meta":"","header-main-stick-meta":"","header-below-stick-meta":"","astra-migrate-meta-layouts":"default","ast-page-background-enabled":"default","ast-page-background-meta":{"desktop":{"background-color":"","background-image":"","background-repeat":"repeat","background-position":"center center","background-size":"auto","background-attachment":"scroll","background-type":"","background-media":"","overlay-type":"","overlay-color":"","overlay-gradient":""},"tablet":{"background-color":"","background-image":"","background-repeat":"repeat","background-position":"center center","background-size":"auto","background-attachment":"scroll","background-type":"","background-media":"","overlay-type":"","overlay-color":"","overlay-gradient":""},"mobile":{"background-color":"","background-image":"","background-repeat":"repeat","background-position":"center center","background-size":"auto","background-attachment":"scroll","background-type":"","background-media":"","overlay-type":"","overlay-color":"","overlay-gradient":""}},"ast-content-background-meta":{"desktop":{"background-color":"var(--ast-global-color-5)","background-image":"","background-repeat":"repeat","background-position":"center center","background-size":"auto","background-attachment":"scroll","background-type":"","background-media":"","overlay-type":"","overlay-color":"","overlay-gradient":""},"tablet":{"background-color":"var(--ast-global-color-5)","background-image":"","background-repeat":"repeat","background-position":"center center","background-size":"auto","background-attachment":"scroll","background-type":"","background-media":"","overlay-type":"","overlay-color":"","overlay-gradient":""},"mobile":{"background-color":"var(--ast-global-color-5)","background-image":"","background-repeat":"repeat","background-position":"center center","background-size":"auto","background-attachment":"scroll","background-type":"","background-media":"","overlay-type":"","overlay-color":"","overlay-gradient":""}},"footnotes":""},"uagb_featured_image_src":{"full":false,"thumbnail":false,"medium":false,"medium_large":false,"large":false,"1536x1536":false,"2048x2048":false,"trp-custom-language-flag":false},"uagb_author_info":{"display_name":"SOE","author_link":"https:\/\/supcom.standardof.net\/de\/author\/k-tastic\/"},"uagb_comment_info":0,"uagb_excerpt":"ARMORED COMMAND UNIT &#8211; CYBRAN ACU Your Commander looks intimidating, but that&#8217;s just because he&#8217;s so versatile. Remember, if you&#8217;re in trouble, you can overcharge by pressing O. ACU Stats Armor: 10,000 hp&nbsp;&nbsp;&nbsp; regen rate: 15&nbsp;&nbsp;&nbsp; armor type: CommanderAbilities&nbsp;&nbsp;&nbsp; Customizable&nbsp;&nbsp;&nbsp; Overcharge&nbsp;&nbsp;&nbsp; Omni Sensor&nbsp;&nbsp;&nbsp; Engineering SuiteCost&nbsp;&nbsp;&nbsp; M 60,000 (+1, storage: 400)&nbsp;&nbsp;&nbsp; E 5,000,000 (+10, storage: 2500)&nbsp;&nbsp;&nbsp;&hellip;","_links":{"self":[{"href":"https:\/\/supcom.standardof.net\/de\/wp-json\/wp\/v2\/pages\/549"}],"collection":[{"href":"https:\/\/supcom.standardof.net\/de\/wp-json\/wp\/v2\/pages"}],"about":[{"href":"https:\/\/supcom.standardof.net\/de\/wp-json\/wp\/v2\/types\/page"}],"author":[{"embeddable":true,"href":"https:\/\/supcom.standardof.net\/de\/wp-json\/wp\/v2\/users\/1"}],"replies":[{"embeddable":true,"href":"https:\/\/supcom.standardof.net\/de\/wp-json\/wp\/v2\/comments?post=549"}],"version-history":[{"count":0,"href":"https:\/\/supcom.standardof.net\/de\/wp-json\/wp\/v2\/pages\/549\/revisions"}],"up":[{"embeddable":true,"href":"https:\/\/supcom.standardof.net\/de\/wp-json\/wp\/v2\/pages\/538"}],"wp:attachment":[{"href":"https:\/\/supcom.standardof.net\/de\/wp-json\/wp\/v2\/media?parent=549"}],"curies":[{"name":"wp","href":"https:\/\/api.w.org\/{rel}","templated":true}]}}