{"id":551,"date":"2020-11-01T20:05:21","date_gmt":"2020-11-02T01:05:21","guid":{"rendered":"https:\/\/supcom.standardof.net\/?page_id=551"},"modified":"2020-11-04T12:07:45","modified_gmt":"2020-11-04T17:07:45","slug":"cybran-subcommander","status":"publish","type":"page","link":"https:\/\/supcom.standardof.net\/de\/supreme-commander\/cybran\/cybran-subkommandant\/","title":{"rendered":"Cybran Subcommander"},"content":{"rendered":"<section class=\"wp-block-uagb-columns uagb-columns__wrap uagb-columns__background-undefined uagb-columns__stack-mobile uagb-columns__valign-undefined uagb-columns__gap-10 alignundefined uagb-block-92064281\"><div class=\"uagb-columns__overlay\"><\/div><div class=\"uagb-columns__inner-wrap uagb-columns__columns-1\">\n<div class=\"wp-block-uagb-column uagb-column__wrap uagb-column__background-undefined uagb-block-3ce00ac4\"><div class=\"uagb-column__overlay\"><\/div><div class=\"uagb-column__inner-wrap\">\n<h2 class=\"wp-block-heading\"><strong>UNTERST\u00dcTZUNGSBEFEHLSEINHEIT<\/strong> - CYBRAN SCU<\/h2>\n\n\n\n<p>SCUs sind oft viel zu langsam, um effektiv gebaut und verwendet zu werden, aber sie k\u00f6nnen eine effektive Schadenssenke sein (insbesondere bei ein oder zwei Upgrades) oder einfach unter Schutzschildern in Ihrer Basis sitzen und ein Upgrade der Ressourcenzuweisung erhalten. Cybran-SCUs k\u00f6nnen auch Unsichtbarkeits-Upgrades erhalten und als Spione oder Ingenieur-Attent\u00e4ter dienen (vorausgesetzt, Sie haben einen Weg gefunden, zuerst den Omni-Sensor des Feindes auszuschalten).<\/p>\n\n\n\n<div class=\"wp-block-image\"><figure class=\"aligncenter size-large\"><a href=\"https:\/\/supcom.standardof.net\/de\/supreme-commander\/cybran\/cybran-subkommandant\/supreme-commander-support-command-unit-cybran-scu\/\"><img decoding=\"async\" width=\"800\" height=\"543\" src=\"https:\/\/supcom.standardof.net\/wp-content\/uploads\/sites\/8\/2020\/11\/Supreme-Commander-SUPPORT-COMMAND-UNIT-\u2013-CYBRAN-SCU-800x543.jpg\" alt=\"Die Cybran Support Command Unit im Oberbefehlshaber.\" class=\"wp-image-892\" srcset=\"https:\/\/supcom.standardof.net\/wp-content\/uploads\/sites\/8\/2020\/11\/Supreme-Commander-SUPPORT-COMMAND-UNIT-\u2013-CYBRAN-SCU-800x543.jpg 800w, https:\/\/supcom.standardof.net\/wp-content\/uploads\/sites\/8\/2020\/11\/Supreme-Commander-SUPPORT-COMMAND-UNIT-\u2013-CYBRAN-SCU-512x348.jpg 512w, https:\/\/supcom.standardof.net\/wp-content\/uploads\/sites\/8\/2020\/11\/Supreme-Commander-SUPPORT-COMMAND-UNIT-\u2013-CYBRAN-SCU-200x136.jpg 200w, https:\/\/supcom.standardof.net\/wp-content\/uploads\/sites\/8\/2020\/11\/Supreme-Commander-SUPPORT-COMMAND-UNIT-\u2013-CYBRAN-SCU-768x521.jpg 768w, https:\/\/supcom.standardof.net\/wp-content\/uploads\/sites\/8\/2020\/11\/Supreme-Commander-SUPPORT-COMMAND-UNIT-\u2013-CYBRAN-SCU-16x12.jpg 16w, https:\/\/supcom.standardof.net\/wp-content\/uploads\/sites\/8\/2020\/11\/Supreme-Commander-SUPPORT-COMMAND-UNIT-\u2013-CYBRAN-SCU.jpg 1078w\" sizes=\"(max-width: 800px) 100vw, 800px\" \/><\/a><figcaption>Cybran Support Command Unit (SCU)<\/figcaption><\/figure><\/div>\n\n\n\n<section class=\"wp-block-uagb-columns uagb-columns__wrap uagb-columns__background-undefined uagb-columns__stack-mobile uagb-columns__valign-undefined uagb-columns__gap-10 alignundefined uagb-block-1d684fbd\"><div class=\"uagb-columns__overlay\"><\/div><div class=\"uagb-columns__inner-wrap uagb-columns__columns-2\">\n<div class=\"wp-block-uagb-column uagb-column__wrap uagb-column__background-undefined uagb-block-ac2a9c69\"><div class=\"uagb-column__overlay\"><\/div><div class=\"uagb-column__inner-wrap\">\n<h3 class=\"wp-block-heading\">SCU-Statistiken<\/h3>\n\n\n\n<p><strong>R\u00fcstung:<\/strong> 20000 PS<br>&nbsp;&nbsp;&nbsp; (Regenerationsrate: 15)<br><strong>F\u00e4higkeiten<\/strong><br>&nbsp;&nbsp;&nbsp; Anpassbar<br>&nbsp;&nbsp;&nbsp; Omni Sensor<br>&nbsp;&nbsp;&nbsp; Engineering Suite<br>&nbsp;&nbsp;&nbsp; Explodiert beim Tod<br>&nbsp;&nbsp;&nbsp; Kann nicht zur\u00fcckgefordert werden<br><strong>Kosten<\/strong><br>&nbsp;&nbsp;&nbsp; M3000 (+2, Speicher: 100)<br>&nbsp;&nbsp;&nbsp; E40000 (+20, Speicher: 500)<br>&nbsp;&nbsp;&nbsp; T6000<br><strong>Build Rate:<\/strong> 30<br><strong>Intel<\/strong><br>&nbsp;&nbsp;&nbsp; Sicht: 26 (508 m)<br>&nbsp;&nbsp;&nbsp; omni: 16 (313 m)<br><strong>Physik<\/strong><br>&nbsp;&nbsp;&nbsp; H\u00f6chstgeschwindigkeit: 2,2 (43,0 m \/ s)<br>&nbsp;&nbsp;&nbsp; Wendegeschwindigkeit: 146<br><strong>Transportklasse:<\/strong> 3<br><strong>Veterin\u00e4rwesen:<\/strong> 100, 200, 500, 1000, 2000 Kills<br><em>* Veteranenstufe 2: +5000 PS<br>* Veteranenstufe 4: +5000 PS<br>* Veteranenstufe 5: Reparatur von 30 PS \/ s<\/em><\/p>\n<\/div><\/div>\n\n\n\n<div class=\"wp-block-uagb-column uagb-column__wrap uagb-column__background-undefined uagb-block-27eb4101\"><div class=\"uagb-column__overlay\"><\/div><div class=\"uagb-column__inner-wrap\">\n<h3 class=\"wp-block-heading\">SCU-Waffen<\/h3>\n\n\n\n<p><strong>Desintegrator-Pulslaser<\/strong> (Direktes Feuer)<br>&nbsp;&nbsp;&nbsp; 375,75 dps<br><strong>Reichweite:<\/strong> 2 (39,1 m) - 22 (430 m)<br><strong>Projektilwaffe:<\/strong> 225 Schaden<br><strong>Feuerrate:<\/strong> 1,67 (alle 0,6 s)<br><em>* Veteranenstufe 1: +56 Schaden<br>* Veteranenstufe 3: +56 Schaden<\/em><\/p>\n\n\n\n<p><strong>Tod Nuke<\/strong> (Direktes Feuer)<br>&nbsp;&nbsp; 1000,00 dps<br><strong>Bereich:<\/strong> 10 (195 m)<br><strong>Reichweite:<\/strong> 1 (19,5 m)<br><strong>Projektilwaffe:<\/strong> 1000 Schaden<br><em>* Veteranenstufe 1: +250 Schaden<br>* Veteranenstufe 3: +250 Schaden<\/em><\/p>\n<\/div><\/div>\n<\/div><\/section>\n<\/div><\/div>\n<\/div><\/section>\n\n\n\n<section class=\"wp-block-uagb-columns uagb-columns__wrap uagb-columns__background-undefined uagb-columns__stack-mobile uagb-columns__valign-undefined uagb-columns__gap-10 alignundefined uagb-block-cd789fe0\"><div class=\"uagb-columns__overlay\"><\/div><div class=\"uagb-columns__inner-wrap uagb-columns__columns-1\">\n<div class=\"wp-block-uagb-column uagb-column__wrap uagb-column__background-undefined uagb-block-d275e037\"><div class=\"uagb-column__overlay\"><\/div><div class=\"uagb-column__inner-wrap\">\t\t\t\t<div class=\"wp-block-uagb-table-of-contents uagb-toc__align-left uagb-toc__columns-1  uagb-block-dc14c61c\"\n\t\t\t\t\tdata-scroll= \"1\"\n\t\t\t\t\tdata-offset= \"30\"\n\t\t\t\t\tstyle=\"\"\n\t\t\t\t>\n\t\t\t\t<div class=\"uagb-toc__wrap\">\n\t\t\t\t\t\t<div class=\"uagb-toc__title\">\n\t\t\t\t\t\t\tCybran SCU-Upgrades\t\t\t\t\t\t<\/div>\n\t\t\t\t\t\t\t\t\t\t\t\t\t\t\t\t<div class=\"uagb-toc__list-wrap\">\n\t\t\t\t\t\t<ol class=\"uagb-toc__list\"><li class=\"uagb-toc__list\"><a href=\"#right-arm\" class=\"uagb-toc-link__trigger\">Rechter Arm<\/a><ul class=\"uagb-toc__list\"><li class=\"uagb-toc__list\"><a href=\"#focus-converter\" class=\"uagb-toc-link__trigger\">Fokuswandler<\/a><li class=\"uagb-toc__list\"><li class=\"uagb-toc__list\"><a href=\"#resource-allocation-system\" class=\"uagb-toc-link__trigger\">Ressourcenzuweisungssystem<\/a><\/li><\/ul><\/li><li class=\"uagb-toc__list\"><a href=\"#left-arm\" class=\"uagb-toc-link__trigger\">Linker Arm<\/a><ul class=\"uagb-toc__list\"><li class=\"uagb-toc__list\"><a href=\"#switchback-engineering-suite\" class=\"uagb-toc-link__trigger\">Switchback Engineering Suite<\/a><li class=\"uagb-toc__list\"><li class=\"uagb-toc__list\"><a href=\"#emp-charge\" class=\"uagb-toc-link__trigger\">EMP-Geb\u00fchr<\/a><\/li><\/ul><\/li><\/ul><\/li><li class=\"uagb-toc__list\"><a href=\"#back\" class=\"uagb-toc-link__trigger\">Zur\u00fcck<\/a><ul class=\"uagb-toc__list\"><li class=\"uagb-toc__list\"><a href=\"#personal-cloaking-generator\" class=\"uagb-toc-link__trigger\">Pers\u00f6nlicher Tarngenerator<\/a><li class=\"uagb-toc__list\"><li class=\"uagb-toc__list\"><a href=\"#personal-stealth-generator\" class=\"uagb-toc-link__trigger\">Pers\u00f6nlicher Stealth-Generator<\/a><li class=\"uagb-toc__list\"><li class=\"uagb-toc__list\"><a href=\"#nanite-missile-system\" class=\"uagb-toc-link__trigger\">Nanite Missile System<\/a><li class=\"uagb-toc__list\"><li class=\"uagb-toc__list\"><a href=\"#self-repair-system\" class=\"uagb-toc-link__trigger\">Selbstreparatursystem<\/a><\/ul><\/ul><\/ul><\/ol>\t\t\t\t\t<\/div>\n\t\t\t\t\t\t\t\t\t<\/div>\n\t\t\t\t<\/div>\n\t\t\t<\/div><\/div>\n<\/div><\/section>\n\n\n\n<section class=\"wp-block-uagb-columns uagb-columns__wrap uagb-columns__background-undefined uagb-columns__stack-mobile uagb-columns__valign-undefined uagb-columns__gap-10 alignundefined uagb-block-2a639cc1\"><div class=\"uagb-columns__overlay\"><\/div><div class=\"uagb-columns__inner-wrap uagb-columns__columns-1\">\n<div class=\"wp-block-uagb-column uagb-column__wrap uagb-column__background-undefined uagb-block-c19e8af7\"><div class=\"uagb-column__overlay\"><\/div><div class=\"uagb-column__inner-wrap\">\n<h4 class=\"wp-block-heading\">Rechter Arm<\/h4>\n\n\n\n<section class=\"wp-block-uagb-columns uagb-columns__wrap uagb-columns__background-undefined uagb-columns__stack-mobile uagb-columns__valign-undefined uagb-columns__gap-10 alignundefined uagb-block-ef8b14e5\"><div class=\"uagb-columns__overlay\"><\/div><div class=\"uagb-columns__inner-wrap uagb-columns__columns-1\">\n<div class=\"wp-block-uagb-column uagb-column__wrap uagb-column__background-undefined uagb-block-75e8cd2f\"><div class=\"uagb-column__overlay\"><\/div><div class=\"uagb-column__inner-wrap\">\n<h5 class=\"wp-block-heading\">Fokuswandler<\/h5>\n\n\n\n<p>Verdoppelt die Schadensleistung der Hauptwaffe (glaube ich).<\/p>\n\n\n\n<p><strong>Kosten<\/strong>: M1000, E400000, T3000<\/p>\n<\/div><\/div>\n<\/div><\/section>\n\n\n\n<section class=\"wp-block-uagb-columns uagb-columns__wrap uagb-columns__background-undefined uagb-columns__stack-mobile uagb-columns__valign-undefined uagb-columns__gap-10 alignundefined uagb-block-c0d40189\"><div class=\"uagb-columns__overlay\"><\/div><div class=\"uagb-columns__inner-wrap uagb-columns__columns-1\">\n<div class=\"wp-block-uagb-column uagb-column__wrap uagb-column__background-undefined uagb-block-7bf2210f\"><div class=\"uagb-column__overlay\"><\/div><div class=\"uagb-column__inner-wrap\">\n<h5 class=\"wp-block-heading\">Ressourcenzuweisungssystem<\/h5>\n\n\n\n<p>Produziert zus\u00e4tzliche Ressourcen<\/p>\n\n\n\n<p><strong>Kosten<\/strong>: M6000 (+12), E375000 (+3500), T9000<\/p>\n<\/div><\/div>\n<\/div><\/section>\n<\/div><\/div>\n<\/div><\/section>\n\n\n\n<section class=\"wp-block-uagb-columns uagb-columns__wrap uagb-columns__background-undefined uagb-columns__stack-mobile uagb-columns__valign-undefined uagb-columns__gap-10 alignundefined uagb-block-79e91747\"><div class=\"uagb-columns__overlay\"><\/div><div class=\"uagb-columns__inner-wrap uagb-columns__columns-1\">\n<div class=\"wp-block-uagb-column uagb-column__wrap uagb-column__background-undefined uagb-block-40607d18\"><div class=\"uagb-column__overlay\"><\/div><div class=\"uagb-column__inner-wrap\">\n<h4 class=\"wp-block-heading\">Linker Arm<\/h4>\n\n\n\n<section class=\"wp-block-uagb-columns uagb-columns__wrap uagb-columns__background-undefined uagb-columns__stack-mobile uagb-columns__valign-undefined uagb-columns__gap-10 alignundefined uagb-block-fdfecc7a\"><div class=\"uagb-columns__overlay\"><\/div><div class=\"uagb-columns__inner-wrap uagb-columns__columns-1\">\n<div class=\"wp-block-uagb-column uagb-column__wrap uagb-column__background-undefined uagb-block-2d1c013c\"><div class=\"uagb-column__overlay\"><\/div><div class=\"uagb-column__inner-wrap\">\n<h5 class=\"wp-block-heading\">Switchback Engineering Suite<\/h5>\n\n\n\n<p>Erh\u00f6ht die Build-Geschwindigkeit auf 60.<\/p>\n\n\n\n<p><strong>Kosten<\/strong>: M2100, E225000, T9000<\/p>\n<\/div><\/div>\n<\/div><\/section>\n\n\n\n<section class=\"wp-block-uagb-columns uagb-columns__wrap uagb-columns__background-undefined uagb-columns__stack-mobile uagb-columns__valign-undefined uagb-columns__gap-10 alignundefined uagb-block-e6e47c23\"><div class=\"uagb-columns__overlay\"><\/div><div class=\"uagb-columns__inner-wrap uagb-columns__columns-1\">\n<div class=\"wp-block-uagb-column uagb-column__wrap uagb-column__background-undefined uagb-block-eff1c9b1\"><div class=\"uagb-column__overlay\"><\/div><div class=\"uagb-column__inner-wrap\">\n<h5 class=\"wp-block-heading\">EMP-Geb\u00fchr<\/h5>\n\n\n\n<p>F\u00fcgt eine EMP-Frostwaffe in einem kleinen Bereich um die SCU hinzu.<\/p>\n\n\n\n<p><strong>Kosten<\/strong>: M3000, E600000, T4500<\/p>\n<\/div><\/div>\n<\/div><\/section>\n<\/div><\/div>\n<\/div><\/section>\n\n\n\n<section class=\"wp-block-uagb-columns uagb-columns__wrap uagb-columns__background-undefined uagb-columns__stack-mobile uagb-columns__valign-undefined uagb-columns__gap-10 alignundefined uagb-block-2c7a9484\"><div class=\"uagb-columns__overlay\"><\/div><div class=\"uagb-columns__inner-wrap uagb-columns__columns-1\">\n<div class=\"wp-block-uagb-column uagb-column__wrap uagb-column__background-undefined uagb-block-99f04477\"><div class=\"uagb-column__overlay\"><\/div><div class=\"uagb-column__inner-wrap\">\n<h4 class=\"wp-block-heading\">Zur\u00fcck<\/h4>\n\n\n\n<section class=\"wp-block-uagb-columns uagb-columns__wrap uagb-columns__background-undefined uagb-columns__stack-mobile uagb-columns__valign-undefined uagb-columns__gap-10 alignundefined uagb-block-27346be8\"><div class=\"uagb-columns__overlay\"><\/div><div class=\"uagb-columns__inner-wrap uagb-columns__columns-1\">\n<div class=\"wp-block-uagb-column uagb-column__wrap uagb-column__background-undefined uagb-block-33c75d9c\"><div class=\"uagb-column__overlay\"><\/div><div class=\"uagb-column__inner-wrap\">\n<h5 class=\"wp-block-heading\">Pers\u00f6nlicher Tarngenerator<\/h5>\n\n\n\n<p>Erm\u00f6glicht der SCU das Umh\u00fcllen (unsichtbar f\u00fcr das Sehen). Omni-Sensoren durchbrechen die Tarnung.<\/p>\n\n\n\n<p><strong>Kosten<\/strong>: M3000, E112500 (-500), T4500<\/p>\n<\/div><\/div>\n<\/div><\/section>\n\n\n\n<section class=\"wp-block-uagb-columns uagb-columns__wrap uagb-columns__background-undefined uagb-columns__stack-mobile uagb-columns__valign-undefined uagb-columns__gap-10 alignundefined uagb-block-2be55bf7\"><div class=\"uagb-columns__overlay\"><\/div><div class=\"uagb-columns__inner-wrap uagb-columns__columns-1\">\n<div class=\"wp-block-uagb-column uagb-column__wrap uagb-column__background-undefined uagb-block-122816b5\"><div class=\"uagb-column__overlay\"><\/div><div class=\"uagb-column__inner-wrap\">\n<h5 class=\"wp-block-heading\">Pers\u00f6nlicher Stealth-Generator<\/h5>\n\n\n\n<p>F\u00fcgt der vorhandenen Tarnung Stealth (f\u00fcr Radar unsichtbar) hinzu. Nur Omni-Sensoren k\u00f6nnen die SCU jetzt sehen.<\/p>\n\n\n\n<p><strong>Ben\u00f6tigt Personal Cloaking Generator<br>Kosten<\/strong>: M9000, E1200000 (-500), T9000<\/p>\n<\/div><\/div>\n<\/div><\/section>\n\n\n\n<section class=\"wp-block-uagb-columns uagb-columns__wrap uagb-columns__background-undefined uagb-columns__stack-mobile uagb-columns__valign-undefined uagb-columns__gap-10 alignundefined uagb-block-49187c43\"><div class=\"uagb-columns__overlay\"><\/div><div class=\"uagb-columns__inner-wrap uagb-columns__columns-1\">\n<div class=\"wp-block-uagb-column uagb-column__wrap uagb-column__background-undefined uagb-block-312ea5a9\"><div class=\"uagb-column__overlay\"><\/div><div class=\"uagb-column__inner-wrap\">\n<h5 class=\"wp-block-heading\">Nanite Missile System<\/h5>\n\n\n\n<p>Gibt SCU eine SAM-\u00e4hnliche Luftabwehrkanone (nicht so gut wie echte T3 AA).<\/p>\n\n\n\n<p><strong>Kosten<\/strong><br>&nbsp;&nbsp;&nbsp; M1500<br>&nbsp;&nbsp;&nbsp; E93750<br>&nbsp;&nbsp;&nbsp; T3750<\/p>\n\n\n\n<p><strong>Nanite Missile System<\/strong> (Flugabwehr)<br>&nbsp;&nbsp;&nbsp;&nbsp; 36,00 dps<br><strong>Reichweite:<\/strong> 60 (1,17 km)<br><strong>Projektilwaffe:<\/strong> 24 Schaden<br><strong>Feuerrate:<\/strong> 1,5 (alle 0,67 s)<br><em>* Veteranenstufe 1: +6 Schaden<br>* Veteranenstufe 3: +6 Schaden<\/em><\/p>\n<\/div><\/div>\n<\/div><\/section>\n\n\n\n<section class=\"wp-block-uagb-columns uagb-columns__wrap uagb-columns__background-undefined uagb-columns__stack-mobile uagb-columns__valign-undefined uagb-columns__gap-10 alignundefined uagb-block-3a50224b\"><div class=\"uagb-columns__overlay\"><\/div><div class=\"uagb-columns__inner-wrap uagb-columns__columns-1\">\n<div class=\"wp-block-uagb-column uagb-column__wrap uagb-column__background-undefined uagb-block-10437352\"><div class=\"uagb-column__overlay\"><\/div><div class=\"uagb-column__inner-wrap\">\n<h5 class=\"wp-block-heading\">Selbstreparatursystem<\/h5>\n\n\n\n<p>Erh\u00f6ht die Regenerationsrate der SCU auf 600.<\/p>\n\n\n\n<p><strong>Kosten<\/strong>: M2250, E112500, T4500<\/p>\n<\/div><\/div>\n<\/div><\/section>\n<\/div><\/div>\n<\/div><\/section>","protected":false},"excerpt":{"rendered":"<p>SUPPORT COMMAND UNIT &#8211; CYBRAN SCU SCUs are often way too slow to build and use effectively, but they can be an effective damage sink (especially with an upgrade or two) or can simply sit in your base under shields and get a Resource Allocation Upgrade. Cybran SCUs can also get invisibility upgrades and serve [&hellip;]<\/p>","protected":false},"author":1,"featured_media":0,"parent":538,"menu_order":0,"comment_status":"open","ping_status":"closed","template":"","meta":{"_uag_custom_page_level_css":"","site-sidebar-layout":"default","site-content-layout":"default","ast-site-content-layout":"","site-content-style":"default","site-sidebar-style":"default","ast-global-header-display":"","ast-banner-title-visibility":"","ast-main-header-display":"","ast-hfb-above-header-display":"","ast-hfb-below-header-display":"","ast-hfb-mobile-header-display":"","site-post-title":"","ast-breadcrumbs-content":"","ast-featured-img":"","footer-sml-layout":"","theme-transparent-header-meta":"default","adv-header-id-meta":"","stick-header-meta":"","header-above-stick-meta":"","header-main-stick-meta":"","header-below-stick-meta":"","astra-migrate-meta-layouts":"default","ast-page-background-enabled":"default","ast-page-background-meta":{"desktop":{"background-color":"","background-image":"","background-repeat":"repeat","background-position":"center center","background-size":"auto","background-attachment":"scroll","background-type":"","background-media":"","overlay-type":"","overlay-color":"","overlay-gradient":""},"tablet":{"background-color":"","background-image":"","background-repeat":"repeat","background-position":"center center","background-size":"auto","background-attachment":"scroll","background-type":"","background-media":"","overlay-type":"","overlay-color":"","overlay-gradient":""},"mobile":{"background-color":"","background-image":"","background-repeat":"repeat","background-position":"center center","background-size":"auto","background-attachment":"scroll","background-type":"","background-media":"","overlay-type":"","overlay-color":"","overlay-gradient":""}},"ast-content-background-meta":{"desktop":{"background-color":"var(--ast-global-color-5)","background-image":"","background-repeat":"repeat","background-position":"center center","background-size":"auto","background-attachment":"scroll","background-type":"","background-media":"","overlay-type":"","overlay-color":"","overlay-gradient":""},"tablet":{"background-color":"var(--ast-global-color-5)","background-image":"","background-repeat":"repeat","background-position":"center center","background-size":"auto","background-attachment":"scroll","background-type":"","background-media":"","overlay-type":"","overlay-color":"","overlay-gradient":""},"mobile":{"background-color":"var(--ast-global-color-5)","background-image":"","background-repeat":"repeat","background-position":"center center","background-size":"auto","background-attachment":"scroll","background-type":"","background-media":"","overlay-type":"","overlay-color":"","overlay-gradient":""}},"footnotes":""},"uagb_featured_image_src":{"full":false,"thumbnail":false,"medium":false,"medium_large":false,"large":false,"1536x1536":false,"2048x2048":false,"trp-custom-language-flag":false},"uagb_author_info":{"display_name":"SOE","author_link":"https:\/\/supcom.standardof.net\/de\/author\/k-tastic\/"},"uagb_comment_info":0,"uagb_excerpt":"SUPPORT COMMAND UNIT &#8211; CYBRAN SCU SCUs are often way too slow to build and use effectively, but they can be an effective damage sink (especially with an upgrade or two) or can simply sit in your base under shields and get a Resource Allocation Upgrade. Cybran SCUs can also get invisibility upgrades and serve&hellip;","_links":{"self":[{"href":"https:\/\/supcom.standardof.net\/de\/wp-json\/wp\/v2\/pages\/551"}],"collection":[{"href":"https:\/\/supcom.standardof.net\/de\/wp-json\/wp\/v2\/pages"}],"about":[{"href":"https:\/\/supcom.standardof.net\/de\/wp-json\/wp\/v2\/types\/page"}],"author":[{"embeddable":true,"href":"https:\/\/supcom.standardof.net\/de\/wp-json\/wp\/v2\/users\/1"}],"replies":[{"embeddable":true,"href":"https:\/\/supcom.standardof.net\/de\/wp-json\/wp\/v2\/comments?post=551"}],"version-history":[{"count":0,"href":"https:\/\/supcom.standardof.net\/de\/wp-json\/wp\/v2\/pages\/551\/revisions"}],"up":[{"embeddable":true,"href":"https:\/\/supcom.standardof.net\/de\/wp-json\/wp\/v2\/pages\/538"}],"wp:attachment":[{"href":"https:\/\/supcom.standardof.net\/de\/wp-json\/wp\/v2\/media?parent=551"}],"curies":[{"name":"wp","href":"https:\/\/api.w.org\/{rel}","templated":true}]}}