{"id":587,"date":"2020-11-02T13:59:18","date_gmt":"2020-11-02T18:59:18","guid":{"rendered":"https:\/\/supcom.standardof.net\/?page_id=587"},"modified":"2020-11-04T00:31:57","modified_gmt":"2020-11-04T05:31:57","slug":"cybran-tech-1-air-units","status":"publish","type":"page","link":"https:\/\/supcom.standardof.net\/de\/supreme-commander\/cybran\/cybran-tech-1-air-einheiten\/","title":{"rendered":"Cybran Tech 1 Lufteinheiten"},"content":{"rendered":"<div class=\"wp-block-uagb-table-of-contents uagb-toc__align-left uagb-toc__columns-1  uagb-block-6625e1c4\"\n\t\t\t\t\tdata-scroll= \"1\"\n\t\t\t\t\tdata-offset= \"30\"\n\t\t\t\t\tstyle=\"\"\n\t\t\t\t>\n\t\t\t\t<div class=\"uagb-toc__wrap\">\n\t\t\t\t\t\t<div class=\"uagb-toc__title\">\n\t\t\t\t\t\t\tCybran Tech 1 Air Units:\t\t\t\t\t\t<\/div>\n\t\t\t\t\t\t\t\t\t\t\t\t\t\t\t\t<div class=\"uagb-toc__list-wrap\">\n\t\t\t\t\t\t<ol class=\"uagb-toc__list\"><li class=\"uagb-toc__list\"><a href=\"#flying-eyes-air-scout\" class=\"uagb-toc-link__trigger\">FLIEGENDE AUGEN - AIR SCOUT<\/a><li class=\"uagb-toc__list\"><a href=\"#prowler-interceptor\" class=\"uagb-toc-link__trigger\">PROWLER - INTERCEPTOR<\/a><li class=\"uagb-toc__list\"><a href=\"#zeus-attack-bomber\" class=\"uagb-toc-link__trigger\">ZEUS - ANGRIFFSBOMBER<\/a><li class=\"uagb-toc__list\"><a href=\"#skyhook-light-air-transport\" class=\"uagb-toc-link__trigger\">SKYHOOK - LICHTLUFTTRANSPORT<\/a><\/ol>\t\t\t\t\t<\/div>\n\t\t\t\t\t\t\t\t\t<\/div>\n\t\t\t\t<\/div>\n\t\t\t\n\n\n<section class=\"wp-block-uagb-columns uagb-columns__wrap uagb-columns__background-undefined uagb-columns__stack-mobile uagb-columns__valign-undefined uagb-columns__gap-10 alignundefined uagb-block-3d05a265\"><div class=\"uagb-columns__overlay\"><\/div><div class=\"uagb-columns__inner-wrap uagb-columns__columns-1\">\n<div class=\"wp-block-uagb-column uagb-column__wrap uagb-column__background-undefined uagb-block-54871dc0\"><div class=\"uagb-column__overlay\"><\/div><div class=\"uagb-column__inner-wrap\">\n<h2 class=\"wp-block-heading\"><strong>FLIEGENDE AUGEN<\/strong> - Luftscout<\/h2>\n\n\n\n<p><a href=\"https:\/\/www.standardof.net\/wp-content\/uploads\/2012\/12\/Flying-Eyes-Air-Scout.png\" class=\"rank-math-link\" target=\"_blank\" rel=\"noopener\"><\/a>Der Air Scout ist extrem kosteng\u00fcnstig und es ist diese Tugend, die ihn n\u00fctzlich macht. W\u00e4hrend ein Abfangj\u00e4ger oft weiter in eine feindliche Basis vordringt, k\u00f6nnen Sie mit einem einzelnen Luftscout in Ihrer Build-Warteschlange eine Reihe von Scouts auf Lager halten, die auf der Suche nach einem leicht verteidigten Weg und f\u00fcr weniger als 1 Masse pro Sekunde die Karte durchkreuzen k\u00f6nnen. Der Cybran-Scout hat tats\u00e4chlich eine \u00fcberraschend gro\u00dfe Sichtweite, so dass er mit seinem Land-Scout mithalten kann.<\/p>\n\n\n\n<div class=\"wp-block-image\"><figure class=\"aligncenter size-large\"><a href=\"https:\/\/supcom.standardof.net\/de\/supreme-commander\/cybran\/cybran-tech-1-air-einheiten\/flying-eyes-air-scout-supreme-commander-cybran-tech-1-air-units\/\"><img decoding=\"async\" width=\"678\" height=\"540\" src=\"https:\/\/supcom.standardof.net\/wp-content\/uploads\/sites\/8\/2020\/11\/Flying-Eyes-Air-Scout-Supreme-Commander-Cybran-Tech-1-Air-Units.jpg\" alt=\"Der Flying Eyes Air Scout der Cybran Tech 1 Air Unit im Oberbefehlshaber.\" class=\"wp-image-588\" srcset=\"https:\/\/supcom.standardof.net\/wp-content\/uploads\/sites\/8\/2020\/11\/Flying-Eyes-Air-Scout-Supreme-Commander-Cybran-Tech-1-Air-Units.jpg 678w, https:\/\/supcom.standardof.net\/wp-content\/uploads\/sites\/8\/2020\/11\/Flying-Eyes-Air-Scout-Supreme-Commander-Cybran-Tech-1-Air-Units-512x408.jpg 512w, https:\/\/supcom.standardof.net\/wp-content\/uploads\/sites\/8\/2020\/11\/Flying-Eyes-Air-Scout-Supreme-Commander-Cybran-Tech-1-Air-Units-200x159.jpg 200w, https:\/\/supcom.standardof.net\/wp-content\/uploads\/sites\/8\/2020\/11\/Flying-Eyes-Air-Scout-Supreme-Commander-Cybran-Tech-1-Air-Units-16x12.jpg 16w\" sizes=\"(max-width: 678px) 100vw, 678px\" \/><\/a><figcaption>FLIEGENDE AUGEN - AIR SCOUT<\/figcaption><\/figure><\/div>\n\n\n\n<section class=\"wp-block-uagb-columns uagb-columns__wrap uagb-columns__background-undefined uagb-columns__stack-mobile uagb-columns__valign-undefined uagb-columns__gap-10 alignundefined uagb-block-182854c9\"><div class=\"uagb-columns__overlay\"><\/div><div class=\"uagb-columns__inner-wrap uagb-columns__columns-2\">\n<div class=\"wp-block-uagb-column uagb-column__wrap uagb-column__background-undefined uagb-block-67290363\"><div class=\"uagb-column__overlay\"><\/div><div class=\"uagb-column__inner-wrap\">\n<h3 class=\"wp-block-heading\">Flying Eyes Stats<\/h3>\n\n\n\n<p><strong>R\u00fcstung:<\/strong> 3 PS (leicht)<br><strong>Kosten:<\/strong> M12, E600, T140<br><strong>Intel<\/strong><br>     Sicht: 80 (1,56 km)<br><strong>Physik<\/strong><br>     H\u00f6chstgeschwindigkeit: 10 (195 m \/ s)<br>     Wendegeschwindigkeit: 100<br>     H\u00f6he: 20 (391 m)<br><strong>Transportklasse:<\/strong> 1<br><em>* Veteranenstufe 2: +1 PS<br>* Veteranenstufe 4: +1 PS<br>* Veteranenstufe 5: Reparatur von 1 PS \/ s<\/em><\/p>\n<\/div><\/div>\n\n\n\n<div class=\"wp-block-uagb-column uagb-column__wrap uagb-column__background-undefined uagb-block-74a26d45\"><div class=\"uagb-column__overlay\"><\/div><div class=\"uagb-column__inner-wrap\">\n<h3 class=\"wp-block-heading\">Waffen mit fliegenden Augen<\/h3>\n\n\n\n<p><strong>Flugzeugunfall<\/strong> (Tod)<br>10 Schaden<br><strong>Bereich:<\/strong> 1 (19,5 m)<\/p>\n<\/div><\/div>\n<\/div><\/section>\n<\/div><\/div>\n<\/div><\/section>\n\n\n\n<section class=\"wp-block-uagb-columns uagb-columns__wrap uagb-columns__background-undefined uagb-columns__stack-mobile uagb-columns__valign-undefined uagb-columns__gap-10 alignundefined uagb-block-25b241ac\"><div class=\"uagb-columns__overlay\"><\/div><div class=\"uagb-columns__inner-wrap uagb-columns__columns-1\">\n<div class=\"wp-block-uagb-column uagb-column__wrap uagb-column__background-undefined uagb-block-7c805ca7\"><div class=\"uagb-column__overlay\"><\/div><div class=\"uagb-column__inner-wrap\">\n<h2 class=\"wp-block-heading\"><strong>HERUMTREIBER <\/strong>- INTERCEPTOR<\/h2>\n\n\n\n<p><a href=\"https:\/\/www.standardof.net\/wp-content\/uploads\/2012\/12\/Prowler-Interceptor.png\" class=\"rank-math-link\" target=\"_blank\" rel=\"noopener\"><\/a>Abfangj\u00e4ger sind das A und O Ihrer Luftverteidigung. Sie sind schnell, effektiv und billig, was bedeutet, dass Sie Ingenieure so einstellen k\u00f6nnen, dass sie mehr bauen, ohne Ihre anderen Projekte anhalten zu m\u00fcssen. Ich empfehle, eine Air Factory einzurichten, um unendliche Abfangj\u00e4ger f\u00fcr das gesamte Spiel zu bauen. Um seine schlechte Gesundheit auszugleichen, verf\u00fcgt der Cybran-Abfangj\u00e4ger \u00fcber zwei Kanonen, wodurch die Wahrscheinlichkeit eines Treffers erh\u00f6ht wird.<\/p>\n\n\n\n<div class=\"wp-block-image\"><figure class=\"aligncenter size-large\"><a href=\"https:\/\/supcom.standardof.net\/de\/supreme-commander\/cybran\/cybran-tech-1-air-einheiten\/prowler-interceptor-supreme-commander-cybran-tech-1-air-units\/\"><img decoding=\"async\" width=\"552\" height=\"412\" src=\"https:\/\/supcom.standardof.net\/wp-content\/uploads\/sites\/8\/2020\/11\/Prowler-Interceptor-Supreme-Commander-Cybran-Tech-1-Air-Units.jpg\" alt=\"Der Prowler Interceptor, Cybran Tech 1 Air Unit im Oberbefehlshaber.\" class=\"wp-image-589\" srcset=\"https:\/\/supcom.standardof.net\/wp-content\/uploads\/sites\/8\/2020\/11\/Prowler-Interceptor-Supreme-Commander-Cybran-Tech-1-Air-Units.jpg 552w, https:\/\/supcom.standardof.net\/wp-content\/uploads\/sites\/8\/2020\/11\/Prowler-Interceptor-Supreme-Commander-Cybran-Tech-1-Air-Units-512x382.jpg 512w, https:\/\/supcom.standardof.net\/wp-content\/uploads\/sites\/8\/2020\/11\/Prowler-Interceptor-Supreme-Commander-Cybran-Tech-1-Air-Units-200x149.jpg 200w, https:\/\/supcom.standardof.net\/wp-content\/uploads\/sites\/8\/2020\/11\/Prowler-Interceptor-Supreme-Commander-Cybran-Tech-1-Air-Units-16x12.jpg 16w\" sizes=\"(max-width: 552px) 100vw, 552px\" \/><\/a><figcaption>PROWLER - INTERCEPTOR<\/figcaption><\/figure><\/div>\n\n\n\n<section class=\"wp-block-uagb-columns uagb-columns__wrap uagb-columns__background-undefined uagb-columns__stack-mobile uagb-columns__valign-undefined uagb-columns__gap-10 alignundefined uagb-block-876786c0\"><div class=\"uagb-columns__overlay\"><\/div><div class=\"uagb-columns__inner-wrap uagb-columns__columns-2\">\n<div class=\"wp-block-uagb-column uagb-column__wrap uagb-column__background-undefined uagb-block-1379da99\"><div class=\"uagb-column__overlay\"><\/div><div class=\"uagb-column__inner-wrap\">\n<h3 class=\"wp-block-heading\">Prowler Stats<\/h3>\n\n\n\n<p><strong>R\u00fcstung:<\/strong> 16 PS (leicht)<br><strong>Kosten:<\/strong> M38, E2280, T380<br><strong>Intel<\/strong><br>&nbsp;&nbsp;&nbsp;&nbsp; Sicht: 32 (625 m)<br><strong>Physik<\/strong><br>     H\u00f6chstgeschwindigkeit: 17 (332 m \/ s)<br>     Wendegeschwindigkeit: 100<br>     H\u00f6he: 18 (352 m)<br>     Eingriffsentfernung: 50 (977 m)<br><strong>Transportklasse:<\/strong> 1<br><strong>Veterin\u00e4rwesen: <\/strong>5, 10, 25, 50, 100 Kills<br><em>* Veteranenstufe 2: +4 PS<br>* Veteranenlevel 4: +4 PS<br>* Veteranenstufe 5: Reparatur von 1 PS \/ s<\/em><\/p>\n<\/div><\/div>\n\n\n\n<div class=\"wp-block-uagb-column uagb-column__wrap uagb-column__background-undefined uagb-block-0241ec6d\"><div class=\"uagb-column__overlay\"><\/div><div class=\"uagb-column__inner-wrap\">\n<h3 class=\"wp-block-heading\">Prowler Waffen<\/h3>\n\n\n\n<p>2x <strong>Elektronenautokanone<\/strong> (Flugabwehr)<br>10,20 dps<br><strong>Reichweite:<\/strong> 20 (391 m)<br><strong>Projektilwaffe:<\/strong> 4 Schaden<br>x 3 Projektile = 12 Schaden pro Salve<br><strong>Feuerrate:<\/strong> 0,85 (alle 1,18 s)<br><em>* Veteranenlevel 1: +1 Schaden<br>* Veteranenstufe 3: +1 Schaden<\/em><\/p>\n\n\n\n<p><strong>Flugzeugunfall<\/strong> (Tod)<br>25 Schaden<br><strong>Bereich:<\/strong> 1 (19,5 m)<\/p>\n<\/div><\/div>\n<\/div><\/section>\n<\/div><\/div>\n<\/div><\/section>\n\n\n\n<section class=\"wp-block-uagb-columns uagb-columns__wrap uagb-columns__background-undefined uagb-columns__stack-mobile uagb-columns__valign-undefined uagb-columns__gap-10 alignundefined uagb-block-6f842e41\"><div class=\"uagb-columns__overlay\"><\/div><div class=\"uagb-columns__inner-wrap uagb-columns__columns-1\">\n<div class=\"wp-block-uagb-column uagb-column__wrap uagb-column__background-undefined uagb-block-834f2791\"><div class=\"uagb-column__overlay\"><\/div><div class=\"uagb-column__inner-wrap\">\n<h2 class=\"wp-block-heading\"><strong>ZEUS <\/strong>- BOMBER ANGRIFFEN<\/h2>\n\n\n\n<p><a href=\"https:\/\/www.standardof.net\/wp-content\/uploads\/2012\/12\/Zeus-Attack-Bomber.png\" class=\"rank-math-link\" target=\"_blank\" rel=\"noopener\"><\/a>Der Cybran-Angriffsbomber ist in Ordnung f\u00fcr das, was er tut: Erschafft eine fr\u00fche Bedrohung, die den Gegner zwingt, seine Abfangj\u00e4ger auszusenden. Wenn Sie nicht genug Luft haben, um Ihre Luftfabrik auf ein hohes Niveau zu bringen, k\u00f6nnen Sie gro\u00dfe Packungen Bomber produzieren, die einen fehlgeschlagenen Angriff auf den Commander zum Erfolg f\u00fchren. Cybran-Bomber haben eine geringe Gesundheit, k\u00f6nnen aber sich bewegende Einheiten wunderbar treffen.<\/p>\n\n\n\n<div class=\"wp-block-image\"><figure class=\"aligncenter size-large\"><a href=\"https:\/\/supcom.standardof.net\/de\/supreme-commander\/cybran\/cybran-tech-1-air-einheiten\/zeus-attack-bomber-supreme-commander-cybran-tech-1-air-units\/\"><img decoding=\"async\" width=\"774\" height=\"534\" src=\"https:\/\/supcom.standardof.net\/wp-content\/uploads\/sites\/8\/2020\/11\/Zeus-Attack-Bomber-Supreme-Commander-Cybran-Tech-1-Air-Units.jpg\" alt=\"Der Zeus-Angriffsbomber, Cybran Tech 1 Air Unit im Oberbefehlshaber.\" class=\"wp-image-591\" srcset=\"https:\/\/supcom.standardof.net\/wp-content\/uploads\/sites\/8\/2020\/11\/Zeus-Attack-Bomber-Supreme-Commander-Cybran-Tech-1-Air-Units.jpg 774w, https:\/\/supcom.standardof.net\/wp-content\/uploads\/sites\/8\/2020\/11\/Zeus-Attack-Bomber-Supreme-Commander-Cybran-Tech-1-Air-Units-512x353.jpg 512w, https:\/\/supcom.standardof.net\/wp-content\/uploads\/sites\/8\/2020\/11\/Zeus-Attack-Bomber-Supreme-Commander-Cybran-Tech-1-Air-Units-200x138.jpg 200w, https:\/\/supcom.standardof.net\/wp-content\/uploads\/sites\/8\/2020\/11\/Zeus-Attack-Bomber-Supreme-Commander-Cybran-Tech-1-Air-Units-768x530.jpg 768w, https:\/\/supcom.standardof.net\/wp-content\/uploads\/sites\/8\/2020\/11\/Zeus-Attack-Bomber-Supreme-Commander-Cybran-Tech-1-Air-Units-16x12.jpg 16w\" sizes=\"(max-width: 774px) 100vw, 774px\" \/><\/a><figcaption>ZEUS - ANGRIFFSBOMBER<\/figcaption><\/figure><\/div>\n\n\n\n<section class=\"wp-block-uagb-columns uagb-columns__wrap uagb-columns__background-undefined uagb-columns__stack-mobile uagb-columns__valign-undefined uagb-columns__gap-10 alignundefined uagb-block-0f9c9449\"><div class=\"uagb-columns__overlay\"><\/div><div class=\"uagb-columns__inner-wrap uagb-columns__columns-2\">\n<div class=\"wp-block-uagb-column uagb-column__wrap uagb-column__background-undefined uagb-block-a4fe0fad\"><div class=\"uagb-column__overlay\"><\/div><div class=\"uagb-column__inner-wrap\">\n<h3 class=\"wp-block-heading\">Zeus-Statistiken<\/h3>\n\n\n\n<p><strong>R\u00fcstung:<\/strong> 19 PS (leicht)<br><strong>Kosten:<\/strong> M171, E3420, T570<br><strong>Intel<\/strong><br>&nbsp;&nbsp;&nbsp;&nbsp; Sicht: 32 (625 m)<br><strong>Physik<\/strong><br>     H\u00f6chstgeschwindigkeit: 12 (234 m \/ s)<br>     H\u00f6he: 18 (352 m)<br>     Eingriffsentfernung: 50 (977 m)<br><strong>Transportklasse:<\/strong> 2<strong><br>Veterin\u00e4rwesen:<\/strong> 5, 10, 25, 50, 100 Kills<br><em>* Veteranenstufe 2: +4 PS<br>* Veteranenlevel 4: +4 PS<br>* Veteranenstufe 5: Reparatur von 1 PS \/ s<\/em><\/p>\n<\/div><\/div>\n\n\n\n<div class=\"wp-block-uagb-column uagb-column__wrap uagb-column__background-undefined uagb-block-402126f6\"><div class=\"uagb-column__overlay\"><\/div><div class=\"uagb-column__inner-wrap\">\n<h3 class=\"wp-block-heading\">Zeuswaffen<\/h3>\n\n\n\n<p><strong>Neutronenhaufenbombe<\/strong> (Bombe)<br>150,00 dps<br><strong>Bereich:<\/strong> 3 (58,6 m)<br><strong>Reichweite:<\/strong> 5 (97,7 m)<br><strong>Projektilwaffe:<\/strong> 50 Schaden<br>x 6 Projektile = 300 Schaden pro Salve<br><strong>Feuerrate:<\/strong> 0,5 (alle 2 s)<br><em>* Veteranenstufe 1: +13 Schaden<br>* Veteranenstufe 3: +13 Schaden<\/em><\/p>\n\n\n\n<p><strong>Flugzeugunfall<\/strong> (Tod)<br>100 Schaden<br><strong>Bereich:<\/strong> 1 (19,5 m)<\/p>\n<\/div><\/div>\n<\/div><\/section>\n<\/div><\/div>\n<\/div><\/section>\n\n\n\n<section class=\"wp-block-uagb-columns uagb-columns__wrap uagb-columns__background-undefined uagb-columns__stack-mobile uagb-columns__valign-undefined uagb-columns__gap-10 alignundefined uagb-block-86c4e267\"><div class=\"uagb-columns__overlay\"><\/div><div class=\"uagb-columns__inner-wrap uagb-columns__columns-1\">\n<div class=\"wp-block-uagb-column uagb-column__wrap uagb-column__background-undefined uagb-block-73586c6f\"><div class=\"uagb-column__overlay\"><\/div><div class=\"uagb-column__inner-wrap\">\n<h2 class=\"wp-block-heading\"><strong>SKYHOOK <\/strong>- LICHTLUFTTRANSPORT<\/h2>\n\n\n\n<p><a href=\"https:\/\/www.standardof.net\/wp-content\/uploads\/2012\/12\/Skyhook-Light-Air-Transport.png\" class=\"rank-math-link\" target=\"_blank\" rel=\"noopener\"><\/a>Ein fr\u00fcher Lufttransport hat zwei Vorteile: Sie k\u00f6nnen Ihre Angriffsbots per Luftbr\u00fccke heben und ein fliegendes Kanonenschiff haben, um feindliche T1-Streitkr\u00e4fte zu t\u00f6ten, oder Sie k\u00f6nnen gef\u00e4hrlichere Tropfen von Einheiten oder Ingenieuren hinter feindlichen Linien machen. Verlassen Sie sich jedoch nicht darauf, dass sie \u00fcber einen Tropfen hinaus leben. Sie sind meistens dazu da, Angst in die Herzen Ihrer Feinde zu schlagen, anstatt den Sieg tats\u00e4chlich zu liefern. Es transportiert 6 T1-Einheiten, 3 T2-Einheiten oder 1 T3-Einheit.<\/p>\n\n\n\n<div class=\"wp-block-image\"><figure class=\"aligncenter size-large\"><a href=\"https:\/\/supcom.standardof.net\/de\/supreme-commander\/cybran\/cybran-tech-1-air-einheiten\/skyhook-light-air-transport-supreme-commander-cybran-tech-1-air-units\/\"><img decoding=\"async\" width=\"500\" height=\"292\" src=\"https:\/\/supcom.standardof.net\/wp-content\/uploads\/sites\/8\/2020\/11\/Skyhook-Light-Air-Transport-Supreme-Commander-Cybran-Tech-1-Air-Units.jpg\" alt=\"Die Skyhook Light Air Transport, Cybran Tech 1 Lufteinheit im Oberbefehlshaber.\" class=\"wp-image-590\" srcset=\"https:\/\/supcom.standardof.net\/wp-content\/uploads\/sites\/8\/2020\/11\/Skyhook-Light-Air-Transport-Supreme-Commander-Cybran-Tech-1-Air-Units.jpg 500w, https:\/\/supcom.standardof.net\/wp-content\/uploads\/sites\/8\/2020\/11\/Skyhook-Light-Air-Transport-Supreme-Commander-Cybran-Tech-1-Air-Units-200x117.jpg 200w, https:\/\/supcom.standardof.net\/wp-content\/uploads\/sites\/8\/2020\/11\/Skyhook-Light-Air-Transport-Supreme-Commander-Cybran-Tech-1-Air-Units-16x9.jpg 16w\" sizes=\"(max-width: 500px) 100vw, 500px\" \/><\/a><figcaption>SKYHOOK - LICHTLUFTTRANSPORT<\/figcaption><\/figure><\/div>\n\n\n\n<section class=\"wp-block-uagb-columns uagb-columns__wrap uagb-columns__background-undefined uagb-columns__stack-mobile uagb-columns__valign-undefined uagb-columns__gap-10 alignundefined uagb-block-cf709c17\"><div class=\"uagb-columns__overlay\"><\/div><div class=\"uagb-columns__inner-wrap uagb-columns__columns-2\">\n<div class=\"wp-block-uagb-column uagb-column__wrap uagb-column__background-undefined uagb-block-8235e37e\"><div class=\"uagb-column__overlay\"><\/div><div class=\"uagb-column__inner-wrap\">\n<h3 class=\"wp-block-heading\">Skyhook-Statistiken<\/h3>\n\n\n\n<p><strong>R\u00fcstung:<\/strong> 90 PS (leicht)<br><strong>F\u00e4higkeiten:<\/strong> Transport (bef\u00f6rdert T1-T3-Landeinheiten)<br><strong>Kosten:<\/strong> M120, E4800, T600<br><strong>Intel<\/strong><br>&nbsp;&nbsp;&nbsp;&nbsp; Sicht: 32 (625 m)<br><strong>Physik<\/strong><br>     H\u00f6chstgeschwindigkeit: 15 (293 m \/ s)<br>     H\u00f6he: 10 (195 m)<br><strong>Transportraum:<\/strong> 6<br>     Klasse 2 Anhang Gr\u00f6\u00dfe: 2<br>     Klasse 3 Anhang Gr\u00f6\u00dfe: 4<br><em>* Veteranenstufe 2: +23 PS<br>* Veteranenstufe 4: +23 PS<br>* Veteranenstufe 5: Reparatur von 1 PS \/ s<\/em><\/p>\n<\/div><\/div>\n\n\n\n<div class=\"wp-block-uagb-column uagb-column__wrap uagb-column__background-undefined uagb-block-ea474949\"><div class=\"uagb-column__overlay\"><\/div><div class=\"uagb-column__inner-wrap\"><\/div><\/div>\n<\/div><\/section>\n<\/div><\/div>\n<\/div><\/section>","protected":false},"excerpt":{"rendered":"<p>FLYING EYES \u2013 AIR SCOUT The Air Scout is extremely inexpensive, and it&#8217;s this virtue that makes it useful. While an interceptor will often get farther into an enemy base, a single air scout in your build queue will let you stockpile a set of scouts that can crisscross the map looking for a lightly [&hellip;]<\/p>","protected":false},"author":1,"featured_media":0,"parent":538,"menu_order":0,"comment_status":"open","ping_status":"closed","template":"","meta":{"_uag_custom_page_level_css":"","site-sidebar-layout":"default","site-content-layout":"default","ast-site-content-layout":"","site-content-style":"default","site-sidebar-style":"default","ast-global-header-display":"","ast-banner-title-visibility":"","ast-main-header-display":"","ast-hfb-above-header-display":"","ast-hfb-below-header-display":"","ast-hfb-mobile-header-display":"","site-post-title":"","ast-breadcrumbs-content":"","ast-featured-img":"","footer-sml-layout":"","theme-transparent-header-meta":"default","adv-header-id-meta":"","stick-header-meta":"","header-above-stick-meta":"","header-main-stick-meta":"","header-below-stick-meta":"","astra-migrate-meta-layouts":"default","ast-page-background-enabled":"default","ast-page-background-meta":{"desktop":{"background-color":"","background-image":"","background-repeat":"repeat","background-position":"center center","background-size":"auto","background-attachment":"scroll","background-type":"","background-media":"","overlay-type":"","overlay-color":"","overlay-gradient":""},"tablet":{"background-color":"","background-image":"","background-repeat":"repeat","background-position":"center center","background-size":"auto","background-attachment":"scroll","background-type":"","background-media":"","overlay-type":"","overlay-color":"","overlay-gradient":""},"mobile":{"background-color":"","background-image":"","background-repeat":"repeat","background-position":"center center","background-size":"auto","background-attachment":"scroll","background-type":"","background-media":"","overlay-type":"","overlay-color":"","overlay-gradient":""}},"ast-content-background-meta":{"desktop":{"background-color":"var(--ast-global-color-5)","background-image":"","background-repeat":"repeat","background-position":"center center","background-size":"auto","background-attachment":"scroll","background-type":"","background-media":"","overlay-type":"","overlay-color":"","overlay-gradient":""},"tablet":{"background-color":"var(--ast-global-color-5)","background-image":"","background-repeat":"repeat","background-position":"center center","background-size":"auto","background-attachment":"scroll","background-type":"","background-media":"","overlay-type":"","overlay-color":"","overlay-gradient":""},"mobile":{"background-color":"var(--ast-global-color-5)","background-image":"","background-repeat":"repeat","background-position":"center center","background-size":"auto","background-attachment":"scroll","background-type":"","background-media":"","overlay-type":"","overlay-color":"","overlay-gradient":""}},"footnotes":""},"uagb_featured_image_src":{"full":false,"thumbnail":false,"medium":false,"medium_large":false,"large":false,"1536x1536":false,"2048x2048":false,"trp-custom-language-flag":false},"uagb_author_info":{"display_name":"SOE","author_link":"https:\/\/supcom.standardof.net\/de\/author\/k-tastic\/"},"uagb_comment_info":0,"uagb_excerpt":"FLYING EYES \u2013 AIR SCOUT The Air Scout is extremely inexpensive, and it&#8217;s this virtue that makes it useful. While an interceptor will often get farther into an enemy base, a single air scout in your build queue will let you stockpile a set of scouts that can crisscross the map looking for a lightly&hellip;","_links":{"self":[{"href":"https:\/\/supcom.standardof.net\/de\/wp-json\/wp\/v2\/pages\/587"}],"collection":[{"href":"https:\/\/supcom.standardof.net\/de\/wp-json\/wp\/v2\/pages"}],"about":[{"href":"https:\/\/supcom.standardof.net\/de\/wp-json\/wp\/v2\/types\/page"}],"author":[{"embeddable":true,"href":"https:\/\/supcom.standardof.net\/de\/wp-json\/wp\/v2\/users\/1"}],"replies":[{"embeddable":true,"href":"https:\/\/supcom.standardof.net\/de\/wp-json\/wp\/v2\/comments?post=587"}],"version-history":[{"count":0,"href":"https:\/\/supcom.standardof.net\/de\/wp-json\/wp\/v2\/pages\/587\/revisions"}],"up":[{"embeddable":true,"href":"https:\/\/supcom.standardof.net\/de\/wp-json\/wp\/v2\/pages\/538"}],"wp:attachment":[{"href":"https:\/\/supcom.standardof.net\/de\/wp-json\/wp\/v2\/media?parent=587"}],"curies":[{"name":"wp","href":"https:\/\/api.w.org\/{rel}","templated":true}]}}