{"id":603,"date":"2020-11-02T14:10:13","date_gmt":"2020-11-02T19:10:13","guid":{"rendered":"https:\/\/supcom.standardof.net\/?page_id=603"},"modified":"2020-11-04T00:32:22","modified_gmt":"2020-11-04T05:32:22","slug":"cybran-tech-3-air-units","status":"publish","type":"page","link":"https:\/\/supcom.standardof.net\/de\/supreme-commander\/cybran\/cybran-tech-3-luft-einheiten\/","title":{"rendered":"Cybran Tech 3 Lufteinheiten"},"content":{"rendered":"<div class=\"wp-block-uagb-table-of-contents uagb-toc__align-left uagb-toc__columns-1  uagb-block-9f92f94c\"\n\t\t\t\t\tdata-scroll= \"1\"\n\t\t\t\t\tdata-offset= \"30\"\n\t\t\t\t\tstyle=\"\"\n\t\t\t\t>\n\t\t\t\t<div class=\"uagb-toc__wrap\">\n\t\t\t\t\t\t<div class=\"uagb-toc__title\">\n\t\t\t\t\t\t\tCybran Tech 3 Air Units:\t\t\t\t\t\t<\/div>\n\t\t\t\t\t\t\t\t\t\t\t\t\t\t\t\t<div class=\"uagb-toc__list-wrap\">\n\t\t\t\t\t\t<ol class=\"uagb-toc__list\"><li class=\"uagb-toc__list\"><a href=\"#spook-spy-plane\" class=\"uagb-toc-link__trigger\">SPOOK - SPY PLANE<\/a><li class=\"uagb-toc__list\"><a href=\"#gemini-air-superiority-fighter\" class=\"uagb-toc-link__trigger\">GEMINI - LUFT\u00dcBERWACHUNGSK\u00c4MPFER<\/a><li class=\"uagb-toc__list\"><a href=\"#revenant-strategic-bomber\" class=\"uagb-toc-link__trigger\">REVENANT - STRATEGISCHE BOMBER<\/a><\/ol>\t\t\t\t\t<\/div>\n\t\t\t\t\t\t\t\t\t<\/div>\n\t\t\t\t<\/div>\n\t\t\t\n\n\n<section class=\"wp-block-uagb-columns uagb-columns__wrap uagb-columns__background-undefined uagb-columns__stack-mobile uagb-columns__valign-undefined uagb-columns__gap-10 alignundefined uagb-block-6942c4ed\"><div class=\"uagb-columns__overlay\"><\/div><div class=\"uagb-columns__inner-wrap uagb-columns__columns-1\">\n<div class=\"wp-block-uagb-column uagb-column__wrap uagb-column__background-undefined uagb-block-a6604325\"><div class=\"uagb-column__overlay\"><\/div><div class=\"uagb-column__inner-wrap\">\n<h2 class=\"wp-block-heading\"><strong>SPUK <\/strong>- Spionageflugzeug<\/h2>\n\n\n\n<p><a href=\"https:\/\/www.standardof.net\/wp-content\/uploads\/2012\/12\/Spook-Spy-Plane.png\" class=\"rank-math-link\" target=\"_blank\" rel=\"noopener\"><\/a>Das Spionageflugzeug ist nicht billig, aber es ist jeden Cent wert, f\u00fcr alle F\u00e4lle einen zu haben. Cybrans, die immer gut im Scouting sind, erhalten Sonarabdeckung und die Stealth-F\u00e4higkeit, die verhindert, dass die feindlichen Abfangj\u00e4ger Ihr teures wehrloses Flugzeug jagen. Es tut nie weh, einen auf Patrouille zu haben, wenn sich Ihr Feind n\u00e4hert oder \u00fcber den Rand der feindlichen Basis. Sie fliegen hoch nach oben, daher dauert es eine Weile, bis SAM-Sites sie treffen, und Sie sehen tiefer in die feindliche Basis hinein. Dank ihrer Omni-F\u00e4higkeit k\u00f6nnen sie nach geheimen taktischen Raketenwerfern suchen, wenn Sie den Luxus von T3-Flugzeugen haben.<\/p>\n\n\n\n<div class=\"wp-block-image\"><figure class=\"aligncenter size-large\"><a href=\"https:\/\/supcom.standardof.net\/de\/supreme-commander\/cybran\/cybran-tech-3-luft-einheiten\/spook-spy-plane-supreme-commander-cybran-tech-3-air-units\/\"><img decoding=\"async\" width=\"800\" height=\"509\" src=\"https:\/\/supcom.standardof.net\/wp-content\/uploads\/sites\/8\/2020\/11\/Spook-Spy-Plane-Supreme-Commander-Cybran-Tech-3-Air-Units-800x509.jpg\" alt=\"Das Spook Spy Plane, Cybran Tech 3 Air Unit im Oberbefehlshaber.\" class=\"wp-image-608\" srcset=\"https:\/\/supcom.standardof.net\/wp-content\/uploads\/sites\/8\/2020\/11\/Spook-Spy-Plane-Supreme-Commander-Cybran-Tech-3-Air-Units-800x509.jpg 800w, https:\/\/supcom.standardof.net\/wp-content\/uploads\/sites\/8\/2020\/11\/Spook-Spy-Plane-Supreme-Commander-Cybran-Tech-3-Air-Units-512x326.jpg 512w, https:\/\/supcom.standardof.net\/wp-content\/uploads\/sites\/8\/2020\/11\/Spook-Spy-Plane-Supreme-Commander-Cybran-Tech-3-Air-Units-200x127.jpg 200w, https:\/\/supcom.standardof.net\/wp-content\/uploads\/sites\/8\/2020\/11\/Spook-Spy-Plane-Supreme-Commander-Cybran-Tech-3-Air-Units-768x489.jpg 768w, https:\/\/supcom.standardof.net\/wp-content\/uploads\/sites\/8\/2020\/11\/Spook-Spy-Plane-Supreme-Commander-Cybran-Tech-3-Air-Units-16x10.jpg 16w, https:\/\/supcom.standardof.net\/wp-content\/uploads\/sites\/8\/2020\/11\/Spook-Spy-Plane-Supreme-Commander-Cybran-Tech-3-Air-Units.jpg 880w\" sizes=\"(max-width: 800px) 100vw, 800px\" \/><\/a><figcaption>SPOOK - SPY PLANE<\/figcaption><\/figure><\/div>\n\n\n\n<section class=\"wp-block-uagb-columns uagb-columns__wrap uagb-columns__background-undefined uagb-columns__stack-mobile uagb-columns__valign-undefined uagb-columns__gap-10 alignundefined uagb-block-7bfaf656\"><div class=\"uagb-columns__overlay\"><\/div><div class=\"uagb-columns__inner-wrap uagb-columns__columns-2\">\n<div class=\"wp-block-uagb-column uagb-column__wrap uagb-column__background-undefined uagb-block-7e99297f\"><div class=\"uagb-column__overlay\"><\/div><div class=\"uagb-column__inner-wrap\">\n<h3 class=\"wp-block-heading\">Spook Stats<\/h3>\n\n\n\n<p><strong>R\u00fcstung:<\/strong> 18 PS (leicht)<br><strong>F\u00e4higkeiten:<\/strong> Stealth, Radar, Sonar<br><strong>Kosten:<\/strong> M60, E2400, T450<br>&nbsp;&nbsp;&nbsp;&nbsp; Abfluss (Stealth): E -20<br><strong>Intel<\/strong><br>&nbsp;&nbsp;&nbsp;&nbsp; Sicht: 96 (1,88 km)<br>&nbsp;&nbsp;&nbsp;&nbsp; Radar und Sonar: 96 (1,88 km)<br>&nbsp;&nbsp;&nbsp;&nbsp; omni: 30 (586 m)<br><strong>Physik<\/strong><br>&nbsp;&nbsp;&nbsp;&nbsp; H\u00f6chstgeschwindigkeit: 21 (410 m \/ s)<br>&nbsp;&nbsp;&nbsp;&nbsp; H\u00f6he: 25 (488 m)<br><strong>Transportklasse:<\/strong> 3<br><em>* Veteranenstufe 2: +5 PS<br>* Veteranenstufe 4: +5 PS<br>* Veteranenstufe 5: Reparatur von 1 PS \/ s<\/em><\/p>\n<\/div><\/div>\n\n\n\n<div class=\"wp-block-uagb-column uagb-column__wrap uagb-column__background-undefined uagb-block-70295cfc\"><div class=\"uagb-column__overlay\"><\/div><div class=\"uagb-column__inner-wrap\">\n<h3 class=\"wp-block-heading\">Gespenstische Waffen<\/h3>\n\n\n\n<p><strong>Flugzeugunfall<\/strong> (Tod)<br>&nbsp;&nbsp;&nbsp;&nbsp; 100 Schaden<br><strong>Bereich:<\/strong> 1 (19,5 m)<\/p>\n<\/div><\/div>\n<\/div><\/section>\n<\/div><\/div>\n<\/div><\/section>\n\n\n\n<section class=\"wp-block-uagb-columns uagb-columns__wrap uagb-columns__background-undefined uagb-columns__stack-mobile uagb-columns__valign-undefined uagb-columns__gap-10 alignundefined uagb-block-f034b7fb\"><div class=\"uagb-columns__overlay\"><\/div><div class=\"uagb-columns__inner-wrap uagb-columns__columns-1\">\n<div class=\"wp-block-uagb-column uagb-column__wrap uagb-column__background-undefined uagb-block-fcded10b\"><div class=\"uagb-column__overlay\"><\/div><div class=\"uagb-column__inner-wrap\">\n<h2 class=\"wp-block-heading\"><strong>ZWILLINGE <\/strong>- LUFT\u00dcBERWACHUNGSK\u00c4MPFER<\/h2>\n\n\n\n<p><a href=\"https:\/\/www.standardof.net\/wp-content\/uploads\/2012\/12\/Gemini-Air-Superiority-Fighter.png\" class=\"rank-math-link\" target=\"_blank\" rel=\"noopener\"><\/a>Die Gemini ist eine sehr teure Luftabwehreinheit, daher sollten Sie sie nur haben, wenn Sie glauben, dass Sie regelm\u00e4\u00dfig feindliche Lufteinheiten t\u00f6ten m\u00fcssen. Sie fliegen so schnell, dass sie keinen angemessenen Schutz f\u00fcr einen Bombenangriff bieten, aber sie k\u00f6nnen hereinkommen und die feindliche Abfangtruppe \u00fcberfallen, und sie sind der beste Weg, um mit experimentellen Lufteinheiten umzugehen. Wie der Cybran-Abfangj\u00e4ger hat der Cybran-T3-J\u00e4ger weniger Gesundheit, kann aber andere Flugzeuge besser t\u00f6ten - Tracking-Raketen sind nicht so stark wie die Laserstrahlen der UEF, treffen aber viel h\u00e4ufiger. Die Heimlichkeit ist nicht besonders n\u00fctzlich. Durch das T3-Level wei\u00df Ihr Gegner, dass Sie eine Luftabwehr haben. Es ist also keine \u00dcberraschung, wenn Sie herabst\u00fcrzen und seine Kanonenschiffe t\u00f6ten.<\/p>\n\n\n\n<div class=\"wp-block-image\"><figure class=\"aligncenter size-large\"><a href=\"https:\/\/supcom.standardof.net\/de\/supreme-commander\/cybran\/cybran-tech-3-luft-einheiten\/gemini-air-superiority-fighter-supreme-commander-cybran-tech-3-air-units\/\"><img decoding=\"async\" width=\"630\" height=\"558\" src=\"https:\/\/supcom.standardof.net\/wp-content\/uploads\/sites\/8\/2020\/11\/Gemini-Air-Superiority-Fighter-Supreme-Commander-Cybran-Tech-3-Air-Units.jpg\" alt=\"Der Gemini Air Superiority Fighter, Cybran Tech 3 Air Unit im Oberbefehlshaber.\" class=\"wp-image-606\" srcset=\"https:\/\/supcom.standardof.net\/wp-content\/uploads\/sites\/8\/2020\/11\/Gemini-Air-Superiority-Fighter-Supreme-Commander-Cybran-Tech-3-Air-Units.jpg 630w, https:\/\/supcom.standardof.net\/wp-content\/uploads\/sites\/8\/2020\/11\/Gemini-Air-Superiority-Fighter-Supreme-Commander-Cybran-Tech-3-Air-Units-512x453.jpg 512w, https:\/\/supcom.standardof.net\/wp-content\/uploads\/sites\/8\/2020\/11\/Gemini-Air-Superiority-Fighter-Supreme-Commander-Cybran-Tech-3-Air-Units-200x177.jpg 200w, https:\/\/supcom.standardof.net\/wp-content\/uploads\/sites\/8\/2020\/11\/Gemini-Air-Superiority-Fighter-Supreme-Commander-Cybran-Tech-3-Air-Units-14x12.jpg 14w\" sizes=\"(max-width: 630px) 100vw, 630px\" \/><\/a><figcaption>GEMINI - LUFT\u00dcBERWACHUNGSK\u00c4MPFER<\/figcaption><\/figure><\/div>\n\n\n\n<section class=\"wp-block-uagb-columns uagb-columns__wrap uagb-columns__background-undefined uagb-columns__stack-mobile uagb-columns__valign-undefined uagb-columns__gap-10 alignundefined uagb-block-24c43c3a\"><div class=\"uagb-columns__overlay\"><\/div><div class=\"uagb-columns__inner-wrap uagb-columns__columns-2\">\n<div class=\"wp-block-uagb-column uagb-column__wrap uagb-column__background-undefined uagb-block-70e253ef\"><div class=\"uagb-column__overlay\"><\/div><div class=\"uagb-column__inner-wrap\">\n<h3 class=\"wp-block-heading\">Zwillinge Statistiken<\/h3>\n\n\n\n<p><strong>R\u00fcstung:<\/strong> 200 PS (leicht)<br><strong>F\u00e4higkeiten:<\/strong> Stealth (kann sich vor Radar verstecken)<br><strong>Kosten:<\/strong> M360, E24000, T3600<br>&nbsp;&nbsp;&nbsp;&nbsp; Abfluss (Stealth): E -60<br><strong>Intel<\/strong><br>&nbsp;&nbsp;&nbsp;&nbsp; Sicht: 32 (625 m)<br><strong>Physik<\/strong><br>&nbsp;&nbsp;&nbsp;&nbsp; H\u00f6chstgeschwindigkeit: 25 (488 m \/ s),<br>&nbsp;&nbsp;&nbsp;&nbsp; H\u00f6he: 20 (391 m),<br>&nbsp;&nbsp;&nbsp;&nbsp; Eingriffsentfernung: 50 (977 m)<br><strong>Transportklasse:<\/strong> 3<br><strong>Veterin\u00e4rwesen: <\/strong>5, 10, 25, 50, 100 Kills<br><em>* Veteranenstufe 2: +50 PS<br>* Veteranenstufe 4: +50 PS<br>* Veteranenstufe 5: Reparatur von 1 PS \/ s<\/em><\/p>\n<\/div><\/div>\n\n\n\n<div class=\"wp-block-uagb-column uagb-column__wrap uagb-column__background-undefined uagb-block-d5ed8d92\"><div class=\"uagb-column__overlay\"><\/div><div class=\"uagb-column__inner-wrap\">\n<h3 class=\"wp-block-heading\">Zwillingswaffen<\/h3>\n\n\n\n<p><strong>Nanite Missile System<\/strong> (Luftabwehr) x2<br>&nbsp;&nbsp;&nbsp;&nbsp; 40 dps<br><strong>Reichweite:<\/strong> 24 (469 m)<br><strong>Projektilwaffe:<\/strong> 20 Schaden<br>&nbsp;&nbsp;&nbsp;&nbsp; x 2 Projektile = 40 Schaden pro Salve<br><strong>Feuerrate:<\/strong> 1 (alle 1s)<br><em>* Veteranenstufe 1: +10 Schaden<br>* Veteranenstufe 3: +10 Schaden<br><\/em><strong>Flugzeugunfall<\/strong> (Tod)<br>&nbsp;&nbsp;&nbsp;&nbsp; 200 Schaden<br><strong>Bereich:<\/strong> 1 (19,5 m)<\/p>\n<\/div><\/div>\n<\/div><\/section>\n<\/div><\/div>\n<\/div><\/section>\n\n\n\n<section class=\"wp-block-uagb-columns uagb-columns__wrap uagb-columns__background-undefined uagb-columns__stack-mobile uagb-columns__valign-undefined uagb-columns__gap-10 alignundefined uagb-block-3f78e4e3\"><div class=\"uagb-columns__overlay\"><\/div><div class=\"uagb-columns__inner-wrap uagb-columns__columns-1\">\n<div class=\"wp-block-uagb-column uagb-column__wrap uagb-column__background-undefined uagb-block-6f558345\"><div class=\"uagb-column__overlay\"><\/div><div class=\"uagb-column__inner-wrap\">\n<h2 class=\"wp-block-heading\"><strong>WIEDERAUFERSTANDENER <\/strong>- STRATEGISCHE BOMBER<\/h2>\n\n\n\n<p><a href=\"https:\/\/www.standardof.net\/wp-content\/uploads\/2012\/12\/Revenant-Strategic-Bomber.png\" class=\"rank-math-link\" target=\"_blank\" rel=\"noopener\"><\/a>Strategische Bomber bauen so langsam, dass sie eine gro\u00dfe Gruppe von Ingenieuren ben\u00f6tigen. Das Wort \u201estrategisch\u201c sollte dort nicht leicht genommen werden: Sie k\u00f6nnen tats\u00e4chlich Abfangj\u00e4ger mit ihren Luftabwehrkanonen t\u00f6ten, sie fliegen hoch genug, dass es eine Weile dauert, bis eine SAM-Stelle sie t\u00f6tet, und nat\u00fcrlich ist ihre Bombe furchterregend. Diese Dinge werden f\u00fcr gro\u00dfe Landschlachten verschwendet, da sie aufgrund ihrer Ungenauigkeit genauso wahrscheinlich sind, Ihre Jungs auszuschalten wie ihre; Lagern Sie sie stattdessen zusammen mit einer enormen Kraft anderer Flugzeuge, um die feindliche Luftverteidigung abzulenken, und verwenden Sie sie f\u00fcr einen chirurgischen Angriff auf eine ACU, ein Artilleriegesch\u00fctz oder eine Nuklearraketenabwehr. W\u00e4hrend der strategische Bomber von Cybran nicht ganz so viel Schaden anrichtet, hat er genug Fl\u00e4che und eine Ungenauigkeit, die klein genug ist, um sich tats\u00e4chlich gegen Landangriffe zu verteidigen, solange Sie Luft\u00fcberlegenheit haben.<\/p>\n\n\n\n<div class=\"wp-block-image\"><figure class=\"aligncenter size-large\"><a href=\"https:\/\/supcom.standardof.net\/de\/supreme-commander\/cybran\/cybran-tech-3-luft-einheiten\/revenant-strategic-bomber-supreme-commander-cybran-tech-3-air-units\/\"><img decoding=\"async\" width=\"792\" height=\"598\" src=\"https:\/\/supcom.standardof.net\/wp-content\/uploads\/sites\/8\/2020\/11\/Revenant-Strategic-Bomber-Supreme-Commander-Cybran-Tech-3-Air-Units.jpg\" alt=\"Der wiederkehrende strategische Bomber, Cybran Tech 3 Air Unit im Oberbefehlshaber.\" class=\"wp-image-607\" srcset=\"https:\/\/supcom.standardof.net\/wp-content\/uploads\/sites\/8\/2020\/11\/Revenant-Strategic-Bomber-Supreme-Commander-Cybran-Tech-3-Air-Units.jpg 792w, https:\/\/supcom.standardof.net\/wp-content\/uploads\/sites\/8\/2020\/11\/Revenant-Strategic-Bomber-Supreme-Commander-Cybran-Tech-3-Air-Units-512x387.jpg 512w, https:\/\/supcom.standardof.net\/wp-content\/uploads\/sites\/8\/2020\/11\/Revenant-Strategic-Bomber-Supreme-Commander-Cybran-Tech-3-Air-Units-200x151.jpg 200w, https:\/\/supcom.standardof.net\/wp-content\/uploads\/sites\/8\/2020\/11\/Revenant-Strategic-Bomber-Supreme-Commander-Cybran-Tech-3-Air-Units-768x580.jpg 768w, https:\/\/supcom.standardof.net\/wp-content\/uploads\/sites\/8\/2020\/11\/Revenant-Strategic-Bomber-Supreme-Commander-Cybran-Tech-3-Air-Units-16x12.jpg 16w\" sizes=\"(max-width: 792px) 100vw, 792px\" \/><\/a><figcaption>REVENANT - STRATEGISCHE BOMBER<\/figcaption><\/figure><\/div>\n\n\n\n<section class=\"wp-block-uagb-columns uagb-columns__wrap uagb-columns__background-undefined uagb-columns__stack-mobile uagb-columns__valign-undefined uagb-columns__gap-10 alignundefined uagb-block-ebd24269\"><div class=\"uagb-columns__overlay\"><\/div><div class=\"uagb-columns__inner-wrap uagb-columns__columns-2\">\n<div class=\"wp-block-uagb-column uagb-column__wrap uagb-column__background-undefined uagb-block-ad8632c2\"><div class=\"uagb-column__overlay\"><\/div><div class=\"uagb-column__inner-wrap\">\n<h3 class=\"wp-block-heading\">Revenant Stats<\/h3>\n\n\n\n<p><strong>R\u00fcstung:<\/strong> 120 PS (leicht)<br><strong>F\u00e4higkeiten:<\/strong> Stealth (kann sich vor Radar verstecken)<br><strong>Kosten:<\/strong> M2160, E72000, T7200<br>&nbsp;&nbsp;&nbsp;&nbsp; Abfluss (Stealth): E -60<br><strong>Intel<\/strong><br>&nbsp;&nbsp;&nbsp;&nbsp; Sicht: 32 (625 m)<br><strong>Physik<\/strong><br>&nbsp;&nbsp;&nbsp;&nbsp; H\u00f6chstgeschwindigkeit: 0,5 (9,8 m \/ s)<br>&nbsp;&nbsp;&nbsp;&nbsp; H\u00f6he: 25 (488 m)<br>&nbsp;&nbsp;&nbsp;&nbsp; Eingriffsentfernung: 50 (977 m)<br><strong>Transportklasse:<\/strong> 3<strong><br>Veterin\u00e4rwesen:<\/strong> 30, 60, 150, 300, 600 Kills<br><em>* Veteranenstufe 2: +30 PS<br>* Veteranenstufe 4: +30 PS<br>* Veteranenstufe 5: Reparatur von 1 PS \/ s<\/em><\/p>\n<\/div><\/div>\n\n\n\n<div class=\"wp-block-uagb-column uagb-column__wrap uagb-column__background-undefined uagb-block-a24cde3d\"><div class=\"uagb-column__overlay\"><\/div><div class=\"uagb-column__inner-wrap\">\n<h3 class=\"wp-block-heading\">Wiederkehrende Waffen<\/h3>\n\n\n\n<p><strong>Neutronenbombe<\/strong> (Bombe)<br>&nbsp;&nbsp;&nbsp;&nbsp; 1200,00 dps<br><strong>Bereich:<\/strong> 6 (117 m)<br><strong>Reichweite:<\/strong> 5 (97,7 m)<br><strong>Projektilwaffe:<\/strong> 6000 Schaden<br><strong>Feuerrate:<\/strong> 0,2 (alle 5 s)<br><strong>Schuss Zuf\u00e4lligkeit:<\/strong> 1<br><em>* Veteranenstufe 1: +1250 Schaden<br>* Veteranenstufe 3: +1250 Schaden<\/em><br><strong>Elektronenautokanone<\/strong> (Flugabwehr)<br>&nbsp;&nbsp;&nbsp;&nbsp; 120,00 dps<br><strong>Reichweite:<\/strong> 44 (859 m)<br><strong>Projektilwaffe:<\/strong> 20 Schaden<br><strong>Feuerrate:<\/strong> 3 (alle 0,33 s)<br><em>* Veteranenstufe 1: +5 Schaden<br>* Veteranenstufe 3: +5 Schaden<\/em><br><strong>Flugzeugunfall<\/strong> (Tod)<br>&nbsp;&nbsp;&nbsp;&nbsp; 500 Schaden<br><strong>Bereich:<\/strong> 1 (19,5 m)<\/p>\n<\/div><\/div>\n<\/div><\/section>\n<\/div><\/div>\n<\/div><\/section>","protected":false},"excerpt":{"rendered":"<p>SPOOK \u2013 SPY PLANE The Spy Plane isn&#8217;t cheap, but it&#8217;s worth every penny to have one just in case. Cybrans, always great at scouting, get sonar coverage and the stealth ability that prevents the enemy interceptor packs from hunting your expensive defenseless plane down. It never hurts to have one on patrol across any [&hellip;]<\/p>","protected":false},"author":1,"featured_media":0,"parent":538,"menu_order":0,"comment_status":"open","ping_status":"closed","template":"","meta":{"_uag_custom_page_level_css":"","site-sidebar-layout":"default","site-content-layout":"default","ast-site-content-layout":"","site-content-style":"default","site-sidebar-style":"default","ast-global-header-display":"","ast-banner-title-visibility":"","ast-main-header-display":"","ast-hfb-above-header-display":"","ast-hfb-below-header-display":"","ast-hfb-mobile-header-display":"","site-post-title":"","ast-breadcrumbs-content":"","ast-featured-img":"","footer-sml-layout":"","theme-transparent-header-meta":"default","adv-header-id-meta":"","stick-header-meta":"","header-above-stick-meta":"","header-main-stick-meta":"","header-below-stick-meta":"","astra-migrate-meta-layouts":"default","ast-page-background-enabled":"default","ast-page-background-meta":{"desktop":{"background-color":"","background-image":"","background-repeat":"repeat","background-position":"center center","background-size":"auto","background-attachment":"scroll","background-type":"","background-media":"","overlay-type":"","overlay-color":"","overlay-gradient":""},"tablet":{"background-color":"","background-image":"","background-repeat":"repeat","background-position":"center center","background-size":"auto","background-attachment":"scroll","background-type":"","background-media":"","overlay-type":"","overlay-color":"","overlay-gradient":""},"mobile":{"background-color":"","background-image":"","background-repeat":"repeat","background-position":"center center","background-size":"auto","background-attachment":"scroll","background-type":"","background-media":"","overlay-type":"","overlay-color":"","overlay-gradient":""}},"ast-content-background-meta":{"desktop":{"background-color":"var(--ast-global-color-5)","background-image":"","background-repeat":"repeat","background-position":"center center","background-size":"auto","background-attachment":"scroll","background-type":"","background-media":"","overlay-type":"","overlay-color":"","overlay-gradient":""},"tablet":{"background-color":"var(--ast-global-color-5)","background-image":"","background-repeat":"repeat","background-position":"center center","background-size":"auto","background-attachment":"scroll","background-type":"","background-media":"","overlay-type":"","overlay-color":"","overlay-gradient":""},"mobile":{"background-color":"var(--ast-global-color-5)","background-image":"","background-repeat":"repeat","background-position":"center center","background-size":"auto","background-attachment":"scroll","background-type":"","background-media":"","overlay-type":"","overlay-color":"","overlay-gradient":""}},"footnotes":""},"uagb_featured_image_src":{"full":false,"thumbnail":false,"medium":false,"medium_large":false,"large":false,"1536x1536":false,"2048x2048":false,"trp-custom-language-flag":false},"uagb_author_info":{"display_name":"SOE","author_link":"https:\/\/supcom.standardof.net\/de\/author\/k-tastic\/"},"uagb_comment_info":0,"uagb_excerpt":"SPOOK \u2013 SPY PLANE The Spy Plane isn&#8217;t cheap, but it&#8217;s worth every penny to have one just in case. Cybrans, always great at scouting, get sonar coverage and the stealth ability that prevents the enemy interceptor packs from hunting your expensive defenseless plane down. It never hurts to have one on patrol across any&hellip;","_links":{"self":[{"href":"https:\/\/supcom.standardof.net\/de\/wp-json\/wp\/v2\/pages\/603"}],"collection":[{"href":"https:\/\/supcom.standardof.net\/de\/wp-json\/wp\/v2\/pages"}],"about":[{"href":"https:\/\/supcom.standardof.net\/de\/wp-json\/wp\/v2\/types\/page"}],"author":[{"embeddable":true,"href":"https:\/\/supcom.standardof.net\/de\/wp-json\/wp\/v2\/users\/1"}],"replies":[{"embeddable":true,"href":"https:\/\/supcom.standardof.net\/de\/wp-json\/wp\/v2\/comments?post=603"}],"version-history":[{"count":0,"href":"https:\/\/supcom.standardof.net\/de\/wp-json\/wp\/v2\/pages\/603\/revisions"}],"up":[{"embeddable":true,"href":"https:\/\/supcom.standardof.net\/de\/wp-json\/wp\/v2\/pages\/538"}],"wp:attachment":[{"href":"https:\/\/supcom.standardof.net\/de\/wp-json\/wp\/v2\/media?parent=603"}],"curies":[{"name":"wp","href":"https:\/\/api.w.org\/{rel}","templated":true}]}}