{"id":611,"date":"2020-11-02T14:34:22","date_gmt":"2020-11-02T19:34:22","guid":{"rendered":"https:\/\/supcom.standardof.net\/?page_id=611"},"modified":"2020-11-04T00:33:37","modified_gmt":"2020-11-04T05:33:37","slug":"cybran-tech-1-naval-units","status":"publish","type":"page","link":"https:\/\/supcom.standardof.net\/de\/supreme-commander\/cybran\/cybran-tech-1-marine-einheiten\/","title":{"rendered":"Cybran Tech 1 Marineeinheiten"},"content":{"rendered":"<div class=\"wp-block-uagb-table-of-contents uagb-toc__align-left uagb-toc__columns-1  uagb-block-c4f8dd07\"\n\t\t\t\t\tdata-scroll= \"1\"\n\t\t\t\t\tdata-offset= \"30\"\n\t\t\t\t\tstyle=\"\"\n\t\t\t\t>\n\t\t\t\t<div class=\"uagb-toc__wrap\">\n\t\t\t\t\t\t<div class=\"uagb-toc__title\">\n\t\t\t\t\t\t\tCybran Tech 1 Marineeinheiten:\t\t\t\t\t\t<\/div>\n\t\t\t\t\t\t\t\t\t\t\t\t\t\t\t\t<div class=\"uagb-toc__list-wrap\">\n\t\t\t\t\t\t<ol class=\"uagb-toc__list\"><li class=\"uagb-toc__list\"><a href=\"#sliver-attack-submarine\" class=\"uagb-toc-link__trigger\">SLIVER - U-Boot-Angriff<\/a><li class=\"uagb-toc__list\"><a href=\"#trident-class-frigate\" class=\"uagb-toc-link__trigger\">TRIDENT CLASS FRIGATE<\/a><\/ol>\t\t\t\t\t<\/div>\n\t\t\t\t\t\t\t\t\t<\/div>\n\t\t\t\t<\/div>\n\t\t\t\n\n\n<section class=\"wp-block-uagb-columns uagb-columns__wrap uagb-columns__background-undefined uagb-columns__stack-mobile uagb-columns__valign-undefined uagb-columns__gap-10 alignundefined uagb-block-3bd94459\"><div class=\"uagb-columns__overlay\"><\/div><div class=\"uagb-columns__inner-wrap uagb-columns__columns-1\">\n<div class=\"wp-block-uagb-column uagb-column__wrap uagb-column__background-undefined uagb-block-3b857cb2\"><div class=\"uagb-column__overlay\"><\/div><div class=\"uagb-column__inner-wrap\">\n<h2 class=\"wp-block-heading\"><strong>SLIVER <\/strong>- U-Boot angreifen<\/h2>\n\n\n\n<p><a href=\"https:\/\/www.standardof.net\/wp-content\/uploads\/2012\/12\/Sliver-Attack-Submarine.png\" class=\"rank-math-link\" target=\"_blank\" rel=\"noopener\"><\/a>Obwohl das Cybran-U-Boot gegen\u00fcber dem Aeon-U-Boot leicht \u00fcbertroffen ist, hat es einen einl\u00f6senden Faktor: Sie k\u00f6nnen es an die Oberfl\u00e4che bringen (durch Dr\u00fccken von \u201eDive\u201c oder \u201eD\u201c) und es f\u00fcgt seinen Decklaser zur Gleichung hinzu. Dies ist normalerweise eine spektakul\u00e4r schlechte Idee, da Sie dadurch anf\u00e4lliger f\u00fcr mehr Feuer werden, aber zumindest m\u00fcssen Sie keine Fregatte bauen, um einen anf\u00e4lligen Extraktor oder Amphibienpanzer zu t\u00f6ten. Die g\u00fcnstigen Kosten erm\u00f6glichen es Cybrans, ihre glanzlosen Fregatten mit mehr U-Booten zu erg\u00e4nzen.<\/p>\n\n\n\n<div class=\"wp-block-image\"><figure class=\"aligncenter size-large\"><a href=\"https:\/\/supcom.standardof.net\/de\/supreme-commander\/cybran\/cybran-tech-1-marine-einheiten\/sliver-attack-submarine-supreme-commander-cybran-tech-1-navy-units\/\"><img decoding=\"async\" width=\"430\" height=\"364\" src=\"https:\/\/supcom.standardof.net\/wp-content\/uploads\/sites\/8\/2020\/11\/Sliver-Attack-Submarine-Supreme-Commander-Cybran-Tech-1-Navy-Units.jpg\" alt=\"Das U-Boot Sliver Attack, Cybran Tech 1 Navy Unit im Oberbefehlshaber.\" class=\"wp-image-613\" srcset=\"https:\/\/supcom.standardof.net\/wp-content\/uploads\/sites\/8\/2020\/11\/Sliver-Attack-Submarine-Supreme-Commander-Cybran-Tech-1-Navy-Units.jpg 430w, https:\/\/supcom.standardof.net\/wp-content\/uploads\/sites\/8\/2020\/11\/Sliver-Attack-Submarine-Supreme-Commander-Cybran-Tech-1-Navy-Units-200x169.jpg 200w, https:\/\/supcom.standardof.net\/wp-content\/uploads\/sites\/8\/2020\/11\/Sliver-Attack-Submarine-Supreme-Commander-Cybran-Tech-1-Navy-Units-14x12.jpg 14w\" sizes=\"(max-width: 430px) 100vw, 430px\" \/><\/a><figcaption>SLIVER - U-Boot-Angriff<\/figcaption><\/figure><\/div>\n\n\n\n<section class=\"wp-block-uagb-columns uagb-columns__wrap uagb-columns__background-undefined uagb-columns__stack-mobile uagb-columns__valign-undefined uagb-columns__gap-10 alignundefined uagb-block-d97273be\"><div class=\"uagb-columns__overlay\"><\/div><div class=\"uagb-columns__inner-wrap uagb-columns__columns-2\">\n<div class=\"wp-block-uagb-column uagb-column__wrap uagb-column__background-undefined uagb-block-6080005e\"><div class=\"uagb-column__overlay\"><\/div><div class=\"uagb-column__inner-wrap\">\n<h3 class=\"wp-block-heading\">Splitterstatistik<\/h3>\n\n\n\n<p><strong>R\u00fcstung:<\/strong> 1125<br><strong>F\u00e4higkeiten:<\/strong> Tauchboot<br><strong>Kosten:<\/strong> M580, E2250, T1000<br><strong>Intel<\/strong><br>&nbsp;&nbsp;&nbsp;&nbsp; Sicht: 32 (625 m)<br>&nbsp;&nbsp;&nbsp;&nbsp; Sonar: 60 (1,17 km)<br>&nbsp;&nbsp;&nbsp;&nbsp; Wassersicht: 32 (625 m)<br><strong>Physik<\/strong><br>&nbsp;&nbsp;&nbsp;&nbsp; H\u00f6chstgeschwindigkeit: 4,675 (91,3 m \/ s)<br>&nbsp;&nbsp;&nbsp;&nbsp; Wendegeschwindigkeit: 40<br><strong>Veterin\u00e4rwesen:<\/strong> 5, 10, 25, 50, 100 Kills<br><em>* Veteranenstufe 2: +270 PS<br>* Veteranenlevel 4: +270 PS<br>* Veteranenstufe 5: Reparatur von 3 PS \/ s<\/em><\/p>\n<\/div><\/div>\n\n\n\n<div class=\"wp-block-uagb-column uagb-column__wrap uagb-column__background-undefined uagb-block-6f6d055e\"><div class=\"uagb-column__overlay\"><\/div><div class=\"uagb-column__inner-wrap\">\n<h3 class=\"wp-block-heading\">Splitterwaffen<\/h3>\n\n\n\n<p><strong>Nanite Torpedo<\/strong> (Anti Navy)<br>&nbsp;&nbsp;&nbsp;&nbsp;&nbsp; 94,44 dps<br><strong>Reichweite:<\/strong> 32 (625 m)<br><strong>Projektilwaffe:<\/strong> 170<br>&nbsp;&nbsp;&nbsp;&nbsp; (5 mal 34 Schaden \u00fcber 1 Sekunde)<br>&nbsp;&nbsp;&nbsp;&nbsp; x 2 Projektile = 340 Schaden pro Salve<br><strong>Feuerrate:<\/strong> 0,28 (alle 3,6 s)<br><em>* Veteranenstufe 1: +9 Schaden<br>* Veteranenstufe 3: +9 Schaden<\/em><\/p>\n\n\n\n<p><strong>Lichtpulslaser<\/strong> (Direktes Feuer)<br>&nbsp;&nbsp;&nbsp;&nbsp; 22,00 dps<br><strong>Reichweite:<\/strong> 32 (625 m)<br><strong>Projektilwaffe:<\/strong> 11 Schaden<br><strong>Feuerrate:<\/strong> 2 (alle 0,5 s)<br><em>* Veteranenstufe 1: +3 Schaden<br>* Veteranenstufe 3: +3 Schaden<\/em><\/p>\n<\/div><\/div>\n<\/div><\/section>\n<\/div><\/div>\n<\/div><\/section>\n\n\n\n<section class=\"wp-block-uagb-columns uagb-columns__wrap uagb-columns__background-undefined uagb-columns__stack-mobile uagb-columns__valign-undefined uagb-columns__gap-10 alignundefined uagb-block-8b77028e\"><div class=\"uagb-columns__overlay\"><\/div><div class=\"uagb-columns__inner-wrap uagb-columns__columns-1\">\n<div class=\"wp-block-uagb-column uagb-column__wrap uagb-column__background-undefined uagb-block-a948da14\"><div class=\"uagb-column__overlay\"><\/div><div class=\"uagb-column__inner-wrap\">\n<h2 class=\"wp-block-heading\"><strong>DREIZACK <\/strong>KLASSENFREGATE<\/h2>\n\n\n\n<p><a href=\"https:\/\/www.standardof.net\/wp-content\/uploads\/2012\/12\/Trident-Class-Frigate.png\" class=\"rank-math-link\" target=\"_blank\" rel=\"noopener\"><\/a>Die Cybran-Fregatte wird von feindlichen U-Booten und feindlichen Fregatten \u00fcbertroffen, und ihre geringe Reichweite macht sie beim Bombardement an Land schwach. Verwenden Sie sie also als fr\u00fchen Ansturm oder halten Sie sich einfach an U-Boote, bis Sie Ihre T2-Schiffe zum Laufen bringen k\u00f6nnen.<\/p>\n\n\n\n<div class=\"wp-block-image\"><figure class=\"aligncenter size-large\"><a href=\"https:\/\/supcom.standardof.net\/de\/supreme-commander\/cybran\/cybran-tech-1-marine-einheiten\/trident-class-frigate-supreme-commander-cybran-tech-1-navy-units\/\"><img decoding=\"async\" width=\"800\" height=\"492\" src=\"https:\/\/supcom.standardof.net\/wp-content\/uploads\/sites\/8\/2020\/11\/Trident-Class-Frigate-Supreme-Commander-Cybran-Tech-1-Navy-Units-800x492.jpg\" alt=\"Die Fregatte der Dreizackklasse, Cybran Tech 1 Navy Unit im Oberbefehlshaber.\" class=\"wp-image-614\" srcset=\"https:\/\/supcom.standardof.net\/wp-content\/uploads\/sites\/8\/2020\/11\/Trident-Class-Frigate-Supreme-Commander-Cybran-Tech-1-Navy-Units-800x492.jpg 800w, https:\/\/supcom.standardof.net\/wp-content\/uploads\/sites\/8\/2020\/11\/Trident-Class-Frigate-Supreme-Commander-Cybran-Tech-1-Navy-Units-512x315.jpg 512w, https:\/\/supcom.standardof.net\/wp-content\/uploads\/sites\/8\/2020\/11\/Trident-Class-Frigate-Supreme-Commander-Cybran-Tech-1-Navy-Units-200x123.jpg 200w, https:\/\/supcom.standardof.net\/wp-content\/uploads\/sites\/8\/2020\/11\/Trident-Class-Frigate-Supreme-Commander-Cybran-Tech-1-Navy-Units-768x472.jpg 768w, https:\/\/supcom.standardof.net\/wp-content\/uploads\/sites\/8\/2020\/11\/Trident-Class-Frigate-Supreme-Commander-Cybran-Tech-1-Navy-Units-16x10.jpg 16w, https:\/\/supcom.standardof.net\/wp-content\/uploads\/sites\/8\/2020\/11\/Trident-Class-Frigate-Supreme-Commander-Cybran-Tech-1-Navy-Units.jpg 830w\" sizes=\"(max-width: 800px) 100vw, 800px\" \/><\/a><figcaption>TRIDENT CLASS FRIGATE<\/figcaption><\/figure><\/div>\n\n\n\n<section class=\"wp-block-uagb-columns uagb-columns__wrap uagb-columns__background-undefined uagb-columns__stack-mobile uagb-columns__valign-undefined uagb-columns__gap-10 alignundefined uagb-block-3b96a1c3\"><div class=\"uagb-columns__overlay\"><\/div><div class=\"uagb-columns__inner-wrap uagb-columns__columns-2\">\n<div class=\"wp-block-uagb-column uagb-column__wrap uagb-column__background-undefined uagb-block-1a987968\"><div class=\"uagb-column__overlay\"><\/div><div class=\"uagb-column__inner-wrap\">\n<h3 class=\"wp-block-heading\">Dreizack-Statistiken<\/h3>\n\n\n\n<p><strong>R\u00fcstung:<\/strong> 1900 PS<br><strong>F\u00e4higkeiten:<\/strong> Radar, Sonar<br><strong>Kosten:<\/strong> M360, E24000, T3600<br><strong>Intel<br>&nbsp;&nbsp;&nbsp;&nbsp; <\/strong>Sicht: 32 (625 m)<br>&nbsp;&nbsp;&nbsp;&nbsp; Radar: 80 (1,56 km)<br>&nbsp;&nbsp;&nbsp;&nbsp; Sonar: 80 (1,56 km)<br>&nbsp;&nbsp;&nbsp;&nbsp; Wassersicht: 24 (469 m)<br><strong>Physik<\/strong><br>&nbsp;&nbsp;&nbsp;&nbsp; H\u00f6chstgeschwindigkeit: 6,8 (133 m \/ s)<br>&nbsp;&nbsp;&nbsp;&nbsp; Wendegeschwindigkeit: 30<br><strong>Veterin\u00e4rwesen: <\/strong>5, 10, 25, 50, 100 Kills<br><em>* Veteranenstufe 2: +181 PS<br>* Veteranenlevel 4: +181 PS<br>* Veteranenstufe 5: Reparatur von 3 PS \/ s<\/em><\/p>\n<\/div><\/div>\n\n\n\n<div class=\"wp-block-uagb-column uagb-column__wrap uagb-column__background-undefined uagb-block-eafb0c4f\"><div class=\"uagb-column__overlay\"><\/div><div class=\"uagb-column__inner-wrap\">\n<h3 class=\"wp-block-heading\">Dreizackwaffen<\/h3>\n\n\n\n<p><strong>Protonenkanone<\/strong> (Direct Fire Naval)<br>&nbsp;&nbsp;&nbsp;&nbsp; 57,14 dps<br><strong>Bereich:<\/strong> 2 (39,1 m)<br><strong>Reichweite:<\/strong> 28 (547 m)<br><strong>Projektilwaffe:<\/strong> 40 Schaden<br><strong>Feuerrate:<\/strong> 1,43 (alle 0,7 s)<br><em>* Veteranenstufe 1: +10 Schaden<br>* Veteranenstufe 3: +10 Schaden<\/em><\/p>\n\n\n\n<p><strong>Elektronenautokanone<\/strong> (Flugabwehr)<br>&nbsp;&nbsp;&nbsp;&nbsp; 3,33 dps<br><strong>Reichweite:<\/strong> 44 (859 m)<br><strong>Projektilwaffe:<\/strong> 1 Schaden<br><strong>Feuerrate:<\/strong> 3 (alle 0,33 s)<br><em>* Veteranenlevel 1: +1 Schaden<br>* Veteranenstufe 3: +1 Schaden<\/em><\/p>\n<\/div><\/div>\n<\/div><\/section>\n<\/div><\/div>\n<\/div><\/section>","protected":false},"excerpt":{"rendered":"<p>SLIVER \u2013 ATTACK SUBMARINE Although the Cybran sub is slightly outmatched against the Aeon sub, it has one redeeming factor: you can order it to surface (by pressing &#8220;Dive&#8221; or &#8220;D&#8221;) and it will add its deck laser to the equation. This is usually a spectacularly bad idea, as it makes you vulnerable to more [&hellip;]<\/p>","protected":false},"author":1,"featured_media":0,"parent":538,"menu_order":0,"comment_status":"open","ping_status":"closed","template":"","meta":{"_uag_custom_page_level_css":"","site-sidebar-layout":"default","site-content-layout":"default","ast-site-content-layout":"","site-content-style":"default","site-sidebar-style":"default","ast-global-header-display":"","ast-banner-title-visibility":"","ast-main-header-display":"","ast-hfb-above-header-display":"","ast-hfb-below-header-display":"","ast-hfb-mobile-header-display":"","site-post-title":"","ast-breadcrumbs-content":"","ast-featured-img":"","footer-sml-layout":"","theme-transparent-header-meta":"default","adv-header-id-meta":"","stick-header-meta":"","header-above-stick-meta":"","header-main-stick-meta":"","header-below-stick-meta":"","astra-migrate-meta-layouts":"default","ast-page-background-enabled":"default","ast-page-background-meta":{"desktop":{"background-color":"","background-image":"","background-repeat":"repeat","background-position":"center center","background-size":"auto","background-attachment":"scroll","background-type":"","background-media":"","overlay-type":"","overlay-color":"","overlay-gradient":""},"tablet":{"background-color":"","background-image":"","background-repeat":"repeat","background-position":"center center","background-size":"auto","background-attachment":"scroll","background-type":"","background-media":"","overlay-type":"","overlay-color":"","overlay-gradient":""},"mobile":{"background-color":"","background-image":"","background-repeat":"repeat","background-position":"center center","background-size":"auto","background-attachment":"scroll","background-type":"","background-media":"","overlay-type":"","overlay-color":"","overlay-gradient":""}},"ast-content-background-meta":{"desktop":{"background-color":"var(--ast-global-color-5)","background-image":"","background-repeat":"repeat","background-position":"center center","background-size":"auto","background-attachment":"scroll","background-type":"","background-media":"","overlay-type":"","overlay-color":"","overlay-gradient":""},"tablet":{"background-color":"var(--ast-global-color-5)","background-image":"","background-repeat":"repeat","background-position":"center center","background-size":"auto","background-attachment":"scroll","background-type":"","background-media":"","overlay-type":"","overlay-color":"","overlay-gradient":""},"mobile":{"background-color":"var(--ast-global-color-5)","background-image":"","background-repeat":"repeat","background-position":"center center","background-size":"auto","background-attachment":"scroll","background-type":"","background-media":"","overlay-type":"","overlay-color":"","overlay-gradient":""}},"footnotes":""},"uagb_featured_image_src":{"full":false,"thumbnail":false,"medium":false,"medium_large":false,"large":false,"1536x1536":false,"2048x2048":false,"trp-custom-language-flag":false},"uagb_author_info":{"display_name":"SOE","author_link":"https:\/\/supcom.standardof.net\/de\/author\/k-tastic\/"},"uagb_comment_info":0,"uagb_excerpt":"SLIVER \u2013 ATTACK SUBMARINE Although the Cybran sub is slightly outmatched against the Aeon sub, it has one redeeming factor: you can order it to surface (by pressing &#8220;Dive&#8221; or &#8220;D&#8221;) and it will add its deck laser to the equation. This is usually a spectacularly bad idea, as it makes you vulnerable to more&hellip;","_links":{"self":[{"href":"https:\/\/supcom.standardof.net\/de\/wp-json\/wp\/v2\/pages\/611"}],"collection":[{"href":"https:\/\/supcom.standardof.net\/de\/wp-json\/wp\/v2\/pages"}],"about":[{"href":"https:\/\/supcom.standardof.net\/de\/wp-json\/wp\/v2\/types\/page"}],"author":[{"embeddable":true,"href":"https:\/\/supcom.standardof.net\/de\/wp-json\/wp\/v2\/users\/1"}],"replies":[{"embeddable":true,"href":"https:\/\/supcom.standardof.net\/de\/wp-json\/wp\/v2\/comments?post=611"}],"version-history":[{"count":0,"href":"https:\/\/supcom.standardof.net\/de\/wp-json\/wp\/v2\/pages\/611\/revisions"}],"up":[{"embeddable":true,"href":"https:\/\/supcom.standardof.net\/de\/wp-json\/wp\/v2\/pages\/538"}],"wp:attachment":[{"href":"https:\/\/supcom.standardof.net\/de\/wp-json\/wp\/v2\/media?parent=611"}],"curies":[{"name":"wp","href":"https:\/\/api.w.org\/{rel}","templated":true}]}}