{"id":623,"date":"2020-11-02T14:46:41","date_gmt":"2020-11-02T19:46:41","guid":{"rendered":"https:\/\/supcom.standardof.net\/?page_id=623"},"modified":"2020-11-04T00:33:58","modified_gmt":"2020-11-04T05:33:58","slug":"cybran-tech-3-naval-units","status":"publish","type":"page","link":"https:\/\/supcom.standardof.net\/de\/supreme-commander\/cybran\/cybran-tech-3-marine-einheiten\/","title":{"rendered":"Cybran Tech 3 Marineeinheiten"},"content":{"rendered":"<div class=\"wp-block-uagb-table-of-contents uagb-toc__align-left uagb-toc__columns-1  uagb-block-a7257bd8\"\n\t\t\t\t\tdata-scroll= \"1\"\n\t\t\t\t\tdata-offset= \"30\"\n\t\t\t\t\tstyle=\"\"\n\t\t\t\t>\n\t\t\t\t<div class=\"uagb-toc__wrap\">\n\t\t\t\t\t\t<div class=\"uagb-toc__title\">\n\t\t\t\t\t\t\tCybran Tech 3 Marineeinheiten:\t\t\t\t\t\t<\/div>\n\t\t\t\t\t\t\t\t\t\t\t\t\t\t\t\t<div class=\"uagb-toc__list-wrap\">\n\t\t\t\t\t\t<ol class=\"uagb-toc__list\"><li class=\"uagb-toc__list\"><a href=\"#galaxy-class-battleship\" class=\"uagb-toc-link__trigger\">GALAXY CLASS BATTLESHIP<\/a><li class=\"uagb-toc__list\"><a href=\"#command-class-aircraft-carrier\" class=\"uagb-toc-link__trigger\">BEFEHLSKLASSE FLUGZEUGTR\u00c4GER<\/a><li class=\"uagb-toc__list\"><a href=\"#plan-b-strategic-missile-submarine\" class=\"uagb-toc-link__trigger\">PLAN B - STRATEGISCHE MISSILE U-Boot<\/a><\/ol>\t\t\t\t\t<\/div>\n\t\t\t\t\t\t\t\t\t<\/div>\n\t\t\t\t<\/div>\n\t\t\t\n\n\n<section class=\"wp-block-uagb-columns uagb-columns__wrap uagb-columns__background-undefined uagb-columns__stack-mobile uagb-columns__valign-undefined uagb-columns__gap-10 alignundefined uagb-block-a3d36f63\"><div class=\"uagb-columns__overlay\"><\/div><div class=\"uagb-columns__inner-wrap uagb-columns__columns-1\">\n<div class=\"wp-block-uagb-column uagb-column__wrap uagb-column__background-undefined uagb-block-9206c269\"><div class=\"uagb-column__overlay\"><\/div><div class=\"uagb-column__inner-wrap\">\n<h2 class=\"wp-block-heading\"><strong>GALAXIS <\/strong>KLASSENKAMPF<\/h2>\n\n\n\n<p><a href=\"https:\/\/www.standardof.net\/wp-content\/uploads\/2012\/12\/Galaxy-Class-Battleship.png\" class=\"rank-math-link\" target=\"_blank\" rel=\"noopener\"><\/a>Das Schlachtschiff ist im Grunde eine experimentelle Einheit, die Sie in Ihrer Marinefabrik bauen k\u00f6nnen. Es hat gottlose Mengen an R\u00fcstungen, taktische Raketenabwehr, um sicherzustellen, dass es nicht von Landverteidigungen abgeschossen wird, bevor es zu Wort kommt, und Luftabwehrkanonen, die eher dazu bestimmt sind, Kanonenschiffe als Bomber zu t\u00f6ten (was Ihre Kreuzer bereits sein sollten) Handhabung). Wie alle Schlachtschiffe verf\u00fcgt es \u00fcber Hauptgesch\u00fctze, bei denen es sich im Wesentlichen um T2-Artilleriegesch\u00fctze handelt, die auf einem sehr schwer gepanzerten Rahmen montiert sind. Wie der Monkeylord an Land kann er alles alleine bew\u00e4ltigen, funktioniert aber viel besser, wenn er von seinen Freunden (oder einem anderen Schlachtschiff!) umgeben ist.<\/p>\n\n\n\n<div class=\"wp-block-image\"><figure class=\"aligncenter size-large\"><a href=\"https:\/\/supcom.standardof.net\/de\/supreme-commander\/cybran\/cybran-tech-3-marine-einheiten\/galaxy-class-battleship-supreme-commander-cybran-tech-3-navy-units\/\"><img decoding=\"async\" width=\"800\" height=\"627\" src=\"https:\/\/supcom.standardof.net\/wp-content\/uploads\/sites\/8\/2020\/11\/Galaxy-Class-Battleship-Supreme-Commander-Cybran-Tech-3-Navy-Units-800x627.jpg\" alt=\"Das Schlachtschiff der Galaxy-Klasse, Cybran Tech 3 Navy Unit im Supreme Commander.\" class=\"wp-image-627\" srcset=\"https:\/\/supcom.standardof.net\/wp-content\/uploads\/sites\/8\/2020\/11\/Galaxy-Class-Battleship-Supreme-Commander-Cybran-Tech-3-Navy-Units-800x627.jpg 800w, https:\/\/supcom.standardof.net\/wp-content\/uploads\/sites\/8\/2020\/11\/Galaxy-Class-Battleship-Supreme-Commander-Cybran-Tech-3-Navy-Units-512x401.jpg 512w, https:\/\/supcom.standardof.net\/wp-content\/uploads\/sites\/8\/2020\/11\/Galaxy-Class-Battleship-Supreme-Commander-Cybran-Tech-3-Navy-Units-200x157.jpg 200w, https:\/\/supcom.standardof.net\/wp-content\/uploads\/sites\/8\/2020\/11\/Galaxy-Class-Battleship-Supreme-Commander-Cybran-Tech-3-Navy-Units-768x602.jpg 768w, https:\/\/supcom.standardof.net\/wp-content\/uploads\/sites\/8\/2020\/11\/Galaxy-Class-Battleship-Supreme-Commander-Cybran-Tech-3-Navy-Units-16x12.jpg 16w, https:\/\/supcom.standardof.net\/wp-content\/uploads\/sites\/8\/2020\/11\/Galaxy-Class-Battleship-Supreme-Commander-Cybran-Tech-3-Navy-Units.jpg 834w\" sizes=\"(max-width: 800px) 100vw, 800px\" \/><\/a><figcaption>GALAXY CLASS BATTLESHIP<\/figcaption><\/figure><\/div>\n\n\n\n<section class=\"wp-block-uagb-columns uagb-columns__wrap uagb-columns__background-undefined uagb-columns__stack-mobile uagb-columns__valign-undefined uagb-columns__gap-10 alignundefined uagb-block-a21bba76\"><div class=\"uagb-columns__overlay\"><\/div><div class=\"uagb-columns__inner-wrap uagb-columns__columns-2\">\n<div class=\"wp-block-uagb-column uagb-column__wrap uagb-column__background-undefined uagb-block-579ae64d\"><div class=\"uagb-column__overlay\"><\/div><div class=\"uagb-column__inner-wrap\">\n<h3 class=\"wp-block-heading\">Galaxy Stats<\/h3>\n\n\n\n<p><strong>R\u00fcstung:<\/strong> 50000 PS<br><strong>F\u00e4higkeiten:<\/strong> Raketenabwehr - Taktisch<br><strong>Kosten:<\/strong> M21000, E168000, T25200<br><strong>Intel<\/strong><br>&nbsp;&nbsp;&nbsp;&nbsp; Sicht: 70 (1,37 km)<br>&nbsp;&nbsp;&nbsp;&nbsp; Radar: 90 (1,76 km)<br>&nbsp;&nbsp;&nbsp;&nbsp; Sonar: 50 (977 m)<br>&nbsp;&nbsp;&nbsp;&nbsp; Wassersicht: 50 (977 m)<br><strong>Physik<\/strong><br>&nbsp;&nbsp;&nbsp;&nbsp; H\u00f6chstgeschwindigkeit: 4,675 (91,3 m \/ s)<br>&nbsp;&nbsp;&nbsp;&nbsp; Wendegeschwindigkeit: 15<br><strong>Veterin\u00e4rwesen:<\/strong> 50, 100, 250, 500, 1000 Kills<br><em>* Veteranenstufe 2: +12500 PS<br>* Veteranenstufe 4: +12500 PS<br>* Veteranenstufe 5: Reparatur von 3 PS \/ s<\/em><\/p>\n<\/div><\/div>\n\n\n\n<div class=\"wp-block-uagb-column uagb-column__wrap uagb-column__background-undefined uagb-block-4b026808\"><div class=\"uagb-column__overlay\"><\/div><div class=\"uagb-column__inner-wrap\">\n<h3 class=\"wp-block-heading\">Galaxiewaffen<\/h3>\n\n\n\n<p>2x <strong>Protonenkanone<\/strong> (Direct Fire Naval)<br>&nbsp;&nbsp;&nbsp;&nbsp; 202,50 dps<br><strong>Bereich:<\/strong> 3 (58,6 m)<br><strong>Reichweite:<\/strong> 128 (2,50 km)<br><strong>Projektilwaffe:<\/strong> 750 Schaden<br><strong>Feuerrate:<\/strong> 0,27 (alle 3,7 s)<br><em>* Veteranenstufe 1: +188 Schaden<br>* Veteranenstufe 3: +188 Schaden<\/em><\/p>\n\n\n\n<p>2x <strong>Elektronenautokanone<\/strong> (Flugabwehr)<br>&nbsp;&nbsp;&nbsp;&nbsp; 55,00 dps<br><strong>Reichweite:<\/strong> 44 (859 m)<br><strong>Projektilwaffe:<\/strong> 5 Schaden<br>&nbsp;&nbsp;&nbsp;&nbsp; x 4 Projektile = 20 Schaden pro Salve<br><strong>Feuerrate:<\/strong> 2,75 (alle 0,36 s)<br><em>* Veteranenlevel 1: +1 Schaden<br>* Veteranenstufe 3: +1 Schaden<\/em><\/p>\n\n\n\n<p>2x <strong>Nanite Torpedo<\/strong> (Anti Navy)<br>&nbsp;&nbsp;&nbsp;&nbsp; 66,00 dps<br><strong>Reichweite:<\/strong> 32 (625 m)<br><strong>Projektilwaffe:<\/strong> 200<br>&nbsp;&nbsp;&nbsp;&nbsp; (5 mal 40 Schaden \u00fcber 1 Sekunde)<br><strong>Feuerrate:<\/strong> 0,33 (alle 3,03 s)<br><em>* Veteranenstufe 1: +10 Schaden<br>* Veteranenstufe 3: +10 Schaden<\/em><\/p>\n\n\n\n<p>2x <strong>Zapper Anti Missile<\/strong> (Verteidigung)<br>&nbsp;&nbsp;&nbsp;&nbsp; 14,40 dps<br><strong>Reichweite:<\/strong> 32 (625 m)<br><strong>Strahlwaffe:<\/strong> 6 Schaden<br>&nbsp;&nbsp;&nbsp;&nbsp; x 2 Strahlen alle 0,25 s f\u00fcr 0,5 s = 36 Schaden<br><strong>Feuerrate:<\/strong> 0,4 (alle 2,5 s)<\/p>\n<\/div><\/div>\n<\/div><\/section>\n<\/div><\/div>\n<\/div><\/section>\n\n\n\n<section class=\"wp-block-uagb-columns uagb-columns__wrap uagb-columns__background-undefined uagb-columns__stack-mobile uagb-columns__valign-undefined uagb-columns__gap-10 alignundefined uagb-block-1e16bf14\"><div class=\"uagb-columns__overlay\"><\/div><div class=\"uagb-columns__inner-wrap uagb-columns__columns-1\">\n<div class=\"wp-block-uagb-column uagb-column__wrap uagb-column__background-undefined uagb-block-31e9b915\"><div class=\"uagb-column__overlay\"><\/div><div class=\"uagb-column__inner-wrap\">\n<h2 class=\"wp-block-heading\"><strong>BEFEHL <\/strong>KLASSENFLUGZEUGTR\u00c4GER<\/h2>\n\n\n\n<p><a href=\"https:\/\/www.standardof.net\/wp-content\/uploads\/2012\/12\/Command-Class-Aircraft-Carrier.png\" class=\"rank-math-link\" target=\"_blank\" rel=\"noopener\"><\/a>Der Cybran-Tr\u00e4ger ist recht billig zu bauen und wirklich nur auf gro\u00dfen Karten n\u00fctzlich, auf denen Sie einen Flugzeugfl\u00fcgel versenden m\u00f6chten, ohne zu riskieren, dass ihnen auf der Reise der Treibstoff ausgeht. Es hat m\u00e4chtige Luftabwehrkanonen, aber sie sind nur Kanonen, so dass sie nicht immer die feindlichen Kanonenschiffe verbinden und ausschalten. Es kann eigene Flugzeuge bauen, aber das ist eher ein Nebeneffekt - es ist wirklich dazu da, Ihre Torpedobomberflotte zu sch\u00fctzen, bis sie auf feindlichen Schlachtschiffen entfesselt werden.<\/p>\n\n\n\n<div class=\"wp-block-image\"><figure class=\"aligncenter size-large\"><a href=\"https:\/\/supcom.standardof.net\/de\/supreme-commander\/cybran\/cybran-tech-3-marine-einheiten\/command-class-aircraft-carrier-supreme-commander-cybran-tech-3-navy-units\/\"><img decoding=\"async\" width=\"800\" height=\"526\" src=\"https:\/\/supcom.standardof.net\/wp-content\/uploads\/sites\/8\/2020\/11\/Command-Class-Aircraft-Carrier-Supreme-Commander-Cybran-Tech-3-Navy-Units-800x526.jpg\" alt=\"Der Flugzeugtr\u00e4ger der Kommandoklasse, Cybran Tech 3 Navy Unit im Supreme Commander.\" class=\"wp-image-626\" srcset=\"https:\/\/supcom.standardof.net\/wp-content\/uploads\/sites\/8\/2020\/11\/Command-Class-Aircraft-Carrier-Supreme-Commander-Cybran-Tech-3-Navy-Units-800x526.jpg 800w, https:\/\/supcom.standardof.net\/wp-content\/uploads\/sites\/8\/2020\/11\/Command-Class-Aircraft-Carrier-Supreme-Commander-Cybran-Tech-3-Navy-Units-512x337.jpg 512w, https:\/\/supcom.standardof.net\/wp-content\/uploads\/sites\/8\/2020\/11\/Command-Class-Aircraft-Carrier-Supreme-Commander-Cybran-Tech-3-Navy-Units-200x131.jpg 200w, https:\/\/supcom.standardof.net\/wp-content\/uploads\/sites\/8\/2020\/11\/Command-Class-Aircraft-Carrier-Supreme-Commander-Cybran-Tech-3-Navy-Units-768x505.jpg 768w, https:\/\/supcom.standardof.net\/wp-content\/uploads\/sites\/8\/2020\/11\/Command-Class-Aircraft-Carrier-Supreme-Commander-Cybran-Tech-3-Navy-Units-16x12.jpg 16w, https:\/\/supcom.standardof.net\/wp-content\/uploads\/sites\/8\/2020\/11\/Command-Class-Aircraft-Carrier-Supreme-Commander-Cybran-Tech-3-Navy-Units.jpg 928w\" sizes=\"(max-width: 800px) 100vw, 800px\" \/><\/a><figcaption>BEFEHLSKLASSE FLUGZEUGTR\u00c4GER<\/figcaption><\/figure><\/div>\n\n\n\n<section class=\"wp-block-uagb-columns uagb-columns__wrap uagb-columns__background-undefined uagb-columns__stack-mobile uagb-columns__valign-undefined uagb-columns__gap-10 alignundefined uagb-block-61da88da\"><div class=\"uagb-columns__overlay\"><\/div><div class=\"uagb-columns__inner-wrap uagb-columns__columns-2\">\n<div class=\"wp-block-uagb-column uagb-column__wrap uagb-column__background-undefined uagb-block-8ed60475\"><div class=\"uagb-column__overlay\"><\/div><div class=\"uagb-column__inner-wrap\">\n<h3 class=\"wp-block-heading\">Befehlsstatistik<\/h3>\n\n\n\n<p><strong>R\u00fcstung:<\/strong> 18000 PS<br><strong>F\u00e4higkeiten:<\/strong> Radar, Raketenabwehr - Taktik, Bau<br><strong>Kosten:<\/strong> M3600, E36000, T7200<br>&nbsp;&nbsp;&nbsp;&nbsp; Baurate: 20<br><strong>Intel<br>&nbsp;&nbsp;&nbsp;&nbsp; <\/strong>Sicht: 60 (1,17 km)<br>&nbsp;&nbsp;&nbsp;&nbsp; Radar: 150 (2,93 km)<br>&nbsp;&nbsp;&nbsp;&nbsp; Sonar: 20 (391 m)<br>&nbsp;&nbsp;&nbsp;&nbsp; Wassersicht: 24 (469 m)<br><strong>Physik<\/strong><br>&nbsp;&nbsp;&nbsp;&nbsp; H\u00f6chstgeschwindigkeit: 3,4 (66,4 m \/ s)<br>&nbsp;&nbsp;&nbsp;&nbsp; Wendegeschwindigkeit: 10<br><strong>Transportklasse:<\/strong> 10 (tr\u00e4gt 50 Flugzeuge)<br><strong>Veterin\u00e4rwesen: <\/strong>50, 100, 250, 500, 1000 Kills<br><em>* Veteranenstufe 2: +4500 PS<br>* Veteranenstufe 4: +4500 PS<br>* Veteranenstufe 5: Reparatur von 3 PS \/ s<\/em><\/p>\n<\/div><\/div>\n\n\n\n<div class=\"wp-block-uagb-column uagb-column__wrap uagb-column__background-undefined uagb-block-a187c46b\"><div class=\"uagb-column__overlay\"><\/div><div class=\"uagb-column__inner-wrap\">\n<h3 class=\"wp-block-heading\">Befehlswaffen<\/h3>\n\n\n\n<p>4x <strong>Elektronenautokanone<\/strong> (Verteidigung):<br>&nbsp;&nbsp;&nbsp;&nbsp; 40,00 dps<br><strong>Reichweite:<\/strong> 44 (859 m)<br><strong>Projektilwaffe:<\/strong> 5 Schaden<br>&nbsp;&nbsp;&nbsp;&nbsp; x 4 Projektile = 52 Schaden pro Salve<br><strong>Feuerrate:<\/strong> 2 (alle 0,5 s)<br><em>* Veteranenstufe 1: +3 Schaden<br>* Veteranenstufe 3: +3 Schaden<\/em><\/p>\n\n\n\n<p><strong>Zapper Anti Missile<\/strong> (Verteidigung)<br>&nbsp;&nbsp;&nbsp;&nbsp; 7,20 dps,<br><strong>Reichweite:<\/strong> 32 (625 m)<br><strong>Strahlwaffe:<\/strong> 6 Schaden<br>&nbsp;&nbsp;&nbsp;&nbsp; x 3 Strahlen, einer alle 0,25 s = 18 Schaden<br><strong>Feuerrate:<\/strong> 2 (alle 0,5 s)<\/p>\n<\/div><\/div>\n<\/div><\/section>\n<\/div><\/div>\n<\/div><\/section>\n\n\n\n<section class=\"wp-block-uagb-columns uagb-columns__wrap uagb-columns__background-undefined uagb-columns__stack-mobile uagb-columns__valign-undefined uagb-columns__gap-10 alignundefined uagb-block-89fe2485\"><div class=\"uagb-columns__overlay\"><\/div><div class=\"uagb-columns__inner-wrap uagb-columns__columns-1\">\n<div class=\"wp-block-uagb-column uagb-column__wrap uagb-column__background-undefined uagb-block-563c7b2b\"><div class=\"uagb-column__overlay\"><\/div><div class=\"uagb-column__inner-wrap\">\n<h2 class=\"wp-block-heading\"><strong>PLAN B<\/strong> - STRATEGISCHE MISSILE U-Boot<\/h2>\n\n\n\n<p><a href=\"https:\/\/www.standardof.net\/wp-content\/uploads\/2012\/12\/Plan-B-Strategic-Missile-Submarine.png\" class=\"rank-math-link\" target=\"_blank\" rel=\"noopener\"><\/a>Nur weil Ihre Atomwaffe auf ein U-Boot kommt, hei\u00dft das nicht, dass es weniger schmerzhaft ist, sie zu bauen. Denken Sie daran, dies nicht in Ihrer einzigen Marinefabrik zu bauen, da Sie in K\u00fcrze \u00fcberfordert sein werden. Das Cybran-U-Boot kann nicht wirklich gegen andere Marineflotten k\u00e4mpfen, es sei denn, sie sind UEF und Sie haben bereits alle T1-U-Boote get\u00f6tet, weil sie einfach ihre taktischen Raketen abschie\u00dfen und es als extrem teures U-Boot zur\u00fccklassen, das zu langsam ist nach dem Abfeuern seiner Atomwaffen zu entkommen. Gegen Landstreitkr\u00e4fte wird dies jedoch den feindlichen Kommandanten Angst einjagen, da taktische Raketen aus dem Nichts auftauchen und ihre Marinefabrik pl\u00f6tzlich zerst\u00f6rt wird. Obwohl das U-Boot selbst relativ billig ist, sind die Atomwaffen sehr teuer zu bauen, machen Sie sich also keine Illusionen von Gr\u00f6\u00dfe.<\/p>\n\n\n\n<div class=\"wp-block-image\"><figure class=\"aligncenter size-large\"><a href=\"https:\/\/supcom.standardof.net\/de\/supreme-commander\/cybran\/cybran-tech-3-marine-einheiten\/plan-b-strategic-missile-submarine-supreme-commander-cybran-tech-3-navy-units\/\"><img decoding=\"async\" width=\"654\" height=\"500\" src=\"https:\/\/supcom.standardof.net\/wp-content\/uploads\/sites\/8\/2020\/11\/Plan-B-Strategic-Missile-Submarine-Supreme-Commander-Cybran-Tech-3-Navy-Units.jpg\" alt=\"Das strategische Raketen-U-Boot Plan B der Marineeinheit Cybran Tech 3 im Oberbefehlshaber.\" class=\"wp-image-625\" srcset=\"https:\/\/supcom.standardof.net\/wp-content\/uploads\/sites\/8\/2020\/11\/Plan-B-Strategic-Missile-Submarine-Supreme-Commander-Cybran-Tech-3-Navy-Units.jpg 654w, https:\/\/supcom.standardof.net\/wp-content\/uploads\/sites\/8\/2020\/11\/Plan-B-Strategic-Missile-Submarine-Supreme-Commander-Cybran-Tech-3-Navy-Units-512x391.jpg 512w, https:\/\/supcom.standardof.net\/wp-content\/uploads\/sites\/8\/2020\/11\/Plan-B-Strategic-Missile-Submarine-Supreme-Commander-Cybran-Tech-3-Navy-Units-200x153.jpg 200w, https:\/\/supcom.standardof.net\/wp-content\/uploads\/sites\/8\/2020\/11\/Plan-B-Strategic-Missile-Submarine-Supreme-Commander-Cybran-Tech-3-Navy-Units-16x12.jpg 16w\" sizes=\"(max-width: 654px) 100vw, 654px\" \/><\/a><figcaption>PLAN B - STRATEGISCHE MISSILE U-Boot<\/figcaption><\/figure><\/div>\n\n\n\n<section class=\"wp-block-uagb-columns uagb-columns__wrap uagb-columns__background-undefined uagb-columns__stack-mobile uagb-columns__valign-undefined uagb-columns__gap-10 alignundefined uagb-block-5d800c2d\"><div class=\"uagb-columns__overlay\"><\/div><div class=\"uagb-columns__inner-wrap uagb-columns__columns-2\">\n<div class=\"wp-block-uagb-column uagb-column__wrap uagb-column__background-undefined uagb-block-a3c0b6c6\"><div class=\"uagb-column__overlay\"><\/div><div class=\"uagb-column__inner-wrap\">\n<h3 class=\"wp-block-heading\">Plan B Statistiken<\/h3>\n\n\n\n<p><strong>R\u00fcstung:<\/strong> 4000 PS<br><strong>F\u00e4higkeiten:<\/strong> Tauchboot, Sonar, manueller Aufbau, manueller Start<br><strong>Kosten:<\/strong> M11000, E66000, T16500<br><strong>Intel<br><\/strong>&nbsp;&nbsp;&nbsp;&nbsp; Sicht: 16 (313 m)<br>&nbsp;&nbsp;&nbsp;&nbsp; Sonar: 75 (1,46 km)<br>&nbsp;&nbsp;&nbsp;&nbsp; Wassersicht: 24 (469 m)<br><strong>Physik<\/strong><br>&nbsp;&nbsp;&nbsp;&nbsp; H\u00f6chstgeschwindigkeit: 6 (117 m \/ s)<br>&nbsp;&nbsp;&nbsp;&nbsp; Wendegeschwindigkeit: 25<br><strong>Veterin\u00e4rwesen: <\/strong>50, 100, 250, 500, 1000 Kills<br><em>* Veteranenstufe 2: +1000 PS<br>* Veteranenstufe 4: +1000 PS<br>* Veteranenstufe 5: Reparatur von 3 PS \/ s<\/em><\/p>\n<\/div><\/div>\n\n\n\n<div class=\"wp-block-uagb-column uagb-column__wrap uagb-column__background-undefined uagb-block-2a3542b9\"><div class=\"uagb-column__overlay\"><\/div><div class=\"uagb-column__inner-wrap\">\n<h3 class=\"wp-block-heading\">Plan B Waffen<\/h3>\n\n\n\n<p><strong>Nanite Torpedo<\/strong> (Anti Navy)<br>&nbsp;&nbsp;&nbsp;&nbsp; 85 dps<br><strong>Reichweite:<\/strong> 32 (625 m)<br><strong>Projektilwaffe:<\/strong> 170 Schaden<br><strong>Feuerrate:<\/strong> 0,5 (alle 2 s)<br><em>* Veteranenstufe 1: +95 Schaden<br>* Veteranenstufe 3: +95 Schaden<\/em><\/p>\n\n\n\n<p><strong>Nanite Torpedo<\/strong> (Anti Navy)<br>&nbsp;&nbsp;&nbsp;&nbsp; 58,33 dps<br><strong>Reichweite:<\/strong> 32 (625 m)<br><strong>Projektilwaffe:<\/strong> 175 Schaden<br><strong>Feuerrate:<\/strong> 0,333 (alle 3 s)<br><em>* Veteranenstufe 1: +50 Schaden<br>* Veteranenstufe 3: +50 Schaden<\/em><\/p>\n\n\n\n<p><strong>Loa Tactical Missile<\/strong> (Rakete)<br>&nbsp;&nbsp;&nbsp;&nbsp; 200,00 dps<br><strong>Bereich:<\/strong> 4 (78,1 m)<br><strong>Reichweite:<\/strong> 12,5 (244 m) - 128 (2,50 km)<br><strong>Projektilwaffe:<\/strong> 2000 Schaden<br><strong>Feuerrate:<\/strong> 0,1 (alle 10 s)<br><em>* Veteranenstufe 1: +750 Schaden<br>* Veteranenstufe 3: +750 Schaden<\/em><\/p>\n\n\n\n<p><strong>EMP Flux Warhead<\/strong> (Rakete)<br><strong>Innenringschaden:<\/strong> 35000<br>&nbsp;&nbsp;&nbsp;&nbsp; Innenringradius: 30 (586 m)<br><strong>Au\u00dfenringschaden:<\/strong> 500<br>&nbsp;&nbsp;&nbsp;&nbsp; Au\u00dfenringradius: 40 (781 m)<br><strong>Lager:<\/strong> 2 Raketen<\/p>\n<\/div><\/div>\n<\/div><\/section>\n<\/div><\/div>\n<\/div><\/section>","protected":false},"excerpt":{"rendered":"<p>GALAXY CLASS BATTLESHIP The Battleship is basically an experimental unit that you can build in your naval factory. It has ungodly amounts of armor, tactical missile defenses to make sure it isn&#8217;t taken out by shore defenses before it&#8217;s had its say in the matter, and anti-air guns designed to kill gunships rather than bombers [&hellip;]<\/p>","protected":false},"author":1,"featured_media":0,"parent":538,"menu_order":0,"comment_status":"open","ping_status":"closed","template":"","meta":{"_uag_custom_page_level_css":"","site-sidebar-layout":"default","site-content-layout":"default","ast-site-content-layout":"","site-content-style":"default","site-sidebar-style":"default","ast-global-header-display":"","ast-banner-title-visibility":"","ast-main-header-display":"","ast-hfb-above-header-display":"","ast-hfb-below-header-display":"","ast-hfb-mobile-header-display":"","site-post-title":"","ast-breadcrumbs-content":"","ast-featured-img":"","footer-sml-layout":"","theme-transparent-header-meta":"default","adv-header-id-meta":"","stick-header-meta":"","header-above-stick-meta":"","header-main-stick-meta":"","header-below-stick-meta":"","astra-migrate-meta-layouts":"default","ast-page-background-enabled":"default","ast-page-background-meta":{"desktop":{"background-color":"","background-image":"","background-repeat":"repeat","background-position":"center center","background-size":"auto","background-attachment":"scroll","background-type":"","background-media":"","overlay-type":"","overlay-color":"","overlay-gradient":""},"tablet":{"background-color":"","background-image":"","background-repeat":"repeat","background-position":"center center","background-size":"auto","background-attachment":"scroll","background-type":"","background-media":"","overlay-type":"","overlay-color":"","overlay-gradient":""},"mobile":{"background-color":"","background-image":"","background-repeat":"repeat","background-position":"center center","background-size":"auto","background-attachment":"scroll","background-type":"","background-media":"","overlay-type":"","overlay-color":"","overlay-gradient":""}},"ast-content-background-meta":{"desktop":{"background-color":"var(--ast-global-color-5)","background-image":"","background-repeat":"repeat","background-position":"center center","background-size":"auto","background-attachment":"scroll","background-type":"","background-media":"","overlay-type":"","overlay-color":"","overlay-gradient":""},"tablet":{"background-color":"var(--ast-global-color-5)","background-image":"","background-repeat":"repeat","background-position":"center center","background-size":"auto","background-attachment":"scroll","background-type":"","background-media":"","overlay-type":"","overlay-color":"","overlay-gradient":""},"mobile":{"background-color":"var(--ast-global-color-5)","background-image":"","background-repeat":"repeat","background-position":"center center","background-size":"auto","background-attachment":"scroll","background-type":"","background-media":"","overlay-type":"","overlay-color":"","overlay-gradient":""}},"footnotes":""},"uagb_featured_image_src":{"full":false,"thumbnail":false,"medium":false,"medium_large":false,"large":false,"1536x1536":false,"2048x2048":false,"trp-custom-language-flag":false},"uagb_author_info":{"display_name":"SOE","author_link":"https:\/\/supcom.standardof.net\/de\/author\/k-tastic\/"},"uagb_comment_info":0,"uagb_excerpt":"GALAXY CLASS BATTLESHIP The Battleship is basically an experimental unit that you can build in your naval factory. It has ungodly amounts of armor, tactical missile defenses to make sure it isn&#8217;t taken out by shore defenses before it&#8217;s had its say in the matter, and anti-air guns designed to kill gunships rather than bombers&hellip;","_links":{"self":[{"href":"https:\/\/supcom.standardof.net\/de\/wp-json\/wp\/v2\/pages\/623"}],"collection":[{"href":"https:\/\/supcom.standardof.net\/de\/wp-json\/wp\/v2\/pages"}],"about":[{"href":"https:\/\/supcom.standardof.net\/de\/wp-json\/wp\/v2\/types\/page"}],"author":[{"embeddable":true,"href":"https:\/\/supcom.standardof.net\/de\/wp-json\/wp\/v2\/users\/1"}],"replies":[{"embeddable":true,"href":"https:\/\/supcom.standardof.net\/de\/wp-json\/wp\/v2\/comments?post=623"}],"version-history":[{"count":0,"href":"https:\/\/supcom.standardof.net\/de\/wp-json\/wp\/v2\/pages\/623\/revisions"}],"up":[{"embeddable":true,"href":"https:\/\/supcom.standardof.net\/de\/wp-json\/wp\/v2\/pages\/538"}],"wp:attachment":[{"href":"https:\/\/supcom.standardof.net\/de\/wp-json\/wp\/v2\/media?parent=623"}],"curies":[{"name":"wp","href":"https:\/\/api.w.org\/{rel}","templated":true}]}}