{"id":647,"date":"2020-11-03T00:03:54","date_gmt":"2020-11-03T05:03:54","guid":{"rendered":"https:\/\/supcom.standardof.net\/?page_id=647"},"modified":"2020-11-04T12:48:36","modified_gmt":"2020-11-04T17:48:36","slug":"cybran-tech-2-economy","status":"publish","type":"page","link":"https:\/\/supcom.standardof.net\/de\/supreme-commander\/cybran\/cybran-tech-2-wirtschaft\/","title":{"rendered":"Cybran Tech 2 Economy"},"content":{"rendered":"<div class=\"wp-block-uagb-table-of-contents uagb-toc__align-left uagb-toc__columns-1  uagb-block-654ad1c9\"\n\t\t\t\t\tdata-scroll= \"1\"\n\t\t\t\t\tdata-offset= \"30\"\n\t\t\t\t\tstyle=\"\"\n\t\t\t\t>\n\t\t\t\t<div class=\"uagb-toc__wrap\">\n\t\t\t\t\t\t<div class=\"uagb-toc__title\">\n\t\t\t\t\t\t\tCybran Tech 2 Wirtschaftsgeb\u00e4ude:\t\t\t\t\t\t<\/div>\n\t\t\t\t\t\t\t\t\t\t\t\t\t\t\t\t<div class=\"uagb-toc__list-wrap\">\n\t\t\t\t\t\t<ol class=\"uagb-toc__list\"><li class=\"uagb-toc__list\"><a href=\"#tech-2-land-factory\" class=\"uagb-toc-link__trigger\">TECH 2 LAND FACTORY<\/a><li class=\"uagb-toc__list\"><a href=\"#tech-2-air-factory\" class=\"uagb-toc-link__trigger\">TECH 2 LUFTFABRIK<\/a><li class=\"uagb-toc__list\"><a href=\"#tech-2-naval-factory\" class=\"uagb-toc-link__trigger\">TECH 2 NAVAL FACTORY<\/a><li class=\"uagb-toc__list\"><a href=\"#tech-2-mass-extractor\" class=\"uagb-toc-link__trigger\">TECH 2 MASS EXTRACTOR<\/a><li class=\"uagb-toc__list\"><a href=\"#tech-2-power-generator\" class=\"uagb-toc-link__trigger\">TECH 2 POWER GENERATOR<\/a><\/ol>\t\t\t\t\t<\/div>\n\t\t\t\t\t\t\t\t\t<\/div>\n\t\t\t\t<\/div>\n\t\t\t\n\n\n<section class=\"wp-block-uagb-columns uagb-columns__wrap uagb-columns__background-undefined uagb-columns__stack-mobile uagb-columns__valign-undefined uagb-columns__gap-10 alignundefined uagb-block-5bba1b19\"><div class=\"uagb-columns__overlay\"><\/div><div class=\"uagb-columns__inner-wrap uagb-columns__columns-1\">\n<div class=\"wp-block-uagb-column uagb-column__wrap uagb-column__background-undefined uagb-block-0bd8db13\"><div class=\"uagb-column__overlay\"><\/div><div class=\"uagb-column__inner-wrap\">\n<h2 class=\"wp-block-heading\">TECH 2 <strong>LAND FABRIK<\/strong><\/h2>\n\n\n\n<p>In der T2-Stufe ist Ihre Fabrik nicht anf\u00e4llig f\u00fcr \u00dcberraschungsangriffe und normalerweise das letzte Geb\u00e4ude, das stirbt. Es ist immer noch doppelt so schnell wie Ihr Ingenieur auf dem gleichen Niveau.<\/p>\n\n\n\n<div class=\"wp-block-image\"><figure class=\"aligncenter size-large\"><a href=\"https:\/\/supcom.standardof.net\/de\/supreme-commander\/cybran\/cybran-tech-2-wirtschaft\/tech-2-land-factory-supreme-commander-cybran-tech-2-economy\/\"><img decoding=\"async\" width=\"800\" height=\"537\" src=\"https:\/\/supcom.standardof.net\/wp-content\/uploads\/sites\/8\/2020\/11\/TECH-2-LAND-FACTORY-Supreme-Commander-Cybran-Tech-2-Economy-800x537.jpg\" alt=\"Die T2 Land Factory, Wirtschaftsgeb\u00e4ude Cybran Tech 2 im Oberbefehlshaber.\" class=\"wp-image-936\" srcset=\"https:\/\/supcom.standardof.net\/wp-content\/uploads\/sites\/8\/2020\/11\/TECH-2-LAND-FACTORY-Supreme-Commander-Cybran-Tech-2-Economy-800x537.jpg 800w, https:\/\/supcom.standardof.net\/wp-content\/uploads\/sites\/8\/2020\/11\/TECH-2-LAND-FACTORY-Supreme-Commander-Cybran-Tech-2-Economy-512x344.jpg 512w, https:\/\/supcom.standardof.net\/wp-content\/uploads\/sites\/8\/2020\/11\/TECH-2-LAND-FACTORY-Supreme-Commander-Cybran-Tech-2-Economy-200x134.jpg 200w, https:\/\/supcom.standardof.net\/wp-content\/uploads\/sites\/8\/2020\/11\/TECH-2-LAND-FACTORY-Supreme-Commander-Cybran-Tech-2-Economy-768x516.jpg 768w, https:\/\/supcom.standardof.net\/wp-content\/uploads\/sites\/8\/2020\/11\/TECH-2-LAND-FACTORY-Supreme-Commander-Cybran-Tech-2-Economy-1536x1032.jpg 1536w, https:\/\/supcom.standardof.net\/wp-content\/uploads\/sites\/8\/2020\/11\/TECH-2-LAND-FACTORY-Supreme-Commander-Cybran-Tech-2-Economy-16x12.jpg 16w, https:\/\/supcom.standardof.net\/wp-content\/uploads\/sites\/8\/2020\/11\/TECH-2-LAND-FACTORY-Supreme-Commander-Cybran-Tech-2-Economy.jpg 1581w\" sizes=\"(max-width: 800px) 100vw, 800px\" \/><\/a><figcaption>TECH 2 LAND FACTORY<\/figcaption><\/figure><\/div>\n\n\n\n<section class=\"wp-block-uagb-columns uagb-columns__wrap uagb-columns__background-undefined uagb-columns__stack-mobile uagb-columns__valign-undefined uagb-columns__gap-10 alignundefined uagb-block-4f46f08a\"><div class=\"uagb-columns__overlay\"><\/div><div class=\"uagb-columns__inner-wrap uagb-columns__columns-2\">\n<div class=\"wp-block-uagb-column uagb-column__wrap uagb-column__background-undefined uagb-block-15e2c409\"><div class=\"uagb-column__overlay\"><\/div><div class=\"uagb-column__inner-wrap\">\n<h3 class=\"wp-block-heading\">T2 Land Factory Statistiken<\/h3>\n\n\n\n<p><strong>R\u00fcstung:<\/strong> 7900 PS<br><strong>F\u00e4higkeiten:<\/strong> Aufr\u00fcstbar<br><strong>Kosten<\/strong><br>&nbsp;&nbsp;&nbsp; M875 (Lagerung: 200)<br>&nbsp;&nbsp;&nbsp; E7000 (Speicher: 1000)<br>&nbsp;&nbsp;&nbsp; T1750<br><strong>Build Rate:<\/strong> 20<br><strong>Intel<\/strong><br>&nbsp;&nbsp;&nbsp; Sicht: 20 (391 m)<br><strong>Physik<\/strong><br>&nbsp;&nbsp;&nbsp; Gr\u00f6\u00dfe f\u00fcr die Nachbarschaft: 16<\/p>\n<\/div><\/div>\n\n\n\n<div class=\"wp-block-uagb-column uagb-column__wrap uagb-column__background-undefined uagb-block-1a7b1f68\"><div class=\"uagb-column__overlay\"><\/div><div class=\"uagb-column__inner-wrap\"><\/div><\/div>\n<\/div><\/section>\n<\/div><\/div>\n<\/div><\/section>\n\n\n\n<section class=\"wp-block-uagb-columns uagb-columns__wrap uagb-columns__background-undefined uagb-columns__stack-mobile uagb-columns__valign-undefined uagb-columns__gap-10 alignundefined uagb-block-02bdbd71\"><div class=\"uagb-columns__overlay\"><\/div><div class=\"uagb-columns__inner-wrap uagb-columns__columns-1\">\n<div class=\"wp-block-uagb-column uagb-column__wrap uagb-column__background-undefined uagb-block-0f120b9f\"><div class=\"uagb-column__overlay\"><\/div><div class=\"uagb-column__inner-wrap\">\n<h2 class=\"wp-block-heading\">TECH 2<strong> LUFTFABRIK<\/strong><\/h2>\n\n\n\n<p>Das Upgrade der T2-Luftfabrik ist langsamer als das Upgrade der T2-Landfabrik. Wenn es also Zeit f\u00fcr technische Verbesserungen ist und Sie nur Ingenieure ben\u00f6tigen, f\u00fchren Sie dies sp\u00e4ter durch. Auf der positiven Seite kostet es deutlich weniger Masse.<\/p>\n\n\n\n<div class=\"wp-block-image\"><figure class=\"aligncenter size-large\"><a href=\"https:\/\/supcom.standardof.net\/de\/supreme-commander\/cybran\/cybran-tech-2-wirtschaft\/tech-2-air-factory-supreme-commander-cybran-tech-2-economy\/\"><img decoding=\"async\" width=\"800\" height=\"478\" src=\"https:\/\/supcom.standardof.net\/wp-content\/uploads\/sites\/8\/2020\/11\/TECH-2-AIR-FACTORY-Supreme-Commander-Cybran-Tech-2-Economy-800x478.jpg\" alt=\"Die T2 Air Factory, Wirtschaftsgeb\u00e4ude Cybran Tech 2 im Oberbefehlshaber.\" class=\"wp-image-935\" srcset=\"https:\/\/supcom.standardof.net\/wp-content\/uploads\/sites\/8\/2020\/11\/TECH-2-AIR-FACTORY-Supreme-Commander-Cybran-Tech-2-Economy-800x478.jpg 800w, https:\/\/supcom.standardof.net\/wp-content\/uploads\/sites\/8\/2020\/11\/TECH-2-AIR-FACTORY-Supreme-Commander-Cybran-Tech-2-Economy-512x306.jpg 512w, https:\/\/supcom.standardof.net\/wp-content\/uploads\/sites\/8\/2020\/11\/TECH-2-AIR-FACTORY-Supreme-Commander-Cybran-Tech-2-Economy-200x120.jpg 200w, https:\/\/supcom.standardof.net\/wp-content\/uploads\/sites\/8\/2020\/11\/TECH-2-AIR-FACTORY-Supreme-Commander-Cybran-Tech-2-Economy-768x459.jpg 768w, https:\/\/supcom.standardof.net\/wp-content\/uploads\/sites\/8\/2020\/11\/TECH-2-AIR-FACTORY-Supreme-Commander-Cybran-Tech-2-Economy-1536x919.jpg 1536w, https:\/\/supcom.standardof.net\/wp-content\/uploads\/sites\/8\/2020\/11\/TECH-2-AIR-FACTORY-Supreme-Commander-Cybran-Tech-2-Economy-16x10.jpg 16w, https:\/\/supcom.standardof.net\/wp-content\/uploads\/sites\/8\/2020\/11\/TECH-2-AIR-FACTORY-Supreme-Commander-Cybran-Tech-2-Economy.jpg 1821w\" sizes=\"(max-width: 800px) 100vw, 800px\" \/><\/a><figcaption>TECH 2 LUFTFABRIK<\/figcaption><\/figure><\/div>\n\n\n\n<section class=\"wp-block-uagb-columns uagb-columns__wrap uagb-columns__background-undefined uagb-columns__stack-mobile uagb-columns__valign-undefined uagb-columns__gap-10 alignundefined uagb-block-92fd0144\"><div class=\"uagb-columns__overlay\"><\/div><div class=\"uagb-columns__inner-wrap uagb-columns__columns-2\">\n<div class=\"wp-block-uagb-column uagb-column__wrap uagb-column__background-undefined uagb-block-4fb43c61\"><div class=\"uagb-column__overlay\"><\/div><div class=\"uagb-column__inner-wrap\">\n<h3 class=\"wp-block-heading\">T2 Air Factory Statistik<\/h3>\n\n\n\n<p><strong>R\u00fcstung:<\/strong> 7900 PS<br><strong>F\u00e4higkeiten:<\/strong> Aufr\u00fcstbar<br><strong>Kosten<\/strong><br>&nbsp;&nbsp;&nbsp; M660 (Lagerung: 200)<br>&nbsp;&nbsp;&nbsp; E17600 (Lagerung: 1000)<br>&nbsp;&nbsp;&nbsp; T2200<br><strong>Build Rate:<\/strong> 20<br><strong>Intel<\/strong><br>&nbsp;&nbsp;&nbsp; Sicht: 20 (391 m)<br><strong>Physik<\/strong><br>&nbsp;&nbsp;&nbsp; Gr\u00f6\u00dfe f\u00fcr die Nachbarschaft: 16<\/p>\n<\/div><\/div>\n\n\n\n<div class=\"wp-block-uagb-column uagb-column__wrap uagb-column__background-undefined uagb-block-0bc4ccd2\"><div class=\"uagb-column__overlay\"><\/div><div class=\"uagb-column__inner-wrap\"><\/div><\/div>\n<\/div><\/section>\n<\/div><\/div>\n<\/div><\/section>\n\n\n\n<section class=\"wp-block-uagb-columns uagb-columns__wrap uagb-columns__background-undefined uagb-columns__stack-mobile uagb-columns__valign-undefined uagb-columns__gap-10 alignundefined uagb-block-38ca58ec\"><div class=\"uagb-columns__overlay\"><\/div><div class=\"uagb-columns__inner-wrap uagb-columns__columns-1\">\n<div class=\"wp-block-uagb-column uagb-column__wrap uagb-column__background-undefined uagb-block-310505b5\"><div class=\"uagb-column__overlay\"><\/div><div class=\"uagb-column__inner-wrap\">\n<h2 class=\"wp-block-heading\">TECH 2 <strong>NAVAL FACTORY<\/strong><\/h2>\n\n\n\n<p>Die T2 Naval Factory hat jetzt eine Menge Gesundheit, ohne teurer zu sein als die anderen Upgrades. Wenn man bedenkt, dass der einzige Grund f\u00fcr eine Cybran-Marine T2 ist, ist dies \u00e4u\u00dferst praktisch.<\/p>\n\n\n\n<div class=\"wp-block-image\"><figure class=\"aligncenter size-large\"><a href=\"https:\/\/supcom.standardof.net\/de\/supreme-commander\/cybran\/cybran-tech-2-wirtschaft\/tech-2-naval-factory-supreme-commander-cybran-tech-2-economy\/\"><img decoding=\"async\" width=\"800\" height=\"465\" src=\"https:\/\/supcom.standardof.net\/wp-content\/uploads\/sites\/8\/2020\/11\/TECH-2-NAVAL-FACTORY-Supreme-Commander-Cybran-Tech-2-Economy-800x465.jpg\" alt=\"Die T2 Naval Factory, Wirtschaftsgeb\u00e4ude Cybran Tech 2 im Oberbefehlshaber.\" class=\"wp-image-938\" srcset=\"https:\/\/supcom.standardof.net\/wp-content\/uploads\/sites\/8\/2020\/11\/TECH-2-NAVAL-FACTORY-Supreme-Commander-Cybran-Tech-2-Economy-800x465.jpg 800w, https:\/\/supcom.standardof.net\/wp-content\/uploads\/sites\/8\/2020\/11\/TECH-2-NAVAL-FACTORY-Supreme-Commander-Cybran-Tech-2-Economy-512x298.jpg 512w, https:\/\/supcom.standardof.net\/wp-content\/uploads\/sites\/8\/2020\/11\/TECH-2-NAVAL-FACTORY-Supreme-Commander-Cybran-Tech-2-Economy-200x116.jpg 200w, https:\/\/supcom.standardof.net\/wp-content\/uploads\/sites\/8\/2020\/11\/TECH-2-NAVAL-FACTORY-Supreme-Commander-Cybran-Tech-2-Economy-768x446.jpg 768w, https:\/\/supcom.standardof.net\/wp-content\/uploads\/sites\/8\/2020\/11\/TECH-2-NAVAL-FACTORY-Supreme-Commander-Cybran-Tech-2-Economy-1536x893.jpg 1536w, https:\/\/supcom.standardof.net\/wp-content\/uploads\/sites\/8\/2020\/11\/TECH-2-NAVAL-FACTORY-Supreme-Commander-Cybran-Tech-2-Economy-16x9.jpg 16w, https:\/\/supcom.standardof.net\/wp-content\/uploads\/sites\/8\/2020\/11\/TECH-2-NAVAL-FACTORY-Supreme-Commander-Cybran-Tech-2-Economy.jpg 1641w\" sizes=\"(max-width: 800px) 100vw, 800px\" \/><\/a><figcaption>TECH 2 NAVAL FACTORY<\/figcaption><\/figure><\/div>\n\n\n\n<section class=\"wp-block-uagb-columns uagb-columns__wrap uagb-columns__background-undefined uagb-columns__stack-mobile uagb-columns__valign-undefined uagb-columns__gap-10 alignundefined uagb-block-12bcfa14\"><div class=\"uagb-columns__overlay\"><\/div><div class=\"uagb-columns__inner-wrap uagb-columns__columns-2\">\n<div class=\"wp-block-uagb-column uagb-column__wrap uagb-column__background-undefined uagb-block-1c791d1c\"><div class=\"uagb-column__overlay\"><\/div><div class=\"uagb-column__inner-wrap\">\n<h3 class=\"wp-block-heading\">T2 Naval Factory Stats<\/h3>\n\n\n\n<p><strong>R\u00fcstung:<\/strong> 15000 PS<br><strong>F\u00e4higkeiten:<\/strong> Aufr\u00fcstbar<br><strong>Kosten<\/strong><br>&nbsp;&nbsp;&nbsp; M875 (Lagerung: 200)<br>&nbsp;&nbsp;&nbsp; E7000 (Speicher: 1000)<br>&nbsp;&nbsp;&nbsp; T1750<br><strong>Build Rate:<\/strong> 20<br><strong>Intel<\/strong><br>&nbsp;&nbsp;&nbsp; Sicht: 20 (391 m)<br><strong>Physik<\/strong><br>&nbsp;&nbsp;&nbsp; Gr\u00f6\u00dfe f\u00fcr die Nachbarschaft: 16<\/p>\n<\/div><\/div>\n\n\n\n<div class=\"wp-block-uagb-column uagb-column__wrap uagb-column__background-undefined uagb-block-03b61e85\"><div class=\"uagb-column__overlay\"><\/div><div class=\"uagb-column__inner-wrap\"><\/div><\/div>\n<\/div><\/section>\n<\/div><\/div>\n<\/div><\/section>\n\n\n\n<section class=\"wp-block-uagb-columns uagb-columns__wrap uagb-columns__background-undefined uagb-columns__stack-mobile uagb-columns__valign-undefined uagb-columns__gap-10 alignundefined uagb-block-9d1ecf54\"><div class=\"uagb-columns__overlay\"><\/div><div class=\"uagb-columns__inner-wrap uagb-columns__columns-1\">\n<div class=\"wp-block-uagb-column uagb-column__wrap uagb-column__background-undefined uagb-block-dbe89eac\"><div class=\"uagb-column__overlay\"><\/div><div class=\"uagb-column__inner-wrap\">\n<h2 class=\"wp-block-heading\">TECH 2 <strong>MASSENEXTRAKTOR<\/strong><\/h2>\n\n\n\n<p>Auf T2-Ebene haben Sie Ihr gesamtes Ausma\u00df erweitert und es ist jetzt an der Zeit, Ihre Massenextraktoren zu aktualisieren. Seien Sie vorsichtig, wenn Sie ihnen helfen - sie werden nach Abschluss des Upgrades nicht mehr als inaktiv angezeigt.<\/p>\n\n\n\n<div class=\"wp-block-image\"><figure class=\"aligncenter size-large\"><a href=\"https:\/\/supcom.standardof.net\/de\/supreme-commander\/cybran\/cybran-tech-2-wirtschaft\/tech-2-mass-extractor-supreme-commander-cybran-tech-2-economy\/\"><img decoding=\"async\" width=\"800\" height=\"522\" src=\"https:\/\/supcom.standardof.net\/wp-content\/uploads\/sites\/8\/2020\/11\/TECH-2-MASS-EXTRACTOR-Supreme-Commander-Cybran-Tech-2-Economy-800x522.jpg\" alt=\"Der T2-Massenextraktor, Cybran Tech 2 Economy Building im Supreme Commander.\" class=\"wp-image-937\" srcset=\"https:\/\/supcom.standardof.net\/wp-content\/uploads\/sites\/8\/2020\/11\/TECH-2-MASS-EXTRACTOR-Supreme-Commander-Cybran-Tech-2-Economy-800x522.jpg 800w, https:\/\/supcom.standardof.net\/wp-content\/uploads\/sites\/8\/2020\/11\/TECH-2-MASS-EXTRACTOR-Supreme-Commander-Cybran-Tech-2-Economy-512x334.jpg 512w, https:\/\/supcom.standardof.net\/wp-content\/uploads\/sites\/8\/2020\/11\/TECH-2-MASS-EXTRACTOR-Supreme-Commander-Cybran-Tech-2-Economy-200x130.jpg 200w, https:\/\/supcom.standardof.net\/wp-content\/uploads\/sites\/8\/2020\/11\/TECH-2-MASS-EXTRACTOR-Supreme-Commander-Cybran-Tech-2-Economy-768x501.jpg 768w, https:\/\/supcom.standardof.net\/wp-content\/uploads\/sites\/8\/2020\/11\/TECH-2-MASS-EXTRACTOR-Supreme-Commander-Cybran-Tech-2-Economy-16x10.jpg 16w, https:\/\/supcom.standardof.net\/wp-content\/uploads\/sites\/8\/2020\/11\/TECH-2-MASS-EXTRACTOR-Supreme-Commander-Cybran-Tech-2-Economy.jpg 1491w\" sizes=\"(max-width: 800px) 100vw, 800px\" \/><\/a><figcaption>TECH 2 MASS EXTRACTOR<\/figcaption><\/figure><\/div>\n\n\n\n<section class=\"wp-block-uagb-columns uagb-columns__wrap uagb-columns__background-undefined uagb-columns__stack-mobile uagb-columns__valign-undefined uagb-columns__gap-10 alignundefined uagb-block-dc5922e9\"><div class=\"uagb-columns__overlay\"><\/div><div class=\"uagb-columns__inner-wrap uagb-columns__columns-2\">\n<div class=\"wp-block-uagb-column uagb-column__wrap uagb-column__background-undefined uagb-block-c7f679da\"><div class=\"uagb-column__overlay\"><\/div><div class=\"uagb-column__inner-wrap\">\n<h4 class=\"wp-block-heading\">T2 Mass Extractor Stats<\/h4>\n\n\n\n<p><strong>R\u00fcstung:<\/strong> 2160 PS<br><strong>F\u00e4higkeiten:<\/strong> Aufr\u00fcstbar<br><strong>Kosten<\/strong><br>&nbsp;&nbsp;&nbsp; M900 (+6)<br>&nbsp;&nbsp;&nbsp; E5400 (-9)<br>&nbsp;&nbsp;&nbsp; T900<br><strong>Build Rate:<\/strong> 15<br><strong>Intel<\/strong><br>&nbsp;&nbsp;&nbsp;&nbsp; Sicht: 20 (391 m)<br><strong>Physik<\/strong><br>&nbsp;&nbsp;&nbsp; Gr\u00f6\u00dfe f\u00fcr die Nachbarschaft: 4<br><strong>Adjazenzboni<\/strong><br>&nbsp; Gr\u00f6\u00dfe des angrenzenden Geb\u00e4udes: 4, 8, 12, 16, 20)<br>&nbsp; Reduzierung des Massenabflusses (Fabriken): 15.00%, 7.50%, 5.00%, 3.75%, 3.00%<\/p>\n<\/div><\/div>\n\n\n\n<div class=\"wp-block-uagb-column uagb-column__wrap uagb-column__background-undefined uagb-block-194bebf0\"><div class=\"uagb-column__overlay\"><\/div><div class=\"uagb-column__inner-wrap\"><\/div><\/div>\n<\/div><\/section>\n<\/div><\/div>\n<\/div><\/section>\n\n\n\n<section class=\"wp-block-uagb-columns uagb-columns__wrap uagb-columns__background-undefined uagb-columns__stack-mobile uagb-columns__valign-undefined uagb-columns__gap-10 alignundefined uagb-block-5060e6f7\"><div class=\"uagb-columns__overlay\"><\/div><div class=\"uagb-columns__inner-wrap uagb-columns__columns-1\">\n<div class=\"wp-block-uagb-column uagb-column__wrap uagb-column__background-undefined uagb-block-adfee870\"><div class=\"uagb-column__overlay\"><\/div><div class=\"uagb-column__inner-wrap\">\n<h2 class=\"wp-block-heading\">TECH 2 <strong>STROMGENERATOR<\/strong><\/h2>\n\n\n\n<p>Der T2-Stromgenerator ist ein Schl\u00fcsselelement Ihrer Wirtschaft. Er bietet den Schub, der verhindert, dass Sie an die winzigen Energiedosen von T1-Strom gefesselt werden, und gew\u00e4hrt gleichzeitig einen gro\u00dfz\u00fcgigen Adjazenzbonus, wenn Sie einen Schild oder eine T2-Artillerie darum legen m\u00f6chten. Cybran T2-Stromerzeuger sind kleiner, aber das macht keinen Unterschied, da Sie sie auseinander bauen, um ihre Todesexplosion trotzdem zu minimieren.<\/p>\n\n\n\n<div class=\"wp-block-image\"><figure class=\"aligncenter size-large\"><a href=\"https:\/\/supcom.standardof.net\/de\/supreme-commander\/cybran\/cybran-tech-2-wirtschaft\/tech-2-power-generator-supreme-commander-cybran-tech-2-economy\/\"><img decoding=\"async\" width=\"800\" height=\"540\" src=\"https:\/\/supcom.standardof.net\/wp-content\/uploads\/sites\/8\/2020\/11\/TECH-2-POWER-GENERATOR-Supreme-Commander-Cybran-Tech-2-Economy-800x540.jpg\" alt=\"Der T2 POWER GENERATOR, Wirtschaftsgeb\u00e4ude von Cybran Tech 2 im Supreme Commander.\" class=\"wp-image-934\" srcset=\"https:\/\/supcom.standardof.net\/wp-content\/uploads\/sites\/8\/2020\/11\/TECH-2-POWER-GENERATOR-Supreme-Commander-Cybran-Tech-2-Economy-800x540.jpg 800w, https:\/\/supcom.standardof.net\/wp-content\/uploads\/sites\/8\/2020\/11\/TECH-2-POWER-GENERATOR-Supreme-Commander-Cybran-Tech-2-Economy-512x345.jpg 512w, https:\/\/supcom.standardof.net\/wp-content\/uploads\/sites\/8\/2020\/11\/TECH-2-POWER-GENERATOR-Supreme-Commander-Cybran-Tech-2-Economy-200x135.jpg 200w, https:\/\/supcom.standardof.net\/wp-content\/uploads\/sites\/8\/2020\/11\/TECH-2-POWER-GENERATOR-Supreme-Commander-Cybran-Tech-2-Economy-768x518.jpg 768w, https:\/\/supcom.standardof.net\/wp-content\/uploads\/sites\/8\/2020\/11\/TECH-2-POWER-GENERATOR-Supreme-Commander-Cybran-Tech-2-Economy-1536x1036.jpg 1536w, https:\/\/supcom.standardof.net\/wp-content\/uploads\/sites\/8\/2020\/11\/TECH-2-POWER-GENERATOR-Supreme-Commander-Cybran-Tech-2-Economy-16x12.jpg 16w, https:\/\/supcom.standardof.net\/wp-content\/uploads\/sites\/8\/2020\/11\/TECH-2-POWER-GENERATOR-Supreme-Commander-Cybran-Tech-2-Economy.jpg 1614w\" sizes=\"(max-width: 800px) 100vw, 800px\" \/><\/a><figcaption>TECH 2 POWER GENERATOR<\/figcaption><\/figure><\/div>\n\n\n\n<section class=\"wp-block-uagb-columns uagb-columns__wrap uagb-columns__background-undefined uagb-columns__stack-mobile uagb-columns__valign-undefined uagb-columns__gap-10 alignundefined uagb-block-6864d497\"><div class=\"uagb-columns__overlay\"><\/div><div class=\"uagb-columns__inner-wrap uagb-columns__columns-2\">\n<div class=\"wp-block-uagb-column uagb-column__wrap uagb-column__background-undefined uagb-block-eff07fa4\"><div class=\"uagb-column__overlay\"><\/div><div class=\"uagb-column__inner-wrap\">\n<h3 class=\"wp-block-heading\">T2 Stromerzeugerstatistik<\/h3>\n\n\n\n<p><strong>R\u00fcstung:<\/strong> 2160 PS<br><strong>Kosten<\/strong><br>&nbsp;&nbsp;&nbsp; M1200<br>&nbsp;&nbsp;&nbsp; E12000 (+500)<br>&nbsp;&nbsp;&nbsp; T2000<br><strong>Intel<\/strong><br>&nbsp;&nbsp;&nbsp; Sicht: 20 (391 m)<br><strong>Physik<\/strong><br>&nbsp;&nbsp; Gr\u00f6\u00dfe f\u00fcr die Nachbarschaft: 12<br><strong>Adjazenzboni<\/strong><br>(Gr\u00f6\u00dfe des angrenzenden Geb\u00e4udes: 4, 8, 12, 16, 20)<br>&nbsp; Reduzierung des Energieverbrauchs (Wartung): 12.50%, 12.50%, 12.50%, 12.50%<br>&nbsp; Reduzierung des Energieverbrauchs (Fabriken): 12.50%, 12.50%, 12.50%, 12.50%, 12.50%<br>&nbsp; Reduzierung der Entleerungszeit f\u00fcr Energiewaffen: 5.00% ,, 5.00%, 5.00%, 5.00%<\/p>\n<\/div><\/div>\n\n\n\n<div class=\"wp-block-uagb-column uagb-column__wrap uagb-column__background-undefined uagb-block-2ef02ba8\"><div class=\"uagb-column__overlay\"><\/div><div class=\"uagb-column__inner-wrap\">\n<h3 class=\"wp-block-heading\">T2 Stromerzeugerwaffen<\/h3>\n\n\n\n<p><strong>Todeswaffe<\/strong><br>&nbsp;&nbsp;&nbsp; 1500 Schaden<br><strong>Bereich:<\/strong> 5 (97,7 m)<\/p>\n<\/div><\/div>\n<\/div><\/section>\n<\/div><\/div>\n<\/div><\/section>","protected":false},"excerpt":{"rendered":"<p>TECH 2 LAND FACTORY By the T2 level, your factory is not vulnerable to surprise strikes, and is usually the last building to die. It&#8217;s still twice as fast as your engineer of the same level. T2 Land Factory Stats Armor: 7900hpAbilities: UpgradeableCost&nbsp;&nbsp;&nbsp; M875 (storage: 200)&nbsp;&nbsp;&nbsp; E7000 (storage: 1000)&nbsp;&nbsp;&nbsp; T1750Build Rate: 20Intel&nbsp;&nbsp;&nbsp; sight: 20 (391m)Physics&nbsp;&nbsp;&nbsp; [&hellip;]<\/p>","protected":false},"author":1,"featured_media":0,"parent":538,"menu_order":0,"comment_status":"open","ping_status":"closed","template":"","meta":{"_uag_custom_page_level_css":"","site-sidebar-layout":"default","site-content-layout":"default","ast-site-content-layout":"","site-content-style":"default","site-sidebar-style":"default","ast-global-header-display":"","ast-banner-title-visibility":"","ast-main-header-display":"","ast-hfb-above-header-display":"","ast-hfb-below-header-display":"","ast-hfb-mobile-header-display":"","site-post-title":"","ast-breadcrumbs-content":"","ast-featured-img":"","footer-sml-layout":"","theme-transparent-header-meta":"default","adv-header-id-meta":"","stick-header-meta":"","header-above-stick-meta":"","header-main-stick-meta":"","header-below-stick-meta":"","astra-migrate-meta-layouts":"default","ast-page-background-enabled":"default","ast-page-background-meta":{"desktop":{"background-color":"","background-image":"","background-repeat":"repeat","background-position":"center center","background-size":"auto","background-attachment":"scroll","background-type":"","background-media":"","overlay-type":"","overlay-color":"","overlay-gradient":""},"tablet":{"background-color":"","background-image":"","background-repeat":"repeat","background-position":"center center","background-size":"auto","background-attachment":"scroll","background-type":"","background-media":"","overlay-type":"","overlay-color":"","overlay-gradient":""},"mobile":{"background-color":"","background-image":"","background-repeat":"repeat","background-position":"center center","background-size":"auto","background-attachment":"scroll","background-type":"","background-media":"","overlay-type":"","overlay-color":"","overlay-gradient":""}},"ast-content-background-meta":{"desktop":{"background-color":"var(--ast-global-color-5)","background-image":"","background-repeat":"repeat","background-position":"center center","background-size":"auto","background-attachment":"scroll","background-type":"","background-media":"","overlay-type":"","overlay-color":"","overlay-gradient":""},"tablet":{"background-color":"var(--ast-global-color-5)","background-image":"","background-repeat":"repeat","background-position":"center center","background-size":"auto","background-attachment":"scroll","background-type":"","background-media":"","overlay-type":"","overlay-color":"","overlay-gradient":""},"mobile":{"background-color":"var(--ast-global-color-5)","background-image":"","background-repeat":"repeat","background-position":"center center","background-size":"auto","background-attachment":"scroll","background-type":"","background-media":"","overlay-type":"","overlay-color":"","overlay-gradient":""}},"footnotes":""},"uagb_featured_image_src":{"full":false,"thumbnail":false,"medium":false,"medium_large":false,"large":false,"1536x1536":false,"2048x2048":false,"trp-custom-language-flag":false},"uagb_author_info":{"display_name":"SOE","author_link":"https:\/\/supcom.standardof.net\/de\/author\/k-tastic\/"},"uagb_comment_info":0,"uagb_excerpt":"TECH 2 LAND FACTORY By the T2 level, your factory is not vulnerable to surprise strikes, and is usually the last building to die. It&#8217;s still twice as fast as your engineer of the same level. T2 Land Factory Stats Armor: 7900hpAbilities: UpgradeableCost&nbsp;&nbsp;&nbsp; M875 (storage: 200)&nbsp;&nbsp;&nbsp; E7000 (storage: 1000)&nbsp;&nbsp;&nbsp; T1750Build Rate: 20Intel&nbsp;&nbsp;&nbsp; sight: 20 (391m)Physics&nbsp;&nbsp;&nbsp;&hellip;","_links":{"self":[{"href":"https:\/\/supcom.standardof.net\/de\/wp-json\/wp\/v2\/pages\/647"}],"collection":[{"href":"https:\/\/supcom.standardof.net\/de\/wp-json\/wp\/v2\/pages"}],"about":[{"href":"https:\/\/supcom.standardof.net\/de\/wp-json\/wp\/v2\/types\/page"}],"author":[{"embeddable":true,"href":"https:\/\/supcom.standardof.net\/de\/wp-json\/wp\/v2\/users\/1"}],"replies":[{"embeddable":true,"href":"https:\/\/supcom.standardof.net\/de\/wp-json\/wp\/v2\/comments?post=647"}],"version-history":[{"count":0,"href":"https:\/\/supcom.standardof.net\/de\/wp-json\/wp\/v2\/pages\/647\/revisions"}],"up":[{"embeddable":true,"href":"https:\/\/supcom.standardof.net\/de\/wp-json\/wp\/v2\/pages\/538"}],"wp:attachment":[{"href":"https:\/\/supcom.standardof.net\/de\/wp-json\/wp\/v2\/media?parent=647"}],"curies":[{"name":"wp","href":"https:\/\/api.w.org\/{rel}","templated":true}]}}