{"id":652,"date":"2020-11-03T00:15:14","date_gmt":"2020-11-03T05:15:14","guid":{"rendered":"https:\/\/supcom.standardof.net\/?page_id=652"},"modified":"2020-11-03T00:44:25","modified_gmt":"2020-11-03T05:44:25","slug":"about-supreme-commander","status":"publish","type":"page","link":"https:\/\/supcom.standardof.net\/de\/oberbefehlshaber\/","title":{"rendered":"\u00dcber den Oberbefehlshaber"},"content":{"rendered":"<section class=\"wp-block-uagb-columns uagb-columns__wrap uagb-columns__background-undefined uagb-columns__stack-mobile uagb-columns__valign-undefined uagb-columns__gap-10 alignundefined uagb-block-ffe2255f\"><div class=\"uagb-columns__overlay\"><\/div><div class=\"uagb-columns__inner-wrap uagb-columns__columns-1\">\n<div class=\"wp-block-uagb-column uagb-column__wrap uagb-column__background-undefined uagb-block-342c6e57\"><div class=\"uagb-column__overlay\"><\/div><div class=\"uagb-column__inner-wrap\">\n<h3 class=\"has-text-align-center wp-block-heading\"><strong>Bezugsquellen Supreme Commander<\/strong><\/h3>\n\n\n\n<p class=\"has-text-align-center\">Windows-Benutzer k\u00f6nnen dieses Spiel \u00fcber die aufgef\u00fchrten digitalen Download-Dienste erwerben. Xbox 360-Kopien sind Mangelware und k\u00f6nnen nur als physische Kopien gekauft werden. Es gibt keine M\u00f6glichkeit, direkt beim Entwickler zu kaufen. Sternchen markieren Affiliate-Links und helfen bei der Unterst\u00fctzung dieser Website.<\/p>\n\n\n\n<section class=\"wp-block-uagb-columns uagb-columns__wrap uagb-columns__background-undefined uagb-columns__stack-mobile uagb-columns__valign-undefined uagb-columns__gap-10 alignundefined uagb-block-27ba960f\"><div class=\"uagb-columns__overlay\"><\/div><div class=\"uagb-columns__inner-wrap uagb-columns__columns-3\">\n<div class=\"wp-block-uagb-column uagb-column__wrap uagb-column__background-undefined uagb-block-1ae5b5ef\"><div class=\"uagb-column__overlay\"><\/div><div class=\"uagb-column__inner-wrap\">\n<div class=\"wp-block-image\"><figure class=\"aligncenter size-large is-resized\"><a href=\"https:\/\/store.steampowered.com\/app\/9350\/Supreme_Commander\/\" target=\"_blank\" rel=\"noopener\"><img decoding=\"async\" src=\"https:\/\/supcom.standardof.net\/wp-content\/uploads\/sites\/8\/2020\/11\/Steam-Logo-256px.png\" alt=\"\" class=\"wp-image-657\" width=\"128\" height=\"128\" srcset=\"https:\/\/supcom.standardof.net\/wp-content\/uploads\/sites\/8\/2020\/11\/Steam-Logo-256px.png 256w, https:\/\/supcom.standardof.net\/wp-content\/uploads\/sites\/8\/2020\/11\/Steam-Logo-256px-200x200.png 200w, https:\/\/supcom.standardof.net\/wp-content\/uploads\/sites\/8\/2020\/11\/Steam-Logo-256px-12x12.png 12w\" sizes=\"(max-width: 128px) 100vw, 128px\" \/><\/a><figcaption>Digitaler Download<\/figcaption><\/figure><\/div>\n\n\n\n<p class=\"has-text-align-center\"><img decoding=\"async\" width=\"32\" height=\"32\" class=\"wp-image-663\" style=\"width: 32px;\" src=\"https:\/\/supcom.standardof.net\/wp-content\/uploads\/sites\/8\/2020\/11\/Windows-W-128px.png\" alt=\"\" srcset=\"https:\/\/supcom.standardof.net\/wp-content\/uploads\/sites\/8\/2020\/11\/Windows-W-128px.png 128w, https:\/\/supcom.standardof.net\/wp-content\/uploads\/sites\/8\/2020\/11\/Windows-W-128px-12x12.png 12w\" sizes=\"(max-width: 32px) 100vw, 32px\" \/><\/p>\n<\/div><\/div>\n\n\n\n<div class=\"wp-block-uagb-column uagb-column__wrap uagb-column__background-undefined uagb-block-118469eb\"><div class=\"uagb-column__overlay\"><\/div><div class=\"uagb-column__inner-wrap\">\n<div class=\"wp-block-image\"><figure class=\"aligncenter size-large is-resized\"><a href=\"https:\/\/www.gog.com\/game\/supreme_commander_gold_edition\" target=\"_blank\" rel=\"noopener\"><img decoding=\"async\" src=\"https:\/\/supcom.standardof.net\/wp-content\/uploads\/sites\/8\/2020\/11\/GOG-256px.png\" alt=\"\" class=\"wp-image-659\" width=\"128\" height=\"128\" srcset=\"https:\/\/supcom.standardof.net\/wp-content\/uploads\/sites\/8\/2020\/11\/GOG-256px.png 256w, https:\/\/supcom.standardof.net\/wp-content\/uploads\/sites\/8\/2020\/11\/GOG-256px-200x200.png 200w, https:\/\/supcom.standardof.net\/wp-content\/uploads\/sites\/8\/2020\/11\/GOG-256px-12x12.png 12w\" sizes=\"(max-width: 128px) 100vw, 128px\" \/><\/a><figcaption>Digitaler Download<\/figcaption><\/figure><\/div>\n\n\n\n<p class=\"has-text-align-center\"><img decoding=\"async\" width=\"32\" height=\"32\" class=\"wp-image-663\" style=\"width: 32px;\" src=\"https:\/\/supcom.standardof.net\/wp-content\/uploads\/sites\/8\/2020\/11\/Windows-W-128px.png\" alt=\"\" srcset=\"https:\/\/supcom.standardof.net\/wp-content\/uploads\/sites\/8\/2020\/11\/Windows-W-128px.png 128w, https:\/\/supcom.standardof.net\/wp-content\/uploads\/sites\/8\/2020\/11\/Windows-W-128px-12x12.png 12w\" sizes=\"(max-width: 32px) 100vw, 32px\" \/><\/p>\n<\/div><\/div>\n\n\n\n<div class=\"wp-block-uagb-column uagb-column__wrap uagb-column__background-undefined uagb-block-e97b035a\"><div class=\"uagb-column__overlay\"><\/div><div class=\"uagb-column__inner-wrap\">\n<div class=\"wp-block-image\"><figure class=\"aligncenter size-large is-resized\"><a href=\"https:\/\/tinyurl.com\/y34lemlr\" target=\"_blank\" rel=\"noopener\"><img decoding=\"async\" src=\"https:\/\/supcom.standardof.net\/wp-content\/uploads\/sites\/8\/2020\/11\/gamestop-logo-icon-256px.png\" alt=\"\" class=\"wp-image-661\" width=\"128\" height=\"128\" srcset=\"https:\/\/supcom.standardof.net\/wp-content\/uploads\/sites\/8\/2020\/11\/gamestop-logo-icon-256px.png 256w, https:\/\/supcom.standardof.net\/wp-content\/uploads\/sites\/8\/2020\/11\/gamestop-logo-icon-256px-200x200.png 200w, https:\/\/supcom.standardof.net\/wp-content\/uploads\/sites\/8\/2020\/11\/gamestop-logo-icon-256px-12x12.png 12w\" sizes=\"(max-width: 128px) 100vw, 128px\" \/><\/a><figcaption>Physische Kopie<\/figcaption><\/figure><\/div>\n\n\n\n<p class=\"has-text-align-center\"><img decoding=\"async\" width=\"32\" height=\"32\" class=\"wp-image-662\" style=\"width: 32px;\" src=\"https:\/\/supcom.standardof.net\/wp-content\/uploads\/sites\/8\/2020\/11\/Xbox-Icon-128px.png\" alt=\"\" srcset=\"https:\/\/supcom.standardof.net\/wp-content\/uploads\/sites\/8\/2020\/11\/Xbox-Icon-128px.png 128w, https:\/\/supcom.standardof.net\/wp-content\/uploads\/sites\/8\/2020\/11\/Xbox-Icon-128px-12x12.png 12w\" sizes=\"(max-width: 32px) 100vw, 32px\" \/><\/p>\n<\/div><\/div>\n<\/div><\/section>\n\n\n\n<section class=\"wp-block-uagb-columns uagb-columns__wrap uagb-columns__background-undefined uagb-columns__stack-mobile uagb-columns__valign-undefined uagb-columns__gap-10 alignundefined uagb-block-f8b036f3\"><div class=\"uagb-columns__overlay\"><\/div><div class=\"uagb-columns__inner-wrap uagb-columns__columns-2\">\n<div class=\"wp-block-uagb-column uagb-column__wrap uagb-column__background-undefined uagb-block-5b05860c\"><div class=\"uagb-column__overlay\"><\/div><div class=\"uagb-column__inner-wrap\">\n<div class=\"wp-block-image\"><figure class=\"aligncenter size-large is-resized\"><a href=\"https:\/\/ebay.to\/3bFqqBL\" target=\"_blank\" rel=\"noopener\"><img decoding=\"async\" src=\"https:\/\/supcom.standardof.net\/wp-content\/uploads\/sites\/8\/2020\/11\/ebay-logo-256px.png\" alt=\"\" class=\"wp-image-660\" width=\"128\" height=\"128\" srcset=\"https:\/\/supcom.standardof.net\/wp-content\/uploads\/sites\/8\/2020\/11\/ebay-logo-256px.png 256w, https:\/\/supcom.standardof.net\/wp-content\/uploads\/sites\/8\/2020\/11\/ebay-logo-256px-200x200.png 200w, https:\/\/supcom.standardof.net\/wp-content\/uploads\/sites\/8\/2020\/11\/ebay-logo-256px-12x12.png 12w\" sizes=\"(max-width: 128px) 100vw, 128px\" \/><\/a><figcaption>Physische Kopie *<\/figcaption><\/figure><\/div>\n\n\n\n<p class=\"has-text-align-center\"><img decoding=\"async\" width=\"32\" height=\"32\" class=\"wp-image-663\" style=\"width: 32px;\" src=\"https:\/\/supcom.standardof.net\/wp-content\/uploads\/sites\/8\/2020\/11\/Windows-W-128px.png\" alt=\"\" srcset=\"https:\/\/supcom.standardof.net\/wp-content\/uploads\/sites\/8\/2020\/11\/Windows-W-128px.png 128w, https:\/\/supcom.standardof.net\/wp-content\/uploads\/sites\/8\/2020\/11\/Windows-W-128px-12x12.png 12w\" sizes=\"(max-width: 32px) 100vw, 32px\" \/><\/p>\n<\/div><\/div>\n\n\n\n<div class=\"wp-block-uagb-column uagb-column__wrap uagb-column__background-undefined uagb-block-cb8d4f86\"><div class=\"uagb-column__overlay\"><\/div><div class=\"uagb-column__inner-wrap\">\n<div class=\"wp-block-image\"><figure class=\"aligncenter size-large is-resized\"><a href=\"https:\/\/ebay.to\/33hqbJ6\" target=\"_blank\" rel=\"noopener\"><img decoding=\"async\" src=\"https:\/\/supcom.standardof.net\/wp-content\/uploads\/sites\/8\/2020\/11\/ebay-logo-256px.png\" alt=\"\" class=\"wp-image-660\" width=\"128\" height=\"128\" srcset=\"https:\/\/supcom.standardof.net\/wp-content\/uploads\/sites\/8\/2020\/11\/ebay-logo-256px.png 256w, https:\/\/supcom.standardof.net\/wp-content\/uploads\/sites\/8\/2020\/11\/ebay-logo-256px-200x200.png 200w, https:\/\/supcom.standardof.net\/wp-content\/uploads\/sites\/8\/2020\/11\/ebay-logo-256px-12x12.png 12w\" sizes=\"(max-width: 128px) 100vw, 128px\" \/><\/a><figcaption>Physische Kopie *<\/figcaption><\/figure><\/div>\n\n\n\n<p class=\"has-text-align-center\"><img decoding=\"async\" width=\"32\" height=\"32\" class=\"wp-image-662\" style=\"width: 32px;\" src=\"https:\/\/supcom.standardof.net\/wp-content\/uploads\/sites\/8\/2020\/11\/Xbox-Icon-128px.png\" alt=\"\" srcset=\"https:\/\/supcom.standardof.net\/wp-content\/uploads\/sites\/8\/2020\/11\/Xbox-Icon-128px.png 128w, https:\/\/supcom.standardof.net\/wp-content\/uploads\/sites\/8\/2020\/11\/Xbox-Icon-128px-12x12.png 12w\" sizes=\"(max-width: 32px) 100vw, 32px\" \/><\/p>\n<\/div><\/div>\n<\/div><\/section>\n\n\n\n<section class=\"wp-block-uagb-columns uagb-columns__wrap uagb-columns__background-undefined uagb-columns__stack-mobile uagb-columns__valign-undefined uagb-columns__gap-10 alignundefined uagb-block-e493f6fe\"><div class=\"uagb-columns__overlay\"><\/div><div class=\"uagb-columns__inner-wrap uagb-columns__columns-2\">\n<div class=\"wp-block-uagb-column uagb-column__wrap uagb-column__background-undefined uagb-block-5789f3ed\"><div class=\"uagb-column__overlay\"><\/div><div class=\"uagb-column__inner-wrap\">\n<div class=\"wp-block-image\"><figure class=\"aligncenter size-large is-resized\"><a href=\"https:\/\/amzn.to\/2FfEsxQ\" target=\"_blank\" rel=\"noopener\"><img decoding=\"async\" src=\"https:\/\/supcom.standardof.net\/wp-content\/uploads\/sites\/8\/2020\/11\/amazon-square-icon-256px.png\" alt=\"\" class=\"wp-image-658\" width=\"128\" height=\"128\" srcset=\"https:\/\/supcom.standardof.net\/wp-content\/uploads\/sites\/8\/2020\/11\/amazon-square-icon-256px.png 256w, https:\/\/supcom.standardof.net\/wp-content\/uploads\/sites\/8\/2020\/11\/amazon-square-icon-256px-200x200.png 200w, https:\/\/supcom.standardof.net\/wp-content\/uploads\/sites\/8\/2020\/11\/amazon-square-icon-256px-12x12.png 12w\" sizes=\"(max-width: 128px) 100vw, 128px\" \/><\/a><figcaption>Physische Kopie *<\/figcaption><\/figure><\/div>\n\n\n\n<p class=\"has-text-align-center\"><img decoding=\"async\" width=\"32\" height=\"32\" class=\"wp-image-663\" style=\"width: 32px;\" src=\"https:\/\/supcom.standardof.net\/wp-content\/uploads\/sites\/8\/2020\/11\/Windows-W-128px.png\" alt=\"\" srcset=\"https:\/\/supcom.standardof.net\/wp-content\/uploads\/sites\/8\/2020\/11\/Windows-W-128px.png 128w, https:\/\/supcom.standardof.net\/wp-content\/uploads\/sites\/8\/2020\/11\/Windows-W-128px-12x12.png 12w\" sizes=\"(max-width: 32px) 100vw, 32px\" \/><img decoding=\"async\" width=\"32\" height=\"32\" class=\"wp-image-662\" style=\"width: 32px;\" src=\"https:\/\/supcom.standardof.net\/wp-content\/uploads\/sites\/8\/2020\/11\/Xbox-Icon-128px.png\" alt=\"\" srcset=\"https:\/\/supcom.standardof.net\/wp-content\/uploads\/sites\/8\/2020\/11\/Xbox-Icon-128px.png 128w, https:\/\/supcom.standardof.net\/wp-content\/uploads\/sites\/8\/2020\/11\/Xbox-Icon-128px-12x12.png 12w\" sizes=\"(max-width: 32px) 100vw, 32px\" \/><\/p>\n<\/div><\/div>\n\n\n\n<div class=\"wp-block-uagb-column uagb-column__wrap uagb-column__background-undefined uagb-block-89ab9889\"><div class=\"uagb-column__overlay\"><\/div><div class=\"uagb-column__inner-wrap\">\n<div class=\"wp-block-image\"><figure class=\"aligncenter size-large is-resized\"><a href=\"https:\/\/amzn.to\/2ZlzwhR\" target=\"_blank\" rel=\"noopener\"><img decoding=\"async\" src=\"https:\/\/supcom.standardof.net\/wp-content\/uploads\/sites\/8\/2020\/11\/amazon-square-icon-256px.png\" alt=\"\" class=\"wp-image-658\" width=\"128\" height=\"128\" srcset=\"https:\/\/supcom.standardof.net\/wp-content\/uploads\/sites\/8\/2020\/11\/amazon-square-icon-256px.png 256w, https:\/\/supcom.standardof.net\/wp-content\/uploads\/sites\/8\/2020\/11\/amazon-square-icon-256px-200x200.png 200w, https:\/\/supcom.standardof.net\/wp-content\/uploads\/sites\/8\/2020\/11\/amazon-square-icon-256px-12x12.png 12w\" sizes=\"(max-width: 128px) 100vw, 128px\" \/><\/a><figcaption>Digitaler Download*<\/figcaption><\/figure><\/div>\n\n\n\n<p class=\"has-text-align-center\"><img decoding=\"async\" width=\"32\" height=\"32\" class=\"wp-image-663\" style=\"width: 32px;\" src=\"https:\/\/supcom.standardof.net\/wp-content\/uploads\/sites\/8\/2020\/11\/Windows-W-128px.png\" alt=\"\" srcset=\"https:\/\/supcom.standardof.net\/wp-content\/uploads\/sites\/8\/2020\/11\/Windows-W-128px.png 128w, https:\/\/supcom.standardof.net\/wp-content\/uploads\/sites\/8\/2020\/11\/Windows-W-128px-12x12.png 12w\" sizes=\"(max-width: 32px) 100vw, 32px\" \/><\/p>\n<\/div><\/div>\n<\/div><\/section>\n<\/div><\/div>\n<\/div><\/section>","protected":false},"excerpt":{"rendered":"<p>Where to Buy Supreme Commander Windows users can purchase this game from the digital download services listed. Xbox 360 copies are in short supply and can only be bought as physical copies. There is no ability to buy directly from the developer. Asterisks mark affiliate links and help support this site.<\/p>","protected":false},"author":1,"featured_media":0,"parent":0,"menu_order":0,"comment_status":"closed","ping_status":"closed","template":"","meta":{"_uag_custom_page_level_css":"","site-sidebar-layout":"default","site-content-layout":"default","ast-site-content-layout":"","site-content-style":"default","site-sidebar-style":"default","ast-global-header-display":"","ast-banner-title-visibility":"","ast-main-header-display":"","ast-hfb-above-header-display":"","ast-hfb-below-header-display":"","ast-hfb-mobile-header-display":"","site-post-title":"","ast-breadcrumbs-content":"","ast-featured-img":"","footer-sml-layout":"","theme-transparent-header-meta":"default","adv-header-id-meta":"","stick-header-meta":"","header-above-stick-meta":"","header-main-stick-meta":"","header-below-stick-meta":"","astra-migrate-meta-layouts":"default","ast-page-background-enabled":"default","ast-page-background-meta":{"desktop":{"background-color":"","background-image":"","background-repeat":"repeat","background-position":"center center","background-size":"auto","background-attachment":"scroll","background-type":"","background-media":"","overlay-type":"","overlay-color":"","overlay-gradient":""},"tablet":{"background-color":"","background-image":"","background-repeat":"repeat","background-position":"center center","background-size":"auto","background-attachment":"scroll","background-type":"","background-media":"","overlay-type":"","overlay-color":"","overlay-gradient":""},"mobile":{"background-color":"","background-image":"","background-repeat":"repeat","background-position":"center center","background-size":"auto","background-attachment":"scroll","background-type":"","background-media":"","overlay-type":"","overlay-color":"","overlay-gradient":""}},"ast-content-background-meta":{"desktop":{"background-color":"var(--ast-global-color-5)","background-image":"","background-repeat":"repeat","background-position":"center center","background-size":"auto","background-attachment":"scroll","background-type":"","background-media":"","overlay-type":"","overlay-color":"","overlay-gradient":""},"tablet":{"background-color":"var(--ast-global-color-5)","background-image":"","background-repeat":"repeat","background-position":"center center","background-size":"auto","background-attachment":"scroll","background-type":"","background-media":"","overlay-type":"","overlay-color":"","overlay-gradient":""},"mobile":{"background-color":"var(--ast-global-color-5)","background-image":"","background-repeat":"repeat","background-position":"center center","background-size":"auto","background-attachment":"scroll","background-type":"","background-media":"","overlay-type":"","overlay-color":"","overlay-gradient":""}},"footnotes":""},"uagb_featured_image_src":{"full":false,"thumbnail":false,"medium":false,"medium_large":false,"large":false,"1536x1536":false,"2048x2048":false,"trp-custom-language-flag":false},"uagb_author_info":{"display_name":"SOE","author_link":"https:\/\/supcom.standardof.net\/de\/author\/k-tastic\/"},"uagb_comment_info":0,"uagb_excerpt":"Where to Buy Supreme Commander Windows users can purchase this game from the digital download services listed. Xbox 360 copies are in short supply and can only be bought as physical copies. There is no ability to buy directly from the developer. Asterisks mark affiliate links and help support this site.","_links":{"self":[{"href":"https:\/\/supcom.standardof.net\/de\/wp-json\/wp\/v2\/pages\/652"}],"collection":[{"href":"https:\/\/supcom.standardof.net\/de\/wp-json\/wp\/v2\/pages"}],"about":[{"href":"https:\/\/supcom.standardof.net\/de\/wp-json\/wp\/v2\/types\/page"}],"author":[{"embeddable":true,"href":"https:\/\/supcom.standardof.net\/de\/wp-json\/wp\/v2\/users\/1"}],"replies":[{"embeddable":true,"href":"https:\/\/supcom.standardof.net\/de\/wp-json\/wp\/v2\/comments?post=652"}],"version-history":[{"count":0,"href":"https:\/\/supcom.standardof.net\/de\/wp-json\/wp\/v2\/pages\/652\/revisions"}],"wp:attachment":[{"href":"https:\/\/supcom.standardof.net\/de\/wp-json\/wp\/v2\/media?parent=652"}],"curies":[{"name":"wp","href":"https:\/\/api.w.org\/{rel}","templated":true}]}}