{"id":692,"date":"2020-11-03T01:28:14","date_gmt":"2020-11-03T06:28:14","guid":{"rendered":"https:\/\/supcom.standardof.net\/?page_id=692"},"modified":"2020-11-03T01:28:14","modified_gmt":"2020-11-03T06:28:14","slug":"starting-build-orders","status":"publish","type":"page","link":"https:\/\/supcom.standardof.net\/de\/supreme-commander\/start-build-auftrage\/","title":{"rendered":"Baubestellungen starten"},"content":{"rendered":"<p>Baue zu Beginn des Spiels 2-3 Massenextraktoren und Stromerzeuger und dann eine Land- oder Luftfabrik. Die Landfabrik sollte einige T1-Ingenieure sowie das \u00fcbliche Sortiment an Bodeneinheiten bauen. Um Ihre fr\u00fche Wirtschaftlichkeit zu optimieren, lassen Sie den Commander die Massenextraktoren in Ihrer unmittelbaren Umgebung fertigstellen und bauen Sie dann weitere Fabriken mit ein paar Stromgeneratoren nebeneinander, damit Ihnen nicht die Energie ausgeht. Mindestens ein Ingenieur sollte B\u00e4ume oder Felsen in der N\u00e4he Ihrer Basis patrouillieren, um einen fr\u00fchen wirtschaftlichen Aufschwung zu erzielen, w\u00e4hrend ein anderer mehr Massenextraktoren baut und ein dritter ein Kohlenwasserstoffkraftwerk baut, wenn Sie einen in Ihrer N\u00e4he haben, oder Stromgeneratoren, wenn Sie dies nicht tun. Zu diesem fr\u00fchen Zeitpunkt ist es oft vorzuziehen, Landsp\u00e4her anstelle eines T1-Radarturms zu bauen.\n<\/p>\n\n\n\n<p>Normalerweise m\u00f6chten Sie fr\u00fchzeitig sowohl Land- als auch Luftfabriken, wobei die Luftfabrik J\u00e4ger und gelegentliche Bomber auspumpt. Marinefabriken sind eine gr\u00f6\u00dfere Investition, aber eine fr\u00fche Pr\u00e4senz auf See kann Gegner dazu zwingen, wertvolle Ressourcen f\u00fcr Verteidigungsanlagen oder U-Boote zu verschwenden. Es ist auch m\u00f6glich, einen Gegner aus der Luft zu werfen, indem Sie Ihre K\u00e4mpfer direkt vor seiner Basis patrouillieren, damit alle K\u00e4mpfer, die er baut, abgeschossen werden. Techen Sie erst, wenn Sie mehrere Fabriken haben, da Sie nicht von der Produktion von Einheiten abgeschnitten werden m\u00f6chten. Vergessen Sie nicht, Ihre Massenextraktoren zu aktualisieren. Es ist billiger und sicherer als der Bau von Fabricator-Farmen.<\/p>","protected":false},"excerpt":{"rendered":"<p>At the start of the game, build 2-3 Mass Extractors and Power Generators, then a Land or Air Factory. The Land Factory should build a few T1 engineers as well as the usual assortment of ground units. To keep your early economy optimized, have the Commander finish building the Mass Extractors in your immediate area, [&hellip;]<\/p>","protected":false},"author":1,"featured_media":0,"parent":14,"menu_order":0,"comment_status":"open","ping_status":"closed","template":"","meta":{"_uag_custom_page_level_css":"","site-sidebar-layout":"default","site-content-layout":"default","ast-site-content-layout":"","site-content-style":"default","site-sidebar-style":"default","ast-global-header-display":"","ast-banner-title-visibility":"","ast-main-header-display":"","ast-hfb-above-header-display":"","ast-hfb-below-header-display":"","ast-hfb-mobile-header-display":"","site-post-title":"","ast-breadcrumbs-content":"","ast-featured-img":"","footer-sml-layout":"","theme-transparent-header-meta":"default","adv-header-id-meta":"","stick-header-meta":"","header-above-stick-meta":"","header-main-stick-meta":"","header-below-stick-meta":"","astra-migrate-meta-layouts":"default","ast-page-background-enabled":"default","ast-page-background-meta":{"desktop":{"background-color":"","background-image":"","background-repeat":"repeat","background-position":"center center","background-size":"auto","background-attachment":"scroll","background-type":"","background-media":"","overlay-type":"","overlay-color":"","overlay-gradient":""},"tablet":{"background-color":"","background-image":"","background-repeat":"repeat","background-position":"center center","background-size":"auto","background-attachment":"scroll","background-type":"","background-media":"","overlay-type":"","overlay-color":"","overlay-gradient":""},"mobile":{"background-color":"","background-image":"","background-repeat":"repeat","background-position":"center center","background-size":"auto","background-attachment":"scroll","background-type":"","background-media":"","overlay-type":"","overlay-color":"","overlay-gradient":""}},"ast-content-background-meta":{"desktop":{"background-color":"var(--ast-global-color-5)","background-image":"","background-repeat":"repeat","background-position":"center center","background-size":"auto","background-attachment":"scroll","background-type":"","background-media":"","overlay-type":"","overlay-color":"","overlay-gradient":""},"tablet":{"background-color":"var(--ast-global-color-5)","background-image":"","background-repeat":"repeat","background-position":"center center","background-size":"auto","background-attachment":"scroll","background-type":"","background-media":"","overlay-type":"","overlay-color":"","overlay-gradient":""},"mobile":{"background-color":"var(--ast-global-color-5)","background-image":"","background-repeat":"repeat","background-position":"center center","background-size":"auto","background-attachment":"scroll","background-type":"","background-media":"","overlay-type":"","overlay-color":"","overlay-gradient":""}},"footnotes":""},"uagb_featured_image_src":{"full":false,"thumbnail":false,"medium":false,"medium_large":false,"large":false,"1536x1536":false,"2048x2048":false,"trp-custom-language-flag":false},"uagb_author_info":{"display_name":"SOE","author_link":"https:\/\/supcom.standardof.net\/de\/author\/k-tastic\/"},"uagb_comment_info":0,"uagb_excerpt":"At the start of the game, build 2-3 Mass Extractors and Power Generators, then a Land or Air Factory. The Land Factory should build a few T1 engineers as well as the usual assortment of ground units. To keep your early economy optimized, have the Commander finish building the Mass Extractors in your immediate area,&hellip;","_links":{"self":[{"href":"https:\/\/supcom.standardof.net\/de\/wp-json\/wp\/v2\/pages\/692"}],"collection":[{"href":"https:\/\/supcom.standardof.net\/de\/wp-json\/wp\/v2\/pages"}],"about":[{"href":"https:\/\/supcom.standardof.net\/de\/wp-json\/wp\/v2\/types\/page"}],"author":[{"embeddable":true,"href":"https:\/\/supcom.standardof.net\/de\/wp-json\/wp\/v2\/users\/1"}],"replies":[{"embeddable":true,"href":"https:\/\/supcom.standardof.net\/de\/wp-json\/wp\/v2\/comments?post=692"}],"version-history":[{"count":0,"href":"https:\/\/supcom.standardof.net\/de\/wp-json\/wp\/v2\/pages\/692\/revisions"}],"up":[{"embeddable":true,"href":"https:\/\/supcom.standardof.net\/de\/wp-json\/wp\/v2\/pages\/14"}],"wp:attachment":[{"href":"https:\/\/supcom.standardof.net\/de\/wp-json\/wp\/v2\/media?parent=692"}],"curies":[{"name":"wp","href":"https:\/\/api.w.org\/{rel}","templated":true}]}}