{"id":695,"date":"2020-11-03T01:31:29","date_gmt":"2020-11-03T06:31:29","guid":{"rendered":"https:\/\/supcom.standardof.net\/?page_id=695"},"modified":"2020-11-03T01:31:30","modified_gmt":"2020-11-03T06:31:30","slug":"adjacency-bonuses","status":"publish","type":"page","link":"https:\/\/supcom.standardof.net\/de\/supreme-commander\/adjazenzboni\/","title":{"rendered":"ADJACENCY BONUSES"},"content":{"rendered":"<section class=\"wp-block-uagb-columns uagb-columns__wrap uagb-columns__background-undefined uagb-columns__stack-mobile uagb-columns__valign-undefined uagb-columns__gap-10 alignundefined uagb-block-2f067ba6\"><div class=\"uagb-columns__overlay\"><\/div><div class=\"uagb-columns__inner-wrap uagb-columns__columns-1\">\n<div class=\"wp-block-uagb-column uagb-column__wrap uagb-column__background-undefined uagb-block-e2495f3c\"><div class=\"uagb-column__overlay\"><\/div><div class=\"uagb-column__inner-wrap\">\n<h2 class=\"wp-block-heading\">WIE SIE ARBEITEN<\/h2>\n\n\n\n<p>Die in Ihrer Benutzeroberfl\u00e4che angezeigten Massen- und Energiewerte sind wirklich Dezimalzahlen, werden jedoch mit den Werten angezeigt, die auf die n\u00e4chste ganze Zahl begrenzt sind. Beispielsweise wird ein Abfangj\u00e4ger, der 0,975 Masse pro Sekunde kostet, als 0 Masse pro Sekunde kostend angezeigt.<\/p>\n\n\n\n<p>Wenn wirtschaftliche Produktionsstrukturen neben Strukturen aufgebaut werden, die ihre Ressourcen nutzen, bieten sie einen \u201eAdjazenzbonus\u201c: Diese Struktur verbraucht weniger dieser Ressourcen. Zum Beispiel wird das Fabrikgeb\u00e4ude, in dem dieser Abfangj\u00e4ger gebaut wird, weniger Masse pro Sekunde verbrauchen, wenn er neben Massenextraktoren oder Massenherstellern gebaut wird, und er wird weniger Energie pro Sekunde verbrauchen, wenn er neben Stromerzeugern gebaut wird.<\/p>\n\n\n\n<p>In \u00e4hnlicher Weise bieten Massen- und Energiespeichergeb\u00e4ude Nachbarschaftsboni f\u00fcr wirtschaftliche Produktionsstrukturen. Zum Beispiel erh\u00f6hen Massenspeichergeb\u00e4ude, die neben einem Massenextraktor platziert sind, tats\u00e4chlich die Leistung des Extraktors.<\/p>\n\n\n\n<p>Der Adjazenzbonus ist prozentual und richtet sich nach dem Prozentsatz des Geb\u00e4udes, das von Geb\u00e4uden mit Bonusgew\u00e4hrung umgeben ist. Beispielsweise gew\u00e4hrt ein T1-Stromgenerator einer Fabrik einen bestimmten Adjazenzbonus, wenn alle Seiten der Fabrik mit T1-Stromgeneratoren abgedeckt sind, und 50% dieses Adjazenzbonus, wenn zwei Seiten der Fabrik mit T1-Stromgeneratoren abgedeckt sind.<\/p>\n\n\n\n<p>Sie k\u00f6nnen feststellen, dass ein Adjazenzbonus funktioniert, wenn zwischen den beiden Geb\u00e4uden eine kleine rote Linie angezeigt wird. Dazu muss sich mindestens die H\u00e4lfte der Geb\u00e4udeseiten ber\u00fchren. (Sie k\u00f6nnen einen T3-Stromgenerator nicht so platzieren, dass er ein Quadrat eines Massenextraktors ber\u00fchrt, und erwarten, dass er einen Bonus auf den Energieverbrauch des Massenextraktors gew\u00e4hrt.)<\/p>\n\n\n\n<p>Adjazenzboni sind auch dann noch g\u00fcltig, wenn die Geb\u00e4ude, die den Bonus gew\u00e4hren, ausgeschaltet sind. (Dies bedeutet, dass Sie Ihre Verarbeiter ausschalten k\u00f6nnen und benachbarte Geb\u00e4ude dadurch effektiver werden.)<\/p>\n\n\n\n<p>Obwohl dies kein \u201eAdjazenzbonus\u201c ist, werden durch den Wiederaufbau einer Struktur auf eigenen Tr\u00fcmmern die Kosten der Struktur um 50% gesenkt.<\/p>\n<\/div><\/div>\n<\/div><\/section>\n\n\n\n<section class=\"wp-block-uagb-columns uagb-columns__wrap uagb-columns__background-undefined uagb-columns__stack-mobile uagb-columns__valign-undefined uagb-columns__gap-10 alignundefined uagb-block-41e62296\"><div class=\"uagb-columns__overlay\"><\/div><div class=\"uagb-columns__inner-wrap uagb-columns__columns-1\">\n<div class=\"wp-block-uagb-column uagb-column__wrap uagb-column__background-undefined uagb-block-450ad7d1\"><div class=\"uagb-column__overlay\"><\/div><div class=\"uagb-column__inner-wrap\">\n<h3 class=\"wp-block-heading\">DIE ZAHLEN<\/h3>\n\n\n\n<p>Denken Sie daran, dass alle Massenproduzenten auch Stromverbraucher sind.<br>Vollst\u00e4ndigere Daten f\u00fcr nicht maximale Boni finden Sie in den Abschnitten der einzelnen Einheiten.<br>Alle Seiten haben identische Adjazenzboni.<\/p>\n\n\n\n<p>Tech 1 Stromerzeuger<br>Maximaler Bonus: 25% weniger Energieverbrauch<br>Funktioniert mit: jedem Stromverbraucher<\/p>\n\n\n\n<p>Kohlenwasserstoffkraftwerk<br>Maximaler Bonus: 50% weniger Energieverbrauch<br>Gibt Bonus f\u00fcr: jeden Stromverbraucher<\/p>\n\n\n\n<p>Tech 2 Stromerzeuger<br>Maximaler Bonus: 50% weniger Energieverbrauch<br>Gibt Bonus f\u00fcr: jeden Stromverbraucher<\/p>\n\n\n\n<p>Tech 3 Stromerzeuger<br>Maximaler Bonus: 75% weniger Energieverbrauch<br>Gibt Bonus f\u00fcr: jeden Stromverbraucher<\/p>\n\n\n\n<p>Tech 1 Massenspeicher<br>Maximaler Bonus: 50% mehr Produktion<br>Gibt Bonus f\u00fcr: jeden Massenproduzenten<\/p>\n\n\n\n<p>Tech 1 Energiespeicher<br>Maximaler Bonus: 50% mehr Produktion<br>Gibt Bonus f\u00fcr: jeden Energieerzeuger<\/p>\n\n\n\n<p>Tech 1 Massenhersteller<br>Maximaler Bonus: 10% weniger ausgegebene Masse<br>Gibt Bonus f\u00fcr: jeden Massenkonsumenten<\/p>\n\n\n\n<p>Tech 1 Massenextraktor<br>Bonus: 2.5% f\u00fcr einen Extraktor<br>Gibt Bonus f\u00fcr: jeden Massenkonsumenten<\/p>\n\n\n\n<p>Tech 2 Massenextraktor<br>Bonus: 3.75% f\u00fcr einen Extraktor<br>Gibt Bonus f\u00fcr: jeden Massenkonsumenten<\/p>\n\n\n\n<p>Tech 3 Massenextraktor<br>Bonus: 5% f\u00fcr einen Extraktor<br>Gibt Bonus f\u00fcr: jeden Massenkonsumenten<\/p>\n\n\n\n<p>Tech 3 Massenhersteller<br>Bonus: 1.25% f\u00fcr einen Hersteller<br>Gibt Bonus f\u00fcr: jeden Massenkonsumenten<\/p>\n<\/div><\/div>\n<\/div><\/section>","protected":false},"excerpt":{"rendered":"<p>HOW THEY WORK The Mass and Energy values displayed in your interface are really decimal numbers, but they are displayed with the values floored to the nearest whole number. For instance, an interceptor that costs 0.975 mass per second will be displayed as costing 0 mass per second. When economic production structures are built next [&hellip;]<\/p>","protected":false},"author":1,"featured_media":0,"parent":14,"menu_order":0,"comment_status":"open","ping_status":"closed","template":"","meta":{"_uag_custom_page_level_css":"","site-sidebar-layout":"default","site-content-layout":"default","ast-site-content-layout":"","site-content-style":"default","site-sidebar-style":"default","ast-global-header-display":"","ast-banner-title-visibility":"","ast-main-header-display":"","ast-hfb-above-header-display":"","ast-hfb-below-header-display":"","ast-hfb-mobile-header-display":"","site-post-title":"","ast-breadcrumbs-content":"","ast-featured-img":"","footer-sml-layout":"","theme-transparent-header-meta":"default","adv-header-id-meta":"","stick-header-meta":"","header-above-stick-meta":"","header-main-stick-meta":"","header-below-stick-meta":"","astra-migrate-meta-layouts":"default","ast-page-background-enabled":"default","ast-page-background-meta":{"desktop":{"background-color":"","background-image":"","background-repeat":"repeat","background-position":"center center","background-size":"auto","background-attachment":"scroll","background-type":"","background-media":"","overlay-type":"","overlay-color":"","overlay-gradient":""},"tablet":{"background-color":"","background-image":"","background-repeat":"repeat","background-position":"center center","background-size":"auto","background-attachment":"scroll","background-type":"","background-media":"","overlay-type":"","overlay-color":"","overlay-gradient":""},"mobile":{"background-color":"","background-image":"","background-repeat":"repeat","background-position":"center center","background-size":"auto","background-attachment":"scroll","background-type":"","background-media":"","overlay-type":"","overlay-color":"","overlay-gradient":""}},"ast-content-background-meta":{"desktop":{"background-color":"var(--ast-global-color-5)","background-image":"","background-repeat":"repeat","background-position":"center center","background-size":"auto","background-attachment":"scroll","background-type":"","background-media":"","overlay-type":"","overlay-color":"","overlay-gradient":""},"tablet":{"background-color":"var(--ast-global-color-5)","background-image":"","background-repeat":"repeat","background-position":"center center","background-size":"auto","background-attachment":"scroll","background-type":"","background-media":"","overlay-type":"","overlay-color":"","overlay-gradient":""},"mobile":{"background-color":"var(--ast-global-color-5)","background-image":"","background-repeat":"repeat","background-position":"center center","background-size":"auto","background-attachment":"scroll","background-type":"","background-media":"","overlay-type":"","overlay-color":"","overlay-gradient":""}},"footnotes":""},"uagb_featured_image_src":{"full":false,"thumbnail":false,"medium":false,"medium_large":false,"large":false,"1536x1536":false,"2048x2048":false,"trp-custom-language-flag":false},"uagb_author_info":{"display_name":"SOE","author_link":"https:\/\/supcom.standardof.net\/de\/author\/k-tastic\/"},"uagb_comment_info":1,"uagb_excerpt":"HOW THEY WORK The Mass and Energy values displayed in your interface are really decimal numbers, but they are displayed with the values floored to the nearest whole number. For instance, an interceptor that costs 0.975 mass per second will be displayed as costing 0 mass per second. When economic production structures are built next&hellip;","_links":{"self":[{"href":"https:\/\/supcom.standardof.net\/de\/wp-json\/wp\/v2\/pages\/695"}],"collection":[{"href":"https:\/\/supcom.standardof.net\/de\/wp-json\/wp\/v2\/pages"}],"about":[{"href":"https:\/\/supcom.standardof.net\/de\/wp-json\/wp\/v2\/types\/page"}],"author":[{"embeddable":true,"href":"https:\/\/supcom.standardof.net\/de\/wp-json\/wp\/v2\/users\/1"}],"replies":[{"embeddable":true,"href":"https:\/\/supcom.standardof.net\/de\/wp-json\/wp\/v2\/comments?post=695"}],"version-history":[{"count":0,"href":"https:\/\/supcom.standardof.net\/de\/wp-json\/wp\/v2\/pages\/695\/revisions"}],"up":[{"embeddable":true,"href":"https:\/\/supcom.standardof.net\/de\/wp-json\/wp\/v2\/pages\/14"}],"wp:attachment":[{"href":"https:\/\/supcom.standardof.net\/de\/wp-json\/wp\/v2\/media?parent=695"}],"curies":[{"name":"wp","href":"https:\/\/api.w.org\/{rel}","templated":true}]}}