{"id":696,"date":"2020-11-03T01:35:23","date_gmt":"2020-11-03T06:35:23","guid":{"rendered":"https:\/\/supcom.standardof.net\/?page_id=696"},"modified":"2020-11-03T01:35:24","modified_gmt":"2020-11-03T06:35:24","slug":"build-mode","status":"publish","type":"page","link":"https:\/\/supcom.standardof.net\/de\/supreme-commander\/build-modus\/","title":{"rendered":"BAUMODUS"},"content":{"rendered":"<p>Um in den Erstellungsmodus zu wechseln, dr\u00fccken Sie B. Ihre Tastaturk\u00fcrzel werden transformiert.<br>Um den Build-Modus zu beenden, dr\u00fccken Sie Esc.<\/p>\n\n\n\n<p>Geb\u00e4ude werden in der Reihenfolge aufgelistet, in der sie von links nach rechts angezeigt werden.<br>Hotkeys f\u00fcr den Erstellungsmodus werden neben jedem Geb\u00e4ude aufgelistet.<\/p>\n\n\n\n<section class=\"wp-block-uagb-columns uagb-columns__wrap uagb-columns__background-undefined uagb-columns__stack-mobile uagb-columns__valign-undefined uagb-columns__gap-10 alignundefined uagb-block-5b72ebaa\"><div class=\"uagb-columns__overlay\"><\/div><div class=\"uagb-columns__inner-wrap uagb-columns__columns-1\">\n<div class=\"wp-block-uagb-column uagb-column__wrap uagb-column__background-undefined uagb-block-ce1c4df4\"><div class=\"uagb-column__overlay\"><\/div><div class=\"uagb-column__inner-wrap\">\n<h2 class=\"wp-block-heading\">UNIVERSAL HOTKEYS<\/h2>\n\n\n\n<p>U: Upgrade auf die n\u00e4chste Ebene dieser Struktur<br>1: Wechseln Sie zu Tech Level 1<br>2: Wechseln Sie zu Tech Level 2<br>3: Wechseln Sie zu Tech Level 3<br>4: Wechseln Sie zu experimentellen Einheiten<\/p>\n<\/div><\/div>\n<\/div><\/section>\n\n\n\n<section class=\"wp-block-uagb-columns uagb-columns__wrap uagb-columns__background-undefined uagb-columns__stack-mobile uagb-columns__valign-undefined uagb-columns__gap-10 alignundefined uagb-block-ca3f196a\"><div class=\"uagb-columns__overlay\"><\/div><div class=\"uagb-columns__inner-wrap uagb-columns__columns-1\">\n<div class=\"wp-block-uagb-column uagb-column__wrap uagb-column__background-undefined uagb-block-51fd7f77\"><div class=\"uagb-column__overlay\"><\/div><div class=\"uagb-column__inner-wrap\">\n<h2 class=\"wp-block-heading\">KOMMANDANT<\/h2>\n\n\n\n<p>L: Landfabrik<br>A: Luftfabrik<br>S: Marinefabrik<br>E: Massenextraktor<br>F: Massenhersteller<br>P: Stromerzeuger<br>W: Wandabschnitt<br>D: Punktverteidigung<br>N: Luftabwehr-Turm<br>T: Torpedostarter<\/p>\n<\/div><\/div>\n<\/div><\/section>\n\n\n\n<section class=\"wp-block-uagb-columns uagb-columns__wrap uagb-columns__background-undefined uagb-columns__stack-mobile uagb-columns__valign-undefined uagb-columns__gap-10 alignundefined uagb-block-94f16297\"><div class=\"uagb-columns__overlay\"><\/div><div class=\"uagb-columns__inner-wrap uagb-columns__columns-1\">\n<div class=\"wp-block-uagb-column uagb-column__wrap uagb-column__background-undefined uagb-block-31696319\"><div class=\"uagb-column__overlay\"><\/div><div class=\"uagb-column__inner-wrap\">\n<h2 class=\"wp-block-heading\">TECH 1 ENGINEER<\/h2>\n\n\n\n<p>L: Landfabrik<br>A: Luftfabrik<br>S: Marinefabrik<br>E: Massenextraktor<br>F: Massenhersteller<br>X: Massenspeicher<br>P: Stromerzeuger<br>H: Kohlenwasserstoffkraftwerk<br>Y: Energiespeicherung<br>W: Wandabschnitt<br>D: Punktverteidigung<br>N: Luftabwehr-Turm<br>T: Torpedostarter<br>I: Radarsystem<br>O: Sonarsystem<\/p>\n<\/div><\/div>\n<\/div><\/section>\n\n\n\n<section class=\"wp-block-uagb-columns uagb-columns__wrap uagb-columns__background-undefined uagb-columns__stack-mobile uagb-columns__valign-undefined uagb-columns__gap-10 alignundefined uagb-block-4bfa9d10\"><div class=\"uagb-columns__overlay\"><\/div><div class=\"uagb-columns__inner-wrap uagb-columns__columns-1\">\n<div class=\"wp-block-uagb-column uagb-column__wrap uagb-column__background-undefined uagb-block-ffd66e38\"><div class=\"uagb-column__overlay\"><\/div><div class=\"uagb-column__inner-wrap\">\n<h2 class=\"wp-block-heading\">TECH 2 ENGINEER<\/h2>\n\n\n\n<p>E: Massenextraktor<br>P: Stromerzeuger<br>D: Punktverteidigung<br>N: Luftabwehr-Flak-Artillerie<br>T: Schwerer Torpedostarter<br>R: Artillerie-Installation<br>M: Taktischer Raketenwerfer<br>K: Taktische Raketenabwehr<br>V: Schildgenerator<br>C: Stealth-Feldgenerator<br>I: Radarsystem<br>O: Sonarsystem<br>G: Air Staging Facility<\/p>\n<\/div><\/div>\n<\/div><\/section>\n\n\n\n<section class=\"wp-block-uagb-columns uagb-columns__wrap uagb-columns__background-undefined uagb-columns__stack-mobile uagb-columns__valign-undefined uagb-columns__gap-10 alignundefined uagb-block-32cd299a\"><div class=\"uagb-columns__overlay\"><\/div><div class=\"uagb-columns__inner-wrap uagb-columns__columns-1\">\n<div class=\"wp-block-uagb-column uagb-column__wrap uagb-column__background-undefined uagb-block-6d22a225\"><div class=\"uagb-column__overlay\"><\/div><div class=\"uagb-column__inner-wrap\">\n<h2 class=\"wp-block-heading\">TECH 3 ENGINEER<\/h2>\n\n\n\n<p>Tech 3 Build-Men\u00fc<br>E: Massenextraktor<br>F: Massenhersteller<br>P: Stromerzeuger<br>N: Anti-Air SAM Launcher<br>R: Schwere Artillerie-Installation<br>M: Strategischer Raketenwerfer<br>K: Strategische Raketenabwehr<br>O: Sonarplattform<br>I: Omni Sensor Array<br>F: Quantum Gateway<\/p>\n\n\n\n<h3 class=\"wp-block-heading\">UEF Experimental Build Menu<\/h3>\n\n\n\n<p>F: Fatboy<br>A: Atlantis<br>M: Geschmack<\/p>\n\n\n\n<h3 class=\"wp-block-heading\">Cybran Experimental Build Menu<\/h3>\n\n\n\n<p>S: Monkeylord (S f\u00fcr Spiderbot)<br>R: Soul Ripper (R f\u00fcr Artillerie)<br>C: Scathis<\/p>\n\n\n\n<h3 class=\"wp-block-heading\">Aeon Experimentelles Build-Men\u00fc<\/h3>\n\n\n\n<p>Z: Zar<br>T: Sturm<br>C: Galaktischer Koloss<\/p>\n<\/div><\/div>\n<\/div><\/section>\n\n\n\n<section class=\"wp-block-uagb-columns uagb-columns__wrap uagb-columns__background-undefined uagb-columns__stack-mobile uagb-columns__valign-undefined uagb-columns__gap-10 alignundefined uagb-block-20e35840\"><div class=\"uagb-columns__overlay\"><\/div><div class=\"uagb-columns__inner-wrap uagb-columns__columns-1\">\n<div class=\"wp-block-uagb-column uagb-column__wrap uagb-column__background-undefined uagb-block-70261521\"><div class=\"uagb-column__overlay\"><\/div><div class=\"uagb-column__inner-wrap\">\n<h2 class=\"wp-block-heading\">LAND FABRIK<\/h2>\n\n\n\n<p>Tech 1<br>E: Ingenieur<br>S: Land Scout<br>A: Leichter Angriffsbot<br>T: Mittlerer Panzer (nur UEF, Aeon)<br>T: Heavy Assault Bot (nur Cybran)<br>R: Mobile leichte Artillerie<br>N: Mobile Luftabwehrkanone<\/p>\n\n\n\n<p>Tech 2<br>E: Ingenieur<br>T: Schwerer Panzer<br>M: Mobiler Raketenwerfer<br>N: Mobile AA Flak Artillerie<br>P: Amphibienpanzer<br>C: Mobiles Stealth-Feldsystem (nur Cybran)<br>V: Mobiler Schildgenerator (nur UEF, Aeon)<\/p>\n\n\n\n<p>Tech 3<br>E: Ingenieur<br>B: Belagerungs-Angriffsbot<br>R: Mobile schwere Artillerie<\/p>\n<\/div><\/div>\n<\/div><\/section>\n\n\n\n<section class=\"wp-block-uagb-columns uagb-columns__wrap uagb-columns__background-undefined uagb-columns__stack-mobile uagb-columns__valign-undefined uagb-columns__gap-10 alignundefined uagb-block-5e354201\"><div class=\"uagb-columns__overlay\"><\/div><div class=\"uagb-columns__inner-wrap uagb-columns__columns-1\">\n<div class=\"wp-block-uagb-column uagb-column__wrap uagb-column__background-undefined uagb-block-06dae81f\"><div class=\"uagb-column__overlay\"><\/div><div class=\"uagb-column__inner-wrap\">\n<h2 class=\"wp-block-heading\">LUFTFABRIK<\/h2>\n\n\n\n<p>Tech 1<br>E: Ingenieur<br>S: Air Scout<br>F: Abfangj\u00e4ger<br>A: Angriffsbomber<br>T: Leichter Lufttransport<\/p>\n\n\n\n<p>Tech 2<br>E: Ingenieur<br>A: Bomber<br>O: Torpedobomber<br>G: Kanonenschiff<br>T: Luftverkehr<\/p>\n\n\n\n<p>Tech 3<br>E: Ingenieur<br>S: Spionageflugzeug<br>F: Luft\u00fcberlegenheitsj\u00e4ger<br>A: Strategischer Bomber<br>G: Schweres Kanonenschiff (nur UEF)<\/p>\n<\/div><\/div>\n<\/div><\/section>\n\n\n\n<section class=\"wp-block-uagb-columns uagb-columns__wrap uagb-columns__background-undefined uagb-columns__stack-mobile uagb-columns__valign-undefined uagb-columns__gap-10 alignundefined uagb-block-50aa0573\"><div class=\"uagb-columns__overlay\"><\/div><div class=\"uagb-columns__inner-wrap uagb-columns__columns-1\">\n<div class=\"wp-block-uagb-column uagb-column__wrap uagb-column__background-undefined uagb-block-d0bf32e7\"><div class=\"uagb-column__overlay\"><\/div><div class=\"uagb-column__inner-wrap\">\n<h2 class=\"wp-block-heading\">NAVAL FACTORY<\/h2>\n\n\n\n<p>Tech 1<br>E: Ingenieur<br>A: Angriffsboot (nur Aeon)<br>S: U-Boot angreifen<br>F: Fregatte<\/p>\n\n\n\n<p>Tech 2<br>E: Ingenieur<br>C: Kreuzer<br>D: Zerst\u00f6rer<\/p>\n\n\n\n<p>Tech 3<br>E: Ingenieur<br>A: Schlachtschiff<br>C: Tr\u00e4ger<br>S: Strategisches Raketen-U-Boot<\/p>\n<\/div><\/div>\n<\/div><\/section>\n\n\n\n<section class=\"wp-block-uagb-columns uagb-columns__wrap uagb-columns__background-undefined uagb-columns__stack-mobile uagb-columns__valign-undefined uagb-columns__gap-10 alignundefined uagb-block-eb7c2d7d\"><div class=\"uagb-columns__overlay\"><\/div><div class=\"uagb-columns__inner-wrap uagb-columns__columns-1\">\n<div class=\"wp-block-uagb-column uagb-column__wrap uagb-column__background-undefined uagb-block-eb6b4eb3\"><div class=\"uagb-column__overlay\"><\/div><div class=\"uagb-column__inner-wrap\">\n<h2 class=\"wp-block-heading\">QUANTUM GATEWAY<\/h2>\n\n\n\n<p>C: Support Command Unit<\/p>\n<\/div><\/div>\n<\/div><\/section>","protected":false},"excerpt":{"rendered":"<p>To enter Build Mode, press B. Your keyboard shortcuts will be transformed.To quit Build Mode, press Esc. Buildings are listed in the order they appear from left to right.Build Mode hotkeys are listed next to each building. UNIVERSAL HOTKEYS U: Upgrade to next level of this structure1: Switch to tech level 12: Switch to tech [&hellip;]<\/p>","protected":false},"author":1,"featured_media":0,"parent":14,"menu_order":0,"comment_status":"open","ping_status":"closed","template":"","meta":{"_uag_custom_page_level_css":"","site-sidebar-layout":"default","site-content-layout":"default","ast-site-content-layout":"","site-content-style":"default","site-sidebar-style":"default","ast-global-header-display":"","ast-banner-title-visibility":"","ast-main-header-display":"","ast-hfb-above-header-display":"","ast-hfb-below-header-display":"","ast-hfb-mobile-header-display":"","site-post-title":"","ast-breadcrumbs-content":"","ast-featured-img":"","footer-sml-layout":"","theme-transparent-header-meta":"default","adv-header-id-meta":"","stick-header-meta":"","header-above-stick-meta":"","header-main-stick-meta":"","header-below-stick-meta":"","astra-migrate-meta-layouts":"default","ast-page-background-enabled":"default","ast-page-background-meta":{"desktop":{"background-color":"","background-image":"","background-repeat":"repeat","background-position":"center center","background-size":"auto","background-attachment":"scroll","background-type":"","background-media":"","overlay-type":"","overlay-color":"","overlay-gradient":""},"tablet":{"background-color":"","background-image":"","background-repeat":"repeat","background-position":"center center","background-size":"auto","background-attachment":"scroll","background-type":"","background-media":"","overlay-type":"","overlay-color":"","overlay-gradient":""},"mobile":{"background-color":"","background-image":"","background-repeat":"repeat","background-position":"center center","background-size":"auto","background-attachment":"scroll","background-type":"","background-media":"","overlay-type":"","overlay-color":"","overlay-gradient":""}},"ast-content-background-meta":{"desktop":{"background-color":"var(--ast-global-color-5)","background-image":"","background-repeat":"repeat","background-position":"center center","background-size":"auto","background-attachment":"scroll","background-type":"","background-media":"","overlay-type":"","overlay-color":"","overlay-gradient":""},"tablet":{"background-color":"var(--ast-global-color-5)","background-image":"","background-repeat":"repeat","background-position":"center center","background-size":"auto","background-attachment":"scroll","background-type":"","background-media":"","overlay-type":"","overlay-color":"","overlay-gradient":""},"mobile":{"background-color":"var(--ast-global-color-5)","background-image":"","background-repeat":"repeat","background-position":"center center","background-size":"auto","background-attachment":"scroll","background-type":"","background-media":"","overlay-type":"","overlay-color":"","overlay-gradient":""}},"footnotes":""},"uagb_featured_image_src":{"full":false,"thumbnail":false,"medium":false,"medium_large":false,"large":false,"1536x1536":false,"2048x2048":false,"trp-custom-language-flag":false},"uagb_author_info":{"display_name":"SOE","author_link":"https:\/\/supcom.standardof.net\/de\/author\/k-tastic\/"},"uagb_comment_info":1,"uagb_excerpt":"To enter Build Mode, press B. Your keyboard shortcuts will be transformed.To quit Build Mode, press Esc. Buildings are listed in the order they appear from left to right.Build Mode hotkeys are listed next to each building. UNIVERSAL HOTKEYS U: Upgrade to next level of this structure1: Switch to tech level 12: Switch to tech&hellip;","_links":{"self":[{"href":"https:\/\/supcom.standardof.net\/de\/wp-json\/wp\/v2\/pages\/696"}],"collection":[{"href":"https:\/\/supcom.standardof.net\/de\/wp-json\/wp\/v2\/pages"}],"about":[{"href":"https:\/\/supcom.standardof.net\/de\/wp-json\/wp\/v2\/types\/page"}],"author":[{"embeddable":true,"href":"https:\/\/supcom.standardof.net\/de\/wp-json\/wp\/v2\/users\/1"}],"replies":[{"embeddable":true,"href":"https:\/\/supcom.standardof.net\/de\/wp-json\/wp\/v2\/comments?post=696"}],"version-history":[{"count":0,"href":"https:\/\/supcom.standardof.net\/de\/wp-json\/wp\/v2\/pages\/696\/revisions"}],"up":[{"embeddable":true,"href":"https:\/\/supcom.standardof.net\/de\/wp-json\/wp\/v2\/pages\/14"}],"wp:attachment":[{"href":"https:\/\/supcom.standardof.net\/de\/wp-json\/wp\/v2\/media?parent=696"}],"curies":[{"name":"wp","href":"https:\/\/api.w.org\/{rel}","templated":true}]}}