{"id":706,"date":"2020-11-03T01:58:22","date_gmt":"2020-11-03T06:58:22","guid":{"rendered":"https:\/\/supcom.standardof.net\/?page_id=706"},"modified":"2020-11-04T22:16:28","modified_gmt":"2020-11-05T03:16:28","slug":"aeon-commander","status":"publish","type":"page","link":"https:\/\/supcom.standardof.net\/de\/supreme-commander\/aon\/aon-kommandant\/","title":{"rendered":"AEON Commander"},"content":{"rendered":"<section class=\"wp-block-uagb-columns uagb-columns__wrap uagb-columns__background-undefined uagb-columns__stack-mobile uagb-columns__valign-undefined uagb-columns__gap-10 alignundefined uagb-block-587d920b\"><div class=\"uagb-columns__overlay\"><\/div><div class=\"uagb-columns__inner-wrap uagb-columns__columns-1\">\n<div class=\"wp-block-uagb-column uagb-column__wrap uagb-column__background-undefined uagb-block-9999e271\"><div class=\"uagb-column__overlay\"><\/div><div class=\"uagb-column__inner-wrap\">\n<h2 class=\"wp-block-heading\"><strong>GEPANZERTE BEFEHLSEINHEIT<\/strong> - AEON ACU<\/h2>\n\n\n\n<p>Ihr Commander sieht einsch\u00fcchternd aus, aber das liegt nur daran, dass er so vielseitig ist. Denken Sie daran, wenn Sie in Schwierigkeiten sind, k\u00f6nnen Sie durch Dr\u00fccken von O \u00fcberladen.<\/p>\n\n\n\n<p>Die ACU hat eine Build-Geschwindigkeit von 10.<\/p>\n\n\n\n<div class=\"wp-block-image\"><figure class=\"aligncenter size-large\"><a href=\"https:\/\/supcom.standardof.net\/de\/supreme-commander\/aon\/aon-kommandant\/supreme-commander-armored-command-unit-aeon-acu\/\"><img decoding=\"async\" width=\"800\" height=\"661\" src=\"https:\/\/supcom.standardof.net\/wp-content\/uploads\/sites\/8\/2020\/11\/Supreme-Commander-ARMORED-COMMAND-UNIT-AEON-ACU-800x661.jpg\" alt=\"Die Aeon Armored Command Unit im Oberbefehlshaber.\" class=\"wp-image-1044\" srcset=\"https:\/\/supcom.standardof.net\/wp-content\/uploads\/sites\/8\/2020\/11\/Supreme-Commander-ARMORED-COMMAND-UNIT-AEON-ACU-800x661.jpg 800w, https:\/\/supcom.standardof.net\/wp-content\/uploads\/sites\/8\/2020\/11\/Supreme-Commander-ARMORED-COMMAND-UNIT-AEON-ACU-512x423.jpg 512w, https:\/\/supcom.standardof.net\/wp-content\/uploads\/sites\/8\/2020\/11\/Supreme-Commander-ARMORED-COMMAND-UNIT-AEON-ACU-200x165.jpg 200w, https:\/\/supcom.standardof.net\/wp-content\/uploads\/sites\/8\/2020\/11\/Supreme-Commander-ARMORED-COMMAND-UNIT-AEON-ACU-768x634.jpg 768w, https:\/\/supcom.standardof.net\/wp-content\/uploads\/sites\/8\/2020\/11\/Supreme-Commander-ARMORED-COMMAND-UNIT-AEON-ACU-16x12.jpg 16w, https:\/\/supcom.standardof.net\/wp-content\/uploads\/sites\/8\/2020\/11\/Supreme-Commander-ARMORED-COMMAND-UNIT-AEON-ACU.jpg 861w\" sizes=\"(max-width: 800px) 100vw, 800px\" \/><\/a><figcaption> AEON ACU<\/figcaption><\/figure><\/div>\n\n\n\n<section class=\"wp-block-uagb-columns uagb-columns__wrap uagb-columns__background-undefined uagb-columns__stack-mobile uagb-columns__valign-undefined uagb-columns__gap-10 alignundefined uagb-block-6cd55173\"><div class=\"uagb-columns__overlay\"><\/div><div class=\"uagb-columns__inner-wrap uagb-columns__columns-2\">\n<div class=\"wp-block-uagb-column uagb-column__wrap uagb-column__background-undefined uagb-block-ca4eff4d\"><div class=\"uagb-column__overlay\"><\/div><div class=\"uagb-column__inner-wrap\">\n<h3 class=\"wp-block-heading\">ACU-Statistiken<\/h3>\n\n\n\n<p>R\u00fcstung: 11000 PS (Regenerationsrate: 10, R\u00fcstungstyp: Commander)<br>F\u00e4higkeiten: Anpassbar usw.<br>Kosten: M18000 (+1, Speicher: 400), E5000000 (+10, Speicher: 2500), T60000,<br>     Baurate: 10<br>Intel:<br>     Sicht: 26 (508 m)<br>     Omni: 26 (508 m)<br>Physik: H\u00f6chstgeschwindigkeit: 1,7 (33,2 m \/ s), Drehgeschwindigkeit: 90<br>Transportklasse: 3<br>Veterancy: 100, 200, 500, 1000, 2000 Kills<br>     Veteranenlevel 2: +2750 PS<br>     Veteranenlevel 4: +2750 PS<br>     Veteranenstufe 5: Reparatur von 20 PS \/ s<\/p>\n<\/div><\/div>\n\n\n\n<div class=\"wp-block-uagb-column uagb-column__wrap uagb-column__background-undefined uagb-block-88d9abaa\"><div class=\"uagb-column__overlay\"><\/div><div class=\"uagb-column__inner-wrap\">\n<h3 class=\"wp-block-heading\">ACU-Waffen<\/h3>\n\n\n\n<p>Quantendisruptor (direktes Feuer):<br>     110,00 dps<br>Reichweite: 2 (39,1 m) - 22 (430 m)<br>Strahlwaffe: 110 Schaden<br>Feuerrate: 1 (alle 1s)<br>Veteranenlevel 1: +28 Schaden, Veteranenlevel 3: +28 Schaden<\/p>\n\n\n\n<p>\u00dcberladekanone (Direktfeuer):<br>     52500,00 dps<br>Fl\u00e4che: 2 (39,1 m)<br>Reichweite: 10 (195 m)<br>Projektilwaffe: 70000 Schaden<br>Feuerrate: 3 (alle 0,33 s), Energiebedarf: 3000 (-3000)<\/p>\n\n\n\n<p>Death Nuke (Direktes Feuer):<br>Innenringschaden: 3500<br>Innenringradius: 30 (586 m)<br>Au\u00dfenringschaden: 500<br>Au\u00dfenringradius: 40 (781 m)<\/p>\n<\/div><\/div>\n<\/div><\/section>\n<\/div><\/div>\n<\/div><\/section>\n\n\n\n<section class=\"wp-block-uagb-columns uagb-columns__wrap uagb-columns__background-undefined uagb-columns__stack-mobile uagb-columns__valign-undefined uagb-columns__gap-10 alignundefined uagb-block-88c7d4e3\"><div class=\"uagb-columns__overlay\"><\/div><div class=\"uagb-columns__inner-wrap uagb-columns__columns-1\">\n<div class=\"wp-block-uagb-column uagb-column__wrap uagb-column__background-undefined uagb-block-a3628b4e\"><div class=\"uagb-column__overlay\"><\/div><div class=\"uagb-column__inner-wrap\">\t\t\t\t<div class=\"wp-block-uagb-table-of-contents uagb-toc__align-left uagb-toc__columns-1  uagb-block-89cfdc08\"\n\t\t\t\t\tdata-scroll= \"1\"\n\t\t\t\t\tdata-offset= \"30\"\n\t\t\t\t\tstyle=\"\"\n\t\t\t\t>\n\t\t\t\t<div class=\"uagb-toc__wrap\">\n\t\t\t\t\t\t<div class=\"uagb-toc__title\">\n\t\t\t\t\t\t\tAeon ACU-Upgrades\t\t\t\t\t\t<\/div>\n\t\t\t\t\t\t\t\t\t\t\t\t\t\t\t\t<div class=\"uagb-toc__list-wrap\">\n\t\t\t\t\t\t<ol class=\"uagb-toc__list\"><li class=\"uagb-toc__list\"><a href=\"#right-arm\" class=\"uagb-toc-link__trigger\">RECHTER ARM<\/a><ul class=\"uagb-toc__list\"><li class=\"uagb-toc__list\"><a href=\"#enhanced-sensor-system\" class=\"uagb-toc-link__trigger\">Verbessertes Sensorsystem<\/a><li class=\"uagb-toc__list\"><li class=\"uagb-toc__list\"><a href=\"#heat-sink-augmentation\" class=\"uagb-toc-link__trigger\">K\u00fchlk\u00f6rpervergr\u00f6\u00dferung<\/a><\/li><\/ul><\/li><li class=\"uagb-toc__list\"><a href=\"#back\" class=\"uagb-toc-link__trigger\">ZUR\u00dcCK<\/a><ul class=\"uagb-toc__list\"><li class=\"uagb-toc__list\"><a href=\"#personal-shield-generator\" class=\"uagb-toc-link__trigger\">Pers\u00f6nlicher Schildgenerator<\/a><li class=\"uagb-toc__list\"><li class=\"uagb-toc__list\"><a href=\"#heavy-personal-shield-generator\" class=\"uagb-toc-link__trigger\">Schwerer pers\u00f6nlicher Schildgenerator<\/a><li class=\"uagb-toc__list\"><li class=\"uagb-toc__list\"><a href=\"#personal-teleporter\" class=\"uagb-toc-link__trigger\">Pers\u00f6nlicher Teleporter<\/a><li class=\"uagb-toc__list\"><li class=\"uagb-toc__list\"><a href=\"#resource-allocation-system\" class=\"uagb-toc-link__trigger\">Ressourcenzuweisungssystem<\/a><li class=\"uagb-toc__list\"><li class=\"uagb-toc__list\"><a href=\"#advanced-resource-allocation-system\" class=\"uagb-toc-link__trigger\">Erweitertes Ressourcenzuweisungssystem<\/a><li class=\"uagb-toc__list\"><li class=\"uagb-toc__list\"><a href=\"#chrono-dampener\" class=\"uagb-toc-link__trigger\">Chrono Dampener<\/a><\/li><\/ul><\/li><\/ul><\/li><li class=\"uagb-toc__list\"><a href=\"#left-arm\" class=\"uagb-toc-link__trigger\">LINKER ARM<\/a><ul class=\"uagb-toc__list\"><li class=\"uagb-toc__list\"><a href=\"#crysalis-beam-augmentation\" class=\"uagb-toc-link__trigger\">Crysalis Beam Augmentation<\/a><li class=\"uagb-toc__list\"><li class=\"uagb-toc__list\"><a href=\"#tech-2-engineering-suite\" class=\"uagb-toc-link__trigger\">Tech 2 Engineering Suite<\/a><li class=\"uagb-toc__list\"><li class=\"uagb-toc__list\"><a href=\"#tech-3-engineering-suite\" class=\"uagb-toc-link__trigger\">Tech 3 Engineering Suite<\/a><\/ul><\/ul><\/ul><\/ol>\t\t\t\t\t<\/div>\n\t\t\t\t\t\t\t\t\t<\/div>\n\t\t\t\t<\/div>\n\t\t\t<\/div><\/div>\n<\/div><\/section>\n\n\n\n<section class=\"wp-block-uagb-columns uagb-columns__wrap uagb-columns__background-undefined uagb-columns__stack-mobile uagb-columns__valign-undefined uagb-columns__gap-10 alignundefined uagb-block-cf329bb2\"><div class=\"uagb-columns__overlay\"><\/div><div class=\"uagb-columns__inner-wrap uagb-columns__columns-1\">\n<div class=\"wp-block-uagb-column uagb-column__wrap uagb-column__background-undefined uagb-block-7c592c17\"><div class=\"uagb-column__overlay\"><\/div><div class=\"uagb-column__inner-wrap\">\n<h4 class=\"wp-block-heading\">RECHTER ARM<\/h4>\n\n\n\n<section class=\"wp-block-uagb-columns uagb-columns__wrap uagb-columns__background-undefined uagb-columns__stack-mobile uagb-columns__valign-undefined uagb-columns__gap-10 alignundefined uagb-block-b95dadf1\"><div class=\"uagb-columns__overlay\"><\/div><div class=\"uagb-columns__inner-wrap uagb-columns__columns-1\">\n<div class=\"wp-block-uagb-column uagb-column__wrap uagb-column__background-undefined uagb-block-756fd713\"><div class=\"uagb-column__overlay\"><\/div><div class=\"uagb-column__inner-wrap\">\n<h5 class=\"wp-block-heading\">Verbessertes Sensorsystem<\/h5>\n\n\n\n<p>Erh\u00f6ht die Sichtweite auf 32 und die Omni-Reichweite auf 72.<\/p>\n\n\n\n<p>Kosten: M1500, E31250, T1250<\/p>\n<\/div><\/div>\n<\/div><\/section>\n\n\n\n<section class=\"wp-block-uagb-columns uagb-columns__wrap uagb-columns__background-undefined uagb-columns__stack-mobile uagb-columns__valign-undefined uagb-columns__gap-10 alignundefined uagb-block-87cd7e34\"><div class=\"uagb-columns__overlay\"><\/div><div class=\"uagb-columns__inner-wrap uagb-columns__columns-1\">\n<div class=\"wp-block-uagb-column uagb-column__wrap uagb-column__background-undefined uagb-block-dbdb6ea6\"><div class=\"uagb-column__overlay\"><\/div><div class=\"uagb-column__inner-wrap\">\n<h5 class=\"wp-block-heading\">K\u00fchlk\u00f6rpervergr\u00f6\u00dferung<\/h5>\n\n\n\n<p>Erm\u00f6glicht es der Hauptwaffe, siebenmal so schnell zu schie\u00dfen.<\/p>\n\n\n\n<p>Kosten: M4500, E112500, T1500<\/p>\n<\/div><\/div>\n<\/div><\/section>\n<\/div><\/div>\n<\/div><\/section>\n\n\n\n<section class=\"wp-block-uagb-columns uagb-columns__wrap uagb-columns__background-undefined uagb-columns__stack-mobile uagb-columns__valign-undefined uagb-columns__gap-10 alignundefined uagb-block-5d2fa79a\"><div class=\"uagb-columns__overlay\"><\/div><div class=\"uagb-columns__inner-wrap uagb-columns__columns-1\">\n<div class=\"wp-block-uagb-column uagb-column__wrap uagb-column__background-undefined uagb-block-95e68d09\"><div class=\"uagb-column__overlay\"><\/div><div class=\"uagb-column__inner-wrap\">\n<h4 class=\"wp-block-heading\">ZUR\u00dcCK<\/h4>\n\n\n\n<section class=\"wp-block-uagb-columns uagb-columns__wrap uagb-columns__background-undefined uagb-columns__stack-mobile uagb-columns__valign-undefined uagb-columns__gap-10 alignundefined uagb-block-c4b1b83c\"><div class=\"uagb-columns__overlay\"><\/div><div class=\"uagb-columns__inner-wrap uagb-columns__columns-1\">\n<div class=\"wp-block-uagb-column uagb-column__wrap uagb-column__background-undefined uagb-block-1d6ab960\"><div class=\"uagb-column__overlay\"><\/div><div class=\"uagb-column__inner-wrap\">\n<h5 class=\"wp-block-heading\">Pers\u00f6nlicher Schildgenerator<\/h5>\n\n\n\n<p>Gibt der ACU einen Schild um sich herum.<\/p>\n\n\n\n<p>Kosten: M1500, E93750 (-300), T1250<br>Schild: 29000 PS<br>(Regenerationsrate: 223, Regenerationsstartzeit: 30, Ladezeit: 160)<\/p>\n<\/div><\/div>\n<\/div><\/section>\n\n\n\n<section class=\"wp-block-uagb-columns uagb-columns__wrap uagb-columns__background-undefined uagb-columns__stack-mobile uagb-columns__valign-undefined uagb-columns__gap-10 alignundefined uagb-block-2bb2337d\"><div class=\"uagb-columns__overlay\"><\/div><div class=\"uagb-columns__inner-wrap uagb-columns__columns-1\">\n<div class=\"wp-block-uagb-column uagb-column__wrap uagb-column__background-undefined uagb-block-50c6a03e\"><div class=\"uagb-column__overlay\"><\/div><div class=\"uagb-column__inner-wrap\">\n<h5 class=\"wp-block-heading\">Schwerer pers\u00f6nlicher Schildgenerator<\/h5>\n\n\n\n<p>Verleiht der ACU einen st\u00e4rkeren Schutzschild um sich herum.<\/p>\n\n\n\n<p>Ben\u00f6tigt Personal Shield Generator<br>Kosten: M4500, E1000000 (-300), T2500<br>Schild: 44000 PS<br>(Regenerationsrate: 270, Regenerationsstartzeit: 37, Ladezeit: 200)<\/p>\n<\/div><\/div>\n<\/div><\/section>\n\n\n\n<section class=\"wp-block-uagb-columns uagb-columns__wrap uagb-columns__background-undefined uagb-columns__stack-mobile uagb-columns__valign-undefined uagb-columns__gap-10 alignundefined uagb-block-985be24e\"><div class=\"uagb-columns__overlay\"><\/div><div class=\"uagb-columns__inner-wrap uagb-columns__columns-1\">\n<div class=\"wp-block-uagb-column uagb-column__wrap uagb-column__background-undefined uagb-block-db025b3c\"><div class=\"uagb-column__overlay\"><\/div><div class=\"uagb-column__inner-wrap\">\n<h5 class=\"wp-block-heading\">Pers\u00f6nlicher Teleporter<\/h5>\n\n\n\n<p>Erm\u00f6glicht die Teleportation an eine beliebige Stelle auf der Karte.<\/p>\n\n\n\n<p>Kosten: M60000, E3000000, T6000<br>Aktivierungskosten: E (-20000), T60<\/p>\n<\/div><\/div>\n<\/div><\/section>\n\n\n\n<section class=\"wp-block-uagb-columns uagb-columns__wrap uagb-columns__background-undefined uagb-columns__stack-mobile uagb-columns__valign-undefined uagb-columns__gap-10 alignundefined uagb-block-6ca54c76\"><div class=\"uagb-columns__overlay\"><\/div><div class=\"uagb-columns__inner-wrap uagb-columns__columns-1\">\n<div class=\"wp-block-uagb-column uagb-column__wrap uagb-column__background-undefined uagb-block-605757eb\"><div class=\"uagb-column__overlay\"><\/div><div class=\"uagb-column__inner-wrap\">\n<h5 class=\"wp-block-heading\">Ressourcenzuweisungssystem<\/h5>\n\n\n\n<p>Produziert zus\u00e4tzliche Ressourcen (siehe \u201eKosten\u201c).<\/p>\n\n\n\n<p>Kosten: M6000 (+18), E300000 (+2700), T1500<\/p>\n<\/div><\/div>\n<\/div><\/section>\n\n\n\n<section class=\"wp-block-uagb-columns uagb-columns__wrap uagb-columns__background-undefined uagb-columns__stack-mobile uagb-columns__valign-undefined uagb-columns__gap-10 alignundefined uagb-block-74496f09\"><div class=\"uagb-columns__overlay\"><\/div><div class=\"uagb-columns__inner-wrap uagb-columns__columns-1\">\n<div class=\"wp-block-uagb-column uagb-column__wrap uagb-column__background-undefined uagb-block-f5a94bb2\"><div class=\"uagb-column__overlay\"><\/div><div class=\"uagb-column__inner-wrap\">\n<h5 class=\"wp-block-heading\">Erweitertes Ressourcenzuweisungssystem<\/h5>\n\n\n\n<p>Produziert doppelt so viele Ressourcen (siehe \u201eKosten\u201c).<\/p>\n\n\n\n<p>Erfordert ein Ressourcenzuweisungssystem<br>Kosten: M6000 (+36), E300000 (+5400), T1500<\/p>\n<\/div><\/div>\n<\/div><\/section>\n\n\n\n<section class=\"wp-block-uagb-columns uagb-columns__wrap uagb-columns__background-undefined uagb-columns__stack-mobile uagb-columns__valign-undefined uagb-columns__gap-10 alignundefined uagb-block-fa878eef\"><div class=\"uagb-columns__overlay\"><\/div><div class=\"uagb-columns__inner-wrap uagb-columns__columns-1\">\n<div class=\"wp-block-uagb-column uagb-column__wrap uagb-column__background-undefined uagb-block-88cc922d\"><div class=\"uagb-column__overlay\"><\/div><div class=\"uagb-column__inner-wrap\">\n<h5 class=\"wp-block-heading\">Chrono Dampener<\/h5>\n\n\n\n<p>F\u00fcgt ein atemberaubendes EMP-Feld um die ACU hinzu.<\/p>\n\n\n\n<p>Kosten: M1500, E31250, T1250<br>Chrono Dampener (Direktfeuer): 0,10 dps, Reichweite: 10 (195 m)<br>Projektilwaffe: 1 Schaden, kann durch Transport feuern<br>Feuerrate: 0,1 (alle 10 s), Energiebedarf: (-200)<\/p>\n<\/div><\/div>\n<\/div><\/section>\n<\/div><\/div>\n<\/div><\/section>\n\n\n\n<section class=\"wp-block-uagb-columns uagb-columns__wrap uagb-columns__background-undefined uagb-columns__stack-mobile uagb-columns__valign-undefined uagb-columns__gap-10 alignundefined uagb-block-794d690f\"><div class=\"uagb-columns__overlay\"><\/div><div class=\"uagb-columns__inner-wrap uagb-columns__columns-1\">\n<div class=\"wp-block-uagb-column uagb-column__wrap uagb-column__background-undefined uagb-block-304eec1e\"><div class=\"uagb-column__overlay\"><\/div><div class=\"uagb-column__inner-wrap\">\n<h4 class=\"wp-block-heading\">LINKER ARM<\/h4>\n\n\n\n<section class=\"wp-block-uagb-columns uagb-columns__wrap uagb-columns__background-undefined uagb-columns__stack-mobile uagb-columns__valign-undefined uagb-columns__gap-10 alignundefined uagb-block-675d192b\"><div class=\"uagb-columns__overlay\"><\/div><div class=\"uagb-columns__inner-wrap uagb-columns__columns-1\">\n<div class=\"wp-block-uagb-column uagb-column__wrap uagb-column__background-undefined uagb-block-800ce4e8\"><div class=\"uagb-column__overlay\"><\/div><div class=\"uagb-column__inner-wrap\">\n<h5 class=\"wp-block-heading\">Crysalis Beam Augmentation<\/h5>\n\n\n\n<p>Erh\u00f6ht die Reichweite der Hauptwaffe von 22 auf 30.<\/p>\n\n\n\n<p>Kosten: M1500, E75000, T1000<\/p>\n<\/div><\/div>\n<\/div><\/section>\n\n\n\n<section class=\"wp-block-uagb-columns uagb-columns__wrap uagb-columns__background-undefined uagb-columns__stack-mobile uagb-columns__valign-undefined uagb-columns__gap-10 alignundefined uagb-block-0594c4d6\"><div class=\"uagb-columns__overlay\"><\/div><div class=\"uagb-columns__inner-wrap uagb-columns__columns-1\">\n<div class=\"wp-block-uagb-column uagb-column__wrap uagb-column__background-undefined uagb-block-1e76dc43\"><div class=\"uagb-column__overlay\"><\/div><div class=\"uagb-column__inner-wrap\">\n<h5 class=\"wp-block-heading\">Tech 2 Engineering Suite<\/h5>\n\n\n\n<p>Die Build-Geschwindigkeit wurde auf 30 erh\u00f6ht.<\/p>\n\n\n\n<p>Kosten: M2000, E50000, T2000<br>Gibt ACU T1,2 B\u00e4ume bauen.<\/p>\n<\/div><\/div>\n<\/div><\/section>\n\n\n\n<section class=\"wp-block-uagb-columns uagb-columns__wrap uagb-columns__background-undefined uagb-columns__stack-mobile uagb-columns__valign-undefined uagb-columns__gap-10 alignundefined uagb-block-ad81a236\"><div class=\"uagb-columns__overlay\"><\/div><div class=\"uagb-columns__inner-wrap uagb-columns__columns-1\">\n<div class=\"wp-block-uagb-column uagb-column__wrap uagb-column__background-undefined uagb-block-385f8b12\"><div class=\"uagb-column__overlay\"><\/div><div class=\"uagb-column__inner-wrap\">\n<h5 class=\"wp-block-heading\">Tech 3 Engineering Suite<\/h5>\n\n\n\n<p>Die Build-Geschwindigkeit wurde auf 90 erh\u00f6ht.<\/p>\n\n\n\n<p>Kosten: M6750, E900000, T2250<br>Gibt ACU T3,4 B\u00e4ume bauen.<\/p>\n<\/div><\/div>\n<\/div><\/section>\n\n\n\n<p><\/p>\n<\/div><\/div>\n<\/div><\/section>","protected":false},"excerpt":{"rendered":"<p>ARMORED COMMAND UNIT &#8211; AEON ACU Your Commander looks intimidating, but that&#8217;s just because he&#8217;s so versatile. Remember, if you&#8217;re in trouble, you can overcharge by pressing O. The ACU has a build speed of 10. ACU Stats Armor: 11000hp (regen rate: 10, armor type: Commander)Abilities: Customizable, etc.Cost: M18000 (+1, storage: 400), E5000000 (+10, storage: [&hellip;]<\/p>","protected":false},"author":1,"featured_media":0,"parent":503,"menu_order":0,"comment_status":"open","ping_status":"closed","template":"","meta":{"_uag_custom_page_level_css":"","site-sidebar-layout":"default","site-content-layout":"default","ast-site-content-layout":"","site-content-style":"default","site-sidebar-style":"default","ast-global-header-display":"","ast-banner-title-visibility":"","ast-main-header-display":"","ast-hfb-above-header-display":"","ast-hfb-below-header-display":"","ast-hfb-mobile-header-display":"","site-post-title":"","ast-breadcrumbs-content":"","ast-featured-img":"","footer-sml-layout":"","theme-transparent-header-meta":"default","adv-header-id-meta":"","stick-header-meta":"","header-above-stick-meta":"","header-main-stick-meta":"","header-below-stick-meta":"","astra-migrate-meta-layouts":"default","ast-page-background-enabled":"default","ast-page-background-meta":{"desktop":{"background-color":"","background-image":"","background-repeat":"repeat","background-position":"center center","background-size":"auto","background-attachment":"scroll","background-type":"","background-media":"","overlay-type":"","overlay-color":"","overlay-gradient":""},"tablet":{"background-color":"","background-image":"","background-repeat":"repeat","background-position":"center center","background-size":"auto","background-attachment":"scroll","background-type":"","background-media":"","overlay-type":"","overlay-color":"","overlay-gradient":""},"mobile":{"background-color":"","background-image":"","background-repeat":"repeat","background-position":"center center","background-size":"auto","background-attachment":"scroll","background-type":"","background-media":"","overlay-type":"","overlay-color":"","overlay-gradient":""}},"ast-content-background-meta":{"desktop":{"background-color":"var(--ast-global-color-5)","background-image":"","background-repeat":"repeat","background-position":"center center","background-size":"auto","background-attachment":"scroll","background-type":"","background-media":"","overlay-type":"","overlay-color":"","overlay-gradient":""},"tablet":{"background-color":"var(--ast-global-color-5)","background-image":"","background-repeat":"repeat","background-position":"center center","background-size":"auto","background-attachment":"scroll","background-type":"","background-media":"","overlay-type":"","overlay-color":"","overlay-gradient":""},"mobile":{"background-color":"var(--ast-global-color-5)","background-image":"","background-repeat":"repeat","background-position":"center center","background-size":"auto","background-attachment":"scroll","background-type":"","background-media":"","overlay-type":"","overlay-color":"","overlay-gradient":""}},"footnotes":""},"uagb_featured_image_src":{"full":false,"thumbnail":false,"medium":false,"medium_large":false,"large":false,"1536x1536":false,"2048x2048":false,"trp-custom-language-flag":false},"uagb_author_info":{"display_name":"SOE","author_link":"https:\/\/supcom.standardof.net\/de\/author\/k-tastic\/"},"uagb_comment_info":0,"uagb_excerpt":"ARMORED COMMAND UNIT &#8211; AEON ACU Your Commander looks intimidating, but that&#8217;s just because he&#8217;s so versatile. Remember, if you&#8217;re in trouble, you can overcharge by pressing O. The ACU has a build speed of 10. ACU Stats Armor: 11000hp (regen rate: 10, armor type: Commander)Abilities: Customizable, etc.Cost: M18000 (+1, storage: 400), E5000000 (+10, storage:&hellip;","_links":{"self":[{"href":"https:\/\/supcom.standardof.net\/de\/wp-json\/wp\/v2\/pages\/706"}],"collection":[{"href":"https:\/\/supcom.standardof.net\/de\/wp-json\/wp\/v2\/pages"}],"about":[{"href":"https:\/\/supcom.standardof.net\/de\/wp-json\/wp\/v2\/types\/page"}],"author":[{"embeddable":true,"href":"https:\/\/supcom.standardof.net\/de\/wp-json\/wp\/v2\/users\/1"}],"replies":[{"embeddable":true,"href":"https:\/\/supcom.standardof.net\/de\/wp-json\/wp\/v2\/comments?post=706"}],"version-history":[{"count":0,"href":"https:\/\/supcom.standardof.net\/de\/wp-json\/wp\/v2\/pages\/706\/revisions"}],"up":[{"embeddable":true,"href":"https:\/\/supcom.standardof.net\/de\/wp-json\/wp\/v2\/pages\/503"}],"wp:attachment":[{"href":"https:\/\/supcom.standardof.net\/de\/wp-json\/wp\/v2\/media?parent=706"}],"curies":[{"name":"wp","href":"https:\/\/api.w.org\/{rel}","templated":true}]}}