{"id":708,"date":"2020-11-03T02:22:52","date_gmt":"2020-11-03T07:22:52","guid":{"rendered":"https:\/\/supcom.standardof.net\/?page_id=708"},"modified":"2020-11-04T22:14:49","modified_gmt":"2020-11-05T03:14:49","slug":"aeon-subcommander","status":"publish","type":"page","link":"https:\/\/supcom.standardof.net\/de\/supreme-commander\/aon\/aon-subkommandant\/","title":{"rendered":"AEON Subcommander"},"content":{"rendered":"<section class=\"wp-block-uagb-columns uagb-columns__wrap uagb-columns__background-undefined uagb-columns__stack-mobile uagb-columns__valign-undefined uagb-columns__gap-10 alignundefined uagb-block-1fe0a5dc\"><div class=\"uagb-columns__overlay\"><\/div><div class=\"uagb-columns__inner-wrap uagb-columns__columns-1\">\n<div class=\"wp-block-uagb-column uagb-column__wrap uagb-column__background-undefined uagb-block-fd95af43\"><div class=\"uagb-column__overlay\"><\/div><div class=\"uagb-column__inner-wrap\">\n<h2 class=\"wp-block-heading\"><strong>UNTERST\u00dcTZUNGSBEFEHLSEINHEIT<\/strong> - AEON SCU <\/h2>\n\n\n\n<p>Aeon-Unterkommandanten sind extrem teuer, machen dies jedoch wieder wett, indem sie sowohl sehr m\u00e4chtige Kampfeinheiten als auch gro\u00dfartige Erbauer sind - viel besser als Ihr Kommandant, selbst wenn Sie sich nicht die M\u00fche machen, sie zu aktualisieren.<\/p>\n\n\n\n<p>Der Subkommandant hat eine Build-Geschwindigkeit von 30.<\/p>\n\n\n\n<div class=\"wp-block-image\"><figure class=\"aligncenter size-large\"><a href=\"https:\/\/supcom.standardof.net\/de\/supreme-commander\/aon\/aon-subkommandant\/supreme-commander-support-command-unit-aeon-scu\/\"><img decoding=\"async\" width=\"800\" height=\"656\" src=\"https:\/\/supcom.standardof.net\/wp-content\/uploads\/sites\/8\/2020\/11\/Supreme-Commander-SUPPORT-COMMAND-UNIT-AEON-SCU--800x656.jpg\" alt=\"Die Aeon Support Command Unit im Oberbefehlshaber.\" class=\"wp-image-1042\" srcset=\"https:\/\/supcom.standardof.net\/wp-content\/uploads\/sites\/8\/2020\/11\/Supreme-Commander-SUPPORT-COMMAND-UNIT-AEON-SCU--800x656.jpg 800w, https:\/\/supcom.standardof.net\/wp-content\/uploads\/sites\/8\/2020\/11\/Supreme-Commander-SUPPORT-COMMAND-UNIT-AEON-SCU--512x420.jpg 512w, https:\/\/supcom.standardof.net\/wp-content\/uploads\/sites\/8\/2020\/11\/Supreme-Commander-SUPPORT-COMMAND-UNIT-AEON-SCU--200x164.jpg 200w, https:\/\/supcom.standardof.net\/wp-content\/uploads\/sites\/8\/2020\/11\/Supreme-Commander-SUPPORT-COMMAND-UNIT-AEON-SCU--768x630.jpg 768w, https:\/\/supcom.standardof.net\/wp-content\/uploads\/sites\/8\/2020\/11\/Supreme-Commander-SUPPORT-COMMAND-UNIT-AEON-SCU--16x12.jpg 16w, https:\/\/supcom.standardof.net\/wp-content\/uploads\/sites\/8\/2020\/11\/Supreme-Commander-SUPPORT-COMMAND-UNIT-AEON-SCU-.jpg 951w\" sizes=\"(max-width: 800px) 100vw, 800px\" \/><\/a><figcaption>AEON SCU <\/figcaption><\/figure><\/div>\n\n\n\n<section class=\"wp-block-uagb-columns uagb-columns__wrap uagb-columns__background-undefined uagb-columns__stack-mobile uagb-columns__valign-undefined uagb-columns__gap-10 alignundefined uagb-block-210b2ea9\"><div class=\"uagb-columns__overlay\"><\/div><div class=\"uagb-columns__inner-wrap uagb-columns__columns-2\">\n<div class=\"wp-block-uagb-column uagb-column__wrap uagb-column__background-undefined uagb-block-2460d84a\"><div class=\"uagb-column__overlay\"><\/div><div class=\"uagb-column__inner-wrap\">\n<h3 class=\"wp-block-heading\">SCU-Statistiken<\/h3>\n\n\n\n<p>R\u00fcstung: 25000 PS (Regenerationsrate: 10)<br>F\u00e4higkeiten: Anpassbar, Omni Sensor, Engineering Suite, Explodiert beim Tod,<br>Kann nicht zur\u00fcckgefordert werden<br>Kosten: M5200 (+2, Speicher: 50), E60000 (+20, Speicher: 250), T6000, Build-Rate: 30<br>Intel: Sichtweite: 26 (508 m), Omni: 16 (313 m)<br>Physik: H\u00f6chstgeschwindigkeit: 2,2 (43,0 m \/ s), Drehgeschwindigkeit: 146<br>Transportklasse: 3<br>Veterancy: 100, 200, 500, 1000, 2000 Kills<br>Veteranenlevel 2: +6250 PS,<br>Veteranenlevel 4: +6250 PS,<br>Veteranenstufe 5: Reparatur von 20 PS \/ s<\/p>\n<\/div><\/div>\n\n\n\n<div class=\"wp-block-uagb-column uagb-column__wrap uagb-column__background-undefined uagb-block-4bf35afc\"><div class=\"uagb-column__overlay\"><\/div><div class=\"uagb-column__inner-wrap\">\n<h2 class=\"wp-block-heading\">SCU-Waffen<\/h2>\n\n\n\n<p>Reacton Cannon (Direktes Feuer): <br>750,00 dps, <br>Reichweite: 2 (39,1 m) - 22 (430 m)<br>Projektilwaffe: 750 Schaden<br>Feuerrate: 1 (alle 1s)<br>Veteranenlevel 1: +188 Schaden, Veteranenlevel 3: +188 Schaden<\/p>\n\n\n\n<p>Death Nuke (Direktes Feuer): <br>1000,00 dps<br>Fl\u00e4che: 10 (195 m)<br>Reichweite: 1 (19,5 m)<br>Projektilwaffe: 1000 Schaden<br>Feuerrate: 1 (alle 1s)<\/p>\n<\/div><\/div>\n<\/div><\/section>\n<\/div><\/div>\n<\/div><\/section>\n\n\n\n<section class=\"wp-block-uagb-columns uagb-columns__wrap uagb-columns__background-undefined uagb-columns__stack-mobile uagb-columns__valign-undefined uagb-columns__gap-10 alignundefined uagb-block-4e64bb5a\"><div class=\"uagb-columns__overlay\"><\/div><div class=\"uagb-columns__inner-wrap uagb-columns__columns-1\">\n<div class=\"wp-block-uagb-column uagb-column__wrap uagb-column__background-undefined uagb-block-871b5e74\"><div class=\"uagb-column__overlay\"><\/div><div class=\"uagb-column__inner-wrap\">\t\t\t\t<div class=\"wp-block-uagb-table-of-contents uagb-toc__align-left uagb-toc__columns-1  uagb-block-b6caa407\"\n\t\t\t\t\tdata-scroll= \"1\"\n\t\t\t\t\tdata-offset= \"30\"\n\t\t\t\t\tstyle=\"\"\n\t\t\t\t>\n\t\t\t\t<div class=\"uagb-toc__wrap\">\n\t\t\t\t\t\t<div class=\"uagb-toc__title\">\n\t\t\t\t\t\t\tAeon SCU-Upgrades\t\t\t\t\t\t<\/div>\n\t\t\t\t\t\t\t\t\t\t\t\t\t\t\t\t<div class=\"uagb-toc__list-wrap\">\n\t\t\t\t\t\t<ol class=\"uagb-toc__list\"><li class=\"uagb-toc__list\"><a href=\"#right-arm\" class=\"uagb-toc-link__trigger\">RECHTER ARM<\/a><ul class=\"uagb-toc__list\"><li class=\"uagb-toc__list\"><a href=\"#stability-suppressant\" class=\"uagb-toc-link__trigger\">Stabilit\u00e4tsunterdr\u00fccker<\/a><li class=\"uagb-toc__list\"><li class=\"uagb-toc__list\"><a href=\"#resource-allocation-system\" class=\"uagb-toc-link__trigger\">Ressourcenzuweisungssystem<\/a><\/li><\/ul><\/li><li class=\"uagb-toc__list\"><a href=\"#back\" class=\"uagb-toc-link__trigger\">ZUR\u00dcCK<\/a><ul class=\"uagb-toc__list\"><li class=\"uagb-toc__list\"><a href=\"#personal-shield-generator\" class=\"uagb-toc-link__trigger\">Pers\u00f6nlicher Schildgenerator<\/a><li class=\"uagb-toc__list\"><li class=\"uagb-toc__list\"><a href=\"#heavy-personal-shield-generator\" class=\"uagb-toc-link__trigger\">Schwerer pers\u00f6nlicher Schildgenerator<\/a><li class=\"uagb-toc__list\"><li class=\"uagb-toc__list\"><a href=\"#personal-teleporter\" class=\"uagb-toc-link__trigger\">Pers\u00f6nlicher Teleporter<\/a><li class=\"uagb-toc__list\"><li class=\"uagb-toc__list\"><a href=\"#system-integrity-compensator\" class=\"uagb-toc-link__trigger\">Systemintegrit\u00e4tskompensator<\/a><\/li><\/ul><\/li><\/ul><\/li><li class=\"uagb-toc__list\"><a href=\"#left-arm\" class=\"uagb-toc-link__trigger\">LINKER ARM<\/a><ul class=\"uagb-toc__list\"><li class=\"uagb-toc__list\"><a href=\"#engineering-focusing-module\" class=\"uagb-toc-link__trigger\">Modul zur technischen Fokussierung<\/a><li class=\"uagb-toc__list\"><li class=\"uagb-toc__list\"><a href=\"#sacrificial-preparations\" class=\"uagb-toc-link__trigger\">Opferzubereitungen<\/a><\/ul><\/ul><\/ul><\/ol>\t\t\t\t\t<\/div>\n\t\t\t\t\t\t\t\t\t<\/div>\n\t\t\t\t<\/div>\n\t\t\t<\/div><\/div>\n<\/div><\/section>\n\n\n\n<section class=\"wp-block-uagb-columns uagb-columns__wrap uagb-columns__background-undefined uagb-columns__stack-mobile uagb-columns__valign-undefined uagb-columns__gap-10 alignundefined uagb-block-08f51fc1\"><div class=\"uagb-columns__overlay\"><\/div><div class=\"uagb-columns__inner-wrap uagb-columns__columns-1\">\n<div class=\"wp-block-uagb-column uagb-column__wrap uagb-column__background-undefined uagb-block-71aff68f\"><div class=\"uagb-column__overlay\"><\/div><div class=\"uagb-column__inner-wrap\">\n<h4 class=\"wp-block-heading\">RECHTER ARM<\/h4>\n\n\n\n<section class=\"wp-block-uagb-columns uagb-columns__wrap uagb-columns__background-undefined uagb-columns__stack-mobile uagb-columns__valign-undefined uagb-columns__gap-10 alignundefined uagb-block-02540652\"><div class=\"uagb-columns__overlay\"><\/div><div class=\"uagb-columns__inner-wrap uagb-columns__columns-1\">\n<div class=\"wp-block-uagb-column uagb-column__wrap uagb-column__background-undefined uagb-block-ae381dc6\"><div class=\"uagb-column__overlay\"><\/div><div class=\"uagb-column__inner-wrap\">\n<h5 class=\"wp-block-heading\">Stabilit\u00e4tsunterdr\u00fccker<\/h5>\n\n\n\n<p>Gibt der SCU-Hauptkanone einen Fl\u00e4cheneffektradius von 4.<\/p>\n\n\n\n<p>Kosten: M2550, E600000, T4500<\/p>\n<\/div><\/div>\n<\/div><\/section>\n\n\n\n<section class=\"wp-block-uagb-columns uagb-columns__wrap uagb-columns__background-undefined uagb-columns__stack-mobile uagb-columns__valign-undefined uagb-columns__gap-10 alignundefined uagb-block-6e4d5e56\"><div class=\"uagb-columns__overlay\"><\/div><div class=\"uagb-columns__inner-wrap uagb-columns__columns-1\">\n<div class=\"wp-block-uagb-column uagb-column__wrap uagb-column__background-undefined uagb-block-54844651\"><div class=\"uagb-column__overlay\"><\/div><div class=\"uagb-column__inner-wrap\">\n<h5 class=\"wp-block-heading\">Ressourcenzuweisungssystem<\/h5>\n\n\n\n<p>Produziert zus\u00e4tzliche Ressourcen (siehe \u201eKosten\u201c oben).<\/p>\n\n\n\n<p>Kosten: M6000 (+18), E375000 (+2700), T9000<\/p>\n<\/div><\/div>\n<\/div><\/section>\n<\/div><\/div>\n<\/div><\/section>\n\n\n\n<section class=\"wp-block-uagb-columns uagb-columns__wrap uagb-columns__background-undefined uagb-columns__stack-mobile uagb-columns__valign-undefined uagb-columns__gap-10 alignundefined uagb-block-172e9f55\"><div class=\"uagb-columns__overlay\"><\/div><div class=\"uagb-columns__inner-wrap uagb-columns__columns-1\">\n<div class=\"wp-block-uagb-column uagb-column__wrap uagb-column__background-undefined uagb-block-af792547\"><div class=\"uagb-column__overlay\"><\/div><div class=\"uagb-column__inner-wrap\">\n<h4 class=\"wp-block-heading\">ZUR\u00dcCK<\/h4>\n\n\n\n<section class=\"wp-block-uagb-columns uagb-columns__wrap uagb-columns__background-undefined uagb-columns__stack-mobile uagb-columns__valign-undefined uagb-columns__gap-10 alignundefined uagb-block-dcc6f440\"><div class=\"uagb-columns__overlay\"><\/div><div class=\"uagb-columns__inner-wrap uagb-columns__columns-1\">\n<div class=\"wp-block-uagb-column uagb-column__wrap uagb-column__background-undefined uagb-block-1b4daeee\"><div class=\"uagb-column__overlay\"><\/div><div class=\"uagb-column__inner-wrap\">\n<h5 class=\"wp-block-heading\">Pers\u00f6nlicher Schildgenerator<\/h5>\n\n\n\n<p>Verleiht der SCU einen Schutzschild um sich herum.<\/p>\n\n\n\n<p>Kosten: M1000, E93750 (-300), T3750<br>Schild: 15000 PS<br>(Regenerationsrate: 115, Regenerationsstartzeit: 60, Ladezeit: 190)<\/p>\n<\/div><\/div>\n<\/div><\/section>\n\n\n\n<section class=\"wp-block-uagb-columns uagb-columns__wrap uagb-columns__background-undefined uagb-columns__stack-mobile uagb-columns__valign-undefined uagb-columns__gap-10 alignundefined uagb-block-628a765a\"><div class=\"uagb-columns__overlay\"><\/div><div class=\"uagb-columns__inner-wrap uagb-columns__columns-1\">\n<div class=\"wp-block-uagb-column uagb-column__wrap uagb-column__background-undefined uagb-block-3d966352\"><div class=\"uagb-column__overlay\"><\/div><div class=\"uagb-column__inner-wrap\">\n<h5 class=\"wp-block-heading\">Schwerer pers\u00f6nlicher Schildgenerator<\/h5>\n\n\n\n<p>Verleiht der SCU einen gr\u00f6\u00dferen Schutzschild um sich herum.<\/p>\n\n\n\n<p>Ben\u00f6tigt Personal Shield Generator<br>Kosten: M1650, E600000 (-600), T4500<br>Schild: 25000 PS<br>(Regenerationsrate: 152, Regenerationsstartzeit: 75, Ladezeit: 240)<\/p>\n<\/div><\/div>\n<\/div><\/section>\n\n\n\n<section class=\"wp-block-uagb-columns uagb-columns__wrap uagb-columns__background-undefined uagb-columns__stack-mobile uagb-columns__valign-undefined uagb-columns__gap-10 alignundefined uagb-block-2bc7e172\"><div class=\"uagb-columns__overlay\"><\/div><div class=\"uagb-columns__inner-wrap uagb-columns__columns-1\">\n<div class=\"wp-block-uagb-column uagb-column__wrap uagb-column__background-undefined uagb-block-388c2ebe\"><div class=\"uagb-column__overlay\"><\/div><div class=\"uagb-column__inner-wrap\">\n<h5 class=\"wp-block-heading\">Pers\u00f6nlicher Teleporter<\/h5>\n\n\n\n<p>Erm\u00f6glicht die Teleportation an eine beliebige Stelle auf der Karte.<\/p>\n\n\n\n<p>Kosten: M60000, E6000000, T18000<br>Nutzungskosten: E (-20000), T60<\/p>\n<\/div><\/div>\n<\/div><\/section>\n\n\n\n<section class=\"wp-block-uagb-columns uagb-columns__wrap uagb-columns__background-undefined uagb-columns__stack-mobile uagb-columns__valign-undefined uagb-columns__gap-10 alignundefined uagb-block-21c23f45\"><div class=\"uagb-columns__overlay\"><\/div><div class=\"uagb-columns__inner-wrap uagb-columns__columns-1\">\n<div class=\"wp-block-uagb-column uagb-column__wrap uagb-column__background-undefined uagb-block-b3afda76\"><div class=\"uagb-column__overlay\"><\/div><div class=\"uagb-column__inner-wrap\">\n<h5 class=\"wp-block-heading\">Systemintegrit\u00e4tskompensator<\/h5>\n\n\n\n<p>Erh\u00f6ht die Regenerationsrate auf 350 PS \/ s.<\/p>\n\n\n\n<p>Kosten: M1500, E112500, T4500<\/p>\n<\/div><\/div>\n<\/div><\/section>\n<\/div><\/div>\n<\/div><\/section>\n\n\n\n<section class=\"wp-block-uagb-columns uagb-columns__wrap uagb-columns__background-undefined uagb-columns__stack-mobile uagb-columns__valign-undefined uagb-columns__gap-10 alignundefined uagb-block-b5effbc2\"><div class=\"uagb-columns__overlay\"><\/div><div class=\"uagb-columns__inner-wrap uagb-columns__columns-1\">\n<div class=\"wp-block-uagb-column uagb-column__wrap uagb-column__background-undefined uagb-block-0d340958\"><div class=\"uagb-column__overlay\"><\/div><div class=\"uagb-column__inner-wrap\">\n<h4 class=\"wp-block-heading\">LINKER ARM<\/h4>\n\n\n\n<section class=\"wp-block-uagb-columns uagb-columns__wrap uagb-columns__background-undefined uagb-columns__stack-mobile uagb-columns__valign-undefined uagb-columns__gap-10 alignundefined uagb-block-486309bf\"><div class=\"uagb-columns__overlay\"><\/div><div class=\"uagb-columns__inner-wrap uagb-columns__columns-1\">\n<div class=\"wp-block-uagb-column uagb-column__wrap uagb-column__background-undefined uagb-block-519bbfee\"><div class=\"uagb-column__overlay\"><\/div><div class=\"uagb-column__inner-wrap\">\n<h5 class=\"wp-block-heading\">Modul zur technischen Fokussierung<\/h5>\n\n\n\n<p>Erh\u00f6ht die Build-Geschwindigkeit auf 60.<\/p>\n\n\n\n<p>Kosten: M2100, E75000, T9000<\/p>\n<\/div><\/div>\n<\/div><\/section>\n\n\n\n<section class=\"wp-block-uagb-columns uagb-columns__wrap uagb-columns__background-undefined uagb-columns__stack-mobile uagb-columns__valign-undefined uagb-columns__gap-10 alignundefined uagb-block-c2bb6652\"><div class=\"uagb-columns__overlay\"><\/div><div class=\"uagb-columns__inner-wrap uagb-columns__columns-1\">\n<div class=\"wp-block-uagb-column uagb-column__wrap uagb-column__background-undefined uagb-block-8846c3e4\"><div class=\"uagb-column__overlay\"><\/div><div class=\"uagb-column__inner-wrap\">\n<h5 class=\"wp-block-heading\">Opferzubereitungen<\/h5>\n\n\n\n<p>Erm\u00f6glicht der SCU, wie andere Aeon-Ingenieure zu opfern.<\/p>\n\n\n\n<p>Kosten: M300, E4500, T2250<br>Opfer: M3000 (57.7%)<\/p>\n<\/div><\/div>\n<\/div><\/section>\n<\/div><\/div>\n<\/div><\/section>","protected":false},"excerpt":{"rendered":"<p>SUPPORT COMMAND UNIT &#8211; AEON SCU Aeon Subcommanders are extremely expensive, but make up for it by being very powerful fighting units as well as great builders &#8211; much better than your Commander even if you don&#8217;t bother to upgrade them. The subcommander has a build speed of 30. SCU Stats Armor: 25000hp (regen rate: [&hellip;]<\/p>","protected":false},"author":1,"featured_media":0,"parent":503,"menu_order":0,"comment_status":"open","ping_status":"closed","template":"","meta":{"_uag_custom_page_level_css":"","site-sidebar-layout":"default","site-content-layout":"default","ast-site-content-layout":"","site-content-style":"default","site-sidebar-style":"default","ast-global-header-display":"","ast-banner-title-visibility":"","ast-main-header-display":"","ast-hfb-above-header-display":"","ast-hfb-below-header-display":"","ast-hfb-mobile-header-display":"","site-post-title":"","ast-breadcrumbs-content":"","ast-featured-img":"","footer-sml-layout":"","theme-transparent-header-meta":"default","adv-header-id-meta":"","stick-header-meta":"","header-above-stick-meta":"","header-main-stick-meta":"","header-below-stick-meta":"","astra-migrate-meta-layouts":"default","ast-page-background-enabled":"default","ast-page-background-meta":{"desktop":{"background-color":"","background-image":"","background-repeat":"repeat","background-position":"center center","background-size":"auto","background-attachment":"scroll","background-type":"","background-media":"","overlay-type":"","overlay-color":"","overlay-gradient":""},"tablet":{"background-color":"","background-image":"","background-repeat":"repeat","background-position":"center center","background-size":"auto","background-attachment":"scroll","background-type":"","background-media":"","overlay-type":"","overlay-color":"","overlay-gradient":""},"mobile":{"background-color":"","background-image":"","background-repeat":"repeat","background-position":"center center","background-size":"auto","background-attachment":"scroll","background-type":"","background-media":"","overlay-type":"","overlay-color":"","overlay-gradient":""}},"ast-content-background-meta":{"desktop":{"background-color":"var(--ast-global-color-5)","background-image":"","background-repeat":"repeat","background-position":"center center","background-size":"auto","background-attachment":"scroll","background-type":"","background-media":"","overlay-type":"","overlay-color":"","overlay-gradient":""},"tablet":{"background-color":"var(--ast-global-color-5)","background-image":"","background-repeat":"repeat","background-position":"center center","background-size":"auto","background-attachment":"scroll","background-type":"","background-media":"","overlay-type":"","overlay-color":"","overlay-gradient":""},"mobile":{"background-color":"var(--ast-global-color-5)","background-image":"","background-repeat":"repeat","background-position":"center center","background-size":"auto","background-attachment":"scroll","background-type":"","background-media":"","overlay-type":"","overlay-color":"","overlay-gradient":""}},"footnotes":""},"uagb_featured_image_src":{"full":false,"thumbnail":false,"medium":false,"medium_large":false,"large":false,"1536x1536":false,"2048x2048":false,"trp-custom-language-flag":false},"uagb_author_info":{"display_name":"SOE","author_link":"https:\/\/supcom.standardof.net\/de\/author\/k-tastic\/"},"uagb_comment_info":0,"uagb_excerpt":"SUPPORT COMMAND UNIT &#8211; AEON SCU Aeon Subcommanders are extremely expensive, but make up for it by being very powerful fighting units as well as great builders &#8211; much better than your Commander even if you don&#8217;t bother to upgrade them. The subcommander has a build speed of 30. SCU Stats Armor: 25000hp (regen rate:&hellip;","_links":{"self":[{"href":"https:\/\/supcom.standardof.net\/de\/wp-json\/wp\/v2\/pages\/708"}],"collection":[{"href":"https:\/\/supcom.standardof.net\/de\/wp-json\/wp\/v2\/pages"}],"about":[{"href":"https:\/\/supcom.standardof.net\/de\/wp-json\/wp\/v2\/types\/page"}],"author":[{"embeddable":true,"href":"https:\/\/supcom.standardof.net\/de\/wp-json\/wp\/v2\/users\/1"}],"replies":[{"embeddable":true,"href":"https:\/\/supcom.standardof.net\/de\/wp-json\/wp\/v2\/comments?post=708"}],"version-history":[{"count":0,"href":"https:\/\/supcom.standardof.net\/de\/wp-json\/wp\/v2\/pages\/708\/revisions"}],"up":[{"embeddable":true,"href":"https:\/\/supcom.standardof.net\/de\/wp-json\/wp\/v2\/pages\/503"}],"wp:attachment":[{"href":"https:\/\/supcom.standardof.net\/de\/wp-json\/wp\/v2\/media?parent=708"}],"curies":[{"name":"wp","href":"https:\/\/api.w.org\/{rel}","templated":true}]}}