{"id":723,"date":"2020-11-03T11:23:26","date_gmt":"2020-11-03T16:23:26","guid":{"rendered":"https:\/\/supcom.standardof.net\/?page_id=723"},"modified":"2020-11-05T00:42:14","modified_gmt":"2020-11-05T05:42:14","slug":"tech-2-aeon-economy-buildings","status":"publish","type":"page","link":"https:\/\/supcom.standardof.net\/de\/supreme-commander\/aon\/tech-2-aon-wirtschaft-gebaude\/","title":{"rendered":"Tech 2 - Aeon Economy Geb\u00e4ude"},"content":{"rendered":"<div class=\"wp-block-uagb-table-of-contents uagb-toc__align-left uagb-toc__columns-1  uagb-block-3d514c23\"\n\t\t\t\t\tdata-scroll= \"1\"\n\t\t\t\t\tdata-offset= \"30\"\n\t\t\t\t\tstyle=\"\"\n\t\t\t\t>\n\t\t\t\t<div class=\"uagb-toc__wrap\">\n\t\t\t\t\t\t<div class=\"uagb-toc__title\">\n\t\t\t\t\t\t\tAeon Tech 2 Wirtschaftsgeb\u00e4ude:\t\t\t\t\t\t<\/div>\n\t\t\t\t\t\t\t\t\t\t\t\t\t\t\t\t<div class=\"uagb-toc__list-wrap\">\n\t\t\t\t\t\t<ol class=\"uagb-toc__list\"><li class=\"uagb-toc__list\"><a href=\"#tech-2-aeon-land-factory\" class=\"uagb-toc-link__trigger\">TECH 2 AEON LAND FACTORY<\/a><li class=\"uagb-toc__list\"><a href=\"#tech-2-aeon-air-factory\" class=\"uagb-toc-link__trigger\">TECH 2 AEON AIR FACTORY<\/a><li class=\"uagb-toc__list\"><a href=\"#tech-2-aeon-naval-factory\" class=\"uagb-toc-link__trigger\">TECH 2 AEON NAVAL FACTORY<\/a><li class=\"uagb-toc__list\"><a href=\"#tech-2-mass-extractor\" class=\"uagb-toc-link__trigger\">TECH 2 MASS EXTRACTOR<\/a><li class=\"uagb-toc__list\"><a href=\"#tech-2-power-generator\" class=\"uagb-toc-link__trigger\">TECH 2 POWER GENERATOR<\/a><\/ol>\t\t\t\t\t<\/div>\n\t\t\t\t\t\t\t\t\t<\/div>\n\t\t\t\t<\/div>\n\t\t\t\n\n\n<section class=\"wp-block-uagb-columns uagb-columns__wrap uagb-columns__background-undefined uagb-columns__stack-mobile uagb-columns__valign-undefined uagb-columns__gap-10 alignundefined uagb-block-26c784dc\"><div class=\"uagb-columns__overlay\"><\/div><div class=\"uagb-columns__inner-wrap uagb-columns__columns-1\">\n<div class=\"wp-block-uagb-column uagb-column__wrap uagb-column__background-undefined uagb-block-3218db5b\"><div class=\"uagb-column__overlay\"><\/div><div class=\"uagb-column__inner-wrap\">\n<h2 class=\"wp-block-heading\">TECH 2 AEON <strong>LAND FABRIK<\/strong><\/h2>\n\n\n\n<p>In der T2-Stufe ist Ihre Fabrik nicht anf\u00e4llig f\u00fcr \u00dcberraschungsangriffe und normalerweise das letzte Geb\u00e4ude, das stirbt. Es ist immer noch doppelt so schnell wie Ihr Ingenieur auf dem gleichen Niveau.<\/p>\n\n\n\n<div class=\"wp-block-image\"><figure class=\"aligncenter size-large\"><a href=\"https:\/\/supcom.standardof.net\/de\/supreme-commander\/aon\/tech-2-aon-wirtschaft-gebaude\/tech-2-aeon-land-factory-supreme-commander-aeon-tech-2-economy\/\"><img decoding=\"async\" width=\"800\" height=\"604\" src=\"https:\/\/supcom.standardof.net\/wp-content\/uploads\/sites\/8\/2020\/11\/TECH-2-AEON-LAND-FACTORY-Supreme-Commander-Aeon-Tech-2-Economy-800x604.jpg\" alt=\"Die T2 Land Factory, Wirtschaftsgeb\u00e4ude Aeon Tech 2 im Oberbefehlshaber.\" class=\"wp-image-1119\" srcset=\"https:\/\/supcom.standardof.net\/wp-content\/uploads\/sites\/8\/2020\/11\/TECH-2-AEON-LAND-FACTORY-Supreme-Commander-Aeon-Tech-2-Economy-800x604.jpg 800w, https:\/\/supcom.standardof.net\/wp-content\/uploads\/sites\/8\/2020\/11\/TECH-2-AEON-LAND-FACTORY-Supreme-Commander-Aeon-Tech-2-Economy-512x387.jpg 512w, https:\/\/supcom.standardof.net\/wp-content\/uploads\/sites\/8\/2020\/11\/TECH-2-AEON-LAND-FACTORY-Supreme-Commander-Aeon-Tech-2-Economy-200x151.jpg 200w, https:\/\/supcom.standardof.net\/wp-content\/uploads\/sites\/8\/2020\/11\/TECH-2-AEON-LAND-FACTORY-Supreme-Commander-Aeon-Tech-2-Economy-768x580.jpg 768w, https:\/\/supcom.standardof.net\/wp-content\/uploads\/sites\/8\/2020\/11\/TECH-2-AEON-LAND-FACTORY-Supreme-Commander-Aeon-Tech-2-Economy-1536x1160.jpg 1536w, https:\/\/supcom.standardof.net\/wp-content\/uploads\/sites\/8\/2020\/11\/TECH-2-AEON-LAND-FACTORY-Supreme-Commander-Aeon-Tech-2-Economy-16x12.jpg 16w, https:\/\/supcom.standardof.net\/wp-content\/uploads\/sites\/8\/2020\/11\/TECH-2-AEON-LAND-FACTORY-Supreme-Commander-Aeon-Tech-2-Economy.jpg 1605w\" sizes=\"(max-width: 800px) 100vw, 800px\" \/><\/a><figcaption>T2 AEON LAND FACTORY<\/figcaption><\/figure><\/div>\n\n\n\n<section class=\"wp-block-uagb-columns uagb-columns__wrap uagb-columns__background-undefined uagb-columns__stack-mobile uagb-columns__valign-undefined uagb-columns__gap-10 alignundefined uagb-block-3bf80aab\"><div class=\"uagb-columns__overlay\"><\/div><div class=\"uagb-columns__inner-wrap uagb-columns__columns-2\">\n<div class=\"wp-block-uagb-column uagb-column__wrap uagb-column__background-undefined uagb-block-baa43ebd\"><div class=\"uagb-column__overlay\"><\/div><div class=\"uagb-column__inner-wrap\">\n<h3 class=\"wp-block-heading\">T2 Land Factory Statistiken<\/h3>\n\n\n\n<p>R\u00fcstung: 8400 PS<br>F\u00e4higkeiten: Aufr\u00fcstbar<br>Kosten: M950 (Speicher: 160), E7600 (Speicher: 800), T1900, <br>Baurate: 20<br>Intel: Sicht: 20 (391 m)<br>Physik: Gr\u00f6\u00dfe f\u00fcr die Nachbarschaft: 16<\/p>\n<\/div><\/div>\n\n\n\n<div class=\"wp-block-uagb-column uagb-column__wrap uagb-column__background-undefined uagb-block-1896699e\"><div class=\"uagb-column__overlay\"><\/div><div class=\"uagb-column__inner-wrap\"><\/div><\/div>\n<\/div><\/section>\n<\/div><\/div>\n<\/div><\/section>\n\n\n\n<section class=\"wp-block-uagb-columns uagb-columns__wrap uagb-columns__background-undefined uagb-columns__stack-mobile uagb-columns__valign-undefined uagb-columns__gap-10 alignundefined uagb-block-4bc9a3fe\"><div class=\"uagb-columns__overlay\"><\/div><div class=\"uagb-columns__inner-wrap uagb-columns__columns-1\">\n<div class=\"wp-block-uagb-column uagb-column__wrap uagb-column__background-undefined uagb-block-191e5346\"><div class=\"uagb-column__overlay\"><\/div><div class=\"uagb-column__inner-wrap\">\n<h2 class=\"wp-block-heading\">TECH 2 AEON <strong>LUFTFABRIK<\/strong><\/h2>\n\n\n\n<p>Das Upgrade der T2-Luftfabrik ist langsamer als das Upgrade der T2-Landfabrik. Wenn es also Zeit f\u00fcr technische Verbesserungen ist und Sie nur Ingenieure ben\u00f6tigen, f\u00fchren Sie dies sp\u00e4ter durch.<\/p>\n\n\n\n<div class=\"wp-block-image\"><figure class=\"aligncenter size-large\"><a href=\"https:\/\/supcom.standardof.net\/de\/supreme-commander\/aon\/tech-2-aon-wirtschaft-gebaude\/tech-2-aeon-air-factory-supreme-commander-aeon-tech-2-economy\/\"><img decoding=\"async\" width=\"800\" height=\"643\" src=\"https:\/\/supcom.standardof.net\/wp-content\/uploads\/sites\/8\/2020\/11\/TECH-2-AEON-AIR-FACTORY-Supreme-Commander-Aeon-Tech-2-Economy-800x643.jpg\" alt=\"Die T2 Luftfabrik, Aeon Tech 2 Economy Building im Oberbefehlshaber.\" class=\"wp-image-1118\" srcset=\"https:\/\/supcom.standardof.net\/wp-content\/uploads\/sites\/8\/2020\/11\/TECH-2-AEON-AIR-FACTORY-Supreme-Commander-Aeon-Tech-2-Economy-800x643.jpg 800w, https:\/\/supcom.standardof.net\/wp-content\/uploads\/sites\/8\/2020\/11\/TECH-2-AEON-AIR-FACTORY-Supreme-Commander-Aeon-Tech-2-Economy-512x412.jpg 512w, https:\/\/supcom.standardof.net\/wp-content\/uploads\/sites\/8\/2020\/11\/TECH-2-AEON-AIR-FACTORY-Supreme-Commander-Aeon-Tech-2-Economy-200x161.jpg 200w, https:\/\/supcom.standardof.net\/wp-content\/uploads\/sites\/8\/2020\/11\/TECH-2-AEON-AIR-FACTORY-Supreme-Commander-Aeon-Tech-2-Economy-768x618.jpg 768w, https:\/\/supcom.standardof.net\/wp-content\/uploads\/sites\/8\/2020\/11\/TECH-2-AEON-AIR-FACTORY-Supreme-Commander-Aeon-Tech-2-Economy-16x12.jpg 16w, https:\/\/supcom.standardof.net\/wp-content\/uploads\/sites\/8\/2020\/11\/TECH-2-AEON-AIR-FACTORY-Supreme-Commander-Aeon-Tech-2-Economy.jpg 1440w\" sizes=\"(max-width: 800px) 100vw, 800px\" \/><\/a><figcaption>T2 AEON LUFTFABRIK<\/figcaption><\/figure><\/div>\n\n\n\n<section class=\"wp-block-uagb-columns uagb-columns__wrap uagb-columns__background-undefined uagb-columns__stack-mobile uagb-columns__valign-undefined uagb-columns__gap-10 alignundefined uagb-block-0180c7b7\"><div class=\"uagb-columns__overlay\"><\/div><div class=\"uagb-columns__inner-wrap uagb-columns__columns-2\">\n<div class=\"wp-block-uagb-column uagb-column__wrap uagb-column__background-undefined uagb-block-5443c14c\"><div class=\"uagb-column__overlay\"><\/div><div class=\"uagb-column__inner-wrap\">\n<h3 class=\"wp-block-heading\">T2 Air Factory Statistik<\/h3>\n\n\n\n<p>R\u00fcstung: 8400 PS<br>F\u00e4higkeiten: Aufr\u00fcstbar<br>Kosten: M720 (Speicher: 160), E19200 (Speicher: 800), T2400,<br>Baurate: 20<br>Intel: Sicht: 20 (391 m)<br>Physik: Gr\u00f6\u00dfe f\u00fcr die Nachbarschaft: 16<\/p>\n<\/div><\/div>\n\n\n\n<div class=\"wp-block-uagb-column uagb-column__wrap uagb-column__background-undefined uagb-block-382a913c\"><div class=\"uagb-column__overlay\"><\/div><div class=\"uagb-column__inner-wrap\"><\/div><\/div>\n<\/div><\/section>\n<\/div><\/div>\n<\/div><\/section>\n\n\n\n<section class=\"wp-block-uagb-columns uagb-columns__wrap uagb-columns__background-undefined uagb-columns__stack-mobile uagb-columns__valign-undefined uagb-columns__gap-10 alignundefined uagb-block-99ba0b7b\"><div class=\"uagb-columns__overlay\"><\/div><div class=\"uagb-columns__inner-wrap uagb-columns__columns-1\">\n<div class=\"wp-block-uagb-column uagb-column__wrap uagb-column__background-undefined uagb-block-5d6c2873\"><div class=\"uagb-column__overlay\"><\/div><div class=\"uagb-column__inner-wrap\">\n<h2 class=\"wp-block-heading\">TECH 2 AEON <strong>NAVAL FACTORY<\/strong><\/h2>\n\n\n\n<p>Die T2 Naval Factory hat jetzt eine Menge Gesundheit, ohne viel teurer zu sein als die anderen Upgrades. Angesichts der Tatsache, dass die UEF T1-Marine so schlecht ist, haben Sie jetzt noch mehr Gr\u00fcnde, fr\u00fchzeitig zu arbeiten (auch wenn es nur darum geht, U-Boote doppelt so schnell zu machen).<\/p>\n\n\n\n<div class=\"wp-block-image\"><figure class=\"aligncenter size-large\"><a href=\"https:\/\/supcom.standardof.net\/de\/supreme-commander\/aon\/tech-2-aon-wirtschaft-gebaude\/tech-2-aeon-naval-factory-supreme-commander-aeon-tech-2-economy\/\"><img decoding=\"async\" width=\"800\" height=\"642\" src=\"https:\/\/supcom.standardof.net\/wp-content\/uploads\/sites\/8\/2020\/11\/TECH-2-AEON-NAVAL-FACTORY-Supreme-Commander-Aeon-Tech-2-Economy-800x642.jpg\" alt=\"Die T2 Naval Factory, Aeon Tech 2 Wirtschaftsgeb\u00e4ude im Oberbefehlshaber.\" class=\"wp-image-1120\" srcset=\"https:\/\/supcom.standardof.net\/wp-content\/uploads\/sites\/8\/2020\/11\/TECH-2-AEON-NAVAL-FACTORY-Supreme-Commander-Aeon-Tech-2-Economy-800x642.jpg 800w, https:\/\/supcom.standardof.net\/wp-content\/uploads\/sites\/8\/2020\/11\/TECH-2-AEON-NAVAL-FACTORY-Supreme-Commander-Aeon-Tech-2-Economy-512x411.jpg 512w, https:\/\/supcom.standardof.net\/wp-content\/uploads\/sites\/8\/2020\/11\/TECH-2-AEON-NAVAL-FACTORY-Supreme-Commander-Aeon-Tech-2-Economy-200x161.jpg 200w, https:\/\/supcom.standardof.net\/wp-content\/uploads\/sites\/8\/2020\/11\/TECH-2-AEON-NAVAL-FACTORY-Supreme-Commander-Aeon-Tech-2-Economy-768x617.jpg 768w, https:\/\/supcom.standardof.net\/wp-content\/uploads\/sites\/8\/2020\/11\/TECH-2-AEON-NAVAL-FACTORY-Supreme-Commander-Aeon-Tech-2-Economy-1536x1234.jpg 1536w, https:\/\/supcom.standardof.net\/wp-content\/uploads\/sites\/8\/2020\/11\/TECH-2-AEON-NAVAL-FACTORY-Supreme-Commander-Aeon-Tech-2-Economy-16x12.jpg 16w, https:\/\/supcom.standardof.net\/wp-content\/uploads\/sites\/8\/2020\/11\/TECH-2-AEON-NAVAL-FACTORY-Supreme-Commander-Aeon-Tech-2-Economy.jpg 1554w\" sizes=\"(max-width: 800px) 100vw, 800px\" \/><\/a><figcaption>T2 AEON NAVAL FACTORY<\/figcaption><\/figure><\/div>\n\n\n\n<section class=\"wp-block-uagb-columns uagb-columns__wrap uagb-columns__background-undefined uagb-columns__stack-mobile uagb-columns__valign-undefined uagb-columns__gap-10 alignundefined uagb-block-baf36cb6\"><div class=\"uagb-columns__overlay\"><\/div><div class=\"uagb-columns__inner-wrap uagb-columns__columns-2\">\n<div class=\"wp-block-uagb-column uagb-column__wrap uagb-column__background-undefined uagb-block-ed469209\"><div class=\"uagb-column__overlay\"><\/div><div class=\"uagb-column__inner-wrap\">\n<h3 class=\"wp-block-heading\">T2 Naval Factory Stats<\/h3>\n\n\n\n<p>R\u00fcstung: 17000 PS<br>F\u00e4higkeiten: Aufr\u00fcstbar<br>Kosten: M950 (Speicher: 160), E7600 (Speicher: 800), T1900,<br>Baurate: 20<br>Intel: Sicht: 20 (391 m)<br>Physik: Gr\u00f6\u00dfe f\u00fcr die Nachbarschaft: 16<\/p>\n<\/div><\/div>\n\n\n\n<div class=\"wp-block-uagb-column uagb-column__wrap uagb-column__background-undefined uagb-block-8bbc9c0e\"><div class=\"uagb-column__overlay\"><\/div><div class=\"uagb-column__inner-wrap\"><\/div><\/div>\n<\/div><\/section>\n<\/div><\/div>\n<\/div><\/section>\n\n\n\n<section class=\"wp-block-uagb-columns uagb-columns__wrap uagb-columns__background-undefined uagb-columns__stack-mobile uagb-columns__valign-undefined uagb-columns__gap-10 alignundefined uagb-block-ee614046\"><div class=\"uagb-columns__overlay\"><\/div><div class=\"uagb-columns__inner-wrap uagb-columns__columns-1\">\n<div class=\"wp-block-uagb-column uagb-column__wrap uagb-column__background-undefined uagb-block-edd39df0\"><div class=\"uagb-column__overlay\"><\/div><div class=\"uagb-column__inner-wrap\">\n<h2 class=\"wp-block-heading\">TECH 2 <strong>MASSENEXTRAKTOR<\/strong><\/h2>\n\n\n\n<p>Auf T2-Ebene haben Sie Ihr gesamtes Ausma\u00df erweitert und es ist jetzt an der Zeit, Ihre Massenextraktoren zu aktualisieren. Seien Sie vorsichtig, wenn Sie ihnen helfen - sie werden nach Abschluss des Upgrades nicht mehr als inaktiv angezeigt.<\/p>\n\n\n\n<div class=\"wp-block-image\"><figure class=\"aligncenter size-large\"><a href=\"https:\/\/supcom.standardof.net\/de\/supreme-commander\/aon\/tech-2-aon-wirtschaft-gebaude\/tech-2-mass-extractor-supreme-commander-aeon-tech-2-economy\/\"><img decoding=\"async\" width=\"800\" height=\"606\" src=\"https:\/\/supcom.standardof.net\/wp-content\/uploads\/sites\/8\/2020\/11\/TECH-2-MASS-EXTRACTOR-Supreme-Commander-Aeon-Tech-2-Economy-800x606.jpg\" alt=\"Der T2-Massenextraktor, Aeon Tech 2 Economy Building im Supreme Commander.\" class=\"wp-image-1121\" srcset=\"https:\/\/supcom.standardof.net\/wp-content\/uploads\/sites\/8\/2020\/11\/TECH-2-MASS-EXTRACTOR-Supreme-Commander-Aeon-Tech-2-Economy-800x606.jpg 800w, https:\/\/supcom.standardof.net\/wp-content\/uploads\/sites\/8\/2020\/11\/TECH-2-MASS-EXTRACTOR-Supreme-Commander-Aeon-Tech-2-Economy-512x388.jpg 512w, https:\/\/supcom.standardof.net\/wp-content\/uploads\/sites\/8\/2020\/11\/TECH-2-MASS-EXTRACTOR-Supreme-Commander-Aeon-Tech-2-Economy-200x151.jpg 200w, https:\/\/supcom.standardof.net\/wp-content\/uploads\/sites\/8\/2020\/11\/TECH-2-MASS-EXTRACTOR-Supreme-Commander-Aeon-Tech-2-Economy-768x582.jpg 768w, https:\/\/supcom.standardof.net\/wp-content\/uploads\/sites\/8\/2020\/11\/TECH-2-MASS-EXTRACTOR-Supreme-Commander-Aeon-Tech-2-Economy-16x12.jpg 16w, https:\/\/supcom.standardof.net\/wp-content\/uploads\/sites\/8\/2020\/11\/TECH-2-MASS-EXTRACTOR-Supreme-Commander-Aeon-Tech-2-Economy.jpg 1014w\" sizes=\"(max-width: 800px) 100vw, 800px\" \/><\/a><figcaption>T2 MASSENEXTRAKTOR<\/figcaption><\/figure><\/div>\n\n\n\n<section class=\"wp-block-uagb-columns uagb-columns__wrap uagb-columns__background-undefined uagb-columns__stack-mobile uagb-columns__valign-undefined uagb-columns__gap-10 alignundefined uagb-block-052d97c1\"><div class=\"uagb-columns__overlay\"><\/div><div class=\"uagb-columns__inner-wrap uagb-columns__columns-2\">\n<div class=\"wp-block-uagb-column uagb-column__wrap uagb-column__background-undefined uagb-block-65f7f344\"><div class=\"uagb-column__overlay\"><\/div><div class=\"uagb-column__inner-wrap\">\n<h3 class=\"wp-block-heading\">T2 Mass Extractor Stats<\/h3>\n\n\n\n<p>T2 MASSENEXTRAKTOR<br>R\u00fcstung: 2160 PS<br>F\u00e4higkeiten: Aufr\u00fcstbar<br>Kosten: M900 (+6), E5400 (-9), T900,<br>Baurate: 15<br>Intel: Sicht: 20 (391 m)<br>Physik: Gr\u00f6\u00dfe f\u00fcr die Nachbarschaft: 4<br>Adjazenzboni (Gr\u00f6\u00dfe des angrenzenden Geb\u00e4udes: 4, 8, 12, 16, 20):<br>Reduzierung des Massenabflusses (Fabriken): 15.00%, 7.50%, 5.00%, 3.75%, 3.00%<\/p>\n<\/div><\/div>\n\n\n\n<div class=\"wp-block-uagb-column uagb-column__wrap uagb-column__background-undefined uagb-block-ce4fc8ea\"><div class=\"uagb-column__overlay\"><\/div><div class=\"uagb-column__inner-wrap\"><\/div><\/div>\n<\/div><\/section>\n<\/div><\/div>\n<\/div><\/section>\n\n\n\n<section class=\"wp-block-uagb-columns uagb-columns__wrap uagb-columns__background-undefined uagb-columns__stack-mobile uagb-columns__valign-undefined uagb-columns__gap-10 alignundefined uagb-block-245d77f1\"><div class=\"uagb-columns__overlay\"><\/div><div class=\"uagb-columns__inner-wrap uagb-columns__columns-1\">\n<div class=\"wp-block-uagb-column uagb-column__wrap uagb-column__background-undefined uagb-block-371b3411\"><div class=\"uagb-column__overlay\"><\/div><div class=\"uagb-column__inner-wrap\">\n<h2 class=\"wp-block-heading\">TECH 2 <strong>STROMGENERATOR<\/strong><\/h2>\n\n\n\n<p>Der T2-Stromgenerator ist ein Schl\u00fcsselelement Ihrer Wirtschaft. Er bietet diesen Schub, der verhindert, dass Sie an die winzigen Energiedosen von T1-Strom gefesselt werden, und gew\u00e4hrt gleichzeitig einen gro\u00dfz\u00fcgigen Adjazenzbonus, wenn Sie T2-Artillerie daneben stellen m\u00f6chten.<\/p>\n\n\n\n<div class=\"wp-block-image\"><figure class=\"aligncenter size-large\"><a href=\"https:\/\/supcom.standardof.net\/de\/supreme-commander\/aon\/tech-2-aon-wirtschaft-gebaude\/tech-2-power-generator-supreme-commander-aeon-tech-2-economy\/\"><img decoding=\"async\" width=\"800\" height=\"635\" src=\"https:\/\/supcom.standardof.net\/wp-content\/uploads\/sites\/8\/2020\/11\/TECH-2-POWER-GENERATOR-Supreme-Commander-Aeon-Tech-2-Economy-800x635.jpg\" alt=\"Der T2-Stromgenerator, Aeon Tech 2 Economy Building im Supreme Commander.\" class=\"wp-image-1122\" srcset=\"https:\/\/supcom.standardof.net\/wp-content\/uploads\/sites\/8\/2020\/11\/TECH-2-POWER-GENERATOR-Supreme-Commander-Aeon-Tech-2-Economy-800x635.jpg 800w, https:\/\/supcom.standardof.net\/wp-content\/uploads\/sites\/8\/2020\/11\/TECH-2-POWER-GENERATOR-Supreme-Commander-Aeon-Tech-2-Economy-512x407.jpg 512w, https:\/\/supcom.standardof.net\/wp-content\/uploads\/sites\/8\/2020\/11\/TECH-2-POWER-GENERATOR-Supreme-Commander-Aeon-Tech-2-Economy-200x159.jpg 200w, https:\/\/supcom.standardof.net\/wp-content\/uploads\/sites\/8\/2020\/11\/TECH-2-POWER-GENERATOR-Supreme-Commander-Aeon-Tech-2-Economy-768x610.jpg 768w, https:\/\/supcom.standardof.net\/wp-content\/uploads\/sites\/8\/2020\/11\/TECH-2-POWER-GENERATOR-Supreme-Commander-Aeon-Tech-2-Economy-1536x1220.jpg 1536w, https:\/\/supcom.standardof.net\/wp-content\/uploads\/sites\/8\/2020\/11\/TECH-2-POWER-GENERATOR-Supreme-Commander-Aeon-Tech-2-Economy-16x12.jpg 16w, https:\/\/supcom.standardof.net\/wp-content\/uploads\/sites\/8\/2020\/11\/TECH-2-POWER-GENERATOR-Supreme-Commander-Aeon-Tech-2-Economy.jpg 1545w\" sizes=\"(max-width: 800px) 100vw, 800px\" \/><\/a><figcaption>T2 POWER GENERATOR<\/figcaption><\/figure><\/div>\n\n\n\n<section class=\"wp-block-uagb-columns uagb-columns__wrap uagb-columns__background-undefined uagb-columns__stack-mobile uagb-columns__valign-undefined uagb-columns__gap-10 alignundefined uagb-block-99e1171e\"><div class=\"uagb-columns__overlay\"><\/div><div class=\"uagb-columns__inner-wrap uagb-columns__columns-2\">\n<div class=\"wp-block-uagb-column uagb-column__wrap uagb-column__background-undefined uagb-block-4e9753a5\"><div class=\"uagb-column__overlay\"><\/div><div class=\"uagb-column__inner-wrap\">\n<h3 class=\"wp-block-heading\">T2 Stromerzeugerstatistik<\/h3>\n\n\n\n<p>R\u00fcstung: 2160 PS<br>Kosten: M1200, E12000 (+500), T2000<br>Intel: Sicht: 20 (391 m)<br>Physik: Gr\u00f6\u00dfe f\u00fcr die Nachbarschaft: 12<\/p>\n\n\n\n<p>Adjazenzboni (Gr\u00f6\u00dfe des angrenzenden Geb\u00e4udes: 4, 8, 12, 16, 20):<br>Reduzierung des Energieverbrauchs (Wartung): 12.50%, 12.50%, 12.50%, 12.50%<br>Reduzierung des Energieverbrauchs (Fabriken): 12.50%, 12.50%, 12.50%, 12.50%, 12.50%<br>Reduzierung der Entleerungszeit f\u00fcr Energiewaffen: 5.00% ,, 5.00%, 5.00%, 5.00%<\/p>\n<\/div><\/div>\n\n\n\n<div class=\"wp-block-uagb-column uagb-column__wrap uagb-column__background-undefined uagb-block-fdd46841\"><div class=\"uagb-column__overlay\"><\/div><div class=\"uagb-column__inner-wrap\">\n<h3 class=\"wp-block-heading\">T2 Stromerzeugerwaffen<\/h3>\n\n\n\n<p>Todeswaffe: 1500 Schaden, Fl\u00e4che: 5 (97,7 m)<\/p>\n<\/div><\/div>\n<\/div><\/section>\n<\/div><\/div>\n<\/div><\/section>","protected":false},"excerpt":{"rendered":"<p>TECH 2 AEON LAND FACTORY By the T2 level, your factory is not vulnerable to surprise strikes, and is usually the last building to die. It&#8217;s still twice as fast as your engineer of the same level. T2 Land Factory Stats Armor: 8400hpAbilities: UpgradeableCost: M950 (storage: 160), E7600 (storage: 800), T1900, build rate: 20Intel: sight: [&hellip;]<\/p>","protected":false},"author":1,"featured_media":0,"parent":503,"menu_order":0,"comment_status":"open","ping_status":"closed","template":"","meta":{"_uag_custom_page_level_css":"","site-sidebar-layout":"default","site-content-layout":"default","ast-site-content-layout":"","site-content-style":"default","site-sidebar-style":"default","ast-global-header-display":"","ast-banner-title-visibility":"","ast-main-header-display":"","ast-hfb-above-header-display":"","ast-hfb-below-header-display":"","ast-hfb-mobile-header-display":"","site-post-title":"","ast-breadcrumbs-content":"","ast-featured-img":"","footer-sml-layout":"","theme-transparent-header-meta":"default","adv-header-id-meta":"","stick-header-meta":"","header-above-stick-meta":"","header-main-stick-meta":"","header-below-stick-meta":"","astra-migrate-meta-layouts":"default","ast-page-background-enabled":"default","ast-page-background-meta":{"desktop":{"background-color":"","background-image":"","background-repeat":"repeat","background-position":"center center","background-size":"auto","background-attachment":"scroll","background-type":"","background-media":"","overlay-type":"","overlay-color":"","overlay-gradient":""},"tablet":{"background-color":"","background-image":"","background-repeat":"repeat","background-position":"center center","background-size":"auto","background-attachment":"scroll","background-type":"","background-media":"","overlay-type":"","overlay-color":"","overlay-gradient":""},"mobile":{"background-color":"","background-image":"","background-repeat":"repeat","background-position":"center center","background-size":"auto","background-attachment":"scroll","background-type":"","background-media":"","overlay-type":"","overlay-color":"","overlay-gradient":""}},"ast-content-background-meta":{"desktop":{"background-color":"var(--ast-global-color-5)","background-image":"","background-repeat":"repeat","background-position":"center center","background-size":"auto","background-attachment":"scroll","background-type":"","background-media":"","overlay-type":"","overlay-color":"","overlay-gradient":""},"tablet":{"background-color":"var(--ast-global-color-5)","background-image":"","background-repeat":"repeat","background-position":"center center","background-size":"auto","background-attachment":"scroll","background-type":"","background-media":"","overlay-type":"","overlay-color":"","overlay-gradient":""},"mobile":{"background-color":"var(--ast-global-color-5)","background-image":"","background-repeat":"repeat","background-position":"center center","background-size":"auto","background-attachment":"scroll","background-type":"","background-media":"","overlay-type":"","overlay-color":"","overlay-gradient":""}},"footnotes":""},"uagb_featured_image_src":{"full":false,"thumbnail":false,"medium":false,"medium_large":false,"large":false,"1536x1536":false,"2048x2048":false,"trp-custom-language-flag":false},"uagb_author_info":{"display_name":"SOE","author_link":"https:\/\/supcom.standardof.net\/de\/author\/k-tastic\/"},"uagb_comment_info":0,"uagb_excerpt":"TECH 2 AEON LAND FACTORY By the T2 level, your factory is not vulnerable to surprise strikes, and is usually the last building to die. It&#8217;s still twice as fast as your engineer of the same level. T2 Land Factory Stats Armor: 8400hpAbilities: UpgradeableCost: M950 (storage: 160), E7600 (storage: 800), T1900, build rate: 20Intel: sight:&hellip;","_links":{"self":[{"href":"https:\/\/supcom.standardof.net\/de\/wp-json\/wp\/v2\/pages\/723"}],"collection":[{"href":"https:\/\/supcom.standardof.net\/de\/wp-json\/wp\/v2\/pages"}],"about":[{"href":"https:\/\/supcom.standardof.net\/de\/wp-json\/wp\/v2\/types\/page"}],"author":[{"embeddable":true,"href":"https:\/\/supcom.standardof.net\/de\/wp-json\/wp\/v2\/users\/1"}],"replies":[{"embeddable":true,"href":"https:\/\/supcom.standardof.net\/de\/wp-json\/wp\/v2\/comments?post=723"}],"version-history":[{"count":0,"href":"https:\/\/supcom.standardof.net\/de\/wp-json\/wp\/v2\/pages\/723\/revisions"}],"up":[{"embeddable":true,"href":"https:\/\/supcom.standardof.net\/de\/wp-json\/wp\/v2\/pages\/503"}],"wp:attachment":[{"href":"https:\/\/supcom.standardof.net\/de\/wp-json\/wp\/v2\/media?parent=723"}],"curies":[{"name":"wp","href":"https:\/\/api.w.org\/{rel}","templated":true}]}}