{"id":773,"date":"2020-11-03T17:39:14","date_gmt":"2020-11-03T22:39:14","guid":{"rendered":"https:\/\/supcom.standardof.net\/?page_id=773"},"modified":"2020-11-04T20:10:23","modified_gmt":"2020-11-05T01:10:23","slug":"tech-3-aeon-naval-units","status":"publish","type":"page","link":"https:\/\/supcom.standardof.net\/de\/supreme-commander\/aon\/tech-3-aon-marine-einheiten\/","title":{"rendered":"Tech 3 - Aeon Naval Units"},"content":{"rendered":"<div class=\"wp-block-uagb-table-of-contents uagb-toc__align-left uagb-toc__columns-1  uagb-block-9fffb14d\"\n\t\t\t\t\tdata-scroll= \"1\"\n\t\t\t\t\tdata-offset= \"30\"\n\t\t\t\t\tstyle=\"\"\n\t\t\t\t>\n\t\t\t\t<div class=\"uagb-toc__wrap\">\n\t\t\t\t\t\t<div class=\"uagb-toc__title\">\n\t\t\t\t\t\t\tAeon Tech 3 Marineeinheiten:\t\t\t\t\t\t<\/div>\n\t\t\t\t\t\t\t\t\t\t\t\t\t\t\t\t<div class=\"uagb-toc__list-wrap\">\n\t\t\t\t\t\t<ol class=\"uagb-toc__list\"><li class=\"uagb-toc__list\"><a href=\"#omen-class-battleship\" class=\"uagb-toc-link__trigger\">OMEN CLASS BATTLESHIP<\/a><li class=\"uagb-toc__list\"><a href=\"#keefer-class-aircraft-carrier\" class=\"uagb-toc-link__trigger\">KEEFER KLASSE FLUGZEUGTR\u00c4GER<\/a><li class=\"uagb-toc__list\"><a href=\"#silencer-strategic-missile-submarine\" class=\"uagb-toc-link__trigger\">SILENCER - STRATEGISCHE MISSILE SUBMARINE<\/a><\/ol>\t\t\t\t\t<\/div>\n\t\t\t\t\t\t\t\t\t<\/div>\n\t\t\t\t<\/div>\n\t\t\t\n\n\n<section class=\"wp-block-uagb-columns uagb-columns__wrap uagb-columns__background-undefined uagb-columns__stack-mobile uagb-columns__valign-undefined uagb-columns__gap-10 alignundefined uagb-block-c36918af\"><div class=\"uagb-columns__overlay\"><\/div><div class=\"uagb-columns__inner-wrap uagb-columns__columns-1\">\n<div class=\"wp-block-uagb-column uagb-column__wrap uagb-column__background-undefined uagb-block-f7f54855\"><div class=\"uagb-column__overlay\"><\/div><div class=\"uagb-column__inner-wrap\">\n<h2 class=\"wp-block-heading\"><strong>OMEN <\/strong>KLASSENKAMPF<\/h2>\n\n\n\n<p>Das Aeon-Schlachtschiff ist die ultimative Erweiterung eines zielstrebigen Zwecks: Abgesehen von einigen taktischen Abwehrmechanismen, um UEF-Kreuzer und K\u00fcstenraketen zu stoppen, st\u00fctzt es sich ausschlie\u00dflich auf ein Trio von im Wesentlichen T2-Artilleriegesch\u00fctzen sowie R\u00fcstungen, f\u00fcr die eine ganze Flotte ben\u00f6tigt wird zerst\u00f6ren, zu einem m\u00f6glichst g\u00fcnstigen Preis. Als Aeon gibt Ihnen Ihr fr\u00fcher Seevorteil das Polster, das Sie ben\u00f6tigen, um ein Schlachtschiff zu errichten, lange bevor dies der Fall ist. Wenn Sie dies tun, k\u00f6nnen Ihre Oblivion Cannons die Meere erobern und die feindliche T2-Artillerie selbst schlagen Begriffe. Es ist v\u00f6llig anf\u00e4llig f\u00fcr U-Boote oder Lufteinheiten, sodass Sie Ihre Flotte nicht einfach wegwerfen k\u00f6nnen, um eine zu bauen, aber es ist immer noch \u00e4u\u00dferst effektiv.<\/p>\n\n\n\n<div class=\"wp-block-image\"><figure class=\"aligncenter size-large\"><a href=\"https:\/\/supcom.standardof.net\/de\/supreme-commander\/aon\/tech-3-aon-marine-einheiten\/omen-class-battleship-1-supreme-commander-aeon-tech-3-naval-units\/\"><img decoding=\"async\" width=\"800\" height=\"472\" src=\"https:\/\/supcom.standardof.net\/wp-content\/uploads\/sites\/8\/2020\/11\/OMEN-CLASS-BATTLESHIP-1-Supreme-Commander-Aeon-Tech-3-Naval-Units-800x472.jpg\" alt=\"Das Schlachtschiff der Omen-Klasse, Aeon Tech 3 Naval Unit im Oberbefehlshaber.\" class=\"wp-image-1035\" srcset=\"https:\/\/supcom.standardof.net\/wp-content\/uploads\/sites\/8\/2020\/11\/OMEN-CLASS-BATTLESHIP-1-Supreme-Commander-Aeon-Tech-3-Naval-Units-800x472.jpg 800w, https:\/\/supcom.standardof.net\/wp-content\/uploads\/sites\/8\/2020\/11\/OMEN-CLASS-BATTLESHIP-1-Supreme-Commander-Aeon-Tech-3-Naval-Units-512x302.jpg 512w, https:\/\/supcom.standardof.net\/wp-content\/uploads\/sites\/8\/2020\/11\/OMEN-CLASS-BATTLESHIP-1-Supreme-Commander-Aeon-Tech-3-Naval-Units-200x118.jpg 200w, https:\/\/supcom.standardof.net\/wp-content\/uploads\/sites\/8\/2020\/11\/OMEN-CLASS-BATTLESHIP-1-Supreme-Commander-Aeon-Tech-3-Naval-Units-768x453.jpg 768w, https:\/\/supcom.standardof.net\/wp-content\/uploads\/sites\/8\/2020\/11\/OMEN-CLASS-BATTLESHIP-1-Supreme-Commander-Aeon-Tech-3-Naval-Units-1536x905.jpg 1536w, https:\/\/supcom.standardof.net\/wp-content\/uploads\/sites\/8\/2020\/11\/OMEN-CLASS-BATTLESHIP-1-Supreme-Commander-Aeon-Tech-3-Naval-Units-16x9.jpg 16w, https:\/\/supcom.standardof.net\/wp-content\/uploads\/sites\/8\/2020\/11\/OMEN-CLASS-BATTLESHIP-1-Supreme-Commander-Aeon-Tech-3-Naval-Units.jpg 1944w\" sizes=\"(max-width: 800px) 100vw, 800px\" \/><\/a><figcaption>OMEN CLASS BATTLESHIP<\/figcaption><\/figure><\/div>\n\n\n\n<section class=\"wp-block-uagb-columns uagb-columns__wrap uagb-columns__background-undefined uagb-columns__stack-mobile uagb-columns__valign-undefined uagb-columns__gap-10 alignundefined uagb-block-a7fbca69\"><div class=\"uagb-columns__overlay\"><\/div><div class=\"uagb-columns__inner-wrap uagb-columns__columns-2\">\n<div class=\"wp-block-uagb-column uagb-column__wrap uagb-column__background-undefined uagb-block-6e3246d8\"><div class=\"uagb-column__overlay\"><\/div><div class=\"uagb-column__inner-wrap\">\n<h3 class=\"wp-block-heading\">Omen Statistik<\/h3>\n\n\n\n<p>R\u00fcstung: 55000 PS<br>F\u00e4higkeiten: Raketenabwehr - Taktisch<br>Kosten: M19000, E152000, T22800<br>Intel:<br>- Sicht: 70 (1,37 km),<br>- Radar: 110 (2,15 km),<br>- Sonar: 20 (391 m),<br>- Wassersicht: 50 (977 m)<br>Physik:<br>- H\u00f6chstgeschwindigkeit: 4,675 (91,3 m \/ s),<br>- Drehgeschwindigkeit: 15<br>Veterancy: 50, 100, 250, 500, 1000 Kills<br>- Veteranenstufe 2: +13750 PS,<br>- Veteranenstufe 4: +13750 PS,<br>- Veteranenstufe 5: Reparatur von 3 PS \/ s<\/p>\n<\/div><\/div>\n\n\n\n<div class=\"wp-block-uagb-column uagb-column__wrap uagb-column__background-undefined uagb-block-102d2546\"><div class=\"uagb-column__overlay\"><\/div><div class=\"uagb-column__inner-wrap\">\n<h3 class=\"wp-block-heading\">Omen Waffen<\/h3>\n\n\n\n<p>3x Oblivion Cannon (Direct Fire Naval):<br>159,38 dps,<br>Fl\u00e4che: 1 (19,5 m),<br>Reichweite: 128 (2,50 km)<br>Projektilwaffe: 2550 Schaden<br>Feuerrate: 0,0625 (alle 16 s)<br>Veteranenlevel 1: +638 Schaden, Veteranenlevel 3: +638 Schaden<\/p>\n\n\n\n<p>2x Will O Wisp Anti Missile (Verteidigung):<br>9,00 dps,<br>Reichweite: 42 (820 m)<br>Projektilwaffe: 30 Schaden x 3 Projektile = 90 Schaden pro Salve<br>Feuerrate: 0,2 (alle 5s)<\/p>\n<\/div><\/div>\n<\/div><\/section>\n<\/div><\/div>\n<\/div><\/section>\n\n\n\n<section class=\"wp-block-uagb-columns uagb-columns__wrap uagb-columns__background-undefined uagb-columns__stack-mobile uagb-columns__valign-undefined uagb-columns__gap-10 alignundefined uagb-block-eb008098\"><div class=\"uagb-columns__overlay\"><\/div><div class=\"uagb-columns__inner-wrap uagb-columns__columns-1\">\n<div class=\"wp-block-uagb-column uagb-column__wrap uagb-column__background-undefined uagb-block-c5043fcb\"><div class=\"uagb-column__overlay\"><\/div><div class=\"uagb-column__inner-wrap\">\n<h2 class=\"wp-block-heading\"><strong>KEEFER <\/strong>KLASSENFLUGZEUGTR\u00c4GER<\/h2>\n\n\n\n<p>Ein Aeon-Tr\u00e4ger hat einige Anti-Luft-Raketen, so dass er nicht v\u00f6llig schutzlos ist, und er hat eine \u00fcberraschend gro\u00dfe Menge an Gesundheit, die es ihm erm\u00f6glicht, mehrere Sch\u00fcsse von Kanonenschiffen oder was auch immer zu machen und zu \u00fcberleben, um T\u00f6tungen zu erhalten, aber es ist im Grunde immer noch zum Zweck von Transport Ihres Flugzeugs \u00fcber eine gro\u00dfe Karte. Wenn Sie an K\u00e4mpfern vorbeikommen m\u00fcssen, k\u00f6nnen Sie genauso gut mehr Kreuzer bauen, da die K\u00e4mpfer \u00fcberall auf Ihrem Tr\u00e4ger sind, sobald sie Sie entdecken. Der Tr\u00e4ger kann jedoch n\u00fctzlich sein, insbesondere angesichts der Tatsache, dass Ihre \u00fcberlegene Aeon-Marine dies wahrscheinlich tun wird das Meer sicher f\u00fcr den Tr\u00e4ger schon. Als schwimmende Luftfabrik kann der Tr\u00e4ger n\u00fctzlich sein, auch wenn Sie noch keine Horde Flugzeuge haben.<\/p>\n\n\n\n<div class=\"wp-block-image\"><figure class=\"aligncenter size-large\"><a href=\"https:\/\/supcom.standardof.net\/de\/supreme-commander\/aon\/tech-3-aon-marine-einheiten\/keefer-class-aircraft-carrier-supreme-commander-aeon-tech-3-naval-units\/\"><img decoding=\"async\" width=\"800\" height=\"628\" src=\"https:\/\/supcom.standardof.net\/wp-content\/uploads\/sites\/8\/2020\/11\/KEEFER-CLASS-AIRCRAFT-CARRIER-Supreme-Commander-Aeon-Tech-3-Naval-Units-800x628.jpg\" alt=\"Der Flugzeugtr\u00e4ger der Keefer-Klasse, Aeon Tech 3 Naval Unit im Supreme Commander.\" class=\"wp-image-1034\" srcset=\"https:\/\/supcom.standardof.net\/wp-content\/uploads\/sites\/8\/2020\/11\/KEEFER-CLASS-AIRCRAFT-CARRIER-Supreme-Commander-Aeon-Tech-3-Naval-Units-800x628.jpg 800w, https:\/\/supcom.standardof.net\/wp-content\/uploads\/sites\/8\/2020\/11\/KEEFER-CLASS-AIRCRAFT-CARRIER-Supreme-Commander-Aeon-Tech-3-Naval-Units-512x402.jpg 512w, https:\/\/supcom.standardof.net\/wp-content\/uploads\/sites\/8\/2020\/11\/KEEFER-CLASS-AIRCRAFT-CARRIER-Supreme-Commander-Aeon-Tech-3-Naval-Units-200x157.jpg 200w, https:\/\/supcom.standardof.net\/wp-content\/uploads\/sites\/8\/2020\/11\/KEEFER-CLASS-AIRCRAFT-CARRIER-Supreme-Commander-Aeon-Tech-3-Naval-Units-768x602.jpg 768w, https:\/\/supcom.standardof.net\/wp-content\/uploads\/sites\/8\/2020\/11\/KEEFER-CLASS-AIRCRAFT-CARRIER-Supreme-Commander-Aeon-Tech-3-Naval-Units-16x12.jpg 16w, https:\/\/supcom.standardof.net\/wp-content\/uploads\/sites\/8\/2020\/11\/KEEFER-CLASS-AIRCRAFT-CARRIER-Supreme-Commander-Aeon-Tech-3-Naval-Units.jpg 1461w\" sizes=\"(max-width: 800px) 100vw, 800px\" \/><\/a><figcaption>KEEFER KLASSE FLUGZEUGTR\u00c4GER<\/figcaption><\/figure><\/div>\n\n\n\n<section class=\"wp-block-uagb-columns uagb-columns__wrap uagb-columns__background-undefined uagb-columns__stack-mobile uagb-columns__valign-undefined uagb-columns__gap-10 alignundefined uagb-block-7ea4ccfb\"><div class=\"uagb-columns__overlay\"><\/div><div class=\"uagb-columns__inner-wrap uagb-columns__columns-2\">\n<div class=\"wp-block-uagb-column uagb-column__wrap uagb-column__background-undefined uagb-block-4128d43e\"><div class=\"uagb-column__overlay\"><\/div><div class=\"uagb-column__inner-wrap\">\n<h3 class=\"wp-block-heading\">Keefer Stats<\/h3>\n\n\n\n<p>R\u00fcstung: 22000 PS<br>F\u00e4higkeiten: Air Staging, Bau<br>Kosten: M4000, E40000, T8000, Build-Rate: 20<br>Intel:<br>- Sicht: 60 (1,17 km),<br>- Radar: 150 (2,93 km),<br>- Sonar: 20 (391 m),<br>- Wassersicht: 36 (703 m)<br>Physik:<br>- H\u00f6chstgeschwindigkeit: 3,4 (66,4 m \/ s)<br>- Drehgeschwindigkeit: 10<br>Transportklasse: 10<br>Veterancy: 50, 100, 250, 500, 1000 Kills<br>- Veteranenstufe 2: +5500 PS,<br>- Veteranenstufe 4: +5500 PS,<br>- Veteranenstufe 5: Reparatur von 3 PS \/ s<\/p>\n<\/div><\/div>\n\n\n\n<div class=\"wp-block-uagb-column uagb-column__wrap uagb-column__background-undefined uagb-block-f3742e17\"><div class=\"uagb-column__overlay\"><\/div><div class=\"uagb-column__inner-wrap\">\n<h3 class=\"wp-block-heading\">Keefer-Waffen<\/h3>\n\n\n\n<p>2x Zealot AA-Rakete (Luftabwehr):<br>30,00 dps,<br>Fl\u00e4che: 1 (19,5 m),<br>Reichweite: 75 (1,46 km)<br>Projektilwaffe: 30 Schaden<br>Feuerrate: 1 (alle 1s)<br>Veteranenlevel 1: +8 Schaden<br>Veteranenlevel 3: +8 Schaden<\/p>\n<\/div><\/div>\n<\/div><\/section>\n<\/div><\/div>\n<\/div><\/section>\n\n\n\n<section class=\"wp-block-uagb-columns uagb-columns__wrap uagb-columns__background-undefined uagb-columns__stack-mobile uagb-columns__valign-undefined uagb-columns__gap-10 alignundefined uagb-block-5d7f1638\"><div class=\"uagb-columns__overlay\"><\/div><div class=\"uagb-columns__inner-wrap uagb-columns__columns-1\">\n<div class=\"wp-block-uagb-column uagb-column__wrap uagb-column__background-undefined uagb-block-982ca28a\"><div class=\"uagb-column__overlay\"><\/div><div class=\"uagb-column__inner-wrap\">\n<h2 class=\"wp-block-heading\"><strong>SCHALLD\u00c4MPFER <\/strong>- STRATEGISCHE MISSILE U-Boot<\/h2>\n\n\n\n<p>Nur weil Ihre Atomwaffe auf ein U-Boot kommt, hei\u00dft das nicht, dass es weniger schmerzhaft ist, sie zu bauen. Denken Sie daran, dies nicht in Ihrer einzigen Marinefabrik zu bauen, da Sie in K\u00fcrze \u00fcberfordert sein werden. Die taktische Rakete ist nicht wirklich in der Lage, andere Seeeinheiten zu t\u00f6ten, da ihre taktische Raketenabwehr sie nur abschie\u00dft, aber sie funktioniert wunderbar, um Landeinheiten zu t\u00f6ten, w\u00e4hrend Sie Ihre L\u00f6sung bauen, sobald ihre Anti-Marine-Verteidigung verschwunden ist.<\/p>\n\n\n\n<div class=\"wp-block-image\"><figure class=\"aligncenter size-large\"><a href=\"https:\/\/supcom.standardof.net\/de\/supreme-commander\/aon\/tech-3-aon-marine-einheiten\/silencer-strategic-missile-submarine-supreme-commander-aeon-tech-3-naval-units\/\"><img decoding=\"async\" width=\"800\" height=\"540\" src=\"https:\/\/supcom.standardof.net\/wp-content\/uploads\/sites\/8\/2020\/11\/SILENCER-STRATEGIC-MISSILE-SUBMARINE-Supreme-Commander-Aeon-Tech-3-Naval-Units-800x540.jpg\" alt=\"Das strategische Raketen-U-Boot Schalld\u00e4mpfer, Aeon Tech 3 Naval Unit im Oberbefehlshaber.\" class=\"wp-image-1037\" srcset=\"https:\/\/supcom.standardof.net\/wp-content\/uploads\/sites\/8\/2020\/11\/SILENCER-STRATEGIC-MISSILE-SUBMARINE-Supreme-Commander-Aeon-Tech-3-Naval-Units-800x540.jpg 800w, https:\/\/supcom.standardof.net\/wp-content\/uploads\/sites\/8\/2020\/11\/SILENCER-STRATEGIC-MISSILE-SUBMARINE-Supreme-Commander-Aeon-Tech-3-Naval-Units-512x346.jpg 512w, https:\/\/supcom.standardof.net\/wp-content\/uploads\/sites\/8\/2020\/11\/SILENCER-STRATEGIC-MISSILE-SUBMARINE-Supreme-Commander-Aeon-Tech-3-Naval-Units-200x135.jpg 200w, https:\/\/supcom.standardof.net\/wp-content\/uploads\/sites\/8\/2020\/11\/SILENCER-STRATEGIC-MISSILE-SUBMARINE-Supreme-Commander-Aeon-Tech-3-Naval-Units-768x518.jpg 768w, https:\/\/supcom.standardof.net\/wp-content\/uploads\/sites\/8\/2020\/11\/SILENCER-STRATEGIC-MISSILE-SUBMARINE-Supreme-Commander-Aeon-Tech-3-Naval-Units-16x12.jpg 16w, https:\/\/supcom.standardof.net\/wp-content\/uploads\/sites\/8\/2020\/11\/SILENCER-STRATEGIC-MISSILE-SUBMARINE-Supreme-Commander-Aeon-Tech-3-Naval-Units.jpg 969w\" sizes=\"(max-width: 800px) 100vw, 800px\" \/><\/a><figcaption>SILENCER - STRATEGISCHE MISSILE SUBMARINE<\/figcaption><\/figure><\/div>\n\n\n\n<section class=\"wp-block-uagb-columns uagb-columns__wrap uagb-columns__background-undefined uagb-columns__stack-mobile uagb-columns__valign-undefined uagb-columns__gap-10 alignundefined uagb-block-9894fe5d\"><div class=\"uagb-columns__overlay\"><\/div><div class=\"uagb-columns__inner-wrap uagb-columns__columns-2\">\n<div class=\"wp-block-uagb-column uagb-column__wrap uagb-column__background-undefined uagb-block-be285313\"><div class=\"uagb-column__overlay\"><\/div><div class=\"uagb-column__inner-wrap\">\n<h3 class=\"wp-block-heading\">Schalld\u00e4mpfer-Statistik<\/h3>\n\n\n\n<p>R\u00fcstung: 3000 PS<br>F\u00e4higkeiten: Tauchboot, manueller Aufbau, manueller Start<br>Kosten: M10000, E60000, T15000<br>Intel:<br>- Sicht: 16 (313 m),<br>- Sonar: 90 (1,76 km),<br>- Wassersicht: 24 (469 m)<br>Physik:<br>- H\u00f6chstgeschwindigkeit: 2,55 (49,8 m \/ s),<br>- Wendegeschwindigkeit: 25<br>Veterancy: 50, 100, 250, 500, 1000 Kills<br>- Veteranenstufe 2: +750 PS,<br>- Veteranenstufe 4: +750 PS,<br>- Veteranenstufe 5: Reparatur von 3 PS \/ s<\/p>\n<\/div><\/div>\n\n\n\n<div class=\"wp-block-uagb-column uagb-column__wrap uagb-column__background-undefined uagb-block-45794e3c\"><div class=\"uagb-column__overlay\"><\/div><div class=\"uagb-column__inner-wrap\">\n<h3 class=\"wp-block-heading\">Schalld\u00e4mpferwaffen<\/h3>\n\n\n\n<p>Langstrecken-Marschflugk\u00f6rper (Missile):<br>200,00 dps,<br>Fl\u00e4che: 2 (39,1 m),<br>Reichweite: 128 (2,50 km)<br>Projektilwaffe: 2000 Schaden<br>Feuerrate: 0,1 (alle 10s)<br>Veteranenlevel 1: +750 Schaden, Veteranenlevel 3: +750 Schaden<\/p>\n\n\n\n<p>Atomsprengkopf (Rakete):<br>Innenringschaden: 35000<br>Innenringradius: 30 (586 m)<br>Au\u00dfenringschaden: 500<br>Au\u00dfenringradius: 40 (781 m)<br>speichert 2 Raketen<\/p>\n<\/div><\/div>\n<\/div><\/section>\n<\/div><\/div>\n<\/div><\/section>","protected":false},"excerpt":{"rendered":"<p>OMEN CLASS BATTLESHIP The Aeon Battleship is the ultimate extension of a single-minded purpose: aside from some tactical defenses to stop UEF cruisers and shoreline missiles, it relies solely on a trio of what are essentially T2 artillery pieces, plus armor that will take an entire fleet to destroy, at as cheap a price as [&hellip;]<\/p>","protected":false},"author":1,"featured_media":0,"parent":503,"menu_order":0,"comment_status":"open","ping_status":"closed","template":"","meta":{"_uag_custom_page_level_css":"","site-sidebar-layout":"default","site-content-layout":"default","ast-site-content-layout":"","site-content-style":"default","site-sidebar-style":"default","ast-global-header-display":"","ast-banner-title-visibility":"","ast-main-header-display":"","ast-hfb-above-header-display":"","ast-hfb-below-header-display":"","ast-hfb-mobile-header-display":"","site-post-title":"","ast-breadcrumbs-content":"","ast-featured-img":"","footer-sml-layout":"","theme-transparent-header-meta":"default","adv-header-id-meta":"","stick-header-meta":"","header-above-stick-meta":"","header-main-stick-meta":"","header-below-stick-meta":"","astra-migrate-meta-layouts":"default","ast-page-background-enabled":"default","ast-page-background-meta":{"desktop":{"background-color":"","background-image":"","background-repeat":"repeat","background-position":"center center","background-size":"auto","background-attachment":"scroll","background-type":"","background-media":"","overlay-type":"","overlay-color":"","overlay-gradient":""},"tablet":{"background-color":"","background-image":"","background-repeat":"repeat","background-position":"center center","background-size":"auto","background-attachment":"scroll","background-type":"","background-media":"","overlay-type":"","overlay-color":"","overlay-gradient":""},"mobile":{"background-color":"","background-image":"","background-repeat":"repeat","background-position":"center center","background-size":"auto","background-attachment":"scroll","background-type":"","background-media":"","overlay-type":"","overlay-color":"","overlay-gradient":""}},"ast-content-background-meta":{"desktop":{"background-color":"var(--ast-global-color-5)","background-image":"","background-repeat":"repeat","background-position":"center center","background-size":"auto","background-attachment":"scroll","background-type":"","background-media":"","overlay-type":"","overlay-color":"","overlay-gradient":""},"tablet":{"background-color":"var(--ast-global-color-5)","background-image":"","background-repeat":"repeat","background-position":"center center","background-size":"auto","background-attachment":"scroll","background-type":"","background-media":"","overlay-type":"","overlay-color":"","overlay-gradient":""},"mobile":{"background-color":"var(--ast-global-color-5)","background-image":"","background-repeat":"repeat","background-position":"center center","background-size":"auto","background-attachment":"scroll","background-type":"","background-media":"","overlay-type":"","overlay-color":"","overlay-gradient":""}},"footnotes":""},"uagb_featured_image_src":{"full":false,"thumbnail":false,"medium":false,"medium_large":false,"large":false,"1536x1536":false,"2048x2048":false,"trp-custom-language-flag":false},"uagb_author_info":{"display_name":"SOE","author_link":"https:\/\/supcom.standardof.net\/de\/author\/k-tastic\/"},"uagb_comment_info":0,"uagb_excerpt":"OMEN CLASS BATTLESHIP The Aeon Battleship is the ultimate extension of a single-minded purpose: aside from some tactical defenses to stop UEF cruisers and shoreline missiles, it relies solely on a trio of what are essentially T2 artillery pieces, plus armor that will take an entire fleet to destroy, at as cheap a price as&hellip;","_links":{"self":[{"href":"https:\/\/supcom.standardof.net\/de\/wp-json\/wp\/v2\/pages\/773"}],"collection":[{"href":"https:\/\/supcom.standardof.net\/de\/wp-json\/wp\/v2\/pages"}],"about":[{"href":"https:\/\/supcom.standardof.net\/de\/wp-json\/wp\/v2\/types\/page"}],"author":[{"embeddable":true,"href":"https:\/\/supcom.standardof.net\/de\/wp-json\/wp\/v2\/users\/1"}],"replies":[{"embeddable":true,"href":"https:\/\/supcom.standardof.net\/de\/wp-json\/wp\/v2\/comments?post=773"}],"version-history":[{"count":0,"href":"https:\/\/supcom.standardof.net\/de\/wp-json\/wp\/v2\/pages\/773\/revisions"}],"up":[{"embeddable":true,"href":"https:\/\/supcom.standardof.net\/de\/wp-json\/wp\/v2\/pages\/503"}],"wp:attachment":[{"href":"https:\/\/supcom.standardof.net\/de\/wp-json\/wp\/v2\/media?parent=773"}],"curies":[{"name":"wp","href":"https:\/\/api.w.org\/{rel}","templated":true}]}}