{"id":775,"date":"2020-11-03T17:46:38","date_gmt":"2020-11-03T22:46:38","guid":{"rendered":"https:\/\/supcom.standardof.net\/?page_id=775"},"modified":"2020-11-04T20:07:18","modified_gmt":"2020-11-05T01:07:18","slug":"tech-2-aeon-naval-units","status":"publish","type":"page","link":"https:\/\/supcom.standardof.net\/de\/supreme-commander\/aon\/tech-2-aon-marine-einheiten\/","title":{"rendered":"Tech 2 - Aeon Naval Units"},"content":{"rendered":"<div class=\"wp-block-uagb-table-of-contents uagb-toc__align-left uagb-toc__columns-1  uagb-block-dd19782d\"\n\t\t\t\t\tdata-scroll= \"1\"\n\t\t\t\t\tdata-offset= \"30\"\n\t\t\t\t\tstyle=\"\"\n\t\t\t\t>\n\t\t\t\t<div class=\"uagb-toc__wrap\">\n\t\t\t\t\t\t<div class=\"uagb-toc__title\">\n\t\t\t\t\t\t\tAeon Tech 2 Marineeinheiten:\t\t\t\t\t\t<\/div>\n\t\t\t\t\t\t\t\t\t\t\t\t\t\t\t\t<div class=\"uagb-toc__list-wrap\">\n\t\t\t\t\t\t<ol class=\"uagb-toc__list\"><li class=\"uagb-toc__list\"><a href=\"#infinity-class-cruiser\" class=\"uagb-toc-link__trigger\">INFINITY CLASS CRUISER<\/a><li class=\"uagb-toc__list\"><a href=\"#exodus-class-destroyer\" class=\"uagb-toc-link__trigger\">EXODUS CLASS DESTROYER<\/a><\/ol>\t\t\t\t\t<\/div>\n\t\t\t\t\t\t\t\t\t<\/div>\n\t\t\t\t<\/div>\n\t\t\t\n\n\n<section class=\"wp-block-uagb-columns uagb-columns__wrap uagb-columns__background-undefined uagb-columns__stack-mobile uagb-columns__valign-undefined uagb-columns__gap-10 alignundefined uagb-block-65cd8ffc\"><div class=\"uagb-columns__overlay\"><\/div><div class=\"uagb-columns__inner-wrap uagb-columns__columns-1\">\n<div class=\"wp-block-uagb-column uagb-column__wrap uagb-column__background-undefined uagb-block-e2f57b18\"><div class=\"uagb-column__overlay\"><\/div><div class=\"uagb-column__inner-wrap\">\n<h2 class=\"wp-block-heading\"><strong>UNENDLICHKEIT <\/strong>KLASSENKREUZFAHRER<\/h2>\n\n\n\n<p>Der Aeon-Kreuzer macht alles, was ein Kreuzer tun soll: Er feuert eine anst\u00e4ndige Waffe aus der gleichen Reichweite wie Ihre Zerst\u00f6rer ab, verf\u00fcgt \u00fcber Luftabwehrf\u00e4higkeiten, ist jedoch gegen nichts mit einer Waffe v\u00f6llig nutzlos und hat sogar eine geringe Menge taktische Raketenabwehr &quot;nur f\u00fcr den Fall&quot;. Die R\u00fcstung ist nicht gro\u00dfartig, aber ihre Waffe sollte sie hinten halten k\u00f6nnen, wo sie hingeh\u00f6rt.<\/p>\n\n\n\n<div class=\"wp-block-image\"><figure class=\"aligncenter size-large\"><a href=\"https:\/\/supcom.standardof.net\/de\/supreme-commander\/aon\/tech-2-aon-marine-einheiten\/infinity-class-cruiser-supreme-commander-aeon-tech-2-naval-units\/\"><img decoding=\"async\" width=\"800\" height=\"534\" src=\"https:\/\/supcom.standardof.net\/wp-content\/uploads\/sites\/8\/2020\/11\/INFINITY-CLASS-CRUISER-Supreme-Commander-Aeon-Tech-2-Naval-Units-800x534.jpg\" alt=\"Der Infinity Class Cruiser, Aeon Tech 2 Naval Unit im Oberbefehlshaber.\" class=\"wp-image-1030\" srcset=\"https:\/\/supcom.standardof.net\/wp-content\/uploads\/sites\/8\/2020\/11\/INFINITY-CLASS-CRUISER-Supreme-Commander-Aeon-Tech-2-Naval-Units-800x534.jpg 800w, https:\/\/supcom.standardof.net\/wp-content\/uploads\/sites\/8\/2020\/11\/INFINITY-CLASS-CRUISER-Supreme-Commander-Aeon-Tech-2-Naval-Units-512x342.jpg 512w, https:\/\/supcom.standardof.net\/wp-content\/uploads\/sites\/8\/2020\/11\/INFINITY-CLASS-CRUISER-Supreme-Commander-Aeon-Tech-2-Naval-Units-200x134.jpg 200w, https:\/\/supcom.standardof.net\/wp-content\/uploads\/sites\/8\/2020\/11\/INFINITY-CLASS-CRUISER-Supreme-Commander-Aeon-Tech-2-Naval-Units-768x513.jpg 768w, https:\/\/supcom.standardof.net\/wp-content\/uploads\/sites\/8\/2020\/11\/INFINITY-CLASS-CRUISER-Supreme-Commander-Aeon-Tech-2-Naval-Units-1536x1026.jpg 1536w, https:\/\/supcom.standardof.net\/wp-content\/uploads\/sites\/8\/2020\/11\/INFINITY-CLASS-CRUISER-Supreme-Commander-Aeon-Tech-2-Naval-Units-16x12.jpg 16w, https:\/\/supcom.standardof.net\/wp-content\/uploads\/sites\/8\/2020\/11\/INFINITY-CLASS-CRUISER-Supreme-Commander-Aeon-Tech-2-Naval-Units.jpg 1752w\" sizes=\"(max-width: 800px) 100vw, 800px\" \/><\/a><figcaption>INFINITY CLASS CRUISER<\/figcaption><\/figure><\/div>\n\n\n\n<section class=\"wp-block-uagb-columns uagb-columns__wrap uagb-columns__background-undefined uagb-columns__stack-mobile uagb-columns__valign-undefined uagb-columns__gap-10 alignundefined uagb-block-fd047193\"><div class=\"uagb-columns__overlay\"><\/div><div class=\"uagb-columns__inner-wrap uagb-columns__columns-2\">\n<div class=\"wp-block-uagb-column uagb-column__wrap uagb-column__background-undefined uagb-block-161376ac\"><div class=\"uagb-column__overlay\"><\/div><div class=\"uagb-column__inner-wrap\">\n<h3 class=\"wp-block-heading\">Unendlichkeitsstatistik<\/h3>\n\n\n\n<p>R\u00fcstung: 3250 PS<br>F\u00e4higkeiten: Raketenabwehr - Taktisch<br>Kosten: M1800, E18000, T3600<br>Intel:<br>- Sicht: 60 (1,17 km),<br>- Radar: 90 (1,76 km),<br>- Sonar: 30 (586 m),<br>- Wassersicht: 45 (879 m)<br>Physik:<br>- H\u00f6chstgeschwindigkeit: 4,25 (83,0 m \/ s),<br>- Wendegeschwindigkeit: 20<br>Veterin\u00e4rmedizin: 30, 60, 150, 300, 600 Kills<br>- Veteranenstufe 2: +813 PS<br>- Veteranenlevel 4: +813 PS<br>- Veteranenstufe 5: Reparatur von 3 PS \/ s<\/p>\n<\/div><\/div>\n\n\n\n<div class=\"wp-block-uagb-column uagb-column__wrap uagb-column__background-undefined uagb-block-e36b05cc\"><div class=\"uagb-column__overlay\"><\/div><div class=\"uagb-column__inner-wrap\">\n<h3 class=\"wp-block-heading\">Unendlichkeitswaffen<\/h3>\n\n\n\n<p>Quantenkanone (Direct Fire Naval):<br>70,00 dps,<br>Fl\u00e4che: 1 (19,5 m),<br>Reichweite: 75 (1,46 km)<br>Projektilwaffe: 140 Schaden x 2 Projektile = 280 Schaden pro Salve<br>Feuerrate: 0,25 (alle 4s)<br>Veteranenlevel 1: +35 Schaden,<br>Veteranenstufe 3: +35 Schaden<\/p>\n\n\n\n<p>2x Zealot AA-Rakete (Luftabwehr):<br>30,00 dps, Fl\u00e4che: 1 (19,5 m)<br>Reichweite: 75 (1,46 km)<br>Projektilwaffe: 30 Schaden<br>Feuerrate: 1 (alle 1s)<br>Veteranenlevel 1: +8 Schaden, Veteranenlevel 3: +8 Schaden<\/p>\n\n\n\n<p>Will O Wisp Anti Missile (Verteidigung):<br>13,50 dps,<br>Reichweite: 32 (625 m)<br>Projektilwaffe: 30 Schaden x 3 Projektile = 90 Schaden pro Salve<br>Feuerrate: 0,3 (alle 3,33 s)<\/p>\n<\/div><\/div>\n<\/div><\/section>\n<\/div><\/div>\n<\/div><\/section>\n\n\n\n<section class=\"wp-block-uagb-columns uagb-columns__wrap uagb-columns__background-undefined uagb-columns__stack-mobile uagb-columns__valign-undefined uagb-columns__gap-10 alignundefined uagb-block-ad96b16a\"><div class=\"uagb-columns__overlay\"><\/div><div class=\"uagb-columns__inner-wrap uagb-columns__columns-1\">\n<div class=\"wp-block-uagb-column uagb-column__wrap uagb-column__background-undefined uagb-block-9d30422b\"><div class=\"uagb-column__overlay\"><\/div><div class=\"uagb-column__inner-wrap\">\n<h2 class=\"wp-block-heading\"><strong>EXODUS <\/strong>KLASSENZERST\u00d6RER<\/h2>\n\n\n\n<p>Der Aeon-Zerst\u00f6rer ist furchterregend, mit einer schweren Kanone, die Fregatten in einem einzigen Schuss versenken kann und sich auch gut f\u00fcr Landbombardierungen eignet. Eine gute Erg\u00e4nzung von Torpedos wie der Cybran-Zerst\u00f6rer, sollte er herausgefordert werden (plus einige Torpedo-Verteidigungen und eine Tiefenladung mit einem Fl\u00e4cheneffekt) und den Vorteil, dass man sich nicht senkrecht zum Feind drehen muss, um seine einzelne Kanone abzufeuern. All dies in einem Paket, das billiger und besser gepanzert ist als seine Konkurrenten: Das einzige, was ihm fehlt, sind Beine!<\/p>\n\n\n\n<div class=\"wp-block-image\"><figure class=\"aligncenter size-large\"><a href=\"https:\/\/supcom.standardof.net\/de\/supreme-commander\/aon\/tech-2-aon-marine-einheiten\/exodus-class-destroyer-supreme-commander-aeon-tech-2-naval-units\/\"><img decoding=\"async\" width=\"800\" height=\"466\" src=\"https:\/\/supcom.standardof.net\/wp-content\/uploads\/sites\/8\/2020\/11\/EXODUS-CLASS-DESTROYER-Supreme-Commander-Aeon-Tech-2-Naval-Units-800x466.jpg\" alt=\"Der Zerst\u00f6rer der Exodus-Klasse, Aeon Tech 2 Naval Unit im Oberbefehlshaber.\" class=\"wp-image-1031\" srcset=\"https:\/\/supcom.standardof.net\/wp-content\/uploads\/sites\/8\/2020\/11\/EXODUS-CLASS-DESTROYER-Supreme-Commander-Aeon-Tech-2-Naval-Units-800x466.jpg 800w, https:\/\/supcom.standardof.net\/wp-content\/uploads\/sites\/8\/2020\/11\/EXODUS-CLASS-DESTROYER-Supreme-Commander-Aeon-Tech-2-Naval-Units-512x299.jpg 512w, https:\/\/supcom.standardof.net\/wp-content\/uploads\/sites\/8\/2020\/11\/EXODUS-CLASS-DESTROYER-Supreme-Commander-Aeon-Tech-2-Naval-Units-200x117.jpg 200w, https:\/\/supcom.standardof.net\/wp-content\/uploads\/sites\/8\/2020\/11\/EXODUS-CLASS-DESTROYER-Supreme-Commander-Aeon-Tech-2-Naval-Units-768x448.jpg 768w, https:\/\/supcom.standardof.net\/wp-content\/uploads\/sites\/8\/2020\/11\/EXODUS-CLASS-DESTROYER-Supreme-Commander-Aeon-Tech-2-Naval-Units-1536x896.jpg 1536w, https:\/\/supcom.standardof.net\/wp-content\/uploads\/sites\/8\/2020\/11\/EXODUS-CLASS-DESTROYER-Supreme-Commander-Aeon-Tech-2-Naval-Units-16x9.jpg 16w, https:\/\/supcom.standardof.net\/wp-content\/uploads\/sites\/8\/2020\/11\/EXODUS-CLASS-DESTROYER-Supreme-Commander-Aeon-Tech-2-Naval-Units.jpg 1734w\" sizes=\"(max-width: 800px) 100vw, 800px\" \/><\/a><figcaption>EXODUS CLASS DESTROYER<\/figcaption><\/figure><\/div>\n\n\n\n<section class=\"wp-block-uagb-columns uagb-columns__wrap uagb-columns__background-undefined uagb-columns__stack-mobile uagb-columns__valign-undefined uagb-columns__gap-10 alignundefined uagb-block-c96e171d\"><div class=\"uagb-columns__overlay\"><\/div><div class=\"uagb-columns__inner-wrap uagb-columns__columns-2\">\n<div class=\"wp-block-uagb-column uagb-column__wrap uagb-column__background-undefined uagb-block-6eead421\"><div class=\"uagb-column__overlay\"><\/div><div class=\"uagb-column__inner-wrap\">\n<h3 class=\"wp-block-heading\">Exodus-Statistiken<\/h3>\n\n\n\n<p>R\u00fcstung: 7500 PS<br>F\u00e4higkeiten: Torpedo-Verteidigung, Tiefenladung<br>Kosten: M2160, E14400, T4800<br>Intel: Sicht: 55 (1,07 km)<br>- Radar: 60 (1,17 km)<br>- Sonar: 60 (1,17 km)<br>- Wassersicht: 42 (820 m)<br>Physik: H\u00f6chstgeschwindigkeit: 6 (117 m \/ s), Drehgeschwindigkeit: 25<br>Veterin\u00e4rmedizin: 30, 60, 150, 300, 600 Kills<br>- Veteranenstufe 2: +1875 PS,<br>- Veteranenstufe 4: +1875 PS,<br>- Veteranenstufe 5: Reparatur von 3 PS \/ s<\/p>\n<\/div><\/div>\n\n\n\n<div class=\"wp-block-uagb-column uagb-column__wrap uagb-column__background-undefined uagb-block-78fca34b\"><div class=\"uagb-column__overlay\"><\/div><div class=\"uagb-column__inner-wrap\">\n<h3 class=\"wp-block-heading\">Exodus-Waffen<\/h3>\n\n\n\n<p>Oblivion Cannon (Direct Fire Naval):<br>205,00 dps,<br>Fl\u00e4che: 2 (39,1 m),<br>Reichweite: 80 (1,56 km)<br>Projektilwaffe: 1025 Schaden<br>Feuerrate: 0,2 (alle 5s)<br>Veteranenlevel 1: +256 Schaden, Veteranenlevel 3: +256 Schaden<\/p>\n\n\n\n<p>Harmonische Tiefenladung (Anti Navy):<br>15,00 dps,<br>Fl\u00e4che: 1,5 (29,3 m),<br>Reichweite: 32 (625 m)<br>Projektilwaffe: 150 Schaden<br>Feuerrate: 0,1 (alle 10 Sekunden), Feuerzuf\u00e4lligkeit: 1<br>Veteranenlevel 1: +38 Schaden, Veteranenlevel 3: +38 Schaden<\/p>\n\n\n\n<p>2x Chrono Torpedo Launcher (Anti Navy):<br>37,50 dps,<br>Reichweite: 32 (625 m)<br>Projektilwaffe: 150 Schaden<br>Feuerrate: 0,25 (alle 4 s), Schusszuf\u00e4lligkeit: 1<br>Veteranenlevel 1: +38 Schaden, Veteranenlevel 3: +38 Schaden<\/p>\n\n\n\n<p>2x Anti-Torpedo (Verteidigung):<br>0,33 dps,<br>Reichweite: 32 (625 m)<br>Projektilwaffe: 3 Schaden<br>Feuerrate: 0,11 (alle 9,09 s)<\/p>\n<\/div><\/div>\n<\/div><\/section>\n<\/div><\/div>\n<\/div><\/section>","protected":false},"excerpt":{"rendered":"<p>INFINITY CLASS CRUISER The Aeon cruiser does everything a cruiser is supposed to do: it fires a decent gun from the same range as your destroyers, it has anti-air capabilities while not being totally useless against anything with a gun, and it even has a small amount of tactical missile defense &#8220;just in case&#8221;. The [&hellip;]<\/p>","protected":false},"author":1,"featured_media":0,"parent":503,"menu_order":0,"comment_status":"open","ping_status":"closed","template":"","meta":{"_uag_custom_page_level_css":"","site-sidebar-layout":"default","site-content-layout":"default","ast-site-content-layout":"","site-content-style":"default","site-sidebar-style":"default","ast-global-header-display":"","ast-banner-title-visibility":"","ast-main-header-display":"","ast-hfb-above-header-display":"","ast-hfb-below-header-display":"","ast-hfb-mobile-header-display":"","site-post-title":"","ast-breadcrumbs-content":"","ast-featured-img":"","footer-sml-layout":"","theme-transparent-header-meta":"default","adv-header-id-meta":"","stick-header-meta":"","header-above-stick-meta":"","header-main-stick-meta":"","header-below-stick-meta":"","astra-migrate-meta-layouts":"default","ast-page-background-enabled":"default","ast-page-background-meta":{"desktop":{"background-color":"","background-image":"","background-repeat":"repeat","background-position":"center center","background-size":"auto","background-attachment":"scroll","background-type":"","background-media":"","overlay-type":"","overlay-color":"","overlay-gradient":""},"tablet":{"background-color":"","background-image":"","background-repeat":"repeat","background-position":"center center","background-size":"auto","background-attachment":"scroll","background-type":"","background-media":"","overlay-type":"","overlay-color":"","overlay-gradient":""},"mobile":{"background-color":"","background-image":"","background-repeat":"repeat","background-position":"center center","background-size":"auto","background-attachment":"scroll","background-type":"","background-media":"","overlay-type":"","overlay-color":"","overlay-gradient":""}},"ast-content-background-meta":{"desktop":{"background-color":"var(--ast-global-color-5)","background-image":"","background-repeat":"repeat","background-position":"center center","background-size":"auto","background-attachment":"scroll","background-type":"","background-media":"","overlay-type":"","overlay-color":"","overlay-gradient":""},"tablet":{"background-color":"var(--ast-global-color-5)","background-image":"","background-repeat":"repeat","background-position":"center center","background-size":"auto","background-attachment":"scroll","background-type":"","background-media":"","overlay-type":"","overlay-color":"","overlay-gradient":""},"mobile":{"background-color":"var(--ast-global-color-5)","background-image":"","background-repeat":"repeat","background-position":"center center","background-size":"auto","background-attachment":"scroll","background-type":"","background-media":"","overlay-type":"","overlay-color":"","overlay-gradient":""}},"footnotes":""},"uagb_featured_image_src":{"full":false,"thumbnail":false,"medium":false,"medium_large":false,"large":false,"1536x1536":false,"2048x2048":false,"trp-custom-language-flag":false},"uagb_author_info":{"display_name":"SOE","author_link":"https:\/\/supcom.standardof.net\/de\/author\/k-tastic\/"},"uagb_comment_info":0,"uagb_excerpt":"INFINITY CLASS CRUISER The Aeon cruiser does everything a cruiser is supposed to do: it fires a decent gun from the same range as your destroyers, it has anti-air capabilities while not being totally useless against anything with a gun, and it even has a small amount of tactical missile defense &#8220;just in case&#8221;. The&hellip;","_links":{"self":[{"href":"https:\/\/supcom.standardof.net\/de\/wp-json\/wp\/v2\/pages\/775"}],"collection":[{"href":"https:\/\/supcom.standardof.net\/de\/wp-json\/wp\/v2\/pages"}],"about":[{"href":"https:\/\/supcom.standardof.net\/de\/wp-json\/wp\/v2\/types\/page"}],"author":[{"embeddable":true,"href":"https:\/\/supcom.standardof.net\/de\/wp-json\/wp\/v2\/users\/1"}],"replies":[{"embeddable":true,"href":"https:\/\/supcom.standardof.net\/de\/wp-json\/wp\/v2\/comments?post=775"}],"version-history":[{"count":0,"href":"https:\/\/supcom.standardof.net\/de\/wp-json\/wp\/v2\/pages\/775\/revisions"}],"up":[{"embeddable":true,"href":"https:\/\/supcom.standardof.net\/de\/wp-json\/wp\/v2\/pages\/503"}],"wp:attachment":[{"href":"https:\/\/supcom.standardof.net\/de\/wp-json\/wp\/v2\/media?parent=775"}],"curies":[{"name":"wp","href":"https:\/\/api.w.org\/{rel}","templated":true}]}}