{"id":777,"date":"2020-11-03T17:52:28","date_gmt":"2020-11-03T22:52:28","guid":{"rendered":"https:\/\/supcom.standardof.net\/?page_id=777"},"modified":"2020-11-04T20:04:44","modified_gmt":"2020-11-05T01:04:44","slug":"tech-1-aeon-naval-units","status":"publish","type":"page","link":"https:\/\/supcom.standardof.net\/de\/supreme-commander\/aon\/tech-1-aon-marine-einheiten\/","title":{"rendered":"Tech 1 - Aeon Naval Units"},"content":{"rendered":"<div class=\"wp-block-uagb-table-of-contents uagb-toc__align-left uagb-toc__columns-1  uagb-block-a9844605\"\n\t\t\t\t\tdata-scroll= \"1\"\n\t\t\t\t\tdata-offset= \"30\"\n\t\t\t\t\tstyle=\"\"\n\t\t\t\t>\n\t\t\t\t<div class=\"uagb-toc__wrap\">\n\t\t\t\t\t\t<div class=\"uagb-toc__title\">\n\t\t\t\t\t\t\tAeon Tech 1 Marineeinheiten:\t\t\t\t\t\t<\/div>\n\t\t\t\t\t\t\t\t\t\t\t\t\t\t\t\t<div class=\"uagb-toc__list-wrap\">\n\t\t\t\t\t\t<ol class=\"uagb-toc__list\"><li class=\"uagb-toc__list\"><a href=\"#shard-attack-boat\" class=\"uagb-toc-link__trigger\">SHARD - ATTACK BOAT<\/a><li class=\"uagb-toc__list\"><a href=\"#sylph-attack-submarine\" class=\"uagb-toc-link__trigger\">SYLPH - U-Boot angreifen<\/a><li class=\"uagb-toc__list\"><a href=\"#beacon-class-frigate\" class=\"uagb-toc-link__trigger\">BEACON CLASS FRIGATE<\/a><\/ol>\t\t\t\t\t<\/div>\n\t\t\t\t\t\t\t\t\t<\/div>\n\t\t\t\t<\/div>\n\t\t\t\n\n\n<section class=\"wp-block-uagb-columns uagb-columns__wrap uagb-columns__background-undefined uagb-columns__stack-mobile uagb-columns__valign-undefined uagb-columns__gap-10 alignundefined uagb-block-a69db314\"><div class=\"uagb-columns__overlay\"><\/div><div class=\"uagb-columns__inner-wrap uagb-columns__columns-1\">\n<div class=\"wp-block-uagb-column uagb-column__wrap uagb-column__background-undefined uagb-block-67f32a2a\"><div class=\"uagb-column__overlay\"><\/div><div class=\"uagb-column__inner-wrap\">\n<h2 class=\"wp-block-heading\"><strong>SCHERBE <\/strong>- Angriffsboot<\/h2>\n\n\n\n<p>Die einzigartige Einheit des Aeon, das Angriffsboot, wird definitiv untersch\u00e4tzt. Sie sind billig, du brauchst sie nicht, es sei denn, dein Gegner hat Lufteinheiten, sie k\u00f6nnen Torpedos nehmen, die f\u00fcr deine anderen Schiffe bestimmt sind, und sie sind auch gute Sp\u00e4her. Halten Sie sich beim Bau dieser Objekte zur\u00fcck, bis Sie wissen, dass Sie sie ben\u00f6tigen. Ihre Abfangj\u00e4ger sollten in der Lage sein, feindliche Bomber abzuwehren, bis Sie die Angriffsboote zur Abwehr von Kanonenschiffen ausr\u00fcsten k\u00f6nnen.<\/p>\n\n\n\n<div class=\"wp-block-image\"><figure class=\"aligncenter size-large\"><a href=\"https:\/\/supcom.standardof.net\/de\/supreme-commander\/aon\/tech-1-aon-marine-einheiten\/shard-attack-boat-supreme-commander-aeon-tech-1-naval-units\/\"><img decoding=\"async\" width=\"789\" height=\"555\" src=\"https:\/\/supcom.standardof.net\/wp-content\/uploads\/sites\/8\/2020\/11\/SHARD-ATTACK-BOAT-Supreme-Commander-Aeon-Tech-1-Naval-Units.jpg\" alt=\"Das Shard Attack Boat, Aeon Tech 1 Marineeinheit im Oberbefehlshaber.\" class=\"wp-image-1027\" srcset=\"https:\/\/supcom.standardof.net\/wp-content\/uploads\/sites\/8\/2020\/11\/SHARD-ATTACK-BOAT-Supreme-Commander-Aeon-Tech-1-Naval-Units.jpg 789w, https:\/\/supcom.standardof.net\/wp-content\/uploads\/sites\/8\/2020\/11\/SHARD-ATTACK-BOAT-Supreme-Commander-Aeon-Tech-1-Naval-Units-512x360.jpg 512w, https:\/\/supcom.standardof.net\/wp-content\/uploads\/sites\/8\/2020\/11\/SHARD-ATTACK-BOAT-Supreme-Commander-Aeon-Tech-1-Naval-Units-200x141.jpg 200w, https:\/\/supcom.standardof.net\/wp-content\/uploads\/sites\/8\/2020\/11\/SHARD-ATTACK-BOAT-Supreme-Commander-Aeon-Tech-1-Naval-Units-768x540.jpg 768w, https:\/\/supcom.standardof.net\/wp-content\/uploads\/sites\/8\/2020\/11\/SHARD-ATTACK-BOAT-Supreme-Commander-Aeon-Tech-1-Naval-Units-16x12.jpg 16w\" sizes=\"(max-width: 789px) 100vw, 789px\" \/><\/a><figcaption>SHARD - ATTACK BOAT<\/figcaption><\/figure><\/div>\n\n\n\n<section class=\"wp-block-uagb-columns uagb-columns__wrap uagb-columns__background-undefined uagb-columns__stack-mobile uagb-columns__valign-undefined uagb-columns__gap-10 alignundefined uagb-block-41127ed9\"><div class=\"uagb-columns__overlay\"><\/div><div class=\"uagb-columns__inner-wrap uagb-columns__columns-2\">\n<div class=\"wp-block-uagb-column uagb-column__wrap uagb-column__background-undefined uagb-block-f242b981\"><div class=\"uagb-column__overlay\"><\/div><div class=\"uagb-column__inner-wrap\">\n<h3 class=\"wp-block-heading\">Shard Stats<\/h3>\n\n\n\n<p>R\u00fcstung: 750 PS<br>F\u00e4higkeiten: Luftabwehr<br>Kosten: M120, E1200, T400<br>Intel: Sicht: 32 (625 m)<br>Physik:<br>- H\u00f6chstgeschwindigkeit: 6,8 (133 m \/ s),<br>- Drehgeschwindigkeit: 50<br>Veterancy: 5, 10, 25, 50, 100 Kills<br>- Veteranenstufe 2: +188 PS<br>- Veteranenstufe 4: +188 PS<br>- Veteranenstufe 5: Reparatur von 3 PS \/ s<\/p>\n<\/div><\/div>\n\n\n\n<div class=\"wp-block-uagb-column uagb-column__wrap uagb-column__background-undefined uagb-block-486885b6\"><div class=\"uagb-column__overlay\"><\/div><div class=\"uagb-column__inner-wrap\">\n<h3 class=\"wp-block-heading\">Scherbenwaffen<\/h3>\n\n\n\n<p>Schallpulsbatterie (Anti Air):<br>18.00 dps<br>Reichweite: 48 (938 m)<br>Projektilwaffe: 9 Schaden<br>Feuerrate: 2 (alle 0,5 s)<br>Veteranenlevel 1: +2 Schaden<br>Veteranenlevel 3: +2 Schaden<\/p>\n<\/div><\/div>\n<\/div><\/section>\n<\/div><\/div>\n<\/div><\/section>\n\n\n\n<section class=\"wp-block-uagb-columns uagb-columns__wrap uagb-columns__background-undefined uagb-columns__stack-mobile uagb-columns__valign-undefined uagb-columns__gap-10 alignundefined uagb-block-40ab6f9b\"><div class=\"uagb-columns__overlay\"><\/div><div class=\"uagb-columns__inner-wrap uagb-columns__columns-1\">\n<div class=\"wp-block-uagb-column uagb-column__wrap uagb-column__background-undefined uagb-block-165261ab\"><div class=\"uagb-column__overlay\"><\/div><div class=\"uagb-column__inner-wrap\">\n<h2 class=\"wp-block-heading\"><strong>SYLPHE <\/strong>- U-Boot angreifen<\/h2>\n\n\n\n<p>Das Aeon-U-Boot ist b\u00f6sartig. Seine Torpedos richten guten Schaden an, es ist billiger als die U-Boote der anderen Fraktionen und es hat eine kleine Sonarreichweite. Nat\u00fcrlich kann es nichts an der Oberfl\u00e4che angreifen, aber deshalb haben Sie sie nicht gebaut. Seien Sie froh, dass Ihre Effizienz Ihnen \u00fcberlegene Anti-Marine-F\u00e4higkeiten verliehen hat.<\/p>\n\n\n\n<figure class=\"wp-block-gallery aligncenter columns-2 is-cropped wp-block-gallery-1 is-layout-flex wp-block-gallery-is-layout-flex\"><ul class=\"blocks-gallery-grid\"><li class=\"blocks-gallery-item\"><figure><a href=\"https:\/\/supcom.standardof.net\/de\/supreme-commander\/aon\/tech-1-aon-marine-einheiten\/sylph-attack-submarine-supreme-commander-aeon-tech-1-naval-units\/\"><img decoding=\"async\" width=\"800\" height=\"490\" src=\"https:\/\/supcom.standardof.net\/wp-content\/uploads\/sites\/8\/2020\/11\/SYLPH-ATTACK-SUBMARINE-Supreme-Commander-Aeon-Tech-1-Naval-Units-800x490.jpg\" alt=\"Das Sylph Attack Submarine, Aeon Tech 1 Naval Unit im Oberbefehlshaber.\" data-id=\"1025\" data-full-url=\"https:\/\/supcom.standardof.net\/wp-content\/uploads\/sites\/8\/2020\/11\/SYLPH-ATTACK-SUBMARINE-Supreme-Commander-Aeon-Tech-1-Naval-Units.jpg\" data-link=\"https:\/\/supcom.standardof.net\/supreme-commander\/aeon\/tech-1-aeon-naval-units\/sylph-attack-submarine-supreme-commander-aeon-tech-1-naval-units\/\" class=\"wp-image-1025\" srcset=\"https:\/\/supcom.standardof.net\/wp-content\/uploads\/sites\/8\/2020\/11\/SYLPH-ATTACK-SUBMARINE-Supreme-Commander-Aeon-Tech-1-Naval-Units-800x490.jpg 800w, https:\/\/supcom.standardof.net\/wp-content\/uploads\/sites\/8\/2020\/11\/SYLPH-ATTACK-SUBMARINE-Supreme-Commander-Aeon-Tech-1-Naval-Units-512x314.jpg 512w, https:\/\/supcom.standardof.net\/wp-content\/uploads\/sites\/8\/2020\/11\/SYLPH-ATTACK-SUBMARINE-Supreme-Commander-Aeon-Tech-1-Naval-Units-200x123.jpg 200w, https:\/\/supcom.standardof.net\/wp-content\/uploads\/sites\/8\/2020\/11\/SYLPH-ATTACK-SUBMARINE-Supreme-Commander-Aeon-Tech-1-Naval-Units-768x471.jpg 768w, https:\/\/supcom.standardof.net\/wp-content\/uploads\/sites\/8\/2020\/11\/SYLPH-ATTACK-SUBMARINE-Supreme-Commander-Aeon-Tech-1-Naval-Units-16x10.jpg 16w, https:\/\/supcom.standardof.net\/wp-content\/uploads\/sites\/8\/2020\/11\/SYLPH-ATTACK-SUBMARINE-Supreme-Commander-Aeon-Tech-1-Naval-Units.jpg 891w\" sizes=\"(max-width: 800px) 100vw, 800px\" \/><\/a><figcaption class=\"blocks-gallery-item__caption\">SYLPH - U-Boot angreifen<\/figcaption><\/figure><\/li><li class=\"blocks-gallery-item\"><figure><a href=\"https:\/\/supcom.standardof.net\/de\/supreme-commander\/aon\/tech-1-aon-marine-einheiten\/sylph-attack-submarine-submerged-supreme-commander-aeon-tech-1-naval-units\/\"><img decoding=\"async\" width=\"741\" height=\"486\" src=\"https:\/\/supcom.standardof.net\/wp-content\/uploads\/sites\/8\/2020\/11\/SYLPH-ATTACK-SUBMARINE-Submerged-Supreme-Commander-Aeon-Tech-1-Naval-Units.jpg\" alt=\"Das Sylph Attack Submarine (untergetaucht), Aeon Tech 1 Naval Unit im Oberbefehlshaber.\" data-id=\"1028\" data-full-url=\"https:\/\/supcom.standardof.net\/wp-content\/uploads\/sites\/8\/2020\/11\/SYLPH-ATTACK-SUBMARINE-Submerged-Supreme-Commander-Aeon-Tech-1-Naval-Units.jpg\" data-link=\"https:\/\/supcom.standardof.net\/supreme-commander\/aeon\/tech-1-aeon-naval-units\/sylph-attack-submarine-submerged-supreme-commander-aeon-tech-1-naval-units\/\" class=\"wp-image-1028\" srcset=\"https:\/\/supcom.standardof.net\/wp-content\/uploads\/sites\/8\/2020\/11\/SYLPH-ATTACK-SUBMARINE-Submerged-Supreme-Commander-Aeon-Tech-1-Naval-Units.jpg 741w, https:\/\/supcom.standardof.net\/wp-content\/uploads\/sites\/8\/2020\/11\/SYLPH-ATTACK-SUBMARINE-Submerged-Supreme-Commander-Aeon-Tech-1-Naval-Units-512x336.jpg 512w, https:\/\/supcom.standardof.net\/wp-content\/uploads\/sites\/8\/2020\/11\/SYLPH-ATTACK-SUBMARINE-Submerged-Supreme-Commander-Aeon-Tech-1-Naval-Units-200x131.jpg 200w, https:\/\/supcom.standardof.net\/wp-content\/uploads\/sites\/8\/2020\/11\/SYLPH-ATTACK-SUBMARINE-Submerged-Supreme-Commander-Aeon-Tech-1-Naval-Units-16x10.jpg 16w\" sizes=\"(max-width: 741px) 100vw, 741px\" \/><\/a><figcaption class=\"blocks-gallery-item__caption\">SYLPH - ATTACK SUBMARINE (Untergetaucht)<\/figcaption><\/figure><\/li><\/ul><\/figure>\n\n\n\n<section class=\"wp-block-uagb-columns uagb-columns__wrap uagb-columns__background-undefined uagb-columns__stack-mobile uagb-columns__valign-undefined uagb-columns__gap-10 alignundefined uagb-block-f8bc72fe\"><div class=\"uagb-columns__overlay\"><\/div><div class=\"uagb-columns__inner-wrap uagb-columns__columns-2\">\n<div class=\"wp-block-uagb-column uagb-column__wrap uagb-column__background-undefined uagb-block-4f3a1856\"><div class=\"uagb-column__overlay\"><\/div><div class=\"uagb-column__inner-wrap\">\n<h3 class=\"wp-block-heading\">Slyph Stats<\/h3>\n\n\n\n<p>R\u00fcstung: 1000 PS<br>F\u00e4higkeiten: Tauchf\u00e4hig<br>Kosten: M560, E2500, T1000<br>Intel:<br>- Sicht: 32 (625 m)<br>- Sonar: 60 (1,17 km)<br>- Wassersicht: 32 (625 m)<br>Physik:<br>- H\u00f6chstgeschwindigkeit: 4,6 (89,8 m \/ s)<br>- Wendegeschwindigkeit: 40<br>Veterancy: 5, 10, 25, 50, 100 Kills<br>- Veteranenstufe 2: +250 PS<br>- Veteranenstufe 4: +250 PS<br>- Veteranenstufe 5: Reparatur von 3 PS \/ s<\/p>\n<\/div><\/div>\n\n\n\n<div class=\"wp-block-uagb-column uagb-column__wrap uagb-column__background-undefined uagb-block-7c325ae2\"><div class=\"uagb-column__overlay\"><\/div><div class=\"uagb-column__inner-wrap\">\n<h3 class=\"wp-block-heading\">Slyphenwaffen<\/h3>\n\n\n\n<p>Chrono Torpedo (Anti Navy):<br>97,21 dps<br>Reichweite: 32 (625 m)<br>Projektilwaffe: 209 Schaden x 2 Projektile = 550 Schaden pro Salve<br>Feuerrate: 0,25 (alle 4s)<br>Veteranenlevel 1: +69 Schaden<br>Veteranenstufe 3: +69 Schaden<\/p>\n<\/div><\/div>\n<\/div><\/section>\n<\/div><\/div>\n<\/div><\/section>\n\n\n\n<section class=\"wp-block-uagb-columns uagb-columns__wrap uagb-columns__background-undefined uagb-columns__stack-mobile uagb-columns__valign-undefined uagb-columns__gap-10 alignundefined uagb-block-d624efba\"><div class=\"uagb-columns__overlay\"><\/div><div class=\"uagb-columns__inner-wrap uagb-columns__columns-1\">\n<div class=\"wp-block-uagb-column uagb-column__wrap uagb-column__background-undefined uagb-block-df314e37\"><div class=\"uagb-column__overlay\"><\/div><div class=\"uagb-column__inner-wrap\">\n<h2 class=\"wp-block-heading\"><strong>LEUCHTFEUER <\/strong>KLASSENFREGATE<\/h2>\n\n\n\n<p>Die Aeon-Fregatte hat eine bessere Reichweite gegen andere Fregatten, um sowohl gegen Land- als auch gegen Seeziele gro\u00dfartig zu sein, w\u00e4hrend ihre Torpedo-Verteidigung Zeit gegen U-Boote spart. Es ist jedoch ziemlich teuer, also versuchen Sie nicht, sie zu verwenden, um feindliche Fregatten eins zu eins zu bek\u00e4mpfen. Habe stattdessen gemischte Seestreitkr\u00e4fte, um sie zu \u00fcberw\u00e4ltigen.<\/p>\n\n\n\n<div class=\"wp-block-image\"><figure class=\"aligncenter size-large\"><a href=\"https:\/\/supcom.standardof.net\/de\/supreme-commander\/aon\/tech-1-aon-marine-einheiten\/beacon-class-frigate-supreme-commander-aeon-tech-1-naval-units\/\"><img decoding=\"async\" width=\"800\" height=\"728\" src=\"https:\/\/supcom.standardof.net\/wp-content\/uploads\/sites\/8\/2020\/11\/BEACON-CLASS-FRIGATE-Supreme-Commander-Aeon-Tech-1-Naval-Units-800x728.jpg\" alt=\"Die Fregatte der Leuchtfeuerklasse, Aeon Tech 1 Naval Unit im Oberbefehlshaber.\" class=\"wp-image-1026\" srcset=\"https:\/\/supcom.standardof.net\/wp-content\/uploads\/sites\/8\/2020\/11\/BEACON-CLASS-FRIGATE-Supreme-Commander-Aeon-Tech-1-Naval-Units-800x728.jpg 800w, https:\/\/supcom.standardof.net\/wp-content\/uploads\/sites\/8\/2020\/11\/BEACON-CLASS-FRIGATE-Supreme-Commander-Aeon-Tech-1-Naval-Units-512x466.jpg 512w, https:\/\/supcom.standardof.net\/wp-content\/uploads\/sites\/8\/2020\/11\/BEACON-CLASS-FRIGATE-Supreme-Commander-Aeon-Tech-1-Naval-Units-200x182.jpg 200w, https:\/\/supcom.standardof.net\/wp-content\/uploads\/sites\/8\/2020\/11\/BEACON-CLASS-FRIGATE-Supreme-Commander-Aeon-Tech-1-Naval-Units-768x699.jpg 768w, https:\/\/supcom.standardof.net\/wp-content\/uploads\/sites\/8\/2020\/11\/BEACON-CLASS-FRIGATE-Supreme-Commander-Aeon-Tech-1-Naval-Units-13x12.jpg 13w, https:\/\/supcom.standardof.net\/wp-content\/uploads\/sites\/8\/2020\/11\/BEACON-CLASS-FRIGATE-Supreme-Commander-Aeon-Tech-1-Naval-Units.jpg 1137w\" sizes=\"(max-width: 800px) 100vw, 800px\" \/><\/a><figcaption>BEACON CLASS FRIGATE<\/figcaption><\/figure><\/div>\n\n\n\n<section class=\"wp-block-uagb-columns uagb-columns__wrap uagb-columns__background-undefined uagb-columns__stack-mobile uagb-columns__valign-undefined uagb-columns__gap-10 alignundefined uagb-block-d2305192\"><div class=\"uagb-columns__overlay\"><\/div><div class=\"uagb-columns__inner-wrap uagb-columns__columns-2\">\n<div class=\"wp-block-uagb-column uagb-column__wrap uagb-column__background-undefined uagb-block-2cb7b7fb\"><div class=\"uagb-column__overlay\"><\/div><div class=\"uagb-column__inner-wrap\">\n<h3 class=\"wp-block-heading\">Leuchtfeuer-Statistiken<\/h3>\n\n\n\n<p>R\u00fcstung: 1800 PS<br>F\u00e4higkeiten: Torpedoabwehr, Radar, Sonar<br>Kosten: M290, E2900, T725<br>Intel:<br>Sicht: 32 (625 m)<br>Radar: 70 (1,76 km)<br>Sonar: 70 (1,76 km)<br>Wassersicht: 24 (469 m)<br>Physik:<br>H\u00f6chstgeschwindigkeit: 6,8 (133 m \/ s)<br>Wendegeschwindigkeit: 30<br>Veterancy: 5, 10, 25, 50, 100 Kills<br>Veteranenlevel 2: +188 PS<br>Veteranenlevel 4: +188 PS<br>Veteranenstufe 5: Reparatur von 3 PS \/ s<\/p>\n<\/div><\/div>\n\n\n\n<div class=\"wp-block-uagb-column uagb-column__wrap uagb-column__background-undefined uagb-block-bdcb8084\"><div class=\"uagb-column__overlay\"><\/div><div class=\"uagb-column__inner-wrap\">\n<h3 class=\"wp-block-heading\">Leuchtfeuerwaffen<\/h3>\n\n\n\n<p>2x Quantenkanone (Direct Fire Naval):<br>28,00 dps<br>Fl\u00e4che: 1 (19,5 m)<br>Reichweite: 31 (605 m)<br>Projektilwaffe: 140 Schaden<br>Feuerrate: 0,2 (alle 5s)<br>Veteranenlevel 1: +31 Schaden<br>Veteranenlevel 3: +31 Schaden<\/p>\n\n\n\n<p>2x Quasar Anti Torpedo (Verteidigung):<br>0,20 dps<br>Reichweite: 32 (625 m)<br>Projektilwaffe: 2 Schaden<br>Feuerrate: 0,1 (alle 10s)<\/p>\n<\/div><\/div>\n<\/div><\/section>\n<\/div><\/div>\n<\/div><\/section>","protected":false},"excerpt":{"rendered":"<p>SHARD &#8211; ATTACK BOAT The Aeon&#8217;s unique unit, the Attack Boat, is definitely underrated. They&#8217;re cheap, you don&#8217;t need them unless your opponent has air units, they can take torpedoes meant for your other ships quite well, and they&#8217;re good scouts too. Hold off on building these until you know you&#8217;ll need them &#8211; your [&hellip;]<\/p>","protected":false},"author":1,"featured_media":0,"parent":503,"menu_order":0,"comment_status":"open","ping_status":"closed","template":"","meta":{"_uag_custom_page_level_css":"","site-sidebar-layout":"default","site-content-layout":"default","ast-site-content-layout":"","site-content-style":"default","site-sidebar-style":"default","ast-global-header-display":"","ast-banner-title-visibility":"","ast-main-header-display":"","ast-hfb-above-header-display":"","ast-hfb-below-header-display":"","ast-hfb-mobile-header-display":"","site-post-title":"","ast-breadcrumbs-content":"","ast-featured-img":"","footer-sml-layout":"","theme-transparent-header-meta":"default","adv-header-id-meta":"","stick-header-meta":"","header-above-stick-meta":"","header-main-stick-meta":"","header-below-stick-meta":"","astra-migrate-meta-layouts":"default","ast-page-background-enabled":"default","ast-page-background-meta":{"desktop":{"background-color":"","background-image":"","background-repeat":"repeat","background-position":"center center","background-size":"auto","background-attachment":"scroll","background-type":"","background-media":"","overlay-type":"","overlay-color":"","overlay-gradient":""},"tablet":{"background-color":"","background-image":"","background-repeat":"repeat","background-position":"center center","background-size":"auto","background-attachment":"scroll","background-type":"","background-media":"","overlay-type":"","overlay-color":"","overlay-gradient":""},"mobile":{"background-color":"","background-image":"","background-repeat":"repeat","background-position":"center center","background-size":"auto","background-attachment":"scroll","background-type":"","background-media":"","overlay-type":"","overlay-color":"","overlay-gradient":""}},"ast-content-background-meta":{"desktop":{"background-color":"var(--ast-global-color-5)","background-image":"","background-repeat":"repeat","background-position":"center center","background-size":"auto","background-attachment":"scroll","background-type":"","background-media":"","overlay-type":"","overlay-color":"","overlay-gradient":""},"tablet":{"background-color":"var(--ast-global-color-5)","background-image":"","background-repeat":"repeat","background-position":"center center","background-size":"auto","background-attachment":"scroll","background-type":"","background-media":"","overlay-type":"","overlay-color":"","overlay-gradient":""},"mobile":{"background-color":"var(--ast-global-color-5)","background-image":"","background-repeat":"repeat","background-position":"center center","background-size":"auto","background-attachment":"scroll","background-type":"","background-media":"","overlay-type":"","overlay-color":"","overlay-gradient":""}},"footnotes":""},"uagb_featured_image_src":{"full":false,"thumbnail":false,"medium":false,"medium_large":false,"large":false,"1536x1536":false,"2048x2048":false,"trp-custom-language-flag":false},"uagb_author_info":{"display_name":"SOE","author_link":"https:\/\/supcom.standardof.net\/de\/author\/k-tastic\/"},"uagb_comment_info":0,"uagb_excerpt":"SHARD &#8211; ATTACK BOAT The Aeon&#8217;s unique unit, the Attack Boat, is definitely underrated. They&#8217;re cheap, you don&#8217;t need them unless your opponent has air units, they can take torpedoes meant for your other ships quite well, and they&#8217;re good scouts too. Hold off on building these until you know you&#8217;ll need them &#8211; your&hellip;","_links":{"self":[{"href":"https:\/\/supcom.standardof.net\/de\/wp-json\/wp\/v2\/pages\/777"}],"collection":[{"href":"https:\/\/supcom.standardof.net\/de\/wp-json\/wp\/v2\/pages"}],"about":[{"href":"https:\/\/supcom.standardof.net\/de\/wp-json\/wp\/v2\/types\/page"}],"author":[{"embeddable":true,"href":"https:\/\/supcom.standardof.net\/de\/wp-json\/wp\/v2\/users\/1"}],"replies":[{"embeddable":true,"href":"https:\/\/supcom.standardof.net\/de\/wp-json\/wp\/v2\/comments?post=777"}],"version-history":[{"count":0,"href":"https:\/\/supcom.standardof.net\/de\/wp-json\/wp\/v2\/pages\/777\/revisions"}],"up":[{"embeddable":true,"href":"https:\/\/supcom.standardof.net\/de\/wp-json\/wp\/v2\/pages\/503"}],"wp:attachment":[{"href":"https:\/\/supcom.standardof.net\/de\/wp-json\/wp\/v2\/media?parent=777"}],"curies":[{"name":"wp","href":"https:\/\/api.w.org\/{rel}","templated":true}]}}