{"id":783,"date":"2020-11-03T19:22:36","date_gmt":"2020-11-04T00:22:36","guid":{"rendered":"https:\/\/supcom.standardof.net\/?page_id=783"},"modified":"2020-11-04T19:26:18","modified_gmt":"2020-11-05T00:26:18","slug":"tech-3-aeon-air-units","status":"publish","type":"page","link":"https:\/\/supcom.standardof.net\/de\/supreme-commander\/aon\/tech-3-aon-luft-einheiten\/","title":{"rendered":"Tech 3 - Aeon Air Units"},"content":{"rendered":"<div class=\"wp-block-uagb-table-of-contents uagb-toc__align-left uagb-toc__columns-1  uagb-block-fb6839ad\"\n\t\t\t\t\tdata-scroll= \"1\"\n\t\t\t\t\tdata-offset= \"30\"\n\t\t\t\t\tstyle=\"\"\n\t\t\t\t>\n\t\t\t\t<div class=\"uagb-toc__wrap\">\n\t\t\t\t\t\t<div class=\"uagb-toc__title\">\n\t\t\t\t\t\t\tAeon Tech 3 Air Units:\t\t\t\t\t\t<\/div>\n\t\t\t\t\t\t\t\t\t\t\t\t\t\t\t\t<div class=\"uagb-toc__list-wrap\">\n\t\t\t\t\t\t<ol class=\"uagb-toc__list\"><li class=\"uagb-toc__list\"><a href=\"#seer-spy-plane\" class=\"uagb-toc-link__trigger\">SEER - SPY PLANE<\/a><li class=\"uagb-toc__list\"><a href=\"#corona-air-superiority-fighter\" class=\"uagb-toc-link__trigger\">CORONA - LUFT\u00dcBERWACHUNGSK\u00c4MPFER<\/a><li class=\"uagb-toc__list\"><a href=\"#shocker-strategic-bomber\" class=\"uagb-toc-link__trigger\">SCHOCKER - STRATEGISCHE BOMBER<\/a><\/ol>\t\t\t\t\t<\/div>\n\t\t\t\t\t\t\t\t\t<\/div>\n\t\t\t\t<\/div>\n\t\t\t\n\n\n<section class=\"wp-block-uagb-columns uagb-columns__wrap uagb-columns__background-undefined uagb-columns__stack-mobile uagb-columns__valign-undefined uagb-columns__gap-10 alignundefined uagb-block-8be8da0f\"><div class=\"uagb-columns__overlay\"><\/div><div class=\"uagb-columns__inner-wrap uagb-columns__columns-1\">\n<div class=\"wp-block-uagb-column uagb-column__wrap uagb-column__background-undefined uagb-block-2e91a0bf\"><div class=\"uagb-column__overlay\"><\/div><div class=\"uagb-column__inner-wrap\">\n<h2 class=\"wp-block-heading\"><strong>SEHER <\/strong>- Spionageflugzeug<\/h2>\n\n\n\n<p>Das Aeon-Spionageflugzeug verf\u00fcgt \u00fcber eine absolut enorme Sichtweite, sodass es die feindliche Basis fast vollst\u00e4ndig sehen kann, bevor es von SAM-Standorten abgeschossen wird. Sie k\u00f6nnen sogar um die R\u00e4nder fliegen, um ihre Verteidigung zu sehen, ohne Ihr Spionageflugzeug zu verlieren. Es gibt keinen wirklichen Grund, mehr als einen zu bauen, aber Sie k\u00f6nnten genauso gut den ersten bekommen, zumal er so billig ist.<\/p>\n\n\n\n<div class=\"wp-block-image\"><figure class=\"aligncenter size-large\"><a href=\"https:\/\/supcom.standardof.net\/de\/supreme-commander\/aon\/tech-3-aon-luft-einheiten\/seer-spy-plane-supreme-commander-aeon-tech-3-air-units\/\"><img decoding=\"async\" width=\"800\" height=\"606\" src=\"https:\/\/supcom.standardof.net\/wp-content\/uploads\/sites\/8\/2020\/11\/SEER-SPY-PLANE-Supreme-Commander-Aeon-Tech-3-Air-Units-800x606.jpg\" alt=\"Das Seher-Spionageflugzeug, Aeon Tech 3 Air Unit im Oberbefehlshaber.\" class=\"wp-image-1017\" srcset=\"https:\/\/supcom.standardof.net\/wp-content\/uploads\/sites\/8\/2020\/11\/SEER-SPY-PLANE-Supreme-Commander-Aeon-Tech-3-Air-Units-800x606.jpg 800w, https:\/\/supcom.standardof.net\/wp-content\/uploads\/sites\/8\/2020\/11\/SEER-SPY-PLANE-Supreme-Commander-Aeon-Tech-3-Air-Units-512x388.jpg 512w, https:\/\/supcom.standardof.net\/wp-content\/uploads\/sites\/8\/2020\/11\/SEER-SPY-PLANE-Supreme-Commander-Aeon-Tech-3-Air-Units-200x152.jpg 200w, https:\/\/supcom.standardof.net\/wp-content\/uploads\/sites\/8\/2020\/11\/SEER-SPY-PLANE-Supreme-Commander-Aeon-Tech-3-Air-Units-768x582.jpg 768w, https:\/\/supcom.standardof.net\/wp-content\/uploads\/sites\/8\/2020\/11\/SEER-SPY-PLANE-Supreme-Commander-Aeon-Tech-3-Air-Units-16x12.jpg 16w, https:\/\/supcom.standardof.net\/wp-content\/uploads\/sites\/8\/2020\/11\/SEER-SPY-PLANE-Supreme-Commander-Aeon-Tech-3-Air-Units.jpg 978w\" sizes=\"(max-width: 800px) 100vw, 800px\" \/><\/a><figcaption>SEER - SPY PLANE<\/figcaption><\/figure><\/div>\n\n\n\n<section class=\"wp-block-uagb-columns uagb-columns__wrap uagb-columns__background-undefined uagb-columns__stack-mobile uagb-columns__valign-undefined uagb-columns__gap-10 alignundefined uagb-block-8231f1df\"><div class=\"uagb-columns__overlay\"><\/div><div class=\"uagb-columns__inner-wrap uagb-columns__columns-2\">\n<div class=\"wp-block-uagb-column uagb-column__wrap uagb-column__background-undefined uagb-block-41465769\"><div class=\"uagb-column__overlay\"><\/div><div class=\"uagb-column__inner-wrap\">\n<h3 class=\"wp-block-heading\">Seher Stats<\/h3>\n\n\n\n<p>R\u00fcstung: 25 PS (leicht)<br>F\u00e4higkeiten: Radar<br>Kosten: M56, E2240, T420<br>Intel:<br>- Sicht: 120 (2,34 km)<br>- Radar: 120 (2,34 km)<br>- Omni: 30 (586 m)<br>Physik:<br>- H\u00f6chstgeschwindigkeit: 21 (410 m \/ s)<br>- H\u00f6he: 25 (488 m)<br>Transportklasse: 3<br>- Veteranenstufe 2: +6 PS<br>- Veteranenstufe 4: +6 PS<br>- Veteranenstufe 5: Reparatur von 1 PS \/ s<\/p>\n<\/div><\/div>\n\n\n\n<div class=\"wp-block-uagb-column uagb-column__wrap uagb-column__background-undefined uagb-block-fd743d19\"><div class=\"uagb-column__overlay\"><\/div><div class=\"uagb-column__inner-wrap\">\n<h3 class=\"wp-block-heading\">Seher Waffen<\/h3>\n\n\n\n<p>Luftabsturz (Tod): 100 Schaden<br>Fl\u00e4che: 1 (19,5 m)<\/p>\n<\/div><\/div>\n<\/div><\/section>\n<\/div><\/div>\n<\/div><\/section>\n\n\n\n<section class=\"wp-block-uagb-columns uagb-columns__wrap uagb-columns__background-undefined uagb-columns__stack-mobile uagb-columns__valign-undefined uagb-columns__gap-10 alignundefined uagb-block-0405f912\"><div class=\"uagb-columns__overlay\"><\/div><div class=\"uagb-columns__inner-wrap uagb-columns__columns-1\">\n<div class=\"wp-block-uagb-column uagb-column__wrap uagb-column__background-undefined uagb-block-c8bc2fd0\"><div class=\"uagb-column__overlay\"><\/div><div class=\"uagb-column__inner-wrap\">\n<h2 class=\"wp-block-heading\"><strong>CORONA <\/strong>- LUFT\u00dcBERWACHUNGSK\u00c4MPFER<\/h2>\n\n\n\n<p>Die Corona ist eine sehr teure Luftabwehreinheit, daher sollten Sie sie nur haben, wenn Sie glauben, dass Sie regelm\u00e4\u00dfig feindliche Lufteinheiten t\u00f6ten m\u00fcssen. Sie fliegen so schnell, dass sie keinen angemessenen Schutz f\u00fcr einen Bombenangriff bieten, aber sie k\u00f6nnen hereinkommen und die feindliche Abfangtruppe \u00fcberfallen, und sie sind der beste Weg, um mit experimentellen Lufteinheiten umzugehen. Ihre Waffen sind nicht so effektiv wie die K\u00e4mpfer der anderen Fraktionen, aber sie sind immer noch Ihre beste Methode zur Luftverteidigung, die kein Turm ist.<\/p>\n\n\n\n<div class=\"wp-block-image\"><figure class=\"aligncenter size-large\"><a href=\"https:\/\/supcom.standardof.net\/de\/supreme-commander\/aon\/tech-3-aon-luft-einheiten\/corona-air-superiority-fighter-supreme-commander-aeon-tech-3-air-units\/\"><img decoding=\"async\" width=\"800\" height=\"525\" src=\"https:\/\/supcom.standardof.net\/wp-content\/uploads\/sites\/8\/2020\/11\/CORONA-AIR-SUPERIORITY-FIGHTER-Supreme-Commander-Aeon-Tech-3-Air-Units-800x525.jpg\" alt=\"Der Corona Air Superiority Fighter, Aeon Tech 3 Air Unit im Oberbefehlshaber.\" class=\"wp-image-1016\" srcset=\"https:\/\/supcom.standardof.net\/wp-content\/uploads\/sites\/8\/2020\/11\/CORONA-AIR-SUPERIORITY-FIGHTER-Supreme-Commander-Aeon-Tech-3-Air-Units-800x525.jpg 800w, https:\/\/supcom.standardof.net\/wp-content\/uploads\/sites\/8\/2020\/11\/CORONA-AIR-SUPERIORITY-FIGHTER-Supreme-Commander-Aeon-Tech-3-Air-Units-512x336.jpg 512w, https:\/\/supcom.standardof.net\/wp-content\/uploads\/sites\/8\/2020\/11\/CORONA-AIR-SUPERIORITY-FIGHTER-Supreme-Commander-Aeon-Tech-3-Air-Units-200x131.jpg 200w, https:\/\/supcom.standardof.net\/wp-content\/uploads\/sites\/8\/2020\/11\/CORONA-AIR-SUPERIORITY-FIGHTER-Supreme-Commander-Aeon-Tech-3-Air-Units-768x504.jpg 768w, https:\/\/supcom.standardof.net\/wp-content\/uploads\/sites\/8\/2020\/11\/CORONA-AIR-SUPERIORITY-FIGHTER-Supreme-Commander-Aeon-Tech-3-Air-Units-16x12.jpg 16w, https:\/\/supcom.standardof.net\/wp-content\/uploads\/sites\/8\/2020\/11\/CORONA-AIR-SUPERIORITY-FIGHTER-Supreme-Commander-Aeon-Tech-3-Air-Units.jpg 1014w\" sizes=\"(max-width: 800px) 100vw, 800px\" \/><\/a><figcaption>CORONA - LUFT\u00dcBERWACHUNGSK\u00c4MPFER<\/figcaption><\/figure><\/div>\n\n\n\n<section class=\"wp-block-uagb-columns uagb-columns__wrap uagb-columns__background-undefined uagb-columns__stack-mobile uagb-columns__valign-undefined uagb-columns__gap-10 alignundefined uagb-block-863ebd48\"><div class=\"uagb-columns__overlay\"><\/div><div class=\"uagb-columns__inner-wrap uagb-columns__columns-2\">\n<div class=\"wp-block-uagb-column uagb-column__wrap uagb-column__background-undefined uagb-block-a34f3eda\"><div class=\"uagb-column__overlay\"><\/div><div class=\"uagb-column__inner-wrap\">\n<h3 class=\"wp-block-heading\">Corona-Statistiken<\/h3>\n\n\n\n<p>R\u00fcstung: 225 PS (leicht)<br>Kosten: M360, E24000, T3600<br>Intel: Sicht: 32 (625 m)<br>Physik:<br>- H\u00f6chstgeschwindigkeit: 25 (488 m \/ s)<br>- H\u00f6he: 20 (391 m)<br>- Eingriffsentfernung: 50 (977 m)<br>Transportklasse: 3<br>Veterancy: 5, 10, 25, 50, 100 Kills<br>- Veteranenstufe 2: +56 PS<br>- Veteranenstufe 4: +56 PS<br>- Veteranenstufe 5: Reparatur von 1 PS \/ s<\/p>\n<\/div><\/div>\n\n\n\n<div class=\"wp-block-uagb-column uagb-column__wrap uagb-column__background-undefined uagb-block-93354260\"><div class=\"uagb-column__overlay\"><\/div><div class=\"uagb-column__inner-wrap\">\n<h3 class=\"wp-block-heading\">Corona-Waffen<\/h3>\n\n\n\n<p>Verdr\u00e4ngungskanone (Luftabwehr):<br>78,00 dps<br>Reichweite: 24 (469 m)<br>Projektilwaffe:<br>26 Schaden x 3 Projektile = 78 Schaden pro Salve<br>Feuerrate: 1 (alle 1s)<br>Veteranenlevel 1: +7 Schaden<br>Veteranenlevel 3: +7 Schaden<\/p>\n\n\n\n<p>Luftabsturz (Tod):<br>200 Schaden<br>Fl\u00e4che: 1 (19,5 m)<\/p>\n<\/div><\/div>\n<\/div><\/section>\n<\/div><\/div>\n<\/div><\/section>\n\n\n\n<section class=\"wp-block-uagb-columns uagb-columns__wrap uagb-columns__background-undefined uagb-columns__stack-mobile uagb-columns__valign-undefined uagb-columns__gap-10 alignundefined uagb-block-ed6ee42d\"><div class=\"uagb-columns__overlay\"><\/div><div class=\"uagb-columns__inner-wrap uagb-columns__columns-1\">\n<div class=\"wp-block-uagb-column uagb-column__wrap uagb-column__background-undefined uagb-block-b535a37a\"><div class=\"uagb-column__overlay\"><\/div><div class=\"uagb-column__inner-wrap\">\n<h2 class=\"wp-block-heading\"><strong>SCHOCKER <\/strong>- STRATEGISCHE BOMBER<\/h2>\n\n\n\n<p>Strategische Bomber bauen so langsam, dass sie eine gro\u00dfe Gruppe von Ingenieuren ben\u00f6tigen. Das Wort \u201estrategisch\u201c sollte dort nicht leicht genommen werden: Sie fliegen so hoch, dass eine SAM-Site eine Weile braucht, um sie zu t\u00f6ten, und nat\u00fcrlich ist ihre Bombe gro\u00dfartig. Sie sind an feindliche Landstreitkr\u00e4fte verschwendet; Lagern Sie sie stattdessen zusammen mit einer enormen Kraft anderer Flugzeuge, um die feindliche Luftverteidigung abzulenken, und verwenden Sie sie f\u00fcr einen chirurgischen Angriff auf eine ACU, ein Artilleriegesch\u00fctz oder eine Nuklearraketenabwehr.<\/p>\n\n\n\n<p>Die Raketenabwehr des strategischen Bombers Aeon ist fast v\u00f6llig nutzlos, da sie nur verhindert, dass eine der rund ein halbes Dutzend Raketen auf Ihren Gegner trifft. Im Gegenzug ist seine Bombe noch l\u00e4cherlicher - zwei Bomben werden den Commander t\u00f6ten.<\/p>\n\n\n\n<div class=\"wp-block-image\"><figure class=\"aligncenter size-large\"><a href=\"https:\/\/supcom.standardof.net\/de\/supreme-commander\/aon\/tech-3-aon-luft-einheiten\/shocker-strategic-bomber-supreme-commander-aeon-tech-3-air-units\/\"><img decoding=\"async\" width=\"800\" height=\"490\" src=\"https:\/\/supcom.standardof.net\/wp-content\/uploads\/sites\/8\/2020\/11\/SHOCKER-STRATEGIC-BOMBER-Supreme-Commander-Aeon-Tech-3-Air-Units-800x490.jpg\" alt=\"Der Shocker Strategic Bomber, Aeon Tech 3 Air Unit im Oberbefehlshaber.\" class=\"wp-image-1015\" srcset=\"https:\/\/supcom.standardof.net\/wp-content\/uploads\/sites\/8\/2020\/11\/SHOCKER-STRATEGIC-BOMBER-Supreme-Commander-Aeon-Tech-3-Air-Units-800x490.jpg 800w, https:\/\/supcom.standardof.net\/wp-content\/uploads\/sites\/8\/2020\/11\/SHOCKER-STRATEGIC-BOMBER-Supreme-Commander-Aeon-Tech-3-Air-Units-512x314.jpg 512w, https:\/\/supcom.standardof.net\/wp-content\/uploads\/sites\/8\/2020\/11\/SHOCKER-STRATEGIC-BOMBER-Supreme-Commander-Aeon-Tech-3-Air-Units-200x122.jpg 200w, https:\/\/supcom.standardof.net\/wp-content\/uploads\/sites\/8\/2020\/11\/SHOCKER-STRATEGIC-BOMBER-Supreme-Commander-Aeon-Tech-3-Air-Units-768x470.jpg 768w, https:\/\/supcom.standardof.net\/wp-content\/uploads\/sites\/8\/2020\/11\/SHOCKER-STRATEGIC-BOMBER-Supreme-Commander-Aeon-Tech-3-Air-Units-16x10.jpg 16w, https:\/\/supcom.standardof.net\/wp-content\/uploads\/sites\/8\/2020\/11\/SHOCKER-STRATEGIC-BOMBER-Supreme-Commander-Aeon-Tech-3-Air-Units.jpg 1254w\" sizes=\"(max-width: 800px) 100vw, 800px\" \/><\/a><figcaption>SCHOCKER - STRATEGISCHE BOMBER<\/figcaption><\/figure><\/div>\n\n\n\n<section class=\"wp-block-uagb-columns uagb-columns__wrap uagb-columns__background-undefined uagb-columns__stack-mobile uagb-columns__valign-undefined uagb-columns__gap-10 alignundefined uagb-block-bcdb257d\"><div class=\"uagb-columns__overlay\"><\/div><div class=\"uagb-columns__inner-wrap uagb-columns__columns-2\">\n<div class=\"wp-block-uagb-column uagb-column__wrap uagb-column__background-undefined uagb-block-5fe348d1\"><div class=\"uagb-column__overlay\"><\/div><div class=\"uagb-column__inner-wrap\">\n<h3 class=\"wp-block-heading\">Schockerstatistiken<\/h3>\n\n\n\n<p>R\u00fcstung: 135 PS (leicht)<br>F\u00e4higkeiten: Raketenabwehr - Taktisch<br>Kosten: M2160, E72000, T7200<br>Intel: Sicht: 32 (625 m)<br>Physik: <br>- H\u00f6chstgeschwindigkeit: 15 (293 m \/ s)<br>- H\u00f6he: 25 (488 m)<br>- Eingriffsentfernung: 50 (977 m)<br>Transportklasse: 3<br>Veterin\u00e4rmedizin: 30, 60, 150, 300, 600 Kills<br>- Veteranenstufe 2: +34 PS<br>- Veteranenstufe 4: +34 PS<br>- Veteranenstufe 5: Reparatur von 1 PS \/ s<\/p>\n<\/div><\/div>\n\n\n\n<div class=\"wp-block-uagb-column uagb-column__wrap uagb-column__background-undefined uagb-block-255e3bc8\"><div class=\"uagb-column__overlay\"><\/div><div class=\"uagb-column__inner-wrap\">\n<h3 class=\"wp-block-heading\">Schockerwaffen<\/h3>\n\n\n\n<p>Quarkbombe (Bombe):<br>1500,00 dps<br>Fl\u00e4che: 2,5 (48,8 m)<br>Reichweite: 8 (156 m)<br>Projektilwaffe: 7500 Schaden<br>Feuerrate: 0,2 (alle 5s)<br>Schuss Zuf\u00e4lligkeit: 3<br>Veteranenlevel 1: +1875 Schaden<br>Veteranenlevel 3: +1875 Schaden<\/p>\n\n\n\n<p>Will O Wisp Anti Missile (Verteidigung):<br>0,75 dps<br>Reichweite: 64 (1,25 km)<br>Projektilwaffe: 1 Schaden<br>Feuerrate: 0,75 (alle 1,33 s)<\/p>\n\n\n\n<p>Luftabsturz (Tod):<br>500 Schaden<br>Fl\u00e4che: 1 (19,5 m)<\/p>\n<\/div><\/div>\n<\/div><\/section>\n<\/div><\/div>\n<\/div><\/section>","protected":false},"excerpt":{"rendered":"<p>SEER &#8211; SPY PLANE The Aeon spy plane has an absolutely enormous sight range, making it able to see the enemy base almost in its entirety before being shot down by SAM sites. You can even fly around the edges to see their defenses without losing your spy plane. There&#8217;s no real reason to build [&hellip;]<\/p>","protected":false},"author":1,"featured_media":0,"parent":503,"menu_order":0,"comment_status":"open","ping_status":"closed","template":"","meta":{"_uag_custom_page_level_css":"","site-sidebar-layout":"default","site-content-layout":"default","ast-site-content-layout":"","site-content-style":"default","site-sidebar-style":"default","ast-global-header-display":"","ast-banner-title-visibility":"","ast-main-header-display":"","ast-hfb-above-header-display":"","ast-hfb-below-header-display":"","ast-hfb-mobile-header-display":"","site-post-title":"","ast-breadcrumbs-content":"","ast-featured-img":"","footer-sml-layout":"","theme-transparent-header-meta":"default","adv-header-id-meta":"","stick-header-meta":"","header-above-stick-meta":"","header-main-stick-meta":"","header-below-stick-meta":"","astra-migrate-meta-layouts":"default","ast-page-background-enabled":"default","ast-page-background-meta":{"desktop":{"background-color":"","background-image":"","background-repeat":"repeat","background-position":"center center","background-size":"auto","background-attachment":"scroll","background-type":"","background-media":"","overlay-type":"","overlay-color":"","overlay-gradient":""},"tablet":{"background-color":"","background-image":"","background-repeat":"repeat","background-position":"center center","background-size":"auto","background-attachment":"scroll","background-type":"","background-media":"","overlay-type":"","overlay-color":"","overlay-gradient":""},"mobile":{"background-color":"","background-image":"","background-repeat":"repeat","background-position":"center center","background-size":"auto","background-attachment":"scroll","background-type":"","background-media":"","overlay-type":"","overlay-color":"","overlay-gradient":""}},"ast-content-background-meta":{"desktop":{"background-color":"var(--ast-global-color-5)","background-image":"","background-repeat":"repeat","background-position":"center center","background-size":"auto","background-attachment":"scroll","background-type":"","background-media":"","overlay-type":"","overlay-color":"","overlay-gradient":""},"tablet":{"background-color":"var(--ast-global-color-5)","background-image":"","background-repeat":"repeat","background-position":"center center","background-size":"auto","background-attachment":"scroll","background-type":"","background-media":"","overlay-type":"","overlay-color":"","overlay-gradient":""},"mobile":{"background-color":"var(--ast-global-color-5)","background-image":"","background-repeat":"repeat","background-position":"center center","background-size":"auto","background-attachment":"scroll","background-type":"","background-media":"","overlay-type":"","overlay-color":"","overlay-gradient":""}},"footnotes":""},"uagb_featured_image_src":{"full":false,"thumbnail":false,"medium":false,"medium_large":false,"large":false,"1536x1536":false,"2048x2048":false,"trp-custom-language-flag":false},"uagb_author_info":{"display_name":"SOE","author_link":"https:\/\/supcom.standardof.net\/de\/author\/k-tastic\/"},"uagb_comment_info":0,"uagb_excerpt":"SEER &#8211; SPY PLANE The Aeon spy plane has an absolutely enormous sight range, making it able to see the enemy base almost in its entirety before being shot down by SAM sites. You can even fly around the edges to see their defenses without losing your spy plane. There&#8217;s no real reason to build&hellip;","_links":{"self":[{"href":"https:\/\/supcom.standardof.net\/de\/wp-json\/wp\/v2\/pages\/783"}],"collection":[{"href":"https:\/\/supcom.standardof.net\/de\/wp-json\/wp\/v2\/pages"}],"about":[{"href":"https:\/\/supcom.standardof.net\/de\/wp-json\/wp\/v2\/types\/page"}],"author":[{"embeddable":true,"href":"https:\/\/supcom.standardof.net\/de\/wp-json\/wp\/v2\/users\/1"}],"replies":[{"embeddable":true,"href":"https:\/\/supcom.standardof.net\/de\/wp-json\/wp\/v2\/comments?post=783"}],"version-history":[{"count":0,"href":"https:\/\/supcom.standardof.net\/de\/wp-json\/wp\/v2\/pages\/783\/revisions"}],"up":[{"embeddable":true,"href":"https:\/\/supcom.standardof.net\/de\/wp-json\/wp\/v2\/pages\/503"}],"wp:attachment":[{"href":"https:\/\/supcom.standardof.net\/de\/wp-json\/wp\/v2\/media?parent=783"}],"curies":[{"name":"wp","href":"https:\/\/api.w.org\/{rel}","templated":true}]}}