{"id":785,"date":"2020-11-03T19:38:32","date_gmt":"2020-11-04T00:38:32","guid":{"rendered":"https:\/\/supcom.standardof.net\/?page_id=785"},"modified":"2020-11-04T19:22:08","modified_gmt":"2020-11-05T00:22:08","slug":"tech-2-aeon-air-units","status":"publish","type":"page","link":"https:\/\/supcom.standardof.net\/de\/supreme-commander\/aon\/tech-2-aon-luft-einheiten\/","title":{"rendered":"Tech 2 - Aeon Air Units"},"content":{"rendered":"<div class=\"wp-block-uagb-table-of-contents uagb-toc__align-left uagb-toc__columns-1  uagb-block-d77138ce\"\n\t\t\t\t\tdata-scroll= \"1\"\n\t\t\t\t\tdata-offset= \"30\"\n\t\t\t\t\tstyle=\"\"\n\t\t\t\t>\n\t\t\t\t<div class=\"uagb-toc__wrap\">\n\t\t\t\t\t\t<div class=\"uagb-toc__title\">\n\t\t\t\t\t\t\tAeon Tech 2 Air Units:\t\t\t\t\t\t<\/div>\n\t\t\t\t\t\t\t\t\t\t\t\t\t\t\t\t<div class=\"uagb-toc__list-wrap\">\n\t\t\t\t\t\t<ol class=\"uagb-toc__list\"><li class=\"uagb-toc__list\"><a href=\"#mercy-guided-missile\" class=\"uagb-toc-link__trigger\">MERCY - GUIDED MISSILE<\/a><li class=\"uagb-toc__list\"><a href=\"#skimmer-torpedo-bomber\" class=\"uagb-toc-link__trigger\">SKIMMER - TORPEDO BOMBER<\/a><li class=\"uagb-toc__list\"><a href=\"#specter-gunship\" class=\"uagb-toc-link__trigger\">SPECTRE - GUNSHIP<\/a><li class=\"uagb-toc__list\"><a href=\"#aluminar-air-transport\" class=\"uagb-toc-link__trigger\">ALUMINAR - LUFTTRANSPORT<\/a><\/ol>\t\t\t\t\t<\/div>\n\t\t\t\t\t\t\t\t\t<\/div>\n\t\t\t\t<\/div>\n\t\t\t\n\n\n<section class=\"wp-block-uagb-columns uagb-columns__wrap uagb-columns__background-undefined uagb-columns__stack-mobile uagb-columns__valign-undefined uagb-columns__gap-10 alignundefined uagb-block-6d57fcbd\"><div class=\"uagb-columns__overlay\"><\/div><div class=\"uagb-columns__inner-wrap uagb-columns__columns-1\">\n<div class=\"wp-block-uagb-column uagb-column__wrap uagb-column__background-undefined uagb-block-2b9e1c75\"><div class=\"uagb-column__overlay\"><\/div><div class=\"uagb-column__inner-wrap\">\n<h2 class=\"wp-block-heading\"><strong>GNADE <\/strong>- LENKRAKETE<\/h2>\n\n\n\n<p>Die Barmherzigkeit ist genau das, was sie sagt: eine winzige Lenkwaffe. Es kann keinen Treibstoff aufladen, so dass Sie nur eine kurze Zeit haben, um es auf den feindlichen Kommandanten zu werfen, den es in vier Sch\u00fcssen t\u00f6ten wird. Sie sind schneller als ein Bomber und weitaus t\u00f6dlicher, aber verschwenden Sie sie nur f\u00fcr die wichtigsten Ziele. Um gegen Lenkwaffen zu k\u00e4mpfen, muss Ihr Gegner lange bevor er die Radarpunkte auf sich zukommen sieht, \u00fcber Luftverteidigung nachdenken.<\/p>\n\n\n\n<div class=\"wp-block-image\"><figure class=\"aligncenter size-large\"><a href=\"https:\/\/supcom.standardof.net\/de\/supreme-commander\/aon\/tech-2-aon-luft-einheiten\/mercy-guided-missile-supreme-commander-aeon-tech-2-air-units\/\"><img decoding=\"async\" width=\"800\" height=\"584\" src=\"https:\/\/supcom.standardof.net\/wp-content\/uploads\/sites\/8\/2020\/11\/MERCY-GUIDED-MISSILE-Supreme-Commander-Aeon-Tech-2-Air-Units-800x584.jpg\" alt=\"Die Mercy Guided Missile, Aeon Tech 2-Lufteinheit im Oberbefehlshaber.\" class=\"wp-image-1009\" srcset=\"https:\/\/supcom.standardof.net\/wp-content\/uploads\/sites\/8\/2020\/11\/MERCY-GUIDED-MISSILE-Supreme-Commander-Aeon-Tech-2-Air-Units-800x584.jpg 800w, https:\/\/supcom.standardof.net\/wp-content\/uploads\/sites\/8\/2020\/11\/MERCY-GUIDED-MISSILE-Supreme-Commander-Aeon-Tech-2-Air-Units-512x374.jpg 512w, https:\/\/supcom.standardof.net\/wp-content\/uploads\/sites\/8\/2020\/11\/MERCY-GUIDED-MISSILE-Supreme-Commander-Aeon-Tech-2-Air-Units-200x146.jpg 200w, https:\/\/supcom.standardof.net\/wp-content\/uploads\/sites\/8\/2020\/11\/MERCY-GUIDED-MISSILE-Supreme-Commander-Aeon-Tech-2-Air-Units-768x561.jpg 768w, https:\/\/supcom.standardof.net\/wp-content\/uploads\/sites\/8\/2020\/11\/MERCY-GUIDED-MISSILE-Supreme-Commander-Aeon-Tech-2-Air-Units-16x12.jpg 16w, https:\/\/supcom.standardof.net\/wp-content\/uploads\/sites\/8\/2020\/11\/MERCY-GUIDED-MISSILE-Supreme-Commander-Aeon-Tech-2-Air-Units.jpg 867w\" sizes=\"(max-width: 800px) 100vw, 800px\" \/><\/a><figcaption>MERCY - GUIDED MISSILE<\/figcaption><\/figure><\/div>\n\n\n\n<section class=\"wp-block-uagb-columns uagb-columns__wrap uagb-columns__background-undefined uagb-columns__stack-mobile uagb-columns__valign-undefined uagb-columns__gap-10 alignundefined uagb-block-3b751506\"><div class=\"uagb-columns__overlay\"><\/div><div class=\"uagb-columns__inner-wrap uagb-columns__columns-2\">\n<div class=\"wp-block-uagb-column uagb-column__wrap uagb-column__background-undefined uagb-block-3ae3062e\"><div class=\"uagb-column__overlay\"><\/div><div class=\"uagb-column__inner-wrap\">\n<h3 class=\"wp-block-heading\">Gnadenstatistik<\/h3>\n\n\n\n<p>R\u00fcstung: 10 PS (leicht)<br>Kosten: M300, E6000, T1000<br>Intel: Sicht: 26 (508 m)<br>Physik:<br>- H\u00f6chstgeschwindigkeit: 16 (313 m \/ s)<br>- H\u00f6he: 18 (352 m)<br>- Kraftstoffzeit: 2:00<br>- Drehgeschwindigkeit: 1.7<br>Transportklasse: 3<\/p>\n<\/div><\/div>\n\n\n\n<div class=\"wp-block-uagb-column uagb-column__wrap uagb-column__background-undefined uagb-block-bf1e5218\"><div class=\"uagb-column__overlay\"><\/div><div class=\"uagb-column__inner-wrap\">\n<h3 class=\"wp-block-heading\">Gnadenwaffen<\/h3>\n\n\n\n<p>Selbstmord (normal):<br>3000 Schaden<br>Fl\u00e4che: 3 (58,6 m)<\/p>\n\n\n\n<p>Luftabsturz (Tod):<br>25 Schaden<br>Fl\u00e4che: 1 (19,5 m)<\/p>\n<\/div><\/div>\n<\/div><\/section>\n<\/div><\/div>\n<\/div><\/section>\n\n\n\n<section class=\"wp-block-uagb-columns uagb-columns__wrap uagb-columns__background-undefined uagb-columns__stack-mobile uagb-columns__valign-undefined uagb-columns__gap-10 alignundefined uagb-block-351b0a23\"><div class=\"uagb-columns__overlay\"><\/div><div class=\"uagb-columns__inner-wrap uagb-columns__columns-1\">\n<div class=\"wp-block-uagb-column uagb-column__wrap uagb-column__background-undefined uagb-block-7c0cecd6\"><div class=\"uagb-column__overlay\"><\/div><div class=\"uagb-column__inner-wrap\">\n<h2 class=\"wp-block-heading\"><strong>SKIMMER <\/strong>- TORPEDO BOMBER<\/h2>\n\n\n\n<p>Torpedobomber sind so gut wie nutzlos. Aeon hat gro\u00dfe Seestreitkr\u00e4fte, daher sollten Sie diese wirklich nur brauchen, wenn Sie vergessen haben, eine Marine zu bauen, und U-Boote Sie daran hindern, im Wasser Fu\u00df zu fassen. Sie sind teuer und richten so viel Schaden an, dass es schwierig ist, sie beim ersten Durchgang auf gen\u00fcgend feindliche Schiffe zu zielen - da einige ihrer Sch\u00fcsse von Anti-Torpedos abgelenkt werden und sie selten \u00fcberleben, um einen zweiten Durchgang zu machen.<\/p>\n\n\n\n<div class=\"wp-block-image\"><figure class=\"aligncenter size-large\"><a href=\"https:\/\/supcom.standardof.net\/de\/supreme-commander\/aon\/tech-2-aon-luft-einheiten\/skimmer-torpedo-bomber-supreme-commander-aeon-tech-2-air-units\/\"><img decoding=\"async\" width=\"800\" height=\"494\" src=\"https:\/\/supcom.standardof.net\/wp-content\/uploads\/sites\/8\/2020\/11\/SKIMMER-TORPEDO-BOMBER-Supreme-Commander-Aeon-Tech-2-Air-Units-800x494.jpg\" alt=\"Der Skimmer Torpedobomber, Aeon Tech 2 Air Unit im Oberbefehlshaber.\" class=\"wp-image-1010\" srcset=\"https:\/\/supcom.standardof.net\/wp-content\/uploads\/sites\/8\/2020\/11\/SKIMMER-TORPEDO-BOMBER-Supreme-Commander-Aeon-Tech-2-Air-Units-800x494.jpg 800w, https:\/\/supcom.standardof.net\/wp-content\/uploads\/sites\/8\/2020\/11\/SKIMMER-TORPEDO-BOMBER-Supreme-Commander-Aeon-Tech-2-Air-Units-512x316.jpg 512w, https:\/\/supcom.standardof.net\/wp-content\/uploads\/sites\/8\/2020\/11\/SKIMMER-TORPEDO-BOMBER-Supreme-Commander-Aeon-Tech-2-Air-Units-200x124.jpg 200w, https:\/\/supcom.standardof.net\/wp-content\/uploads\/sites\/8\/2020\/11\/SKIMMER-TORPEDO-BOMBER-Supreme-Commander-Aeon-Tech-2-Air-Units-768x474.jpg 768w, https:\/\/supcom.standardof.net\/wp-content\/uploads\/sites\/8\/2020\/11\/SKIMMER-TORPEDO-BOMBER-Supreme-Commander-Aeon-Tech-2-Air-Units-16x10.jpg 16w, https:\/\/supcom.standardof.net\/wp-content\/uploads\/sites\/8\/2020\/11\/SKIMMER-TORPEDO-BOMBER-Supreme-Commander-Aeon-Tech-2-Air-Units.jpg 1263w\" sizes=\"(max-width: 800px) 100vw, 800px\" \/><\/a><figcaption>SKIMMER - TORPEDO BOMBER<\/figcaption><\/figure><\/div>\n\n\n\n<section class=\"wp-block-uagb-columns uagb-columns__wrap uagb-columns__background-undefined uagb-columns__stack-mobile uagb-columns__valign-undefined uagb-columns__gap-10 alignundefined uagb-block-c66a4b6d\"><div class=\"uagb-columns__overlay\"><\/div><div class=\"uagb-columns__inner-wrap uagb-columns__columns-2\">\n<div class=\"wp-block-uagb-column uagb-column__wrap uagb-column__background-undefined uagb-block-30f41284\"><div class=\"uagb-column__overlay\"><\/div><div class=\"uagb-column__inner-wrap\">\n<h3 class=\"wp-block-heading\">Skimmer Statistik<\/h3>\n\n\n\n<p>R\u00fcstung: 120 PS (leicht)<br>F\u00e4higkeiten: Sonar, Tiefenladung<br>Kosten: M600, E6000, T1000<br>Intel:<br>- Sicht: 32 (625 m)<br>- Sonar: 40 (781 m)<br>Physik:<br>- H\u00f6chstgeschwindigkeit: 15 (293 m \/ s)<br>- H\u00f6he: 18 (352 m)<br>- Eingriffsentfernung: 75 (1,46 km)<br>Transportklasse: 2<br>Veterin\u00e4rmedizin: 15, 30, 75, 150, 300 Kills<br>- Veteranenstufe 2: +30 PS<br>- Veteranenstufe 4: +30 PS<br>- Veteranenstufe 5: Reparatur von 1 PS \/ s<\/p>\n<\/div><\/div>\n\n\n\n<div class=\"wp-block-uagb-column uagb-column__wrap uagb-column__background-undefined uagb-block-b69aecaf\"><div class=\"uagb-column__overlay\"><\/div><div class=\"uagb-column__inner-wrap\">\n<h3 class=\"wp-block-heading\">Skimmerwaffen<\/h3>\n\n\n\n<p>Harmonische Tiefenladung (Anti Navy):<br>130,00 dps<br>Reichweite: 3 (58,6 m)<br>Projektilwaffe: 650 Schaden<br>Feuerrate: 0,2 (alle 5s)<br>Veteranenlevel 1: +163 Schaden<br>Veteranenlevel 3: +163 Schaden<\/p>\n\n\n\n<p>Luftabsturz (Tod):<br>150 Schaden<br>Fl\u00e4che: 1 (19,5 m)<\/p>\n<\/div><\/div>\n<\/div><\/section>\n<\/div><\/div>\n<\/div><\/section>\n\n\n\n<section class=\"wp-block-uagb-columns uagb-columns__wrap uagb-columns__background-undefined uagb-columns__stack-mobile uagb-columns__valign-undefined uagb-columns__gap-10 alignundefined uagb-block-3898dde5\"><div class=\"uagb-columns__overlay\"><\/div><div class=\"uagb-columns__inner-wrap uagb-columns__columns-1\">\n<div class=\"wp-block-uagb-column uagb-column__wrap uagb-column__background-undefined uagb-block-a7dec367\"><div class=\"uagb-column__overlay\"><\/div><div class=\"uagb-column__inner-wrap\">\n<h2 class=\"wp-block-heading\"><strong>GESPENST <\/strong>- GUNSHIP<\/h2>\n\n\n\n<p>Aeon-Kanonenschiffe sind sehr effektiv. Ihr Laser trifft nicht immer eine sich bewegende feindliche Einheit, aber ihre anst\u00e4ndige R\u00fcstung l\u00e4sst sie l\u00e4nger \u00fcberleben als Ihre Bomber, w\u00e4hrend sie punktgenaue Luftangriffe ausf\u00fchren. Verwenden Sie diese, um nicht verteidigte Massenextraktoren und Landstreitkr\u00e4fte oder andere Kanonenschiffe zu t\u00f6ten, oder lagern Sie einfach einen riesigen Fl\u00fcgel und t\u00f6ten Sie damit ihre ACU. Diese Jungs sind der Grund, Abfangj\u00e4ger zu bauen.<\/p>\n\n\n\n<div class=\"wp-block-image\"><figure class=\"aligncenter size-large\"><a href=\"https:\/\/supcom.standardof.net\/de\/supreme-commander\/aon\/tech-2-aon-luft-einheiten\/specter-gunship-supreme-commander-aeon-tech-2-air-units\/\"><img decoding=\"async\" width=\"800\" height=\"610\" src=\"https:\/\/supcom.standardof.net\/wp-content\/uploads\/sites\/8\/2020\/11\/SPECTER-GUNSHIP-Supreme-Commander-Aeon-Tech-2-Air-Units-800x610.jpg\" alt=\"Das Spectre Gunship, Aeon Tech 2 Air Unit im Oberbefehlshaber.\" class=\"wp-image-1011\" srcset=\"https:\/\/supcom.standardof.net\/wp-content\/uploads\/sites\/8\/2020\/11\/SPECTER-GUNSHIP-Supreme-Commander-Aeon-Tech-2-Air-Units-800x610.jpg 800w, https:\/\/supcom.standardof.net\/wp-content\/uploads\/sites\/8\/2020\/11\/SPECTER-GUNSHIP-Supreme-Commander-Aeon-Tech-2-Air-Units-512x390.jpg 512w, https:\/\/supcom.standardof.net\/wp-content\/uploads\/sites\/8\/2020\/11\/SPECTER-GUNSHIP-Supreme-Commander-Aeon-Tech-2-Air-Units-200x152.jpg 200w, https:\/\/supcom.standardof.net\/wp-content\/uploads\/sites\/8\/2020\/11\/SPECTER-GUNSHIP-Supreme-Commander-Aeon-Tech-2-Air-Units-768x585.jpg 768w, https:\/\/supcom.standardof.net\/wp-content\/uploads\/sites\/8\/2020\/11\/SPECTER-GUNSHIP-Supreme-Commander-Aeon-Tech-2-Air-Units-16x12.jpg 16w, https:\/\/supcom.standardof.net\/wp-content\/uploads\/sites\/8\/2020\/11\/SPECTER-GUNSHIP-Supreme-Commander-Aeon-Tech-2-Air-Units.jpg 972w\" sizes=\"(max-width: 800px) 100vw, 800px\" \/><\/a><figcaption>SPECTRE - GUNSHIP<\/figcaption><\/figure><\/div>\n\n\n\n<section class=\"wp-block-uagb-columns uagb-columns__wrap uagb-columns__background-undefined uagb-columns__stack-mobile uagb-columns__valign-undefined uagb-columns__gap-10 alignundefined uagb-block-7344f32d\"><div class=\"uagb-columns__overlay\"><\/div><div class=\"uagb-columns__inner-wrap uagb-columns__columns-2\">\n<div class=\"wp-block-uagb-column uagb-column__wrap uagb-column__background-undefined uagb-block-e2a3a5f8\"><div class=\"uagb-column__overlay\"><\/div><div class=\"uagb-column__inner-wrap\">\n<h3 class=\"wp-block-heading\">Spectre Stats<\/h3>\n\n\n\n<p>R\u00fcstung: 150 PS (leicht)<br>Kosten: M390, E7800, T1300<br>Intel: Sicht: 32 (625 m)<br>Physik:<br>- H\u00f6chstgeschwindigkeit: 12 (234 m \/ s)<br>- H\u00f6he: 10 (195 m)<br>Transportklasse: 2<br>Veterin\u00e4rmedizin: 15, 30, 75, 150, 300 Kills<br>- Veteranenstufe 2: +38 PS<br>- Veteranenstufe 4: +38 PS<br>- Veteranenstufe 5: Reparatur von 1 PS \/ s<\/p>\n<\/div><\/div>\n\n\n\n<div class=\"wp-block-uagb-column uagb-column__wrap uagb-column__background-undefined uagb-block-e039ff89\"><div class=\"uagb-column__overlay\"><\/div><div class=\"uagb-column__inner-wrap\">\n<h3 class=\"wp-block-heading\">Gespensterwaffen<\/h3>\n\n\n\n<p>Quad Light Laser (Direktfeuer):<br>60,00 dps<br>Reichweite: 22 (430 m)<br>Projektilwaffe:<br>12 Schaden x 4 Projektile = 48 Schaden pro Salve<br>Feuerrate: 1,25 (alle 0,8 s)<br>Veteranenlevel 1: +3 Schaden<br>Veteranenlevel 3: +3 Schaden<\/p>\n\n\n\n<p>Luftabsturz (Tod):<br>100 Schaden<br>Fl\u00e4che: 1 (19,5 m)<\/p>\n<\/div><\/div>\n<\/div><\/section>\n<\/div><\/div>\n<\/div><\/section>\n\n\n\n<section class=\"wp-block-uagb-columns uagb-columns__wrap uagb-columns__background-undefined uagb-columns__stack-mobile uagb-columns__valign-undefined uagb-columns__gap-10 alignundefined uagb-block-fc3deb0c\"><div class=\"uagb-columns__overlay\"><\/div><div class=\"uagb-columns__inner-wrap uagb-columns__columns-1\">\n<div class=\"wp-block-uagb-column uagb-column__wrap uagb-column__background-undefined uagb-block-99bea828\"><div class=\"uagb-column__overlay\"><\/div><div class=\"uagb-column__inner-wrap\">\n<h2 class=\"wp-block-heading\"><strong>ALUMINAR <\/strong>- LUFTTRANSPORT<\/h2>\n\n\n\n<p>W\u00e4hrend es sch\u00f6n ist, dass der Lufttransport sich selbst verteidigen kann, ist seine Hauptverteidigungsmethode seine \u201eschwere\u201c Panzerung, die es ihm erm\u00f6glicht, ein paar Sch\u00fcsse aus der Luftverteidigung zu machen und trotzdem seine Fracht fallen zu lassen. Sie tragen doppelt so viele Einheiten wie ein T1-Transport: 12 T1-Typen, 6 T2-Typen, 3 T3-Typen oder eine ACU \/ SCU. Wenn Ihr Kommandant transportiert wird, stirbt er nicht mit dem Lufttransport.<\/p>\n\n\n\n<div class=\"wp-block-image\"><figure class=\"aligncenter size-large\"><a href=\"https:\/\/supcom.standardof.net\/de\/supreme-commander\/aon\/tech-2-aon-luft-einheiten\/aluminar-air-transport-supreme-commander-aeon-tech-2-air-units\/\"><img decoding=\"async\" width=\"800\" height=\"562\" src=\"https:\/\/supcom.standardof.net\/wp-content\/uploads\/sites\/8\/2020\/11\/ALUMINAR-AIR-TRANSPORT-Supreme-Commander-Aeon-Tech-2-Air-Units-800x562.jpg\" alt=\"Der Aluminium-Lufttransport, Aeon Tech 2 Air Unit im Oberbefehlshaber.\" class=\"wp-image-1012\" srcset=\"https:\/\/supcom.standardof.net\/wp-content\/uploads\/sites\/8\/2020\/11\/ALUMINAR-AIR-TRANSPORT-Supreme-Commander-Aeon-Tech-2-Air-Units-800x562.jpg 800w, https:\/\/supcom.standardof.net\/wp-content\/uploads\/sites\/8\/2020\/11\/ALUMINAR-AIR-TRANSPORT-Supreme-Commander-Aeon-Tech-2-Air-Units-512x360.jpg 512w, https:\/\/supcom.standardof.net\/wp-content\/uploads\/sites\/8\/2020\/11\/ALUMINAR-AIR-TRANSPORT-Supreme-Commander-Aeon-Tech-2-Air-Units-200x140.jpg 200w, https:\/\/supcom.standardof.net\/wp-content\/uploads\/sites\/8\/2020\/11\/ALUMINAR-AIR-TRANSPORT-Supreme-Commander-Aeon-Tech-2-Air-Units-768x539.jpg 768w, https:\/\/supcom.standardof.net\/wp-content\/uploads\/sites\/8\/2020\/11\/ALUMINAR-AIR-TRANSPORT-Supreme-Commander-Aeon-Tech-2-Air-Units-16x12.jpg 16w, https:\/\/supcom.standardof.net\/wp-content\/uploads\/sites\/8\/2020\/11\/ALUMINAR-AIR-TRANSPORT-Supreme-Commander-Aeon-Tech-2-Air-Units.jpg 1209w\" sizes=\"(max-width: 800px) 100vw, 800px\" \/><\/a><figcaption>ALUMINAR - LUFTTRANSPORT<\/figcaption><\/figure><\/div>\n\n\n\n<section class=\"wp-block-uagb-columns uagb-columns__wrap uagb-columns__background-undefined uagb-columns__stack-mobile uagb-columns__valign-undefined uagb-columns__gap-10 alignundefined uagb-block-1c8edbb3\"><div class=\"uagb-columns__overlay\"><\/div><div class=\"uagb-columns__inner-wrap uagb-columns__columns-2\">\n<div class=\"wp-block-uagb-column uagb-column__wrap uagb-column__background-undefined uagb-block-58666bef\"><div class=\"uagb-column__overlay\"><\/div><div class=\"uagb-column__inner-wrap\">\n<h3 class=\"wp-block-heading\">Aluminium-Statistiken<\/h3>\n\n\n\n<p>R\u00fcstung: 210 PS (leicht)<br>F\u00e4higkeiten: T2 Transport: Tr\u00e4gt ACUs, T1-T3 Landeinheiten<br>Kosten: M320, E12800, T1600<br>Intel: Sicht: 32 (625 m)<br>Physik:<br>- H\u00f6chstgeschwindigkeit: 18 (352 m \/ s)<br>- H\u00f6he: 8 (156 m)<br>Transportklasse: 10,<br>- Gr\u00f6\u00dfe der Klasse 2: 2<br>- Gr\u00f6\u00dfe der Klasse 3: 4<br>Veterin\u00e4rmedizin: 15, 30, 75, 150, 300 Kills<br>- Veteranenstufe 2: +53 PS<br>- Veteranenlevel 4: +53 PS<br>- Veteranenstufe 5: Reparatur von 1 PS \/ s<\/p>\n<\/div><\/div>\n\n\n\n<div class=\"wp-block-uagb-column uagb-column__wrap uagb-column__background-undefined uagb-block-c3625354\"><div class=\"uagb-column__overlay\"><\/div><div class=\"uagb-column__inner-wrap\">\n<h3 class=\"wp-block-heading\">Aluminiumwaffen<\/h3>\n\n\n\n<p>4x Sonic Pulse Batterie (Anti Air):<br>4,00 dps<br>Reichweite: 20 (391 m)<br>Projektilwaffe:<br>3,92 Schaden x 3 Projektile = 11,76 Schaden pro Salve<br>Feuerrate: 0,34 (alle 2,94 s)<br>Veteranenlevel 1: +1 Schaden<br>Veteranenlevel 3: +1 Schaden<\/p>\n<\/div><\/div>\n<\/div><\/section>\n<\/div><\/div>\n<\/div><\/section>","protected":false},"excerpt":{"rendered":"<p>MERCY &#8211; GUIDED MISSILE The Mercy is exactly what it says: a tiny guided missile. It can&#8217;t recharge fuel, so you have only a short time to throw it at the enemy Commander, which it will kill in four shots. They&#8217;re faster than a bomber and far more deadly, but don&#8217;t waste them on anything [&hellip;]<\/p>","protected":false},"author":1,"featured_media":0,"parent":503,"menu_order":0,"comment_status":"open","ping_status":"closed","template":"","meta":{"_uag_custom_page_level_css":"","site-sidebar-layout":"default","site-content-layout":"default","ast-site-content-layout":"","site-content-style":"default","site-sidebar-style":"default","ast-global-header-display":"","ast-banner-title-visibility":"","ast-main-header-display":"","ast-hfb-above-header-display":"","ast-hfb-below-header-display":"","ast-hfb-mobile-header-display":"","site-post-title":"","ast-breadcrumbs-content":"","ast-featured-img":"","footer-sml-layout":"","theme-transparent-header-meta":"default","adv-header-id-meta":"","stick-header-meta":"","header-above-stick-meta":"","header-main-stick-meta":"","header-below-stick-meta":"","astra-migrate-meta-layouts":"default","ast-page-background-enabled":"default","ast-page-background-meta":{"desktop":{"background-color":"","background-image":"","background-repeat":"repeat","background-position":"center center","background-size":"auto","background-attachment":"scroll","background-type":"","background-media":"","overlay-type":"","overlay-color":"","overlay-gradient":""},"tablet":{"background-color":"","background-image":"","background-repeat":"repeat","background-position":"center center","background-size":"auto","background-attachment":"scroll","background-type":"","background-media":"","overlay-type":"","overlay-color":"","overlay-gradient":""},"mobile":{"background-color":"","background-image":"","background-repeat":"repeat","background-position":"center center","background-size":"auto","background-attachment":"scroll","background-type":"","background-media":"","overlay-type":"","overlay-color":"","overlay-gradient":""}},"ast-content-background-meta":{"desktop":{"background-color":"var(--ast-global-color-5)","background-image":"","background-repeat":"repeat","background-position":"center center","background-size":"auto","background-attachment":"scroll","background-type":"","background-media":"","overlay-type":"","overlay-color":"","overlay-gradient":""},"tablet":{"background-color":"var(--ast-global-color-5)","background-image":"","background-repeat":"repeat","background-position":"center center","background-size":"auto","background-attachment":"scroll","background-type":"","background-media":"","overlay-type":"","overlay-color":"","overlay-gradient":""},"mobile":{"background-color":"var(--ast-global-color-5)","background-image":"","background-repeat":"repeat","background-position":"center center","background-size":"auto","background-attachment":"scroll","background-type":"","background-media":"","overlay-type":"","overlay-color":"","overlay-gradient":""}},"footnotes":""},"uagb_featured_image_src":{"full":false,"thumbnail":false,"medium":false,"medium_large":false,"large":false,"1536x1536":false,"2048x2048":false,"trp-custom-language-flag":false},"uagb_author_info":{"display_name":"SOE","author_link":"https:\/\/supcom.standardof.net\/de\/author\/k-tastic\/"},"uagb_comment_info":0,"uagb_excerpt":"MERCY &#8211; GUIDED MISSILE The Mercy is exactly what it says: a tiny guided missile. It can&#8217;t recharge fuel, so you have only a short time to throw it at the enemy Commander, which it will kill in four shots. They&#8217;re faster than a bomber and far more deadly, but don&#8217;t waste them on anything&hellip;","_links":{"self":[{"href":"https:\/\/supcom.standardof.net\/de\/wp-json\/wp\/v2\/pages\/785"}],"collection":[{"href":"https:\/\/supcom.standardof.net\/de\/wp-json\/wp\/v2\/pages"}],"about":[{"href":"https:\/\/supcom.standardof.net\/de\/wp-json\/wp\/v2\/types\/page"}],"author":[{"embeddable":true,"href":"https:\/\/supcom.standardof.net\/de\/wp-json\/wp\/v2\/users\/1"}],"replies":[{"embeddable":true,"href":"https:\/\/supcom.standardof.net\/de\/wp-json\/wp\/v2\/comments?post=785"}],"version-history":[{"count":0,"href":"https:\/\/supcom.standardof.net\/de\/wp-json\/wp\/v2\/pages\/785\/revisions"}],"up":[{"embeddable":true,"href":"https:\/\/supcom.standardof.net\/de\/wp-json\/wp\/v2\/pages\/503"}],"wp:attachment":[{"href":"https:\/\/supcom.standardof.net\/de\/wp-json\/wp\/v2\/media?parent=785"}],"curies":[{"name":"wp","href":"https:\/\/api.w.org\/{rel}","templated":true}]}}