{"id":787,"date":"2020-11-03T21:32:41","date_gmt":"2020-11-04T02:32:41","guid":{"rendered":"https:\/\/supcom.standardof.net\/?page_id=787"},"modified":"2020-11-04T19:18:44","modified_gmt":"2020-11-05T00:18:44","slug":"tech-1-aeon-air-units","status":"publish","type":"page","link":"https:\/\/supcom.standardof.net\/de\/supreme-commander\/aon\/tech-1-aon-luft-einheiten\/","title":{"rendered":"Tech 1 - Aeon Air Units"},"content":{"rendered":"<div class=\"wp-block-uagb-table-of-contents uagb-toc__align-left uagb-toc__columns-1  uagb-block-789229fe\"\n\t\t\t\t\tdata-scroll= \"1\"\n\t\t\t\t\tdata-offset= \"30\"\n\t\t\t\t\tstyle=\"\"\n\t\t\t\t>\n\t\t\t\t<div class=\"uagb-toc__wrap\">\n\t\t\t\t\t\t<div class=\"uagb-toc__title\">\n\t\t\t\t\t\t\tAeon Tech 1 Air Units:\t\t\t\t\t\t<\/div>\n\t\t\t\t\t\t\t\t\t\t\t\t\t\t\t\t<div class=\"uagb-toc__list-wrap\">\n\t\t\t\t\t\t<ol class=\"uagb-toc__list\"><li class=\"uagb-toc__list\"><a href=\"#mirage-air-scout\" class=\"uagb-toc-link__trigger\">MIRAGE - AIR SCOUT<\/a><li class=\"uagb-toc__list\"><a href=\"#conservator-interceptor\" class=\"uagb-toc-link__trigger\">KONSERVATOR - INTERCEPTOR<\/a><li class=\"uagb-toc__list\"><a href=\"#shimmer-attack-bomber\" class=\"uagb-toc-link__trigger\">SHIMMER - ANGRIFFSBOMBER<\/a><li class=\"uagb-toc__list\"><a href=\"#chariot-light-air-transport\" class=\"uagb-toc-link__trigger\">CHARIOT - LICHTLUFTTRANSPORT<\/a><\/ol>\t\t\t\t\t<\/div>\n\t\t\t\t\t\t\t\t\t<\/div>\n\t\t\t\t<\/div>\n\t\t\t\n\n\n<section class=\"wp-block-uagb-columns uagb-columns__wrap uagb-columns__background-undefined uagb-columns__stack-mobile uagb-columns__valign-undefined uagb-columns__gap-10 alignundefined uagb-block-c2a412b8\"><div class=\"uagb-columns__overlay\"><\/div><div class=\"uagb-columns__inner-wrap uagb-columns__columns-1\">\n<div class=\"wp-block-uagb-column uagb-column__wrap uagb-column__background-undefined uagb-block-b527d383\"><div class=\"uagb-column__overlay\"><\/div><div class=\"uagb-column__inner-wrap\">\n<h2 class=\"wp-block-heading\"><strong>FATA MORGANA <\/strong>- Luftscout<\/h2>\n\n\n\n<p>Der Air Scout ist extrem kosteng\u00fcnstig und es ist diese Tugend, die ihn n\u00fctzlich macht. W\u00e4hrend ein Abfangj\u00e4ger oft weiter in eine feindliche Basis vordringt, k\u00f6nnen Sie mit einem einzelnen Luftscout in Ihrer Build-Warteschlange eine Reihe von Scouts lagern, die die Karte durchkreuzen k\u00f6nnen, um einen leicht verteidigten Weg hinein und genau 1 Masse pro Sekunde zu finden.<\/p>\n\n\n\n<div class=\"wp-block-image\"><figure class=\"aligncenter size-large\"><a href=\"https:\/\/supcom.standardof.net\/de\/supreme-commander\/aon\/tech-1-aon-luft-einheiten\/mirage-air-scout-supreme-commander-aeon-tech-1-air-units\/\"><img decoding=\"async\" width=\"800\" height=\"573\" src=\"https:\/\/supcom.standardof.net\/wp-content\/uploads\/sites\/8\/2020\/11\/MIRAGE-AIR-SCOUT-Supreme-Commander-Aeon-Tech-1-Air-Units-800x573.jpg\" alt=\"Der Mirage Air Scout, Aeon Tech 1 Lufteinheit im Oberbefehlshaber.\" class=\"wp-image-1003\" srcset=\"https:\/\/supcom.standardof.net\/wp-content\/uploads\/sites\/8\/2020\/11\/MIRAGE-AIR-SCOUT-Supreme-Commander-Aeon-Tech-1-Air-Units-800x573.jpg 800w, https:\/\/supcom.standardof.net\/wp-content\/uploads\/sites\/8\/2020\/11\/MIRAGE-AIR-SCOUT-Supreme-Commander-Aeon-Tech-1-Air-Units-512x367.jpg 512w, https:\/\/supcom.standardof.net\/wp-content\/uploads\/sites\/8\/2020\/11\/MIRAGE-AIR-SCOUT-Supreme-Commander-Aeon-Tech-1-Air-Units-200x143.jpg 200w, https:\/\/supcom.standardof.net\/wp-content\/uploads\/sites\/8\/2020\/11\/MIRAGE-AIR-SCOUT-Supreme-Commander-Aeon-Tech-1-Air-Units-768x550.jpg 768w, https:\/\/supcom.standardof.net\/wp-content\/uploads\/sites\/8\/2020\/11\/MIRAGE-AIR-SCOUT-Supreme-Commander-Aeon-Tech-1-Air-Units-16x12.jpg 16w, https:\/\/supcom.standardof.net\/wp-content\/uploads\/sites\/8\/2020\/11\/MIRAGE-AIR-SCOUT-Supreme-Commander-Aeon-Tech-1-Air-Units.jpg 834w\" sizes=\"(max-width: 800px) 100vw, 800px\" \/><\/a><figcaption>MIRAGE - AIR SCOUT<\/figcaption><\/figure><\/div>\n\n\n\n<section class=\"wp-block-uagb-columns uagb-columns__wrap uagb-columns__background-undefined uagb-columns__stack-mobile uagb-columns__valign-undefined uagb-columns__gap-10 alignundefined uagb-block-48b87f34\"><div class=\"uagb-columns__overlay\"><\/div><div class=\"uagb-columns__inner-wrap uagb-columns__columns-2\">\n<div class=\"wp-block-uagb-column uagb-column__wrap uagb-column__background-undefined uagb-block-46ed8a63\"><div class=\"uagb-column__overlay\"><\/div><div class=\"uagb-column__inner-wrap\">\n<h3 class=\"wp-block-heading\">Mirage Stats<\/h3>\n\n\n\n<p>R\u00fcstung: 3 PS (leicht)<br>Kosten: M16, E640, T160<br>Intel: Sicht: 70 (1,37 km)<br>Physik:<br>- H\u00f6chstgeschwindigkeit: 17 (332 m \/ s)<br>- Drehgeschwindigkeit: 100<br>- H\u00f6he: 20 (391 m)<br>Transportklasse: 1<br>- Veteranenstufe 2: +1 PS,<br>- Veteranenstufe 4: +1 PS,<br>- Veteranenstufe 5: Reparatur von 1 PS \/ s<\/p>\n<\/div><\/div>\n\n\n\n<div class=\"wp-block-uagb-column uagb-column__wrap uagb-column__background-undefined uagb-block-7b8d7bef\"><div class=\"uagb-column__overlay\"><\/div><div class=\"uagb-column__inner-wrap\">\n<h3 class=\"wp-block-heading\">Mirage-Waffen<\/h3>\n\n\n\n<p>Luftabsturz (Tod):<br>10 Schaden<br>Fl\u00e4che: 1 (19,5 m)<\/p>\n<\/div><\/div>\n<\/div><\/section>\n<\/div><\/div>\n<\/div><\/section>\n\n\n\n<section class=\"wp-block-uagb-columns uagb-columns__wrap uagb-columns__background-undefined uagb-columns__stack-mobile uagb-columns__valign-undefined uagb-columns__gap-10 alignundefined uagb-block-2f53e8f4\"><div class=\"uagb-columns__overlay\"><\/div><div class=\"uagb-columns__inner-wrap uagb-columns__columns-1\">\n<div class=\"wp-block-uagb-column uagb-column__wrap uagb-column__background-undefined uagb-block-9dbd4722\"><div class=\"uagb-column__overlay\"><\/div><div class=\"uagb-column__inner-wrap\">\n<h2 class=\"wp-block-heading\"><strong>KONSERVATOR <\/strong>- INTERCEPTOR<\/h2>\n\n\n\n<p>Abfangj\u00e4ger sind das A und O Ihrer Luftverteidigung. Sie sind schnell, effektiv und billig, was bedeutet, dass Sie Ingenieure so einstellen k\u00f6nnen, dass sie mehr bauen, ohne Ihre anderen Projekte anhalten zu m\u00fcssen. Ich empfehle, eine Air Factory einzurichten, um unendliche Abfangj\u00e4ger f\u00fcr das gesamte Spiel zu bauen.<\/p>\n\n\n\n<div class=\"wp-block-image\"><figure class=\"aligncenter size-large\"><a href=\"https:\/\/supcom.standardof.net\/de\/supreme-commander\/aon\/tech-1-aon-luft-einheiten\/conservator-interceptor-supreme-commander-aeon-tech-1-air-units\/\"><img decoding=\"async\" width=\"714\" height=\"429\" src=\"https:\/\/supcom.standardof.net\/wp-content\/uploads\/sites\/8\/2020\/11\/CONSERVATOR-INTERCEPTOR-Supreme-Commander-Aeon-Tech-1-Air-Units.jpg\" alt=\"Der Conservator Interceptor, Aeon Tech 1 Air Unit im Oberbefehlshaber.\" class=\"wp-image-1006\" srcset=\"https:\/\/supcom.standardof.net\/wp-content\/uploads\/sites\/8\/2020\/11\/CONSERVATOR-INTERCEPTOR-Supreme-Commander-Aeon-Tech-1-Air-Units.jpg 714w, https:\/\/supcom.standardof.net\/wp-content\/uploads\/sites\/8\/2020\/11\/CONSERVATOR-INTERCEPTOR-Supreme-Commander-Aeon-Tech-1-Air-Units-512x308.jpg 512w, https:\/\/supcom.standardof.net\/wp-content\/uploads\/sites\/8\/2020\/11\/CONSERVATOR-INTERCEPTOR-Supreme-Commander-Aeon-Tech-1-Air-Units-200x120.jpg 200w, https:\/\/supcom.standardof.net\/wp-content\/uploads\/sites\/8\/2020\/11\/CONSERVATOR-INTERCEPTOR-Supreme-Commander-Aeon-Tech-1-Air-Units-16x10.jpg 16w\" sizes=\"(max-width: 714px) 100vw, 714px\" \/><\/a><figcaption>KONSERVATOR - INTERCEPTOR<\/figcaption><\/figure><\/div>\n\n\n\n<section class=\"wp-block-uagb-columns uagb-columns__wrap uagb-columns__background-undefined uagb-columns__stack-mobile uagb-columns__valign-undefined uagb-columns__gap-10 alignundefined uagb-block-760ecc45\"><div class=\"uagb-columns__overlay\"><\/div><div class=\"uagb-columns__inner-wrap uagb-columns__columns-2\">\n<div class=\"wp-block-uagb-column uagb-column__wrap uagb-column__background-undefined uagb-block-c87a93cd\"><div class=\"uagb-column__overlay\"><\/div><div class=\"uagb-column__inner-wrap\">\n<h3 class=\"wp-block-heading\">Conservator Stats<\/h3>\n\n\n\n<p>R\u00fcstung: 18 PS (leicht)<br>Kosten: M38, E2280, T380<br>Intel: Sicht: 32 (625 m)<br>Physik:<br>- H\u00f6chstgeschwindigkeit: 19 (371 m \/ s)<br>- H\u00f6he: 18 (352 m)<br>- Eingriffsentfernung: 50 (977 m)<br>Transportklasse: 1<br>Veterancy: 5, 10, 25, 50, 100 Kills<br>- Veteranenstufe 2: +5 PS<br>- Veteranenstufe 4: +5 PS<br>- Veteranenstufe 5: Reparatur von 1 PS \/ s<\/p>\n<\/div><\/div>\n\n\n\n<div class=\"wp-block-uagb-column uagb-column__wrap uagb-column__background-undefined uagb-block-b88dded1\"><div class=\"uagb-column__overlay\"><\/div><div class=\"uagb-column__inner-wrap\">\n<h3 class=\"wp-block-heading\">Konservatorwaffen<\/h3>\n\n\n\n<p>2x Sonic Pulse Batterie (Anti Air):<br>10,20 dps<br>Reichweite: 20 (391 m)<br>Projektilwaffe:<br>4 Schaden x 3 Projektile = 12 Schaden pro Salve<br>Feuerrate: 0,85 (alle 1,18 s)<br>Veteranenlevel 1: +1 Schaden<br>Veteranenlevel 3: +1 Schaden<\/p>\n\n\n\n<p>Luftabsturz (Tod):<br>25 Schaden<br>Fl\u00e4che: 1 (19,5 m)<\/p>\n<\/div><\/div>\n<\/div><\/section>\n<\/div><\/div>\n<\/div><\/section>\n\n\n\n<section class=\"wp-block-uagb-columns uagb-columns__wrap uagb-columns__background-undefined uagb-columns__stack-mobile uagb-columns__valign-undefined uagb-columns__gap-10 alignundefined uagb-block-0c99dac8\"><div class=\"uagb-columns__overlay\"><\/div><div class=\"uagb-columns__inner-wrap uagb-columns__columns-1\">\n<div class=\"wp-block-uagb-column uagb-column__wrap uagb-column__background-undefined uagb-block-509135f2\"><div class=\"uagb-column__overlay\"><\/div><div class=\"uagb-column__inner-wrap\">\n<h2 class=\"wp-block-heading\"><strong>SCHIMMERN <\/strong>- BOMBER ANGRIFFEN<\/h2>\n\n\n\n<p>Der Aeon-Angriffsbomber ist im Vergleich zu den anderen glanzlos. Die Bombe hat einen guten Wirkungsbereich, wirft jedoch nur eine einzige Bombe ab, anstatt der Gruppe von Sch\u00fcssen, die die anderen Bomber abfeuern, wodurch es weniger wahrscheinlich ist, Landeinheiten zu treffen, und insgesamt weniger stark gegen gro\u00dfe Strukturen. Nat\u00fcrlich sind ein paar Bomber, die zur Bel\u00e4stigung feindlicher Truppen geschickt werden, ein gro\u00dfer K\u00f6der f\u00fcr feindliche Abfangj\u00e4ger oder k\u00f6nnen ihn sogar in Panik versetzen und zu viele Luftabwehreinheiten bauen - genau das, was Sie wollen, da Sie sich besser konzentrieren k\u00f6nnen Dinge.<\/p>\n\n\n\n<div class=\"wp-block-image\"><figure class=\"aligncenter size-large\"><a href=\"https:\/\/supcom.standardof.net\/de\/supreme-commander\/aon\/tech-1-aon-luft-einheiten\/shimmer-attack-bomber-supreme-commander-aeon-tech-1-air-units\/\"><img decoding=\"async\" width=\"800\" height=\"441\" src=\"https:\/\/supcom.standardof.net\/wp-content\/uploads\/sites\/8\/2020\/11\/SHIMMER-ATTACK-BOMBER-Supreme-Commander-Aeon-Tech-1-Air-Units-800x441.jpg\" alt=\"Der Shimmer Attack Bomber, Aeon Tech 1 Air Unit im Oberbefehlshaber.\" class=\"wp-image-1004\" srcset=\"https:\/\/supcom.standardof.net\/wp-content\/uploads\/sites\/8\/2020\/11\/SHIMMER-ATTACK-BOMBER-Supreme-Commander-Aeon-Tech-1-Air-Units-800x441.jpg 800w, https:\/\/supcom.standardof.net\/wp-content\/uploads\/sites\/8\/2020\/11\/SHIMMER-ATTACK-BOMBER-Supreme-Commander-Aeon-Tech-1-Air-Units-512x282.jpg 512w, https:\/\/supcom.standardof.net\/wp-content\/uploads\/sites\/8\/2020\/11\/SHIMMER-ATTACK-BOMBER-Supreme-Commander-Aeon-Tech-1-Air-Units-200x110.jpg 200w, https:\/\/supcom.standardof.net\/wp-content\/uploads\/sites\/8\/2020\/11\/SHIMMER-ATTACK-BOMBER-Supreme-Commander-Aeon-Tech-1-Air-Units-768x423.jpg 768w, https:\/\/supcom.standardof.net\/wp-content\/uploads\/sites\/8\/2020\/11\/SHIMMER-ATTACK-BOMBER-Supreme-Commander-Aeon-Tech-1-Air-Units-16x9.jpg 16w, https:\/\/supcom.standardof.net\/wp-content\/uploads\/sites\/8\/2020\/11\/SHIMMER-ATTACK-BOMBER-Supreme-Commander-Aeon-Tech-1-Air-Units.jpg 1257w\" sizes=\"(max-width: 800px) 100vw, 800px\" \/><\/a><figcaption>SHIMMER - ANGRIFFSBOMBER<\/figcaption><\/figure><\/div>\n\n\n\n<section class=\"wp-block-uagb-columns uagb-columns__wrap uagb-columns__background-undefined uagb-columns__stack-mobile uagb-columns__valign-undefined uagb-columns__gap-10 alignundefined uagb-block-961951a9\"><div class=\"uagb-columns__overlay\"><\/div><div class=\"uagb-columns__inner-wrap uagb-columns__columns-2\">\n<div class=\"wp-block-uagb-column uagb-column__wrap uagb-column__background-undefined uagb-block-44fd905b\"><div class=\"uagb-column__overlay\"><\/div><div class=\"uagb-column__inner-wrap\">\n<h3 class=\"wp-block-heading\">Schimmerstatistik<\/h3>\n\n\n\n<p>R\u00fcstung: 18 PS (leicht)<br>F\u00e4higkeiten: Bet\u00e4ubungsschuss: Verordnung Bet\u00e4ubt Feinde<br>Kosten: M144, E2880, T480<br>Intel: Sicht: 32 (625 m)<br>Physik:<br>- H\u00f6chstgeschwindigkeit: 12 (234 m \/ s)<br>- H\u00f6he: 18 (352 m)<br>- Eingriffsentfernung: 50 (977 m)<br>Transportklasse: 2<br>Veterancy: 5, 10, 25, 50, 100 Kills<br>- Veteranenstufe 2: +5 PS<br>- Veteranenstufe 4: +5 PS<br>- Veteranenstufe 5: Reparatur von 1 PS \/ s<\/p>\n<\/div><\/div>\n\n\n\n<div class=\"wp-block-uagb-column uagb-column__wrap uagb-column__background-undefined uagb-block-a2c67bf7\"><div class=\"uagb-column__overlay\"><\/div><div class=\"uagb-column__inner-wrap\">\n<h3 class=\"wp-block-heading\">Schimmernde Waffen<\/h3>\n\n\n\n<p>Gravitonenbombe (Bombe):<br>100,00 dps<br>Fl\u00e4che: 4 (78,1 m)<br>Reichweite: 2 (39,1 m)<br>Projektilwaffe: 200 Schaden<br>Feuerrate: 0,5 (alle 2s)<br>Veteranenlevel 1: +50 Schaden<br>Veteranenstufe 3: +50 Schaden<\/p>\n\n\n\n<p>Luftabsturz (Tod):<br>100 Schaden<br>Fl\u00e4che: 1 (19,5 m)<\/p>\n<\/div><\/div>\n<\/div><\/section>\n<\/div><\/div>\n<\/div><\/section>\n\n\n\n<section class=\"wp-block-uagb-columns uagb-columns__wrap uagb-columns__background-undefined uagb-columns__stack-mobile uagb-columns__valign-undefined uagb-columns__gap-10 alignundefined uagb-block-9f9f402b\"><div class=\"uagb-columns__overlay\"><\/div><div class=\"uagb-columns__inner-wrap uagb-columns__columns-1\">\n<div class=\"wp-block-uagb-column uagb-column__wrap uagb-column__background-undefined uagb-block-e203435a\"><div class=\"uagb-column__overlay\"><\/div><div class=\"uagb-column__inner-wrap\">\n<h2 class=\"wp-block-heading\"><strong>STREITWAGEN <\/strong>- LICHTLUFTTRANSPORT<\/h2>\n\n\n\n<p>Ein fr\u00fcher Lufttransport hat zwei Vorteile: Sie k\u00f6nnen Ihre Angriffsbots per Luftbr\u00fccke heben und ein fliegendes Kanonenschiff haben, um feindliche T1-Streitkr\u00e4fte zu t\u00f6ten, oder Sie k\u00f6nnen gef\u00e4hrlichere Tropfen von Einheiten oder Ingenieuren hinter feindlichen Linien machen. Verlassen Sie sich jedoch nicht darauf, dass sie \u00fcber einen Tropfen hinaus leben. Sie sind meistens dazu da, Angst in die Herzen Ihrer Feinde zu schlagen, anstatt den Sieg tats\u00e4chlich zu liefern. Es transportiert 6 T1-Einheiten, 3 T2-Einheiten oder 1 T3-Einheit.<\/p>\n\n\n\n<div class=\"wp-block-image\"><figure class=\"aligncenter size-large\"><a href=\"https:\/\/supcom.standardof.net\/de\/supreme-commander\/aon\/tech-1-aon-luft-einheiten\/chariot-light-air-transport-supreme-commander-aeon-tech-1-air-units\/\"><img decoding=\"async\" width=\"792\" height=\"522\" src=\"https:\/\/supcom.standardof.net\/wp-content\/uploads\/sites\/8\/2020\/11\/CHARIOT-LIGHT-AIR-TRANSPORT-Supreme-Commander-Aeon-Tech-1-Air-Units.jpg\" alt=\"Der Chariot Light Air Transport, Aeon Tech 1 Lufteinheit im Oberbefehlshaber.\" class=\"wp-image-1005\" srcset=\"https:\/\/supcom.standardof.net\/wp-content\/uploads\/sites\/8\/2020\/11\/CHARIOT-LIGHT-AIR-TRANSPORT-Supreme-Commander-Aeon-Tech-1-Air-Units.jpg 792w, https:\/\/supcom.standardof.net\/wp-content\/uploads\/sites\/8\/2020\/11\/CHARIOT-LIGHT-AIR-TRANSPORT-Supreme-Commander-Aeon-Tech-1-Air-Units-512x337.jpg 512w, https:\/\/supcom.standardof.net\/wp-content\/uploads\/sites\/8\/2020\/11\/CHARIOT-LIGHT-AIR-TRANSPORT-Supreme-Commander-Aeon-Tech-1-Air-Units-200x132.jpg 200w, https:\/\/supcom.standardof.net\/wp-content\/uploads\/sites\/8\/2020\/11\/CHARIOT-LIGHT-AIR-TRANSPORT-Supreme-Commander-Aeon-Tech-1-Air-Units-768x506.jpg 768w, https:\/\/supcom.standardof.net\/wp-content\/uploads\/sites\/8\/2020\/11\/CHARIOT-LIGHT-AIR-TRANSPORT-Supreme-Commander-Aeon-Tech-1-Air-Units-16x12.jpg 16w\" sizes=\"(max-width: 792px) 100vw, 792px\" \/><\/a><figcaption>CHARIOT - LICHTLUFTTRANSPORT<\/figcaption><\/figure><\/div>\n\n\n\n<section class=\"wp-block-uagb-columns uagb-columns__wrap uagb-columns__background-undefined uagb-columns__stack-mobile uagb-columns__valign-undefined uagb-columns__gap-10 alignundefined uagb-block-a091402f\"><div class=\"uagb-columns__overlay\"><\/div><div class=\"uagb-columns__inner-wrap uagb-columns__columns-2\">\n<div class=\"wp-block-uagb-column uagb-column__wrap uagb-column__background-undefined uagb-block-4f987371\"><div class=\"uagb-column__overlay\"><\/div><div class=\"uagb-column__inner-wrap\">\n<h3 class=\"wp-block-heading\">Chariot Stats<\/h3>\n\n\n\n<p>R\u00fcstung: 90 PS (leicht)<br>F\u00e4higkeiten: T1 Transport: Tr\u00e4gt T1-T3 Landeinheiten<br>Kosten: M120, E4800, T600<br>Intel: Sicht: 32 (625 m)<br>Physik:<br>H\u00f6chstgeschwindigkeit: 15 (293 m \/ s)<br>H\u00f6he: 8 (156 m)<br>Transportklasse: 10<br>Klasse 2 Anhang Gr\u00f6\u00dfe: 2<br>Klasse 3 Anhang Gr\u00f6\u00dfe: 4<br>Veteranenlevel 2: +23 PS<br>Veteranenlevel 4: +23 PS<br>Veteranenstufe 5: Reparatur von 1 PS \/ s<\/p>\n<\/div><\/div>\n\n\n\n<div class=\"wp-block-uagb-column uagb-column__wrap uagb-column__background-undefined uagb-block-aa97c7c2\"><div class=\"uagb-column__overlay\"><\/div><div class=\"uagb-column__inner-wrap\"><\/div><\/div>\n<\/div><\/section>\n<\/div><\/div>\n<\/div><\/section>","protected":false},"excerpt":{"rendered":"<p>MIRAGE &#8211; AIR SCOUT The Air Scout is extremely inexpensive, and it&#8217;s this virtue that makes it useful. While an interceptor will often get farther into an enemy base, a single air scout in your build queue will let you stockpile a set of scouts that can crisscross the map looking for a lightly defended [&hellip;]<\/p>","protected":false},"author":1,"featured_media":0,"parent":503,"menu_order":0,"comment_status":"open","ping_status":"closed","template":"","meta":{"_uag_custom_page_level_css":"","site-sidebar-layout":"default","site-content-layout":"default","ast-site-content-layout":"","site-content-style":"default","site-sidebar-style":"default","ast-global-header-display":"","ast-banner-title-visibility":"","ast-main-header-display":"","ast-hfb-above-header-display":"","ast-hfb-below-header-display":"","ast-hfb-mobile-header-display":"","site-post-title":"","ast-breadcrumbs-content":"","ast-featured-img":"","footer-sml-layout":"","theme-transparent-header-meta":"default","adv-header-id-meta":"","stick-header-meta":"","header-above-stick-meta":"","header-main-stick-meta":"","header-below-stick-meta":"","astra-migrate-meta-layouts":"default","ast-page-background-enabled":"default","ast-page-background-meta":{"desktop":{"background-color":"","background-image":"","background-repeat":"repeat","background-position":"center center","background-size":"auto","background-attachment":"scroll","background-type":"","background-media":"","overlay-type":"","overlay-color":"","overlay-gradient":""},"tablet":{"background-color":"","background-image":"","background-repeat":"repeat","background-position":"center center","background-size":"auto","background-attachment":"scroll","background-type":"","background-media":"","overlay-type":"","overlay-color":"","overlay-gradient":""},"mobile":{"background-color":"","background-image":"","background-repeat":"repeat","background-position":"center center","background-size":"auto","background-attachment":"scroll","background-type":"","background-media":"","overlay-type":"","overlay-color":"","overlay-gradient":""}},"ast-content-background-meta":{"desktop":{"background-color":"var(--ast-global-color-5)","background-image":"","background-repeat":"repeat","background-position":"center center","background-size":"auto","background-attachment":"scroll","background-type":"","background-media":"","overlay-type":"","overlay-color":"","overlay-gradient":""},"tablet":{"background-color":"var(--ast-global-color-5)","background-image":"","background-repeat":"repeat","background-position":"center center","background-size":"auto","background-attachment":"scroll","background-type":"","background-media":"","overlay-type":"","overlay-color":"","overlay-gradient":""},"mobile":{"background-color":"var(--ast-global-color-5)","background-image":"","background-repeat":"repeat","background-position":"center center","background-size":"auto","background-attachment":"scroll","background-type":"","background-media":"","overlay-type":"","overlay-color":"","overlay-gradient":""}},"footnotes":""},"uagb_featured_image_src":{"full":false,"thumbnail":false,"medium":false,"medium_large":false,"large":false,"1536x1536":false,"2048x2048":false,"trp-custom-language-flag":false},"uagb_author_info":{"display_name":"SOE","author_link":"https:\/\/supcom.standardof.net\/de\/author\/k-tastic\/"},"uagb_comment_info":0,"uagb_excerpt":"MIRAGE &#8211; AIR SCOUT The Air Scout is extremely inexpensive, and it&#8217;s this virtue that makes it useful. While an interceptor will often get farther into an enemy base, a single air scout in your build queue will let you stockpile a set of scouts that can crisscross the map looking for a lightly defended&hellip;","_links":{"self":[{"href":"https:\/\/supcom.standardof.net\/de\/wp-json\/wp\/v2\/pages\/787"}],"collection":[{"href":"https:\/\/supcom.standardof.net\/de\/wp-json\/wp\/v2\/pages"}],"about":[{"href":"https:\/\/supcom.standardof.net\/de\/wp-json\/wp\/v2\/types\/page"}],"author":[{"embeddable":true,"href":"https:\/\/supcom.standardof.net\/de\/wp-json\/wp\/v2\/users\/1"}],"replies":[{"embeddable":true,"href":"https:\/\/supcom.standardof.net\/de\/wp-json\/wp\/v2\/comments?post=787"}],"version-history":[{"count":0,"href":"https:\/\/supcom.standardof.net\/de\/wp-json\/wp\/v2\/pages\/787\/revisions"}],"up":[{"embeddable":true,"href":"https:\/\/supcom.standardof.net\/de\/wp-json\/wp\/v2\/pages\/503"}],"wp:attachment":[{"href":"https:\/\/supcom.standardof.net\/de\/wp-json\/wp\/v2\/media?parent=787"}],"curies":[{"name":"wp","href":"https:\/\/api.w.org\/{rel}","templated":true}]}}