{"id":790,"date":"2020-11-03T21:40:10","date_gmt":"2020-11-04T02:40:10","guid":{"rendered":"https:\/\/supcom.standardof.net\/?page_id=790"},"modified":"2020-11-04T18:15:46","modified_gmt":"2020-11-04T23:15:46","slug":"tech-3-aeon-land-units","status":"publish","type":"page","link":"https:\/\/supcom.standardof.net\/de\/supreme-commander\/aon\/tech-3-aon-landeinheiten\/","title":{"rendered":"Tech 3 - Aeon Landeinheiten"},"content":{"rendered":"<div class=\"wp-block-uagb-table-of-contents uagb-toc__align-left uagb-toc__columns-1  uagb-block-00104c79\"\n\t\t\t\t\tdata-scroll= \"1\"\n\t\t\t\t\tdata-offset= \"30\"\n\t\t\t\t\tstyle=\"\"\n\t\t\t\t>\n\t\t\t\t<div class=\"uagb-toc__wrap\">\n\t\t\t\t\t\t<div class=\"uagb-toc__title\">\n\t\t\t\t\t\t\tAeon Tech 3 Landeinheiten:\t\t\t\t\t\t<\/div>\n\t\t\t\t\t\t\t\t\t\t\t\t\t\t\t\t<div class=\"uagb-toc__list-wrap\">\n\t\t\t\t\t\t<ol class=\"uagb-toc__list\"><li class=\"uagb-toc__list\"><a href=\"#engineer-tech-3-constructor\" class=\"uagb-toc-link__trigger\">ENGINEER - TECH 3 CONSTRUCTOR<\/a><li class=\"uagb-toc__list\"><a href=\"#harbinger-siege-assault-bot\" class=\"uagb-toc-link__trigger\">HARBINGER - SIEGE ASSAULT BOT<\/a><li class=\"uagb-toc__list\"><a href=\"#serenity-mobile-heavy-artillery\" class=\"uagb-toc-link__trigger\">SERENITY - MOBILE SCHWERE ARTILLERIE<\/a><li class=\"uagb-toc__list\"><a href=\"#absolver-tech-3-shield-disruptor\" class=\"uagb-toc-link__trigger\">ABSOLVER - TECH 3 SHIELD DISRUPTOR<\/a><\/ol>\t\t\t\t\t<\/div>\n\t\t\t\t\t\t\t\t\t<\/div>\n\t\t\t\t<\/div>\n\t\t\t\n\n\n<section class=\"wp-block-uagb-columns uagb-columns__wrap uagb-columns__background-undefined uagb-columns__stack-mobile uagb-columns__valign-undefined uagb-columns__gap-10 alignundefined uagb-block-4ca7a1bb\"><div class=\"uagb-columns__overlay\"><\/div><div class=\"uagb-columns__inner-wrap uagb-columns__columns-1\">\n<div class=\"wp-block-uagb-column uagb-column__wrap uagb-column__background-undefined uagb-block-95a113b0\"><div class=\"uagb-column__overlay\"><\/div><div class=\"uagb-column__inner-wrap\">\n<h2 class=\"wp-block-heading\"><strong>INGENIEUR <\/strong>- TECH 3 CONSTRUCTOR<\/h2>\n\n\n\n<p>Der T3-Ingenieur taucht viel h\u00e4ufiger auf als die anderen Ingenieure. man sollte immer das erste sein, was aus der Fabrik kommt. Sie k\u00f6nnen Ihre Wirtschaft ankurbeln, Fabriken zu einem n\u00fctzlichen Preis unterst\u00fctzen und Sie ins Endspiel bringen. Es ist nie schlecht, zu viele Ingenieure zu haben. Wenn sie zum Aufbau von Verteidigungsanlagen oder zur Reparatur eines wichtigen Ziels eingesetzt werden, halten sie unter feindlichem Beschuss viel l\u00e4nger. Leider sind diese Jungs sehr langsam und ihr Opfer ist den Preis wirklich nicht wert.<\/p>\n\n\n\n<div class=\"wp-block-image\"><figure class=\"aligncenter size-large\"><a href=\"https:\/\/supcom.standardof.net\/de\/supreme-commander\/aon\/tech-3-aon-landeinheiten\/engineer-tech-3-constructor-supreme-commander-aeon-tech-2-land-units\/\"><img decoding=\"async\" width=\"800\" height=\"601\" src=\"https:\/\/supcom.standardof.net\/wp-content\/uploads\/sites\/8\/2020\/11\/ENGINEER-TECH-3-CONSTRUCTOR-Supreme-Commander-Aeon-Tech-2-Land-Units-800x601.jpg\" alt=\"Der T3-Ingenieur, Aeon Tech 3 Land Unit im Oberbefehlshaber.\" class=\"wp-image-998\" srcset=\"https:\/\/supcom.standardof.net\/wp-content\/uploads\/sites\/8\/2020\/11\/ENGINEER-TECH-3-CONSTRUCTOR-Supreme-Commander-Aeon-Tech-2-Land-Units-800x601.jpg 800w, https:\/\/supcom.standardof.net\/wp-content\/uploads\/sites\/8\/2020\/11\/ENGINEER-TECH-3-CONSTRUCTOR-Supreme-Commander-Aeon-Tech-2-Land-Units-512x385.jpg 512w, https:\/\/supcom.standardof.net\/wp-content\/uploads\/sites\/8\/2020\/11\/ENGINEER-TECH-3-CONSTRUCTOR-Supreme-Commander-Aeon-Tech-2-Land-Units-200x150.jpg 200w, https:\/\/supcom.standardof.net\/wp-content\/uploads\/sites\/8\/2020\/11\/ENGINEER-TECH-3-CONSTRUCTOR-Supreme-Commander-Aeon-Tech-2-Land-Units-768x577.jpg 768w, https:\/\/supcom.standardof.net\/wp-content\/uploads\/sites\/8\/2020\/11\/ENGINEER-TECH-3-CONSTRUCTOR-Supreme-Commander-Aeon-Tech-2-Land-Units-16x12.jpg 16w, https:\/\/supcom.standardof.net\/wp-content\/uploads\/sites\/8\/2020\/11\/ENGINEER-TECH-3-CONSTRUCTOR-Supreme-Commander-Aeon-Tech-2-Land-Units.jpg 990w\" sizes=\"(max-width: 800px) 100vw, 800px\" \/><\/a><figcaption>ENGINEER - TECH 3 CONSTRUCTOR<\/figcaption><\/figure><\/div>\n\n\n\n<section class=\"wp-block-uagb-columns uagb-columns__wrap uagb-columns__background-undefined uagb-columns__stack-mobile uagb-columns__valign-undefined uagb-columns__gap-10 alignundefined uagb-block-4c5601a5\"><div class=\"uagb-columns__overlay\"><\/div><div class=\"uagb-columns__inner-wrap uagb-columns__columns-2\">\n<div class=\"wp-block-uagb-column uagb-column__wrap uagb-column__background-undefined uagb-block-c6de7451\"><div class=\"uagb-column__overlay\"><\/div><div class=\"uagb-column__inner-wrap\">\n<h3 class=\"wp-block-heading\">T3 Engineer Stats<\/h3>\n\n\n\n<p>R\u00fcstung: 1050 PS<br>F\u00e4higkeiten: Engineering Suite, Schwebeflug, Opfer<br>Kosten: M448 (Speicher: 10), E3200 (Speicher: 100), T960<br>- Baurate: 15<br>Opfer M269 (60.0%)<br>Intel: Sicht: 26 (508 m)<br>Physik:<br>- H\u00f6chstgeschwindigkeit: 1,8 (35,2 m \/ s)<br>- Wendegeschwindigkeit: 70<br>Transportklasse: 3<br>- Veteranenstufe 2: +263 PS<br>- Veteranenlevel 4: +263 PS<br>- Veteranenstufe 5: Reparatur von 2 PS \/ s<\/p>\n<\/div><\/div>\n\n\n\n<div class=\"wp-block-uagb-column uagb-column__wrap uagb-column__background-undefined uagb-block-ac46cff4\"><div class=\"uagb-column__overlay\"><\/div><div class=\"uagb-column__inner-wrap\"><\/div><\/div>\n<\/div><\/section>\n<\/div><\/div>\n<\/div><\/section>\n\n\n\n<section class=\"wp-block-uagb-columns uagb-columns__wrap uagb-columns__background-undefined uagb-columns__stack-mobile uagb-columns__valign-undefined uagb-columns__gap-10 alignundefined uagb-block-9adeab8d\"><div class=\"uagb-columns__overlay\"><\/div><div class=\"uagb-columns__inner-wrap uagb-columns__columns-1\">\n<div class=\"wp-block-uagb-column uagb-column__wrap uagb-column__background-undefined uagb-block-a6fd3e81\"><div class=\"uagb-column__overlay\"><\/div><div class=\"uagb-column__inner-wrap\">\n<h2 class=\"wp-block-heading\"><strong>VORBOTE <\/strong>- SIEGE ASSAULT BOT<\/h2>\n\n\n\n<p>W\u00e4hrend der Laser des Vorboten erheblich schw\u00e4cher ist als die Belagerungsbots der UEF oder Cybran, machen seine Reparaturf\u00e4higkeit und seine erstaunliche Gesundheit dies mehr als wett. Vorboten k\u00f6nnen Ingenieuren helfen und tats\u00e4chlich etwas bewirken, w\u00e4hrend sie Ihre vordere Basis sch\u00fctzen. sie k\u00f6nnen sich gegenseitig reparieren, nachdem sich der Staub gelegt hat; Sie k\u00f6nnen das schwerste Stampfen \u00fcberleben und als Sieger gegen andere Belagerungsbots hervorgehen, besonders wenn Sie sie mit T2-Einheiten unterst\u00fctzen. Aeons fr\u00fche Landstreitkr\u00e4fte sind relativ schwach, versuchen Sie also, diese so schnell wie m\u00f6glich zu haben.<\/p>\n\n\n\n<div class=\"wp-block-image\"><figure class=\"aligncenter size-large\"><a href=\"https:\/\/supcom.standardof.net\/de\/supreme-commander\/aon\/tech-3-aon-landeinheiten\/harbinger-siege-assault-bot-supreme-commander-aeon-tech-2-land-units\/\"><img decoding=\"async\" width=\"800\" height=\"638\" src=\"https:\/\/supcom.standardof.net\/wp-content\/uploads\/sites\/8\/2020\/11\/HARBINGER-SIEGE-ASSAULT-BOT-Supreme-Commander-Aeon-Tech-2-Land-Units-800x638.jpg\" alt=\"Der Harbringer Siege Assault Bot, Aeon Tech 3 Landeinheit im Oberbefehlshaber.\" class=\"wp-image-999\" srcset=\"https:\/\/supcom.standardof.net\/wp-content\/uploads\/sites\/8\/2020\/11\/HARBINGER-SIEGE-ASSAULT-BOT-Supreme-Commander-Aeon-Tech-2-Land-Units-800x638.jpg 800w, https:\/\/supcom.standardof.net\/wp-content\/uploads\/sites\/8\/2020\/11\/HARBINGER-SIEGE-ASSAULT-BOT-Supreme-Commander-Aeon-Tech-2-Land-Units-512x409.jpg 512w, https:\/\/supcom.standardof.net\/wp-content\/uploads\/sites\/8\/2020\/11\/HARBINGER-SIEGE-ASSAULT-BOT-Supreme-Commander-Aeon-Tech-2-Land-Units-200x160.jpg 200w, https:\/\/supcom.standardof.net\/wp-content\/uploads\/sites\/8\/2020\/11\/HARBINGER-SIEGE-ASSAULT-BOT-Supreme-Commander-Aeon-Tech-2-Land-Units-768x613.jpg 768w, https:\/\/supcom.standardof.net\/wp-content\/uploads\/sites\/8\/2020\/11\/HARBINGER-SIEGE-ASSAULT-BOT-Supreme-Commander-Aeon-Tech-2-Land-Units-16x12.jpg 16w, https:\/\/supcom.standardof.net\/wp-content\/uploads\/sites\/8\/2020\/11\/HARBINGER-SIEGE-ASSAULT-BOT-Supreme-Commander-Aeon-Tech-2-Land-Units.jpg 846w\" sizes=\"(max-width: 800px) 100vw, 800px\" \/><\/a><figcaption>HARBINGER - SIEGE ASSAULT BOT<\/figcaption><\/figure><\/div>\n\n\n\n<section class=\"wp-block-uagb-columns uagb-columns__wrap uagb-columns__background-undefined uagb-columns__stack-mobile uagb-columns__valign-undefined uagb-columns__gap-10 alignundefined uagb-block-1944c477\"><div class=\"uagb-columns__overlay\"><\/div><div class=\"uagb-columns__inner-wrap uagb-columns__columns-2\">\n<div class=\"wp-block-uagb-column uagb-column__wrap uagb-column__background-undefined uagb-block-58ce0757\"><div class=\"uagb-column__overlay\"><\/div><div class=\"uagb-column__inner-wrap\">\n<h3 class=\"wp-block-heading\">Harbringer Statistik<\/h3>\n\n\n\n<p>R\u00fcstung: 5100 PS<br>F\u00e4higkeiten: Reparaturen, R\u00fcckforderungen<br>Kosten: M510, E3420, T1200<br>- Baurate: 3<br>Intel: Sichtweite: 25 (488 m)<br>Physik:<br>- H\u00f6chstgeschwindigkeit: 2,8 (54,7 m \/ s)<br>- Drehgeschwindigkeit: 146<br>Transportklasse: 3<br>Veterin\u00e4rmedizin: 30, 60, 150, 300, 600 Kills<br>- Veteranenstufe 2: +1275 PS<br>- Veteranenstufe 4: +1275 PS<br>- Veteranenstufe 5: Reparatur von 2 PS \/ s<\/p>\n<\/div><\/div>\n\n\n\n<div class=\"wp-block-uagb-column uagb-column__wrap uagb-column__background-undefined uagb-block-fe7bfe42\"><div class=\"uagb-column__overlay\"><\/div><div class=\"uagb-column__inner-wrap\">\n<h3 class=\"wp-block-heading\">Harbringer-Waffen<\/h3>\n\n\n\n<p>Hochintensit\u00e4tslaser (Direktfeuer):<br>88,46 dps<br>Reichweite: 25 (488 m)<br>Projektilwaffe: 115 Schaden<br>Feuerrate: 0,77 (alle 1,3 s)<br>Veteranenlevel 1: +29 Schaden<br>Veteranenstufe 3: +29 Schaden<\/p>\n<\/div><\/div>\n<\/div><\/section>\n<\/div><\/div>\n<\/div><\/section>\n\n\n\n<section class=\"wp-block-uagb-columns uagb-columns__wrap uagb-columns__background-undefined uagb-columns__stack-mobile uagb-columns__valign-undefined uagb-columns__gap-10 alignundefined uagb-block-b15a22d7\"><div class=\"uagb-columns__overlay\"><\/div><div class=\"uagb-columns__inner-wrap uagb-columns__columns-1\">\n<div class=\"wp-block-uagb-column uagb-column__wrap uagb-column__background-undefined uagb-block-6dc4ec14\"><div class=\"uagb-column__overlay\"><\/div><div class=\"uagb-column__inner-wrap\">\n<h2 class=\"wp-block-heading\"><strong>GELASSENHEIT <\/strong>- MOBILE SCHWERE ARTILLERIE<\/h2>\n\n\n\n<p>Die mobile schwere Artillerie von Aeon ist tats\u00e4chlich eine n\u00fctzliche Einheit. Es ist super teuer und relativ zerbrechlich, aber es kann feuern, w\u00e4hrend es sich bewegt, es verursacht eine Menge Schaden in einer Entfernung, die die T2-Punktabwehr (aber nicht die T2-Artillerie) \u00fcbertrifft, und der Feind wird sie nicht wirklich erwarten. Besch\u00fctze sie als Teil einer gr\u00f6\u00dferen Schlagkraft und sie k\u00f6nnen die Magie wirken, die ein Rudel Belagerungsbots nicht konnte.<\/p>\n\n\n\n<div class=\"wp-block-image\"><figure class=\"aligncenter size-large\"><a href=\"https:\/\/supcom.standardof.net\/de\/supreme-commander\/aon\/tech-3-aon-landeinheiten\/serenity-mobile-heavy-artillery-supreme-commander-aeon-tech-2-land-units\/\"><img decoding=\"async\" width=\"800\" height=\"566\" src=\"https:\/\/supcom.standardof.net\/wp-content\/uploads\/sites\/8\/2020\/11\/SERENITY-MOBILE-HEAVY-ARTILLERY-Supreme-Commander-Aeon-Tech-2-Land-Units-800x566.jpg\" alt=\"Die mobile schwere Artillerie Serenity, Aeon Tech 3 Land Unit im Oberbefehlshaber.\" class=\"wp-image-1000\" srcset=\"https:\/\/supcom.standardof.net\/wp-content\/uploads\/sites\/8\/2020\/11\/SERENITY-MOBILE-HEAVY-ARTILLERY-Supreme-Commander-Aeon-Tech-2-Land-Units-800x566.jpg 800w, https:\/\/supcom.standardof.net\/wp-content\/uploads\/sites\/8\/2020\/11\/SERENITY-MOBILE-HEAVY-ARTILLERY-Supreme-Commander-Aeon-Tech-2-Land-Units-512x362.jpg 512w, https:\/\/supcom.standardof.net\/wp-content\/uploads\/sites\/8\/2020\/11\/SERENITY-MOBILE-HEAVY-ARTILLERY-Supreme-Commander-Aeon-Tech-2-Land-Units-200x141.jpg 200w, https:\/\/supcom.standardof.net\/wp-content\/uploads\/sites\/8\/2020\/11\/SERENITY-MOBILE-HEAVY-ARTILLERY-Supreme-Commander-Aeon-Tech-2-Land-Units-768x543.jpg 768w, https:\/\/supcom.standardof.net\/wp-content\/uploads\/sites\/8\/2020\/11\/SERENITY-MOBILE-HEAVY-ARTILLERY-Supreme-Commander-Aeon-Tech-2-Land-Units-16x12.jpg 16w, https:\/\/supcom.standardof.net\/wp-content\/uploads\/sites\/8\/2020\/11\/SERENITY-MOBILE-HEAVY-ARTILLERY-Supreme-Commander-Aeon-Tech-2-Land-Units.jpg 891w\" sizes=\"(max-width: 800px) 100vw, 800px\" \/><\/a><figcaption>SERENITY - MOBILE SCHWERE ARTILLERIE<\/figcaption><\/figure><\/div>\n\n\n\n<section class=\"wp-block-uagb-columns uagb-columns__wrap uagb-columns__background-undefined uagb-columns__stack-mobile uagb-columns__valign-undefined uagb-columns__gap-10 alignundefined uagb-block-321f57e3\"><div class=\"uagb-columns__overlay\"><\/div><div class=\"uagb-columns__inner-wrap uagb-columns__columns-2\">\n<div class=\"wp-block-uagb-column uagb-column__wrap uagb-column__background-undefined uagb-block-7b3a8ffc\"><div class=\"uagb-column__overlay\"><\/div><div class=\"uagb-column__inner-wrap\">\n<h3 class=\"wp-block-heading\">Gelassenheitsstatistik<\/h3>\n\n\n\n<p>R\u00fcstung: 900 PS<br>Kosten: M800, E8000, T2400<br>Intel: Sicht: 26 (508 m)<br>Physik:<br>- H\u00f6chstgeschwindigkeit: 2,5 (48,8 m \/ s)<br>- Wendegeschwindigkeit: 20<br>Transportklasse: 3<br>Veterin\u00e4rmedizin: 30, 60, 150, 300, 600 Kills<br>- Veteranenstufe 2: +225 PS<br>- Veteranenstufe 4: +225 PS<br>- Veteranenstufe 5: Reparatur von 2 PS \/ s<\/p>\n<\/div><\/div>\n\n\n\n<div class=\"wp-block-uagb-column uagb-column__wrap uagb-column__background-undefined uagb-block-9911a4c2\"><div class=\"uagb-column__overlay\"><\/div><div class=\"uagb-column__inner-wrap\">\n<h3 class=\"wp-block-heading\">Gelassenheitswaffen<\/h3>\n\n\n\n<p>Sonance Artillerie (Artillerie):<br>140,25 dps<br>Fl\u00e4che: 2,5 (48,8 m)<br>Reichweite: 25 (488 m) - 70 (1,37 km)<br>Projektilwaffe: 2805 (15 mal 187 Schaden \u00fcber 5 Sekunden) Schaden<br>Feuerrate: 0,05 (alle 20 s)<br>Veteranenlevel 1: +47 Schaden<br>Veteranenlevel 3: +47 Schaden<\/p>\n<\/div><\/div>\n<\/div><\/section>\n<\/div><\/div>\n<\/div><\/section>\n\n\n\n<section class=\"wp-block-uagb-columns uagb-columns__wrap uagb-columns__background-undefined uagb-columns__stack-mobile uagb-columns__valign-undefined uagb-columns__gap-10 alignundefined uagb-block-5fcda5f2\"><div class=\"uagb-columns__overlay\"><\/div><div class=\"uagb-columns__inner-wrap uagb-columns__columns-1\">\n<div class=\"wp-block-uagb-column uagb-column__wrap uagb-column__background-undefined uagb-block-61e2e43f\"><div class=\"uagb-column__overlay\"><\/div><div class=\"uagb-column__inner-wrap\">\n<h2 class=\"wp-block-heading\"><strong>ABSOLVER <\/strong>- TECH 3 SHIELD DISRUPTOR<\/h2>\n\n\n\n<p>Der Absolver ist eine Spezialeinheit, die in einem der sp\u00e4teren Patches von Supreme Commander hinzugef\u00fcgt wurde. <em>Details zu diesem Ger\u00e4t sind im Originalhandbuch nicht vorhanden, wir werden sie jedoch bald wieder ausf\u00fcllen.<\/em><\/p>\n\n\n\n<div class=\"wp-block-image\"><figure class=\"aligncenter size-large\"><img decoding=\"async\" width=\"800\" height=\"576\" src=\"https:\/\/supcom.standardof.net\/wp-content\/uploads\/sites\/8\/2020\/11\/ABSOLVER-TECH-3-SHIELD-DISRUPTOR-Supreme-Commander-Aeon-Tech-2-Land-Units-800x576.jpg\" alt=\"Der Absolver T3 Shield Disruptor, Aeon Tech 3 Landeinheit im Supreme Commander.\" class=\"wp-image-997\" srcset=\"https:\/\/supcom.standardof.net\/wp-content\/uploads\/sites\/8\/2020\/11\/ABSOLVER-TECH-3-SHIELD-DISRUPTOR-Supreme-Commander-Aeon-Tech-2-Land-Units-800x576.jpg 800w, https:\/\/supcom.standardof.net\/wp-content\/uploads\/sites\/8\/2020\/11\/ABSOLVER-TECH-3-SHIELD-DISRUPTOR-Supreme-Commander-Aeon-Tech-2-Land-Units-512x368.jpg 512w, https:\/\/supcom.standardof.net\/wp-content\/uploads\/sites\/8\/2020\/11\/ABSOLVER-TECH-3-SHIELD-DISRUPTOR-Supreme-Commander-Aeon-Tech-2-Land-Units-200x144.jpg 200w, https:\/\/supcom.standardof.net\/wp-content\/uploads\/sites\/8\/2020\/11\/ABSOLVER-TECH-3-SHIELD-DISRUPTOR-Supreme-Commander-Aeon-Tech-2-Land-Units-768x553.jpg 768w, https:\/\/supcom.standardof.net\/wp-content\/uploads\/sites\/8\/2020\/11\/ABSOLVER-TECH-3-SHIELD-DISRUPTOR-Supreme-Commander-Aeon-Tech-2-Land-Units-16x12.jpg 16w, https:\/\/supcom.standardof.net\/wp-content\/uploads\/sites\/8\/2020\/11\/ABSOLVER-TECH-3-SHIELD-DISRUPTOR-Supreme-Commander-Aeon-Tech-2-Land-Units.jpg 813w\" sizes=\"(max-width: 800px) 100vw, 800px\" \/><figcaption>ABSOLVER - TECH 3 SHIELD DISRUPTOR<\/figcaption><\/figure><\/div>\n\n\n\n<section class=\"wp-block-uagb-columns uagb-columns__wrap uagb-columns__background-undefined uagb-columns__stack-mobile uagb-columns__valign-undefined uagb-columns__gap-10 alignundefined uagb-block-ad755a5f\"><div class=\"uagb-columns__overlay\"><\/div><div class=\"uagb-columns__inner-wrap uagb-columns__columns-2\">\n<div class=\"wp-block-uagb-column uagb-column__wrap uagb-column__background-undefined uagb-block-e6f25018\"><div class=\"uagb-column__overlay\"><\/div><div class=\"uagb-column__inner-wrap\">\n<h3 class=\"wp-block-heading\">Absolute Statistik<\/h3>\n\n\n\n<p><em>Details folgen in K\u00fcrze.<\/em><\/p>\n<\/div><\/div>\n\n\n\n<div class=\"wp-block-uagb-column uagb-column__wrap uagb-column__background-undefined uagb-block-8a3068bd\"><div class=\"uagb-column__overlay\"><\/div><div class=\"uagb-column__inner-wrap\">\n<h3 class=\"wp-block-heading\">Absolute Waffen<\/h3>\n\n\n\n<p><em>Details folgen in K\u00fcrze.<\/em><\/p>\n<\/div><\/div>\n<\/div><\/section>\n<\/div><\/div>\n<\/div><\/section>","protected":false},"excerpt":{"rendered":"<p>ENGINEER &#8211; TECH 3 CONSTRUCTOR The T3 Engineer shows up much more frequently than the other engineers; one should always be the first thing out of your factory. They can jumpstart your economy, assist factories at a useful rate, and get you into the endgame. It&#8217;s never bad to have too many engineers. Plus, if [&hellip;]<\/p>","protected":false},"author":1,"featured_media":0,"parent":503,"menu_order":0,"comment_status":"open","ping_status":"closed","template":"","meta":{"_uag_custom_page_level_css":"","site-sidebar-layout":"default","site-content-layout":"default","ast-site-content-layout":"","site-content-style":"default","site-sidebar-style":"default","ast-global-header-display":"","ast-banner-title-visibility":"","ast-main-header-display":"","ast-hfb-above-header-display":"","ast-hfb-below-header-display":"","ast-hfb-mobile-header-display":"","site-post-title":"","ast-breadcrumbs-content":"","ast-featured-img":"","footer-sml-layout":"","theme-transparent-header-meta":"default","adv-header-id-meta":"","stick-header-meta":"","header-above-stick-meta":"","header-main-stick-meta":"","header-below-stick-meta":"","astra-migrate-meta-layouts":"default","ast-page-background-enabled":"default","ast-page-background-meta":{"desktop":{"background-color":"","background-image":"","background-repeat":"repeat","background-position":"center center","background-size":"auto","background-attachment":"scroll","background-type":"","background-media":"","overlay-type":"","overlay-color":"","overlay-gradient":""},"tablet":{"background-color":"","background-image":"","background-repeat":"repeat","background-position":"center center","background-size":"auto","background-attachment":"scroll","background-type":"","background-media":"","overlay-type":"","overlay-color":"","overlay-gradient":""},"mobile":{"background-color":"","background-image":"","background-repeat":"repeat","background-position":"center center","background-size":"auto","background-attachment":"scroll","background-type":"","background-media":"","overlay-type":"","overlay-color":"","overlay-gradient":""}},"ast-content-background-meta":{"desktop":{"background-color":"var(--ast-global-color-5)","background-image":"","background-repeat":"repeat","background-position":"center center","background-size":"auto","background-attachment":"scroll","background-type":"","background-media":"","overlay-type":"","overlay-color":"","overlay-gradient":""},"tablet":{"background-color":"var(--ast-global-color-5)","background-image":"","background-repeat":"repeat","background-position":"center center","background-size":"auto","background-attachment":"scroll","background-type":"","background-media":"","overlay-type":"","overlay-color":"","overlay-gradient":""},"mobile":{"background-color":"var(--ast-global-color-5)","background-image":"","background-repeat":"repeat","background-position":"center center","background-size":"auto","background-attachment":"scroll","background-type":"","background-media":"","overlay-type":"","overlay-color":"","overlay-gradient":""}},"footnotes":""},"uagb_featured_image_src":{"full":false,"thumbnail":false,"medium":false,"medium_large":false,"large":false,"1536x1536":false,"2048x2048":false,"trp-custom-language-flag":false},"uagb_author_info":{"display_name":"SOE","author_link":"https:\/\/supcom.standardof.net\/de\/author\/k-tastic\/"},"uagb_comment_info":0,"uagb_excerpt":"ENGINEER &#8211; TECH 3 CONSTRUCTOR The T3 Engineer shows up much more frequently than the other engineers; one should always be the first thing out of your factory. They can jumpstart your economy, assist factories at a useful rate, and get you into the endgame. It&#8217;s never bad to have too many engineers. Plus, if&hellip;","_links":{"self":[{"href":"https:\/\/supcom.standardof.net\/de\/wp-json\/wp\/v2\/pages\/790"}],"collection":[{"href":"https:\/\/supcom.standardof.net\/de\/wp-json\/wp\/v2\/pages"}],"about":[{"href":"https:\/\/supcom.standardof.net\/de\/wp-json\/wp\/v2\/types\/page"}],"author":[{"embeddable":true,"href":"https:\/\/supcom.standardof.net\/de\/wp-json\/wp\/v2\/users\/1"}],"replies":[{"embeddable":true,"href":"https:\/\/supcom.standardof.net\/de\/wp-json\/wp\/v2\/comments?post=790"}],"version-history":[{"count":0,"href":"https:\/\/supcom.standardof.net\/de\/wp-json\/wp\/v2\/pages\/790\/revisions"}],"up":[{"embeddable":true,"href":"https:\/\/supcom.standardof.net\/de\/wp-json\/wp\/v2\/pages\/503"}],"wp:attachment":[{"href":"https:\/\/supcom.standardof.net\/de\/wp-json\/wp\/v2\/media?parent=790"}],"curies":[{"name":"wp","href":"https:\/\/api.w.org\/{rel}","templated":true}]}}